{"id":422,"date":"2023-01-31T08:56:25","date_gmt":"2023-01-31T08:56:25","guid":{"rendered":"https:\/\/chemswell.com\/gbl\/?page_id=422"},"modified":"2024-06-07T10:20:31","modified_gmt":"2024-06-07T10:20:31","slug":"ko-kapky","status":"publish","type":"page","link":"https:\/\/gblexpress.com\/cs\/ko-kapky\/","title":{"rendered":"Kupte si KO Drops online"},"content":{"rendered":"<section class=\"wpb_row vc_row-fluid vc_custom_1675150671160\"><div class=\"container\"><div class=\"row\"><div class=\"wpb_column vc_column_container vc_col-sm-12\"><div class=\"vc_column-inner\"><div class=\"wpb_wrapper\"  >\n\t<div class=\"wpb_text_column wpb_content_element\" >\n\t\t<div class=\"wpb_wrapper\">\n\t\t\t<h2 style=\"text-align: center; font-size: 30px;\">NAKUPUJTE KO POTS ONLINE<\/h2>\n<h3 style=\"text-align: center;\">Kupte si 100% \u010dist\u00e9 kapky KO online na GBLExpress<\/h3>\n<p style=\"text-align: center; font-size: 19px;\">KO Drops je \u00fa\u010dinn\u00fd a cenov\u011b dostupn\u00fd zp\u016fsob, jak zlep\u0161it sv\u00e9 zdrav\u00ed. \u0158\u00edk\u00e1 se jim KO kapky, proto\u017ee funguj\u00ed tak, \u017ee rozpou\u0161t\u011bj\u00ed v\u00e1pn\u00edk, kter\u00fd blokuje va\u0161e tepny. Pou\u017e\u00edv\u00e1n\u00edm knockout kapek ke sp\u00e1nku m\u016f\u017eete zlep\u0161it sv\u016fj krevn\u00ed ob\u011bh a celkov\u00e9 zdrav\u00ed. Pou\u017e\u00edv\u00e1n\u00ed KO Drops m\u00e1 mnoho v\u00fdhod, tak\u017ee je d\u016fle\u017eit\u00e9 je kupovat ze spolehliv\u00e9ho zdroje, jako je GBL Express. N\u00e1\u0161 internetov\u00fd obchod v\u00e1m pom\u016f\u017ee objednat knockout kapky online za nejlep\u0161\u00ed ceny. S podporou na\u0161eho obchodu se nemus\u00edte starat o to, kde jste <a href=\"https:\/\/gblexpress.com\/cs\/ko-kapky\/\"><strong>Koupit Knockout Drops<\/strong><\/a> um\u011bt.<\/p>\n\n\t\t<\/div>\n\t<\/div>\n<div class=\"vc_btn3-container vc_btn3-center\" ><a class=\"vc_general vc_btn3 vc_btn3-size-md vc_btn3-shape-square vc_btn3-style-modern vc_btn3-color-black\" href=\"https:\/\/gblexpress.com\/cs\/obchod\/ko-kapky-kupovat-online\/\" title=\"\">Koupit nyn\u00ed<\/a><\/div><\/div><\/div><\/div><\/div><\/div><\/section><section class=\"wpb_row vc_row-fluid vc_custom_1675104750211\"><div class=\"container\"><div class=\"row\"><div class=\"wpb_column vc_column_container vc_col-sm-6\"><div class=\"vc_column-inner\"><div class=\"wpb_wrapper\"  >\n\t<div class=\"wpb_text_column wpb_content_element\" >\n\t\t<div class=\"wpb_wrapper\">\n\t\t\t<h2 style=\"text-align: justify;\">Kupte si KO kapky online bez p\u0159edpisu<\/h2>\n<p style=\"text-align: justify;\">Knockout Drops jsou st\u00e1le obl\u00edben\u011bj\u0161\u00edm produktem, kter\u00fd lze pou\u017e\u00edt pro r\u016fzn\u00e9 \u00fa\u010dely. Tyto siln\u00e9 kapky v\u00e1m pomohou uvolnit se, l\u00e9pe sp\u00e1t a dokonce sn\u00ed\u017eit stres a \u00fazkost. Kde ale koupit KO kapky online bez p\u0159edpisu? Odpov\u011b\u010f je GBL Express. U GBL Express si m\u016f\u017eete koupit Knockout Drops online rychle a bezpe\u010dn\u011b.<\/p>\n<h2 style=\"text-align: justify;\">Pou\u017eit\u00ed a \u00fa\u010dinnost knockout drop\u016f<\/h2>\n<p style=\"text-align: justify;\">Sp\u00e1nek je z\u00e1sadn\u00ed pro celkovou pohodu a n\u011bkdy m\u016f\u017ee b\u00fdt t\u011b\u017ek\u00e9 se do n\u011bj dostat. Na\u0161t\u011bst\u00ed existuje cel\u00e1 \u0159ada mo\u017enost\u00ed, kter\u00e9 v\u00e1m pomohou z\u00edskat pot\u0159ebn\u00fd sp\u00e1nek. Jednou z takov\u00fdch mo\u017enost\u00ed jsou Knockout Drops \u2013 podporuj\u00ed sp\u00e1nek blokov\u00e1n\u00edm ur\u010dit\u00fdch hormon\u016f, o kter\u00fdch je zn\u00e1mo, \u017ee zp\u016fsobuj\u00ed nespavost. Knockout Drops lze zakoupit online mnoha zp\u016fsoby. KO kapky si m\u016f\u017eete koupit online jako jednotliv\u00e9 kapky nebo v balen\u00ed po \u0161esti a v\u00edce kapk\u00e1ch. Krom\u011b toho m\u016f\u017eete Knockout Drops naj\u00edt v mnoha obchodech a l\u00e9k\u00e1rn\u00e1ch.<\/p>\n\n\t\t<\/div>\n\t<\/div>\n\t\t\t\n\t<!-- Element: OT Button --> \n\t\t\t<a href=\"https:\/\/gblexpress.com\/cs\/obchod\/ko-kapky-kupovat-online\/\" target=\"_self\" class=\"btn btn-line-black btn-big\">Koupit nyn\u00ed<\/a>\n\t    \n<\/div><\/div><\/div><div class=\"wpb_column vc_column_container vc_col-sm-6\"><div class=\"vc_column-inner\"><div class=\"wpb_wrapper\"  >\n\t<div  class=\"wpb_single_image wpb_content_element vc_align_left\">\n\t\t\n\t\t<figure class=\"wpb_wrapper vc_figure\">\n\t\t\t<div class=\"vc_single_image-wrapper vc_box_rounded  vc_box_border_grey\"><img loading=\"lazy\" decoding=\"async\" width=\"615\" height=\"615\" src=\"https:\/\/gblexpress.com\/wp-content\/uploads\/2023\/01\/buy-knockout-drops-online.jpg\" class=\"vc_single_image-img attachment-full\" alt=\"Koupit Knockout Drops online\" srcset=\"https:\/\/gblexpress.com\/wp-content\/uploads\/2023\/01\/buy-knockout-drops-online.jpg 615w, https:\/\/gblexpress.com\/wp-content\/uploads\/2023\/01\/buy-knockout-drops-online-300x300.jpg 300w, https:\/\/gblexpress.com\/wp-content\/uploads\/2023\/01\/buy-knockout-drops-online-150x150.jpg 150w\" sizes=\"auto, (max-width: 615px) 100vw, 615px\" title=\"Koupit Knockout Drops online\" \/><\/div>\n\t\t<\/figure>\n\t<\/div>\n<\/div><\/div><\/div><\/div><\/div><\/section><section class=\"wpb_row vc_row-fluid\"><div class=\"container\"><div class=\"row\"><div class=\"wpb_column vc_column_container vc_col-sm-6\"><div class=\"vc_column-inner\"><div class=\"wpb_wrapper\"  >\n\t<div  class=\"wpb_single_image wpb_content_element vc_align_left\">\n\t\t\n\t\t<figure class=\"wpb_wrapper vc_figure\">\n\t\t\t<div class=\"vc_single_image-wrapper vc_box_rounded  vc_box_border_grey\"><img loading=\"lazy\" decoding=\"async\" width=\"615\" height=\"350\" src=\"https:\/\/gblexpress.com\/wp-content\/uploads\/2023\/01\/ko-drops.jpg\" class=\"vc_single_image-img attachment-full\" alt=\"Koupit KO Drops online\" srcset=\"https:\/\/gblexpress.com\/wp-content\/uploads\/2023\/01\/ko-drops.jpg 615w, https:\/\/gblexpress.com\/wp-content\/uploads\/2023\/01\/ko-drops-300x171.jpg 300w\" sizes=\"auto, (max-width: 615px) 100vw, 615px\" title=\"Koupit KO Drops online\" \/><\/div>\n\t\t<\/figure>\n\t<\/div>\n<\/div><\/div><\/div><div class=\"wpb_column vc_column_container vc_col-sm-6\"><div class=\"vc_column-inner vc_custom_1675105084996\"><div class=\"wpb_wrapper\"  >\n\t<div class=\"wpb_text_column wpb_content_element\" >\n\t\t<div class=\"wpb_wrapper\">\n\t\t\t<h2>Pro\u010d nakupovat knockout dropy online od n\u00e1s?<\/h2>\n<p style=\"text-align: justify;\">Pokud jde o zdravotnictv\u00ed, mus\u00edte v\u011b\u0159it tomu nejlep\u0161\u00edmu. To je d\u016fvod, pro\u010d nab\u00edz\u00edme kvalitn\u00ed zaru\u010den\u00e9 ingredience v ka\u017ed\u00e9 \u0161ar\u017ei Knockout Drops. M\u00e1me tak\u00e9 komplexn\u00ed \u0159adu produkt\u016f dokonale p\u0159izp\u016fsoben\u00fdch va\u0161im pot\u0159eb\u00e1m, a\u0165 u\u017e jsou jak\u00e9koli. Nav\u00edc na\u0161e rychl\u00e9 doru\u010den\u00ed znamen\u00e1, \u017ee kapky dostanete rychle \u2013 bez \u010dek\u00e1n\u00ed!<\/p>\n<p style=\"text-align: justify;\">Pokud z jak\u00e9hokoli d\u016fvodu nejste s na\u0161imi produkty spokojeni, nab\u00edz\u00edme 100% z\u00e1ruku spokojenosti. Na\u0161e mo\u017enosti bezpe\u010dn\u00e9 platby nav\u00edc usnad\u0148uj\u00ed n\u00e1kup Knockout Drops bez obav. A kone\u010dn\u011b, na\u0161e diskr\u00e9tn\u00ed balen\u00ed znamen\u00e1, \u017ee si Knockout Drops m\u016f\u017eete vz\u00edt kamkoli, ani\u017e by to n\u011bkdo zjistil. Kupte si KO kapky bez p\u0159edpisu od GBL Express nyn\u00ed!<\/p>\n\n\t\t<\/div>\n\t<\/div>\n\t\t\t\n\t<!-- Element: OT Button --> \n\t\t\t<a href=\"https:\/\/gblexpress.com\/cs\/obchod\/ko-kapky-kupovat-online\/\" target=\"_self\" class=\"btn btn-line-black btn-big\">Koupit nyn\u00ed<\/a>\n\t    \n<\/div><\/div><\/div><\/div><\/div><\/section><section class=\"wpb_row vc_row-fluid\"><div class=\"container\"><div class=\"row\"><div class=\"wpb_column vc_column_container vc_col-sm-12\"><div class=\"vc_column-inner\"><div class=\"wpb_wrapper\"  >\n\t<div class=\"wpb_text_column wpb_content_element\" >\n\t\t<div class=\"wpb_wrapper\">\n\t\t\t<h2 style=\"text-align: center;\">Co d\u011blaj\u00ed knockout dropy?<\/h2>\n<p style=\"text-align: center;\">Pokud hled\u00e1te zp\u016fsob, jak zv\u00fd\u0161it svou energii a soust\u0159ed\u011bn\u00ed, mus\u00edte si objednat KO kapky. Tyto kapky jsou vyrobeny z p\u0159\u00edrodn\u00edch ingredienc\u00ed a bylo prok\u00e1z\u00e1no, \u017ee jsou \u00fa\u010dinn\u00e9 p\u0159i zvy\u0161ov\u00e1n\u00ed energie a soust\u0159ed\u011bn\u00ed. Jsou tak\u00e9 k dispozici po cel\u00e9m sv\u011bt\u011b, co\u017e z nich d\u011bl\u00e1 skv\u011blou volbu pro ka\u017ed\u00e9ho, kdo hled\u00e1 energii na cest\u00e1ch. Existuje cel\u00e1 \u0159ada alternativ k pou\u017e\u00edv\u00e1n\u00ed knockout kapek, v\u010detn\u011b pit\u00ed kofeinov\u00fdch n\u00e1poj\u016f nebo konzumace kofeinov\u00fdch potravin, jako je \u010dokol\u00e1da nebo sladk\u00e9 ty\u010dinky.<\/p>\n\n\t\t<\/div>\n\t<\/div>\n<\/div><\/div><\/div><\/div><\/div><\/section><section class=\"wpb_row vc_row-fluid\"><div class=\"container\"><div class=\"row\"><div class=\"wpb_column vc_column_container vc_col-sm-12\"><div class=\"vc_column-inner\"><div class=\"wpb_wrapper\"  >\n\t<div class=\"wpb_text_column wpb_content_element\" >\n\t\t<div class=\"wpb_wrapper\">\n\t\t\t<h3 style=\"text-align: justify;\">B\u011b\u017en\u00e9 l\u00e1tky v KO kapk\u00e1ch<\/h3>\n<p style=\"text-align: justify;\">KO kapky na prodej mohou obsahovat r\u016fzn\u00e9 sedativa, n\u011bkter\u00e9 z nejb\u011b\u017en\u011bj\u0161\u00edch jsou:<\/p>\n<p style=\"text-align: justify;\">1. GHB (gama-hydroxybutyr\u00e1t): GHB, \u010dasto ozna\u010dovan\u00fd jako \u201eknockout drops\u201c, je l\u00e1tka tlum\u00edc\u00ed centr\u00e1ln\u00ed nervov\u00fd syst\u00e9m, kter\u00e1 m\u016f\u017ee zp\u016fsobit ospalost, bezv\u011bdom\u00ed a ztr\u00e1tu pam\u011bti.<\/p>\n<p style=\"text-align: justify;\">2. Rohypnol (flunitrazepam): Dal\u0161\u00ed notoricky zn\u00e1m\u00fd knockoutov\u00fd l\u00e9k, Rohypnol je benzodiazepin, kter\u00fd zp\u016fsobuje hlubokou sedaci, svalovou relaxaci a amn\u00e9zii.<\/p>\n<p style=\"text-align: justify;\">3. Chloral Hydr\u00e1t: Sedativum a hypnotikum, kter\u00e9 se kdysi pou\u017e\u00edvalo k l\u00e9\u010db\u011b nespavosti, ale nyn\u00ed je zn\u00e1m\u011bj\u0161\u00ed pro sv\u00e9 zneu\u017e\u00edv\u00e1n\u00ed k anestetizaci jednotlivc\u016f.<\/p>\n<p style=\"text-align: justify;\">Pro n\u00e1kup KO kapek online nev\u00e1hejte kontaktovat n\u00e1\u0161 internetov\u00fd obchod!<\/p>\n<h3 style=\"text-align: justify;\">\u00da\u010dinky a rizika<\/h3>\n<p style=\"text-align: justify;\">Kdy\u017e si KO kapky koup\u00edte online, \u00fa\u010dinky se li\u0161\u00ed v z\u00e1vislosti na pou\u017eit\u00e9 l\u00e1tce, d\u00e1vce a fyziologii osoby. B\u011b\u017en\u00e9 \u00fa\u010dinky jsou:<\/p>\n<p style=\"text-align: justify;\">\u25cf Sedativa a ospalost: KO Drops jsou siln\u00e1 sedativa, kter\u00e1 mohou zp\u016fsobit, \u017ee lid\u00e9 budou extr\u00e9mn\u011b ospal\u00ed nebo v bezv\u011bdom\u00ed.<\/p>\n<p style=\"text-align: justify;\">\u25cf Ztr\u00e1ta pam\u011bti: Mnoho z t\u011bchto l\u00e1tek m\u016f\u017ee zp\u016fsobit \u010d\u00e1ste\u010dnou nebo \u00faplnou amn\u00e9zii, tak\u017ee je pro lidi obt\u00ed\u017en\u00e9 zapamatovat si ud\u00e1losti, kter\u00e9 se staly pod vlivem t\u00e9to l\u00e1tky.<\/p>\n<p style=\"text-align: justify;\">\u25cf Ztr\u00e1ta motorick\u00e9 kontroly: Tyto l\u00e9ky mohou ovlivnit koordinaci a motorick\u00e9 funkce, tak\u017ee je pro osobu obt\u00ed\u017en\u00e9 se pohybovat nebo kl\u00e1st odpor.<\/p>\n<p style=\"text-align: justify;\">Rizika spojen\u00e1 s KO Drops online jsou zna\u010dn\u00e1. P\u0159ed\u00e1vkov\u00e1n\u00ed t\u011bmito l\u00e1tkami m\u016f\u017ee v\u00e9st k t\u011b\u017ek\u00e9 respira\u010dn\u00ed depresi, k\u00f3matu a dokonce smrti. Krom\u011b toho jejich pou\u017eit\u00ed p\u0159i trestn\u00e9 \u010dinnosti, jako jsou sexu\u00e1ln\u00ed \u00fatoky nebo loupe\u017ee, p\u0159edstavuje v\u00e1\u017enou hrozbu pro ve\u0159ejnou bezpe\u010dnost.<\/p>\n<h3 style=\"text-align: justify;\">Prevence a bezpe\u010dnostn\u00ed opat\u0159en\u00ed<\/h3>\n<p style=\"text-align: justify;\">Abyste se ochr\u00e1nili p\u0159ed nebezpe\u010d\u00edm KO Drops, je d\u016fle\u017eit\u00e9:<\/p>\n<p style=\"text-align: justify;\">\u25cf Bu\u010fte ve st\u0159ehu: Bu\u010fte si v\u011bdomi sv\u00e9ho okol\u00ed, zejm\u00e9na v soci\u00e1ln\u00edch prost\u0159ed\u00edch, jako jsou bary a kluby.<\/p>\n<p style=\"text-align: justify;\">\u25cf Hl\u00eddejte si pit\u00ed: Nikdy nenech\u00e1vejte sv\u016fj n\u00e1poj bez dozoru a bu\u010fte opatrn\u00ed, kdy\u017e p\u0159ij\u00edm\u00e1te n\u00e1poje od ciz\u00edch lid\u00ed.<br \/>\n\u25cf Okam\u017eit\u011b vyhledejte pomoc: Pokud m\u00e1te podez\u0159en\u00ed, \u017ee jste vy nebo n\u011bkdo jin\u00fd byli zdrogov\u00e1ni, okam\u017eit\u011b vyhledejte l\u00e9ka\u0159skou pomoc a \u0159ekn\u011bte to policii.<\/p>\n\n\t\t<\/div>\n\t<\/div>\n<\/div><\/div><\/div><\/div><\/div><\/section><section class=\"wpb_row vc_row-fluid vc_custom_1675105544557\"><div class=\"container\"><div class=\"row\"><div class=\"wpb_column vc_column_container vc_col-sm-4\"><div class=\"vc_column-inner\"><div class=\"wpb_wrapper\"  >\n\t<div  class=\"wpb_single_image wpb_content_element vc_align_center\">\n\t\t\n\t\t<figure class=\"wpb_wrapper vc_figure\">\n\t\t\t<a href=\"https:\/\/gblexpress.com\/cs\/gbl\/\" target=\"_self\" class=\"vc_single_image-wrapper vc_box_rounded  vc_box_border_grey\"><img loading=\"lazy\" decoding=\"async\" width=\"615\" height=\"350\" src=\"https:\/\/gblexpress.com\/wp-content\/uploads\/2023\/01\/gbl-liquid.jpg\" class=\"vc_single_image-img attachment-full\" alt=\"Gamma-butyrolakton GBL Koupit online\" srcset=\"https:\/\/gblexpress.com\/wp-content\/uploads\/2023\/01\/gbl-liquid.jpg 615w, https:\/\/gblexpress.com\/wp-content\/uploads\/2023\/01\/gbl-liquid-300x171.jpg 300w\" sizes=\"auto, (max-width: 615px) 100vw, 615px\" title=\"Gamma-butyrolakton GBL Koupit online\" \/><\/a>\n\t\t<\/figure>\n\t<\/div>\n<h3 style=\"text-align: left\" class=\"vc_custom_heading\" ><a href=\"https:\/\/gblexpress.com\/cs\/gbl\/\">Koupit GBL online<\/a><\/h3>\n\t<div class=\"wpb_text_column wpb_content_element\" >\n\t\t<div class=\"wpb_wrapper\">\n\t\t\t<p style=\"text-align: justify;\">GBL Express se zab\u00fdv\u00e1 l\u00e9ky GBL ji\u017e des\u00edtky let a rozum\u00ed pot\u0159eb\u00e1m z\u00e1kazn\u00edk\u016f z cel\u00e9ho sv\u011bta. GBL si m\u016f\u017eete snadno koupit bez l\u00e9ka\u0159sk\u00e9ho p\u0159edpisu zde.<\/p>\n\n\t\t<\/div>\n\t<\/div>\n<\/div><\/div><\/div><div class=\"wpb_column vc_column_container vc_col-sm-4\"><div class=\"vc_column-inner\"><div class=\"wpb_wrapper\"  >\n\t<div  class=\"wpb_single_image wpb_content_element vc_align_center\">\n\t\t\n\t\t<figure class=\"wpb_wrapper vc_figure\">\n\t\t\t<a href=\"https:\/\/gblexpress.com\/cs\/ritalin\/\" target=\"_self\" class=\"vc_single_image-wrapper vc_box_rounded  vc_box_border_grey\"><img loading=\"lazy\" decoding=\"async\" width=\"615\" height=\"350\" src=\"https:\/\/gblexpress.com\/wp-content\/uploads\/2023\/01\/ritalin-tablets.jpg\" class=\"vc_single_image-img attachment-full\" alt=\"Koupit tablety Ritalin online\" srcset=\"https:\/\/gblexpress.com\/wp-content\/uploads\/2023\/01\/ritalin-tablets.jpg 615w, https:\/\/gblexpress.com\/wp-content\/uploads\/2023\/01\/ritalin-tablets-300x171.jpg 300w\" sizes=\"auto, (max-width: 615px) 100vw, 615px\" title=\"Koupit tablety Ritalin online\" \/><\/a>\n\t\t<\/figure>\n\t<\/div>\n<h3 style=\"text-align: left\" class=\"vc_custom_heading\" ><a href=\"https:\/\/gblexpress.com\/cs\/ritalin\/\">Koupit Ritalin online<\/a><\/h3>\n\t<div class=\"wpb_text_column wpb_content_element\" >\n\t\t<div class=\"wpb_wrapper\">\n\t\t\t<p style=\"text-align: justify;\">Kdy\u017e si koup\u00edte Ritalin online od GBLExpress, m\u016f\u017eete t\u011b\u017eit z bezpe\u010dn\u00e9ho doru\u010den\u00ed a konkuren\u010dn\u00edch cen. Jako registrovan\u00e1 l\u00e9k\u00e1rna garantujeme, \u017ee v\u0161echny na\u0161e produkty jsou schv\u00e1leny pro pacienty s ADHD.<\/p>\n\n\t\t<\/div>\n\t<\/div>\n<\/div><\/div><\/div><div class=\"wpb_column vc_column_container vc_col-sm-4\"><div class=\"vc_column-inner\"><div class=\"wpb_wrapper\"  >\n\t<div  class=\"wpb_single_image wpb_content_element vc_align_center\">\n\t\t\n\t\t<figure class=\"wpb_wrapper vc_figure\">\n\t\t\t<a href=\"https:\/\/gblexpress.com\/cs\/ghb\/\" target=\"_self\" class=\"vc_single_image-wrapper vc_box_rounded  vc_box_border_grey\"><img loading=\"lazy\" decoding=\"async\" width=\"615\" height=\"350\" src=\"https:\/\/gblexpress.com\/wp-content\/uploads\/2023\/01\/ghb-liquid.jpg\" class=\"vc_single_image-img attachment-full\" alt=\"Gamma hydroxybutyr\u00e1t (GHB) Koupit online\" srcset=\"https:\/\/gblexpress.com\/wp-content\/uploads\/2023\/01\/ghb-liquid.jpg 615w, https:\/\/gblexpress.com\/wp-content\/uploads\/2023\/01\/ghb-liquid-300x171.jpg 300w\" sizes=\"auto, (max-width: 615px) 100vw, 615px\" title=\"Gamma hydroxybutyr\u00e1t (GHB) Koupit online\" \/><\/a>\n\t\t<\/figure>\n\t<\/div>\n<h3 style=\"text-align: left\" class=\"vc_custom_heading\" ><a href=\"https:\/\/gblexpress.com\/cs\/ghb\/\">GHB Koupit online<\/a><\/h3>\n\t<div class=\"wpb_text_column wpb_content_element\" >\n\t\t<div class=\"wpb_wrapper\">\n\t\t\t<p style=\"text-align: justify;\">D\u00edky dostupnosti na\u0161eho obchodu se nemus\u00edte starat o to, kde GHB koupit. V na\u0161em internetov\u00e9m obchod\u011b si m\u016f\u017eete snadno koupit GHB bez l\u00e9ka\u0159sk\u00e9ho p\u0159edpisu.<\/p>\n\n\t\t<\/div>\n\t<\/div>\n<\/div><\/div><\/div><\/div><\/div><\/section><section class=\"wpb_row vc_row-fluid call-to-action text-light bg-color vc_custom_1675107688125\"><div class=\"container\"><div class=\"row\"><div class=\"wpb_column vc_column_container vc_col-sm-8\"><div class=\"vc_column-inner\"><div class=\"wpb_wrapper\"  ><h3 style=\"text-align: left\" class=\"vc_custom_heading mt20\" >Vy\u017e\u00e1dejte si bezplatnou cenovou nab\u00eddku na na\u0161e produkty!<\/h3><\/div><\/div><\/div><div class=\"wpb_column vc_column_container vc_col-sm-4\"><div class=\"vc_column-inner\"><div class=\"wpb_wrapper\"  >\t\t\t\n\t<!-- Element: OT Button 2 --> \n\t<a href=\"http:\/\/gblexpress.com\/cs\/kontaktujte-nas\/\" title=\"Po\u017e\u00e1dejte nyn\u00ed\" target=\" _blank\" class=\"btn btn-line btn-big mt10\">Po\u017e\u00e1dejte nyn\u00ed<\/a>\t\n<\/div><\/div><\/div><\/div><\/div><\/section>","protected":false},"excerpt":{"rendered":"KO DROPS ONLINE Kupte si 100 % \u010dist\u00fdch KO kapek online na GBLExpress KO kapky jsou \u00fa\u010dinn\u00fdm a cenov\u011b dostupn\u00fdm zp\u016fsobem, jak zlep\u0161it sv\u00e9 zdrav\u00ed. \u0158\u00edk\u00e1 se jim KO kapky, proto\u017ee funguj\u00ed tak, \u017ee rozpou\u0161t\u011bj\u00ed v\u00e1pn\u00edk, kter\u00fd blokuje va\u0161e tepny. Pou\u017e\u00edv\u00e1n\u00edm knockoutov\u00fdch kapek na span\u00ed m\u016f\u017eete zlep\u0161it sv\u016fj krevn\u00ed ob\u011bh a [...]","protected":false},"author":1,"featured_media":0,"parent":0,"menu_order":0,"comment_status":"closed","ping_status":"closed","template":"page-templates\/template-fullwidth.php","meta":{"_joinchat":[],"footnotes":""},"class_list":["post-422","page","type-page","status-publish","hentry"],"yoast_head":"<!-- This site is optimized with the Yoast SEO plugin v25.4 - https:\/\/yoast.com\/wordpress\/plugins\/seo\/ -->\n<title>KO Tropfen Online Kaufen - Knockout Tropfen Bestellen - KO Tropfen<\/title>\n<meta name=\"description\" content=\"Auf der Suche nach den besten Knockout-Tropfen zum Schlafen? Hier kannst du KO Tropfen kaufen, KO Tropfen kaufen, KO Tropfen online bestellen, KO Tropfen zum Verkauf.\" \/>\n<meta name=\"robots\" content=\"index, follow, max-snippet:-1, max-image-preview:large, max-video-preview:-1\" \/>\n<link rel=\"canonical\" href=\"https:\/\/gblexpress.com\/cs\/ko-kapky\/\" \/>\n<meta property=\"og:locale\" content=\"cs_CZ\" \/>\n<meta property=\"og:type\" content=\"article\" \/>\n<meta property=\"og:title\" content=\"KO Tropfen Online Kaufen - Knockout Tropfen Bestellen - KO Tropfen\" \/>\n<meta property=\"og:description\" content=\"Auf der Suche nach den besten Knockout-Tropfen zum Schlafen? Hier kannst du KO Tropfen kaufen, KO Tropfen kaufen, KO Tropfen online bestellen, KO Tropfen zum Verkauf.\" \/>\n<meta property=\"og:url\" content=\"https:\/\/gblexpress.com\/cs\/ko-kapky\/\" \/>\n<meta property=\"og:site_name\" content=\"GBL Express\" \/>\n<meta property=\"article:modified_time\" content=\"2024-06-07T10:20:31+00:00\" \/>\n<meta name=\"twitter:card\" content=\"summary_large_image\" \/>\n<meta name=\"twitter:label1\" content=\"Odhadovan\u00e1 doba \u010dten\u00ed\" \/>\n\t<meta name=\"twitter:data1\" content=\"5 minut\" \/>\n<!-- \/ Yoast SEO plugin. -->","yoast_head_json":{"title":"Koupit KO Drops online - Knockout Drops Order - KO Drops","description":"Hled\u00e1te nejlep\u0161\u00ed knockoutov\u00e9 kapky na span\u00ed? Zde si m\u016f\u017eete koupit KO kapky, koupit KO kapky, objednat KO kapky online, KO kapky na prodej.","robots":{"index":"index","follow":"follow","max-snippet":"max-snippet:-1","max-image-preview":"max-image-preview:large","max-video-preview":"max-video-preview:-1"},"canonical":"https:\/\/gblexpress.com\/cs\/ko-kapky\/","og_locale":"cs_CZ","og_type":"article","og_title":"KO Tropfen Online Kaufen - Knockout Tropfen Bestellen - KO Tropfen","og_description":"Auf der Suche nach den besten Knockout-Tropfen zum Schlafen? Hier kannst du KO Tropfen kaufen, KO Tropfen kaufen, KO Tropfen online bestellen, KO Tropfen zum Verkauf.","og_url":"https:\/\/gblexpress.com\/cs\/ko-kapky\/","og_site_name":"GBL Express","article_modified_time":"2024-06-07T10:20:31+00:00","twitter_card":"summary_large_image","twitter_misc":{"Odhadovan\u00e1 doba \u010dten\u00ed":"5 minut"},"schema":{"@context":"https:\/\/schema.org","@graph":[{"@type":"WebPage","@id":"https:\/\/gblexpress.com\/ko-tropfen\/","url":"https:\/\/gblexpress.com\/ko-tropfen\/","name":"Koupit KO Drops online - Knockout Drops Order - KO Drops","isPartOf":{"@id":"https:\/\/gblexpress.com\/#website"},"datePublished":"2023-01-31T08:56:25+00:00","dateModified":"2024-06-07T10:20:31+00:00","description":"Hled\u00e1te nejlep\u0161\u00ed knockoutov\u00e9 kapky na span\u00ed? Zde si m\u016f\u017eete koupit KO kapky, koupit KO kapky, objednat KO kapky online, KO kapky na prodej.","breadcrumb":{"@id":"https:\/\/gblexpress.com\/ko-tropfen\/#breadcrumb"},"inLanguage":"cs","potentialAction":[{"@type":"ReadAction","target":["https:\/\/gblexpress.com\/ko-tropfen\/"]}]},{"@type":"BreadcrumbList","@id":"https:\/\/gblexpress.com\/ko-tropfen\/#breadcrumb","itemListElement":[{"@type":"ListItem","position":1,"name":"Home","item":"https:\/\/gblexpress.com\/"},{"@type":"ListItem","position":2,"name":"KO Tropfen Kaufen Online"}]},{"@type":"WebSite","@id":"https:\/\/gblexpress.com\/#website","url":"https:\/\/gblexpress.com\/","name":"GBL Express","description":"","publisher":{"@id":"https:\/\/gblexpress.com\/#organization"},"potentialAction":[{"@type":"SearchAction","target":{"@type":"EntryPoint","urlTemplate":"https:\/\/gblexpress.com\/?s={search_term_string}"},"query-input":{"@type":"PropertyValueSpecification","valueRequired":true,"valueName":"search_term_string"}}],"inLanguage":"cs"},{"@type":"Organization","@id":"https:\/\/gblexpress.com\/#organization","name":"GBL Express","url":"https:\/\/gblexpress.com\/","logo":{"@type":"ImageObject","inLanguage":"cs","@id":"https:\/\/gblexpress.com\/#\/schema\/logo\/image\/","url":"https:\/\/gblexpress.com\/wp-content\/uploads\/2023\/01\/logo.png","contentUrl":"https:\/\/gblexpress.com\/wp-content\/uploads\/2023\/01\/logo.png","width":250,"height":52,"caption":"GBL Express"},"image":{"@id":"https:\/\/gblexpress.com\/#\/schema\/logo\/image\/"}}]}},"jetpack-related-posts":[],"jetpack_sharing_enabled":true,"_links":{"self":[{"href":"https:\/\/gblexpress.com\/cs\/wp-json\/wp\/v2\/pages\/422","targetHints":{"allow":["GET"]}}],"collection":[{"href":"https:\/\/gblexpress.com\/cs\/wp-json\/wp\/v2\/pages"}],"about":[{"href":"https:\/\/gblexpress.com\/cs\/wp-json\/wp\/v2\/types\/page"}],"author":[{"embeddable":true,"href":"https:\/\/gblexpress.com\/cs\/wp-json\/wp\/v2\/users\/1"}],"replies":[{"embeddable":true,"href":"https:\/\/gblexpress.com\/cs\/wp-json\/wp\/v2\/comments?post=422"}],"version-history":[{"count":6,"href":"https:\/\/gblexpress.com\/cs\/wp-json\/wp\/v2\/pages\/422\/revisions"}],"predecessor-version":[{"id":1056,"href":"https:\/\/gblexpress.com\/cs\/wp-json\/wp\/v2\/pages\/422\/revisions\/1056"}],"wp:attachment":[{"href":"https:\/\/gblexpress.com\/cs\/wp-json\/wp\/v2\/media?parent=422"}],"curies":[{"name":"wp","href":"https:\/\/api.w.org\/{rel}","templated":true}]}}