{"id":424,"date":"2023-01-31T09:04:08","date_gmt":"2023-01-31T09:04:08","guid":{"rendered":"https:\/\/chemswell.com\/gbl\/?page_id=424"},"modified":"2024-06-07T10:17:46","modified_gmt":"2024-06-07T10:17:46","slug":"ritalin","status":"publish","type":"page","link":"https:\/\/gblexpress.com\/cs\/ritalin\/","title":{"rendered":"Koupit Ritalin online"},"content":{"rendered":"<section class=\"wpb_row vc_row-fluid vc_custom_1675150671160\"><div class=\"container\"><div class=\"row\"><div class=\"wpb_column vc_column_container vc_col-sm-12\"><div class=\"vc_column-inner\"><div class=\"wpb_wrapper\"  >\n\t<div class=\"wpb_text_column wpb_content_element\" >\n\t\t<div class=\"wpb_wrapper\">\n\t\t\t<h2 style=\"text-align: center; font-size: 30px;\">KOUPIT RITALIN ONLINE<\/h2>\n<h3 style=\"text-align: center;\">Kupte si 100% \u010dist\u00fd GHB online na GBLExpress<\/h3>\n<p style=\"text-align: center; font-size: 19px;\">chce\u0161 <a href=\"https:\/\/gblexpress.com\/cs\/ritalin\/\"><strong>Koupit Ritalin online<\/strong><\/a> bezpe\u010dn\u00fdm zp\u016fsobem? GBL Express je pro v\u00e1s dokonal\u00fdm \u0159e\u0161en\u00edm. Ritalin je \u00fa\u010dinn\u00fd a nezbytn\u00fd l\u00e9k pro mnoho pacient\u016f trp\u00edc\u00edch ADHD, ale jeho z\u00edsk\u00e1n\u00ed m\u016f\u017ee b\u00fdt obt\u00ed\u017en\u00e9 a drah\u00e9. Kdy\u017e si koup\u00edte Ritalin<br \/>\nNa GBLExpress m\u016f\u017eete t\u011b\u017eit z bezpe\u010dn\u00e9ho doru\u010den\u00ed a konkuren\u010dn\u00edch cen. Jako registrovan\u00e1 l\u00e9k\u00e1rna garantujeme, \u017ee v\u0161echny na\u0161e produkty jsou schv\u00e1leny pro pacienty s ADHD. Tak\u017ee pokud p\u0159em\u00fd\u0161l\u00edte, kde koupit Ritalin online, nehledejte nic jin\u00e9ho ne\u017e GBLExpress za konkuren\u010dn\u00ed ceny! Vyu\u017eijte na\u0161i slu\u017ebu je\u0161t\u011b dnes a objednejte si sv\u016fj Ritalin bezpe\u010dn\u011b od n\u00e1s.<\/p>\n\n\t\t<\/div>\n\t<\/div>\n<div class=\"vc_btn3-container vc_btn3-center\" ><a class=\"vc_general vc_btn3 vc_btn3-size-md vc_btn3-shape-square vc_btn3-style-modern vc_btn3-color-black\" href=\"https:\/\/gblexpress.com\/cs\/obchod\/koupit-ritalin\/\" title=\"\">Koupit nyn\u00ed<\/a><\/div><\/div><\/div><\/div><\/div><\/div><\/section><section class=\"wpb_row vc_row-fluid vc_custom_1675104750211\"><div class=\"container\"><div class=\"row\"><div class=\"wpb_column vc_column_container vc_col-sm-6\"><div class=\"vc_column-inner\"><div class=\"wpb_wrapper\"  >\n\t<div class=\"wpb_text_column wpb_content_element\" >\n\t\t<div class=\"wpb_wrapper\">\n\t\t\t<h2 style=\"text-align: justify;\">Co je Ritalin a jak Ritalin koupit?<\/h2>\n<p style=\"text-align: justify;\">Pokud jste jako v\u011bt\u0161ina lid\u00ed, zn\u00e1te alespo\u0148 jednoho \u010dlov\u011bka, kter\u00fd m\u00e1 poruchu pozornosti s hyperaktivitou (ADHD). ADHD je du\u0161evn\u00ed porucha, kter\u00e1 ovliv\u0148uje, jak \u010dlov\u011bk reguluje svou pozornost a chov\u00e1n\u00ed. Lid\u00e9 s ADHD maj\u00ed \u010dasto probl\u00e9my se soust\u0159ed\u011bn\u00edm, soust\u0159ed\u011bn\u00edm a ovl\u00e1d\u00e1n\u00edm sv\u00fdch impulz\u016f. A\u010dkoli neexistuje jedin\u00fd l\u00e9k na ADHD, l\u00e9\u010dba obvykle zahrnuje l\u00e9ky, jako je Ritalin. M\u016f\u017ee\u0161 <a href=\"https:\/\/en.wikipedia.org\/wiki\/Methylphenidate\" target=\"_blank\" rel=\"noopener\">Ritalin<\/a> jednodu\u0161e objednejte online na GBLExpress a o\u010dek\u00e1vejte doru\u010den\u00ed v nejbli\u017e\u0161\u00ed dob\u011b!<\/p>\n<h2 style=\"text-align: justify;\">Pou\u017eit\u00ed a \u00fa\u010dinnost Ritalinu<\/h2>\n<p style=\"text-align: justify;\">Droga zn\u00e1m\u00e1 jako amfetaminy, kter\u00e1 zahrnuje Ritalin, se naz\u00fdv\u00e1 stimulant t\u0159\u00eddy amfetamin\u016f. Jeho u\u017e\u00edv\u00e1n\u00ed zvy\u0161uje hladinu dopaminu v mozku, co\u017e m\u00e1 za n\u00e1sledek zlep\u0161en\u00ed koncentrace a schopnosti d\u00e9le v\u011bnovat pozornost. Lid\u00e9 trp\u00edc\u00ed ADHD se \u010dasto obracej\u00ed na tento l\u00e9k, aby l\u00e9pe kontrolovali sv\u00e9 p\u0159\u00edznaky.<\/p>\n\n\t\t<\/div>\n\t<\/div>\n\t\t\t\n\t<!-- Element: OT Button --> \n\t\t\t<a href=\"https:\/\/gblexpress.com\/cs\/obchod\/koupit-ritalin\/\" target=\"_self\" class=\"btn btn-line-black btn-big\">Koupit nyn\u00ed<\/a>\n\t    \n<\/div><\/div><\/div><div class=\"wpb_column vc_column_container vc_col-sm-6\"><div class=\"vc_column-inner\"><div class=\"wpb_wrapper\"  >\n\t<div  class=\"wpb_single_image wpb_content_element vc_align_left\">\n\t\t\n\t\t<figure class=\"wpb_wrapper vc_figure\">\n\t\t\t<div class=\"vc_single_image-wrapper vc_box_rounded  vc_box_border_grey\"><img loading=\"lazy\" decoding=\"async\" width=\"615\" height=\"615\" src=\"https:\/\/gblexpress.com\/wp-content\/uploads\/2023\/01\/buy-ritalin-online.jpg\" class=\"vc_single_image-img attachment-full\" alt=\"Koupit Ritalin online\" srcset=\"https:\/\/gblexpress.com\/wp-content\/uploads\/2023\/01\/buy-ritalin-online.jpg 615w, https:\/\/gblexpress.com\/wp-content\/uploads\/2023\/01\/buy-ritalin-online-300x300.jpg 300w, https:\/\/gblexpress.com\/wp-content\/uploads\/2023\/01\/buy-ritalin-online-150x150.jpg 150w\" sizes=\"auto, (max-width: 615px) 100vw, 615px\" title=\"Koupit Ritalin online\" \/><\/div>\n\t\t<\/figure>\n\t<\/div>\n<\/div><\/div><\/div><\/div><\/div><\/section><section class=\"wpb_row vc_row-fluid\"><div class=\"container\"><div class=\"row\"><div class=\"wpb_column vc_column_container vc_col-sm-6\"><div class=\"vc_column-inner\"><div class=\"wpb_wrapper\"  >\n\t<div  class=\"wpb_single_image wpb_content_element vc_align_left\">\n\t\t\n\t\t<figure class=\"wpb_wrapper vc_figure\">\n\t\t\t<div class=\"vc_single_image-wrapper vc_box_rounded  vc_box_border_grey\"><img loading=\"lazy\" decoding=\"async\" width=\"615\" height=\"350\" src=\"https:\/\/gblexpress.com\/wp-content\/uploads\/2023\/01\/ritalin-tablets.jpg\" class=\"vc_single_image-img attachment-full\" alt=\"Koupit tablety Ritalin online\" srcset=\"https:\/\/gblexpress.com\/wp-content\/uploads\/2023\/01\/ritalin-tablets.jpg 615w, https:\/\/gblexpress.com\/wp-content\/uploads\/2023\/01\/ritalin-tablets-300x171.jpg 300w\" sizes=\"auto, (max-width: 615px) 100vw, 615px\" title=\"Koupit tablety Ritalin online\" \/><\/div>\n\t\t<\/figure>\n\t<\/div>\n<\/div><\/div><\/div><div class=\"wpb_column vc_column_container vc_col-sm-6\"><div class=\"vc_column-inner vc_custom_1675105084996\"><div class=\"wpb_wrapper\"  >\n\t<div class=\"wpb_text_column wpb_content_element\" >\n\t\t<div class=\"wpb_wrapper\">\n\t\t\t<h2>Pro\u010d koupit Ritalin online od n\u00e1s?<\/h2>\n<p style=\"text-align: justify;\">V GBLExpress ch\u00e1peme d\u016fle\u017eitost n\u00e1kupu Ritalinu 10 mg, 20 mg bezpe\u010dn\u011b a bezpe\u010dn\u011b. Proto nab\u00edz\u00edme ni\u017e\u0161\u00ed ceny ne\u017e klasick\u00e9 l\u00e9k\u00e1rny a n\u00e1\u0161 pokladn\u00ed syst\u00e9m je bezpe\u010dn\u00fd a rychl\u00fd. Na\u0161i pracovn\u00edci z\u00e1kaznick\u00e9ho servisu jsou zku\u0161en\u00ed a p\u0159ipraveni zodpov\u011bd\u011bt jak\u00e9koli va\u0161e dotazy t\u00fdkaj\u00edc\u00ed se tohoto l\u00e9ku nebo jak\u00e9hokoli jin\u00e9ho produktu, kter\u00fd prod\u00e1v\u00e1me.<\/p>\n<p style=\"text-align: justify;\">A\u0165 u\u017e hled\u00e1te zna\u010dku nebo generick\u00fd Ritalin, m\u00e1me pro v\u00e1s v\u0161e - v bezpe\u010d\u00ed. Kupte si Ritalin nyn\u00ed bez l\u00e9ka\u0159sk\u00e9ho p\u0159edpisu na GBLExpress!<\/p>\n\n\t\t<\/div>\n\t<\/div>\n\t\t\t\n\t<!-- Element: OT Button --> \n\t\t\t<a href=\"https:\/\/gblexpress.com\/cs\/obchod\/koupit-ritalin\/\" target=\"_self\" class=\"btn btn-line-black btn-big\">Koupit nyn\u00ed<\/a>\n\t    \n<\/div><\/div><\/div><\/div><\/div><\/section><section class=\"wpb_row vc_row-fluid\"><div class=\"container\"><div class=\"row\"><div class=\"wpb_column vc_column_container vc_col-sm-12\"><div class=\"vc_column-inner\"><div class=\"wpb_wrapper\"  >\n\t<div class=\"wpb_text_column wpb_content_element\" >\n\t\t<div class=\"wpb_wrapper\">\n\t\t\t<h2 style=\"text-align: center;\">Co d\u011bl\u00e1 Ritalin?<\/h2>\n<p style=\"text-align: center;\">Zejm\u00e9na Ritalin zvy\u0161uje mno\u017estv\u00ed dopaminu v mozku dv\u011bma r\u016fzn\u00fdmi zp\u016fsoby: zaprv\u00e9 inhibuje zp\u011btn\u00e9 vychyt\u00e1v\u00e1n\u00ed dopaminu a zadruh\u00e9 stimuluje uvol\u0148ov\u00e1n\u00ed dopaminu z bun\u011bk. To znamen\u00e1, \u017ee je k dispozici v\u00edce dopaminu pro interakci s receptory v mozku, co\u017e pom\u00e1h\u00e1 zv\u00fd\u0161it schopnost soust\u0159edit se a udr\u017eet pozornost po del\u0161\u00ed dobu.<\/p>\n\n\t\t<\/div>\n\t<\/div>\n<\/div><\/div><\/div><\/div><\/div><\/section><section class=\"wpb_row vc_row-fluid\"><div class=\"container\"><div class=\"row\"><div class=\"wpb_column vc_column_container vc_col-sm-12\"><div class=\"vc_column-inner\"><div class=\"wpb_wrapper\"  >\n\t<div class=\"wpb_text_column wpb_content_element\" >\n\t\t<div class=\"wpb_wrapper\">\n\t\t\t<h3 style=\"text-align: justify;\">Takto funguje Ritalin<\/h3>\n<p style=\"text-align: justify;\">Ritalin p\u016fsob\u00ed tak, \u017ee ovliv\u0148uje hladiny ur\u010dit\u00fdch chemick\u00fdch l\u00e1tek v mozku, zejm\u00e9na dopaminu a norepinefrinu. Tyto neurotransmitery hraj\u00ed kl\u00ed\u010dovou roli p\u0159i regulaci pozornosti, chov\u00e1n\u00ed a sp\u00e1nku. Ritalin na prodej zvy\u0161uje koncentraci t\u011bchto chemik\u00e1li\u00ed v synaptick\u00e9 \u0161t\u011brbin\u011b t\u00edm, \u017ee inhibuje jejich zp\u011btn\u00e9 vychyt\u00e1v\u00e1n\u00ed do neuron\u016f a zvy\u0161uje jejich uvol\u0148ov\u00e1n\u00ed, \u010d\u00edm\u017e zlep\u0161uje komunikaci mezi neurony. Tato zv\u00fd\u0161en\u00e1 aktivita neurotransmiter\u016f pom\u00e1h\u00e1 zlep\u0161it koncentraci, rozsah pozornosti a kontrolu impulz\u016f u jedinc\u016f s ADHD a podporuje bd\u011blost u jedinc\u016f s narkolepsi\u00ed. V GBL Express v\u00e1m pom\u016f\u017eeme koupit Ritalin online za dostupn\u00e9 ceny.<\/p>\n<h3 style=\"text-align: justify;\">D\u00e1vkov\u00e1n\u00ed a pod\u00e1v\u00e1n\u00ed<\/h3>\n<p style=\"text-align: justify;\">Ritalin je k dispozici v na\u0161em obchod\u011b Ritan v r\u016fzn\u00fdch form\u00e1ch, v\u010detn\u011b tablet s okam\u017eit\u00fdm a prodlou\u017een\u00fdm uvol\u0148ov\u00e1n\u00edm, a d\u00e1vkov\u00e1n\u00ed je p\u0159izp\u016fsobeno individu\u00e1ln\u00edm pot\u0159eb\u00e1m pacienta. Forma s okam\u017eit\u00fdm uvol\u0148ov\u00e1n\u00edm se obvykle u\u017e\u00edv\u00e1 dvakr\u00e1t a\u017e t\u0159ikr\u00e1t denn\u011b, 30 a\u017e 45 minut p\u0159ed j\u00eddlem. Forma s prodlou\u017een\u00fdm uvol\u0148ov\u00e1n\u00edm se naproti tomu obvykle u\u017e\u00edv\u00e1 jednou denn\u011b r\u00e1no. Je d\u016fle\u017eit\u00e9 dodr\u017eovat pokyny p\u0159edepisuj\u00edc\u00edho l\u00e9ka\u0159e ohledn\u011b d\u00e1vkov\u00e1n\u00ed a pod\u00e1v\u00e1n\u00ed, aby se maximalizovala \u00fa\u010dinnost l\u00e9ku a minimalizovaly se mo\u017en\u00e9 ne\u017e\u00e1douc\u00ed \u00fa\u010dinky.<\/p>\n<h3 style=\"text-align: justify;\">Ne\u017e\u00e1douc\u00ed \u00fa\u010dinky a preventivn\u00ed opat\u0159en\u00ed<\/h3>\n<p style=\"text-align: justify;\">Mezi b\u011b\u017en\u00e9 vedlej\u0161\u00ed \u00fa\u010dinky Ritalinu pat\u0159\u00ed nervozita, pot\u00ed\u017ee se sp\u00e1nkem, ztr\u00e1ta chuti k j\u00eddlu, ztr\u00e1ta hmotnosti, z\u00e1vrat\u011b, nevolnost, zvracen\u00ed a bolesti hlavy. Z\u00e1va\u017en\u011bj\u0161\u00ed ne\u017e\u00e1douc\u00ed \u00fa\u010dinky, i kdy\u017e vz\u00e1cn\u00e9, mohou zahrnovat bu\u0161en\u00ed srdce, zv\u00fd\u0161en\u00fd krevn\u00ed tlak a zm\u011bny psychiky\/n\u00e1lady, jako je agitovanost, agresivita nebo deprese. Je d\u016fle\u017eit\u00e9, aby pacienti p\u0159ed zah\u00e1jen\u00edm l\u00e9\u010dby p\u0159\u00edpravkem Ritalin prodiskutovali svou anamn\u00e9zu se sv\u00fdm l\u00e9ka\u0159em, zejm\u00e9na pokud maj\u00ed v anamn\u00e9ze srde\u010dn\u00ed probl\u00e9my, du\u0161evn\u00ed onemocn\u011bn\u00ed nebo zneu\u017e\u00edv\u00e1n\u00ed n\u00e1vykov\u00fdch l\u00e1tek.<\/p>\n<h3 style=\"text-align: justify;\">Interakce mezi Ritalinem a jin\u00fdmi l\u00e9ky<\/h3>\n<p style=\"text-align: justify;\">Ritalin m\u016f\u017ee interagovat s jin\u00fdmi l\u00e9ky, \u010d\u00edm\u017e je m\u00e9n\u011b \u00fa\u010dinn\u00fd nebo zvy\u0161uje riziko z\u00e1va\u017en\u00fdch ne\u017e\u00e1douc\u00edch \u00fa\u010dink\u016f. Pacienti by m\u011bli informovat sv\u00e9ho l\u00e9ka\u0159e o v\u0161ech l\u00e9c\u00edch na p\u0159edpis a voln\u011b prodejn\u00fdch l\u00e9c\u00edch, kter\u00e9 u\u017e\u00edvaj\u00ed, v\u010detn\u011b vitam\u00edn\u016f a bylinn\u00fdch dopl\u0148k\u016f. Pozoruhodn\u00e9 interakce zahrnuj\u00ed n\u011bkter\u00e1 antidepresiva, l\u00e9ky na krevn\u00ed tlak a antikoagulancia. B\u011bhem u\u017e\u00edv\u00e1n\u00ed Ritalinu je t\u0159eba se vyhnout alkoholu a dal\u0161\u00edm stimulant\u016fm CNS, aby se zabr\u00e1nilo zhor\u0161en\u00ed ne\u017e\u00e1douc\u00edch \u00fa\u010dink\u016f.<\/p>\n<p style=\"text-align: justify;\"><em><strong>Objednejte si Ritalin online od GBL Express a o\u010dek\u00e1vejte doru\u010den\u00ed po\u017eadovan\u00fdch produkt\u016f v kr\u00e1tk\u00e9 dob\u011b!<\/strong><\/em><\/p>\n\n\t\t<\/div>\n\t<\/div>\n<\/div><\/div><\/div><\/div><\/div><\/section><section class=\"wpb_row vc_row-fluid vc_custom_1675105544557\"><div class=\"container\"><div class=\"row\"><div class=\"wpb_column vc_column_container vc_col-sm-4\"><div class=\"vc_column-inner\"><div class=\"wpb_wrapper\"  >\n\t<div  class=\"wpb_single_image wpb_content_element vc_align_center\">\n\t\t\n\t\t<figure class=\"wpb_wrapper vc_figure\">\n\t\t\t<a href=\"https:\/\/gblexpress.com\/cs\/gbl\/\" target=\"_self\" class=\"vc_single_image-wrapper vc_box_rounded  vc_box_border_grey\"><img loading=\"lazy\" decoding=\"async\" width=\"615\" height=\"350\" src=\"https:\/\/gblexpress.com\/wp-content\/uploads\/2023\/01\/gbl-liquid.jpg\" class=\"vc_single_image-img attachment-full\" alt=\"Gamma-butyrolakton GBL Koupit online\" srcset=\"https:\/\/gblexpress.com\/wp-content\/uploads\/2023\/01\/gbl-liquid.jpg 615w, https:\/\/gblexpress.com\/wp-content\/uploads\/2023\/01\/gbl-liquid-300x171.jpg 300w\" sizes=\"auto, (max-width: 615px) 100vw, 615px\" title=\"Gamma-butyrolakton GBL Koupit online\" \/><\/a>\n\t\t<\/figure>\n\t<\/div>\n<h3 style=\"text-align: left\" class=\"vc_custom_heading\" ><a href=\"https:\/\/gblexpress.com\/cs\/gbl\/\">Koupit GBL online<\/a><\/h3>\n\t<div class=\"wpb_text_column wpb_content_element\" >\n\t\t<div class=\"wpb_wrapper\">\n\t\t\t<p style=\"text-align: justify;\">GBL Express se zab\u00fdv\u00e1 l\u00e9ky GBL ji\u017e des\u00edtky let a rozum\u00ed pot\u0159eb\u00e1m z\u00e1kazn\u00edk\u016f z cel\u00e9ho sv\u011bta. GBL si m\u016f\u017eete snadno koupit bez l\u00e9ka\u0159sk\u00e9ho p\u0159edpisu zde.<\/p>\n\n\t\t<\/div>\n\t<\/div>\n<\/div><\/div><\/div><div class=\"wpb_column vc_column_container vc_col-sm-4\"><div class=\"vc_column-inner\"><div class=\"wpb_wrapper\"  >\n\t<div  class=\"wpb_single_image wpb_content_element vc_align_center\">\n\t\t\n\t\t<figure class=\"wpb_wrapper vc_figure\">\n\t\t\t<a href=\"https:\/\/gblexpress.com\/cs\/ghb\/\" target=\"_self\" class=\"vc_single_image-wrapper vc_box_rounded  vc_box_border_grey\"><img loading=\"lazy\" decoding=\"async\" width=\"615\" height=\"350\" src=\"https:\/\/gblexpress.com\/wp-content\/uploads\/2023\/01\/ghb-liquid.jpg\" class=\"vc_single_image-img attachment-full\" alt=\"Gamma hydroxybutyr\u00e1t (GHB) Koupit online\" srcset=\"https:\/\/gblexpress.com\/wp-content\/uploads\/2023\/01\/ghb-liquid.jpg 615w, https:\/\/gblexpress.com\/wp-content\/uploads\/2023\/01\/ghb-liquid-300x171.jpg 300w\" sizes=\"auto, (max-width: 615px) 100vw, 615px\" title=\"Gamma hydroxybutyr\u00e1t (GHB) Koupit online\" \/><\/a>\n\t\t<\/figure>\n\t<\/div>\n<h3 style=\"text-align: left\" class=\"vc_custom_heading\" ><a href=\"https:\/\/gblexpress.com\/cs\/ghb\/\">Koupit GBL online<\/a><\/h3>\n\t<div class=\"wpb_text_column wpb_content_element\" >\n\t\t<div class=\"wpb_wrapper\">\n\t\t\t<p style=\"text-align: justify;\">D\u00edky dostupnosti na\u0161eho obchodu se nemus\u00edte starat o to, kde GHB koupit. V na\u0161em internetov\u00e9m obchod\u011b si m\u016f\u017eete snadno koupit GHB bez l\u00e9ka\u0159sk\u00e9ho p\u0159edpisu.<\/p>\n\n\t\t<\/div>\n\t<\/div>\n<\/div><\/div><\/div><div class=\"wpb_column vc_column_container vc_col-sm-4\"><div class=\"vc_column-inner\"><div class=\"wpb_wrapper\"  >\n\t<div  class=\"wpb_single_image wpb_content_element vc_align_center\">\n\t\t\n\t\t<figure class=\"wpb_wrapper vc_figure\">\n\t\t\t<a href=\"https:\/\/gblexpress.com\/cs\/ko-kapky\/\" target=\"_self\" class=\"vc_single_image-wrapper vc_box_rounded  vc_box_border_grey\"><img loading=\"lazy\" decoding=\"async\" width=\"615\" height=\"350\" src=\"https:\/\/gblexpress.com\/wp-content\/uploads\/2023\/01\/ko-drops.jpg\" class=\"vc_single_image-img attachment-full\" alt=\"Koupit KO Drops online\" srcset=\"https:\/\/gblexpress.com\/wp-content\/uploads\/2023\/01\/ko-drops.jpg 615w, https:\/\/gblexpress.com\/wp-content\/uploads\/2023\/01\/ko-drops-300x171.jpg 300w\" sizes=\"auto, (max-width: 615px) 100vw, 615px\" title=\"Koupit KO Drops online\" \/><\/a>\n\t\t<\/figure>\n\t<\/div>\n<h3 style=\"text-align: left\" class=\"vc_custom_heading\" ><a href=\"https:\/\/gblexpress.com\/cs\/ko-kapky\/\">Kupte si KO Drops online<\/a><\/h3>\n\t<div class=\"wpb_text_column wpb_content_element\" >\n\t\t<div class=\"wpb_wrapper\">\n\t\t\t<p style=\"text-align: justify;\">N\u00e1\u0161 internetov\u00fd obchod v\u00e1m pom\u016f\u017ee objednat knockout kapky online za nejlep\u0161\u00ed ceny. S podporou na\u0161eho obchodu se nemus\u00edte starat o to, kde koupit knockout kapky.<\/p>\n\n\t\t<\/div>\n\t<\/div>\n<\/div><\/div><\/div><\/div><\/div><\/section><section class=\"wpb_row vc_row-fluid call-to-action text-light bg-color vc_custom_1675107688125\"><div class=\"container\"><div class=\"row\"><div class=\"wpb_column vc_column_container vc_col-sm-8\"><div class=\"vc_column-inner\"><div class=\"wpb_wrapper\"  ><h3 style=\"text-align: left\" class=\"vc_custom_heading mt20\" >Vy\u017e\u00e1dejte si bezplatnou cenovou nab\u00eddku na na\u0161e produkty!<\/h3><\/div><\/div><\/div><div class=\"wpb_column vc_column_container vc_col-sm-4\"><div class=\"vc_column-inner\"><div class=\"wpb_wrapper\"  >\t\t\t\n\t<!-- Element: OT Button 2 --> \n\t<a href=\"http:\/\/gblexpress.com\/cs\/kontaktujte-nas\/\" title=\"Po\u017e\u00e1dejte nyn\u00ed\" target=\" _blank\" class=\"btn btn-line btn-big mt10\">Po\u017e\u00e1dejte nyn\u00ed<\/a>\t\n<\/div><\/div><\/div><\/div><\/div><\/section>","protected":false},"excerpt":{"rendered":"KOUPIT RITALIN ONLINE Kupte si 100 % \u010dist\u00e9ho Ritalinu online na GBLExpress Chcete si koupit Ritalin online bezpe\u010dn\u00fdm zp\u016fsobem? GBL Express je pro v\u00e1s ide\u00e1ln\u00edm \u0159e\u0161en\u00edm. Ritalin je \u00fa\u010dinn\u00fd a nezbytn\u00fd l\u00e9k pro mnoho pacient\u016f s ADHD, ale jeho z\u00edsk\u00e1n\u00ed m\u016f\u017ee b\u00fdt obt\u00ed\u017en\u00e9 a drah\u00e9. Kdy\u017e si koup\u00edte Ritalin od GBLExpress, m\u016f\u017eete si [...]","protected":false},"author":1,"featured_media":0,"parent":0,"menu_order":0,"comment_status":"closed","ping_status":"closed","template":"page-templates\/template-fullwidth.php","meta":{"_joinchat":[],"footnotes":""},"class_list":["post-424","page","type-page","status-publish","hentry"],"yoast_head":"<!-- This site is optimized with the Yoast SEO plugin v25.4 - https:\/\/yoast.com\/wordpress\/plugins\/seo\/ -->\n<title>Ritalin Online Kaufen - Ritalin online bestellen - Ritalin tabletten<\/title>\n<meta name=\"description\" content=\"Auf der Suche nach Ritalin-Tabletten in bester Qualit\u00e4t online 10 mg, 20 mg, 30 mg? Wir sind der beste Lieferant von Ritalin. Sie k\u00f6nnen Ritalin online kaufen, Ritalin legal bestellen.\" \/>\n<meta name=\"robots\" content=\"index, follow, max-snippet:-1, max-image-preview:large, max-video-preview:-1\" \/>\n<link rel=\"canonical\" href=\"https:\/\/gblexpress.com\/cs\/ritalin\/\" \/>\n<meta property=\"og:locale\" content=\"cs_CZ\" \/>\n<meta property=\"og:type\" content=\"article\" \/>\n<meta property=\"og:title\" content=\"Ritalin Online Kaufen - Ritalin online bestellen - Ritalin tabletten\" \/>\n<meta property=\"og:description\" content=\"Auf der Suche nach Ritalin-Tabletten in bester Qualit\u00e4t online 10 mg, 20 mg, 30 mg? Wir sind der beste Lieferant von Ritalin. Sie k\u00f6nnen Ritalin online kaufen, Ritalin legal bestellen.\" \/>\n<meta property=\"og:url\" content=\"https:\/\/gblexpress.com\/cs\/ritalin\/\" \/>\n<meta property=\"og:site_name\" content=\"GBL Express\" \/>\n<meta property=\"article:modified_time\" content=\"2024-06-07T10:17:46+00:00\" \/>\n<meta name=\"twitter:card\" content=\"summary_large_image\" \/>\n<meta name=\"twitter:label1\" content=\"Odhadovan\u00e1 doba \u010dten\u00ed\" \/>\n\t<meta name=\"twitter:data1\" content=\"5 minut\" \/>\n<!-- \/ Yoast SEO plugin. -->","yoast_head_json":{"title":"Koupit Ritalin online - Objednat Ritalin online - Ritalin tablety","description":"Hled\u00e1te nejkvalitn\u011bj\u0161\u00ed tablety Ritalin online 10 mg, 20 mg, 30 mg? Jsme nejlep\u0161\u00ed dodavatel Ritalinu. Ritalin si m\u016f\u017eete koupit online, objednat Ritalin leg\u00e1ln\u011b.","robots":{"index":"index","follow":"follow","max-snippet":"max-snippet:-1","max-image-preview":"max-image-preview:large","max-video-preview":"max-video-preview:-1"},"canonical":"https:\/\/gblexpress.com\/cs\/ritalin\/","og_locale":"cs_CZ","og_type":"article","og_title":"Ritalin Online Kaufen - Ritalin online bestellen - Ritalin tabletten","og_description":"Auf der Suche nach Ritalin-Tabletten in bester Qualit\u00e4t online 10 mg, 20 mg, 30 mg? Wir sind der beste Lieferant von Ritalin. Sie k\u00f6nnen Ritalin online kaufen, Ritalin legal bestellen.","og_url":"https:\/\/gblexpress.com\/cs\/ritalin\/","og_site_name":"GBL Express","article_modified_time":"2024-06-07T10:17:46+00:00","twitter_card":"summary_large_image","twitter_misc":{"Odhadovan\u00e1 doba \u010dten\u00ed":"5 minut"},"schema":{"@context":"https:\/\/schema.org","@graph":[{"@type":"WebPage","@id":"https:\/\/gblexpress.com\/ritalin\/","url":"https:\/\/gblexpress.com\/ritalin\/","name":"Koupit Ritalin online - Objednat Ritalin online - Ritalin tablety","isPartOf":{"@id":"https:\/\/gblexpress.com\/#website"},"datePublished":"2023-01-31T09:04:08+00:00","dateModified":"2024-06-07T10:17:46+00:00","description":"Hled\u00e1te nejkvalitn\u011bj\u0161\u00ed tablety Ritalin online 10 mg, 20 mg, 30 mg? Jsme nejlep\u0161\u00ed dodavatel Ritalinu. Ritalin si m\u016f\u017eete koupit online, objednat Ritalin leg\u00e1ln\u011b.","breadcrumb":{"@id":"https:\/\/gblexpress.com\/ritalin\/#breadcrumb"},"inLanguage":"cs","potentialAction":[{"@type":"ReadAction","target":["https:\/\/gblexpress.com\/ritalin\/"]}]},{"@type":"BreadcrumbList","@id":"https:\/\/gblexpress.com\/ritalin\/#breadcrumb","itemListElement":[{"@type":"ListItem","position":1,"name":"Home","item":"https:\/\/gblexpress.com\/"},{"@type":"ListItem","position":2,"name":"Ritalin Online Kaufen"}]},{"@type":"WebSite","@id":"https:\/\/gblexpress.com\/#website","url":"https:\/\/gblexpress.com\/","name":"GBL Express","description":"","publisher":{"@id":"https:\/\/gblexpress.com\/#organization"},"potentialAction":[{"@type":"SearchAction","target":{"@type":"EntryPoint","urlTemplate":"https:\/\/gblexpress.com\/?s={search_term_string}"},"query-input":{"@type":"PropertyValueSpecification","valueRequired":true,"valueName":"search_term_string"}}],"inLanguage":"cs"},{"@type":"Organization","@id":"https:\/\/gblexpress.com\/#organization","name":"GBL Express","url":"https:\/\/gblexpress.com\/","logo":{"@type":"ImageObject","inLanguage":"cs","@id":"https:\/\/gblexpress.com\/#\/schema\/logo\/image\/","url":"https:\/\/gblexpress.com\/wp-content\/uploads\/2023\/01\/logo.png","contentUrl":"https:\/\/gblexpress.com\/wp-content\/uploads\/2023\/01\/logo.png","width":250,"height":52,"caption":"GBL Express"},"image":{"@id":"https:\/\/gblexpress.com\/#\/schema\/logo\/image\/"}}]}},"jetpack-related-posts":[],"jetpack_sharing_enabled":true,"_links":{"self":[{"href":"https:\/\/gblexpress.com\/cs\/wp-json\/wp\/v2\/pages\/424","targetHints":{"allow":["GET"]}}],"collection":[{"href":"https:\/\/gblexpress.com\/cs\/wp-json\/wp\/v2\/pages"}],"about":[{"href":"https:\/\/gblexpress.com\/cs\/wp-json\/wp\/v2\/types\/page"}],"author":[{"embeddable":true,"href":"https:\/\/gblexpress.com\/cs\/wp-json\/wp\/v2\/users\/1"}],"replies":[{"embeddable":true,"href":"https:\/\/gblexpress.com\/cs\/wp-json\/wp\/v2\/comments?post=424"}],"version-history":[{"count":9,"href":"https:\/\/gblexpress.com\/cs\/wp-json\/wp\/v2\/pages\/424\/revisions"}],"predecessor-version":[{"id":1055,"href":"https:\/\/gblexpress.com\/cs\/wp-json\/wp\/v2\/pages\/424\/revisions\/1055"}],"wp:attachment":[{"href":"https:\/\/gblexpress.com\/cs\/wp-json\/wp\/v2\/media?parent=424"}],"curies":[{"name":"wp","href":"https:\/\/api.w.org\/{rel}","templated":true}]}}