{"id":1238,"date":"2024-11-26T05:39:48","date_gmt":"2024-11-26T05:39:48","guid":{"rendered":"https:\/\/gblexpress.com\/?post_type=product&#038;p=1238"},"modified":"2026-02-27T10:34:49","modified_gmt":"2026-02-27T10:34:49","slug":"mefedron","status":"publish","type":"product","link":"https:\/\/gblexpress.com\/cs\/produkt-2\/mefedron\/","title":{"rendered":"MefeDron"},"content":{"rendered":"<h2><strong>Koupit Mefedron: V\u0161e o \u00fa\u010dinku, d\u00e1vkov\u00e1n\u00ed a bezpe\u010dn\u00e9m n\u00e1kupu online<\/strong><\/h2>\n<p><strong>Mefedron<\/strong>zn\u00e1m\u00fd tak\u00e9 jako 4-MMC, je popul\u00e1rn\u00ed syntetick\u00e1 l\u00e1tka zn\u00e1m\u00e1 sv\u00fdmi stimula\u010dn\u00edmi a euforizuj\u00edc\u00edmi \u00fa\u010dinky. Mnoho u\u017eivatel\u016f hled\u00e1 pr\u00e1v\u011b <a href=\"https:\/\/en.wikipedia.org\/wiki\/Mephedrone\"><strong>Krystaly Mefedron<\/strong><\/a> nebo <strong>Pr\u00e1\u0161ek Mefedron<\/strong>za\u017e\u00edt energii, soust\u0159ed\u011bn\u00ed a intenzivn\u00ed z\u00e1\u017eitky. Pokud jste <a href=\"https:\/\/gblexpress.com\/cs\/produkt-2\/mefedron\/\"><strong>Koupit Mefedron<\/strong><\/a>je d\u016fle\u017eit\u00e9 zn\u00e1t spr\u00e1vn\u00e9 d\u00e1vkov\u00e1n\u00ed, \u00fa\u010dinek a bezpe\u010dn\u00e9 zdroje dod\u00e1vek.<a href=\"https:\/\/gblexpress.com\/cs\/obchod\/suchy-vareny-ghb-500-gramu\/\">.<\/a><\/p>\n<h3><strong>Co je Mefedron?<\/strong><\/h3>\n<p>Mefedron pat\u0159\u00ed do chemick\u00e9 t\u0159\u00eddy katinon\u016f a \u010dasto se pou\u017e\u00edv\u00e1 jako droga na ve\u010d\u00edrky. Je zn\u00e1m\u00fd svou schopnost\u00ed podporovat euforii, bd\u011blost a zv\u00fd\u0161en\u00e9 smyslov\u00e9 vn\u00edm\u00e1n\u00ed. Mefedron je \u010dasto nab\u00edzen v n\u00e1sleduj\u00edc\u00edch form\u00e1ch:<\/p>\n<ul>\n<li><strong>Krystaly Mefedron:<\/strong> \u010cist\u00fd a ide\u00e1ln\u00ed pro flexibiln\u00ed d\u00e1vkov\u00e1n\u00ed.<\/li>\n<li><strong>Pr\u00e1\u0161ek Mefedron:<\/strong> Snadn\u00e9 pou\u017eit\u00ed a univerz\u00e1ln\u00ed d\u00e1vkov\u00e1n\u00ed<a href=\"https:\/\/cokebricks.com\/product\/alprazolam\/\">.<\/a><\/li>\n<\/ul>\n<h3><strong>\u00da\u010dinek p\u0159\u00edpravku Mefedron<\/strong><\/h3>\n<p>Na str\u00e1nk\u00e1ch <strong>Mefedron\u016fv efekt<\/strong> se obvykle objev\u00ed do 15 a\u017e 45 minut po po\u017eit\u00ed a m\u016f\u017ee trvat a\u017e 3 hodiny. Typick\u00e9 \u00fa\u010dinky jsou<\/p>\n<ul>\n<li><strong>Euforie:<\/strong> Siln\u00fd pocit \u0161t\u011bst\u00ed a zv\u00fd\u0161en\u00e9 sebev\u011bdom\u00ed.<\/li>\n<li><strong>Zv\u00fd\u0161en\u00e1 energie:<\/strong> V\u00edce fyzick\u00e9 a du\u0161evn\u00ed aktivity.<\/li>\n<li><strong>Zlep\u0161en\u00ed soci\u00e1ln\u00ed interakce:<\/strong> Pocit bl\u00edzkosti a otev\u0159enosti v\u016f\u010di druh\u00fdm.<\/li>\n<li><strong>Intenzivn\u011bj\u0161\u00ed vn\u00edm\u00e1n\u00ed:<\/strong> Siln\u011bj\u0161\u00ed reakce na sv\u011btlo, hudbu a dotek.<\/li>\n<\/ul>\n<h3><strong>D\u00e1vkov\u00e1n\u00ed p\u0159\u00edpravku Mefedron<\/strong><\/h3>\n<p>Pr\u00e1vo <strong>D\u00e1vkov\u00e1n\u00ed p\u0159\u00edpravku Mefedron<\/strong> je pro pozitivn\u00ed z\u00e1\u017eitek kl\u00ed\u010dov\u00fd:<\/p>\n<ul>\n<li><strong>Za\u010d\u00e1te\u010dn\u00edci:<\/strong> 100-150 mg<\/li>\n<li><strong>Zku\u0161en\u00ed u\u017eivatel\u00e9:<\/strong> 150-250 mg<\/li>\n<li><strong>Po pod\u00e1n\u00ed:<\/strong> 50-100 mg po nejm\u00e9n\u011b 2 hodin\u00e1ch.<\/li>\n<\/ul>\n<p>Je d\u016fle\u017eit\u00e9 konzumovat Mefedron v bezpe\u010dn\u00e9m prost\u0159ed\u00ed a zajistit dostate\u010dnou hydrataci.<\/p>\n<h3><strong>Rizika a bezpe\u010dnost<\/strong><\/h3>\n<p>A\u010dkoli je Mefedron \u010dasto vn\u00edm\u00e1n jako bezpe\u010dn\u00fd, mohou se vyskytnout ne\u017e\u00e1douc\u00ed \u00fa\u010dinky, zejm\u00e9na p\u0159i vy\u0161\u0161\u00edch d\u00e1vk\u00e1ch nebo \u010dast\u00e9m u\u017e\u00edv\u00e1n\u00ed:<\/p>\n<ul>\n<li><strong>Kr\u00e1tkodob\u00e9 vedlej\u0161\u00ed \u00fa\u010dinky:<\/strong> Pocen\u00ed, zv\u00fd\u0161en\u00e1 srde\u010dn\u00ed frekvence, nevolnost.<\/li>\n<li><strong>Dlouhodob\u00e1 rizika:<\/strong> Poruchy sp\u00e1nku, \u00fazkost nebo z\u00e1vislost.<\/li>\n<\/ul>\n<p>Vyhn\u011bte se sm\u00ed\u0161en\u00e9mu u\u017e\u00edv\u00e1n\u00ed s jin\u00fdmi l\u00e1tkami, abyste minimalizovali ne\u017e\u00e1douc\u00ed vedlej\u0161\u00ed \u00fa\u010dinky.<\/p>\n<h3><strong>Koupit Mefedron bezpe\u010dn\u011b online<\/strong><\/h3>\n<p>jestli ty <strong>Koupit Mefedron online<\/strong>v\u011bnovat pozornost:<\/p>\n<ul>\n<li><strong>Diskr\u00e9tn\u00ed doru\u010den\u00ed:<\/strong> Bezpe\u010dn\u011b a anonymn\u011b zabalen\u00e9.<\/li>\n<li><strong>Testovan\u00e1 kvalita:<\/strong> Zaru\u010den\u00e1 \u010distota a jasn\u00e9 informace o d\u00e1vkov\u00e1n\u00ed.<\/li>\n<li><strong>Jednoduch\u00e9 objedn\u00e1n\u00ed:<\/strong> Objedn\u00e1vejte snadno a rychle.<\/li>\n<\/ul>\n<p>Na\u0161e platforma v\u00e1m nab\u00edz\u00ed p\u0159\u00edle\u017eitost, <strong>Mefedron krystaly nebo pr\u00e1\u0161ek<\/strong> bezpe\u010dn\u011b online. D\u016fv\u011b\u0159ujte vysoce kvalitn\u00edm produkt\u016fm a spolehliv\u00e9mu doru\u010den\u00ed.<\/p>\n<h3><strong>Koupit Mefedron nyn\u00ed<\/strong><\/h3>\n<p>Za\u017eijte jedine\u010dn\u00e9 \u00fa\u010dinky <strong>Mefedron<\/strong>. A\u0165 u\u017e d\u00e1v\u00e1te p\u0159ednost krystal\u016fm nebo pr\u00e1\u0161ku, m\u016f\u017eete si u n\u00e1s bezpe\u010dn\u011b a diskr\u00e9tn\u011b objednat. Objevte v\u00fdhody produktu, kter\u00fd poskytuje energii, euforii a intenzivn\u00ed z\u00e1\u017eitky. <strong>Objednejte si Mefedron online je\u0161t\u011b dnes.<\/strong><\/p>","protected":false},"excerpt":{"rendered":"<p><strong>Mefedron<\/strong>tak\u00e9 zn\u00e1m\u00fd jako <strong>MefeDron<\/strong> nebo <strong>4-metylmetkatinon (4-MMC)<\/strong>je syntetick\u00e1 l\u00e1tka ze skupiny katinon\u016f. Je zn\u00e1m\u00e1 sv\u00fdmi stimula\u010dn\u00edmi a empatogenn\u00edmi vlastnostmi. <strong>Mefedron<\/strong> se \u010dasto pou\u017e\u00edv\u00e1 ve v\u00fdzkumu ke studiu jeho vlivu na centr\u00e1ln\u00ed nervov\u00fd syst\u00e9m a neurotransmitery, jako je dopamin a serotonin.<\/p>\n<p><strong>Jak mefedron funguje?<\/strong><br \/>\nMefedron zvy\u0161uje uvol\u0148ov\u00e1n\u00ed <strong>Dopamin<\/strong> a <strong>Serotonin<\/strong> a z\u00e1rove\u0148 inhibuje jejich zp\u011btn\u00e9 vychyt\u00e1v\u00e1n\u00ed. To vede ke zv\u00fd\u0161en\u00e9 neuron\u00e1ln\u00ed aktivit\u011b, kter\u00e1 se projevuje eufori\u00ed, zv\u00fd\u0161enou energi\u00ed a intenzivn\u00edm smyslov\u00fdm vn\u00edm\u00e1n\u00edm.<\/p>\n<ul>\n<li><strong>\u00da\u010dinky:<\/strong> Zv\u00fd\u0161en\u00e1 energie, euforie, zv\u00fd\u0161en\u00e1 soci\u00e1ln\u00ed interakce a lep\u0161\u00ed smyslov\u00e9 vn\u00edm\u00e1n\u00ed.<\/li>\n<li><strong>N\u00e1stup \u00fa\u010dinku:<\/strong> 15-45 minut po po\u017eit\u00ed.<\/li>\n<li><strong>Doba trv\u00e1n\u00ed \u00fa\u010dinku:<\/strong> 2-4 hodiny, v z\u00e1vislosti na d\u00e1vkov\u00e1n\u00ed.<\/li>\n<\/ul>\n<p><strong>Vzorec a vlastnosti<\/strong><\/p>\n<ul>\n<li><strong>Chemick\u00fd n\u00e1zev:<\/strong> 4-metylmetkatinon<\/li>\n<li><strong>Molekul\u00e1rn\u00ed vzorec:<\/strong> C11H15NO<\/li>\n<li><strong>Molekulov\u00e1 hmotnost:<\/strong> 177,25 g\/mol<\/li>\n<\/ul>","protected":false},"featured_media":1254,"comment_status":"open","ping_status":"closed","template":"","meta":{"_joinchat":[]},"product_brand":[],"product_cat":[246],"product_tag":[592,593,615,591,595,590,602,610,604,609,600,608,616,601,618,594,607,599,597,598,596,611,606,605,617,612,613,603,614],"class_list":{"0":"post-1238","1":"product","2":"type-product","3":"status-publish","4":"has-post-thumbnail","6":"product_cat-sex-meth","7":"product_tag-4-methylmethcathinon","8":"product_tag-4-mmc","9":"product_tag-4-mmc-kaufen","10":"product_tag-mefedron","11":"product_tag-mefedron-bestellen","12":"product_tag-mephedron","13":"product_tag-mephedron-anwendung","14":"product_tag-mephedron-chemikalien","15":"product_tag-mephedron-dosierung","16":"product_tag-mephedron-fuer-apotheken","17":"product_tag-mephedron-fuer-forschung","18":"product_tag-mephedron-fuer-labore","19":"product_tag-mephedron-fuer-wissenschaftliche-studien","20":"product_tag-mephedron-grosshandel","21":"product_tag-mephedron-in-deutschland-kaufen","22":"product_tag-mephedron-kaufen","23":"product_tag-mephedron-lagerung","24":"product_tag-mephedron-legal-kaufen","25":"product_tag-mephedron-lieferant","26":"product_tag-mephedron-online-kaufen","27":"product_tag-mephedron-preis","28":"product_tag-mephedron-reinheit","29":"product_tag-mephedron-risiken","30":"product_tag-mephedron-sicherheitsrichtlinien","31":"product_tag-mephedron-testsubstanzen","32":"product_tag-mephedron-vertrieb","33":"product_tag-mephedron-weltweit-bestellen","34":"product_tag-mephedron-wirkung","35":"product_tag-wo-mephedron-kaufen","37":"first","38":"instock","39":"shipping-taxable","40":"purchasable","41":"product-type-variable"},"yoast_head":"<!-- This site is optimized with the Yoast SEO plugin v25.4 - https:\/\/yoast.com\/wordpress\/plugins\/seo\/ -->\n<title>MepheDrone online kaufen - MepheDrone zum Verkauf<\/title>\n<meta name=\"description\" content=\"In unserem Gblexpress Online-Shop bieten wir Mefedron an. Sie k\u00f6nnen Mefedron in Top-Qualit\u00e4t bequem online zu besten Preisen kaufen. Jetzt bestellen!\" \/>\n<meta name=\"robots\" content=\"index, follow, max-snippet:-1, max-image-preview:large, max-video-preview:-1\" \/>\n<link rel=\"canonical\" href=\"https:\/\/gblexpress.com\/cs\/produkt-2\/mefedron\/\" \/>\n<meta property=\"og:locale\" content=\"cs_CZ\" \/>\n<meta property=\"og:type\" content=\"article\" \/>\n<meta property=\"og:title\" content=\"MepheDrone online kaufen - MepheDrone zum Verkauf\" \/>\n<meta property=\"og:description\" content=\"In unserem Gblexpress Online-Shop bieten wir Mefedron an. Sie k\u00f6nnen Mefedron in Top-Qualit\u00e4t bequem online zu besten Preisen kaufen. Jetzt bestellen!\" \/>\n<meta property=\"og:url\" content=\"https:\/\/gblexpress.com\/cs\/produkt-2\/mefedron\/\" \/>\n<meta property=\"og:site_name\" content=\"GBL Express\" \/>\n<meta property=\"article:modified_time\" content=\"2026-02-27T10:34:49+00:00\" \/>\n<meta property=\"og:image\" content=\"https:\/\/gblexpress.com\/wp-content\/uploads\/2024\/11\/mefedron-2.gif\" \/>\n\t<meta property=\"og:image:width\" content=\"600\" \/>\n\t<meta property=\"og:image:height\" content=\"600\" \/>\n\t<meta property=\"og:image:type\" content=\"image\/gif\" \/>\n<meta name=\"twitter:card\" content=\"summary_large_image\" \/>\n<meta name=\"twitter:label1\" content=\"Odhadovan\u00e1 doba \u010dten\u00ed\" \/>\n\t<meta name=\"twitter:data1\" content=\"2 minuty\" \/>\n<!-- \/ Yoast SEO plugin. -->","yoast_head_json":{"title":"Koupit MepheDrone online - MepheDrone na prodej","description":"V na\u0161em online obchod\u011b Gblexpress nab\u00edz\u00edme Mefedron. \u0160pi\u010dkovou kvalitu Mefedron nakoup\u00edte pohodln\u011b online za nejlep\u0161\u00ed ceny. Objednejte nyn\u00ed!","robots":{"index":"index","follow":"follow","max-snippet":"max-snippet:-1","max-image-preview":"max-image-preview:large","max-video-preview":"max-video-preview:-1"},"canonical":"https:\/\/gblexpress.com\/cs\/produkt-2\/mefedron\/","og_locale":"cs_CZ","og_type":"article","og_title":"MepheDrone online kaufen - MepheDrone zum Verkauf","og_description":"In unserem Gblexpress Online-Shop bieten wir Mefedron an. Sie k\u00f6nnen Mefedron in Top-Qualit\u00e4t bequem online zu besten Preisen kaufen. Jetzt bestellen!","og_url":"https:\/\/gblexpress.com\/cs\/produkt-2\/mefedron\/","og_site_name":"GBL Express","article_modified_time":"2026-02-27T10:34:49+00:00","og_image":[{"width":600,"height":600,"url":"https:\/\/gblexpress.com\/wp-content\/uploads\/2024\/11\/mefedron-2.gif","type":"image\/gif"}],"twitter_card":"summary_large_image","twitter_misc":{"Odhadovan\u00e1 doba \u010dten\u00ed":"2 minuty"},"schema":{"@context":"https:\/\/schema.org","@graph":[{"@type":"WebPage","@id":"https:\/\/gblexpress.com\/product\/mefedron\/","url":"https:\/\/gblexpress.com\/product\/mefedron\/","name":"Koupit MepheDrone online - MepheDrone na prodej","isPartOf":{"@id":"https:\/\/gblexpress.com\/#website"},"primaryImageOfPage":{"@id":"https:\/\/gblexpress.com\/product\/mefedron\/#primaryimage"},"image":{"@id":"https:\/\/gblexpress.com\/product\/mefedron\/#primaryimage"},"thumbnailUrl":"https:\/\/gblexpress.com\/wp-content\/uploads\/2024\/11\/mefedron-2.gif","datePublished":"2024-11-26T05:39:48+00:00","dateModified":"2026-02-27T10:34:49+00:00","description":"V na\u0161em online obchod\u011b Gblexpress nab\u00edz\u00edme Mefedron. \u0160pi\u010dkovou kvalitu Mefedron nakoup\u00edte pohodln\u011b online za nejlep\u0161\u00ed ceny. Objednejte nyn\u00ed!","breadcrumb":{"@id":"https:\/\/gblexpress.com\/product\/mefedron\/#breadcrumb"},"inLanguage":"cs","potentialAction":[{"@type":"ReadAction","target":["https:\/\/gblexpress.com\/product\/mefedron\/"]}]},{"@type":"ImageObject","inLanguage":"cs","@id":"https:\/\/gblexpress.com\/product\/mefedron\/#primaryimage","url":"https:\/\/gblexpress.com\/wp-content\/uploads\/2024\/11\/mefedron-2.gif","contentUrl":"https:\/\/gblexpress.com\/wp-content\/uploads\/2024\/11\/mefedron-2.gif","width":600,"height":600,"caption":"mefedron online kaufen"},{"@type":"BreadcrumbList","@id":"https:\/\/gblexpress.com\/product\/mefedron\/#breadcrumb","itemListElement":[{"@type":"ListItem","position":1,"name":"Home","item":"https:\/\/gblexpress.com\/"},{"@type":"ListItem","position":2,"name":"Shop","item":"https:\/\/gblexpress.com\/shop\/"},{"@type":"ListItem","position":3,"name":"MefeDron"}]},{"@type":"WebSite","@id":"https:\/\/gblexpress.com\/#website","url":"https:\/\/gblexpress.com\/","name":"GBL Express","description":"","publisher":{"@id":"https:\/\/gblexpress.com\/#organization"},"potentialAction":[{"@type":"SearchAction","target":{"@type":"EntryPoint","urlTemplate":"https:\/\/gblexpress.com\/?s={search_term_string}"},"query-input":{"@type":"PropertyValueSpecification","valueRequired":true,"valueName":"search_term_string"}}],"inLanguage":"cs"},{"@type":"Organization","@id":"https:\/\/gblexpress.com\/#organization","name":"GBL Express","url":"https:\/\/gblexpress.com\/","logo":{"@type":"ImageObject","inLanguage":"cs","@id":"https:\/\/gblexpress.com\/#\/schema\/logo\/image\/","url":"https:\/\/gblexpress.com\/wp-content\/uploads\/2023\/01\/logo.png","contentUrl":"https:\/\/gblexpress.com\/wp-content\/uploads\/2023\/01\/logo.png","width":250,"height":52,"caption":"GBL Express"},"image":{"@id":"https:\/\/gblexpress.com\/#\/schema\/logo\/image\/"}}]}},"jetpack-related-posts":[],"jetpack_sharing_enabled":true,"_links":{"self":[{"href":"https:\/\/gblexpress.com\/cs\/wp-json\/wp\/v2\/product\/1238","targetHints":{"allow":["GET"]}}],"collection":[{"href":"https:\/\/gblexpress.com\/cs\/wp-json\/wp\/v2\/product"}],"about":[{"href":"https:\/\/gblexpress.com\/cs\/wp-json\/wp\/v2\/types\/product"}],"replies":[{"embeddable":true,"href":"https:\/\/gblexpress.com\/cs\/wp-json\/wp\/v2\/comments?post=1238"}],"wp:featuredmedia":[{"embeddable":true,"href":"https:\/\/gblexpress.com\/cs\/wp-json\/wp\/v2\/media\/1254"}],"wp:attachment":[{"href":"https:\/\/gblexpress.com\/cs\/wp-json\/wp\/v2\/media?parent=1238"}],"wp:term":[{"taxonomy":"product_brand","embeddable":true,"href":"https:\/\/gblexpress.com\/cs\/wp-json\/wp\/v2\/product_brand?post=1238"},{"taxonomy":"product_cat","embeddable":true,"href":"https:\/\/gblexpress.com\/cs\/wp-json\/wp\/v2\/product_cat?post=1238"},{"taxonomy":"product_tag","embeddable":true,"href":"https:\/\/gblexpress.com\/cs\/wp-json\/wp\/v2\/product_tag?post=1238"}],"curies":[{"name":"wp","href":"https:\/\/api.w.org\/{rel}","templated":true}]}}