{"id":1239,"date":"2024-11-26T05:39:52","date_gmt":"2024-11-26T05:39:52","guid":{"rendered":"https:\/\/gblexpress.com\/?post_type=product&#038;p=1239"},"modified":"2026-02-28T09:26:03","modified_gmt":"2026-02-28T09:26:03","slug":"metamfetamina","status":"publish","type":"product","link":"https:\/\/gblexpress.com\/cs\/produkt-2\/metamfetamina\/","title":{"rendered":"Metamfetamina"},"content":{"rendered":"<h2><strong>Metamfetamin Online kaufen: Alles \u00fcber Wirkung, Dosierung und sicheren\u00a0<\/strong><\/h2>\n<p><a href=\"https:\/\/gblexpress.com\/cs\/produkt-2\/metamfetamina\/\"><strong>Metamfetamin<\/strong><\/a>zn\u00e1m\u00fd tak\u00e9 jako pervitin, je siln\u00fd stimulant zn\u00e1m\u00fd sv\u00fdmi intenzivn\u00edmi povzbuzuj\u00edc\u00edmi a euforizuj\u00edc\u00edmi \u00fa\u010dinky. Mnoho lid\u00ed c\u00edlen\u011b vyhled\u00e1v\u00e1 <a href=\"https:\/\/en.wikipedia.org\/wiki\/Metandienone\"><strong>Krystaly metamfetaminu<\/strong><\/a> nebo <strong>Metamfetaminov\u00fd pr\u00e1\u0161ek<\/strong>dlouhotrvaj\u00edc\u00ed energie a zv\u00fd\u0161en\u00e1 bd\u011blost. Pokud <strong>Koupit metamfetamin<\/strong>je d\u016fle\u017eit\u00e9 zn\u00e1t \u00fa\u010dinek, d\u00e1vkov\u00e1n\u00ed a bezpe\u010dnostn\u00ed opat\u0159en\u00ed.<a href=\"https:\/\/gblexprimer.com\/product\/lsd-kwas\/\">.<\/a><\/p>\n<h3><strong>Co je metamfetamin?<\/strong><\/h3>\n<p>Metamfetamin je chemick\u00e1 slou\u010denina, kter\u00e1 p\u016fsob\u00ed na centr\u00e1ln\u00ed nervov\u00fd syst\u00e9m. \u010casto je nab\u00edzen v n\u00e1sleduj\u00edc\u00edch form\u00e1ch:<\/p>\n<ul>\n<li><strong>Krystaly metamfetaminu:<\/strong> Vysoce \u010dist\u00e1 forma zn\u00e1m\u00e1 siln\u00fdm a dlouhotrvaj\u00edc\u00edm \u00fa\u010dinkem<a href=\"https:\/\/gblexpress.com\/cs\/obchod\/gbl-koupit-online-butyrolakton-koupit\/\">.<\/a><\/li>\n<li><strong>Metamfetaminov\u00fd pr\u00e1\u0161ek:<\/strong> Flexibiln\u00ed d\u00e1vkov\u00e1n\u00ed a snadn\u00e9 pou\u017eit\u00ed.<\/li>\n<\/ul>\n<p>L\u00e1tka je \u010dasto cen\u011bna pro sv\u00e9 stimula\u010dn\u00ed vlastnosti, ale tak\u00e9 pro svou schopnost zvy\u0161ovat bd\u011blost a fyzickou v\u00fdkonnost.<\/p>\n<h3><strong>\u00da\u010dinek metamfetaminu<\/strong><\/h3>\n<p>Na str\u00e1nk\u00e1ch <strong>\u00da\u010dinek metamfetaminu<\/strong> se obvykle objev\u00ed b\u011bhem n\u011bkolika minut po po\u017eit\u00ed (v p\u0159\u00edpad\u011b vdechnut\u00ed nebo injek\u010dn\u00edho pod\u00e1n\u00ed rychleji) a m\u016f\u017ee trvat a\u017e 12 hodin. Mezi nej\u010dast\u011bj\u0161\u00ed \u00fa\u010dinky pat\u0159\u00ed:<\/p>\n<ul>\n<li><strong>Extr\u00e9mn\u00ed energie:<\/strong> Pocit zv\u00fd\u0161en\u00e9 fyzick\u00e9 a du\u0161evn\u00ed v\u00fdkonnosti.<\/li>\n<li><strong>Euforie:<\/strong> Intenzivn\u00ed opojen\u00ed, kter\u00e9 trv\u00e1 dlouho.<\/li>\n<li><strong>Soust\u0159ed\u011bn\u00ed a ostra\u017eitost:<\/strong> Zlep\u0161en\u00ed koncentrace a pozornosti.<\/li>\n<li><strong>Potla\u010den\u00ed \u00fanavy:<\/strong> Ide\u00e1ln\u00ed pro del\u0161\u00ed bd\u011bn\u00ed nebo aktivity.<\/li>\n<\/ul>\n<h3><strong>D\u00e1vkov\u00e1n\u00ed metamfetaminu<\/strong><\/h3>\n<p>Pr\u00e1vo <strong>D\u00e1vkov\u00e1n\u00ed metamfetaminu<\/strong> se li\u0161\u00ed v z\u00e1vislosti na zku\u0161enostech a zp\u016fsobu aplikace:<\/p>\n<ul>\n<li><strong>Za\u010d\u00e1te\u010dn\u00edci:<\/strong> 5-10 mg<\/li>\n<li><strong>Zku\u0161en\u00ed u\u017eivatel\u00e9:<\/strong> 10-25 mg<\/li>\n<li><strong>Vysok\u00e9 d\u00e1vkov\u00e1n\u00ed:<\/strong> Od 25 mg (pouze pro velmi zku\u0161en\u00e9 u\u017eivatele, proto\u017ee se zvy\u0161uje riziko ne\u017e\u00e1douc\u00edch \u00fa\u010dink\u016f).<\/li>\n<\/ul>\n<p>Abyste se vyhnuli ne\u017e\u00e1douc\u00edm vedlej\u0161\u00edm \u00fa\u010dink\u016fm, je d\u016fle\u017eit\u00e9 u\u017e\u00edvat jej kontrolovan\u011b a nep\u0159ed\u00e1vkovat se.<\/p>\n<h3><strong>Rizika a bezpe\u010dnost<\/strong><\/h3>\n<p>Metamfetamin je siln\u00e1 l\u00e1tka a m\u011bla by b\u00fdt pou\u017e\u00edv\u00e1na s opatrnost\u00ed. Mo\u017en\u00e9 ne\u017e\u00e1douc\u00ed \u00fa\u010dinky jsou:<\/p>\n<ul>\n<li><strong>Kr\u00e1tkodob\u00e9 vedlej\u0161\u00ed \u00fa\u010dinky:<\/strong> bu\u0161en\u00ed srdce, zv\u00fd\u0161en\u00fd krevn\u00ed tlak, ztr\u00e1ta chuti k j\u00eddlu.<\/li>\n<li><strong>Dlouhodob\u00e1 rizika:<\/strong> Z\u00e1vislost, poruchy sp\u00e1nku, nervozita nebo psychick\u00fd stres.<\/li>\n<\/ul>\n<p>Bezpe\u010dn\u00e9 m\u00edsto konzumace a dostate\u010dn\u00fd p\u0159\u00edjem tekutin jsou z\u00e1sadn\u00ed pro minimalizaci negativn\u00edch \u00fa\u010dink\u016f.<\/p>\n<h3><strong>Koupit metamfetamin bezpe\u010dn\u011b online<\/strong><\/h3>\n<p>Na <strong>Koupit metamfetamin online<\/strong> m\u011bli byste hledat renomovan\u00fd zdroj, kter\u00fd zaru\u010duje kvalitu a diskr\u00e9tnost. Na\u0161e platforma nab\u00edz\u00ed:<\/p>\n<ul>\n<li><strong>Diskr\u00e9tn\u00ed doru\u010den\u00ed:<\/strong> Anonymn\u011b a bezpe\u010dn\u011b zabalen\u00e9.<\/li>\n<li><strong>Testovan\u00e1 \u010distota:<\/strong> V\u00fdrobky nejvy\u0161\u0161\u00ed kvality s jasn\u00fdmi informacemi o d\u00e1vkov\u00e1n\u00ed.<\/li>\n<li><strong>Jednoduch\u00e9 objedn\u00e1n\u00ed:<\/strong> Koupit metamfetaminov\u00e9 krystaly nebo pr\u00e1\u0161ek rychle a snadno.<\/li>\n<\/ul>\n<h3><strong>Koupit Metamfetamine nyn\u00ed<\/strong><\/h3>\n<p>Za\u017eijte intenzivn\u00ed \u00fa\u010dinky <strong>Metamfetamin<\/strong>. A\u0165 u\u017e d\u00e1v\u00e1te p\u0159ednost krystal\u016fm nebo pr\u00e1\u0161ku, m\u016f\u017eete si u n\u00e1s bezpe\u010dn\u011b a diskr\u00e9tn\u011b objednat online. Objevte produkt, kter\u00fd je zn\u00e1m\u00fd svou extr\u00e9mn\u00ed energi\u00ed, eufori\u00ed a bd\u011blost\u00ed. <strong>Objednejte si metamfetamin online je\u0161t\u011b dnes a u\u017eijte si jedine\u010dn\u00fd z\u00e1\u017eitek.<\/strong><\/p>","protected":false},"excerpt":{"rendered":"<p><strong>Metamfetamin<\/strong>tak\u00e9 zn\u00e1m\u00fd jako <strong>Metamfetamin<\/strong>je siln\u00fd stimulant centr\u00e1ln\u00edho nervov\u00e9ho syst\u00e9mu (CNS) ze skupiny fenetylamin\u016f. Je zn\u00e1m\u00fd pro svou schopnost zvy\u0161ovat energii a koncentraci, je <strong>Metamfetamin<\/strong> je d\u016fle\u017eit\u00fdm p\u0159edm\u011btem v\u00fdzkumu v neurov\u011bd\u00e1ch a farmakologii, zejm\u00e9na p\u0159i zkoum\u00e1n\u00ed neurotransmiter\u016f dopaminu a noradrenalinu.<\/p>\n<p><strong>Jak metamfetamin funguje?<\/strong><br \/>\n<strong>Metamfetamin<\/strong> zvy\u0161uje uvol\u0148ov\u00e1n\u00ed <strong>Dopamin<\/strong>, <strong>Noradrenalin<\/strong> a <strong>Serotonin<\/strong> v mozku a z\u00e1rove\u0148 inhibuje jejich zp\u011btn\u00e9 vychyt\u00e1v\u00e1n\u00ed. To vede k intenzivn\u00ed neuron\u00e1ln\u00ed aktivit\u011b, zv\u00fd\u0161en\u00e9 bd\u011blosti a euforii.<\/p>\n<ul>\n<li><strong>\u00da\u010dinky:<\/strong> Zv\u00fd\u0161en\u00e1 energie, zv\u00fd\u0161en\u00e1 koncentrace, euforie a bd\u011blost.<\/li>\n<li><strong>N\u00e1stup \u00fa\u010dinku:<\/strong> 10-30 minut po po\u017eit\u00ed.<\/li>\n<li><strong>Doba trv\u00e1n\u00ed \u00fa\u010dinku:<\/strong> 6-12 hodin, v z\u00e1vislosti na d\u00e1vkov\u00e1n\u00ed a individu\u00e1ln\u00edch faktorech.<\/li>\n<\/ul>\n<p><strong>Vzorec a vlastnosti<\/strong><\/p>\n<ul>\n<li><strong>Chemick\u00fd n\u00e1zev:<\/strong> N-methyl-1-fenylpropan-2-amin<\/li>\n<li><strong>Molekul\u00e1rn\u00ed vzorec:<\/strong> C10H15N<\/li>\n<li><strong>Molekulov\u00e1 hmotnost:<\/strong> 149,24 g\/mol<\/li>\n<\/ul>","protected":false},"featured_media":1625,"comment_status":"open","ping_status":"closed","template":"","meta":{"_joinchat":[]},"product_brand":[],"product_cat":[246],"product_tag":[621,619,631,623,633,646,628,630,641,629,645,636,625,626,624,637,635,634,638,639,640,632,620,642,622,627,643,644],"class_list":{"0":"post-1239","1":"product","2":"type-product","3":"status-publish","4":"has-post-thumbnail","6":"product_cat-sex-meth","7":"product_tag-metamfetamina","8":"product_tag-metamphetamin","9":"product_tag-metamphetamin-anwendung","10":"product_tag-metamphetamin-bestellen","11":"product_tag-metamphetamin-dosierung","12":"product_tag-metamphetamin-fuer-apotheken","13":"product_tag-metamphetamin-fuer-forschung","14":"product_tag-metamphetamin-fuer-labore","15":"product_tag-metamphetamin-fuer-wissenschaftliche-studien","16":"product_tag-metamphetamin-grosshandel","17":"product_tag-metamphetamin-in-deutschland-kaufen","18":"product_tag-metamphetamin-lagerung","19":"product_tag-metamphetamin-lieferant","20":"product_tag-metamphetamin-online-kaufen","21":"product_tag-metamphetamin-preis","22":"product_tag-metamphetamin-reinheit","23":"product_tag-metamphetamin-risiken","24":"product_tag-metamphetamin-sicherheitsrichtlinien","25":"product_tag-metamphetamin-testsubstanzen","26":"product_tag-metamphetamin-vertrieb","27":"product_tag-metamphetamin-weltweit-bestellen","28":"product_tag-metamphetamin-wirkung","29":"product_tag-methamphetamin","30":"product_tag-methamphetamin-chemikalien","31":"product_tag-methamphetamin-kaufen","32":"product_tag-methamphetamin-legal-kaufen","33":"product_tag-methamphetamin-pulver-kaufen","34":"product_tag-wo-metamphetamin-kaufen","36":"first","37":"instock","38":"shipping-taxable","39":"purchasable","40":"product-type-variable"},"yoast_head":"<!-- This site is optimized with the Yoast SEO plugin v25.4 - https:\/\/yoast.com\/wordpress\/plugins\/seo\/ -->\n<title>Methamphetamin online kaufen \u2013 Methamphetamin zu verkaufen<\/title>\n<meta name=\"description\" content=\"Wenn Sie sich f\u00fcr Metamfetamin begeistern, ist unser Shop der beste Ort, um Metamfetamin online zu kaufen. Hier erhalten Sie Metamfetamin zum besten Preis. Bestellen Sie jetzt und erhalten Sie es in K\u00fcrze!\" \/>\n<meta name=\"robots\" content=\"index, follow, max-snippet:-1, max-image-preview:large, max-video-preview:-1\" \/>\n<link rel=\"canonical\" href=\"https:\/\/gblexpress.com\/cs\/produkt-2\/metamfetamina\/\" \/>\n<meta property=\"og:locale\" content=\"cs_CZ\" \/>\n<meta property=\"og:type\" content=\"article\" \/>\n<meta property=\"og:title\" content=\"Methamphetamin online kaufen \u2013 Methamphetamin zu verkaufen\" \/>\n<meta property=\"og:description\" content=\"Wenn Sie sich f\u00fcr Metamfetamin begeistern, ist unser Shop der beste Ort, um Metamfetamin online zu kaufen. Hier erhalten Sie Metamfetamin zum besten Preis. Bestellen Sie jetzt und erhalten Sie es in K\u00fcrze!\" \/>\n<meta property=\"og:url\" content=\"https:\/\/gblexpress.com\/cs\/produkt-2\/metamfetamina\/\" \/>\n<meta property=\"og:site_name\" content=\"GBL Express\" \/>\n<meta property=\"article:modified_time\" content=\"2026-02-28T09:26:03+00:00\" \/>\n<meta property=\"og:image\" content=\"https:\/\/gblexpress.com\/wp-content\/uploads\/2024\/11\/Metamfetamina.jpg\" \/>\n\t<meta property=\"og:image:width\" content=\"600\" \/>\n\t<meta property=\"og:image:height\" content=\"600\" \/>\n\t<meta property=\"og:image:type\" content=\"image\/jpeg\" \/>\n<meta name=\"twitter:card\" content=\"summary_large_image\" \/>\n<meta name=\"twitter:label1\" content=\"Odhadovan\u00e1 doba \u010dten\u00ed\" \/>\n\t<meta name=\"twitter:data1\" content=\"2 minuty\" \/>\n<!-- \/ Yoast SEO plugin. -->","yoast_head_json":{"title":"Koupit metamfetamin online \u2013 metamfetamin na prodej","description":"Pokud jste nad\u0161en\u00ed pro metamfetamin, n\u00e1\u0161 obchod je nejlep\u0161\u00edm m\u00edstem pro online n\u00e1kup metamfetaminu. Zde m\u016f\u017eete z\u00edskat metamfetamin za nejlep\u0161\u00ed cenu. Objednejte nyn\u00ed a brzy ji obdr\u017e\u00edte!","robots":{"index":"index","follow":"follow","max-snippet":"max-snippet:-1","max-image-preview":"max-image-preview:large","max-video-preview":"max-video-preview:-1"},"canonical":"https:\/\/gblexpress.com\/cs\/produkt-2\/metamfetamina\/","og_locale":"cs_CZ","og_type":"article","og_title":"Methamphetamin online kaufen \u2013 Methamphetamin zu verkaufen","og_description":"Wenn Sie sich f\u00fcr Metamfetamin begeistern, ist unser Shop der beste Ort, um Metamfetamin online zu kaufen. Hier erhalten Sie Metamfetamin zum besten Preis. Bestellen Sie jetzt und erhalten Sie es in K\u00fcrze!","og_url":"https:\/\/gblexpress.com\/cs\/produkt-2\/metamfetamina\/","og_site_name":"GBL Express","article_modified_time":"2026-02-28T09:26:03+00:00","og_image":[{"width":600,"height":600,"url":"https:\/\/gblexpress.com\/wp-content\/uploads\/2024\/11\/Metamfetamina.jpg","type":"image\/jpeg"}],"twitter_card":"summary_large_image","twitter_misc":{"Odhadovan\u00e1 doba \u010dten\u00ed":"2 minuty"},"schema":{"@context":"https:\/\/schema.org","@graph":[{"@type":"WebPage","@id":"https:\/\/gblexpress.com\/product\/metamfetamina\/","url":"https:\/\/gblexpress.com\/product\/metamfetamina\/","name":"Koupit metamfetamin online \u2013 metamfetamin na prodej","isPartOf":{"@id":"https:\/\/gblexpress.com\/#website"},"primaryImageOfPage":{"@id":"https:\/\/gblexpress.com\/product\/metamfetamina\/#primaryimage"},"image":{"@id":"https:\/\/gblexpress.com\/product\/metamfetamina\/#primaryimage"},"thumbnailUrl":"https:\/\/gblexpress.com\/wp-content\/uploads\/2024\/11\/Metamfetamina.jpg","datePublished":"2024-11-26T05:39:52+00:00","dateModified":"2026-02-28T09:26:03+00:00","description":"Pokud jste nad\u0161en\u00ed pro metamfetamin, n\u00e1\u0161 obchod je nejlep\u0161\u00edm m\u00edstem pro online n\u00e1kup metamfetaminu. Zde m\u016f\u017eete z\u00edskat metamfetamin za nejlep\u0161\u00ed cenu. Objednejte nyn\u00ed a brzy ji obdr\u017e\u00edte!","breadcrumb":{"@id":"https:\/\/gblexpress.com\/product\/metamfetamina\/#breadcrumb"},"inLanguage":"cs","potentialAction":[{"@type":"ReadAction","target":["https:\/\/gblexpress.com\/product\/metamfetamina\/"]}]},{"@type":"ImageObject","inLanguage":"cs","@id":"https:\/\/gblexpress.com\/product\/metamfetamina\/#primaryimage","url":"https:\/\/gblexpress.com\/wp-content\/uploads\/2024\/11\/Metamfetamina.jpg","contentUrl":"https:\/\/gblexpress.com\/wp-content\/uploads\/2024\/11\/Metamfetamina.jpg","width":600,"height":600,"caption":"Metamfetamina online kaufen"},{"@type":"BreadcrumbList","@id":"https:\/\/gblexpress.com\/product\/metamfetamina\/#breadcrumb","itemListElement":[{"@type":"ListItem","position":1,"name":"Home","item":"https:\/\/gblexpress.com\/"},{"@type":"ListItem","position":2,"name":"Shop","item":"https:\/\/gblexpress.com\/shop\/"},{"@type":"ListItem","position":3,"name":"Metamfetamina"}]},{"@type":"WebSite","@id":"https:\/\/gblexpress.com\/#website","url":"https:\/\/gblexpress.com\/","name":"GBL Express","description":"","publisher":{"@id":"https:\/\/gblexpress.com\/#organization"},"potentialAction":[{"@type":"SearchAction","target":{"@type":"EntryPoint","urlTemplate":"https:\/\/gblexpress.com\/?s={search_term_string}"},"query-input":{"@type":"PropertyValueSpecification","valueRequired":true,"valueName":"search_term_string"}}],"inLanguage":"cs"},{"@type":"Organization","@id":"https:\/\/gblexpress.com\/#organization","name":"GBL Express","url":"https:\/\/gblexpress.com\/","logo":{"@type":"ImageObject","inLanguage":"cs","@id":"https:\/\/gblexpress.com\/#\/schema\/logo\/image\/","url":"https:\/\/gblexpress.com\/wp-content\/uploads\/2023\/01\/logo.png","contentUrl":"https:\/\/gblexpress.com\/wp-content\/uploads\/2023\/01\/logo.png","width":250,"height":52,"caption":"GBL Express"},"image":{"@id":"https:\/\/gblexpress.com\/#\/schema\/logo\/image\/"}}]}},"jetpack-related-posts":[],"jetpack_sharing_enabled":true,"_links":{"self":[{"href":"https:\/\/gblexpress.com\/cs\/wp-json\/wp\/v2\/product\/1239","targetHints":{"allow":["GET"]}}],"collection":[{"href":"https:\/\/gblexpress.com\/cs\/wp-json\/wp\/v2\/product"}],"about":[{"href":"https:\/\/gblexpress.com\/cs\/wp-json\/wp\/v2\/types\/product"}],"replies":[{"embeddable":true,"href":"https:\/\/gblexpress.com\/cs\/wp-json\/wp\/v2\/comments?post=1239"}],"wp:featuredmedia":[{"embeddable":true,"href":"https:\/\/gblexpress.com\/cs\/wp-json\/wp\/v2\/media\/1625"}],"wp:attachment":[{"href":"https:\/\/gblexpress.com\/cs\/wp-json\/wp\/v2\/media?parent=1239"}],"wp:term":[{"taxonomy":"product_brand","embeddable":true,"href":"https:\/\/gblexpress.com\/cs\/wp-json\/wp\/v2\/product_brand?post=1239"},{"taxonomy":"product_cat","embeddable":true,"href":"https:\/\/gblexpress.com\/cs\/wp-json\/wp\/v2\/product_cat?post=1239"},{"taxonomy":"product_tag","embeddable":true,"href":"https:\/\/gblexpress.com\/cs\/wp-json\/wp\/v2\/product_tag?post=1239"}],"curies":[{"name":"wp","href":"https:\/\/api.w.org\/{rel}","templated":true}]}}