{"id":1258,"date":"2024-11-26T07:54:46","date_gmt":"2024-11-26T07:54:46","guid":{"rendered":"https:\/\/gblexpress.com\/?post_type=product&#038;p=1258"},"modified":"2026-02-27T10:28:07","modified_gmt":"2026-02-27T10:28:07","slug":"ketamina","status":"publish","type":"product","link":"https:\/\/gblexpress.com\/cs\/produkt-2\/ketamina\/","title":{"rendered":"Ketamina liquide Online Kaufen"},"content":{"rendered":"<h2><strong>Ketamin fl\u00fcssig Online kaufen: Informationen zur fl\u00fcssigen Form f\u00fcr vielseitige Anwendungen<\/strong><\/h2>\n<p><a href=\"https:\/\/gblexpress.com\/cs\/produkt-2\/ketamina\/\"><strong>Ketamin tekut\u00fd<\/strong><\/a> je univerz\u00e1ln\u00ed l\u00e1tka, kter\u00e1 se pou\u017e\u00edv\u00e1 v r\u016fzn\u00fdch oblastech. Ketamin v tekut\u00e9 form\u011b je cen\u011bn pro sv\u016fj rychl\u00fd \u00fa\u010dinek a flexibilitu, od anestezie a\u017e po l\u00e9\u010dbu du\u0161evn\u00edch onemocn\u011bn\u00ed, jako je deprese nebo \u00fazkost. Pokud si <a href=\"https:\/\/en.wikipedia.org\/wiki\/Ketamine\"><strong>Koupit ketaminovou kapalinu<\/strong><\/a>m\u016f\u017eete se spolehnout na produkt, kter\u00fd lze snadno d\u00e1vkovat a p\u0159izp\u016fsobit.<a href=\"https:\/\/gblexpress.com\/cs\/obchod\/xyrem-180-ml-zu-500-mg-%ce%b3-hydroxybuttersaeure-ghb\/\">.<\/a><\/p>\n<h3><strong>Co je ketamin tekut\u00fd?<\/strong><\/h3>\n<p>Ketamin v tekut\u00e9m stavu je chemick\u00e1 slou\u010denina, kter\u00e1 je zn\u00e1m\u00e1 jako siln\u00fd prost\u0159edek na uklidn\u011bn\u00ed a proti bolesti. Pou\u017e\u00edv\u00e1 se v l\u00e9ka\u0159stv\u00ed a st\u00e1le \u010dast\u011bji tak\u00e9 v terapii ke zm\u00edrn\u011bn\u00ed p\u0159\u00edznak\u016f, jako je bolest nebo psychick\u00fd stres.<a href=\"https:\/\/cokebricks.com\/product-category\/research-chemicals\/\">.<\/a><\/p>\n<h3><strong>V\u00fdhody ketaminov\u00e9 kapaliny<\/strong><\/h3>\n<p><strong>1. rychl\u00fd a \u00fa\u010dinn\u00fd efekt<\/strong><br \/>\nTekut\u00e1 forma ketaminu umo\u017e\u0148uje rychl\u00e9 vst\u0159eb\u00e1v\u00e1n\u00ed v t\u011ble. B\u011bhem n\u011bkolika minut se projev\u00ed jeho zklid\u0148uj\u00edc\u00ed a bolest ti\u0161\u00edc\u00ed \u00fa\u010dinky, co\u017e je ide\u00e1ln\u00ed pro akutn\u00ed aplikace.<\/p>\n<p><strong>2. p\u0159esn\u00e9 d\u00e1vkov\u00e1n\u00ed<\/strong><br \/>\nU tekut\u00e9ho ketaminu lze p\u0159esn\u011b nastavit d\u00e1vkov\u00e1n\u00ed, co\u017e z n\u011bj \u010din\u00ed nepostradateln\u00fd prost\u0159edek pro l\u00e9ka\u0159sk\u00e9 a terapeutick\u00e9 pou\u017eit\u00ed.<\/p>\n<p><strong>3. v\u0161estrann\u00e9 mo\u017enosti pou\u017eit\u00ed<\/strong><br \/>\nTekutou formu ketaminu lze pod\u00e1vat intraven\u00f3zn\u011b, intramuskul\u00e1rn\u011b nebo subkut\u00e1nn\u011b. Tato flexibilita umo\u017e\u0148uje p\u0159izp\u016fsobit p\u0159\u00edpravek specifick\u00fdm pot\u0159eb\u00e1m u\u017eivatele.<\/p>\n<h3><strong>Jak se ketamin tekut\u00fd pou\u017e\u00edv\u00e1?<\/strong><\/h3>\n<ul>\n<li><strong>D\u00e1vkov\u00e1n\u00ed:<\/strong> Spr\u00e1vn\u00e9 d\u00e1vkov\u00e1n\u00ed je rozhoduj\u00edc\u00ed pro bezpe\u010dn\u00e9 a \u00fa\u010dinn\u00e9 pou\u017eit\u00ed. V\u017edy se \u0159i\u010fte pokyny odborn\u00edka.<\/li>\n<li><strong>Pou\u017eit\u00ed:<\/strong> Ketamin v tekut\u00e9m stavu se obvykle pod\u00e1v\u00e1 injek\u010dn\u011b nebo infuz\u00ed. Lze jej pou\u017e\u00edt i ve specializovan\u00fdch za\u0159\u00edzen\u00edch.<\/li>\n<li><strong>\u00da\u010dinky:<\/strong> Zjist\u011bte si informace o mo\u017en\u00fdch \u00fa\u010dinc\u00edch, kter\u00e9 mohou b\u00fdt od uklid\u0148uj\u00edc\u00edch a\u017e po m\u00edrn\u011b halucinogenn\u00ed.<\/li>\n<\/ul>\n<h3><strong>Koupit ketaminovou kapalinu online<\/strong><\/h3>\n<p>Mnoho u\u017eivatel\u016f hled\u00e1 bezpe\u010dn\u00fd zp\u016fsob n\u00e1kupu tekut\u00e9ho ketaminu online. Na\u0161e platforma nab\u00edz\u00ed:<\/p>\n<ul>\n<li><strong>Diskr\u00e9tn\u00ed doru\u010den\u00ed:<\/strong> Va\u0161e objedn\u00e1vka bude doru\u010dena rychle a anonymn\u011b zabalena.<\/li>\n<li><strong>Testovan\u00e1 kvalita:<\/strong> Zaru\u010dujeme \u010distotu a bezpe\u010dnost na\u0161ich v\u00fdrobk\u016f.<\/li>\n<li><strong>Jednoduch\u00e9 objedn\u00e1n\u00ed:<\/strong> Ketaminovou kapalinu si m\u016f\u017eete koupit n\u011bkolika kliknut\u00edmi.<\/li>\n<\/ul>\n<h3><strong>Objednat Ketamin tekut\u00fd nyn\u00ed<\/strong><\/h3>\n<p>Erleben Sie die Vorteile von Ketamin fl\u00fcssig \u2013 eine L\u00f6sung f\u00fcr schnelle Wirkung und pr\u00e4zise Dosierung. Ob f\u00fcr medizinische Anwendungen, Schmerztherapie oder andere spezialisierte Zwecke: Bestellen Sie noch heute sicher und diskret online. Vertrauen Sie auf ein Produkt, das f\u00fcr seine Effektivit\u00e4t und Vielseitigkeit bekannt ist.<\/p>","protected":false},"excerpt":{"rendered":"<p><strong>Tekut\u00fd ketamin<\/strong>tak\u00e9 zn\u00e1m\u00fd jako <strong>Ketamin hydrochlorid<\/strong>je disociativn\u00ed anestetikum, kter\u00e9 se hojn\u011b pou\u017e\u00edv\u00e1 v medic\u00edn\u011b a v\u00fdzkumu. Je cen\u011bno pro sv\u00e9 siln\u00e9 analgetick\u00e9, anestetick\u00e9 a neuroprotektivn\u00ed vlastnosti a je nepostradateln\u00fdm prost\u0159edkem p\u0159i chirurgick\u00fdch z\u00e1kroc\u00edch, l\u00e9\u010db\u011b bolesti a neurologick\u00fdch studi\u00edch.<\/p>\n<p><strong>Jak tekut\u00fd ketamin funguje?<\/strong><br \/>\n<strong>Ketamin<\/strong> blokuje NMDA receptory (N-methyl-D-aspart\u00e1t) v mozku, co\u017e sni\u017euje p\u0159enos sign\u00e1l\u016f bolesti. Sou\u010dasn\u011b navozuje disociativn\u00ed stav, kter\u00fd m\u00e1 analgetick\u00e9 i sedativn\u00ed \u00fa\u010dinky.<\/p>\n<ul>\n<li><strong>\u00da\u010dinky:<\/strong> Rychl\u00e1 \u00faleva od bolesti, anestezie a v n\u011bkter\u00fdch p\u0159\u00edpadech neuroprotektivn\u00ed \u00fa\u010dinky.<\/li>\n<li><strong>N\u00e1stup \u00fa\u010dinku:<\/strong> Bezprost\u0159edn\u011b po intraven\u00f3zn\u00edm nebo intramuskul\u00e1rn\u00edm pod\u00e1n\u00ed.<\/li>\n<li><strong>Doba trv\u00e1n\u00ed \u00fa\u010dinku:<\/strong> 10-25 minut pro anestezii, a\u017e 1 hodina pro \u00falevu od bolesti.<\/li>\n<\/ul>\n<p><strong>Vzorec a vlastnosti<\/strong><\/p>\n<ul>\n<li><strong>Chemick\u00fd n\u00e1zev:<\/strong> Ketamin hydrochlorid<\/li>\n<li><strong>Molekul\u00e1rn\u00ed vzorec:<\/strong> C13H16ClNO<\/li>\n<li><strong>Molekulov\u00e1 hmotnost:<\/strong> 237,7 g\/mol<\/li>\n<li><strong>Typick\u00e9 koncentrace:<\/strong> 50 mg\/ml nebo 100 mg\/ml (v z\u00e1vislosti na p\u0159\u00edpravku).<\/li>\n<\/ul>\n<p><strong>Aplikace tekut\u00e9ho ketaminu<\/strong><\/p>\n<ul>\n<li><strong>L\u00e9ka\u0159sk\u00e1 anestezie:<\/strong> Pro chirurgick\u00e9 z\u00e1kroky, kter\u00e9 vy\u017eaduj\u00ed rychlou a \u00fa\u010dinnou anestezii.<\/li>\n<li><strong>L\u00e9\u010dba bolesti:<\/strong> Vhodn\u00fd pro l\u00e9\u010dbu akutn\u00ed a chronick\u00e9 bolesti v klinick\u00e9m kontextu.<\/li>\n<li><strong>Neurov\u011bdeck\u00fd v\u00fdzkum:<\/strong> Studie o blokov\u00e1n\u00ed NMDA receptor\u016f a jejich neuroprotektivn\u00edch \u00fa\u010dinc\u00edch.<\/li>\n<\/ul>","protected":false},"featured_media":1621,"comment_status":"open","ping_status":"closed","template":"","meta":{"_joinchat":[]},"product_brand":[],"product_cat":[246],"product_tag":[464,457,470,445,459,465,471,456,458,469,467,466,463,447,451,450,454,455,446,460,453,449,452,448,462,461,468],"class_list":{"0":"post-1258","1":"product","2":"type-product","3":"status-publish","4":"has-post-thumbnail","6":"product_cat-sex-meth","7":"product_tag-ketamin-100-mg-ml-kaufen","8":"product_tag-ketamin-anwendung","9":"product_tag-ketamin-chemikalien","10":"product_tag-ketamin-fluessig","11":"product_tag-ketamin-fluessig-dosierung","12":"product_tag-ketamin-fluessig-fuer-anaesthesie","13":"product_tag-ketamin-fluessig-fuer-apotheken","14":"product_tag-ketamin-fluessig-fuer-labore","15":"product_tag-ketamin-fluessig-fuer-veterinaermedizin","16":"product_tag-ketamin-fluessig-reinheit","17":"product_tag-ketamin-fluessig-vertrieb","18":"product_tag-ketamin-fluessig-weltweit-bestellen","19":"product_tag-ketamin-fluessig-wirkung","20":"product_tag-ketamin-fluessigkeit-bestellen","21":"product_tag-ketamin-fuer-forschung","22":"product_tag-ketamin-fuer-medizinische-zwecke","23":"product_tag-ketamin-grosshandel","24":"product_tag-ketamin-in-deutschland-kaufen","25":"product_tag-ketamin-kaufen","26":"product_tag-ketamin-lagerung","27":"product_tag-ketamin-legal-kaufen","28":"product_tag-ketamin-lieferant","29":"product_tag-ketamin-online-kaufen","30":"product_tag-ketamin-preis","31":"product_tag-ketamin-risiken","32":"product_tag-ketamin-sicherheitsrichtlinien","33":"product_tag-wo-ketamin-fluessig-kaufen","35":"first","36":"instock","37":"shipping-taxable","38":"purchasable","39":"product-type-variable"},"yoast_head":"<!-- This site is optimized with the Yoast SEO plugin v25.4 - https:\/\/yoast.com\/wordpress\/plugins\/seo\/ -->\n<title>Kaufen Sie Ketamina Liquid online \u2013 Ketamina Liquid zum Verkauf<\/title>\n<meta name=\"description\" content=\"Wenn Sie Ketamin-Liquid aus unserem Shop noch nicht probiert haben, verpassen Sie viel. Wir helfen Ihnen, Ketamin-Liquid online g\u00fcnstig zu kaufen. Sichern Sie sich noch heute Ketamin-Liquid!\" \/>\n<meta name=\"robots\" content=\"index, follow, max-snippet:-1, max-image-preview:large, max-video-preview:-1\" \/>\n<link rel=\"canonical\" href=\"https:\/\/gblexpress.com\/cs\/produkt-2\/ketamina\/\" \/>\n<meta property=\"og:locale\" content=\"cs_CZ\" \/>\n<meta property=\"og:type\" content=\"article\" \/>\n<meta property=\"og:title\" content=\"Kaufen Sie Ketamina Liquid online \u2013 Ketamina Liquid zum Verkauf\" \/>\n<meta property=\"og:description\" content=\"Wenn Sie Ketamin-Liquid aus unserem Shop noch nicht probiert haben, verpassen Sie viel. Wir helfen Ihnen, Ketamin-Liquid online g\u00fcnstig zu kaufen. Sichern Sie sich noch heute Ketamin-Liquid!\" \/>\n<meta property=\"og:url\" content=\"https:\/\/gblexpress.com\/cs\/produkt-2\/ketamina\/\" \/>\n<meta property=\"og:site_name\" content=\"GBL Express\" \/>\n<meta property=\"article:modified_time\" content=\"2026-02-27T10:28:07+00:00\" \/>\n<meta property=\"og:image\" content=\"https:\/\/gblexpress.com\/wp-content\/uploads\/2024\/11\/Ketamina-liquide.jpg\" \/>\n\t<meta property=\"og:image:width\" content=\"600\" \/>\n\t<meta property=\"og:image:height\" content=\"600\" \/>\n\t<meta property=\"og:image:type\" content=\"image\/jpeg\" \/>\n<meta name=\"twitter:card\" content=\"summary_large_image\" \/>\n<meta name=\"twitter:label1\" content=\"Odhadovan\u00e1 doba \u010dten\u00ed\" \/>\n\t<meta name=\"twitter:data1\" content=\"2 minuty\" \/>\n<!-- \/ Yoast SEO plugin. -->","yoast_head_json":{"title":"Koupit Ketamin Liquid online \u2013 Ketamin Liquid na prodej","description":"Pokud jste je\u0161t\u011b nevyzkou\u0161eli ketaminov\u00fd liquid z na\u0161eho obchodu, p\u0159ich\u00e1z\u00edte o to. Pom\u016f\u017eeme v\u00e1m koupit ketamin kapalinu online za rozumnou cenu. Z\u00edskejte ketamin tekutinu je\u0161t\u011b dnes!","robots":{"index":"index","follow":"follow","max-snippet":"max-snippet:-1","max-image-preview":"max-image-preview:large","max-video-preview":"max-video-preview:-1"},"canonical":"https:\/\/gblexpress.com\/cs\/produkt-2\/ketamina\/","og_locale":"cs_CZ","og_type":"article","og_title":"Kaufen Sie Ketamina Liquid online \u2013 Ketamina Liquid zum Verkauf","og_description":"Wenn Sie Ketamin-Liquid aus unserem Shop noch nicht probiert haben, verpassen Sie viel. Wir helfen Ihnen, Ketamin-Liquid online g\u00fcnstig zu kaufen. Sichern Sie sich noch heute Ketamin-Liquid!","og_url":"https:\/\/gblexpress.com\/cs\/produkt-2\/ketamina\/","og_site_name":"GBL Express","article_modified_time":"2026-02-27T10:28:07+00:00","og_image":[{"width":600,"height":600,"url":"https:\/\/gblexpress.com\/wp-content\/uploads\/2024\/11\/Ketamina-liquide.jpg","type":"image\/jpeg"}],"twitter_card":"summary_large_image","twitter_misc":{"Odhadovan\u00e1 doba \u010dten\u00ed":"2 minuty"},"schema":{"@context":"https:\/\/schema.org","@graph":[{"@type":"WebPage","@id":"https:\/\/gblexpress.com\/product\/ketamina\/","url":"https:\/\/gblexpress.com\/product\/ketamina\/","name":"Koupit Ketamin Liquid online \u2013 Ketamin Liquid na prodej","isPartOf":{"@id":"https:\/\/gblexpress.com\/#website"},"primaryImageOfPage":{"@id":"https:\/\/gblexpress.com\/product\/ketamina\/#primaryimage"},"image":{"@id":"https:\/\/gblexpress.com\/product\/ketamina\/#primaryimage"},"thumbnailUrl":"https:\/\/gblexpress.com\/wp-content\/uploads\/2024\/11\/Ketamina-liquide.jpg","datePublished":"2024-11-26T07:54:46+00:00","dateModified":"2026-02-27T10:28:07+00:00","description":"Pokud jste je\u0161t\u011b nevyzkou\u0161eli ketaminov\u00fd liquid z na\u0161eho obchodu, p\u0159ich\u00e1z\u00edte o to. Pom\u016f\u017eeme v\u00e1m koupit ketamin kapalinu online za rozumnou cenu. Z\u00edskejte ketamin tekutinu je\u0161t\u011b dnes!","breadcrumb":{"@id":"https:\/\/gblexpress.com\/product\/ketamina\/#breadcrumb"},"inLanguage":"cs","potentialAction":[{"@type":"ReadAction","target":["https:\/\/gblexpress.com\/product\/ketamina\/"]}]},{"@type":"ImageObject","inLanguage":"cs","@id":"https:\/\/gblexpress.com\/product\/ketamina\/#primaryimage","url":"https:\/\/gblexpress.com\/wp-content\/uploads\/2024\/11\/Ketamina-liquide.jpg","contentUrl":"https:\/\/gblexpress.com\/wp-content\/uploads\/2024\/11\/Ketamina-liquide.jpg","width":600,"height":600,"caption":"Ketamina-liquide online kaufen"},{"@type":"BreadcrumbList","@id":"https:\/\/gblexpress.com\/product\/ketamina\/#breadcrumb","itemListElement":[{"@type":"ListItem","position":1,"name":"Home","item":"https:\/\/gblexpress.com\/"},{"@type":"ListItem","position":2,"name":"Shop","item":"https:\/\/gblexpress.com\/shop\/"},{"@type":"ListItem","position":3,"name":"Ketamina liquide Online Kaufen"}]},{"@type":"WebSite","@id":"https:\/\/gblexpress.com\/#website","url":"https:\/\/gblexpress.com\/","name":"GBL Express","description":"","publisher":{"@id":"https:\/\/gblexpress.com\/#organization"},"potentialAction":[{"@type":"SearchAction","target":{"@type":"EntryPoint","urlTemplate":"https:\/\/gblexpress.com\/?s={search_term_string}"},"query-input":{"@type":"PropertyValueSpecification","valueRequired":true,"valueName":"search_term_string"}}],"inLanguage":"cs"},{"@type":"Organization","@id":"https:\/\/gblexpress.com\/#organization","name":"GBL Express","url":"https:\/\/gblexpress.com\/","logo":{"@type":"ImageObject","inLanguage":"cs","@id":"https:\/\/gblexpress.com\/#\/schema\/logo\/image\/","url":"https:\/\/gblexpress.com\/wp-content\/uploads\/2023\/01\/logo.png","contentUrl":"https:\/\/gblexpress.com\/wp-content\/uploads\/2023\/01\/logo.png","width":250,"height":52,"caption":"GBL Express"},"image":{"@id":"https:\/\/gblexpress.com\/#\/schema\/logo\/image\/"}}]}},"jetpack-related-posts":[],"jetpack_sharing_enabled":true,"_links":{"self":[{"href":"https:\/\/gblexpress.com\/cs\/wp-json\/wp\/v2\/product\/1258","targetHints":{"allow":["GET"]}}],"collection":[{"href":"https:\/\/gblexpress.com\/cs\/wp-json\/wp\/v2\/product"}],"about":[{"href":"https:\/\/gblexpress.com\/cs\/wp-json\/wp\/v2\/types\/product"}],"replies":[{"embeddable":true,"href":"https:\/\/gblexpress.com\/cs\/wp-json\/wp\/v2\/comments?post=1258"}],"wp:featuredmedia":[{"embeddable":true,"href":"https:\/\/gblexpress.com\/cs\/wp-json\/wp\/v2\/media\/1621"}],"wp:attachment":[{"href":"https:\/\/gblexpress.com\/cs\/wp-json\/wp\/v2\/media?parent=1258"}],"wp:term":[{"taxonomy":"product_brand","embeddable":true,"href":"https:\/\/gblexpress.com\/cs\/wp-json\/wp\/v2\/product_brand?post=1258"},{"taxonomy":"product_cat","embeddable":true,"href":"https:\/\/gblexpress.com\/cs\/wp-json\/wp\/v2\/product_cat?post=1258"},{"taxonomy":"product_tag","embeddable":true,"href":"https:\/\/gblexpress.com\/cs\/wp-json\/wp\/v2\/product_tag?post=1258"}],"curies":[{"name":"wp","href":"https:\/\/api.w.org\/{rel}","templated":true}]}}