{"id":1259,"date":"2024-11-26T07:54:51","date_gmt":"2024-11-26T07:54:51","guid":{"rendered":"https:\/\/gblexpress.com\/?post_type=product&#038;p=1259"},"modified":"2026-02-27T10:32:15","modified_gmt":"2026-02-27T10:32:15","slug":"leki-uspokajajace","status":"publish","type":"product","link":"https:\/\/gblexpress.com\/cs\/produkt-2\/leki-uspokajajace\/","title":{"rendered":"Leki Uspokajajace"},"content":{"rendered":"<h2><strong>Kupte si l\u00e9ky na uklidn\u011bn\u00ed: Leki Uspokajaj\u0105ce pro relaxaci a \u00falevu od stresu<\/strong><\/h2>\n<p><a href=\"https:\/\/de.wikipedia.org\/wiki\/Lorazepam\"><strong>Leki Uspokajaj\u0105ce<\/strong><\/a>pat\u0159\u00edc\u00ed do kategorie trankviliz\u00e9r\u016f, je st\u00e1le \u010dast\u011bji vyhled\u00e1v\u00e1n lidmi, kte\u0159\u00ed hledaj\u00ed \u0159e\u0161en\u00ed pro zvl\u00e1d\u00e1n\u00ed stresu, zm\u00edrn\u011bn\u00ed \u00fazkosti nebo lep\u0161\u00ed sp\u00e1nek. Pokud <a href=\"https:\/\/gblexpress.com\/cs\/produkt-2\/leki-uspokajajace\/\"><strong>Koupit l\u00e9ky na uklidn\u011bn\u00ed<\/strong><\/a>jako je Leki Uspokajaj\u0105ce, je d\u016fle\u017eit\u00e9 zn\u00e1t \u00fa\u010dinky, bezpe\u010dn\u00e9 pou\u017e\u00edv\u00e1n\u00ed a v\u00fdhody t\u011bchto produkt\u016f.<a href=\"https:\/\/gblexpress.com\/cs\/obchod\/ketamina\/\">.<\/a><\/p>\n<h3><strong>Co jsou Leki Uspokajaj\u0105ce?<\/strong><\/h3>\n<p>Leki Uspokajaj\u0105ce jsou l\u00e9ky na uklidn\u011bn\u00ed, kter\u00e9 byly speci\u00e1ln\u011b vyvinuty pro zm\u00edrn\u011bn\u00ed stresu, \u00fazkosti a probl\u00e9m\u016f se sp\u00e1nkem. P\u016fsob\u00ed na centr\u00e1ln\u00ed nervov\u00fd syst\u00e9m, \u010d\u00edm\u017e dosahuj\u00ed uklid\u0148uj\u00edc\u00edho \u00fa\u010dinku a uvol\u0148uj\u00ed mysl<a href=\"https:\/\/gblexprimer.com\/product\/ketamine-inresa-20-x-2-ml-100-mg-ml-ketamine\/\">.<\/a><\/p>\n<h3><strong>V\u00fdhody spole\u010dnosti Leki Uspokajaj\u0105ce<\/strong><\/h3>\n<p><strong>1. sn\u00ed\u017een\u00ed stresu a relaxace<\/strong><br \/>\nLeki Uspokajaj\u0105ce pom\u00e1haj\u00ed rychle sn\u00ed\u017eit p\u0159\u00edznaky stresu. Uklid\u0148uj\u00edc\u00ed \u00fa\u010dinek uvol\u0148uje t\u011blo a podporuje celkov\u00fd pocit pohody.<\/p>\n<p><strong>2. pomoc p\u0159i probl\u00e9mech se sp\u00e1nkem<\/strong><br \/>\nMnoho lid\u00ed pou\u017e\u00edv\u00e1 tyto l\u00e9ky na uklidn\u011bn\u00ed k podpo\u0159e klidn\u00e9ho sp\u00e1nku v p\u0159\u00edpad\u011b nespavosti nebo jin\u00fdch poruch sp\u00e1nku.<\/p>\n<p><strong>3. zvl\u00e1d\u00e1n\u00ed \u00fazkosti<\/strong><br \/>\nLeki Uspokajaj\u0105ce jsou ide\u00e1ln\u00ed pro zm\u00edrn\u011bn\u00ed akutn\u00ed \u00fazkosti a obnoven\u00ed emo\u010dn\u00ed rovnov\u00e1hy.<\/p>\n<p><strong>4. flexibiln\u00ed aplikace<\/strong><br \/>\nL\u00e9k je k dispozici v r\u016fzn\u00fdch form\u00e1ch, v\u010detn\u011b tablet, kapek nebo tobolek, tak\u017ee jej lze p\u0159izp\u016fsobit.<\/p>\n<h3><strong>Aplikace Leki Uspokajaj\u0105ce<\/strong><\/h3>\n<ul>\n<li><strong>D\u00e1vkov\u00e1n\u00ed:<\/strong> Spr\u00e1vn\u00e9 d\u00e1vkov\u00e1n\u00ed z\u00e1vis\u00ed na z\u00e1va\u017enosti p\u0159\u00edznak\u016f a individu\u00e1ln\u00ed toleranci. Pe\u010dliv\u011b si p\u0159e\u010dt\u011bte n\u00e1vod k pou\u017eit\u00ed nebo se pora\u010fte s odborn\u00edkem.<\/li>\n<li><strong>Pravideln\u00fd p\u0159\u00edjem:<\/strong> Pravideln\u00fd p\u0159\u00edjem m\u016f\u017ee b\u00fdt u\u017eite\u010dn\u00fd p\u0159i chronick\u00e9m stresu nebo poruch\u00e1ch sp\u00e1nku.<\/li>\n<li><strong>\u00da\u010dinek:<\/strong> Zklid\u0148uj\u00edc\u00ed \u00fa\u010dinek se \u010dasto dostav\u00ed b\u011bhem kr\u00e1tk\u00e9 doby a trv\u00e1 n\u011bkolik hodin.<\/li>\n<\/ul>\n<h3><strong>Koupit Leki Uspokajaj\u0105ce bezpe\u010dn\u011b online<\/strong><\/h3>\n<p>jestli ty <strong>Koupit trankviliz\u00e9ry online<\/strong>m\u011bli byste v\u011bnovat pozornost d\u016fv\u011bryhodn\u00e9 platform\u011b. Nab\u00edz\u00edme v\u00e1m:<\/p>\n<ul>\n<li><strong>Diskr\u00e9tn\u00ed doru\u010den\u00ed:<\/strong> Va\u0161e objedn\u00e1vka bude doru\u010dena anonymn\u011b a bezpe\u010dn\u011b zabalena.<\/li>\n<li><strong>Testovan\u00e1 kvalita:<\/strong> Na\u0161e v\u00fdrobky spl\u0148uj\u00ed nejvy\u0161\u0161\u00ed standardy kvality.<\/li>\n<li><strong>Jednoduch\u00e9 objedn\u00e1n\u00ed:<\/strong> Sta\u010d\u00ed jen p\u00e1r kliknut\u00ed a m\u016f\u017eete si Leki Uspokajaj\u0105ce koupit bezpe\u010dn\u011b a jednodu\u0161e online.<\/li>\n<\/ul>\n<h3><strong>\u010cast\u00e9 vyhled\u00e1vac\u00ed dotazy a kl\u00ed\u010dov\u00e1 slova<\/strong><\/h3>\n<ul>\n<li>Koupit Leki Uspokajaj\u0105ce online<\/li>\n<li>Sedativn\u00ed \u00fa\u010dinek a pou\u017eit\u00ed<\/li>\n<li>Leki Uspokajaj\u0105ce pro probl\u00e9my se sp\u00e1nkem<\/li>\n<li>Sedativum proti stresu<\/li>\n<li>Diskr\u00e9tn\u00ed doru\u010den\u00ed <a href=\"https:\/\/www.bing.com\/search?q=Heroinonlinekaufen&amp;qs=n&amp;form=QBRE&amp;sp=-1&amp;lq=0&amp;pq=heroinonlinekaufen&amp;sc=0-20&amp;sk=&amp;cvid=F6823772BC774DBC94E09229BF2C64B2&amp;ghsh=0&amp;ghacc=0&amp;ghpl=\">Leki Uspokajaj\u0105ce<\/a><\/li>\n<li>Objednat trankviliz\u00e9ry bezpe\u010dn\u011b<\/li>\n<li>Leki Uspokajaj\u0105ce Porovnat cenu<\/li>\n<\/ul>\n<h3><strong>Objednat Leki Uspokajaj\u0105ce nyn\u00ed<\/strong><\/h3>\n<p>Najd\u011bte klid a relaxaci s <strong>Leki Uspokajaj\u0105ce<\/strong>. Objednejte si je\u0161t\u011b dnes online a vyu\u017eijte produkt, kter\u00fd je zn\u00e1m\u00fd sv\u00fdm uklid\u0148uj\u00edc\u00edm \u00fa\u010dinkem a vysokou kvalitou. A\u0165 u\u017e chcete sn\u00ed\u017eit stres, zlep\u0161it sp\u00e1nek nebo zm\u00edrnit \u00fazkost, tyto trankviliz\u00e9ry nab\u00edzej\u00ed spolehliv\u00e9 \u0159e\u0161en\u00ed. Za\u010dn\u011bte hned a za\u017eijte novou rovnov\u00e1hu ve sv\u00e9m ka\u017edodenn\u00edm \u017eivot\u011b.<\/p>","protected":false},"excerpt":{"rendered":"<p><strong>Trankviliz\u00e9ry<\/strong>tak\u00e9 jako <strong>Sedativa<\/strong> nebo <strong>Anxiolytika<\/strong> jsou l\u00e9ky, kter\u00e9 se pou\u017e\u00edvaj\u00ed ke zm\u00edrn\u011bn\u00ed stresu, \u00fazkosti a poruch sp\u00e1nku. P\u016fsob\u00ed p\u0159\u00edmo na centr\u00e1ln\u00ed nervovou soustavu (CNS) a sni\u017euj\u00ed aktivitu neuron\u016f, podporuj\u00ed zklidn\u011bn\u00ed a umo\u017e\u0148uj\u00ed klidnou relaxaci. Tyto l\u00e1tky se pou\u017e\u00edvaj\u00ed jak v medic\u00edn\u011b, tak ve v\u00fdzkumu, jeho\u017e c\u00edlem je l\u00e9pe pochopit mechanismy p\u016fsoben\u00ed neurotransmiter\u016f.<\/p>\n<p><strong>Jak uklid\u0148uj\u00edc\u00ed l\u00e9ky funguj\u00ed?<\/strong><br \/>\nTrankviliz\u00e9ry zvy\u0161uj\u00ed \u00fa\u010dinek kyseliny gama-aminom\u00e1seln\u00e9 (<strong>GABA<\/strong>), inhibi\u010dn\u00ed neurotransmiter v mozku. To vede ke sn\u00ed\u017een\u00ed neuron\u00e1ln\u00ed aktivity a podporuje stav relaxace.<\/p>\n<ul>\n<li><strong>\u00da\u010dinky:<\/strong> Sn\u00ed\u017een\u00ed \u00fazkosti, uvoln\u011bn\u00ed sval\u016f, podpora sp\u00e1nku.<\/li>\n<li><strong>N\u00e1stup \u00fa\u010dinku:<\/strong> 20 minut a\u017e 1 hodinu po po\u017eit\u00ed.<\/li>\n<li><strong>Doba trv\u00e1n\u00ed \u00fa\u010dinku:<\/strong> V z\u00e1vislosti na p\u0159\u00edpravku a d\u00e1vkov\u00e1n\u00ed n\u011bkolik hodin.<\/li>\n<\/ul>\n<p><strong>Vzorec a p\u0159\u00edklady<\/strong><\/p>\n<ul>\n<li><strong>Benzodiazepiny:<\/strong> Diazepam (C16H13ClN2O), Lorazepam (C15H10Cl2N2O2) - rychl\u00e9 a \u00fa\u010dinn\u00e9 zklidn\u011bn\u00ed.<\/li>\n<li><strong>Barbitur\u00e1ty:<\/strong> Fenobarbital - \u010dasto se pou\u017e\u00edv\u00e1 v neurologii a ve v\u00fdzkumu.<\/li>\n<\/ul>","protected":false},"featured_media":1620,"comment_status":"open","ping_status":"closed","template":"","meta":{"_joinchat":[]},"product_brand":[],"product_cat":[246],"product_tag":[512,509,499,519,506,520,517,523,524,518,521,522,532,526,515,508,516,507,531,525,529,528,530,505,503,513,514,510,500,511,504,501,502,527],"class_list":{"0":"post-1259","1":"product","2":"type-product","3":"status-publish","4":"has-post-thumbnail","6":"product_cat-sex-meth","7":"product_tag-alprazolam","8":"product_tag-benzodiazepine-kaufen","9":"product_tag-beruhigungsmittel","10":"product_tag-beruhigungsmittel-anwendung","11":"product_tag-beruhigungsmittel-bestellen","12":"product_tag-beruhigungsmittel-dosierung","13":"product_tag-beruhigungsmittel-fuer-angst","14":"product_tag-beruhigungsmittel-fuer-apotheken","15":"product_tag-beruhigungsmittel-fuer-labore","16":"product_tag-beruhigungsmittel-fuer-schlaflosigkeit","17":"product_tag-beruhigungsmittel-fuer-stressabbau","18":"product_tag-beruhigungsmittel-grosshandel","19":"product_tag-beruhigungsmittel-in-deutschland-kaufen","20":"product_tag-beruhigungsmittel-lagerung","21":"product_tag-beruhigungsmittel-legal-kaufen","22":"product_tag-beruhigungsmittel-lieferant","23":"product_tag-beruhigungsmittel-ohne-rezept","24":"product_tag-beruhigungsmittel-preis","25":"product_tag-beruhigungsmittel-risiken","26":"product_tag-beruhigungsmittel-sicherheit","27":"product_tag-beruhigungsmittel-vertrieb","28":"product_tag-beruhigungsmittel-weltweit-bestellen","29":"product_tag-beruhigungsmittel-wirkung","30":"product_tag-beruhigungsprodukte-kaufen","31":"product_tag-beruhigungstabletten","32":"product_tag-bromazepam","33":"product_tag-clonazepam","34":"product_tag-diazepam","35":"product_tag-leki-uspokajajace","36":"product_tag-lorazepam","37":"product_tag-schlafmittel","38":"product_tag-sedativa","39":"product_tag-tranquilizer","40":"product_tag-wo-beruhigungsmittel-kaufen","42":"first","43":"instock","44":"shipping-taxable","45":"product-type-simple"},"yoast_head":"<!-- This site is optimized with the Yoast SEO plugin v25.4 - https:\/\/yoast.com\/wordpress\/plugins\/seo\/ -->\n<title>Beruhigungsmittel online kaufen \u2013 Beruhigungsmittel zu verkaufen<\/title>\n<meta name=\"description\" content=\"Bei Gblexpress erhalten Sie Leki Uspokajajace g\u00fcnstig. Hier k\u00f6nnen Sie hochwertige Leki Uspokajajace jetzt online in unserem Shop mit schnellem und sicherem Versand kaufen. Jetzt bestellen!\" \/>\n<meta name=\"robots\" content=\"index, follow, max-snippet:-1, max-image-preview:large, max-video-preview:-1\" \/>\n<link rel=\"canonical\" href=\"https:\/\/gblexpress.com\/cs\/produkt-2\/leki-uspokajajace\/\" \/>\n<meta property=\"og:locale\" content=\"cs_CZ\" \/>\n<meta property=\"og:type\" content=\"article\" \/>\n<meta property=\"og:title\" content=\"Beruhigungsmittel online kaufen \u2013 Beruhigungsmittel zu verkaufen\" \/>\n<meta property=\"og:description\" content=\"Bei Gblexpress erhalten Sie Leki Uspokajajace g\u00fcnstig. Hier k\u00f6nnen Sie hochwertige Leki Uspokajajace jetzt online in unserem Shop mit schnellem und sicherem Versand kaufen. Jetzt bestellen!\" \/>\n<meta property=\"og:url\" content=\"https:\/\/gblexpress.com\/cs\/produkt-2\/leki-uspokajajace\/\" \/>\n<meta property=\"og:site_name\" content=\"GBL Express\" \/>\n<meta property=\"article:modified_time\" content=\"2026-02-27T10:32:15+00:00\" \/>\n<meta property=\"og:image\" content=\"https:\/\/gblexpress.com\/wp-content\/uploads\/2024\/11\/Leki-Uspokajajace.jpg\" \/>\n\t<meta property=\"og:image:width\" content=\"600\" \/>\n\t<meta property=\"og:image:height\" content=\"600\" \/>\n\t<meta property=\"og:image:type\" content=\"image\/jpeg\" \/>\n<meta name=\"twitter:card\" content=\"summary_large_image\" \/>\n<meta name=\"twitter:label1\" content=\"Odhadovan\u00e1 doba \u010dten\u00ed\" \/>\n\t<meta name=\"twitter:data1\" content=\"2 minuty\" \/>\n<!-- \/ Yoast SEO plugin. -->","yoast_head_json":{"title":"Nakupujte trankviliz\u00e9ry online \u2013 trankviliz\u00e9ry na prodej","description":"Na Gblexpress m\u016f\u017eete z\u00edskat Leki Uspokajajace za n\u00edzkou cenu. Zde si nyn\u00ed m\u016f\u017eete koupit vysoce kvalitn\u00ed Leki Uspokajajace online v na\u0161em obchod\u011b s rychlou a bezpe\u010dnou dopravou. Objednejte nyn\u00ed!","robots":{"index":"index","follow":"follow","max-snippet":"max-snippet:-1","max-image-preview":"max-image-preview:large","max-video-preview":"max-video-preview:-1"},"canonical":"https:\/\/gblexpress.com\/cs\/produkt-2\/leki-uspokajajace\/","og_locale":"cs_CZ","og_type":"article","og_title":"Beruhigungsmittel online kaufen \u2013 Beruhigungsmittel zu verkaufen","og_description":"Bei Gblexpress erhalten Sie Leki Uspokajajace g\u00fcnstig. Hier k\u00f6nnen Sie hochwertige Leki Uspokajajace jetzt online in unserem Shop mit schnellem und sicherem Versand kaufen. Jetzt bestellen!","og_url":"https:\/\/gblexpress.com\/cs\/produkt-2\/leki-uspokajajace\/","og_site_name":"GBL Express","article_modified_time":"2026-02-27T10:32:15+00:00","og_image":[{"width":600,"height":600,"url":"https:\/\/gblexpress.com\/wp-content\/uploads\/2024\/11\/Leki-Uspokajajace.jpg","type":"image\/jpeg"}],"twitter_card":"summary_large_image","twitter_misc":{"Odhadovan\u00e1 doba \u010dten\u00ed":"2 minuty"},"schema":{"@context":"https:\/\/schema.org","@graph":[{"@type":"WebPage","@id":"https:\/\/gblexpress.com\/product\/leki-uspokajajace\/","url":"https:\/\/gblexpress.com\/product\/leki-uspokajajace\/","name":"Nakupujte trankviliz\u00e9ry online \u2013 trankviliz\u00e9ry na prodej","isPartOf":{"@id":"https:\/\/gblexpress.com\/#website"},"primaryImageOfPage":{"@id":"https:\/\/gblexpress.com\/product\/leki-uspokajajace\/#primaryimage"},"image":{"@id":"https:\/\/gblexpress.com\/product\/leki-uspokajajace\/#primaryimage"},"thumbnailUrl":"https:\/\/gblexpress.com\/wp-content\/uploads\/2024\/11\/Leki-Uspokajajace.jpg","datePublished":"2024-11-26T07:54:51+00:00","dateModified":"2026-02-27T10:32:15+00:00","description":"Na Gblexpress m\u016f\u017eete z\u00edskat Leki Uspokajajace za n\u00edzkou cenu. Zde si nyn\u00ed m\u016f\u017eete koupit vysoce kvalitn\u00ed Leki Uspokajajace online v na\u0161em obchod\u011b s rychlou a bezpe\u010dnou dopravou. Objednejte nyn\u00ed!","breadcrumb":{"@id":"https:\/\/gblexpress.com\/product\/leki-uspokajajace\/#breadcrumb"},"inLanguage":"cs","potentialAction":[{"@type":"ReadAction","target":["https:\/\/gblexpress.com\/product\/leki-uspokajajace\/"]}]},{"@type":"ImageObject","inLanguage":"cs","@id":"https:\/\/gblexpress.com\/product\/leki-uspokajajace\/#primaryimage","url":"https:\/\/gblexpress.com\/wp-content\/uploads\/2024\/11\/Leki-Uspokajajace.jpg","contentUrl":"https:\/\/gblexpress.com\/wp-content\/uploads\/2024\/11\/Leki-Uspokajajace.jpg","width":600,"height":600,"caption":"Leki-Uspokajajace online kaufen"},{"@type":"BreadcrumbList","@id":"https:\/\/gblexpress.com\/product\/leki-uspokajajace\/#breadcrumb","itemListElement":[{"@type":"ListItem","position":1,"name":"Home","item":"https:\/\/gblexpress.com\/"},{"@type":"ListItem","position":2,"name":"Shop","item":"https:\/\/gblexpress.com\/shop\/"},{"@type":"ListItem","position":3,"name":"Leki Uspokajajace"}]},{"@type":"WebSite","@id":"https:\/\/gblexpress.com\/#website","url":"https:\/\/gblexpress.com\/","name":"GBL Express","description":"","publisher":{"@id":"https:\/\/gblexpress.com\/#organization"},"potentialAction":[{"@type":"SearchAction","target":{"@type":"EntryPoint","urlTemplate":"https:\/\/gblexpress.com\/?s={search_term_string}"},"query-input":{"@type":"PropertyValueSpecification","valueRequired":true,"valueName":"search_term_string"}}],"inLanguage":"cs"},{"@type":"Organization","@id":"https:\/\/gblexpress.com\/#organization","name":"GBL Express","url":"https:\/\/gblexpress.com\/","logo":{"@type":"ImageObject","inLanguage":"cs","@id":"https:\/\/gblexpress.com\/#\/schema\/logo\/image\/","url":"https:\/\/gblexpress.com\/wp-content\/uploads\/2023\/01\/logo.png","contentUrl":"https:\/\/gblexpress.com\/wp-content\/uploads\/2023\/01\/logo.png","width":250,"height":52,"caption":"GBL Express"},"image":{"@id":"https:\/\/gblexpress.com\/#\/schema\/logo\/image\/"}}]}},"jetpack-related-posts":[],"jetpack_sharing_enabled":true,"_links":{"self":[{"href":"https:\/\/gblexpress.com\/cs\/wp-json\/wp\/v2\/product\/1259","targetHints":{"allow":["GET"]}}],"collection":[{"href":"https:\/\/gblexpress.com\/cs\/wp-json\/wp\/v2\/product"}],"about":[{"href":"https:\/\/gblexpress.com\/cs\/wp-json\/wp\/v2\/types\/product"}],"replies":[{"embeddable":true,"href":"https:\/\/gblexpress.com\/cs\/wp-json\/wp\/v2\/comments?post=1259"}],"wp:featuredmedia":[{"embeddable":true,"href":"https:\/\/gblexpress.com\/cs\/wp-json\/wp\/v2\/media\/1620"}],"wp:attachment":[{"href":"https:\/\/gblexpress.com\/cs\/wp-json\/wp\/v2\/media?parent=1259"}],"wp:term":[{"taxonomy":"product_brand","embeddable":true,"href":"https:\/\/gblexpress.com\/cs\/wp-json\/wp\/v2\/product_brand?post=1259"},{"taxonomy":"product_cat","embeddable":true,"href":"https:\/\/gblexpress.com\/cs\/wp-json\/wp\/v2\/product_cat?post=1259"},{"taxonomy":"product_tag","embeddable":true,"href":"https:\/\/gblexpress.com\/cs\/wp-json\/wp\/v2\/product_tag?post=1259"}],"curies":[{"name":"wp","href":"https:\/\/api.w.org\/{rel}","templated":true}]}}