{"id":1263,"date":"2024-11-26T08:00:49","date_gmt":"2024-11-26T08:00:49","guid":{"rendered":"https:\/\/gblexpress.com\/?post_type=product&#038;p=1263"},"modified":"2026-02-27T10:30:27","modified_gmt":"2026-02-27T10:30:27","slug":"lsd-kvass","status":"publish","type":"product","link":"https:\/\/gblexpress.com\/cs\/produkt-2\/lsd-kvass\/","title":{"rendered":"LSD (kvas)"},"content":{"rendered":"<h2><strong>Koupit LSD: Objednejte si bezpe\u010dn\u011b skvrny, lepenku a dal\u0161\u00ed varianty.<\/strong><\/h2>\n<p>LSD, zn\u00e1m\u00e9 tak\u00e9 jako diethylamid kyseliny lysergov\u00e9, je jednou z nejzn\u00e1m\u011bj\u0161\u00edch psychedelick\u00fdch l\u00e1tek a je cen\u011bno pro sv\u00e9 intenzivn\u00ed \u00fa\u010dinky m\u011bn\u00edc\u00ed mysl. A\u0165 u\u017e jste <a href=\"https:\/\/en.wikipedia.org\/wiki\/LSD\"><strong>Koupit LSD Blotter<\/strong><\/a>, <a href=\"https:\/\/gblexpress.com\/cs\/produkt-2\/lsd-kvass\/\"><strong>Objednat LSD karton<\/strong><\/a> nebo chcete vyzkou\u0161et jin\u00e9 varianty, je d\u016fle\u017eit\u00e9 zn\u00e1t \u00fa\u010dinky, d\u00e1vkov\u00e1n\u00ed a mo\u017enosti bezpe\u010dn\u00e9ho objedn\u00e1n\u00ed Koupit LSD<a href=\"https:\/\/gblexprimer.com\/product\/viagra\/\">.<\/a><\/p>\n<h3><strong>Pro\u010d si koupit LSD?<\/strong><\/h3>\n<p><strong>1. jedine\u010dn\u00fd efekt<\/strong><br \/>\nNa str\u00e1nk\u00e1ch <strong>\u00da\u010dinek LSD<\/strong> je zn\u00e1m\u00e1 svou schopnost\u00ed m\u011bnit vn\u00edm\u00e1n\u00ed, zesilovat emoce a otev\u00edrat nov\u00e9 perspektivy. Mnoho u\u017eivatel\u016f uv\u00e1d\u00ed zv\u00fd\u0161enou kreativitu, hlubok\u00fd vhled a lep\u0161\u00ed porozum\u011bn\u00ed sob\u011b sam\u00fdm.<\/p>\n<p><strong>2. r\u016fzn\u00e9 tvary pro r\u016fzn\u00e9 pot\u0159eby<\/strong><br \/>\nLSD je k dispozici v r\u016fzn\u00fdch form\u00e1ch:<\/p>\n<ul>\n<li><strong>Blotter:<\/strong> Mal\u00e9 kousky pap\u00edru s p\u0159esn\u00fdm d\u00e1vkov\u00e1n\u00edm, snadn\u00e1 manipulace.<\/li>\n<li><strong>Karton:<\/strong> Ide\u00e1ln\u00ed pro za\u010d\u00e1te\u010dn\u00edky i zku\u0161en\u00e9 u\u017eivatele<a href=\"https:\/\/gblexprimer.com\/product\/viagra\/\">.<\/a><\/li>\n<li><strong>Kapky:<\/strong> Kapaln\u00e1 forma, kterou lze p\u0159esn\u011b d\u00e1vkovat.<\/li>\n<\/ul>\n<p><strong>3. terapeutick\u00e9 aplikace<\/strong><br \/>\nSt\u00e1le v\u00edce studi\u00ed se zab\u00fdv\u00e1 potenci\u00e1ln\u00edmi terapeutick\u00fdmi p\u0159\u00ednosy t\u011bchto l\u00e1tek. <a href=\"https:\/\/www.bing.com\/search?q=LSD%20(Kwas)%20online%20kaufen&amp;qs=n&amp;form=QBRE&amp;sp=-1&amp;lq=0&amp;pq=lsd%20(kwas)%20online%20kaufen&amp;sc=0-24&amp;sk=&amp;cvid=81D4A479BF8B46308FAA2DD81FA77B41&amp;ghsh=0&amp;ghacc=0&amp;ghpl=\">LSD<\/a>, zejm\u00e9na u depres\u00ed, \u00fazkost\u00ed a posttraumatick\u00fdch stresov\u00fdch poruch.<\/p>\n<h3><strong>Jak spr\u00e1vn\u011b d\u00e1vkovat LSD?<\/strong><\/h3>\n<p>Pr\u00e1vo <strong>D\u00e1vkov\u00e1n\u00ed LSD<\/strong> je pro dosa\u017een\u00ed po\u017eadovan\u00e9ho \u00fa\u010dinku z\u00e1sadn\u00ed. Za\u010d\u00e1te\u010dn\u00edci by m\u011bli za\u010d\u00edt s n\u00edzkou d\u00e1vkou, aby se sezn\u00e1mili s jednotliv\u00fdmi \u00fa\u010dinky. Zku\u0161en\u00ed u\u017eivatel\u00e9 mohou mno\u017estv\u00ed postupn\u011b upravovat, v\u017edy v\u0161ak v bezpe\u010dn\u00e9m prost\u0159ed\u00ed.<\/p>\n<h3><strong>V\u00fdhody n\u00e1kupu LSD online<\/strong><\/h3>\n<p>jestli ty <strong>Objednat LSD online<\/strong>z \u010deho\u017e m\u016f\u017eete t\u011b\u017eit:<\/p>\n<ul>\n<li><strong>Diskr\u00e9tn\u00ed doru\u010den\u00ed:<\/strong> Va\u0161e objedn\u00e1vka bude doru\u010dena anonymn\u011b a bezpe\u010dn\u011b zabalena.<\/li>\n<li><strong>Testovan\u00e1 kvalita:<\/strong> Zaru\u010dujeme \u010distotu a \u00fa\u010dinnost na\u0161ich v\u00fdrobk\u016f.<\/li>\n<li><strong>Jednoduch\u00e9 objedn\u00e1n\u00ed:<\/strong> LSD blottery, kartony nebo kapky si m\u016f\u017eete bezpe\u010dn\u011b koupit na n\u011bkolik kliknut\u00ed.<\/li>\n<\/ul>\n<h3><strong>\u010casto kladen\u00e9 ot\u00e1zky<\/strong><\/h3>\n<p><strong>Je LSD leg\u00e1ln\u00ed?<\/strong><br \/>\nLSD je v mnoha zem\u00edch nez\u00e1konn\u00e9. P\u0159ed n\u00e1kupem se informujte o m\u00edstn\u00edch z\u00e1konech.<\/p>\n<p><strong>Jak LSD funguje?<\/strong><br \/>\n\u00da\u010dinky se dostav\u00ed p\u0159ibli\u017en\u011b 20-60 minut po po\u017eit\u00ed a mohou trvat a\u017e 12 hodin. Mezi typick\u00e9 \u00fa\u010dinky pat\u0159\u00ed zkreslen\u00ed zraku, zm\u011bn\u011bn\u00fd pocit \u010dasu a intenzivn\u00ed emo\u010dn\u00ed pro\u017eitky.<\/p>\n<p><strong>Jak najdu nejlep\u0161\u00ed nab\u00eddku?<\/strong><br \/>\nPou\u017eijte n\u00e1\u0161 <strong>Porovn\u00e1n\u00ed cen LSD<\/strong>naj\u00edt vysoce kvalitn\u00ed v\u00fdrobky za nejlep\u0161\u00ed cenu.<\/p>\n<h3><strong>Koupit LSD nyn\u00ed<\/strong><\/h3>\n<p>Za\u017eijte transforma\u010dn\u00ed \u00fa\u010dinek LSD. A\u0165 u\u017e hled\u00e1te tv\u016fr\u010d\u00ed inspiraci, osobn\u00ed zamy\u0161len\u00ed, nebo jen chcete objevit nov\u00e9 perspektivy, najdete zde vysoce kvalitn\u00ed produkty LSD. <strong>Objednejte si je\u0161t\u011b dnes bezpe\u010dn\u011b a diskr\u00e9tn\u011b LSD blottery, kartony nebo kapky online.<\/strong><\/p>","protected":false},"excerpt":{"rendered":"<p><strong>LSD<\/strong>chemicky zn\u00e1m\u00fd jako <strong>Diethylamid kyseliny lysergov\u00e9<\/strong> a \u010dasto jako <strong>Kvass<\/strong> je vysoce psychoaktivn\u00ed l\u00e1tka pou\u017e\u00edvan\u00e1 pro v\u00fdzkum zm\u011bn\u011bn\u00fdch stav\u016f v\u011bdom\u00ed, interakc\u00ed neurotransmiter\u016f a terapeutick\u00fdch aplikac\u00ed. Je zn\u00e1m\u00e1 pro sv\u00e9 hlubok\u00e9 \u00fa\u010dinky na pozn\u00e1v\u00e1n\u00ed a n\u00e1ladu, je <strong>LSD<\/strong> d\u016fle\u017eitou sou\u010d\u00e1st\u00ed modern\u00ed neuro- a psychofarmakologie.<\/p>\n<p><strong>Jak LSD funguje?<\/strong><br \/>\n<strong>LSD<\/strong> se v\u00e1\u017ee p\u0159edev\u0161\u00edm na <strong>Receptory 5-HT2A<\/strong> v mozku, kter\u00e9 jsou sou\u010d\u00e1st\u00ed serotoninov\u00e9ho syst\u00e9mu. To vede ke zv\u00fd\u0161en\u00e9 aktivit\u011b neuron\u016f a zm\u011bn\u011b propojen\u00ed r\u016fzn\u00fdch oblast\u00ed mozku.<\/p>\n<ul>\n<li><strong>\u00da\u010dinky:<\/strong> Zm\u011bny ve vn\u00edm\u00e1n\u00ed, zv\u00fd\u0161en\u00e1 kreativita a hlubok\u00e9 introspektivn\u00ed z\u00e1\u017eitky.<\/li>\n<li><strong>N\u00e1stup \u00fa\u010dinku:<\/strong> 20-90 minut po po\u017eit\u00ed.<\/li>\n<li><strong>Doba trv\u00e1n\u00ed \u00fa\u010dinku:<\/strong> 6-12 hodin, v z\u00e1vislosti na d\u00e1vkov\u00e1n\u00ed a individu\u00e1ln\u00edm metabolismu.<\/li>\n<\/ul>\n<p><strong>Vzorec a vlastnosti<\/strong><\/p>\n<ul>\n<li><strong>Chemick\u00fd n\u00e1zev:<\/strong> Diethylamid kyseliny lysergov\u00e9<\/li>\n<li><strong>Molekul\u00e1rn\u00ed vzorec:<\/strong> C20H25N3O<\/li>\n<li><strong>Molekulov\u00e1 hmotnost:<\/strong> 323,44 g\/mol<\/li>\n<li><strong>D\u00e1vka:<\/strong> V mikrogramech (\u00b5g) pro p\u0159esnou kontrolu.<\/li>\n<\/ul>","protected":false},"featured_media":1611,"comment_status":"open","ping_status":"closed","template":"","meta":{"_joinchat":[]},"product_brand":[],"product_cat":[246],"product_tag":[533,544,536,557,546,541,542,549,561,543,552,535,551,540,538,560,539,537,558,548,547,550,559,554,545,555,534,556,553],"class_list":{"0":"post-1263","1":"product","2":"type-product","3":"status-publish","4":"has-post-thumbnail","6":"product_cat-sex-meth","7":"product_tag-lsd","8":"product_tag-lsd-anwendung","9":"product_tag-lsd-bestellen","10":"product_tag-lsd-chemikalien","11":"product_tag-lsd-dosierung","12":"product_tag-lsd-fuer-forschung","13":"product_tag-lsd-fuer-labore","14":"product_tag-lsd-fuer-medizinische-studien","15":"product_tag-lsd-fuer-therapeutische-anwendungen","16":"product_tag-lsd-grosshandel","17":"product_tag-lsd-in-deutschland-kaufen","18":"product_tag-lsd-kaufen","19":"product_tag-lsd-lagerung","20":"product_tag-lsd-legal-kaufen","21":"product_tag-lsd-lieferant","22":"product_tag-lsd-mikro-dosierung","23":"product_tag-lsd-online-kaufen","24":"product_tag-lsd-preis","25":"product_tag-lsd-reinheit","26":"product_tag-lsd-risiken","27":"product_tag-lsd-sicherheitsrichtlinien","28":"product_tag-lsd-testsubstanzen","29":"product_tag-lsd-vertrieb","30":"product_tag-lsd-weltweit-bestellen","31":"product_tag-lsd-wirkung","32":"product_tag-lysergsaeure","33":"product_tag-lysergsaeurediethylamid","34":"product_tag-lysergsaeurediethylamid-kaufen","35":"product_tag-wo-lsd-kaufen","37":"first","38":"instock","39":"shipping-taxable","40":"purchasable","41":"product-type-variable"},"yoast_head":"<!-- This site is optimized with the Yoast SEO plugin v25.4 - https:\/\/yoast.com\/wordpress\/plugins\/seo\/ -->\n<title>LSD (Kwas) zu verkaufen \u2013 LSD (Kwas) online kaufen | Gblexpress<\/title>\n<meta name=\"description\" content=\"Holen Sie sich LSD (KWAS) zum Verkauf in einem der besten Online-Shops von gblexpress. Wir helfen Ihnen, hochwertiges LSD (KWAS) online zu kaufen. Z\u00f6gern Sie nicht, Ihre Bestellung aufzugeben und profitieren Sie von den neuesten Rabatten!\" \/>\n<meta name=\"robots\" content=\"index, follow, max-snippet:-1, max-image-preview:large, max-video-preview:-1\" \/>\n<link rel=\"canonical\" href=\"https:\/\/gblexpress.com\/cs\/produkt-2\/lsd-kvass\/\" \/>\n<meta property=\"og:locale\" content=\"cs_CZ\" \/>\n<meta property=\"og:type\" content=\"article\" \/>\n<meta property=\"og:title\" content=\"LSD (Kwas) zu verkaufen \u2013 LSD (Kwas) online kaufen | Gblexpress\" \/>\n<meta property=\"og:description\" content=\"Holen Sie sich LSD (KWAS) zum Verkauf in einem der besten Online-Shops von gblexpress. Wir helfen Ihnen, hochwertiges LSD (KWAS) online zu kaufen. Z\u00f6gern Sie nicht, Ihre Bestellung aufzugeben und profitieren Sie von den neuesten Rabatten!\" \/>\n<meta property=\"og:url\" content=\"https:\/\/gblexpress.com\/cs\/produkt-2\/lsd-kvass\/\" \/>\n<meta property=\"og:site_name\" content=\"GBL Express\" \/>\n<meta property=\"article:modified_time\" content=\"2026-02-27T10:30:27+00:00\" \/>\n<meta property=\"og:image\" content=\"https:\/\/gblexpress.com\/wp-content\/uploads\/2024\/11\/lsd.jpg\" \/>\n\t<meta property=\"og:image:width\" content=\"600\" \/>\n\t<meta property=\"og:image:height\" content=\"600\" \/>\n\t<meta property=\"og:image:type\" content=\"image\/jpeg\" \/>\n<meta name=\"twitter:card\" content=\"summary_large_image\" \/>\n<meta name=\"twitter:label1\" content=\"Odhadovan\u00e1 doba \u010dten\u00ed\" \/>\n\t<meta name=\"twitter:data1\" content=\"2 minuty\" \/>\n<!-- \/ Yoast SEO plugin. -->","yoast_head_json":{"title":"LSD (Kvass) na prodej \u2013 Koupit LSD (Kvass) online | Gblexpress","description":"Z\u00edskejte LSD (KWAS) na prodej v jednom z nejlep\u0161\u00edch internetov\u00fdch obchod\u016f gblexpress. Pom\u016f\u017eeme v\u00e1m koupit vysoce kvalitn\u00ed LSD (KWAS) online. Nev\u00e1hejte s objedn\u00e1vkou a vyu\u017eijte nejnov\u011bj\u0161\u00ed slevy!","robots":{"index":"index","follow":"follow","max-snippet":"max-snippet:-1","max-image-preview":"max-image-preview:large","max-video-preview":"max-video-preview:-1"},"canonical":"https:\/\/gblexpress.com\/cs\/produkt-2\/lsd-kvass\/","og_locale":"cs_CZ","og_type":"article","og_title":"LSD (Kwas) zu verkaufen \u2013 LSD (Kwas) online kaufen | Gblexpress","og_description":"Holen Sie sich LSD (KWAS) zum Verkauf in einem der besten Online-Shops von gblexpress. Wir helfen Ihnen, hochwertiges LSD (KWAS) online zu kaufen. Z\u00f6gern Sie nicht, Ihre Bestellung aufzugeben und profitieren Sie von den neuesten Rabatten!","og_url":"https:\/\/gblexpress.com\/cs\/produkt-2\/lsd-kvass\/","og_site_name":"GBL Express","article_modified_time":"2026-02-27T10:30:27+00:00","og_image":[{"width":600,"height":600,"url":"https:\/\/gblexpress.com\/wp-content\/uploads\/2024\/11\/lsd.jpg","type":"image\/jpeg"}],"twitter_card":"summary_large_image","twitter_misc":{"Odhadovan\u00e1 doba \u010dten\u00ed":"2 minuty"},"schema":{"@context":"https:\/\/schema.org","@graph":[{"@type":"WebPage","@id":"https:\/\/gblexpress.com\/product\/lsd-kwas\/","url":"https:\/\/gblexpress.com\/product\/lsd-kwas\/","name":"LSD (Kvass) na prodej \u2013 Koupit LSD (Kvass) online | Gblexpress","isPartOf":{"@id":"https:\/\/gblexpress.com\/#website"},"primaryImageOfPage":{"@id":"https:\/\/gblexpress.com\/product\/lsd-kwas\/#primaryimage"},"image":{"@id":"https:\/\/gblexpress.com\/product\/lsd-kwas\/#primaryimage"},"thumbnailUrl":"https:\/\/gblexpress.com\/wp-content\/uploads\/2024\/11\/lsd.jpg","datePublished":"2024-11-26T08:00:49+00:00","dateModified":"2026-02-27T10:30:27+00:00","description":"Z\u00edskejte LSD (KWAS) na prodej v jednom z nejlep\u0161\u00edch internetov\u00fdch obchod\u016f gblexpress. Pom\u016f\u017eeme v\u00e1m koupit vysoce kvalitn\u00ed LSD (KWAS) online. Nev\u00e1hejte s objedn\u00e1vkou a vyu\u017eijte nejnov\u011bj\u0161\u00ed slevy!","breadcrumb":{"@id":"https:\/\/gblexpress.com\/product\/lsd-kwas\/#breadcrumb"},"inLanguage":"cs","potentialAction":[{"@type":"ReadAction","target":["https:\/\/gblexpress.com\/product\/lsd-kwas\/"]}]},{"@type":"ImageObject","inLanguage":"cs","@id":"https:\/\/gblexpress.com\/product\/lsd-kwas\/#primaryimage","url":"https:\/\/gblexpress.com\/wp-content\/uploads\/2024\/11\/lsd.jpg","contentUrl":"https:\/\/gblexpress.com\/wp-content\/uploads\/2024\/11\/lsd.jpg","width":600,"height":600,"caption":"lsd online kaufen"},{"@type":"BreadcrumbList","@id":"https:\/\/gblexpress.com\/product\/lsd-kwas\/#breadcrumb","itemListElement":[{"@type":"ListItem","position":1,"name":"Home","item":"https:\/\/gblexpress.com\/"},{"@type":"ListItem","position":2,"name":"Shop","item":"https:\/\/gblexpress.com\/shop\/"},{"@type":"ListItem","position":3,"name":"LSD (Kwas)"}]},{"@type":"WebSite","@id":"https:\/\/gblexpress.com\/#website","url":"https:\/\/gblexpress.com\/","name":"GBL Express","description":"","publisher":{"@id":"https:\/\/gblexpress.com\/#organization"},"potentialAction":[{"@type":"SearchAction","target":{"@type":"EntryPoint","urlTemplate":"https:\/\/gblexpress.com\/?s={search_term_string}"},"query-input":{"@type":"PropertyValueSpecification","valueRequired":true,"valueName":"search_term_string"}}],"inLanguage":"cs"},{"@type":"Organization","@id":"https:\/\/gblexpress.com\/#organization","name":"GBL Express","url":"https:\/\/gblexpress.com\/","logo":{"@type":"ImageObject","inLanguage":"cs","@id":"https:\/\/gblexpress.com\/#\/schema\/logo\/image\/","url":"https:\/\/gblexpress.com\/wp-content\/uploads\/2023\/01\/logo.png","contentUrl":"https:\/\/gblexpress.com\/wp-content\/uploads\/2023\/01\/logo.png","width":250,"height":52,"caption":"GBL Express"},"image":{"@id":"https:\/\/gblexpress.com\/#\/schema\/logo\/image\/"}}]}},"jetpack-related-posts":[],"jetpack_sharing_enabled":true,"_links":{"self":[{"href":"https:\/\/gblexpress.com\/cs\/wp-json\/wp\/v2\/product\/1263","targetHints":{"allow":["GET"]}}],"collection":[{"href":"https:\/\/gblexpress.com\/cs\/wp-json\/wp\/v2\/product"}],"about":[{"href":"https:\/\/gblexpress.com\/cs\/wp-json\/wp\/v2\/types\/product"}],"replies":[{"embeddable":true,"href":"https:\/\/gblexpress.com\/cs\/wp-json\/wp\/v2\/comments?post=1263"}],"wp:featuredmedia":[{"embeddable":true,"href":"https:\/\/gblexpress.com\/cs\/wp-json\/wp\/v2\/media\/1611"}],"wp:attachment":[{"href":"https:\/\/gblexpress.com\/cs\/wp-json\/wp\/v2\/media?parent=1263"}],"wp:term":[{"taxonomy":"product_brand","embeddable":true,"href":"https:\/\/gblexpress.com\/cs\/wp-json\/wp\/v2\/product_brand?post=1263"},{"taxonomy":"product_cat","embeddable":true,"href":"https:\/\/gblexpress.com\/cs\/wp-json\/wp\/v2\/product_cat?post=1263"},{"taxonomy":"product_tag","embeddable":true,"href":"https:\/\/gblexpress.com\/cs\/wp-json\/wp\/v2\/product_tag?post=1263"}],"curies":[{"name":"wp","href":"https:\/\/api.w.org\/{rel}","templated":true}]}}