{"id":1264,"date":"2024-11-26T08:00:45","date_gmt":"2024-11-26T08:00:45","guid":{"rendered":"https:\/\/gblexpress.com\/?post_type=product&#038;p=1264"},"modified":"2026-02-26T07:24:54","modified_gmt":"2026-02-26T07:24:54","slug":"heroina","status":"publish","type":"product","link":"https:\/\/gblexpress.com\/cs\/produkt-2\/heroina\/","title":{"rendered":"Heroina"},"content":{"rendered":"<h2><strong>Heroina Online kaufen: Wichtige Informationen zu Typen und Verwendung<\/strong><\/h2>\n<p><a href=\"https:\/\/en.wikipedia.org\/wiki\/Heroin\"><strong>Heroina<\/strong><\/a> je l\u00e1tka, kter\u00e1 je k dispozici v r\u016fzn\u00fdch form\u00e1ch a typech. D\u00edky sv\u00fdm vlastnostem je \u010dasto vyhled\u00e1v\u00e1na u\u017eivateli, kte\u0159\u00ed hledaj\u00ed specifick\u00e9 \u00fa\u010dinky a aplikace. Pokud <a href=\"https:\/\/gblexpress.com\/cs\/produkt-2\/heroina\/\"><strong>Koupit Heroina<\/strong><\/a> je d\u016fle\u017eit\u00e9 zn\u00e1t r\u016fzn\u00e9 typy, jejich \u00fa\u010dinky a bezpe\u010dn\u00e9 pou\u017eit\u00ed.<a href=\"https:\/\/gblexprimer.com\/product\/ketamine-s-isomere-99-rene-500g\/\">.<\/a><\/p>\n<h3><strong>Typy heroinu<\/strong><\/h3>\n<p><strong>1. b\u00edl\u00fd pr\u00e1\u0161ek Heroina<\/strong><br \/>\nB\u00edl\u00e1 heroina je vysoce \u010di\u0161t\u011bn\u00e1 a obvykle se u\u017e\u00edv\u00e1 inhalac\u00ed nebo injek\u010dn\u011b. Je zn\u00e1m\u00fd pro sv\u00e9 rychl\u00e9 a siln\u00e9 \u00fa\u010dinky a je up\u0159ednost\u0148ov\u00e1n u\u017eivateli, kte\u0159\u00ed cht\u011bj\u00ed dos\u00e1hnout maxim\u00e1ln\u00edch v\u00fdsledk\u016f.<a href=\"https:\/\/gblexpress.com\/cs\/obchod\/suchy-vareny-ghb-500-gramu\/\">.<\/a><\/p>\n<p><strong>2. hn\u011bd\u00e1 Heroina (z\u00e1klad)<\/strong><br \/>\nHn\u011bd\u00e1 heroina m\u00e1 pon\u011bkud odli\u0161nou chemickou strukturu a \u010dasto se kou\u0159\u00ed nebo konzumuje jin\u00fdmi alternativn\u00edmi zp\u016fsoby. Je m\u00e9n\u011b \u010di\u0161t\u011bn\u00e1 ne\u017e b\u00edl\u00e1 heroina a \u010dasto se prod\u00e1v\u00e1 na pouli\u010dn\u00edch trz\u00edch.<\/p>\n<p><strong>3. \u010dern\u00fd dehet Heroina<\/strong><br \/>\nTato forma je lepkav\u00e1 a tmav\u0161\u00ed barvy, zn\u00e1m\u00e1 svou ni\u017e\u0161\u00ed \u010distotou. Obvykle se up\u0159ednost\u0148uje v ur\u010dit\u00fdch regionech a vy\u017eaduje odli\u0161n\u00fd zp\u016fsob p\u0159\u00edpravy.<\/p>\n<h3><strong>Pro\u010d si vybrat Heroinu?<\/strong><\/h3>\n<p><strong>1. siln\u00fd a rychl\u00fd \u00fa\u010dinek<\/strong><br \/>\nHeroin je zn\u00e1m\u00fd svou schopnost\u00ed rychle vyvolat siln\u00fd \u00fa\u010dinek, co\u017e z n\u011bj \u010din\u00ed l\u00e1tku, kter\u00e1 je \u010dasto \u017e\u00e1dan\u00e1.<\/p>\n<p><strong>2. r\u016fzn\u00e9 mo\u017enosti pro r\u016fzn\u00e9 pot\u0159eby<\/strong><br \/>\nA\u0165 u\u017e d\u00e1v\u00e1te p\u0159ednost b\u00edl\u00e9mu pr\u00e1\u0161ku pro rychlej\u0161\u00ed \u00fa\u010dinek, nebo hn\u011bd\u00e9mu Heroina pro m\u00edrn\u011bj\u0161\u00ed efekt - typy nab\u00edzej\u00ed v\u00fdb\u011br v z\u00e1vislosti na preferenc\u00edch u\u017eivatele.<\/p>\n<p><strong>3. diskr\u00e9tn\u00ed a jednoduch\u00e1 aplikace<\/strong><br \/>\nL\u00e1tku lze u\u017e\u00edvat r\u016fzn\u00fdmi zp\u016fsoby, tak\u017ee si u\u017eivatel\u00e9 mohou zvolit vhodnou metodu v z\u00e1vislosti na sv\u00e9 \u00farovni pohodl\u00ed a c\u00edli.<\/p>\n<h3><strong>Obl\u00edben\u00e9 vyhled\u00e1vac\u00ed v\u00fdrazy a kl\u00ed\u010dov\u00e1 slova<\/strong><\/h3>\n<ul>\n<li><strong>Koupit Heroina online<\/strong><\/li>\n<li><strong>Heroina Porovnat cenu<\/strong><\/li>\n<li><strong>Heroin b\u00edl\u00fd pr\u00e1\u0161ek<\/strong><\/li>\n<li><strong>Hn\u011bd\u00fd heroinov\u00fd efekt<\/strong><\/li>\n<li><strong>Koupit Black Tar Heroina<\/strong><\/li>\n<li><strong>D\u00e1vkov\u00e1n\u00ed p\u0159\u00edpravku Heroina<\/strong><\/li>\n<li><strong>Vedlej\u0161\u00ed \u00fa\u010dinky p\u0159\u00edpravku Heroina<\/strong><\/li>\n<li><strong>Koupit Heroina bezpe\u010dn\u011b<\/strong><\/li>\n<\/ul>\n<h3>Bezpe\u010dn\u00fd n\u00e1kup heroinu<\/h3>\n<p>Nab\u00edz\u00edme platformu, na kter\u00e9 m\u016f\u017eete <strong>Koupit Heroina online<\/strong> s diskr\u00e9tn\u00edm balen\u00edm a rychl\u00fdm dod\u00e1n\u00edm. Na\u0161\u00edm c\u00edlem je poskytnout v\u00e1m snadn\u00fd a bezpe\u010dn\u00fd p\u0159\u00edstup k produkt\u016fm, kter\u00e9 pot\u0159ebujete.<\/p>\n<h3>N\u00e1vod k pou\u017eit\u00ed<\/h3>\n<p>Pou\u017eit\u00ed <a href=\"https:\/\/duckduckgo.com\/?q=Heroin+online+kaufen&amp;t=h_&amp;ia=web\">Heroina<\/a> P\u0159\u00edpravek Heroina by m\u011bl b\u00fdt v\u017edy u\u017e\u00edv\u00e1n s opatrnost\u00ed. V p\u0159\u00edpad\u011b jak\u00fdchkoli dotaz\u016f ohledn\u011b d\u00e1vkov\u00e1n\u00ed a aplikace se pora\u010fte s odborn\u00edkem. Je d\u016fle\u017eit\u00e9, abyste si p\u0159ed pou\u017eit\u00edm l\u00e1tky byli v\u011bdomi mo\u017en\u00fdch ne\u017e\u00e1douc\u00edch \u00fa\u010dink\u016f a rizik.<\/p>\n<h3><strong>Koupit Heroina nyn\u00ed<\/strong><\/h3>\n<p>Najd\u011bte spr\u00e1vn\u00fd typ pro sv\u00e9 pot\u0159eby a objednejte si <a href=\"https:\/\/www.google.de\/search?q=Anavar+50+mg+online+kaufen&amp;sca_esv=7d1b82273738a5db&amp;hl=en&amp;ei=foLiZ_nZK6qMm9cPv4Xd6AQ&amp;ved=0ahUKEwj5kMidgKWMAxUqxuYEHb9CF00Q4dUDCBA&amp;uact=5&amp;oq=Anavar+50+mg+online+kaufen&amp;gs_lp=Egxnd3Mtd2l6LXNlcnAiGkFuYXZhciA1MCBtZyBvbmxpbmUga2F1ZmVuSJsGUABYAHAAeACQAQCYAQCgAQCqAQC4AQPIAQD4AQL4AQGYAgCgAgCYAwCSBwCgBwCyBwC4BwA&amp;sclient=gws-wiz-serp\"><strong>Heroina<\/strong><\/a> dnes online. Vyberte si z b\u00edl\u00e9 heroiny, hn\u011bd\u00e9 heroiny nebo \u010dern\u00e9ho dehtu<a href=\"https:\/\/www.google.de\/search?q=Anavar+50+mg+online+kaufen&amp;sca_esv=7d1b82273738a5db&amp;hl=en&amp;ei=foLiZ_nZK6qMm9cPv4Xd6AQ&amp;ved=0ahUKEwj5kMidgKWMAxUqxuYEHb9CF00Q4dUDCBA&amp;uact=5&amp;oq=Anavar+50+mg+online+kaufen&amp;gs_lp=Egxnd3Mtd2l6LXNlcnAiGkFuYXZhciA1MCBtZyBvbmxpbmUga2F1ZmVuSJsGUABYAHAAeACQAQCYAQCgAQCqAQC4AQPIAQD4AQL4AQGYAgCgAgCYAwCSBwCgBwCyBwC4BwA&amp;sclient=gws-wiz-serp\">Heroina \u2013 v bezpe\u010d\u00ed<\/a>online je\u0161t\u011b dnes. Vyberte si z b\u00edl\u00e9 Heroiny, hn\u011bd\u00e9 Heroiny nebo \u010dern\u00e9 dehtov\u00e9 Heroiny - bezpe\u010dn\u00e9, diskr\u00e9tn\u00ed a nekomplikovan\u00e9. Za\u010dn\u011bte hned a zjist\u011bte, jak\u00e9 mo\u017enosti nejl\u00e9pe vyhovuj\u00ed va\u0161im preferenc\u00edm.<\/p>","protected":false},"excerpt":{"rendered":"<p><strong>Heroin<\/strong>chemicky zn\u00e1m\u00fd jako <strong>Diacetylmorfin<\/strong>je polosyntetick\u00fd opioid odvozen\u00fd od morfinu. Je zn\u00e1m\u00fd sv\u00fdmi siln\u00fdmi analgetick\u00fdmi a sedativn\u00edmi vlastnostmi a je studov\u00e1n v l\u00e9ka\u0159sk\u00e9m v\u00fdzkumu a pro specializovan\u00e9 aplikace. <strong>Heroin<\/strong> hraje kl\u00ed\u010dovou roli ve v\u00fdzkumu opioidn\u00edch receptor\u016f, mechanism\u016f z\u00e1vislosti a \u00falevy od bolesti.<\/p>\n<p><strong>Jak heroin funguje?<\/strong><br \/>\n<strong>Heroin<\/strong> m\u00e1 za n\u00e1sledek, \u017ee <strong>\u00b5-opioidn\u00ed receptory<\/strong> v centr\u00e1ln\u00ed nervov\u00e9 soustav\u011b. Tato vazba blokuje sign\u00e1ly bolesti a z\u00e1rove\u0148 vyvol\u00e1v\u00e1 siln\u00e9 uvol\u0148ov\u00e1n\u00ed dopaminu, kter\u00e9 vede k euforii a uvoln\u011bn\u00ed.<\/p>\n<ul>\n<li><strong>\u00da\u010dinky:<\/strong> Rychl\u00e1 \u00faleva od bolesti, intenzivn\u00ed relaxace a sedace.<\/li>\n<li><strong>N\u00e1stup \u00fa\u010dinku:<\/strong> 2-10 minut po pod\u00e1n\u00ed (v z\u00e1vislosti na metod\u011b).<\/li>\n<li><strong>Doba trv\u00e1n\u00ed \u00fa\u010dinku:<\/strong> 3-6 hodin.<\/li>\n<\/ul>\n<p><strong>Vzorec a vlastnosti<\/strong><\/p>\n<ul>\n<li><strong>Chemick\u00fd n\u00e1zev:<\/strong> Diacetylmorfin<\/li>\n<li><strong>Molekul\u00e1rn\u00ed vzorec:<\/strong> C21H23NO5<\/li>\n<li><strong>Molekulov\u00e1 hmotnost:<\/strong> 369,41 g\/mol<\/li>\n<\/ul>","protected":false},"featured_media":1612,"comment_status":"open","ping_status":"closed","template":"","meta":{"_joinchat":[]},"product_brand":[],"product_cat":[246],"product_tag":[419,429,418,426,421,436,431,422,443,435,423,430,427,444,420,428,432,441,424,425,437,434,433,439,440,438,442],"class_list":{"0":"post-1264","1":"product","2":"type-product","3":"status-publish","4":"has-post-thumbnail","6":"product_cat-sex-meth","7":"product_tag-diacetylmorphin","8":"product_tag-diacetylmorphin-kaufen","9":"product_tag-heroin","10":"product_tag-heroin-anwendung","11":"product_tag-heroin-bestellen","12":"product_tag-heroin-chemie","13":"product_tag-heroin-dosierung","14":"product_tag-heroin-forschung","15":"product_tag-heroin-fuer-apotheken","16":"product_tag-heroin-fuer-forschung","17":"product_tag-heroin-fuer-medizinische-zwecke","18":"product_tag-heroin-fuer-wissenschaft","19":"product_tag-heroin-grosshandel","20":"product_tag-heroin-in-deutschland-kaufen","21":"product_tag-heroin-kaufen","22":"product_tag-heroin-laborbedarf","23":"product_tag-heroin-lagerung","24":"product_tag-heroin-legal-kaufen","25":"product_tag-heroin-lieferant","26":"product_tag-heroin-preis","27":"product_tag-heroin-reinheit","28":"product_tag-heroin-risiken","29":"product_tag-heroin-sicherheitsrichtlinien","30":"product_tag-heroin-testsubstanzen","31":"product_tag-heroin-weltweit-bestellen","32":"product_tag-heroin-wirkung","33":"product_tag-wo-heroin-kaufen","35":"first","36":"instock","37":"shipping-taxable","38":"purchasable","39":"product-type-variable"},"yoast_head":"<!-- This site is optimized with the Yoast SEO plugin v25.4 - https:\/\/yoast.com\/wordpress\/plugins\/seo\/ -->\n<title>Heroin online kaufen \u2013 Heroin zu verkaufen<\/title>\n<meta name=\"description\" content=\"Kaufen Sie Heroina online zu den besten Preisen in unserem Online-Shop. Wir bieten g\u00fcnstiges und hochwertiges Heroina an und liefern weltweit. Sie k\u00f6nnen jederzeit und \u00fcberall bestellen.\" \/>\n<meta name=\"robots\" content=\"index, follow, max-snippet:-1, max-image-preview:large, max-video-preview:-1\" \/>\n<link rel=\"canonical\" href=\"https:\/\/gblexpress.com\/cs\/produkt-2\/heroina\/\" \/>\n<meta property=\"og:locale\" content=\"cs_CZ\" \/>\n<meta property=\"og:type\" content=\"article\" \/>\n<meta property=\"og:title\" content=\"Heroin online kaufen \u2013 Heroin zu verkaufen\" \/>\n<meta property=\"og:description\" content=\"Kaufen Sie Heroina online zu den besten Preisen in unserem Online-Shop. Wir bieten g\u00fcnstiges und hochwertiges Heroina an und liefern weltweit. Sie k\u00f6nnen jederzeit und \u00fcberall bestellen.\" \/>\n<meta property=\"og:url\" content=\"https:\/\/gblexpress.com\/cs\/produkt-2\/heroina\/\" \/>\n<meta property=\"og:site_name\" content=\"GBL Express\" \/>\n<meta property=\"article:modified_time\" content=\"2026-02-26T07:24:54+00:00\" \/>\n<meta property=\"og:image\" content=\"https:\/\/gblexpress.com\/wp-content\/uploads\/2024\/11\/heroin.jpg\" \/>\n\t<meta property=\"og:image:width\" content=\"600\" \/>\n\t<meta property=\"og:image:height\" content=\"600\" \/>\n\t<meta property=\"og:image:type\" content=\"image\/jpeg\" \/>\n<meta name=\"twitter:card\" content=\"summary_large_image\" \/>\n<meta name=\"twitter:label1\" content=\"Odhadovan\u00e1 doba \u010dten\u00ed\" \/>\n\t<meta name=\"twitter:data1\" content=\"2 minuty\" \/>\n<!-- \/ Yoast SEO plugin. -->","yoast_head_json":{"title":"Kupujte heroin online \u2013 prod\u00e1vejte heroin","description":"Nakupujte Heroinu online za nejlep\u0161\u00ed ceny v na\u0161em internetov\u00e9m obchod\u011b. Nab\u00edz\u00edme cenov\u011b dostupn\u00fd, vysoce kvalitn\u00ed heroin a dod\u00e1v\u00e1me ho po cel\u00e9m sv\u011bt\u011b. Objedn\u00e1vat m\u016f\u017eete kdykoli a kdekoli.","robots":{"index":"index","follow":"follow","max-snippet":"max-snippet:-1","max-image-preview":"max-image-preview:large","max-video-preview":"max-video-preview:-1"},"canonical":"https:\/\/gblexpress.com\/cs\/produkt-2\/heroina\/","og_locale":"cs_CZ","og_type":"article","og_title":"Heroin online kaufen \u2013 Heroin zu verkaufen","og_description":"Kaufen Sie Heroina online zu den besten Preisen in unserem Online-Shop. Wir bieten g\u00fcnstiges und hochwertiges Heroina an und liefern weltweit. Sie k\u00f6nnen jederzeit und \u00fcberall bestellen.","og_url":"https:\/\/gblexpress.com\/cs\/produkt-2\/heroina\/","og_site_name":"GBL Express","article_modified_time":"2026-02-26T07:24:54+00:00","og_image":[{"width":600,"height":600,"url":"https:\/\/gblexpress.com\/wp-content\/uploads\/2024\/11\/heroin.jpg","type":"image\/jpeg"}],"twitter_card":"summary_large_image","twitter_misc":{"Odhadovan\u00e1 doba \u010dten\u00ed":"2 minuty"},"schema":{"@context":"https:\/\/schema.org","@graph":[{"@type":"WebPage","@id":"https:\/\/gblexpress.com\/product\/heroina\/","url":"https:\/\/gblexpress.com\/product\/heroina\/","name":"Kupujte heroin online \u2013 prod\u00e1vejte heroin","isPartOf":{"@id":"https:\/\/gblexpress.com\/#website"},"primaryImageOfPage":{"@id":"https:\/\/gblexpress.com\/product\/heroina\/#primaryimage"},"image":{"@id":"https:\/\/gblexpress.com\/product\/heroina\/#primaryimage"},"thumbnailUrl":"https:\/\/gblexpress.com\/wp-content\/uploads\/2024\/11\/heroin.jpg","datePublished":"2024-11-26T08:00:45+00:00","dateModified":"2026-02-26T07:24:54+00:00","description":"Nakupujte Heroinu online za nejlep\u0161\u00ed ceny v na\u0161em internetov\u00e9m obchod\u011b. Nab\u00edz\u00edme cenov\u011b dostupn\u00fd, vysoce kvalitn\u00ed heroin a dod\u00e1v\u00e1me ho po cel\u00e9m sv\u011bt\u011b. Objedn\u00e1vat m\u016f\u017eete kdykoli a kdekoli.","breadcrumb":{"@id":"https:\/\/gblexpress.com\/product\/heroina\/#breadcrumb"},"inLanguage":"cs","potentialAction":[{"@type":"ReadAction","target":["https:\/\/gblexpress.com\/product\/heroina\/"]}]},{"@type":"ImageObject","inLanguage":"cs","@id":"https:\/\/gblexpress.com\/product\/heroina\/#primaryimage","url":"https:\/\/gblexpress.com\/wp-content\/uploads\/2024\/11\/heroin.jpg","contentUrl":"https:\/\/gblexpress.com\/wp-content\/uploads\/2024\/11\/heroin.jpg","width":600,"height":600,"caption":"heroin online kaufen"},{"@type":"BreadcrumbList","@id":"https:\/\/gblexpress.com\/product\/heroina\/#breadcrumb","itemListElement":[{"@type":"ListItem","position":1,"name":"Home","item":"https:\/\/gblexpress.com\/"},{"@type":"ListItem","position":2,"name":"Shop","item":"https:\/\/gblexpress.com\/shop\/"},{"@type":"ListItem","position":3,"name":"Heroina"}]},{"@type":"WebSite","@id":"https:\/\/gblexpress.com\/#website","url":"https:\/\/gblexpress.com\/","name":"GBL Express","description":"","publisher":{"@id":"https:\/\/gblexpress.com\/#organization"},"potentialAction":[{"@type":"SearchAction","target":{"@type":"EntryPoint","urlTemplate":"https:\/\/gblexpress.com\/?s={search_term_string}"},"query-input":{"@type":"PropertyValueSpecification","valueRequired":true,"valueName":"search_term_string"}}],"inLanguage":"cs"},{"@type":"Organization","@id":"https:\/\/gblexpress.com\/#organization","name":"GBL Express","url":"https:\/\/gblexpress.com\/","logo":{"@type":"ImageObject","inLanguage":"cs","@id":"https:\/\/gblexpress.com\/#\/schema\/logo\/image\/","url":"https:\/\/gblexpress.com\/wp-content\/uploads\/2023\/01\/logo.png","contentUrl":"https:\/\/gblexpress.com\/wp-content\/uploads\/2023\/01\/logo.png","width":250,"height":52,"caption":"GBL Express"},"image":{"@id":"https:\/\/gblexpress.com\/#\/schema\/logo\/image\/"}}]}},"jetpack-related-posts":[],"jetpack_sharing_enabled":true,"_links":{"self":[{"href":"https:\/\/gblexpress.com\/cs\/wp-json\/wp\/v2\/product\/1264","targetHints":{"allow":["GET"]}}],"collection":[{"href":"https:\/\/gblexpress.com\/cs\/wp-json\/wp\/v2\/product"}],"about":[{"href":"https:\/\/gblexpress.com\/cs\/wp-json\/wp\/v2\/types\/product"}],"replies":[{"embeddable":true,"href":"https:\/\/gblexpress.com\/cs\/wp-json\/wp\/v2\/comments?post=1264"}],"wp:featuredmedia":[{"embeddable":true,"href":"https:\/\/gblexpress.com\/cs\/wp-json\/wp\/v2\/media\/1612"}],"wp:attachment":[{"href":"https:\/\/gblexpress.com\/cs\/wp-json\/wp\/v2\/media?parent=1264"}],"wp:term":[{"taxonomy":"product_brand","embeddable":true,"href":"https:\/\/gblexpress.com\/cs\/wp-json\/wp\/v2\/product_brand?post=1264"},{"taxonomy":"product_cat","embeddable":true,"href":"https:\/\/gblexpress.com\/cs\/wp-json\/wp\/v2\/product_cat?post=1264"},{"taxonomy":"product_tag","embeddable":true,"href":"https:\/\/gblexpress.com\/cs\/wp-json\/wp\/v2\/product_tag?post=1264"}],"curies":[{"name":"wp","href":"https:\/\/api.w.org\/{rel}","templated":true}]}}