{"id":1337,"date":"2024-11-27T09:59:17","date_gmt":"2024-11-27T09:59:17","guid":{"rendered":"https:\/\/gblexpress.com\/?post_type=product&#038;p=1337"},"modified":"2026-02-25T05:17:03","modified_gmt":"2026-02-25T05:17:03","slug":"dianabol-10mg","status":"publish","type":"product","link":"https:\/\/gblexpress.com\/cs\/produkt-2\/dianabol-10mg\/","title":{"rendered":"Dianabol 10mg"},"content":{"rendered":"<h2><strong>Dianabol 10mg online kaufen \u2013 Maximale Ergebnisse f\u00fcr Bodybuilding<\/strong><\/h2>\n<p>Dianabol 10mg, tak\u00e9 zn\u00e1m\u00fd jako <a href=\"https:\/\/en.wikipedia.org\/wiki\/Metandienone\"><strong>Metandienon<\/strong><\/a>je jedn\u00edm z nejobl\u00edben\u011bj\u0161\u00edch steroid\u016f pro kulturisty. Podporuje rychl\u00fd r\u016fst sval\u016f, zvy\u0161uje s\u00edlu a podporuje intenzivn\u00ed tr\u00e9ninkov\u00e9 f\u00e1ze. Dianabol je ide\u00e1ln\u00ed pro budovac\u00ed cyklus, nab\u00edz\u00ed efektivn\u00ed v\u00fdsledky se spolehliv\u00fdm slo\u017een\u00edm Koupit Dianabol 10mg<a href=\"https:\/\/gblexprimer.com\/product\/achats-en-ligne-gbl\/\">.<\/a><\/p>\n<h3><strong>V\u00fdhody Dianabol 10mg:<\/strong><\/h3>\n<ul>\n<li><strong>Rychl\u00e9 budov\u00e1n\u00ed sval\u016f:<\/strong> Zvy\u0161uje <a href=\"https:\/\/gblexpress.com\/cs\/produkt-2\/dianabol-10mg\/\">Svalov\u00e1 hmota<\/a> v kr\u00e1tk\u00e9 dob\u011b.<\/li>\n<li><strong>Zv\u00fd\u0161en\u00ed s\u00edly:<\/strong> Ide\u00e1ln\u00ed pro sportovce v intenzivn\u00edch tr\u00e9ninkov\u00fdch f\u00e1z\u00edch.<\/li>\n<li><strong>Osv\u011bd\u010den\u00e1 kvalita:<\/strong> Spolehliv\u00e9 v\u00fdsledky p\u0159i ka\u017ed\u00e9 d\u00e1vce<a href=\"https:\/\/gblexpress.com\/cs\/obchod\/suchy-vareny-ghb-500-gramu\/\">.<\/a><\/li>\n<\/ul>\n<p><strong>Kde koupit Dianabol nyn\u00ed<\/strong> a vyu\u017e\u00edvejte v\u00fdhod bezpe\u010dn\u00e9 a diskr\u00e9tn\u00ed p\u0159epravy!<\/p>","protected":false},"excerpt":{"rendered":"<p>Dianabol 10mg, tak\u00e9 zn\u00e1m\u00fd jako <strong>Metandienon<\/strong>je jedn\u00edm z nejobl\u00edben\u011bj\u0161\u00edch anabolick\u00fdch steroid\u016f v kulturistice. Byl speci\u00e1ln\u011b vyvinut pro podporu rychl\u00e9ho r\u016fstu sval\u016f, zlep\u0161en\u00ed s\u00edly a zv\u00fd\u0161en\u00ed tr\u00e9ninkov\u00e9ho v\u00fdkonu. D\u00edky sv\u00e9mu osv\u011bd\u010den\u00e9mu slo\u017een\u00ed je ide\u00e1ln\u00ed pro sportovce, kte\u0159\u00ed cht\u011bj\u00ed dos\u00e1hnout maxim\u00e1ln\u00edch v\u00fdsledk\u016f v co nejkrat\u0161\u00ed dob\u011b.<\/p>\n<h3><strong>V\u00fdhody Dianabol 10mg<\/strong><\/h3>\n<ul>\n<li><strong>Rychl\u00e9 budov\u00e1n\u00ed sval\u016f<\/strong>\u00da\u010dinn\u011b zvy\u0161uje svalovou hmotu.<\/li>\n<li><strong>Zv\u00fd\u0161en\u00ed s\u00edly<\/strong>Ide\u00e1ln\u00ed pro intenzivn\u00ed tr\u00e9nink a maxim\u00e1ln\u00ed v\u00fdkon.<\/li>\n<li><strong>Jednoduch\u00e9 d\u00e1vkov\u00e1n\u00ed<\/strong>Ka\u017ed\u00e1 tableta obsahuje 10 mg pro p\u0159esn\u00e9 po\u017eit\u00ed.<\/li>\n<\/ul>\n<h3><strong>Pro\u010d koupit Dianabol 10mg?<\/strong><\/h3>\n<ul>\n<li><strong>Osv\u011bd\u010den\u00e1 kvalita<\/strong>Bezpe\u010dn\u00e9 a spolehliv\u00e9 v\u00fdsledky.<\/li>\n<li><strong>Flexibiln\u00ed pou\u017eit\u00ed<\/strong>Vhodn\u00e9 pro budov\u00e1n\u00ed hmoty a zvy\u0161ov\u00e1n\u00ed v\u00fdkonnosti.<\/li>\n<li><strong>Diskr\u00e9tn\u00ed p\u0159eprava<\/strong>Bezpe\u010dn\u00e9 a anonymn\u00ed doru\u010dov\u00e1n\u00ed.<\/li>\n<\/ul>","protected":false},"featured_media":1615,"comment_status":"open","ping_status":"closed","template":"","meta":{"_joinchat":[]},"product_brand":[],"product_cat":[247],"product_tag":[755,753,756,754,757],"class_list":{"0":"post-1337","1":"product","2":"type-product","3":"status-publish","4":"has-post-thumbnail","6":"product_cat-steroid","7":"product_tag-anabolika-muskelaufbau","8":"product_tag-dianabol-10mg-kaufen","9":"product_tag-dianabol-fuer-bodybuilder","10":"product_tag-methandienon-bestellen","11":"product_tag-steroide-fuer-kraftsteigerung","13":"first","14":"instock","15":"shipping-taxable","16":"purchasable","17":"product-type-variable"},"yoast_head":"<!-- This site is optimized with the Yoast SEO plugin v25.4 - https:\/\/yoast.com\/wordpress\/plugins\/seo\/ -->\n<title>Dianabol 10 mg online kaufen \u2013 Dianabol 10 mg zu verkaufen<\/title>\n<meta name=\"description\" content=\"M\u00f6chten Sie Ihre Forschung vorantreiben? Kaufen Sie Dianabol 10 mg bequem und sicher online \u2013 mit einem unkomplizierten Bestellvorgang. Entdecken Sie die M\u00f6glichkeiten und kaufen Sie Dianabol 10 mg noch heute online f\u00fcr Ihre Forschungsvorhaben.\" \/>\n<meta name=\"robots\" content=\"index, follow, max-snippet:-1, max-image-preview:large, max-video-preview:-1\" \/>\n<link rel=\"canonical\" href=\"https:\/\/gblexpress.com\/cs\/produkt-2\/dianabol-10mg\/\" \/>\n<meta property=\"og:locale\" content=\"cs_CZ\" \/>\n<meta property=\"og:type\" content=\"article\" \/>\n<meta property=\"og:title\" content=\"Dianabol 10 mg online kaufen \u2013 Dianabol 10 mg zu verkaufen\" \/>\n<meta property=\"og:description\" content=\"M\u00f6chten Sie Ihre Forschung vorantreiben? Kaufen Sie Dianabol 10 mg bequem und sicher online \u2013 mit einem unkomplizierten Bestellvorgang. Entdecken Sie die M\u00f6glichkeiten und kaufen Sie Dianabol 10 mg noch heute online f\u00fcr Ihre Forschungsvorhaben.\" \/>\n<meta property=\"og:url\" content=\"https:\/\/gblexpress.com\/cs\/produkt-2\/dianabol-10mg\/\" \/>\n<meta property=\"og:site_name\" content=\"GBL Express\" \/>\n<meta property=\"article:modified_time\" content=\"2026-02-25T05:17:03+00:00\" \/>\n<meta property=\"og:image\" content=\"https:\/\/gblexpress.com\/wp-content\/uploads\/2024\/11\/Dianabol-10mg.jpg\" \/>\n\t<meta property=\"og:image:width\" content=\"600\" \/>\n\t<meta property=\"og:image:height\" content=\"600\" \/>\n\t<meta property=\"og:image:type\" content=\"image\/jpeg\" \/>\n<meta name=\"twitter:card\" content=\"summary_large_image\" \/>\n<meta name=\"twitter:label1\" content=\"Odhadovan\u00e1 doba \u010dten\u00ed\" \/>\n\t<meta name=\"twitter:data1\" content=\"1 minuta\" \/>\n<!-- \/ Yoast SEO plugin. -->","yoast_head_json":{"title":"Koupit Dianabol 10 mg online \u2013 Dianabol 10 mg na prodej","description":"Cht\u011bli byste posunout sv\u016fj v\u00fdzkum? Kupte si Dianabol 10 mg pohodln\u011b a bezpe\u010dn\u011b online \u2013 s jednoduch\u00fdm objedn\u00e1vkov\u00fdm procesem. Objevte mo\u017enosti a kupte si Dianabol 10 mg online je\u0161t\u011b dnes pro sv\u00e9 v\u00fdzkumn\u00e9 projekty.","robots":{"index":"index","follow":"follow","max-snippet":"max-snippet:-1","max-image-preview":"max-image-preview:large","max-video-preview":"max-video-preview:-1"},"canonical":"https:\/\/gblexpress.com\/cs\/produkt-2\/dianabol-10mg\/","og_locale":"cs_CZ","og_type":"article","og_title":"Dianabol 10 mg online kaufen \u2013 Dianabol 10 mg zu verkaufen","og_description":"M\u00f6chten Sie Ihre Forschung vorantreiben? Kaufen Sie Dianabol 10 mg bequem und sicher online \u2013 mit einem unkomplizierten Bestellvorgang. Entdecken Sie die M\u00f6glichkeiten und kaufen Sie Dianabol 10 mg noch heute online f\u00fcr Ihre Forschungsvorhaben.","og_url":"https:\/\/gblexpress.com\/cs\/produkt-2\/dianabol-10mg\/","og_site_name":"GBL Express","article_modified_time":"2026-02-25T05:17:03+00:00","og_image":[{"width":600,"height":600,"url":"https:\/\/gblexpress.com\/wp-content\/uploads\/2024\/11\/Dianabol-10mg.jpg","type":"image\/jpeg"}],"twitter_card":"summary_large_image","twitter_misc":{"Odhadovan\u00e1 doba \u010dten\u00ed":"1 minuta"},"schema":{"@context":"https:\/\/schema.org","@graph":[{"@type":"WebPage","@id":"https:\/\/gblexpress.com\/product\/dianabol-10mg\/","url":"https:\/\/gblexpress.com\/product\/dianabol-10mg\/","name":"Koupit Dianabol 10 mg online \u2013 Dianabol 10 mg na prodej","isPartOf":{"@id":"https:\/\/gblexpress.com\/#website"},"primaryImageOfPage":{"@id":"https:\/\/gblexpress.com\/product\/dianabol-10mg\/#primaryimage"},"image":{"@id":"https:\/\/gblexpress.com\/product\/dianabol-10mg\/#primaryimage"},"thumbnailUrl":"https:\/\/gblexpress.com\/wp-content\/uploads\/2024\/11\/Dianabol-10mg.jpg","datePublished":"2024-11-27T09:59:17+00:00","dateModified":"2026-02-25T05:17:03+00:00","description":"Cht\u011bli byste posunout sv\u016fj v\u00fdzkum? Kupte si Dianabol 10 mg pohodln\u011b a bezpe\u010dn\u011b online \u2013 s jednoduch\u00fdm objedn\u00e1vkov\u00fdm procesem. Objevte mo\u017enosti a kupte si Dianabol 10 mg online je\u0161t\u011b dnes pro sv\u00e9 v\u00fdzkumn\u00e9 projekty.","breadcrumb":{"@id":"https:\/\/gblexpress.com\/product\/dianabol-10mg\/#breadcrumb"},"inLanguage":"cs","potentialAction":[{"@type":"ReadAction","target":["https:\/\/gblexpress.com\/product\/dianabol-10mg\/"]}]},{"@type":"ImageObject","inLanguage":"cs","@id":"https:\/\/gblexpress.com\/product\/dianabol-10mg\/#primaryimage","url":"https:\/\/gblexpress.com\/wp-content\/uploads\/2024\/11\/Dianabol-10mg.jpg","contentUrl":"https:\/\/gblexpress.com\/wp-content\/uploads\/2024\/11\/Dianabol-10mg.jpg","width":600,"height":600,"caption":"Dianabol-10mg online kaufen"},{"@type":"BreadcrumbList","@id":"https:\/\/gblexpress.com\/product\/dianabol-10mg\/#breadcrumb","itemListElement":[{"@type":"ListItem","position":1,"name":"Home","item":"https:\/\/gblexpress.com\/"},{"@type":"ListItem","position":2,"name":"Shop","item":"https:\/\/gblexpress.com\/shop\/"},{"@type":"ListItem","position":3,"name":"Dianabol 10mg"}]},{"@type":"WebSite","@id":"https:\/\/gblexpress.com\/#website","url":"https:\/\/gblexpress.com\/","name":"GBL Express","description":"","publisher":{"@id":"https:\/\/gblexpress.com\/#organization"},"potentialAction":[{"@type":"SearchAction","target":{"@type":"EntryPoint","urlTemplate":"https:\/\/gblexpress.com\/?s={search_term_string}"},"query-input":{"@type":"PropertyValueSpecification","valueRequired":true,"valueName":"search_term_string"}}],"inLanguage":"cs"},{"@type":"Organization","@id":"https:\/\/gblexpress.com\/#organization","name":"GBL Express","url":"https:\/\/gblexpress.com\/","logo":{"@type":"ImageObject","inLanguage":"cs","@id":"https:\/\/gblexpress.com\/#\/schema\/logo\/image\/","url":"https:\/\/gblexpress.com\/wp-content\/uploads\/2023\/01\/logo.png","contentUrl":"https:\/\/gblexpress.com\/wp-content\/uploads\/2023\/01\/logo.png","width":250,"height":52,"caption":"GBL Express"},"image":{"@id":"https:\/\/gblexpress.com\/#\/schema\/logo\/image\/"}}]}},"jetpack-related-posts":[],"jetpack_sharing_enabled":true,"_links":{"self":[{"href":"https:\/\/gblexpress.com\/cs\/wp-json\/wp\/v2\/product\/1337","targetHints":{"allow":["GET"]}}],"collection":[{"href":"https:\/\/gblexpress.com\/cs\/wp-json\/wp\/v2\/product"}],"about":[{"href":"https:\/\/gblexpress.com\/cs\/wp-json\/wp\/v2\/types\/product"}],"replies":[{"embeddable":true,"href":"https:\/\/gblexpress.com\/cs\/wp-json\/wp\/v2\/comments?post=1337"}],"wp:featuredmedia":[{"embeddable":true,"href":"https:\/\/gblexpress.com\/cs\/wp-json\/wp\/v2\/media\/1615"}],"wp:attachment":[{"href":"https:\/\/gblexpress.com\/cs\/wp-json\/wp\/v2\/media?parent=1337"}],"wp:term":[{"taxonomy":"product_brand","embeddable":true,"href":"https:\/\/gblexpress.com\/cs\/wp-json\/wp\/v2\/product_brand?post=1337"},{"taxonomy":"product_cat","embeddable":true,"href":"https:\/\/gblexpress.com\/cs\/wp-json\/wp\/v2\/product_cat?post=1337"},{"taxonomy":"product_tag","embeddable":true,"href":"https:\/\/gblexpress.com\/cs\/wp-json\/wp\/v2\/product_tag?post=1337"}],"curies":[{"name":"wp","href":"https:\/\/api.w.org\/{rel}","templated":true}]}}