{"id":1339,"date":"2024-11-27T09:59:01","date_gmt":"2024-11-27T09:59:01","guid":{"rendered":"https:\/\/gblexpress.com\/?post_type=product&#038;p=1339"},"modified":"2026-02-28T09:33:14","modified_gmt":"2026-02-28T09:33:14","slug":"testosteron-250mg","status":"publish","type":"product","link":"https:\/\/gblexpress.com\/cs\/produkt-2\/testosteron-250mg\/","title":{"rendered":"Testosteron 250mg"},"content":{"rendered":"<h2><strong>Testosteron 250mg <a href=\"https:\/\/gblexpress.com\/cs\/ghb\/\">-<\/a> Kl\u00ed\u010d k efektivn\u00edmu budov\u00e1n\u00ed a regeneraci sval\u016f<\/strong><\/h2>\n<p><a href=\"https:\/\/gblexpress.com\/cs\/produkt-2\/testosteron-250mg\/\">Testosteron 250mg<\/a> ist ein leistungsstarkes Anabolikum, das speziell entwickelt wurde, um Muskelmasse, Kraft und Regeneration effektiv zu f\u00f6rdern. Mit einer pr\u00e4zisen Dosierung von 250mg pro Ampulle bietet es eine gleichm\u00e4\u00dfige Freisetzung des Hormons, wodurch es ideal f\u00fcr Bodybuilder und Athleten in intensiven Trainingsphasen ist Testosteron 250mg kaufen .<\/p>\n<h3><strong>Jak testosteron 250mg funguje?<\/strong><br \/>\nTento injek\u010dn\u00ed testosteron podporuje budov\u00e1n\u00ed sval\u016f t\u00edm, \u017ee podporuje synt\u00e9zu b\u00edlkovin a zvy\u0161uje ukl\u00e1d\u00e1n\u00ed dus\u00edku ve svalech. Zvy\u0161uje energii, podporuje regeneraci a zkracuje dobu zotaven\u00ed mezi tr\u00e9ninky, co\u017e vede k neust\u00e1l\u00e9mu pokroku.<a href=\"https:\/\/factoryson.com\/product-category\/caluanie\/\">.<\/a><\/h3>\n<h3><strong>Hlavn\u00ed v\u00fdhody:<\/strong><\/h3>\n<ul>\n<li><strong>Rychl\u00e9 budov\u00e1n\u00ed sval\u016f<\/strong>Podporuje r\u016fst svalov\u00e9 hmoty.<\/li>\n<li><strong>Zlep\u0161en\u00e1 regenerace<\/strong>Urychluje hojen\u00ed po intenzivn\u00edm tr\u00e9ninku.<\/li>\n<li><strong>Zv\u00fd\u0161en\u00ed s\u00edly<\/strong>Zvy\u0161uje energii a v\u00fdkon p\u0159i tr\u00e9ninku.<\/li>\n<li><strong>Dlouhotrvaj\u00edc\u00ed \u00fa\u010dinek<\/strong>Ide\u00e1ln\u00ed pro n\u011bkolikat\u00fddenn\u00ed cykly.<\/li>\n<\/ul>\n<p><strong>Pro\u010d zvolit testosteron 250 mg?<\/strong><br \/>\nD\u00edky vysok\u00e9 \u010distot\u011b a spolehliv\u00e9mu d\u00e1vkov\u00e1n\u00ed je testosteron 250 mg jednou z nejobl\u00edben\u011bj\u0161\u00edch mo\u017enost\u00ed v kulturistice. Lze jej pou\u017e\u00edvat flexibiln\u011b a je vhodn\u00fd jak pro cykly budov\u00e1n\u00ed hmoty, tak pro cykly posilov\u00e1n\u00ed.<\/p>\n<p>Objevte v\u00fdhody testosteronu 250 mg a dos\u00e1hn\u011bte sv\u00fdch fitness c\u00edl\u016f s produktem, kter\u00fd kombinuje v\u00fdkon a kvalitu. <strong>Objednejte si nyn\u00ed a za\u010dn\u011bte!<\/strong><\/p>","protected":false},"excerpt":{"rendered":"<p>Testosteron 250 mg je osv\u011bd\u010denou volbou pro sportovce a kulturisty, kte\u0159\u00ed cht\u011bj\u00ed maximalizovat sv\u016fj fyzick\u00fd v\u00fdkon. Tento injek\u010dn\u00ed testosteronov\u00fd p\u0159\u00edpravek podporuje budov\u00e1n\u00ed sval\u016f, zlep\u0161uje regeneraci a podporuje celkovou fyzickou s\u00edlu.<\/p>\n<h3><strong>Jak testosteron 250mg funguje?<\/strong><\/h3>\n<p>Testosteron je nezbytn\u00fdm hormonem pro budov\u00e1n\u00ed a regeneraci sval\u016f. <strong>Testosteron 250mg<\/strong> zaji\u0161\u0165uje st\u00e1l\u00e9 a dlouhodob\u00e9 uvol\u0148ov\u00e1n\u00ed \u00fa\u010dinn\u00e9 l\u00e1tky, kter\u00e1 stabilizuje hladinu testosteronu v t\u011ble.<\/p>\n<ul>\n<li><strong>Budov\u00e1n\u00ed sval\u016f<\/strong>Zvy\u0161uje synt\u00e9zu b\u00edlkovin a podporuje r\u016fst svalov\u00e9 hmoty.<\/li>\n<li><strong>Zv\u00fd\u0161en\u00ed s\u00edly<\/strong>Zlep\u0161uje energii a v\u00fdkonnost b\u011bhem intenzivn\u00edch tr\u00e9nink\u016f.<\/li>\n<li><strong>Regenerace<\/strong>Urychluje hojen\u00ed a zkracuje tr\u00e9ninkov\u00e9 p\u0159est\u00e1vky.<\/li>\n<\/ul>\n<h3><strong>Vzorec a vlastnosti<\/strong><\/h3>\n<ul>\n<li><strong>Chemick\u00fd vzorec<\/strong>C19H28O2<\/li>\n<li><strong>Molekulov\u00e1 hmotnost<\/strong>: 288,42 g\/mol<\/li>\n<li><strong>D\u00e1vkov\u00e1n\u00ed<\/strong>250 mg v jedn\u00e9 ampulce pro kontrolovan\u00e9 a \u00fa\u010dinn\u00e9 v\u00fdsledky.<\/li>\n<li><strong>Doba uvoln\u011bn\u00ed<\/strong>Dlouhotrvaj\u00edc\u00ed \u00fa\u010dinek, ide\u00e1ln\u00ed pro t\u00fddenn\u00ed cykly.<\/li>\n<\/ul>","protected":false},"featured_media":1616,"comment_status":"open","ping_status":"closed","template":"","meta":{"_joinchat":[]},"product_brand":[],"product_cat":[247],"product_tag":[758,762,761,759,760],"class_list":{"0":"post-1339","1":"product","2":"type-product","3":"status-publish","4":"has-post-thumbnail","6":"product_cat-steroid","7":"product_tag-testosteron-250mg-kaufen","8":"product_tag-testosteron-250mg-wirkung","9":"product_tag-testosteron-fuer-bodybuilding","10":"product_tag-testosteron-injektionen-bestellen","11":"product_tag-testosteron-muskelaufbau","13":"first","14":"instock","15":"shipping-taxable","16":"purchasable","17":"product-type-variable"},"yoast_head":"<!-- This site is optimized with the Yoast SEO plugin v25.4 - https:\/\/yoast.com\/wordpress\/plugins\/seo\/ -->\n<title>Testosteron 250 mg online kaufen \u2013 Testosteron 250 mg verkaufen<\/title>\n<meta name=\"description\" content=\"Finden Sie hochwertiges Testosteron 250 mg zum Verkauf in unserem Online-Shop. Wir bieten eine sichere Plattform f\u00fcr den einfachen Online-Kauf von Testosteron 250 mg, die Ihren Forschungsanforderungen gerecht wird.\" \/>\n<meta name=\"robots\" content=\"index, follow, max-snippet:-1, max-image-preview:large, max-video-preview:-1\" \/>\n<link rel=\"canonical\" href=\"https:\/\/gblexpress.com\/cs\/produkt-2\/testosteron-250mg\/\" \/>\n<meta property=\"og:locale\" content=\"cs_CZ\" \/>\n<meta property=\"og:type\" content=\"article\" \/>\n<meta property=\"og:title\" content=\"Testosteron 250 mg online kaufen \u2013 Testosteron 250 mg verkaufen\" \/>\n<meta property=\"og:description\" content=\"Finden Sie hochwertiges Testosteron 250 mg zum Verkauf in unserem Online-Shop. Wir bieten eine sichere Plattform f\u00fcr den einfachen Online-Kauf von Testosteron 250 mg, die Ihren Forschungsanforderungen gerecht wird.\" \/>\n<meta property=\"og:url\" content=\"https:\/\/gblexpress.com\/cs\/produkt-2\/testosteron-250mg\/\" \/>\n<meta property=\"og:site_name\" content=\"GBL Express\" \/>\n<meta property=\"article:modified_time\" content=\"2026-02-28T09:33:14+00:00\" \/>\n<meta property=\"og:image\" content=\"https:\/\/gblexpress.com\/wp-content\/uploads\/2024\/11\/Testosteron-250mg.jpg\" \/>\n\t<meta property=\"og:image:width\" content=\"600\" \/>\n\t<meta property=\"og:image:height\" content=\"600\" \/>\n\t<meta property=\"og:image:type\" content=\"image\/jpeg\" \/>\n<meta name=\"twitter:card\" content=\"summary_large_image\" \/>\n<meta name=\"twitter:label1\" content=\"Odhadovan\u00e1 doba \u010dten\u00ed\" \/>\n\t<meta name=\"twitter:data1\" content=\"2 minuty\" \/>\n<!-- \/ Yoast SEO plugin. -->","yoast_head_json":{"title":"Koupit Testosteron 250 mg online \u2013 Prod\u00e1m Testosteron 250 mg","description":"Najd\u011bte vysoce kvalitn\u00ed Testosteron 250 mg na prodej v na\u0161em internetov\u00e9m obchod\u011b. Poskytujeme bezpe\u010dnou platformu pro snadn\u00fd online n\u00e1kup testosteronu 250 mg, kter\u00e1 spln\u00ed va\u0161e v\u00fdzkumn\u00e9 pot\u0159eby.","robots":{"index":"index","follow":"follow","max-snippet":"max-snippet:-1","max-image-preview":"max-image-preview:large","max-video-preview":"max-video-preview:-1"},"canonical":"https:\/\/gblexpress.com\/cs\/produkt-2\/testosteron-250mg\/","og_locale":"cs_CZ","og_type":"article","og_title":"Testosteron 250 mg online kaufen \u2013 Testosteron 250 mg verkaufen","og_description":"Finden Sie hochwertiges Testosteron 250 mg zum Verkauf in unserem Online-Shop. Wir bieten eine sichere Plattform f\u00fcr den einfachen Online-Kauf von Testosteron 250 mg, die Ihren Forschungsanforderungen gerecht wird.","og_url":"https:\/\/gblexpress.com\/cs\/produkt-2\/testosteron-250mg\/","og_site_name":"GBL Express","article_modified_time":"2026-02-28T09:33:14+00:00","og_image":[{"width":600,"height":600,"url":"https:\/\/gblexpress.com\/wp-content\/uploads\/2024\/11\/Testosteron-250mg.jpg","type":"image\/jpeg"}],"twitter_card":"summary_large_image","twitter_misc":{"Odhadovan\u00e1 doba \u010dten\u00ed":"2 minuty"},"schema":{"@context":"https:\/\/schema.org","@graph":[{"@type":"WebPage","@id":"https:\/\/gblexpress.com\/product\/testosteron-250mg\/","url":"https:\/\/gblexpress.com\/product\/testosteron-250mg\/","name":"Koupit Testosteron 250 mg online \u2013 Prod\u00e1m Testosteron 250 mg","isPartOf":{"@id":"https:\/\/gblexpress.com\/#website"},"primaryImageOfPage":{"@id":"https:\/\/gblexpress.com\/product\/testosteron-250mg\/#primaryimage"},"image":{"@id":"https:\/\/gblexpress.com\/product\/testosteron-250mg\/#primaryimage"},"thumbnailUrl":"https:\/\/gblexpress.com\/wp-content\/uploads\/2024\/11\/Testosteron-250mg.jpg","datePublished":"2024-11-27T09:59:01+00:00","dateModified":"2026-02-28T09:33:14+00:00","description":"Najd\u011bte vysoce kvalitn\u00ed Testosteron 250 mg na prodej v na\u0161em internetov\u00e9m obchod\u011b. Poskytujeme bezpe\u010dnou platformu pro snadn\u00fd online n\u00e1kup testosteronu 250 mg, kter\u00e1 spln\u00ed va\u0161e v\u00fdzkumn\u00e9 pot\u0159eby.","breadcrumb":{"@id":"https:\/\/gblexpress.com\/product\/testosteron-250mg\/#breadcrumb"},"inLanguage":"cs","potentialAction":[{"@type":"ReadAction","target":["https:\/\/gblexpress.com\/product\/testosteron-250mg\/"]}]},{"@type":"ImageObject","inLanguage":"cs","@id":"https:\/\/gblexpress.com\/product\/testosteron-250mg\/#primaryimage","url":"https:\/\/gblexpress.com\/wp-content\/uploads\/2024\/11\/Testosteron-250mg.jpg","contentUrl":"https:\/\/gblexpress.com\/wp-content\/uploads\/2024\/11\/Testosteron-250mg.jpg","width":600,"height":600,"caption":"Testosteron-250mg online kaufen"},{"@type":"BreadcrumbList","@id":"https:\/\/gblexpress.com\/product\/testosteron-250mg\/#breadcrumb","itemListElement":[{"@type":"ListItem","position":1,"name":"Home","item":"https:\/\/gblexpress.com\/"},{"@type":"ListItem","position":2,"name":"Shop","item":"https:\/\/gblexpress.com\/shop\/"},{"@type":"ListItem","position":3,"name":"Testosteron 250mg"}]},{"@type":"WebSite","@id":"https:\/\/gblexpress.com\/#website","url":"https:\/\/gblexpress.com\/","name":"GBL Express","description":"","publisher":{"@id":"https:\/\/gblexpress.com\/#organization"},"potentialAction":[{"@type":"SearchAction","target":{"@type":"EntryPoint","urlTemplate":"https:\/\/gblexpress.com\/?s={search_term_string}"},"query-input":{"@type":"PropertyValueSpecification","valueRequired":true,"valueName":"search_term_string"}}],"inLanguage":"cs"},{"@type":"Organization","@id":"https:\/\/gblexpress.com\/#organization","name":"GBL Express","url":"https:\/\/gblexpress.com\/","logo":{"@type":"ImageObject","inLanguage":"cs","@id":"https:\/\/gblexpress.com\/#\/schema\/logo\/image\/","url":"https:\/\/gblexpress.com\/wp-content\/uploads\/2023\/01\/logo.png","contentUrl":"https:\/\/gblexpress.com\/wp-content\/uploads\/2023\/01\/logo.png","width":250,"height":52,"caption":"GBL Express"},"image":{"@id":"https:\/\/gblexpress.com\/#\/schema\/logo\/image\/"}}]}},"jetpack-related-posts":[],"jetpack_sharing_enabled":true,"_links":{"self":[{"href":"https:\/\/gblexpress.com\/cs\/wp-json\/wp\/v2\/product\/1339","targetHints":{"allow":["GET"]}}],"collection":[{"href":"https:\/\/gblexpress.com\/cs\/wp-json\/wp\/v2\/product"}],"about":[{"href":"https:\/\/gblexpress.com\/cs\/wp-json\/wp\/v2\/types\/product"}],"replies":[{"embeddable":true,"href":"https:\/\/gblexpress.com\/cs\/wp-json\/wp\/v2\/comments?post=1339"}],"wp:featuredmedia":[{"embeddable":true,"href":"https:\/\/gblexpress.com\/cs\/wp-json\/wp\/v2\/media\/1616"}],"wp:attachment":[{"href":"https:\/\/gblexpress.com\/cs\/wp-json\/wp\/v2\/media?parent=1339"}],"wp:term":[{"taxonomy":"product_brand","embeddable":true,"href":"https:\/\/gblexpress.com\/cs\/wp-json\/wp\/v2\/product_brand?post=1339"},{"taxonomy":"product_cat","embeddable":true,"href":"https:\/\/gblexpress.com\/cs\/wp-json\/wp\/v2\/product_cat?post=1339"},{"taxonomy":"product_tag","embeddable":true,"href":"https:\/\/gblexpress.com\/cs\/wp-json\/wp\/v2\/product_tag?post=1339"}],"curies":[{"name":"wp","href":"https:\/\/api.w.org\/{rel}","templated":true}]}}