{"id":1340,"date":"2024-11-27T09:58:57","date_gmt":"2024-11-27T09:58:57","guid":{"rendered":"https:\/\/gblexpress.com\/?post_type=product&#038;p=1340"},"modified":"2025-05-06T05:53:51","modified_gmt":"2025-05-06T05:53:51","slug":"deka-durabin-300-mg","status":"publish","type":"product","link":"https:\/\/gblexpress.com\/cs\/produkt-2\/deka-durabin-300-mg\/","title":{"rendered":"Deca Durabin 300mg"},"content":{"rendered":"<h2><strong>Koupit Deca Durabin 300mg - budov\u00e1n\u00ed sval\u016f snadn\u00e9<\/strong><\/h2>\n<p><a href=\"https:\/\/gblexpress.com\/cs\/produkt-2\/deka-durabin-300-mg\/\">Deca Durabin 300mg<\/a>tak\u00e9 zn\u00e1m\u00fd jako <a href=\"https:\/\/cs.wikipedia.org\/wiki\/Nandrolone_decanoate\"><strong>Nandrolon dekano\u00e1t<\/strong><\/a>je ide\u00e1ln\u00ed volbou pro kulturisty a sportovce, kte\u0159\u00ed cht\u011bj\u00ed budovat svaly, regenerovat a chr\u00e1nit klouby. D\u00edky dlouhodob\u00fdm \u00fa\u010dink\u016fm a spolehliv\u00e9 kvalit\u011b podporuje n\u00e1r\u016fst s\u00edly a rychlej\u0161\u00ed regeneraci Koupit Deca Durabin<a href=\"https:\/\/gblexpress.com\/cs\/obchod\/tilidin-ratiopharm-plus-50-4-mg-tilidin-naloxon\/\">.<\/a><\/p>\n<p>Nyn\u00ed <a href=\"https:\/\/gblexpress.com\/cs\/\"><strong>Koupit Deca steroidy<\/strong><\/a> a t\u011b\u017eit z diskr\u00e9tn\u00ed p\u0159epravy a prvot\u0159\u00eddn\u00ed kvality.<a href=\"https:\/\/gblexprimer.com\/\">!<\/a><\/p>","protected":false},"excerpt":{"rendered":"<p><strong>Deca Durabin 300mg<\/strong> je dob\u0159e zn\u00e1m\u00fd anabolick\u00fd steroid, kter\u00fd je cen\u011bn pro sv\u00e9 v\u0161estrann\u00e9 vyu\u017eit\u00ed p\u0159i budov\u00e1n\u00ed sval\u016f a terapeutick\u00e9 l\u00e9\u010db\u011b. D\u00edky sv\u00e9mu osv\u011bd\u010den\u00e9mu slo\u017een\u00ed a dlouhodob\u00fdm \u00fa\u010dink\u016fm je jednou z nejobl\u00edben\u011bj\u0161\u00edch voleb pro kulturisty a zdravotn\u00edky.<\/p>\n<h3><strong>Co je Deca Durabin 300mg?<\/strong><\/h3>\n<p>Deca Durabin, tak\u00e9 zn\u00e1m\u00fd jako <strong>Nandrolon dekano\u00e1t<\/strong>je injek\u010dn\u00ed steroid, kter\u00fd umo\u017e\u0148uje pomal\u00e9 a rovnom\u011brn\u00e9 uvol\u0148ov\u00e1n\u00ed \u00fa\u010dinn\u00e9 l\u00e1tky. Podporuje tvorbu svalov\u00e9 hmoty, zlep\u0161uje regeneraci a sni\u017euje bolest kloub\u016f.<\/p>\n<h3><strong>Vlastnosti a v\u00fdhody<\/strong><\/h3>\n<ul>\n<li><strong>Budov\u00e1n\u00ed sval\u016f<\/strong>Podporuje v\u00fdrazn\u00fd n\u00e1r\u016fst svalov\u00e9 hmoty a s\u00edly.<\/li>\n<li><strong>Regenerace<\/strong>Podporuje rychlej\u0161\u00ed regeneraci po intenzivn\u00edm tr\u00e9ninku.<\/li>\n<li><strong>Ochrana kloub\u016f<\/strong>Pom\u00e1h\u00e1 zm\u00edrnit bolest kloub\u016f a zlep\u0161uje pohyblivost.<\/li>\n<li><strong>Dlouhotrvaj\u00edc\u00ed \u00fa\u010dinek<\/strong>S d\u00e1vkou 300 mg nab\u00edz\u00ed stabiln\u00ed uvol\u0148ov\u00e1n\u00ed po dobu n\u011bkolika dn\u016f.<\/li>\n<\/ul>\n<h3><strong>Aplikace<\/strong><\/h3>\n<ol>\n<li><strong>Kulturistika<\/strong>:\n<ul>\n<li>Podporuje svalovou hmotu a zvy\u0161uje s\u00edlu.<\/li>\n<li>Obl\u00edben\u00e9 ve f\u00e1z\u00edch budov\u00e1n\u00ed a \u00fadr\u017eby.<\/li>\n<\/ul>\n<\/li>\n<li><strong>Terapeutick\u00e9 pou\u017eit\u00ed<\/strong>:\n<ul>\n<li>L\u00e9\u010d\u00ed chronick\u00e1 onemocn\u011bn\u00ed, jako je osteopor\u00f3za nebo svalov\u00e1 atrofie.<\/li>\n<\/ul>\n<\/li>\n<li><strong>Obnova a regenerace<\/strong>:\n<ul>\n<li>Ide\u00e1ln\u00ed pro sportovce na podporu hojiv\u00fdch proces\u016f a sn\u00ed\u017een\u00ed tr\u00e9ninkov\u00e9ho stresu.<\/li>\n<\/ul>\n<\/li>\n<\/ol>\n<h3><strong>Pro\u010d koupit Deca Durabin 300mg?<\/strong><\/h3>\n<ul>\n<li><strong>spolehlivost<\/strong>Klinicky testov\u00e1no a ov\u011b\u0159eno.<\/li>\n<li><strong>Diskr\u00e9tn\u00ed p\u0159eprava<\/strong>: Bezpe\u010dn\u00e9 a d\u016fv\u011brn\u00e9 doru\u010den\u00ed.<\/li>\n<li><strong>Vysoce kvalitn\u00ed slo\u017een\u00ed<\/strong>Zaru\u010duje nejlep\u0161\u00ed v\u00fdsledky p\u0159i profesion\u00e1ln\u00edm pou\u017eit\u00ed.<\/li>\n<\/ul>","protected":false},"featured_media":1617,"comment_status":"open","ping_status":"closed","template":"","meta":{"_joinchat":[]},"product_brand":[],"product_cat":[247],"product_tag":[744,751,747,746,748,742,750,752,745,749,743],"class_list":{"0":"post-1340","1":"product","2":"type-product","3":"status-publish","4":"has-post-thumbnail","6":"product_cat-steroid","7":"product_tag-deca-300mg-online-kaufen","8":"product_tag-deca-bodybuilding-injektionen","9":"product_tag-deca-durabin-bodybuilding","10":"product_tag-deca-durabin-grosshandel","11":"product_tag-deca-durabin-injektionen-kaufen","12":"product_tag-deca-durabin-kaufen","13":"product_tag-deca-durabin-sicher-kaufen","14":"product_tag-deca-regeneration-sicher-kaufen","15":"product_tag-deca-steroide-muskelaufbau-deca-durabin-wirkung","16":"product_tag-deca-steroide-regeneration","17":"product_tag-nandrolon-decanoat-bestellen","19":"first","20":"instock","21":"shipping-taxable","22":"purchasable","23":"product-type-variable"},"yoast_head":"<!-- This site is optimized with the Yoast SEO plugin v25.4 - https:\/\/yoast.com\/wordpress\/plugins\/seo\/ -->\n<title>Deca Durabin 300 mg online \u2013 Deca Durabin 300 mg zu verkaufen<\/title>\n<meta name=\"description\" content=\"Finden Sie hochwertiges Deca Durabin 300 mg zum Verkauf in unserem Online-Shop. Wir bieten eine sichere Plattform, um Deca Durabin 300 mg ganz einfach online zu kaufen und Ihren Forschungsanforderungen gerecht zu werden.\" \/>\n<meta name=\"robots\" content=\"index, follow, max-snippet:-1, max-image-preview:large, max-video-preview:-1\" \/>\n<link rel=\"canonical\" href=\"https:\/\/gblexpress.com\/cs\/produkt-2\/deka-durabin-300-mg\/\" \/>\n<meta property=\"og:locale\" content=\"cs_CZ\" \/>\n<meta property=\"og:type\" content=\"article\" \/>\n<meta property=\"og:title\" content=\"Deca Durabin 300 mg online \u2013 Deca Durabin 300 mg zu verkaufen\" \/>\n<meta property=\"og:description\" content=\"Finden Sie hochwertiges Deca Durabin 300 mg zum Verkauf in unserem Online-Shop. Wir bieten eine sichere Plattform, um Deca Durabin 300 mg ganz einfach online zu kaufen und Ihren Forschungsanforderungen gerecht zu werden.\" \/>\n<meta property=\"og:url\" content=\"https:\/\/gblexpress.com\/cs\/produkt-2\/deka-durabin-300-mg\/\" \/>\n<meta property=\"og:site_name\" content=\"GBL Express\" \/>\n<meta property=\"article:modified_time\" content=\"2025-05-06T05:53:51+00:00\" \/>\n<meta property=\"og:image\" content=\"https:\/\/gblexpress.com\/wp-content\/uploads\/2024\/11\/Deca-Durabin-300mg.jpg\" \/>\n\t<meta property=\"og:image:width\" content=\"600\" \/>\n\t<meta property=\"og:image:height\" content=\"600\" \/>\n\t<meta property=\"og:image:type\" content=\"image\/jpeg\" \/>\n<meta name=\"twitter:card\" content=\"summary_large_image\" \/>\n<meta name=\"twitter:label1\" content=\"Odhadovan\u00e1 doba \u010dten\u00ed\" \/>\n\t<meta name=\"twitter:data1\" content=\"1 minuta\" \/>\n<!-- \/ Yoast SEO plugin. -->","yoast_head_json":{"title":"Deca Durabolin 300 mg online \u2013 Deca Durabolin 300 mg na prodej","description":"Najd\u011bte vysoce kvalitn\u00ed Deca Durabin 300 mg na prodej v na\u0161em internetov\u00e9m obchod\u011b. Poskytujeme bezpe\u010dnou platformu pro snadn\u00fd n\u00e1kup Deca Durabin 300 mg online a spln\u00edme va\u0161e v\u00fdzkumn\u00e9 pot\u0159eby.","robots":{"index":"index","follow":"follow","max-snippet":"max-snippet:-1","max-image-preview":"max-image-preview:large","max-video-preview":"max-video-preview:-1"},"canonical":"https:\/\/gblexpress.com\/cs\/produkt-2\/deka-durabin-300-mg\/","og_locale":"cs_CZ","og_type":"article","og_title":"Deca Durabin 300 mg online \u2013 Deca Durabin 300 mg zu verkaufen","og_description":"Finden Sie hochwertiges Deca Durabin 300 mg zum Verkauf in unserem Online-Shop. Wir bieten eine sichere Plattform, um Deca Durabin 300 mg ganz einfach online zu kaufen und Ihren Forschungsanforderungen gerecht zu werden.","og_url":"https:\/\/gblexpress.com\/cs\/produkt-2\/deka-durabin-300-mg\/","og_site_name":"GBL Express","article_modified_time":"2025-05-06T05:53:51+00:00","og_image":[{"width":600,"height":600,"url":"https:\/\/gblexpress.com\/wp-content\/uploads\/2024\/11\/Deca-Durabin-300mg.jpg","type":"image\/jpeg"}],"twitter_card":"summary_large_image","twitter_misc":{"Odhadovan\u00e1 doba \u010dten\u00ed":"1 minuta"},"schema":{"@context":"https:\/\/schema.org","@graph":[{"@type":"WebPage","@id":"https:\/\/gblexpress.com\/product\/deca-durabin-300mg\/","url":"https:\/\/gblexpress.com\/product\/deca-durabin-300mg\/","name":"Deca Durabolin 300 mg online \u2013 Deca Durabolin 300 mg na prodej","isPartOf":{"@id":"https:\/\/gblexpress.com\/#website"},"primaryImageOfPage":{"@id":"https:\/\/gblexpress.com\/product\/deca-durabin-300mg\/#primaryimage"},"image":{"@id":"https:\/\/gblexpress.com\/product\/deca-durabin-300mg\/#primaryimage"},"thumbnailUrl":"https:\/\/gblexpress.com\/wp-content\/uploads\/2024\/11\/Deca-Durabin-300mg.jpg","datePublished":"2024-11-27T09:58:57+00:00","dateModified":"2025-05-06T05:53:51+00:00","description":"Najd\u011bte vysoce kvalitn\u00ed Deca Durabin 300 mg na prodej v na\u0161em internetov\u00e9m obchod\u011b. Poskytujeme bezpe\u010dnou platformu pro snadn\u00fd n\u00e1kup Deca Durabin 300 mg online a spln\u00edme va\u0161e v\u00fdzkumn\u00e9 pot\u0159eby.","breadcrumb":{"@id":"https:\/\/gblexpress.com\/product\/deca-durabin-300mg\/#breadcrumb"},"inLanguage":"cs","potentialAction":[{"@type":"ReadAction","target":["https:\/\/gblexpress.com\/product\/deca-durabin-300mg\/"]}]},{"@type":"ImageObject","inLanguage":"cs","@id":"https:\/\/gblexpress.com\/product\/deca-durabin-300mg\/#primaryimage","url":"https:\/\/gblexpress.com\/wp-content\/uploads\/2024\/11\/Deca-Durabin-300mg.jpg","contentUrl":"https:\/\/gblexpress.com\/wp-content\/uploads\/2024\/11\/Deca-Durabin-300mg.jpg","width":600,"height":600,"caption":"Deca-Durabin-300mg online kaufen"},{"@type":"BreadcrumbList","@id":"https:\/\/gblexpress.com\/product\/deca-durabin-300mg\/#breadcrumb","itemListElement":[{"@type":"ListItem","position":1,"name":"Home","item":"https:\/\/gblexpress.com\/"},{"@type":"ListItem","position":2,"name":"Shop","item":"https:\/\/gblexpress.com\/shop\/"},{"@type":"ListItem","position":3,"name":"Deca Durabin 300mg"}]},{"@type":"WebSite","@id":"https:\/\/gblexpress.com\/#website","url":"https:\/\/gblexpress.com\/","name":"GBL Express","description":"","publisher":{"@id":"https:\/\/gblexpress.com\/#organization"},"potentialAction":[{"@type":"SearchAction","target":{"@type":"EntryPoint","urlTemplate":"https:\/\/gblexpress.com\/?s={search_term_string}"},"query-input":{"@type":"PropertyValueSpecification","valueRequired":true,"valueName":"search_term_string"}}],"inLanguage":"cs"},{"@type":"Organization","@id":"https:\/\/gblexpress.com\/#organization","name":"GBL Express","url":"https:\/\/gblexpress.com\/","logo":{"@type":"ImageObject","inLanguage":"cs","@id":"https:\/\/gblexpress.com\/#\/schema\/logo\/image\/","url":"https:\/\/gblexpress.com\/wp-content\/uploads\/2023\/01\/logo.png","contentUrl":"https:\/\/gblexpress.com\/wp-content\/uploads\/2023\/01\/logo.png","width":250,"height":52,"caption":"GBL Express"},"image":{"@id":"https:\/\/gblexpress.com\/#\/schema\/logo\/image\/"}}]}},"jetpack-related-posts":[],"jetpack_sharing_enabled":true,"_links":{"self":[{"href":"https:\/\/gblexpress.com\/cs\/wp-json\/wp\/v2\/product\/1340","targetHints":{"allow":["GET"]}}],"collection":[{"href":"https:\/\/gblexpress.com\/cs\/wp-json\/wp\/v2\/product"}],"about":[{"href":"https:\/\/gblexpress.com\/cs\/wp-json\/wp\/v2\/types\/product"}],"replies":[{"embeddable":true,"href":"https:\/\/gblexpress.com\/cs\/wp-json\/wp\/v2\/comments?post=1340"}],"wp:featuredmedia":[{"embeddable":true,"href":"https:\/\/gblexpress.com\/cs\/wp-json\/wp\/v2\/media\/1617"}],"wp:attachment":[{"href":"https:\/\/gblexpress.com\/cs\/wp-json\/wp\/v2\/media?parent=1340"}],"wp:term":[{"taxonomy":"product_brand","embeddable":true,"href":"https:\/\/gblexpress.com\/cs\/wp-json\/wp\/v2\/product_brand?post=1340"},{"taxonomy":"product_cat","embeddable":true,"href":"https:\/\/gblexpress.com\/cs\/wp-json\/wp\/v2\/product_cat?post=1340"},{"taxonomy":"product_tag","embeddable":true,"href":"https:\/\/gblexpress.com\/cs\/wp-json\/wp\/v2\/product_tag?post=1340"}],"curies":[{"name":"wp","href":"https:\/\/api.w.org\/{rel}","templated":true}]}}