{"id":473,"date":"2023-05-17T10:31:35","date_gmt":"2023-05-17T10:31:35","guid":{"rendered":"https:\/\/gblexpress.com\/?post_type=product&#038;p=473"},"modified":"2026-02-25T05:20:28","modified_gmt":"2026-02-25T05:20:28","slug":"gbl-koupit-online-butyrolakton-koupit","status":"publish","type":"product","link":"https:\/\/gblexpress.com\/cs\/produkt-2\/gbl-koupit-online-butyrolakton-koupit\/","title":{"rendered":"Koupit GBL online"},"content":{"rendered":"<h2><strong>\u010cisti\u010d r\u00e1fk\u016f s gama-butirolaktonem GBL<\/strong><\/h2>\n<p><a href=\"https:\/\/en.wikipedia.org\/wiki\/GBL\">gbl-buying<\/a>, Gamma-Butyrolacton-Produkte sind eine hygroskopische, farblose, \u00f6lige Fl\u00fcssigkeit mit einem schwachen charakteristischen Geruch und sind wasserl\u00f6slich. GBL ist ein g\u00e4ngiges L\u00f6sungsmittel und Reagens in der Chemie und wird als Aromastoff, Fleckentferner, Sekundenkleberentferner, Abbeizmittel und L\u00f6sungsmittel in einigen Nass-Aluminium-Elektrolytkondensatoren verwendet. Beim Menschen fungiert es als Prodrug f\u00fcr GHB und wird als Freizeitrauschmittel mit alkohol\u00e4hnlichen Wirkungen verwendet.<\/p>\n<h3><strong>Co je gama-butyrolakton?<a href=\"https:\/\/gblexpress.com\/cs\/\">?<\/a><\/strong><\/h3>\n<p><a href=\"https:\/\/gblexpress.com\/cs\/produkt-2\/gbl-koupit-online-butyrolakton-koupit\/\">Gama-butyrolakton<\/a> ist ein ideales Antioxidans, Weichmacher, Dispergiermittel und L\u00f6sungsmittel. GBL wird jedoch m\u00f6glicherweise am h\u00e4ufigsten als Zwischenprodukt bei der Herstellung von abgeleiteten Chemikalien wie Methyl-2-pyrrolidon, auch bekannt als NMP, verwendet. Neben seiner Verwendung in der chemischen Produktion ist GBL als Duftstoff in einigen Haushaltsprodukten sowie als L\u00f6sungsmittel in Lotionen, Nagellackentfernern und einigen Polymeren bekannt. Sie k\u00f6nnen es auch in der Batterie- und Kondensatorproduktion verwenden, wenn Sie es mit einer kleinen Menge Ethylenglykol mischen. Kaufen Sie Gamma-Butyrolacton GBL, gbl-Kaufen.<\/p>\n<h3><strong>Pou\u017eit\u00ed a \u00fa\u010dinnost.<\/strong><\/h3>\n<p>Gamma-butyrolakton GBL je kouzeln\u00fd \u010distic\u00ed prost\u0159edek s jedine\u010dnou \u010distic\u00ed silou.<br \/>\nP\u0159\u00ed\u010dina relaxace.<br \/>\n\u589e\u52a0\u7cbe\u795e\u7684\u6e05\u6670\u5ea6\u3002<br \/>\n\u00daleva od deprese a stresu.<br \/>\nProdlou\u017een\u00ed \u017eivotnosti.<br \/>\nZlep\u0161en\u00ed sexu\u00e1ln\u00ed v\u00fdkonnosti a sexu\u00e1ln\u00edho pot\u011b\u0161en\u00ed.<br \/>\nSni\u017ete mno\u017estv\u00ed tuku.<br \/>\nUvol\u0148ov\u00e1n\u00ed r\u016fstov\u00fdch hormon\u016f.<br \/>\nZlep\u0161en\u00ed sportovn\u00edho v\u00fdkonu.<br \/>\nZlep\u0161en\u00ed sp\u00e1nku.<br \/>\nJako kulturista nebo budovatel sval\u016f.<a href=\"https:\/\/en.wikipedia.org\/wiki\/GBL\">r.<\/a><br \/>\nJako rekrea\u010dn\u00ed droga.<br \/>\nOdstra\u0148ova\u010d n\u00e1t\u011br\u016f gama butyrolaktonem<\/p>\n<div class=\"elementor-element elementor-element-9d8da53 elementor-widget elementor-widget-heading\" data-id=\"9d8da53\" data-element_type=\"widget\" data-widget_type=\"heading.default\">\n<div class=\"elementor-widget-container\">\n<h3 class=\"elementor-heading-title elementor-size-default\"><strong>Kde si m\u016f\u017eete koupit GBL?<\/strong><\/h3>\n<\/div>\n<\/div>\n<div class=\"elementor-element elementor-element-276da13 elementor-widget elementor-widget-text-editor\" data-id=\"276da13\" data-element_type=\"widget\" data-widget_type=\"text-editor.default\">\n<div class=\"elementor-widget-container\">\n<div class=\"elementor-element elementor-element-f935fcf elementor-widget elementor-widget-text-editor\" data-id=\"f935fcf\" data-element_type=\"widget\" data-widget_type=\"text-editor.default\">\n<div class=\"elementor-widget-container\">\n<p>GBL lze zakoupit online na na\u0161ich webov\u00fdch str\u00e1nk\u00e1ch. Je v\u0161ak d\u016fle\u017eit\u00e9 kupovat GBL pouze z d\u016fv\u011bryhodn\u00e9ho zdroje. Na internetu existuje mnoho podvod\u016f, proto si p\u0159ed n\u00e1kupem ud\u011blejte pr\u016fzkum.<\/p>\n<\/div>\n<\/div>\n<\/div>\n<\/div>\n<div class=\"elementor-element elementor-element-d81d864 elementor-widget elementor-widget-heading\" data-id=\"d81d864\" data-element_type=\"widget\" data-widget_type=\"heading.default\">\n<div class=\"elementor-widget-container\">\n<h3 class=\"elementor-heading-title elementor-size-default\"><strong>Jak bezpe\u010dn\u011b pou\u017e\u00edvat GBL?<\/strong><\/h3>\n<\/div>\n<\/div>\n<div class=\"elementor-element elementor-element-b3595ad elementor-widget elementor-widget-text-editor\" data-id=\"b3595ad\" data-element_type=\"widget\" data-widget_type=\"text-editor.default\">\n<div class=\"elementor-widget-container\">\n<div class=\"elementor-element elementor-element-bfa46e2 elementor-widget elementor-widget-text-editor\" data-id=\"bfa46e2\" data-element_type=\"widget\" data-widget_type=\"text-editor.default\">\n<div class=\"elementor-widget-container\">\n<p>Jak ji\u017e bylo zm\u00edn\u011bno, GBL je siln\u00fdm tlumi\u010dem centr\u00e1ln\u00edho nervov\u00e9ho syst\u00e9mu. Z tohoto d\u016fvodu je d\u016fle\u017eit\u00e9 u\u017e\u00edvat GBL pouze podle pokyn\u016f a nikdy nekonzumovat v\u011bt\u0161\u00ed ne\u017e doporu\u010den\u00e9 mno\u017estv\u00ed. P\u0159i u\u017e\u00edv\u00e1n\u00ed GBL byste tak\u00e9 m\u011bli m\u00edt v\u017edy s sebou spole\u010dn\u00edka, kter\u00fd m\u016f\u017ee sledovat v\u00e1\u0161 stav a v p\u0159\u00edpad\u011b pot\u0159eby v\u00e1m poskytnout pomoc. A kone\u010dn\u011b, uchov\u00e1vejte GBL mimo dosah d\u011bt\u00ed a dom\u00e1c\u00edch zv\u00ed\u0159at.<\/p>\n<\/div>\n<\/div>\n<\/div>\n<\/div>\n<div class=\"elementor-element elementor-element-e2013c7 elementor-widget elementor-widget-heading\" data-id=\"e2013c7\" data-element_type=\"widget\" data-widget_type=\"heading.default\">\n<div class=\"elementor-widget-container\">\n<h3 class=\"elementor-heading-title elementor-size-default\"><strong>Z\u00e1v\u011br o gama-butyrolaktonu<\/strong><\/h3>\n<\/div>\n<\/div>\n<div class=\"elementor-element elementor-element-55fe5e1 elementor-widget elementor-widget-text-editor\" data-id=\"55fe5e1\" data-element_type=\"widget\" data-widget_type=\"text-editor.default\">\n<div class=\"elementor-widget-container\">\n<section class=\"elementor-section elementor-top-section elementor-element elementor-element-54e0bcc elementor-section-boxed elementor-section-height-default elementor-section-height-default\" data-id=\"54e0bcc\" data-element_type=\"section\">\n<div class=\"elementor-container elementor-column-gap-default\">\n<div class=\"elementor-column elementor-col-100 elementor-top-column elementor-element elementor-element-308d3b4\" data-id=\"308d3b4\" data-element_type=\"column\">\n<div class=\"elementor-widget-wrap elementor-element-populated\">\n<div class=\"elementor-element elementor-element-79e378f elementor-widget elementor-widget-text-editor\" data-id=\"79e378f\" data-element_type=\"widget\" data-widget_type=\"text-editor.default\">\n<div class=\"elementor-widget-container\">\n<p>GBL m\u016f\u017ee b\u00fdt u\u017eite\u010dn\u00fdm pr\u016fmyslov\u00fdm rozpou\u0161t\u011bdlem a \u010distic\u00edm prost\u0159edkem, pokud se pou\u017e\u00edv\u00e1 podle pokyn\u016f. Je v\u0161ak tak\u00e9 silnou l\u00e1tkou centr\u00e1ln\u00edho nervov\u00e9ho syst\u00e9mu, kter\u00e1 m\u016f\u017ee p\u0159i nespr\u00e1vn\u00e9m pou\u017eit\u00ed zp\u016fsobit z\u00e1va\u017en\u00e9 vedlej\u0161\u00ed \u00fa\u010dinky. Z tohoto d\u016fvodu je d\u016fle\u017eit\u00e9 kupovat GBL pouze z renomovan\u00e9ho zdroje a pou\u017e\u00edvat jej podle pokyn\u016f. M\u00e1te-li jak\u00e9koli dotazy ohledn\u011b bezpe\u010dn\u00e9ho u\u017e\u00edv\u00e1n\u00ed GBL, ur\u010dit\u011b se p\u0159ed jeho u\u017eit\u00edm pora\u010fte s l\u00e9ka\u0159em.<\/p>\n<\/div>\n<\/div>\n<\/div>\n<\/div>\n<\/div>\n<\/section>\n<\/div>\n<\/div>","protected":false},"excerpt":{"rendered":"<p><strong>GBL<\/strong> (gama-butyrolakton) je univerz\u00e1ln\u00ed organick\u00e1 slou\u010denina, kter\u00e1 se \u0161iroce pou\u017e\u00edv\u00e1 v chemick\u00e9m pr\u016fmyslu, p\u0159i \u010di\u0161t\u011bn\u00ed a ve v\u00fdzkumu. Je zn\u00e1m\u00e1 pro sv\u00e9 siln\u00e9 rozpou\u0161t\u011bc\u00ed vlastnosti, je <strong>GBL<\/strong> je nepostradatelnou slo\u017ekou p\u0159i v\u00fdrob\u011b chemick\u00fdch produkt\u016f a d\u016fle\u017eit\u00fdm p\u0159edm\u011btem v\u00fdzkumu v biologick\u00fdch a chemick\u00fdch procesech.<\/p>\n<p><strong>Jak GBL funguje?<\/strong><br \/>\n<strong>GBL<\/strong> se v t\u011ble p\u0159em\u011b\u0148uje na kyselinu gama-hydroxym\u00e1selnou (GHB), kter\u00e1 ovliv\u0148uje centr\u00e1ln\u00ed nervov\u00fd syst\u00e9m. Tato chemick\u00e1 p\u0159em\u011bna umo\u017e\u0148uje rozvinout jeho jedine\u010dn\u00e9 vlastnosti. Pr\u016fmyslov\u011b je cen\u011bn pro svou vysokou rozpustnost a reaktivitu.<\/p>\n<ul>\n<li><strong>Pr\u016fmyslov\u00fd efekt:<\/strong> \u00da\u010dinn\u00e9 rozpou\u0161t\u011bn\u00ed tuk\u016f, prysky\u0159ic a polymer\u016f.<\/li>\n<li><strong>Biologick\u00fd \u00fa\u010dinek:<\/strong> Po p\u0159em\u011bn\u011b na GHB p\u016fsob\u00ed jako neurotransmiter, kter\u00fd m\u016f\u017ee ovliv\u0148ovat sp\u00e1nek, relaxaci a neuron\u00e1ln\u00ed procesy.<\/li>\n<\/ul>\n<p><strong>Doba trv\u00e1n\u00ed a \u00fa\u010dinky:<\/strong><\/p>\n<ul>\n<li><strong>N\u00e1stup \u00fa\u010dinku:<\/strong> B\u011bhem 10-20 minut s biologick\u00fdm vyu\u017eit\u00edm.<\/li>\n<li><strong>Doba trv\u00e1n\u00ed \u00fa\u010dinku:<\/strong> 1,5 a\u017e 3 hodiny v z\u00e1vislosti na d\u00e1vkov\u00e1n\u00ed a zp\u016fsobu aplikace.<\/li>\n<li><strong>Pr\u016fmyslov\u00e9 vyu\u017eit\u00ed:<\/strong> Okam\u017eit\u00fd \u00fa\u010dinek p\u0159i \u010di\u0161t\u011bn\u00ed nebo rozpou\u0161t\u011bn\u00ed l\u00e1tek.<\/li>\n<\/ul>\n<p><strong>Vzorec a vlastnosti<\/strong><\/p>\n<ul>\n<li><strong>Chemick\u00fd n\u00e1zev:<\/strong> Gama-butyrolakton<\/li>\n<li><strong>Molekul\u00e1rn\u00ed vzorec:<\/strong> C4H6O2<\/li>\n<li><strong>Molekulov\u00e1 hmotnost:<\/strong> 86,09 g\/mol<\/li>\n<\/ul>","protected":false},"featured_media":1643,"comment_status":"open","ping_status":"closed","template":"","meta":{"_joinchat":[]},"product_brand":[],"product_cat":[33,34,36,246],"product_tag":[250,270,249,258,248,269,276,256,260,271,262,265,266,275,261,255,274,273,251,264,268,254,272,257,252,277,253,263,279,259,267,278],"class_list":{"0":"post-473","1":"product","2":"type-product","3":"status-publish","4":"has-post-thumbnail","6":"product_cat-gbl-gamma-butyrolactone-25l","7":"product_cat-ghb","8":"product_cat-ko-drops","9":"product_cat-sex-meth","10":"product_tag-butyrolacton-kaufen","11":"product_tag-butyrolacton-lieferant","12":"product_tag-gamma-butyrolacton","13":"product_tag-gamma-butyrolacton-bestellen","14":"product_tag-gbl","15":"product_tag-gbl-anwendungen","16":"product_tag-gbl-chemie","17":"product_tag-gbl-fluessigkeit","18":"product_tag-gbl-fuer-industrielle-anwendungen","19":"product_tag-gbl-fuer-reinigung","20":"product_tag-gbl-grosshandel","21":"product_tag-gbl-handhabung","22":"product_tag-gbl-hersteller","23":"product_tag-gbl-im-labor","24":"product_tag-gbl-in-der-forschung","25":"product_tag-gbl-in-deutschland-kaufen","26":"product_tag-gbl-in-grossen-mengen","27":"product_tag-gbl-in-kleinen-mengen","28":"product_tag-gbl-kaufen","29":"product_tag-gbl-lagerung","30":"product_tag-gbl-legal","31":"product_tag-gbl-lieferant","32":"product_tag-gbl-loesung-kaufen","33":"product_tag-gbl-loesungsmittel","34":"product_tag-gbl-online-bestellen","35":"product_tag-gbl-online-anbieter","36":"product_tag-gbl-preis","37":"product_tag-gbl-sicherheitsrichtlinien","38":"product_tag-gbl-versand-weltweit","39":"product_tag-gbl-verwendung","40":"product_tag-gbl-zum-verkauf","41":"product_tag-wo-kann-man-gbl-kaufen","43":"first","44":"instock","45":"shipping-taxable","46":"purchasable","47":"product-type-variable"},"yoast_head":"<!-- This site is optimized with the Yoast SEO plugin v25.4 - https:\/\/yoast.com\/wordpress\/plugins\/seo\/ -->\n<title>GBL online kaufen - GBL zu verkaufen<\/title>\n<meta name=\"description\" content=\"Wo kaufen Sie GBL online zum besten Preis? Finden Sie hochwertiges GBL in unserem sicheren Online-Shop \u2013 genau das Richtige f\u00fcr Ihre Recherche. Jetzt bestellen!\" \/>\n<meta name=\"robots\" content=\"index, follow, max-snippet:-1, max-image-preview:large, max-video-preview:-1\" \/>\n<link rel=\"canonical\" href=\"https:\/\/gblexpress.com\/cs\/produkt-2\/gbl-koupit-online-butyrolakton-koupit\/\" \/>\n<meta property=\"og:locale\" content=\"cs_CZ\" \/>\n<meta property=\"og:type\" content=\"article\" \/>\n<meta property=\"og:title\" content=\"GBL online kaufen - GBL zu verkaufen\" \/>\n<meta property=\"og:description\" content=\"Wo kaufen Sie GBL online zum besten Preis? Finden Sie hochwertiges GBL in unserem sicheren Online-Shop \u2013 genau das Richtige f\u00fcr Ihre Recherche. Jetzt bestellen!\" \/>\n<meta property=\"og:url\" content=\"https:\/\/gblexpress.com\/cs\/produkt-2\/gbl-koupit-online-butyrolakton-koupit\/\" \/>\n<meta property=\"og:site_name\" content=\"GBL Express\" \/>\n<meta property=\"article:modified_time\" content=\"2026-02-25T05:20:28+00:00\" \/>\n<meta property=\"og:image\" content=\"https:\/\/gblexpress.com\/wp-content\/uploads\/2023\/05\/gbl-1.jpg\" \/>\n\t<meta property=\"og:image:width\" content=\"600\" \/>\n\t<meta property=\"og:image:height\" content=\"600\" \/>\n\t<meta property=\"og:image:type\" content=\"image\/jpeg\" \/>\n<meta name=\"twitter:card\" content=\"summary_large_image\" \/>\n<meta name=\"twitter:label1\" content=\"Odhadovan\u00e1 doba \u010dten\u00ed\" \/>\n\t<meta name=\"twitter:data1\" content=\"2 minuty\" \/>\n<!-- \/ Yoast SEO plugin. -->","yoast_head_json":{"title":"Koupit GBL online - GBL na prodej","description":"Kde koupit GBL online za nejlep\u0161\u00ed cenu? Najd\u011bte vysoce kvalitn\u00ed GBL v na\u0161em zabezpe\u010den\u00e9m online obchod\u011b \u2013 p\u0159esn\u011b to, co pot\u0159ebujete pro sv\u016fj v\u00fdzkum. Objednejte nyn\u00ed!","robots":{"index":"index","follow":"follow","max-snippet":"max-snippet:-1","max-image-preview":"max-image-preview:large","max-video-preview":"max-video-preview:-1"},"canonical":"https:\/\/gblexpress.com\/cs\/produkt-2\/gbl-koupit-online-butyrolakton-koupit\/","og_locale":"cs_CZ","og_type":"article","og_title":"GBL online kaufen - GBL zu verkaufen","og_description":"Wo kaufen Sie GBL online zum besten Preis? Finden Sie hochwertiges GBL in unserem sicheren Online-Shop \u2013 genau das Richtige f\u00fcr Ihre Recherche. Jetzt bestellen!","og_url":"https:\/\/gblexpress.com\/cs\/produkt-2\/gbl-koupit-online-butyrolakton-koupit\/","og_site_name":"GBL Express","article_modified_time":"2026-02-25T05:20:28+00:00","og_image":[{"width":600,"height":600,"url":"https:\/\/gblexpress.com\/wp-content\/uploads\/2023\/05\/gbl-1.jpg","type":"image\/jpeg"}],"twitter_card":"summary_large_image","twitter_misc":{"Odhadovan\u00e1 doba \u010dten\u00ed":"2 minuty"},"schema":{"@context":"https:\/\/schema.org","@graph":[{"@type":"WebPage","@id":"https:\/\/gblexpress.com\/product\/gbl-online-kaufen-%ce%b3-butyrolacton-kaufen\/","url":"https:\/\/gblexpress.com\/product\/gbl-online-kaufen-%ce%b3-butyrolacton-kaufen\/","name":"Koupit GBL online - GBL na prodej","isPartOf":{"@id":"https:\/\/gblexpress.com\/#website"},"primaryImageOfPage":{"@id":"https:\/\/gblexpress.com\/product\/gbl-online-kaufen-%ce%b3-butyrolacton-kaufen\/#primaryimage"},"image":{"@id":"https:\/\/gblexpress.com\/product\/gbl-online-kaufen-%ce%b3-butyrolacton-kaufen\/#primaryimage"},"thumbnailUrl":"https:\/\/gblexpress.com\/wp-content\/uploads\/2023\/05\/gbl-1.jpg","datePublished":"2023-05-17T10:31:35+00:00","dateModified":"2026-02-25T05:20:28+00:00","description":"Kde koupit GBL online za nejlep\u0161\u00ed cenu? Najd\u011bte vysoce kvalitn\u00ed GBL v na\u0161em zabezpe\u010den\u00e9m online obchod\u011b \u2013 p\u0159esn\u011b to, co pot\u0159ebujete pro sv\u016fj v\u00fdzkum. Objednejte nyn\u00ed!","breadcrumb":{"@id":"https:\/\/gblexpress.com\/product\/gbl-online-kaufen-%ce%b3-butyrolacton-kaufen\/#breadcrumb"},"inLanguage":"cs","potentialAction":[{"@type":"ReadAction","target":["https:\/\/gblexpress.com\/product\/gbl-online-kaufen-%ce%b3-butyrolacton-kaufen\/"]}]},{"@type":"ImageObject","inLanguage":"cs","@id":"https:\/\/gblexpress.com\/product\/gbl-online-kaufen-%ce%b3-butyrolacton-kaufen\/#primaryimage","url":"https:\/\/gblexpress.com\/wp-content\/uploads\/2023\/05\/gbl-1.jpg","contentUrl":"https:\/\/gblexpress.com\/wp-content\/uploads\/2023\/05\/gbl-1.jpg","width":600,"height":600,"caption":"gbl online kaufen"},{"@type":"BreadcrumbList","@id":"https:\/\/gblexpress.com\/product\/gbl-online-kaufen-%ce%b3-butyrolacton-kaufen\/#breadcrumb","itemListElement":[{"@type":"ListItem","position":1,"name":"Home","item":"https:\/\/gblexpress.com\/"},{"@type":"ListItem","position":2,"name":"Shop","item":"https:\/\/gblexpress.com\/shop\/"},{"@type":"ListItem","position":3,"name":"GBL Online Kaufen"}]},{"@type":"WebSite","@id":"https:\/\/gblexpress.com\/#website","url":"https:\/\/gblexpress.com\/","name":"GBL Express","description":"","publisher":{"@id":"https:\/\/gblexpress.com\/#organization"},"potentialAction":[{"@type":"SearchAction","target":{"@type":"EntryPoint","urlTemplate":"https:\/\/gblexpress.com\/?s={search_term_string}"},"query-input":{"@type":"PropertyValueSpecification","valueRequired":true,"valueName":"search_term_string"}}],"inLanguage":"cs"},{"@type":"Organization","@id":"https:\/\/gblexpress.com\/#organization","name":"GBL Express","url":"https:\/\/gblexpress.com\/","logo":{"@type":"ImageObject","inLanguage":"cs","@id":"https:\/\/gblexpress.com\/#\/schema\/logo\/image\/","url":"https:\/\/gblexpress.com\/wp-content\/uploads\/2023\/01\/logo.png","contentUrl":"https:\/\/gblexpress.com\/wp-content\/uploads\/2023\/01\/logo.png","width":250,"height":52,"caption":"GBL Express"},"image":{"@id":"https:\/\/gblexpress.com\/#\/schema\/logo\/image\/"}}]}},"jetpack-related-posts":[],"jetpack_sharing_enabled":true,"_links":{"self":[{"href":"https:\/\/gblexpress.com\/cs\/wp-json\/wp\/v2\/product\/473","targetHints":{"allow":["GET"]}}],"collection":[{"href":"https:\/\/gblexpress.com\/cs\/wp-json\/wp\/v2\/product"}],"about":[{"href":"https:\/\/gblexpress.com\/cs\/wp-json\/wp\/v2\/types\/product"}],"replies":[{"embeddable":true,"href":"https:\/\/gblexpress.com\/cs\/wp-json\/wp\/v2\/comments?post=473"}],"wp:featuredmedia":[{"embeddable":true,"href":"https:\/\/gblexpress.com\/cs\/wp-json\/wp\/v2\/media\/1643"}],"wp:attachment":[{"href":"https:\/\/gblexpress.com\/cs\/wp-json\/wp\/v2\/media?parent=473"}],"wp:term":[{"taxonomy":"product_brand","embeddable":true,"href":"https:\/\/gblexpress.com\/cs\/wp-json\/wp\/v2\/product_brand?post=473"},{"taxonomy":"product_cat","embeddable":true,"href":"https:\/\/gblexpress.com\/cs\/wp-json\/wp\/v2\/product_cat?post=473"},{"taxonomy":"product_tag","embeddable":true,"href":"https:\/\/gblexpress.com\/cs\/wp-json\/wp\/v2\/product_tag?post=473"}],"curies":[{"name":"wp","href":"https:\/\/api.w.org\/{rel}","templated":true}]}}