{"id":475,"date":"2023-05-17T10:52:46","date_gmt":"2023-05-17T10:52:46","guid":{"rendered":"https:\/\/gblexpress.com\/?post_type=product&#038;p=475"},"modified":"2026-03-06T09:03:05","modified_gmt":"2026-03-06T09:03:05","slug":"koupit-ritalin","status":"publish","type":"product","link":"https:\/\/gblexpress.com\/cs\/produkt-2\/koupit-ritalin\/","title":{"rendered":"Koupit Ritalin online"},"content":{"rendered":"<h2>Koupit Ritalin online<\/h2>\n<p><a href=\"https:\/\/gblexpress.com\/cs\/\">Methylfenid\u00e1t<\/a> koupit l\u00e9k je maskovan\u00fd jako tableta Ritalin pro ve\u0159ejn\u00e9 pou\u017eit\u00ed. Tento l\u00e9k je velmi \u00fa\u010dinn\u00fd p\u0159i l\u00e9\u010db\u011b p\u0159\u00edznak\u016f ADHD. L\u00e9ka\u0159i mohou <a href=\"https:\/\/gblexpress.com\/cs\/produkt-2\/koupit-ritalin\/\">Ritalin 20 mg tablety (methylfenid\u00e1t)<\/a> ale tak\u00e9 p\u0159edepisovat jako off-label mo\u017enost l\u00e9\u010dby deprese a Parkinsonovy choroby.<\/p>\n<p>L\u00e9k methylfenid\u00e1t je tak\u00e9 zn\u00e1m\u00fd jako centr\u00e1ln\u00ed nervov\u00fd stimulant, kter\u00fd pom\u00e1h\u00e1 zvy\u0161ovat hladinu dopaminu v mozku. Tento dopamin je neurotransmiter, kter\u00fd podporuje pocity motivace a nad\u0161en\u00ed. To znamen\u00e1, \u017ee v\u011bt\u0161\u00ed mno\u017estv\u00ed dopaminu m\u016f\u017ee \u010dlov\u011bku pomoci l\u00e9pe se soust\u0159edit, l\u00e9pe se soust\u0159edit na ka\u017edodenn\u00ed \u017eivot a sn\u00ed\u017eit dal\u0161\u00ed p\u0159\u00edznaky ADHD.<\/p>\n<h3><strong>Dostupnost<\/strong><\/h3>\n<p>L\u00e9\u010div\u00fd p\u0159\u00edpravek methylfenid\u00e1t se dod\u00e1v\u00e1 ve form\u011b peror\u00e1ln\u00edch tablet, tablet a tobolek s prodlou\u017een\u00fdm uvol\u0148ov\u00e1n\u00edm, \u017ev\u00fdkac\u00edch tablet, \u017ev\u00fdkac\u00edch tablet s prodlou\u017een\u00fdm uvol\u0148ov\u00e1n\u00edm a tablet s prodlou\u017een\u00fdm uvol\u0148ov\u00e1n\u00edm rozpadaj\u00edc\u00edch se v \u00fastech. Krom\u011b p\u0159\u00edpravku Ritalin se prod\u00e1v\u00e1 tak\u00e9 pod dal\u0161\u00edmi obchodn\u00edmi n\u00e1zvy, nap\u0159: <a href=\"https:\/\/en.wikipedia.org\/wiki\/Methylphenidate\">koupit methylfenid\u00e1t<\/a><\/p>\n<h3><strong>Pro\u010d koupit Ritalin online?<\/strong><\/h3>\n<h3>N\u00e1kup Ritalinu online m\u00e1 mnoho v\u00fdhod, ale n\u011bkter\u00e9 z nejd\u016fle\u017eit\u011bj\u0161\u00edch a nej\u010dast\u011bj\u0161\u00edch v\u00fdhod jsou:<\/h3>\n<p>L\u00e9ky schv\u00e1len\u00e9 FDA si m\u016f\u017eete koupit online bez l\u00e9ka\u0159sk\u00e9ho p\u0159edpisu. Ritalin je sice leg\u00e1ln\u00ed l\u00e9k, ale v l\u00e9k\u00e1rn\u00e1ch nen\u00ed snadno dostupn\u00fd. Chcete-li si tento l\u00e9k zakoupit, mus\u00edte nejprve z\u00edskat doporu\u010den\u00ed l\u00e9ka\u0159e, ale kv\u016fli sv\u00e9mu nabit\u00e9mu programu ho nebudete moci z\u00edskat, v takov\u00fdch p\u0159\u00edpadech je pro v\u00e1s n\u00e1kup Ritalinu online nejlep\u0161\u00ed volbou. N\u00e1kup online \u0161et\u0159\u00ed nejen va\u0161e pen\u00edze, ale tak\u00e9 v\u00e1\u0161 drahocenn\u00fd \u010das. Koupit Ritalin online bez l\u00e9ka\u0159sk\u00e9ho p\u0159edpisu.<\/p>\n<p>Dal\u0161\u00ed v\u00fdhodou n\u00e1kupu Ritalinu online je, \u017ee je mnohem levn\u011bj\u0161\u00ed ne\u017e pilulky Ritalin, kter\u00e9 jsou k dispozici v m\u00edstn\u00edch l\u00e9k\u00e1rn\u00e1ch. Pilulky, kter\u00e9 z\u00edsk\u00e1te online, nejsou levn\u00e9 proto, \u017ee by byly nekvalitn\u00ed, ve skute\u010dnosti jsou levn\u00e9 proto, \u017ee online l\u00e9k\u00e1rny nemus\u00ed platit dal\u0161\u00ed poplatky, d\u00edky \u010demu\u017e mohou tyto pilulky prod\u00e1vat za ni\u017e\u0161\u00ed cenu.<\/p>\n<h3><strong>Lze koupit Ritalin online bez l\u00e9ka\u0159sk\u00e9ho p\u0159edpisu?<\/strong><\/h3>\n<p>Ja! Bei uns k\u00f6nnen Sie Ritalin online kaufen, ohne ein Rezept zu haben. Sie m\u00fcssen nur Ihre Bestellung auf unserer Website aufgeben und die Zahlungsdetails ausf\u00fcllen. Ihre Ritalin-Pillen werden innerhalb von 24 bis 48 Stunden geliefert. Die Qualit\u00e4t und Wirksamkeit dieser Medikamente sind die gleichen wie die Pillen, die Sie von lokalen Apotheken kaufen.<\/p>\n<p>Ritalin online ohne Rezept kaufen.<\/p>\n<p>Methylin<\/p>\n<p>Koncert<\/p>\n<p>Metadata ER<\/p>\n<p>Pohotovost Quillichew<\/p>\n<p>Quillivant<\/p>\n<p>Aptensio<\/p>\n<p>Cotempla XR-OTD<\/p>\n<p>Adhansia<\/p>\n<p>V\u0161echny tyto l\u00e9ky jsou schv\u00e1leny odborn\u00edky pro ve\u0159ejn\u00e9 pou\u017eit\u00ed.<\/p>","protected":false},"excerpt":{"rendered":"<p>O p\u0159\u00edpravku Ritalin (generikum)<\/p>\n<p>Tento l\u00e9k se pou\u017e\u00edv\u00e1 k l\u00e9\u010db\u011b poruchy pozornosti s hyperaktivitou (ADHD). P\u016fsob\u00ed tak, \u017ee m\u011bn\u00ed mno\u017estv\u00ed ur\u010dit\u00fdch p\u0159irozen\u00fdch l\u00e1tek v mozku. Methylfenid\u00e1t pat\u0159\u00ed do skupiny l\u00e9k\u016f zn\u00e1m\u00fdch jako stimulancia. Methylfenid\u00e1t m\u016f\u017ee pomoci zv\u00fd\u0161it pozornost, soust\u0159ed\u011bn\u00ed na \u010dinnost a zvl\u00e1dnout probl\u00e9my s chov\u00e1n\u00edm. M\u016f\u017ee V\u00e1m tak\u00e9 pomoci organizovat Va\u0161e \u00fakoly a zlep\u0161it Va\u0161e schopnosti naslouchat.<\/p>\n<ol>\n<li><strong>Jak Ritalin funguje?<\/strong><br \/>\nRitalin p\u016fsob\u00ed tak, \u017ee inhibuje zp\u011btn\u00e9 vychyt\u00e1v\u00e1n\u00ed dopaminu a noradrenalinu v mozku. T\u00edm se zvy\u0161uje dostupnost t\u011bchto neurotransmiter\u016f v synaptick\u00e9 \u0161t\u011brbin\u011b, a t\u00edm se zlep\u0161uje pozornost, kontrola impulz\u016f a bd\u011blost.<\/p>\n<ul>\n<li><strong>\u00da\u010dinky:<\/strong> Zlep\u0161en\u00ed koncentrace, zv\u00fd\u0161en\u00ed bd\u011blosti a sn\u00ed\u017een\u00ed hyperaktivity.<\/li>\n<li><strong>N\u00e1stup \u00fa\u010dinku:<\/strong> 20-60 minut po po\u017eit\u00ed.<\/li>\n<li><strong>Doba trv\u00e1n\u00ed \u00fa\u010dinku:<\/strong> 3-6 hodin u standardn\u00edch tablet, a\u017e 12 hodin u tobolek s prodlou\u017een\u00fdm uvol\u0148ov\u00e1n\u00edm.<\/li>\n<\/ul>\n<p><strong>Vzorec a vlastnosti<\/strong><\/p>\n<ul>\n<li><strong>Chemick\u00fd n\u00e1zev:<\/strong> Methylfenyl(piperidin-2-yl)acet\u00e1t<\/li>\n<li><strong>Molekul\u00e1rn\u00ed vzorec:<\/strong> C14H19NO2<\/li>\n<li><strong>Molekulov\u00e1 hmotnost:<\/strong> 233,31 g\/mol<\/li>\n<\/ul>\n<\/li>\n<\/ol>","protected":false},"featured_media":1639,"comment_status":"open","ping_status":"closed","template":"","meta":{"_joinchat":[]},"product_brand":[],"product_cat":[33,34,36,35,246],"product_tag":[98,134,108,99,118,106,105,104,107,110,329,114,115,100,101,113,112,111,117,116,119,120,310,311,121,317,318,312,124,328,313,314,325,315,322,327,306,319,316,308,321,103,129,307,102,130,320,326,309,122,323,324,125,126,127,123,128,131,133,132,109,135,330],"class_list":{"0":"post-475","1":"product","2":"type-product","3":"status-publish","4":"has-post-thumbnail","6":"product_cat-gbl-gamma-butyrolactone-25l","7":"product_cat-ghb","8":"product_cat-ko-drops","9":"product_cat-ritalin","10":"product_cat-sex-meth","11":"product_tag-adhd-methylphenidat","12":"product_tag-einnahme-von-ritalin","13":"product_tag-goodrx-methylphenidat","14":"product_tag-guenstiges-ritalin-online-kaufen","15":"product_tag-kein-rx-ritalin","16":"product_tag-koennen-sie-bekommen-rezeptfreie-adhs-medikamente","17":"product_tag-koennen-sie-ritalin-ohne-rezept-kaufen","18":"product_tag-koennen-sie-ritalin-rezeptfrei-in-grossbritannien-kaufen","19":"product_tag-koennen-sie-sich-ritalin-online-verschreiben-lassen","20":"product_tag-methylphenidat","21":"product_tag-methylphenidat-kaufen","22":"product_tag-methylphenidat-mg","23":"product_tag-methylphenidat-online","24":"product_tag-methylphenidat-online-kaufen","25":"product_tag-methylphenidat-online-ohne-rezept-kaufen","26":"product_tag-methylphenidat-zum-online-verkauf","27":"product_tag-methylphenidat-zum-verkauf","28":"product_tag-methylphenidat-kosten","29":"product_tag-methylphenidat-preis","30":"product_tag-methylphenidat-rezept","31":"product_tag-ritalin","32":"product_tag-ritalin-10-mg","33":"product_tag-ritalin-10mg","34":"product_tag-ritalin-20mg","35":"product_tag-ritalin-adh","36":"product_tag-ritalin-anwendung","37":"product_tag-ritalin-dosierung","38":"product_tag-ritalin-fuer-adhs","39":"product_tag-ritalin-fuer-erwachsene","40":"product_tag-ritalin-fuer-forschung","41":"product_tag-ritalin-fuer-kinder","42":"product_tag-ritalin-fuer-konzentration","43":"product_tag-ritalin-fuer-labore","44":"product_tag-ritalin-fuer-studienzwecke","45":"product_tag-ritalin-grosshandel","46":"product_tag-ritalin-in-deutschland-kaufen","47":"product_tag-ritalin-kaufen","48":"product_tag-ritalin-lagerung","49":"product_tag-ritalin-legal-kaufen","50":"product_tag-ritalin-lieferant","51":"product_tag-ritalin-nebenwirkungen","52":"product_tag-ritalin-ohne-rezept-kaufen","53":"product_tag-ritalin-online","54":"product_tag-ritalin-online-bestellen","55":"product_tag-ritalin-online-mit-nachtlieferung-kaufen","56":"product_tag-ritalin-online-ohne-rezept","57":"product_tag-ritalin-risiken","58":"product_tag-ritalin-sicherheit","59":"product_tag-ritalin-tabletten","60":"product_tag-ritalin-und-adh","61":"product_tag-ritalin-vertrieb","62":"product_tag-ritalin-weltweit-bestellen","63":"product_tag-ritalin-zum-verkauf","64":"product_tag-ritalin-zum-verkauf-in-den-usa","65":"product_tag-ritalin-zum-verkauf-online","66":"product_tag-ritalin-kosten","67":"product_tag-ritalin-medikamente","68":"product_tag-ritalin-pille","69":"product_tag-ritalin-preis","70":"product_tag-ritalin-rezept","71":"product_tag-so-bestellen-sie-ritalin-online","72":"product_tag-welche-rezeptfreien-medikamente-helfen-bei-adhs","73":"product_tag-wo-ritalin-kaufen","75":"first","76":"instock","77":"shipping-taxable","78":"purchasable","79":"product-type-variable","80":"has-default-attributes"},"yoast_head":"<!-- This site is optimized with the Yoast SEO plugin v25.4 - https:\/\/yoast.com\/wordpress\/plugins\/seo\/ -->\n<title>Ritalin online kaufen \u2013 Ritalin zu verkaufen | Gblexpress<\/title>\n<meta name=\"description\" content=\"M\u00f6chten Sie Ihre Forschung vorantreiben? Kaufen Sie Ritalin bequem und sicher online \u2013 mit einem unkomplizierten Bestellvorgang. Entdecken Sie die M\u00f6glichkeiten und kaufen Sie Ritalin noch heute online f\u00fcr Ihre Forschungsvorhaben.\" \/>\n<meta name=\"robots\" content=\"index, follow, max-snippet:-1, max-image-preview:large, max-video-preview:-1\" \/>\n<link rel=\"canonical\" href=\"https:\/\/gblexpress.com\/cs\/produkt-2\/koupit-ritalin\/\" \/>\n<meta property=\"og:locale\" content=\"cs_CZ\" \/>\n<meta property=\"og:type\" content=\"article\" \/>\n<meta property=\"og:title\" content=\"Ritalin online kaufen \u2013 Ritalin zu verkaufen | Gblexpress\" \/>\n<meta property=\"og:description\" content=\"M\u00f6chten Sie Ihre Forschung vorantreiben? Kaufen Sie Ritalin bequem und sicher online \u2013 mit einem unkomplizierten Bestellvorgang. Entdecken Sie die M\u00f6glichkeiten und kaufen Sie Ritalin noch heute online f\u00fcr Ihre Forschungsvorhaben.\" \/>\n<meta property=\"og:url\" content=\"https:\/\/gblexpress.com\/cs\/produkt-2\/koupit-ritalin\/\" \/>\n<meta property=\"og:site_name\" content=\"GBL Express\" \/>\n<meta property=\"article:modified_time\" content=\"2026-03-06T09:03:05+00:00\" \/>\n<meta property=\"og:image\" content=\"https:\/\/gblexpress.com\/wp-content\/uploads\/2023\/05\/Ritalin-1.jpg\" \/>\n\t<meta property=\"og:image:width\" content=\"600\" \/>\n\t<meta property=\"og:image:height\" content=\"600\" \/>\n\t<meta property=\"og:image:type\" content=\"image\/jpeg\" \/>\n<meta name=\"twitter:card\" content=\"summary_large_image\" \/>\n<meta name=\"twitter:label1\" content=\"Odhadovan\u00e1 doba \u010dten\u00ed\" \/>\n\t<meta name=\"twitter:data1\" content=\"2 minuty\" \/>\n<!-- \/ Yoast SEO plugin. -->","yoast_head_json":{"title":"Koupit Ritalin online \u2013 Ritalin na prodej | Gblexpress","description":"Cht\u011bli byste posunout sv\u016fj v\u00fdzkum? Nakupujte Ritalin pohodln\u011b a bezpe\u010dn\u011b online \u2013 s jednoduch\u00fdm objedn\u00e1vkov\u00fdm procesem. Objevte mo\u017enosti a kupte si Ritalin online je\u0161t\u011b dnes pro sv\u00e9 v\u00fdzkumn\u00e9 projekty.","robots":{"index":"index","follow":"follow","max-snippet":"max-snippet:-1","max-image-preview":"max-image-preview:large","max-video-preview":"max-video-preview:-1"},"canonical":"https:\/\/gblexpress.com\/cs\/produkt-2\/koupit-ritalin\/","og_locale":"cs_CZ","og_type":"article","og_title":"Ritalin online kaufen \u2013 Ritalin zu verkaufen | Gblexpress","og_description":"M\u00f6chten Sie Ihre Forschung vorantreiben? Kaufen Sie Ritalin bequem und sicher online \u2013 mit einem unkomplizierten Bestellvorgang. Entdecken Sie die M\u00f6glichkeiten und kaufen Sie Ritalin noch heute online f\u00fcr Ihre Forschungsvorhaben.","og_url":"https:\/\/gblexpress.com\/cs\/produkt-2\/koupit-ritalin\/","og_site_name":"GBL Express","article_modified_time":"2026-03-06T09:03:05+00:00","og_image":[{"width":600,"height":600,"url":"https:\/\/gblexpress.com\/wp-content\/uploads\/2023\/05\/Ritalin-1.jpg","type":"image\/jpeg"}],"twitter_card":"summary_large_image","twitter_misc":{"Odhadovan\u00e1 doba \u010dten\u00ed":"2 minuty"},"schema":{"@context":"https:\/\/schema.org","@graph":[{"@type":"WebPage","@id":"https:\/\/gblexpress.com\/product\/ritalin-kaufen\/","url":"https:\/\/gblexpress.com\/product\/ritalin-kaufen\/","name":"Koupit Ritalin online \u2013 Ritalin na prodej | Gblexpress","isPartOf":{"@id":"https:\/\/gblexpress.com\/#website"},"primaryImageOfPage":{"@id":"https:\/\/gblexpress.com\/product\/ritalin-kaufen\/#primaryimage"},"image":{"@id":"https:\/\/gblexpress.com\/product\/ritalin-kaufen\/#primaryimage"},"thumbnailUrl":"https:\/\/gblexpress.com\/wp-content\/uploads\/2023\/05\/Ritalin-1.jpg","datePublished":"2023-05-17T10:52:46+00:00","dateModified":"2026-03-06T09:03:05+00:00","description":"Cht\u011bli byste posunout sv\u016fj v\u00fdzkum? Nakupujte Ritalin pohodln\u011b a bezpe\u010dn\u011b online \u2013 s jednoduch\u00fdm objedn\u00e1vkov\u00fdm procesem. Objevte mo\u017enosti a kupte si Ritalin online je\u0161t\u011b dnes pro sv\u00e9 v\u00fdzkumn\u00e9 projekty.","breadcrumb":{"@id":"https:\/\/gblexpress.com\/product\/ritalin-kaufen\/#breadcrumb"},"inLanguage":"cs","potentialAction":[{"@type":"ReadAction","target":["https:\/\/gblexpress.com\/product\/ritalin-kaufen\/"]}]},{"@type":"ImageObject","inLanguage":"cs","@id":"https:\/\/gblexpress.com\/product\/ritalin-kaufen\/#primaryimage","url":"https:\/\/gblexpress.com\/wp-content\/uploads\/2023\/05\/Ritalin-1.jpg","contentUrl":"https:\/\/gblexpress.com\/wp-content\/uploads\/2023\/05\/Ritalin-1.jpg","width":600,"height":600,"caption":"Ritalin online kaufen"},{"@type":"BreadcrumbList","@id":"https:\/\/gblexpress.com\/product\/ritalin-kaufen\/#breadcrumb","itemListElement":[{"@type":"ListItem","position":1,"name":"Home","item":"https:\/\/gblexpress.com\/"},{"@type":"ListItem","position":2,"name":"Shop","item":"https:\/\/gblexpress.com\/shop\/"},{"@type":"ListItem","position":3,"name":"Ritalin Online Kaufen"}]},{"@type":"WebSite","@id":"https:\/\/gblexpress.com\/#website","url":"https:\/\/gblexpress.com\/","name":"GBL Express","description":"","publisher":{"@id":"https:\/\/gblexpress.com\/#organization"},"potentialAction":[{"@type":"SearchAction","target":{"@type":"EntryPoint","urlTemplate":"https:\/\/gblexpress.com\/?s={search_term_string}"},"query-input":{"@type":"PropertyValueSpecification","valueRequired":true,"valueName":"search_term_string"}}],"inLanguage":"cs"},{"@type":"Organization","@id":"https:\/\/gblexpress.com\/#organization","name":"GBL Express","url":"https:\/\/gblexpress.com\/","logo":{"@type":"ImageObject","inLanguage":"cs","@id":"https:\/\/gblexpress.com\/#\/schema\/logo\/image\/","url":"https:\/\/gblexpress.com\/wp-content\/uploads\/2023\/01\/logo.png","contentUrl":"https:\/\/gblexpress.com\/wp-content\/uploads\/2023\/01\/logo.png","width":250,"height":52,"caption":"GBL Express"},"image":{"@id":"https:\/\/gblexpress.com\/#\/schema\/logo\/image\/"}}]}},"jetpack-related-posts":[],"jetpack_sharing_enabled":true,"_links":{"self":[{"href":"https:\/\/gblexpress.com\/cs\/wp-json\/wp\/v2\/product\/475","targetHints":{"allow":["GET"]}}],"collection":[{"href":"https:\/\/gblexpress.com\/cs\/wp-json\/wp\/v2\/product"}],"about":[{"href":"https:\/\/gblexpress.com\/cs\/wp-json\/wp\/v2\/types\/product"}],"replies":[{"embeddable":true,"href":"https:\/\/gblexpress.com\/cs\/wp-json\/wp\/v2\/comments?post=475"}],"wp:featuredmedia":[{"embeddable":true,"href":"https:\/\/gblexpress.com\/cs\/wp-json\/wp\/v2\/media\/1639"}],"wp:attachment":[{"href":"https:\/\/gblexpress.com\/cs\/wp-json\/wp\/v2\/media?parent=475"}],"wp:term":[{"taxonomy":"product_brand","embeddable":true,"href":"https:\/\/gblexpress.com\/cs\/wp-json\/wp\/v2\/product_brand?post=475"},{"taxonomy":"product_cat","embeddable":true,"href":"https:\/\/gblexpress.com\/cs\/wp-json\/wp\/v2\/product_cat?post=475"},{"taxonomy":"product_tag","embeddable":true,"href":"https:\/\/gblexpress.com\/cs\/wp-json\/wp\/v2\/product_tag?post=475"}],"curies":[{"name":"wp","href":"https:\/\/api.w.org\/{rel}","templated":true}]}}