{"id":547,"date":"2023-05-24T06:04:39","date_gmt":"2023-05-24T06:04:39","guid":{"rendered":"https:\/\/gblexpress.com\/?post_type=product&#038;p=547"},"modified":"2026-02-26T07:24:53","modified_gmt":"2026-02-26T07:24:53","slug":"nebesky-cista-extaze-500-mg-%ce%b3-hydroxymaselna-kyselina-ghb","status":"publish","type":"product","link":"https:\/\/gblexpress.com\/cs\/produkt-2\/nebesky-cista-extaze-500-mg-%ce%b3-hydroxymaselna-kyselina-ghb\/","title":{"rendered":"Heaven Pure Ecstasy 500 mg kyseliny \u03b3-hydroxym\u00e1seln\u00e9 (GHB)"},"content":{"rendered":"<h2><strong>Angaben zur Haltbarkeit: Heaven Pure Ecstasy 500 mg \u03b3-Hydroxybutters\u00e4ure (GHB) Online kaufen<\/strong><\/h2>\n<p><a href=\"https:\/\/en.wikipedia.org\/wiki\/%CE%93-Hydroxybutyric_acid\">Koupit Heaven Pure Ecstasy<\/a>Pojmenovan\u00e9 jednotky produktu <a href=\"https:\/\/gblexpress.com\/cs\/produkt-2\/nebesky-cista-extaze-500-mg-%ce%b3-hydroxymaselna-kyselina-ghb\/\">GHB<\/a> jsou bez v\u00fdjimky l\u00e9k\u00e1rensky kvalitn\u00ed zbo\u017e\u00ed v bezvadn\u00e9m stavu. Pokud n\u00e1hodou obdr\u017e\u00edte z\u00e1silku, kter\u00e1 tuto specifikaci nespl\u0148uje, obdr\u017e\u00edte pen\u00edze zp\u011bt nebo novou z\u00e1silku. Po uplynut\u00ed doby pou\u017eitelnosti mus\u00ed b\u00fdt l\u00e9k zlikvidov\u00e1n podle pokyn\u016f v\u00fdrobce (viz p\u0159\u00edbalov\u00fd let\u00e1k).<\/p>\n<h3><strong>Podrobnosti o dostupnosti:<\/strong><\/h3>\n<p>V\u00fdrobek s ozna\u010den\u00edm GHB je okam\u017eit\u011b k dispozici.<\/p>\n<h3><strong>Omezen\u00ed doru\u010ditelnosti specifick\u00e1 pro danou zemi:<\/strong><\/h3>\n<p>Pro v\u00fdrobek s ozna\u010den\u00edm GHB v sou\u010dasn\u00e9 dob\u011b neexistuj\u00ed \u017e\u00e1dn\u00e1 omezen\u00ed dod\u00e1vek pro jednotliv\u00e9 zem\u011b.<a href=\"https:\/\/gblexpress.com\/pl\/shop\/gbl-kup-online-butyrolakton-kup\/\">.<\/a><\/p>\n<h3><strong>Skladov\u00e1n\u00ed:<\/strong><\/h3>\n<p>V\u00fdrobek s ozna\u010den\u00edm GHB uchov\u00e1vejte v p\u016fvodn\u00edm obalu mimo dosah d\u011bt\u00ed. Ve\u0161ker\u00e9 dal\u0161\u00ed informace o spr\u00e1vn\u00e9m skladov\u00e1n\u00ed a likvidaci naleznete v p\u0159\u00edbalov\u00e9m let\u00e1ku.<br \/>\na likvidaci, viz p\u0159\u00edbalov\u00fd let\u00e1k.<\/p>","protected":false},"excerpt":{"rendered":"<p><strong>Nebe \u010cist\u00e1 ext\u00e1ze<\/strong> je vysoce \u010dist\u00e1 forma <strong>Kyselina \u03b3-hydroxym\u00e1seln\u00e1 (GHB)<\/strong>kter\u00fd je zn\u00e1m\u00fd sv\u00fdm p\u0159esn\u00fdm chemick\u00fdm slo\u017een\u00edm a v\u00fdjime\u010dnou \u010distotou. Je ide\u00e1ln\u00ed pro v\u011bdeck\u00e9 a farmaceutick\u00e9 aplikace a poskytuje spolehliv\u00e9 v\u00fdsledky pro anal\u00fdzu a v\u00fdzkum.<\/p>\n<h3><strong>Chemick\u00fd vzorec a vlastnosti<\/strong><\/h3>\n<ul>\n<li><strong>Chemick\u00fd vzorec<\/strong>C4H8O3<\/li>\n<li><strong>Molekulov\u00e1 hmotnost<\/strong>: 104,10 g\/mol<\/li>\n<li><strong>Purity<\/strong>99% - zaru\u010duje nejvy\u0161\u0161\u00ed kvalitu a spolehliv\u00e9 v\u00fdsledky.<\/li>\n<li><strong>Vzhled<\/strong>\u010cir\u00e1 bezbarv\u00e1 kapalina nebo b\u00edl\u00fd krystalick\u00fd pr\u00e1\u0161ek, v z\u00e1vislosti na p\u0159\u00edpravku.<\/li>\n<li><strong>Stabilita<\/strong>Vysok\u00e1 stabilita za kontrolovan\u00fdch skladovac\u00edch podm\u00ednek.<\/li>\n<\/ul>\n<h3><strong>Jak GHB funguje?<\/strong><\/h3>\n<p>GHB je chemick\u00e1 slou\u010denina, kter\u00e1 se p\u0159irozen\u011b vyskytuje v t\u011ble a p\u016fsob\u00ed jako neurotransmiter a neuromodul\u00e1tor. Interaguje p\u0159edev\u0161\u00edm s receptory GABA a GHB v centr\u00e1ln\u00edm nervov\u00e9m syst\u00e9mu, co\u017e vede k r\u016fzn\u00fdm \u00fa\u010dink\u016fm:<\/p>\n<ul>\n<li><strong>Zklid\u0148uj\u00edc\u00ed \u00fa\u010dinek<\/strong>Podporuje relaxaci a sp\u00e1nek.<\/li>\n<li><strong>Neuroprotektivn\u00ed vlastnosti<\/strong>Podporuje procesy obnovy bun\u011bk v mozku.<\/li>\n<li><strong>Terapeutick\u00e9 aplikace<\/strong>Pom\u00e1h\u00e1 p\u0159i v\u00fdzkumu poruch sp\u00e1nku, neurologick\u00fdch a du\u0161evn\u00edch onemocn\u011bn\u00ed.<\/li>\n<\/ul>","protected":false},"featured_media":1637,"comment_status":"open","ping_status":"closed","template":"","meta":{"_joinchat":[]},"product_brand":[],"product_cat":[34],"product_tag":[830,843,833,832,849,836,847,838,848,288,844,837,845,828,842,835,826,831,834,829,846,841,839,827,840],"class_list":{"0":"post-547","1":"product","2":"type-product","3":"status-publish","4":"has-post-thumbnail","6":"product_cat-ghb","7":"product_tag-500-mg-ghb-kaufen","8":"product_tag-beste-qualitaet-ghb","9":"product_tag-chemisches-reagenz-ghb","10":"product_tag-diskreter-versand-ghb","11":"product_tag-ghb-anbieter-deutschland","12":"product_tag-ghb-bestellen-deutschland","13":"product_tag-ghb-chemische-reinheit","14":"product_tag-ghb-diskret-kaufen","15":"product_tag-ghb-europa-versand","16":"product_tag-ghb-fuer-forschung","17":"product_tag-ghb-fuer-forschungszwecke","18":"product_tag-ghb-grosshandel","19":"product_tag-ghb-laborqualitaet","20":"product_tag-ghb-online-bestellen","21":"product_tag-ghb-online-guenstig-kaufen","22":"product_tag-ghb-reinheit-99","23":"product_tag-heaven-pure-ecstasy-kaufen","24":"product_tag-hochreines-ghb","25":"product_tag-hochwertiges-ghb-pulver","26":"product_tag-pure-ecstasy-ghb","27":"product_tag-pure-ghb-ecstasy-bestellen","28":"product_tag-reines-ghb-fuer-labore","29":"product_tag-schnelle-lieferung-ghb","30":"product_tag--hydroxybuttersaeure","31":"product_tag--hydroxybuttersaeure-kaufen","33":"first","34":"instock","35":"shipping-taxable","36":"purchasable","37":"product-type-variable","38":"has-default-attributes"},"yoast_head":"<!-- This site is optimized with the Yoast SEO plugin v25.4 - https:\/\/yoast.com\/wordpress\/plugins\/seo\/ -->\n<title>Heaven Pure Ecstasy 500 mg \u03b3-Hydroxybutters\u00e4ure (GHB)<\/title>\n<meta name=\"description\" content=\"Sie erhalten Heaven Pure Ecstasy 500 mg \u03b3-Hydroxybutters\u00e4ure (GHB) zu den besten Preisen in unserem Online-Shop. Wir helfen Ihnen gerne beim Online-Kauf von Heaven Pure Ecstasy 500 mg \u03b3-Hydroxybutters\u00e4ure (GHB). Besuchen Sie noch heute den besten Shop der Stadt!\" \/>\n<meta name=\"robots\" content=\"index, follow, max-snippet:-1, max-image-preview:large, max-video-preview:-1\" \/>\n<link rel=\"canonical\" href=\"https:\/\/gblexpress.com\/cs\/produkt-2\/nebesky-cista-extaze-500-mg-\u03b3-hydroxymaselna-kyselina-ghb\/\" \/>\n<meta property=\"og:locale\" content=\"cs_CZ\" \/>\n<meta property=\"og:type\" content=\"article\" \/>\n<meta property=\"og:title\" content=\"Heaven Pure Ecstasy 500 mg \u03b3-Hydroxybutters\u00e4ure (GHB)\" \/>\n<meta property=\"og:description\" content=\"Sie erhalten Heaven Pure Ecstasy 500 mg \u03b3-Hydroxybutters\u00e4ure (GHB) zu den besten Preisen in unserem Online-Shop. Wir helfen Ihnen gerne beim Online-Kauf von Heaven Pure Ecstasy 500 mg \u03b3-Hydroxybutters\u00e4ure (GHB). Besuchen Sie noch heute den besten Shop der Stadt!\" \/>\n<meta property=\"og:url\" content=\"https:\/\/gblexpress.com\/cs\/produkt-2\/nebesky-cista-extaze-500-mg-\u03b3-hydroxymaselna-kyselina-ghb\/\" \/>\n<meta property=\"og:site_name\" content=\"GBL Express\" \/>\n<meta property=\"article:modified_time\" content=\"2026-02-26T07:24:53+00:00\" \/>\n<meta property=\"og:image\" content=\"https:\/\/gblexpress.com\/wp-content\/uploads\/2023\/05\/Heaven-Pure-Ecstasy.jpg\" \/>\n\t<meta property=\"og:image:width\" content=\"600\" \/>\n\t<meta property=\"og:image:height\" content=\"600\" \/>\n\t<meta property=\"og:image:type\" content=\"image\/jpeg\" \/>\n<meta name=\"twitter:card\" content=\"summary_large_image\" \/>\n<meta name=\"twitter:label1\" content=\"Odhadovan\u00e1 doba \u010dten\u00ed\" \/>\n\t<meta name=\"twitter:data1\" content=\"1 minuta\" \/>\n<!-- \/ Yoast SEO plugin. -->","yoast_head_json":{"title":"Heaven Pure Ecstasy 500 mg kyseliny \u03b3-hydroxym\u00e1seln\u00e9 (GHB)","description":"Heaven Pure Ecstasy 500 mg \u03b3-Hydroxybutyric Acid (GHB) m\u016f\u017eete z\u00edskat za nejlep\u0161\u00ed ceny v na\u0161em internetov\u00e9m obchod\u011b. R\u00e1di v\u00e1m pom\u016f\u017eeme koupit Heaven Pure Ecstasy 500 mg \u03b3-Hydroxybutyric Acid (GHB) online. Nav\u0161tivte nejlep\u0161\u00ed obchod ve m\u011bst\u011b je\u0161t\u011b dnes!","robots":{"index":"index","follow":"follow","max-snippet":"max-snippet:-1","max-image-preview":"max-image-preview:large","max-video-preview":"max-video-preview:-1"},"canonical":"https:\/\/gblexpress.com\/cs\/produkt-2\/nebesky-cista-extaze-500-mg-\u03b3-hydroxymaselna-kyselina-ghb\/","og_locale":"cs_CZ","og_type":"article","og_title":"Heaven Pure Ecstasy 500 mg \u03b3-Hydroxybutters\u00e4ure (GHB)","og_description":"Sie erhalten Heaven Pure Ecstasy 500 mg \u03b3-Hydroxybutters\u00e4ure (GHB) zu den besten Preisen in unserem Online-Shop. Wir helfen Ihnen gerne beim Online-Kauf von Heaven Pure Ecstasy 500 mg \u03b3-Hydroxybutters\u00e4ure (GHB). Besuchen Sie noch heute den besten Shop der Stadt!","og_url":"https:\/\/gblexpress.com\/cs\/produkt-2\/nebesky-cista-extaze-500-mg-\u03b3-hydroxymaselna-kyselina-ghb\/","og_site_name":"GBL Express","article_modified_time":"2026-02-26T07:24:53+00:00","og_image":[{"width":600,"height":600,"url":"https:\/\/gblexpress.com\/wp-content\/uploads\/2023\/05\/Heaven-Pure-Ecstasy.jpg","type":"image\/jpeg"}],"twitter_card":"summary_large_image","twitter_misc":{"Odhadovan\u00e1 doba \u010dten\u00ed":"1 minuta"},"schema":{"@context":"https:\/\/schema.org","@graph":[{"@type":"WebPage","@id":"https:\/\/gblexpress.com\/product\/heaven-pure-ecstasy-500-mg-%ce%b3-hydroxybuttersaeure-ghb\/","url":"https:\/\/gblexpress.com\/product\/heaven-pure-ecstasy-500-mg-%ce%b3-hydroxybuttersaeure-ghb\/","name":"Heaven Pure Ecstasy 500 mg kyseliny \u03b3-hydroxym\u00e1seln\u00e9 (GHB)","isPartOf":{"@id":"https:\/\/gblexpress.com\/#website"},"primaryImageOfPage":{"@id":"https:\/\/gblexpress.com\/product\/heaven-pure-ecstasy-500-mg-%ce%b3-hydroxybuttersaeure-ghb\/#primaryimage"},"image":{"@id":"https:\/\/gblexpress.com\/product\/heaven-pure-ecstasy-500-mg-%ce%b3-hydroxybuttersaeure-ghb\/#primaryimage"},"thumbnailUrl":"https:\/\/gblexpress.com\/wp-content\/uploads\/2023\/05\/Heaven-Pure-Ecstasy.jpg","datePublished":"2023-05-24T06:04:39+00:00","dateModified":"2026-02-26T07:24:53+00:00","description":"Heaven Pure Ecstasy 500 mg \u03b3-Hydroxybutyric Acid (GHB) m\u016f\u017eete z\u00edskat za nejlep\u0161\u00ed ceny v na\u0161em internetov\u00e9m obchod\u011b. R\u00e1di v\u00e1m pom\u016f\u017eeme koupit Heaven Pure Ecstasy 500 mg \u03b3-Hydroxybutyric Acid (GHB) online. Nav\u0161tivte nejlep\u0161\u00ed obchod ve m\u011bst\u011b je\u0161t\u011b dnes!","breadcrumb":{"@id":"https:\/\/gblexpress.com\/product\/heaven-pure-ecstasy-500-mg-%ce%b3-hydroxybuttersaeure-ghb\/#breadcrumb"},"inLanguage":"cs","potentialAction":[{"@type":"ReadAction","target":["https:\/\/gblexpress.com\/product\/heaven-pure-ecstasy-500-mg-%ce%b3-hydroxybuttersaeure-ghb\/"]}]},{"@type":"ImageObject","inLanguage":"cs","@id":"https:\/\/gblexpress.com\/product\/heaven-pure-ecstasy-500-mg-%ce%b3-hydroxybuttersaeure-ghb\/#primaryimage","url":"https:\/\/gblexpress.com\/wp-content\/uploads\/2023\/05\/Heaven-Pure-Ecstasy.jpg","contentUrl":"https:\/\/gblexpress.com\/wp-content\/uploads\/2023\/05\/Heaven-Pure-Ecstasy.jpg","width":600,"height":600,"caption":"Heaven-Pure-Ecstasy online kaufen"},{"@type":"BreadcrumbList","@id":"https:\/\/gblexpress.com\/product\/heaven-pure-ecstasy-500-mg-%ce%b3-hydroxybuttersaeure-ghb\/#breadcrumb","itemListElement":[{"@type":"ListItem","position":1,"name":"Home","item":"https:\/\/gblexpress.com\/"},{"@type":"ListItem","position":2,"name":"Shop","item":"https:\/\/gblexpress.com\/shop\/"},{"@type":"ListItem","position":3,"name":"Heaven Pure Ecstasy 500 mg \u03b3-Hydroxybutters\u00e4ure (GHB)"}]},{"@type":"WebSite","@id":"https:\/\/gblexpress.com\/#website","url":"https:\/\/gblexpress.com\/","name":"GBL Express","description":"","publisher":{"@id":"https:\/\/gblexpress.com\/#organization"},"potentialAction":[{"@type":"SearchAction","target":{"@type":"EntryPoint","urlTemplate":"https:\/\/gblexpress.com\/?s={search_term_string}"},"query-input":{"@type":"PropertyValueSpecification","valueRequired":true,"valueName":"search_term_string"}}],"inLanguage":"cs"},{"@type":"Organization","@id":"https:\/\/gblexpress.com\/#organization","name":"GBL Express","url":"https:\/\/gblexpress.com\/","logo":{"@type":"ImageObject","inLanguage":"cs","@id":"https:\/\/gblexpress.com\/#\/schema\/logo\/image\/","url":"https:\/\/gblexpress.com\/wp-content\/uploads\/2023\/01\/logo.png","contentUrl":"https:\/\/gblexpress.com\/wp-content\/uploads\/2023\/01\/logo.png","width":250,"height":52,"caption":"GBL Express"},"image":{"@id":"https:\/\/gblexpress.com\/#\/schema\/logo\/image\/"}}]}},"jetpack-related-posts":[],"jetpack_sharing_enabled":true,"_links":{"self":[{"href":"https:\/\/gblexpress.com\/cs\/wp-json\/wp\/v2\/product\/547","targetHints":{"allow":["GET"]}}],"collection":[{"href":"https:\/\/gblexpress.com\/cs\/wp-json\/wp\/v2\/product"}],"about":[{"href":"https:\/\/gblexpress.com\/cs\/wp-json\/wp\/v2\/types\/product"}],"replies":[{"embeddable":true,"href":"https:\/\/gblexpress.com\/cs\/wp-json\/wp\/v2\/comments?post=547"}],"wp:featuredmedia":[{"embeddable":true,"href":"https:\/\/gblexpress.com\/cs\/wp-json\/wp\/v2\/media\/1637"}],"wp:attachment":[{"href":"https:\/\/gblexpress.com\/cs\/wp-json\/wp\/v2\/media?parent=547"}],"wp:term":[{"taxonomy":"product_brand","embeddable":true,"href":"https:\/\/gblexpress.com\/cs\/wp-json\/wp\/v2\/product_brand?post=547"},{"taxonomy":"product_cat","embeddable":true,"href":"https:\/\/gblexpress.com\/cs\/wp-json\/wp\/v2\/product_cat?post=547"},{"taxonomy":"product_tag","embeddable":true,"href":"https:\/\/gblexpress.com\/cs\/wp-json\/wp\/v2\/product_tag?post=547"}],"curies":[{"name":"wp","href":"https:\/\/api.w.org\/{rel}","templated":true}]}}