{"id":556,"date":"2024-11-28T05:12:56","date_gmt":"2024-11-28T05:12:56","guid":{"rendered":"https:\/\/gblexpress.com\/?post_type=product&#038;p=556"},"modified":"2026-02-26T07:27:27","modified_gmt":"2026-02-26T07:27:27","slug":"ketamin-inresa-20-x-2-ml-100-mg-ml-ketaminu","status":"publish","type":"product","link":"https:\/\/gblexpress.com\/cs\/produkt-2\/ketamin-inresa-20-x-2-ml-100-mg-ml-ketaminu\/","title":{"rendered":"Ketamin Inresa 20 \u00d7 2 ml 100 mg\/ml Ketamin"},"content":{"rendered":"<h2><strong>Ketamin Inresa 100mg\/ml - osv\u011bd\u010den\u00e1 kvalita pro l\u00e9ka\u0159sk\u00e9 pou\u017eit\u00ed<\/strong><\/h2>\n<p>Pojmenovan\u00e9 jednotky produktu <a href=\"https:\/\/gblexpress.com\/cs\/produkt-2\/ketamin-inresa-20-x-2-ml-100-mg-ml-ketaminu\/\">Vstup ketaminu<\/a> jsou bez v\u00fdjimky novinkou v l\u00e9k\u00e1rensk\u00e9 kvalit\u011b. Pokud n\u00e1hodou obdr\u017e\u00edte dod\u00e1vku, kter\u00e1 nespl\u0148uje tuto specifikaci, obdr\u017e\u00edte pen\u00edze zp\u011bt nebo obdr\u017e\u00edte novou dod\u00e1vku. Po uplynut\u00ed doby pou\u017eitelnosti je nutn\u00e9 l\u00e9k zlikvidovat podle pokyn\u016f v\u00fdrobce (viz p\u0159\u00edbalov\u00e1 informace) Ketamin Inresa 100 mg\/ml<a href=\"https:\/\/factoryson.com\/product\/20l-caluanie-muelear-oxidize\/\">.<\/a><\/p>\n<h3><strong>Podrobnosti o dostupnosti:<\/strong><\/h3>\n<p>Das Produkt mit der <a href=\"https:\/\/en.wikipedia.org\/wiki\/Ketamine\">Jm\u00e9no Ketamin Inresa<\/a> je k dispozici k okam\u017eit\u00e9mu dod\u00e1n\u00ed.<\/p>\n<p><strong>Omezen\u00ed doru\u010ditelnosti specifick\u00e1 pro danou zemi:<\/strong><\/p>\n<p>V sou\u010dasn\u00e9 dob\u011b neexistuj\u00ed \u017e\u00e1dn\u00e1 omezen\u00ed dod\u00e1vek p\u0159\u00edpravku Ketamine Inresa pro jednotliv\u00e9 zem\u011b.<\/p>\n<h3><strong>Skladov\u00e1n\u00ed:<\/strong><\/h3>\n<p>Uchov\u00e1vejte p\u0159\u00edpravek s ozna\u010den\u00edm Ketamine Inresa v p\u016fvodn\u00edm obalu mimo dosah d\u011bt\u00ed. Dal\u0161\u00ed informace o spr\u00e1vn\u00e9m uchov\u00e1v\u00e1n\u00ed a likvidaci naleznete v p\u0159\u00edbalov\u00e9 informaci.<\/p>\n<p>&nbsp;<\/p>","protected":false},"excerpt":{"rendered":"<p><strong>Ketamin Inresa 20 \u00d7 2 ml 100 mg\/ml<\/strong> je vysoce \u00fa\u010dinn\u00e9 anestetikum a analgetikum speci\u00e1ln\u011b vyvinut\u00e9 pro l\u00e9ka\u0159sk\u00e9 a terapeutick\u00e9 \u00fa\u010dely. Poskytuje spolehliv\u00e9 v\u00fdsledky p\u0159i tlumen\u00ed bolesti a anestezii v klinick\u00fdch podm\u00ednk\u00e1ch.<\/p>\n<h3><strong>Vlastnosti a zp\u016fsob \u00fa\u010dinku<\/strong><\/h3>\n<p>Ketamin je zn\u00e1m\u00fd sv\u00fdm \u00fa\u010dinkem jako antagonista NMDA receptor\u016f, kter\u00fd:<\/p>\n<ul>\n<li><strong>Rychl\u00e1 \u00faleva od bolesti<\/strong> bez zhor\u0161en\u00ed d\u00fdchac\u00edch funkc\u00ed.<\/li>\n<li><strong>Anestetick\u00e9 \u00fa\u010dinky<\/strong> ide\u00e1ln\u00ed pro chirurgick\u00e9 z\u00e1kroky nebo nouzov\u00e9 situace.<\/li>\n<li><strong>Terapeutick\u00fd potenci\u00e1l<\/strong> zejm\u00e9na p\u0159i l\u00e9\u010db\u011b deprese nebo posttraumatick\u00e9 stresov\u00e9 poruchy.<\/li>\n<\/ul>\n<h3><strong>Slo\u017een\u00ed a d\u00e1vkov\u00e1n\u00ed<\/strong><\/h3>\n<ul>\n<li><strong>Slo\u017een\u00ed<\/strong>100 mg\/ml ve 2 ml ampul\u00edch (20 ampul\u00ed v balen\u00ed).<\/li>\n<li><strong>Hlavn\u00ed \u00fa\u010dinn\u00e1 l\u00e1tka<\/strong>Ketamin hydrochlorid<\/li>\n<li><strong>Oblasti pou\u017eit\u00ed<\/strong>Anestezie, l\u00e9\u010dba bolesti, psychiatrick\u00e1 l\u00e9\u010dba.<\/li>\n<\/ul>","protected":false},"featured_media":1609,"comment_status":"open","ping_status":"closed","template":"","meta":{"_joinchat":[]},"product_brand":[],"product_cat":[35],"product_tag":[765,766,763,764,767],"class_list":{"0":"post-556","1":"product","2":"type-product","3":"status-publish","4":"has-post-thumbnail","6":"product_cat-ritalin","7":"product_tag-ketamin-ampullen-kaufenm","8":"product_tag-ketamin-anaesthesie","9":"product_tag-ketamin-inresa-kaufen-ketamin-100-mg-ml-bestellen","10":"product_tag-ketaminhydrochlorid","11":"product_tag-schmerztherapie","13":"first","14":"instock","15":"shipping-taxable","16":"purchasable","17":"product-type-variable"},"yoast_head":"<!-- This site is optimized with the Yoast SEO plugin v25.4 - https:\/\/yoast.com\/wordpress\/plugins\/seo\/ -->\n<title>Ketamin Inresa online kaufen \u2013 Ketamin Inresa zu verkaufen<\/title>\n<meta name=\"description\" content=\"Wenn Sie Ketamin Inresa online kaufen m\u00f6chten und einen zuverl\u00e4ssigen Online-Shop suchen, sind Sie hier genau richtig. Wir bieten ausschlie\u00dflich hochwertiges Ketamin Inresa zu einem erschwinglichen Preis an. Bestellen Sie Ketamin Inresa jetzt!\" \/>\n<meta name=\"robots\" content=\"index, follow, max-snippet:-1, max-image-preview:large, max-video-preview:-1\" \/>\n<link rel=\"canonical\" href=\"https:\/\/gblexpress.com\/cs\/produkt-2\/ketamin-inresa-20-x-2-ml-100-mg-ml-ketaminu\/\" \/>\n<meta property=\"og:locale\" content=\"cs_CZ\" \/>\n<meta property=\"og:type\" content=\"article\" \/>\n<meta property=\"og:title\" content=\"Ketamin Inresa online kaufen \u2013 Ketamin Inresa zu verkaufen\" \/>\n<meta property=\"og:description\" content=\"Wenn Sie Ketamin Inresa online kaufen m\u00f6chten und einen zuverl\u00e4ssigen Online-Shop suchen, sind Sie hier genau richtig. Wir bieten ausschlie\u00dflich hochwertiges Ketamin Inresa zu einem erschwinglichen Preis an. Bestellen Sie Ketamin Inresa jetzt!\" \/>\n<meta property=\"og:url\" content=\"https:\/\/gblexpress.com\/cs\/produkt-2\/ketamin-inresa-20-x-2-ml-100-mg-ml-ketaminu\/\" \/>\n<meta property=\"og:site_name\" content=\"GBL Express\" \/>\n<meta property=\"article:modified_time\" content=\"2026-02-26T07:27:27+00:00\" \/>\n<meta property=\"og:image\" content=\"https:\/\/gblexpress.com\/wp-content\/uploads\/2024\/11\/Ketamine-Inresa-1.jpg\" \/>\n\t<meta property=\"og:image:width\" content=\"600\" \/>\n\t<meta property=\"og:image:height\" content=\"600\" \/>\n\t<meta property=\"og:image:type\" content=\"image\/jpeg\" \/>\n<meta name=\"twitter:card\" content=\"summary_large_image\" \/>\n<meta name=\"twitter:label1\" content=\"Odhadovan\u00e1 doba \u010dten\u00ed\" \/>\n\t<meta name=\"twitter:data1\" content=\"1 minuta\" \/>\n<!-- \/ Yoast SEO plugin. -->","yoast_head_json":{"title":"Koupit Ketamin Inresa online \u2013 Ketamin Inresa na prodej","description":"Pokud si chcete koupit Ketamine Inresa online a hled\u00e1te spolehliv\u00fd internetov\u00fd obchod, jste na spr\u00e1vn\u00e9m m\u00edst\u011b. Nab\u00edz\u00edme pouze vysoce kvalitn\u00ed Ketamin Inresa za dostupnou cenu. Objednejte si Ketamin Inresa nyn\u00ed!","robots":{"index":"index","follow":"follow","max-snippet":"max-snippet:-1","max-image-preview":"max-image-preview:large","max-video-preview":"max-video-preview:-1"},"canonical":"https:\/\/gblexpress.com\/cs\/produkt-2\/ketamin-inresa-20-x-2-ml-100-mg-ml-ketaminu\/","og_locale":"cs_CZ","og_type":"article","og_title":"Ketamin Inresa online kaufen \u2013 Ketamin Inresa zu verkaufen","og_description":"Wenn Sie Ketamin Inresa online kaufen m\u00f6chten und einen zuverl\u00e4ssigen Online-Shop suchen, sind Sie hier genau richtig. Wir bieten ausschlie\u00dflich hochwertiges Ketamin Inresa zu einem erschwinglichen Preis an. Bestellen Sie Ketamin Inresa jetzt!","og_url":"https:\/\/gblexpress.com\/cs\/produkt-2\/ketamin-inresa-20-x-2-ml-100-mg-ml-ketaminu\/","og_site_name":"GBL Express","article_modified_time":"2026-02-26T07:27:27+00:00","og_image":[{"width":600,"height":600,"url":"https:\/\/gblexpress.com\/wp-content\/uploads\/2024\/11\/Ketamine-Inresa-1.jpg","type":"image\/jpeg"}],"twitter_card":"summary_large_image","twitter_misc":{"Odhadovan\u00e1 doba \u010dten\u00ed":"1 minuta"},"schema":{"@context":"https:\/\/schema.org","@graph":[{"@type":"WebPage","@id":"https:\/\/gblexpress.com\/product\/ketamin-inresa-20-x-2-ml-100-mg-ml-ketamin\/","url":"https:\/\/gblexpress.com\/product\/ketamin-inresa-20-x-2-ml-100-mg-ml-ketamin\/","name":"Koupit Ketamin Inresa online \u2013 Ketamin Inresa na prodej","isPartOf":{"@id":"https:\/\/gblexpress.com\/#website"},"primaryImageOfPage":{"@id":"https:\/\/gblexpress.com\/product\/ketamin-inresa-20-x-2-ml-100-mg-ml-ketamin\/#primaryimage"},"image":{"@id":"https:\/\/gblexpress.com\/product\/ketamin-inresa-20-x-2-ml-100-mg-ml-ketamin\/#primaryimage"},"thumbnailUrl":"https:\/\/gblexpress.com\/wp-content\/uploads\/2024\/11\/Ketamine-Inresa-1.jpg","datePublished":"2024-11-28T05:12:56+00:00","dateModified":"2026-02-26T07:27:27+00:00","description":"Pokud si chcete koupit Ketamine Inresa online a hled\u00e1te spolehliv\u00fd internetov\u00fd obchod, jste na spr\u00e1vn\u00e9m m\u00edst\u011b. Nab\u00edz\u00edme pouze vysoce kvalitn\u00ed Ketamin Inresa za dostupnou cenu. Objednejte si Ketamin Inresa nyn\u00ed!","breadcrumb":{"@id":"https:\/\/gblexpress.com\/product\/ketamin-inresa-20-x-2-ml-100-mg-ml-ketamin\/#breadcrumb"},"inLanguage":"cs","potentialAction":[{"@type":"ReadAction","target":["https:\/\/gblexpress.com\/product\/ketamin-inresa-20-x-2-ml-100-mg-ml-ketamin\/"]}]},{"@type":"ImageObject","inLanguage":"cs","@id":"https:\/\/gblexpress.com\/product\/ketamin-inresa-20-x-2-ml-100-mg-ml-ketamin\/#primaryimage","url":"https:\/\/gblexpress.com\/wp-content\/uploads\/2024\/11\/Ketamine-Inresa-1.jpg","contentUrl":"https:\/\/gblexpress.com\/wp-content\/uploads\/2024\/11\/Ketamine-Inresa-1.jpg","width":600,"height":600,"caption":"Ketamine-Inresa online kaufen"},{"@type":"BreadcrumbList","@id":"https:\/\/gblexpress.com\/product\/ketamin-inresa-20-x-2-ml-100-mg-ml-ketamin\/#breadcrumb","itemListElement":[{"@type":"ListItem","position":1,"name":"Home","item":"https:\/\/gblexpress.com\/"},{"@type":"ListItem","position":2,"name":"Shop","item":"https:\/\/gblexpress.com\/shop\/"},{"@type":"ListItem","position":3,"name":"Ketamin Inresa 20 \u00d7 2 ml 100 mg\/ml Ketamin"}]},{"@type":"WebSite","@id":"https:\/\/gblexpress.com\/#website","url":"https:\/\/gblexpress.com\/","name":"GBL Express","description":"","publisher":{"@id":"https:\/\/gblexpress.com\/#organization"},"potentialAction":[{"@type":"SearchAction","target":{"@type":"EntryPoint","urlTemplate":"https:\/\/gblexpress.com\/?s={search_term_string}"},"query-input":{"@type":"PropertyValueSpecification","valueRequired":true,"valueName":"search_term_string"}}],"inLanguage":"cs"},{"@type":"Organization","@id":"https:\/\/gblexpress.com\/#organization","name":"GBL Express","url":"https:\/\/gblexpress.com\/","logo":{"@type":"ImageObject","inLanguage":"cs","@id":"https:\/\/gblexpress.com\/#\/schema\/logo\/image\/","url":"https:\/\/gblexpress.com\/wp-content\/uploads\/2023\/01\/logo.png","contentUrl":"https:\/\/gblexpress.com\/wp-content\/uploads\/2023\/01\/logo.png","width":250,"height":52,"caption":"GBL Express"},"image":{"@id":"https:\/\/gblexpress.com\/#\/schema\/logo\/image\/"}}]}},"jetpack-related-posts":[],"jetpack_sharing_enabled":true,"_links":{"self":[{"href":"https:\/\/gblexpress.com\/cs\/wp-json\/wp\/v2\/product\/556","targetHints":{"allow":["GET"]}}],"collection":[{"href":"https:\/\/gblexpress.com\/cs\/wp-json\/wp\/v2\/product"}],"about":[{"href":"https:\/\/gblexpress.com\/cs\/wp-json\/wp\/v2\/types\/product"}],"replies":[{"embeddable":true,"href":"https:\/\/gblexpress.com\/cs\/wp-json\/wp\/v2\/comments?post=556"}],"wp:featuredmedia":[{"embeddable":true,"href":"https:\/\/gblexpress.com\/cs\/wp-json\/wp\/v2\/media\/1609"}],"wp:attachment":[{"href":"https:\/\/gblexpress.com\/cs\/wp-json\/wp\/v2\/media?parent=556"}],"wp:term":[{"taxonomy":"product_brand","embeddable":true,"href":"https:\/\/gblexpress.com\/cs\/wp-json\/wp\/v2\/product_brand?post=556"},{"taxonomy":"product_cat","embeddable":true,"href":"https:\/\/gblexpress.com\/cs\/wp-json\/wp\/v2\/product_cat?post=556"},{"taxonomy":"product_tag","embeddable":true,"href":"https:\/\/gblexpress.com\/cs\/wp-json\/wp\/v2\/product_tag?post=556"}],"curies":[{"name":"wp","href":"https:\/\/api.w.org\/{rel}","templated":true}]}}