{"id":611,"date":"2023-05-29T11:11:08","date_gmt":"2023-05-29T11:11:08","guid":{"rendered":"https:\/\/gblexpress.com\/?post_type=product&#038;p=611"},"modified":"2026-02-24T11:30:39","modified_gmt":"2026-02-24T11:30:39","slug":"100-gramu-cistych-mdma-kamenu","status":"publish","type":"product","link":"https:\/\/gblexpress.com\/cs\/produkt-2\/100-gramu-cistych-mdma-kamenu\/","title":{"rendered":"100 gram\u016f \u010dist\u00e9 MDMA Rocks"},"content":{"rendered":"<h2><strong>MDMA Online Kaufen | MDMA rocks zum Verkauf Online Mit Niedrigsten Preisen<\/strong><\/h2>\n<h2><strong>KDO U\u017d\u00cdV\u00c1 MDMA<\/strong><\/h2>\n<p>Reines MDMA Rock Online zu verkaufen, Ecstasy, gemeinhin als <a href=\"https:\/\/de.wikipedia.org\/wiki\/MDMA\">Methylendioxymetamfetamin (MDMA)<\/a> \u010cist\u00fd MDMA Rock na prodej online Ext\u00e1ze, b\u011b\u017en\u011b zn\u00e1m\u00e1 jako methylendioxymetamfetamin (MDMA), je stimulant a halucinogen. Zp\u016fsobuje zm\u011bny ve vn\u00edm\u00e1n\u00ed \u010dasu, zrychluje mozek a centr\u00e1ln\u00ed nervov\u00fd syst\u00e9m, zvy\u0161uje pot\u011b\u0161en\u00ed ze smyslov\u00fdch podn\u011bt\u016f a podporuje empatii nebo emo\u010dn\u00ed komunikaci.<\/p>\n<p>Drogen, die als Ecstasy oder MDMA verkauft werden, enthalten unterschiedliche Mengen an <a href=\"https:\/\/gblexpress.com\/cs\/produkt-2\/100-gramu-cistych-mdma-kamenu\/\">MDMA<\/a>Drogy prod\u00e1van\u00e9 jako ext\u00e1ze nebo MDMA obsahuj\u00ed r\u016fzn\u00e1 mno\u017estv\u00ed MDMA. N\u011bkter\u00e9 jsou kombinac\u00ed jin\u00fdch drog, jako je amfetamin, ketamin nebo n\u011bco jin\u00e9ho, a neobsahuj\u00ed \u017e\u00e1dn\u00e9 nebo jen velmi mal\u00e9 mno\u017estv\u00ed. Jin\u00e9 mohou b\u00fdt \"\u0159\u00edznut\u00e9\" plnidly, jako jsou \u010distic\u00ed prost\u0159edky pro dom\u00e1cnost nebo jin\u00e9 potenci\u00e1ln\u011b nebezpe\u010dn\u00e9 chemik\u00e1lie.<\/p>\n<p>Drogy ozna\u010den\u00e9 jako MDMA mohou tak\u00e9 obsahovat vysoce koncentrovan\u00fd MDMA nebo jin\u00e9 potenci\u00e1ln\u011b nebezpe\u010dn\u00e9 chemick\u00e9 l\u00e1tky.<\/p>\n<p>Nejb\u011b\u017en\u011bj\u0161\u00edmi formami MDMA jsou pilulky, kapsle a pr\u00e1\u0161ek. A\u010dkoli se obvykle u\u017e\u00edv\u00e1 peror\u00e1ln\u011b, lze ji tak\u00e9 kr\u00e1jet a \u0161\u0148upat, zav\u00e1d\u011bt do kone\u010dn\u00edku nebo (vz\u00e1cn\u011b) aplikovat injek\u010dn\u011b.<\/p>\n<h3>JAK MDMA FUNGUJE<\/h3>\n<p>MDMA m\u00e1 na ka\u017ed\u00e9ho \u010dlov\u011bka jin\u00fd \u00fa\u010dinek. \u00da\u010dinek z\u00e1vis\u00ed na po\u017eit\u00e9m mno\u017estv\u00ed, t\u011blesn\u00e9 velikosti, genetick\u00fdch predispozic\u00edch, celkov\u00e9m zdravotn\u00edm stavu, n\u00e1lad\u011b, mno\u017estv\u00ed d\u0159\u00edve po\u017eit\u00e9ho j\u00eddla, jin\u00fdch drog\u00e1ch a l\u00e9c\u00edch na p\u0159edpis a zp\u016fsobu po\u017eit\u00ed. P\u0159i peror\u00e1ln\u00edm u\u017eit\u00ed MDMA nastupuje \u00fa\u010dinek mezi 30 a 90 minutami, vrchol\u00ed p\u0159ibli\u017en\u011b po 2 a\u017e 3 hodin\u00e1ch a m\u016f\u017ee trvat a\u017e 6 hodin.<\/p>\n<p>Mezi \u00fa\u010dinky MDMA pat\u0159\u00ed pocity euforie a zv\u00fd\u0161en\u00e9ho sebev\u011bdom\u00ed, roz\u0161\u00ed\u0159en\u00e9 zornice, sn\u00ed\u017een\u00e9 z\u00e1brany, sev\u0159en\u00ed \u010delist\u00ed, zv\u00fd\u0161en\u00e9 smyslov\u00e9 vn\u00edm\u00e1n\u00ed, nadm\u011brn\u00e9 pocen\u00ed, nevolnost a sn\u00ed\u017een\u00e1 chu\u0165 k j\u00eddlu, zv\u00fd\u0161en\u00e1 srde\u010dn\u00ed frekvence, zv\u00fd\u0161en\u00e9 riziko dehydratace a \u00fapalu. MDMA m\u016f\u017ee tak\u00e9 zp\u016fsobit kmit\u00e1n\u00ed o\u010d\u00ed (nystagmus) a znemo\u017enit mo\u010den\u00ed (po odezn\u011bn\u00ed \u00fa\u010dink\u016f zjist\u00edte, \u017ee pot\u0159ebujete \u010dasto mo\u010dit). Pokud si ho vezmete p\u0159\u00edli\u0161 mnoho, m\u016f\u017ee se v\u00e1m ud\u011blat \u0161patn\u011b a budete se muset vykakat, abyste prodali MDMA Rock.<\/p>\n<h3><strong>D\u00c1VKOV\u00c1N\u00cd<\/strong><\/h3>\n<p>Objedn\u00e1n\u00ed p\u0159ibli\u017en\u011b 75-100 mg MDMA online se pova\u017euje za jednu d\u00e1vku. Proto\u017ee je v\u0161ak \u010distota MDMA \u010dasto nep\u0159edv\u00eddateln\u00e1, doporu\u010duje se drogy otestovat, abyste v\u011bd\u011bli, co v nich je. Jednoduch\u00e9 testovac\u00ed soupravy v\u0161ak neposkytuj\u00ed informace o d\u00e1vkov\u00e1n\u00ed, proto je nejlep\u0161\u00ed za\u010d\u00edt s n\u00edzkou d\u00e1vkou a postupovat pomalu.<\/p>\n<p>Pokud se jedn\u00e1 o pilulku, za\u010dn\u011bte se \u010dtvrtinou nebo polovinou. Pokud u\u017e\u00edv\u00e1te pr\u00e1\u0161ek, pou\u017eijte test \"rozdrtit, na\u0165ukat, po\u010dkat\": Rozdr\u0165te MDMA na jemn\u00fd pr\u00e1\u0161ek, nakapejte ho \u0161pi\u010dkou prstu a po\u010dkejte 2-3 hodiny, ne\u017e si ho znovu vezmete. V\u0161imn\u011bte si, \u017ee pokud u\u017eijete MDMA s pln\u00fdm \u017ealudkem, m\u016f\u017ee trvat 3 hodiny, ne\u017e poc\u00edt\u00edte \u00fa\u010dinky MDMA.<a href=\"https:\/\/gblexpress.com\/cs\/\">.<\/a><\/p>\n<p>&nbsp;<\/p>\n<p>&nbsp;<\/p>\n<p>&nbsp;<\/p>","protected":false},"excerpt":{"rendered":"<p><strong>MDMA Rocks<\/strong> jsou symbolem \u010distoty a kvality, speci\u00e1ln\u011b vyvinut\u00e9 pro v\u011bdeck\u00fd v\u00fdzkum a analytick\u00e9 \u00fa\u010dely. D\u00edky sv\u00e9 krystalick\u00e9 struktu\u0159e a vysok\u00e9 \u00fa\u010dinnosti jsou MDMA Rocks obl\u00edbenou volbou pro \u0159adu aplikac\u00ed.<\/p>\n<h3><strong>Co jsou MDMA Rocks?<\/strong><\/h3>\n<p>MDMA Rocks, zn\u00e1m\u00e9 tak\u00e9 jako 3,4-methylendioxy-N-methylamfetamin, jsou krystalickou formou t\u00e9to slou\u010deniny. Vyzna\u010duj\u00ed se \u010distotou a \u00fa\u010dinnost\u00ed a \u010dasto se pou\u017e\u00edvaj\u00ed v neurov\u011bd\u00e1ch a farmakologick\u00e9m v\u00fdzkumu.<\/p>\n<h3><strong>Vlastnosti a v\u00fdhody<\/strong><\/h3>\n<ul>\n<li><strong>Purity<\/strong>Nejvy\u0161\u0161\u00ed standardy kvality, ide\u00e1ln\u00ed pro spolehliv\u00e9 v\u00fdsledky.<\/li>\n<li><strong>Krystalick\u00e1 struktura<\/strong>Ide\u00e1ln\u00ed pro analytick\u00e9 a chemick\u00e9 studie.<\/li>\n<li><strong>V\u0161estrann\u00e9 aplikace<\/strong>Vhodn\u00e9 pro laboratorn\u00ed anal\u00fdzy, chemick\u00e9 pokusy a v\u011bdeck\u00e9 \u00fa\u010dely.<\/li>\n<\/ul>\n<h3><strong>Mo\u017enosti pou\u017eit\u00ed<\/strong><\/h3>\n<ol>\n<li><strong>Neurov\u011bdeck\u00fd v\u00fdzkum<\/strong>Zkoum\u00e1n\u00ed funkc\u00ed neurotransmiter\u016f a interakc\u00ed receptor\u016f.<\/li>\n<li><strong>Farmakologick\u00e9 studie<\/strong>Anal\u00fdza vztahu mezi strukturou a aktivitou (SAR) a potenci\u00e1l pro terapeutick\u00e9 vyu\u017eit\u00ed.<\/li>\n<li><strong>Chemick\u00e9 experimenty<\/strong>Pou\u017eit\u00ed v laborato\u0159\u00edch pro chemick\u00e9 profilov\u00e1n\u00ed a anal\u00fdzu.<\/li>\n<\/ol>\n<h3><strong>Pro\u010d si koupit MDMA Rocks?<\/strong><\/h3>\n<ul>\n<li><strong>spolehlivost<\/strong>Konzistentn\u00ed kvalita pro p\u0159esn\u00e9 v\u00fdsledky v\u00fdzkumu.<\/li>\n<li><strong>Diskr\u00e9tn\u00ed p\u0159eprava<\/strong>Bezpe\u010dn\u00e9 a anonymn\u00ed doru\u010dov\u00e1n\u00ed.<\/li>\n<li><strong>Flexibilita<\/strong>: K dispozici pro v\u011bdce a profesion\u00e1ln\u00ed laborato\u0159e po cel\u00e9m sv\u011bt\u011b.<\/li>\n<\/ul>","protected":false},"featured_media":1631,"comment_status":"open","ping_status":"closed","template":"","meta":{"_joinchat":[]},"product_brand":[],"product_cat":[36,246],"product_tag":[738,741,737,740,572,736,570,735,739],"class_list":{"0":"post-611","1":"product","2":"type-product","3":"status-publish","4":"has-post-thumbnail","6":"product_cat-ko-drops","7":"product_cat-sex-meth","8":"product_tag-hochwertige-mdma-rocks","9":"product_tag-mdma-diskret-bestellen","10":"product_tag-mdma-forschung-chemikalien","11":"product_tag-mdma-fuer-forschung-kaufen","12":"product_tag-mdma-grosshandel","13":"product_tag-mdma-kristalle-bestellen","14":"product_tag-mdma-online-kaufen","15":"product_tag-mdma-rocks-kaufen","16":"product_tag-mdma-rocks-laborqualitaet","18":"first","19":"instock","20":"shipping-taxable","21":"purchasable","22":"product-type-variable"},"yoast_head":"<!-- This site is optimized with the Yoast SEO plugin v25.4 - https:\/\/yoast.com\/wordpress\/plugins\/seo\/ -->\n<title>100 Gramm reine MDMA-Steine \u200b\u200bzum Verkau<\/title>\n<meta name=\"description\" content=\"Entdecken Sie erstklassige 100 Gramm reine MDMA-Steine \u200b\u200bin unserem Online-Shop \u2013 kaufen Sie bequem und sicher 100 Gramm reine MDMA-Steine \u200b\u200bf\u00fcr Ihre Forschung. Entdecken und kaufen Sie 100 Gramm reine MDMA-Steine \u200b\u200bonline. Jetzt bestellen!\" \/>\n<meta name=\"robots\" content=\"index, follow, max-snippet:-1, max-image-preview:large, max-video-preview:-1\" \/>\n<link rel=\"canonical\" href=\"https:\/\/gblexpress.com\/cs\/produkt-2\/100-gramu-cistych-mdma-kamenu\/\" \/>\n<meta property=\"og:locale\" content=\"cs_CZ\" \/>\n<meta property=\"og:type\" content=\"article\" \/>\n<meta property=\"og:title\" content=\"100 Gramm reine MDMA-Steine \u200b\u200bzum Verkau\" \/>\n<meta property=\"og:description\" content=\"Entdecken Sie erstklassige 100 Gramm reine MDMA-Steine \u200b\u200bin unserem Online-Shop \u2013 kaufen Sie bequem und sicher 100 Gramm reine MDMA-Steine \u200b\u200bf\u00fcr Ihre Forschung. Entdecken und kaufen Sie 100 Gramm reine MDMA-Steine \u200b\u200bonline. Jetzt bestellen!\" \/>\n<meta property=\"og:url\" content=\"https:\/\/gblexpress.com\/cs\/produkt-2\/100-gramu-cistych-mdma-kamenu\/\" \/>\n<meta property=\"og:site_name\" content=\"GBL Express\" \/>\n<meta property=\"article:modified_time\" content=\"2026-02-24T11:30:39+00:00\" \/>\n<meta property=\"og:image\" content=\"https:\/\/gblexpress.com\/wp-content\/uploads\/2023\/05\/MDMA-Rocks.jpg\" \/>\n\t<meta property=\"og:image:width\" content=\"600\" \/>\n\t<meta property=\"og:image:height\" content=\"600\" \/>\n\t<meta property=\"og:image:type\" content=\"image\/jpeg\" \/>\n<meta name=\"twitter:card\" content=\"summary_large_image\" \/>\n<meta name=\"twitter:label1\" content=\"Odhadovan\u00e1 doba \u010dten\u00ed\" \/>\n\t<meta name=\"twitter:data1\" content=\"3 minuty\" \/>\n<!-- \/ Yoast SEO plugin. -->","yoast_head_json":{"title":"100 gram\u016f \u010dist\u00fdch kamen\u016f MDMA na prodej","description":"Objevte pr\u00e9miov\u00e9 100 gramy \u010dist\u00fdch MDMA kostek v na\u0161em online obchod\u011b \u2013 nakupte pohodln\u011b a bezpe\u010dn\u011b 100 gram\u016f \u010dist\u00fdch MDMA kostek pro sv\u016fj v\u00fdzkum. Objevte a nakupte 100 gram\u016f \u010dist\u00fdch MDMA kostek online. Objednejte nyn\u00ed!","robots":{"index":"index","follow":"follow","max-snippet":"max-snippet:-1","max-image-preview":"max-image-preview:large","max-video-preview":"max-video-preview:-1"},"canonical":"https:\/\/gblexpress.com\/cs\/produkt-2\/100-gramu-cistych-mdma-kamenu\/","og_locale":"cs_CZ","og_type":"article","og_title":"100 Gramm reine MDMA-Steine \u200b\u200bzum Verkau","og_description":"Entdecken Sie erstklassige 100 Gramm reine MDMA-Steine \u200b\u200bin unserem Online-Shop \u2013 kaufen Sie bequem und sicher 100 Gramm reine MDMA-Steine \u200b\u200bf\u00fcr Ihre Forschung. Entdecken und kaufen Sie 100 Gramm reine MDMA-Steine \u200b\u200bonline. Jetzt bestellen!","og_url":"https:\/\/gblexpress.com\/cs\/produkt-2\/100-gramu-cistych-mdma-kamenu\/","og_site_name":"GBL Express","article_modified_time":"2026-02-24T11:30:39+00:00","og_image":[{"width":600,"height":600,"url":"https:\/\/gblexpress.com\/wp-content\/uploads\/2023\/05\/MDMA-Rocks.jpg","type":"image\/jpeg"}],"twitter_card":"summary_large_image","twitter_misc":{"Odhadovan\u00e1 doba \u010dten\u00ed":"3 minuty"},"schema":{"@context":"https:\/\/schema.org","@graph":[{"@type":"WebPage","@id":"https:\/\/gblexpress.com\/product\/100-gramm-reines-mdma-rocks\/","url":"https:\/\/gblexpress.com\/product\/100-gramm-reines-mdma-rocks\/","name":"100 gram\u016f \u010dist\u00fdch kamen\u016f MDMA na prodej","isPartOf":{"@id":"https:\/\/gblexpress.com\/#website"},"primaryImageOfPage":{"@id":"https:\/\/gblexpress.com\/product\/100-gramm-reines-mdma-rocks\/#primaryimage"},"image":{"@id":"https:\/\/gblexpress.com\/product\/100-gramm-reines-mdma-rocks\/#primaryimage"},"thumbnailUrl":"https:\/\/gblexpress.com\/wp-content\/uploads\/2023\/05\/MDMA-Rocks.jpg","datePublished":"2023-05-29T11:11:08+00:00","dateModified":"2026-02-24T11:30:39+00:00","description":"Objevte pr\u00e9miov\u00e9 100 gramy \u010dist\u00fdch MDMA kostek v na\u0161em online obchod\u011b \u2013 nakupte pohodln\u011b a bezpe\u010dn\u011b 100 gram\u016f \u010dist\u00fdch MDMA kostek pro sv\u016fj v\u00fdzkum. Objevte a nakupte 100 gram\u016f \u010dist\u00fdch MDMA kostek online. Objednejte nyn\u00ed!","breadcrumb":{"@id":"https:\/\/gblexpress.com\/product\/100-gramm-reines-mdma-rocks\/#breadcrumb"},"inLanguage":"cs","potentialAction":[{"@type":"ReadAction","target":["https:\/\/gblexpress.com\/product\/100-gramm-reines-mdma-rocks\/"]}]},{"@type":"ImageObject","inLanguage":"cs","@id":"https:\/\/gblexpress.com\/product\/100-gramm-reines-mdma-rocks\/#primaryimage","url":"https:\/\/gblexpress.com\/wp-content\/uploads\/2023\/05\/MDMA-Rocks.jpg","contentUrl":"https:\/\/gblexpress.com\/wp-content\/uploads\/2023\/05\/MDMA-Rocks.jpg","width":600,"height":600,"caption":"MDMA-Rocks online kaufen"},{"@type":"BreadcrumbList","@id":"https:\/\/gblexpress.com\/product\/100-gramm-reines-mdma-rocks\/#breadcrumb","itemListElement":[{"@type":"ListItem","position":1,"name":"Home","item":"https:\/\/gblexpress.com\/"},{"@type":"ListItem","position":2,"name":"Shop","item":"https:\/\/gblexpress.com\/shop\/"},{"@type":"ListItem","position":3,"name":"100 Gramm reines MDMA Rocks"}]},{"@type":"WebSite","@id":"https:\/\/gblexpress.com\/#website","url":"https:\/\/gblexpress.com\/","name":"GBL Express","description":"","publisher":{"@id":"https:\/\/gblexpress.com\/#organization"},"potentialAction":[{"@type":"SearchAction","target":{"@type":"EntryPoint","urlTemplate":"https:\/\/gblexpress.com\/?s={search_term_string}"},"query-input":{"@type":"PropertyValueSpecification","valueRequired":true,"valueName":"search_term_string"}}],"inLanguage":"cs"},{"@type":"Organization","@id":"https:\/\/gblexpress.com\/#organization","name":"GBL Express","url":"https:\/\/gblexpress.com\/","logo":{"@type":"ImageObject","inLanguage":"cs","@id":"https:\/\/gblexpress.com\/#\/schema\/logo\/image\/","url":"https:\/\/gblexpress.com\/wp-content\/uploads\/2023\/01\/logo.png","contentUrl":"https:\/\/gblexpress.com\/wp-content\/uploads\/2023\/01\/logo.png","width":250,"height":52,"caption":"GBL Express"},"image":{"@id":"https:\/\/gblexpress.com\/#\/schema\/logo\/image\/"}}]}},"jetpack-related-posts":[],"jetpack_sharing_enabled":true,"_links":{"self":[{"href":"https:\/\/gblexpress.com\/cs\/wp-json\/wp\/v2\/product\/611","targetHints":{"allow":["GET"]}}],"collection":[{"href":"https:\/\/gblexpress.com\/cs\/wp-json\/wp\/v2\/product"}],"about":[{"href":"https:\/\/gblexpress.com\/cs\/wp-json\/wp\/v2\/types\/product"}],"replies":[{"embeddable":true,"href":"https:\/\/gblexpress.com\/cs\/wp-json\/wp\/v2\/comments?post=611"}],"wp:featuredmedia":[{"embeddable":true,"href":"https:\/\/gblexpress.com\/cs\/wp-json\/wp\/v2\/media\/1631"}],"wp:attachment":[{"href":"https:\/\/gblexpress.com\/cs\/wp-json\/wp\/v2\/media?parent=611"}],"wp:term":[{"taxonomy":"product_brand","embeddable":true,"href":"https:\/\/gblexpress.com\/cs\/wp-json\/wp\/v2\/product_brand?post=611"},{"taxonomy":"product_cat","embeddable":true,"href":"https:\/\/gblexpress.com\/cs\/wp-json\/wp\/v2\/product_cat?post=611"},{"taxonomy":"product_tag","embeddable":true,"href":"https:\/\/gblexpress.com\/cs\/wp-json\/wp\/v2\/product_tag?post=611"}],"curies":[{"name":"wp","href":"https:\/\/api.w.org\/{rel}","templated":true}]}}