{"id":613,"date":"2023-05-29T11:28:22","date_gmt":"2023-05-29T11:28:22","guid":{"rendered":"https:\/\/gblexpress.com\/?post_type=product&#038;p=613"},"modified":"2026-02-27T10:31:39","modified_gmt":"2026-02-27T10:31:39","slug":"ketamin-s-isomer-99-rein-50-g","status":"publish","type":"product","link":"https:\/\/gblexpress.com\/cs\/produkt-2\/ketamin-s-isomer-99-rein-50-g\/","title":{"rendered":"Ketamin S+ izomer 99% \u010dist\u00fd | 500g"},"content":{"rendered":"<h2><strong>50 g Ketamin S+ Isomer, 99% rein online kaufen<\/strong><\/h2>\n<p><a href=\"https:\/\/gblexpress.com\/cs\/produkt-2\/ketamin-s-isomer-99-rein-50-g\/\">Koupit S-Isomer Ketamin online<\/a>, mehr als 25 Mal, Ketamin S+ Isomer. S(+)-Ketamin online kaufen, ein reines rechtsdrehendes Enantiomer von Ketamin, ist eine weitere Option. f\u00fcr den therapeutischen Einsatz in der An\u00e4sthesie und Analgesie zug\u00e4nglich ist. Dar\u00fcber hinaus vermittelt die nicht-kompetitive Hemmung des N-Methyl-D-Aspartat-Rezeptors (NMDA) die wichtigsten Verbindungen. interagiert jedoch mit Adenosin-, Monoamin-, Opioid- und anderen purinergen Rezeptoren.<\/p>\n<h3><strong>Koupit Ketamin S izomer na pomoc p\u0159i depresi<\/strong><\/h3>\n<p>\u010cl\u00e1nky zam\u011b\u0159en\u00e9 na v\u00e1pn\u00edkov\u00fd kan\u00e1l typu L. Receptory pro metabotropn\u00ed glutam\u00e1t (mGluR). Pops\u00e1ny jsou tak\u00e9 receptory pro amino-3-hydroxy-5-methyl-4-isoxazolpropionovou kyselinu (AMPA). Je stimulov\u00e1n sympatick\u00fd Whim-Whams\u016fv syst\u00e9m. S(+)-ketamin je vynikaj\u00edc\u00edm l\u00e9kem pro analgezii nebo navozen\u00ed anestezie, pokud je stav pacienta nestabiln\u00ed. Zaj\u00edmav\u00e9 terapeutick\u00e9 alternativy nab\u00edzej\u00ed tak\u00e9 p\u0159\u00edpravky, kter\u00e9 p\u016fsob\u00ed neuroprotektivn\u011b, bronchodilata\u010dn\u011b, antihyperalgicky nebo antiepilepticky. V tomto \u010dl\u00e1nku jsou p\u0159edstaveny mnoh\u00e9 mo\u017enosti pou\u017eit\u00ed S(+)-ketaminu z farmakologick\u00e9ho a terapeutick\u00e9ho hlediska se zam\u011b\u0159en\u00edm na typick\u00e9 p\u0159edpisy pro urgentn\u00ed medikaci a intenzivn\u00ed p\u00e9\u010di Koupit S-izomer ketaminu online .<\/p>\n<h3><strong>Koupit Ketamine HCl Crystal online | Ketamine HCl Crystal na prodej<\/strong><\/h3>\n<p>\u00da\u010dinn\u011b dod\u00e1v\u00e1me kvalitn\u00ed v\u00fdrobky tak\u00e9 v\u00fdrobc\u016fm a prodejc\u016fm. Na\u0161e doprava a doru\u010den\u00ed je tak\u00e9 100% bezpe\u010dn\u00e9 a pohodov\u00e9. R\u00e1di prod\u00e1v\u00e1me na\u0161e v\u00fdrobky v mal\u00fdch i velk\u00fdch mno\u017estv\u00edch po cel\u00e9m sv\u011bt\u011b. Kupte si S-Isomer Ketamin online,<\/p>\n<p>Krom\u011b toho ji\u017e v\u00edce ne\u017e 5 let p\u0159epravujeme a distribuujeme l\u00e9ky po cel\u00e9m sv\u011bt\u011b, abychom v\u017edy zajistili 100% bezpe\u010dnost a speci\u00e1ln\u00ed dod\u00e1vky.Nab\u00edz\u00edme tak\u00e9 10-15% slevu na velk\u00e9 objedn\u00e1vky a m\u016f\u017ee se li\u0161it podle va\u0161\u00ed objedn\u00e1vky. Koupit krystaly ketaminu online<\/p>\n<p>Krom\u011b toho jsou v\u0161echny na\u0161e ceny velmi n\u00edzk\u00e9 a m\u00edrn\u00e9, ceny jsou dobr\u00e9, to se prov\u00e1d\u00ed sn\u00ed\u017een\u00edm n\u00e1klad\u016f. Zjistili jsme, \u017ee na\u0161e slu\u017eby z\u00e1kazn\u00edk\u016fm jsou z\u00e1rukou, \u017ee v\u0161echny objedn\u00e1vky budou doru\u010deny v r\u00e1mci zvolen\u00e9ho typu z\u00e1silky. Nicm\u00e9n\u011b po potvrzen\u00ed faktury obvykle odes\u00edl\u00e1me v\u0161echny objedn\u00e1vky.<\/p>\n<p>V neposledn\u00ed \u0159ad\u011b zaji\u0161\u0165ujeme rychlou a bezpe\u010dnou distribuci po cel\u00e9m sv\u011bt\u011b.<a href=\"https:\/\/en.wikipedia.org\/wiki\/Ketamine\">.<\/a><\/p>\n<h3><\/h3>","protected":false},"excerpt":{"rendered":"<p>Na str\u00e1nk\u00e1ch <strong>Ketamin S+ izomer<\/strong> je vysoce \u010dist\u00e1 slou\u010denina, kter\u00e1 se vyzna\u010duje vynikaj\u00edc\u00edm chemick\u00fdm slo\u017een\u00edm. Je to <strong>S+ izomer ketaminu<\/strong>kter\u00e1 se od racemick\u00e9 formy li\u0161\u00ed vy\u0161\u0161\u00ed \u00fa\u010dinnost\u00ed a specifick\u00fdm \u00fa\u010dinkem.<\/p>\n<h3><strong>Chemick\u00fd vzorec a vlastnosti<\/strong><\/h3>\n<ul>\n<li><strong>Chemick\u00fd vzorec<\/strong>C13H16ClNO<\/li>\n<li><strong>Molekulov\u00e1 hmotnost<\/strong>: 237,73 g\/mol<\/li>\n<li><strong>Purity<\/strong>99% - zaru\u010duje nejvy\u0161\u0161\u00ed kvalitu pro p\u0159esn\u00e9 aplikace.<\/li>\n<li><strong>Izomern\u00ed slo\u017een\u00ed<\/strong>Stereoselektivn\u00ed, s p\u0159ednostn\u00ed vazbou na NMDA receptory pro siln\u011bj\u0161\u00ed \u00fa\u010dinek.<\/li>\n<li><strong>Vzhled<\/strong>B\u00edl\u00fd krystalick\u00fd pr\u00e1\u0161ek s vysokou stabilitou.<\/li>\n<\/ul>\n<h3><strong>Funk\u010dn\u00ed detaily<\/strong><\/h3>\n<p>Izomer S+ ketaminu je charakterizov\u00e1n:<\/p>\n<ul>\n<li><strong>Zv\u00fd\u0161en\u00e1 analgetick\u00e1 \u00fa\u010dinnost<\/strong>A\u017e dvakr\u00e1t siln\u011bj\u0161\u00ed ne\u017e racemick\u00e1 forma.<\/li>\n<li><strong>Rychlej\u0161\u00ed n\u00e1stup \u00fa\u010dinku<\/strong>Ide\u00e1ln\u00ed pro \u010dasov\u011b kritick\u00e9 terapeutick\u00e9 nebo experiment\u00e1ln\u00ed aplikace.<\/li>\n<li><strong>M\u00e9n\u011b vedlej\u0161\u00edch \u00fa\u010dink\u016f<\/strong>Sn\u00ed\u017een\u00ed halucinac\u00ed a ne\u017e\u00e1douc\u00edch \u00fa\u010dink\u016f ve srovn\u00e1n\u00ed s racemickou sm\u011bs\u00ed.<\/li>\n<\/ul>","protected":false},"featured_media":1630,"comment_status":"open","ping_status":"closed","template":"","meta":{"_joinchat":[]},"product_brand":[],"product_cat":[32,35],"product_tag":[787,769,790,778,775,773,788,782,776,780,795,771,789,792,791,770,446,452,783,772,785,784,774,794,781,768,777,779,793,786],"class_list":{"0":"post-613","1":"product","2":"type-product","3":"status-publish","4":"has-post-thumbnail","6":"product_cat-uncategorized","7":"product_cat-ritalin","8":"product_tag-99-reines-ketamin-fuer-laborzwecke","9":"product_tag-99-reinheit","10":"product_tag-beste-ketamin-anbieter-deutschland","11":"product_tag-beste-qualitaet-ketamin","12":"product_tag-chemisches-reagenz","13":"product_tag-diskreter-versand-ketamin","14":"product_tag-diskreter-versand-von-chemischen-produkten","15":"product_tag-forschung-isomer-kaufen","16":"product_tag-forschungsketamin","17":"product_tag-gblexpress-ketamin","18":"product_tag-gblexpress-ketamin-schweiz","19":"product_tag-hochreines-ketamin","20":"product_tag-hochreines-ketamin-online-bestellen","21":"product_tag-ketamin-bestellen-deutschland","22":"product_tag-ketamin-fuer-forschungszwecke-kaufen","23":"product_tag-ketamin-isomer-bestellen","24":"product_tag-ketamin-kaufen","25":"product_tag-ketamin-online-kaufen","26":"product_tag-ketamin-reinheit-99","27":"product_tag-ketamin-versand","28":"product_tag-laborketamin-bestellen","29":"product_tag-premium-ketamin","30":"product_tag-qualitatives-ketamin","31":"product_tag-reines-ketamin-kaufen-oesterreich","32":"product_tag-reines-s-isomer","33":"product_tag-s-isomer","34":"product_tag-s-isomer-hochrein","35":"product_tag-schneller-ketamin-versand","36":"product_tag-schneller-ketamin-versand-europa","37":"product_tag-wo-kann-ich-ketamin-s-isomer-kaufen","39":"first","40":"instock","41":"shipping-taxable","42":"purchasable","43":"product-type-variable"},"yoast_head":"<!-- This site is optimized with the Yoast SEO plugin v25.4 - https:\/\/yoast.com\/wordpress\/plugins\/seo\/ -->\n<title>Ketamin S+ Isomer 99% rein 500g online kaufen | Gbi Express<\/title>\n<meta name=\"description\" content=\"Entdecken Sie unseren Online-Shop f\u00fcr Ketamin S+ Isomer 99% rein | 500 g. Wir bieten hochwertiges Ketamin S+ Isomer 99% rein | 500 g an. Kaufen Sie Ketamin S+ Isomer 99% rein | 500 g online. Jetzt bestellen\" \/>\n<meta name=\"robots\" content=\"index, follow, max-snippet:-1, max-image-preview:large, max-video-preview:-1\" \/>\n<link rel=\"canonical\" href=\"https:\/\/gblexpress.com\/cs\/produkt-2\/ketamin-s-isomer-99-rein-50-g\/\" \/>\n<meta property=\"og:locale\" content=\"cs_CZ\" \/>\n<meta property=\"og:type\" content=\"article\" \/>\n<meta property=\"og:title\" content=\"Ketamin S+ Isomer 99% rein 500g online kaufen | Gbi Express\" \/>\n<meta property=\"og:description\" content=\"Entdecken Sie unseren Online-Shop f\u00fcr Ketamin S+ Isomer 99% rein | 500 g. Wir bieten hochwertiges Ketamin S+ Isomer 99% rein | 500 g an. Kaufen Sie Ketamin S+ Isomer 99% rein | 500 g online. Jetzt bestellen\" \/>\n<meta property=\"og:url\" content=\"https:\/\/gblexpress.com\/cs\/produkt-2\/ketamin-s-isomer-99-rein-50-g\/\" \/>\n<meta property=\"og:site_name\" content=\"GBL Express\" \/>\n<meta property=\"article:modified_time\" content=\"2026-02-27T10:31:39+00:00\" \/>\n<meta property=\"og:image\" content=\"https:\/\/gblexpress.com\/wp-content\/uploads\/2023\/05\/Ketamin-s.jpg\" \/>\n\t<meta property=\"og:image:width\" content=\"600\" \/>\n\t<meta property=\"og:image:height\" content=\"600\" \/>\n\t<meta property=\"og:image:type\" content=\"image\/jpeg\" \/>\n<meta name=\"twitter:card\" content=\"summary_large_image\" \/>\n<meta name=\"twitter:label1\" content=\"Odhadovan\u00e1 doba \u010dten\u00ed\" \/>\n\t<meta name=\"twitter:data1\" content=\"2 minuty\" \/>\n<!-- \/ Yoast SEO plugin. -->","yoast_head_json":{"title":"Koupit Ketamin S+ Isomer 99% \u010dist\u00fd 500g online | Gbi Express","description":"Objevte n\u00e1\u0161 online obchod pro Ketamin S+ Isomer 99% \u010dist\u00fd | 500g Nab\u00edz\u00edme vysoce kvalitn\u00ed izomer Ketamin S+ 99% \u010dist\u00fd | 500 g. Koupit Ketamin S+ Isomer 99% Pure | 500 g online. Objednejte nyn\u00ed","robots":{"index":"index","follow":"follow","max-snippet":"max-snippet:-1","max-image-preview":"max-image-preview:large","max-video-preview":"max-video-preview:-1"},"canonical":"https:\/\/gblexpress.com\/cs\/produkt-2\/ketamin-s-isomer-99-rein-50-g\/","og_locale":"cs_CZ","og_type":"article","og_title":"Ketamin S+ Isomer 99% rein 500g online kaufen | Gbi Express","og_description":"Entdecken Sie unseren Online-Shop f\u00fcr Ketamin S+ Isomer 99% rein | 500 g. Wir bieten hochwertiges Ketamin S+ Isomer 99% rein | 500 g an. Kaufen Sie Ketamin S+ Isomer 99% rein | 500 g online. Jetzt bestellen","og_url":"https:\/\/gblexpress.com\/cs\/produkt-2\/ketamin-s-isomer-99-rein-50-g\/","og_site_name":"GBL Express","article_modified_time":"2026-02-27T10:31:39+00:00","og_image":[{"width":600,"height":600,"url":"https:\/\/gblexpress.com\/wp-content\/uploads\/2023\/05\/Ketamin-s.jpg","type":"image\/jpeg"}],"twitter_card":"summary_large_image","twitter_misc":{"Odhadovan\u00e1 doba \u010dten\u00ed":"2 minuty"},"schema":{"@context":"https:\/\/schema.org","@graph":[{"@type":"WebPage","@id":"https:\/\/gblexpress.com\/product\/ketamin-s-isomer-99-rein-50-g\/","url":"https:\/\/gblexpress.com\/product\/ketamin-s-isomer-99-rein-50-g\/","name":"Koupit Ketamin S+ Isomer 99% \u010dist\u00fd 500g online | Gbi Express","isPartOf":{"@id":"https:\/\/gblexpress.com\/#website"},"primaryImageOfPage":{"@id":"https:\/\/gblexpress.com\/product\/ketamin-s-isomer-99-rein-50-g\/#primaryimage"},"image":{"@id":"https:\/\/gblexpress.com\/product\/ketamin-s-isomer-99-rein-50-g\/#primaryimage"},"thumbnailUrl":"https:\/\/gblexpress.com\/wp-content\/uploads\/2023\/05\/Ketamin-s.jpg","datePublished":"2023-05-29T11:28:22+00:00","dateModified":"2026-02-27T10:31:39+00:00","description":"Objevte n\u00e1\u0161 online obchod pro Ketamin S+ Isomer 99% \u010dist\u00fd | 500g Nab\u00edz\u00edme vysoce kvalitn\u00ed izomer Ketamin S+ 99% \u010dist\u00fd | 500 g. Koupit Ketamin S+ Isomer 99% Pure | 500 g online. Objednejte nyn\u00ed","breadcrumb":{"@id":"https:\/\/gblexpress.com\/product\/ketamin-s-isomer-99-rein-50-g\/#breadcrumb"},"inLanguage":"cs","potentialAction":[{"@type":"ReadAction","target":["https:\/\/gblexpress.com\/product\/ketamin-s-isomer-99-rein-50-g\/"]}]},{"@type":"ImageObject","inLanguage":"cs","@id":"https:\/\/gblexpress.com\/product\/ketamin-s-isomer-99-rein-50-g\/#primaryimage","url":"https:\/\/gblexpress.com\/wp-content\/uploads\/2023\/05\/Ketamin-s.jpg","contentUrl":"https:\/\/gblexpress.com\/wp-content\/uploads\/2023\/05\/Ketamin-s.jpg","width":600,"height":600,"caption":"Ketamin-s online kaufen"},{"@type":"BreadcrumbList","@id":"https:\/\/gblexpress.com\/product\/ketamin-s-isomer-99-rein-50-g\/#breadcrumb","itemListElement":[{"@type":"ListItem","position":1,"name":"Home","item":"https:\/\/gblexpress.com\/"},{"@type":"ListItem","position":2,"name":"Shop","item":"https:\/\/gblexpress.com\/shop\/"},{"@type":"ListItem","position":3,"name":"Ketamin S+ Isomer 99% rein | 500g"}]},{"@type":"WebSite","@id":"https:\/\/gblexpress.com\/#website","url":"https:\/\/gblexpress.com\/","name":"GBL Express","description":"","publisher":{"@id":"https:\/\/gblexpress.com\/#organization"},"potentialAction":[{"@type":"SearchAction","target":{"@type":"EntryPoint","urlTemplate":"https:\/\/gblexpress.com\/?s={search_term_string}"},"query-input":{"@type":"PropertyValueSpecification","valueRequired":true,"valueName":"search_term_string"}}],"inLanguage":"cs"},{"@type":"Organization","@id":"https:\/\/gblexpress.com\/#organization","name":"GBL Express","url":"https:\/\/gblexpress.com\/","logo":{"@type":"ImageObject","inLanguage":"cs","@id":"https:\/\/gblexpress.com\/#\/schema\/logo\/image\/","url":"https:\/\/gblexpress.com\/wp-content\/uploads\/2023\/01\/logo.png","contentUrl":"https:\/\/gblexpress.com\/wp-content\/uploads\/2023\/01\/logo.png","width":250,"height":52,"caption":"GBL Express"},"image":{"@id":"https:\/\/gblexpress.com\/#\/schema\/logo\/image\/"}}]}},"jetpack-related-posts":[],"jetpack_sharing_enabled":true,"_links":{"self":[{"href":"https:\/\/gblexpress.com\/cs\/wp-json\/wp\/v2\/product\/613","targetHints":{"allow":["GET"]}}],"collection":[{"href":"https:\/\/gblexpress.com\/cs\/wp-json\/wp\/v2\/product"}],"about":[{"href":"https:\/\/gblexpress.com\/cs\/wp-json\/wp\/v2\/types\/product"}],"replies":[{"embeddable":true,"href":"https:\/\/gblexpress.com\/cs\/wp-json\/wp\/v2\/comments?post=613"}],"wp:featuredmedia":[{"embeddable":true,"href":"https:\/\/gblexpress.com\/cs\/wp-json\/wp\/v2\/media\/1630"}],"wp:attachment":[{"href":"https:\/\/gblexpress.com\/cs\/wp-json\/wp\/v2\/media?parent=613"}],"wp:term":[{"taxonomy":"product_brand","embeddable":true,"href":"https:\/\/gblexpress.com\/cs\/wp-json\/wp\/v2\/product_brand?post=613"},{"taxonomy":"product_cat","embeddable":true,"href":"https:\/\/gblexpress.com\/cs\/wp-json\/wp\/v2\/product_cat?post=613"},{"taxonomy":"product_tag","embeddable":true,"href":"https:\/\/gblexpress.com\/cs\/wp-json\/wp\/v2\/product_tag?post=613"}],"curies":[{"name":"wp","href":"https:\/\/api.w.org\/{rel}","templated":true}]}}