{"id":616,"date":"2023-05-29T12:11:36","date_gmt":"2023-05-29T12:11:36","guid":{"rendered":"https:\/\/gblexpress.com\/?post_type=product&#038;p=616"},"modified":"2026-02-27T10:29:41","modified_gmt":"2026-02-27T10:29:41","slug":"lorazepam-2-5-mg-v-blistru","status":"publish","type":"product","link":"https:\/\/gblexpress.com\/cs\/produkt-2\/lorazepam-2-5-mg-v-blistru\/","title":{"rendered":"Lorazepam 2,5 mg v blistrech"},"content":{"rendered":"<h1>Indikace a pou\u017eit\u00ed<a href=\"https:\/\/en.wikipedia.org\/wiki\/Special:Search?go=Go&amp;search=Lorazepam+2.5mg+Im+Blister&amp;ns0=1\">:<\/a><\/h1>\n<p><a href=\"https:\/\/simple.wikipedia.org\/wiki\/Lorazepam\">Lorazepam 2,5 mg<\/a> Im Blister, Lorazepam (Ativan) ist ein Benzodiazepin, das f\u00fcr die Behandlung von<a href=\"https:\/\/gblexpress.com\/cs\/obchod\/\">:<\/a><\/p>\n<ul>\n<li>1) \u00dazkost<br \/>\n2) Kr\u00e1tkodob\u00e9 zm\u00edrn\u011bn\u00ed p\u0159\u00edznak\u016f \u00fazkosti nebo \u00fazkosti spojen\u00e9 s depresivn\u00edmi p\u0159\u00edznaky (nap\u0159. poruchy sp\u00e1nku, nervozita, nap\u011bt\u00ed).<br \/>\n3) psychomotorick\u00e9 vzru\u0161en\u00ed<br \/>\n4) Vzru\u0161en\u00ed na jednotce intenzivn\u00ed p\u00e9\u010de<br \/>\n5) Panick\u00e1 porucha<br \/>\n6) Odvyk\u00e1n\u00ed alkoholu<br \/>\n7) Hrani\u010dn\u00ed porucha osobnosti<br \/>\n8) Cervik\u00e1ln\u00ed dystonie<br \/>\n9) Dysautonomie<br \/>\n10)Katatonie<br \/>\n11)Nevolnost a zvracen\u00ed vyvolan\u00e9 chemoterapi\u00ed<br \/>\n12)n\u011bkter\u00e9 typy z\u00e1chvatov\u00fdch onemocn\u011bn\u00ed (aktivn\u00ed z\u00e1chvaty, status epilepticus).<br \/>\n13) nespavost (na podporu sp\u00e1nku).<br \/>\n14)Migr\u00e9na, bolest hlavy<br \/>\n15)u akutn\u00edho koron\u00e1rn\u00edho syndromu zp\u016fsoben\u00e9ho u\u017e\u00edv\u00e1n\u00edm kokainu.<br \/>\n16)pro rekrea\u010dn\u00ed \u00fa\u010dely<br \/>\n17)p\u0159i chirurgick\u00fdch z\u00e1kroc\u00edch pro lehkou anestezii, sedaci a zhor\u0161en\u00ed tvorby pam\u011bti.<\/li>\n<li><a href=\"https:\/\/gblexpress.com\/cs\/produkt-2\/lorazepam-2-5-mg-v-blistru\/\">Lorazepam 2,5 mg<\/a> koupit v blistru<\/li>\n<\/ul>","protected":false},"excerpt":{"rendered":"<p>Lorazepam 2,5 mg v blistru. 10 tablet v blistru. Cena za 25 blistr\u016f (250 tablet).<br \/>\nV\u00fdrobce se m\u016f\u017ee li\u0161it v z\u00e1vislosti na \u0161ar\u017ei. Obsah \u00fa\u010dinn\u00e9 l\u00e1tky je v\u0161ak v\u017edy 2 mg!<\/p>","protected":false},"featured_media":1629,"comment_status":"open","ping_status":"closed","template":"","meta":{"_joinchat":[]},"product_brand":[],"product_cat":[36],"product_tag":[],"class_list":{"0":"post-616","1":"product","2":"type-product","3":"status-publish","4":"has-post-thumbnail","6":"product_cat-ko-drops","8":"first","9":"instock","10":"shipping-taxable","11":"purchasable","12":"product-type-variable"},"yoast_head":"<!-- This site is optimized with the Yoast SEO plugin v25.4 - https:\/\/yoast.com\/wordpress\/plugins\/seo\/ -->\n<title>Lorazepam 2,5 mg im Blister zu verkaufen - Lorazepam 2,5 mg<\/title>\n<meta name=\"description\" content=\"Entdecken Sie unseren Online-Shop f\u00fcr hochwertige Lorazepam 2,5 mg Blisterpackungen. Kaufen Sie Lorazepam 2,5 mg Blisterpackungen online. Jetzt bestellen\" \/>\n<meta name=\"robots\" content=\"index, follow, max-snippet:-1, max-image-preview:large, max-video-preview:-1\" \/>\n<link rel=\"canonical\" href=\"https:\/\/gblexpress.com\/cs\/produkt-2\/lorazepam-2-5-mg-v-blistru\/\" \/>\n<meta property=\"og:locale\" content=\"cs_CZ\" \/>\n<meta property=\"og:type\" content=\"article\" \/>\n<meta property=\"og:title\" content=\"Lorazepam 2,5 mg im Blister zu verkaufen - Lorazepam 2,5 mg\" \/>\n<meta property=\"og:description\" content=\"Entdecken Sie unseren Online-Shop f\u00fcr hochwertige Lorazepam 2,5 mg Blisterpackungen. Kaufen Sie Lorazepam 2,5 mg Blisterpackungen online. Jetzt bestellen\" \/>\n<meta property=\"og:url\" content=\"https:\/\/gblexpress.com\/cs\/produkt-2\/lorazepam-2-5-mg-v-blistru\/\" \/>\n<meta property=\"og:site_name\" content=\"GBL Express\" \/>\n<meta property=\"article:modified_time\" content=\"2026-02-27T10:29:41+00:00\" \/>\n<meta property=\"og:image\" content=\"https:\/\/gblexpress.com\/wp-content\/uploads\/2023\/05\/Lorazepam-2.5mg.jpg\" \/>\n\t<meta property=\"og:image:width\" content=\"600\" \/>\n\t<meta property=\"og:image:height\" content=\"600\" \/>\n\t<meta property=\"og:image:type\" content=\"image\/jpeg\" \/>\n<meta name=\"twitter:card\" content=\"summary_large_image\" \/>\n<meta name=\"twitter:label1\" content=\"Odhadovan\u00e1 doba \u010dten\u00ed\" \/>\n\t<meta name=\"twitter:data1\" content=\"1 minuta\" \/>\n<!-- \/ Yoast SEO plugin. -->","yoast_head_json":{"title":"Prod\u00e1m Lorazepam 2,5 mg v blistru - Lorazepam 2,5 mg","description":"Objevte n\u00e1\u0161 online obchod pro vysoce kvalitn\u00ed blistrov\u00e9 balen\u00ed Lorazepam 2,5 mg. Kupte si blistrov\u00e9 balen\u00ed Lorazepam 2,5 mg online. Objednejte nyn\u00ed","robots":{"index":"index","follow":"follow","max-snippet":"max-snippet:-1","max-image-preview":"max-image-preview:large","max-video-preview":"max-video-preview:-1"},"canonical":"https:\/\/gblexpress.com\/cs\/produkt-2\/lorazepam-2-5-mg-v-blistru\/","og_locale":"cs_CZ","og_type":"article","og_title":"Lorazepam 2,5 mg im Blister zu verkaufen - Lorazepam 2,5 mg","og_description":"Entdecken Sie unseren Online-Shop f\u00fcr hochwertige Lorazepam 2,5 mg Blisterpackungen. Kaufen Sie Lorazepam 2,5 mg Blisterpackungen online. Jetzt bestellen","og_url":"https:\/\/gblexpress.com\/cs\/produkt-2\/lorazepam-2-5-mg-v-blistru\/","og_site_name":"GBL Express","article_modified_time":"2026-02-27T10:29:41+00:00","og_image":[{"width":600,"height":600,"url":"https:\/\/gblexpress.com\/wp-content\/uploads\/2023\/05\/Lorazepam-2.5mg.jpg","type":"image\/jpeg"}],"twitter_card":"summary_large_image","twitter_misc":{"Odhadovan\u00e1 doba \u010dten\u00ed":"1 minuta"},"schema":{"@context":"https:\/\/schema.org","@graph":[{"@type":"WebPage","@id":"https:\/\/gblexpress.com\/product\/lorazepam-2-5mg-im-blister\/","url":"https:\/\/gblexpress.com\/product\/lorazepam-2-5mg-im-blister\/","name":"Prod\u00e1m Lorazepam 2,5 mg v blistru - Lorazepam 2,5 mg","isPartOf":{"@id":"https:\/\/gblexpress.com\/#website"},"primaryImageOfPage":{"@id":"https:\/\/gblexpress.com\/product\/lorazepam-2-5mg-im-blister\/#primaryimage"},"image":{"@id":"https:\/\/gblexpress.com\/product\/lorazepam-2-5mg-im-blister\/#primaryimage"},"thumbnailUrl":"https:\/\/gblexpress.com\/wp-content\/uploads\/2023\/05\/Lorazepam-2.5mg.jpg","datePublished":"2023-05-29T12:11:36+00:00","dateModified":"2026-02-27T10:29:41+00:00","description":"Objevte n\u00e1\u0161 online obchod pro vysoce kvalitn\u00ed blistrov\u00e9 balen\u00ed Lorazepam 2,5 mg. Kupte si blistrov\u00e9 balen\u00ed Lorazepam 2,5 mg online. Objednejte nyn\u00ed","breadcrumb":{"@id":"https:\/\/gblexpress.com\/product\/lorazepam-2-5mg-im-blister\/#breadcrumb"},"inLanguage":"cs","potentialAction":[{"@type":"ReadAction","target":["https:\/\/gblexpress.com\/product\/lorazepam-2-5mg-im-blister\/"]}]},{"@type":"ImageObject","inLanguage":"cs","@id":"https:\/\/gblexpress.com\/product\/lorazepam-2-5mg-im-blister\/#primaryimage","url":"https:\/\/gblexpress.com\/wp-content\/uploads\/2023\/05\/Lorazepam-2.5mg.jpg","contentUrl":"https:\/\/gblexpress.com\/wp-content\/uploads\/2023\/05\/Lorazepam-2.5mg.jpg","width":600,"height":600,"caption":"Lorazepam-2.5mg online kaufen"},{"@type":"BreadcrumbList","@id":"https:\/\/gblexpress.com\/product\/lorazepam-2-5mg-im-blister\/#breadcrumb","itemListElement":[{"@type":"ListItem","position":1,"name":"Home","item":"https:\/\/gblexpress.com\/"},{"@type":"ListItem","position":2,"name":"Shop","item":"https:\/\/gblexpress.com\/shop\/"},{"@type":"ListItem","position":3,"name":"Lorazepam 2.5mg Im Blister"}]},{"@type":"WebSite","@id":"https:\/\/gblexpress.com\/#website","url":"https:\/\/gblexpress.com\/","name":"GBL Express","description":"","publisher":{"@id":"https:\/\/gblexpress.com\/#organization"},"potentialAction":[{"@type":"SearchAction","target":{"@type":"EntryPoint","urlTemplate":"https:\/\/gblexpress.com\/?s={search_term_string}"},"query-input":{"@type":"PropertyValueSpecification","valueRequired":true,"valueName":"search_term_string"}}],"inLanguage":"cs"},{"@type":"Organization","@id":"https:\/\/gblexpress.com\/#organization","name":"GBL Express","url":"https:\/\/gblexpress.com\/","logo":{"@type":"ImageObject","inLanguage":"cs","@id":"https:\/\/gblexpress.com\/#\/schema\/logo\/image\/","url":"https:\/\/gblexpress.com\/wp-content\/uploads\/2023\/01\/logo.png","contentUrl":"https:\/\/gblexpress.com\/wp-content\/uploads\/2023\/01\/logo.png","width":250,"height":52,"caption":"GBL Express"},"image":{"@id":"https:\/\/gblexpress.com\/#\/schema\/logo\/image\/"}}]}},"jetpack-related-posts":[],"jetpack_sharing_enabled":true,"_links":{"self":[{"href":"https:\/\/gblexpress.com\/cs\/wp-json\/wp\/v2\/product\/616","targetHints":{"allow":["GET"]}}],"collection":[{"href":"https:\/\/gblexpress.com\/cs\/wp-json\/wp\/v2\/product"}],"about":[{"href":"https:\/\/gblexpress.com\/cs\/wp-json\/wp\/v2\/types\/product"}],"replies":[{"embeddable":true,"href":"https:\/\/gblexpress.com\/cs\/wp-json\/wp\/v2\/comments?post=616"}],"wp:featuredmedia":[{"embeddable":true,"href":"https:\/\/gblexpress.com\/cs\/wp-json\/wp\/v2\/media\/1629"}],"wp:attachment":[{"href":"https:\/\/gblexpress.com\/cs\/wp-json\/wp\/v2\/media?parent=616"}],"wp:term":[{"taxonomy":"product_brand","embeddable":true,"href":"https:\/\/gblexpress.com\/cs\/wp-json\/wp\/v2\/product_brand?post=616"},{"taxonomy":"product_cat","embeddable":true,"href":"https:\/\/gblexpress.com\/cs\/wp-json\/wp\/v2\/product_cat?post=616"},{"taxonomy":"product_tag","embeddable":true,"href":"https:\/\/gblexpress.com\/cs\/wp-json\/wp\/v2\/product_tag?post=616"}],"curies":[{"name":"wp","href":"https:\/\/api.w.org\/{rel}","templated":true}]}}