{"id":422,"date":"2023-01-31T08:56:25","date_gmt":"2023-01-31T08:56:25","guid":{"rendered":"https:\/\/chemswell.com\/gbl\/?page_id=422"},"modified":"2024-06-07T10:20:31","modified_gmt":"2024-06-07T10:20:31","slug":"ko-gotas","status":"publish","type":"page","link":"https:\/\/gblexpress.com\/es\/ko-gotas\/","title":{"rendered":"Comprar gotas KO en l\u00ednea"},"content":{"rendered":"<section class=\"wpb_row vc_row-fluid vc_custom_1675150671160\"><div class=\"container\"><div class=\"row\"><div class=\"wpb_column vc_column_container vc_col-sm-12\"><div class=\"vc_column-inner\"><div class=\"wpb_wrapper\"  >\n\t<div class=\"wpb_text_column wpb_content_element\" >\n\t\t<div class=\"wpb_wrapper\">\n\t\t\t<h2 style=\"text-align: center; font-size: 30px;\">COMPRAR POTS KO ONLINE<\/h2>\n<h3 style=\"text-align: center;\">Compre gotas KO 100% puras en l\u00ednea en GBLExpress<\/h3>\n<p style=\"text-align: center; font-size: 19px;\">KO Drops es una forma poderosa y econ\u00f3mica de mejorar su salud. Se llaman gotas KO porque funcionan disolviendo el calcio que bloquea las arterias. Al usar las gotas knockout para dormir, puede mejorar su circulaci\u00f3n y su salud en general. El uso de KO Drops ofrece muchos beneficios, por lo que es importante comprarlos de una fuente confiable como GBL Express. Nuestra tienda en l\u00ednea lo ayudar\u00e1 a ordenar gotas knockout en l\u00ednea a los mejores precios. Con el apoyo de nuestra tienda, no tienes que preocuparte de d\u00f3nde est\u00e1s <a href=\"https:\/\/gblexpress.com\/es\/ko-gotas\/\"><strong>Comprar Gotas Knockout<\/strong><\/a> poder.<\/p>\n\n\t\t<\/div>\n\t<\/div>\n<div class=\"vc_btn3-container vc_btn3-center\" ><a class=\"vc_general vc_btn3 vc_btn3-size-md vc_btn3-shape-square vc_btn3-style-modern vc_btn3-color-black\" href=\"https:\/\/gblexpress.com\/es\/tienda\/ko-drops-compra-online\/\" title=\"\">Comprar ahora<\/a><\/div><\/div><\/div><\/div><\/div><\/div><\/section><section class=\"wpb_row vc_row-fluid vc_custom_1675104750211\"><div class=\"container\"><div class=\"row\"><div class=\"wpb_column vc_column_container vc_col-sm-6\"><div class=\"vc_column-inner\"><div class=\"wpb_wrapper\"  >\n\t<div class=\"wpb_text_column wpb_content_element\" >\n\t\t<div class=\"wpb_wrapper\">\n\t\t\t<h2 style=\"text-align: justify;\">Comprar gotas KO online sin receta<\/h2>\n<p style=\"text-align: justify;\">Knockout Drops es un producto cada vez m\u00e1s popular que se puede utilizar para una variedad de prop\u00f3sitos. Estas poderosas gotas pueden ayudarlo a relajarse, dormir mejor e incluso reducir el estr\u00e9s y la ansiedad. Pero, \u00bfd\u00f3nde comprar gotas KO en l\u00ednea sin receta? La respuesta es GBL Express. En GBL Express puedes comprar Knockout Drops online de forma r\u00e1pida y segura.<\/p>\n<h2 style=\"text-align: justify;\">Uso y eficacia de las gotas knockout<\/h2>\n<p style=\"text-align: justify;\">El sue\u00f1o es crucial para el bienestar general y, a veces, puede ser dif\u00edcil de conseguir. Afortunadamente, hay una variedad de opciones para ayudarlo a dormir lo que necesita. Las gotas Knockout son una de esas opciones: promueven el sue\u00f1o al bloquear ciertas hormonas que se sabe que causan insomnio. Knockout Drops se puede comprar en l\u00ednea de varias maneras. Puede comprar gotas KO en l\u00ednea como gotas individuales o en paquetes de seis o m\u00e1s gotas. Adem\u00e1s, puede encontrar Knockout Drops en muchas tiendas de conveniencia y farmacias.<\/p>\n\n\t\t<\/div>\n\t<\/div>\n\t\t\t\n\t<!-- Element: OT Button --> \n\t\t\t<a href=\"https:\/\/gblexpress.com\/es\/tienda\/ko-drops-compra-online\/\" target=\"_self\" class=\"btn btn-line-black btn-big\">Comprar ahora<\/a>\n\t    \n<\/div><\/div><\/div><div class=\"wpb_column vc_column_container vc_col-sm-6\"><div class=\"vc_column-inner\"><div class=\"wpb_wrapper\"  >\n\t<div  class=\"wpb_single_image wpb_content_element vc_align_left\">\n\t\t\n\t\t<figure class=\"wpb_wrapper vc_figure\">\n\t\t\t<div class=\"vc_single_image-wrapper vc_box_rounded  vc_box_border_grey\"><img loading=\"lazy\" decoding=\"async\" width=\"615\" height=\"615\" src=\"https:\/\/gblexpress.com\/wp-content\/uploads\/2023\/01\/buy-knockout-drops-online.jpg\" class=\"vc_single_image-img attachment-full\" alt=\"Comprar Knockout Drops Online\" srcset=\"https:\/\/gblexpress.com\/wp-content\/uploads\/2023\/01\/buy-knockout-drops-online.jpg 615w, https:\/\/gblexpress.com\/wp-content\/uploads\/2023\/01\/buy-knockout-drops-online-300x300.jpg 300w, https:\/\/gblexpress.com\/wp-content\/uploads\/2023\/01\/buy-knockout-drops-online-150x150.jpg 150w\" sizes=\"auto, (max-width: 615px) 100vw, 615px\" title=\"Comprar Knockout Drops Online\" \/><\/div>\n\t\t<\/figure>\n\t<\/div>\n<\/div><\/div><\/div><\/div><\/div><\/section><section class=\"wpb_row vc_row-fluid\"><div class=\"container\"><div class=\"row\"><div class=\"wpb_column vc_column_container vc_col-sm-6\"><div class=\"vc_column-inner\"><div class=\"wpb_wrapper\"  >\n\t<div  class=\"wpb_single_image wpb_content_element vc_align_left\">\n\t\t\n\t\t<figure class=\"wpb_wrapper vc_figure\">\n\t\t\t<div class=\"vc_single_image-wrapper vc_box_rounded  vc_box_border_grey\"><img loading=\"lazy\" decoding=\"async\" width=\"615\" height=\"350\" src=\"https:\/\/gblexpress.com\/wp-content\/uploads\/2023\/01\/ko-drops.jpg\" class=\"vc_single_image-img attachment-full\" alt=\"Comprar Gotas KO Online\" srcset=\"https:\/\/gblexpress.com\/wp-content\/uploads\/2023\/01\/ko-drops.jpg 615w, https:\/\/gblexpress.com\/wp-content\/uploads\/2023\/01\/ko-drops-300x171.jpg 300w\" sizes=\"auto, (max-width: 615px) 100vw, 615px\" title=\"Comprar Gotas KO Online\" \/><\/div>\n\t\t<\/figure>\n\t<\/div>\n<\/div><\/div><\/div><div class=\"wpb_column vc_column_container vc_col-sm-6\"><div class=\"vc_column-inner vc_custom_1675105084996\"><div class=\"wpb_wrapper\"  >\n\t<div class=\"wpb_text_column wpb_content_element\" >\n\t\t<div class=\"wpb_wrapper\">\n\t\t\t<h2>\u00bfPor qu\u00e9 comprar gotas de nocaut en l\u00ednea de nosotras?<\/h2>\n<p style=\"text-align: justify;\">Cuando se trata de atenci\u00f3n m\u00e9dica, hay que confiar en los mejores. Es por eso que ofrecemos ingredientes de calidad garantizada en cada lote de Knockout Drops. Tambi\u00e9n disponemos de una amplia gama de productos perfectamente adaptados a sus necesidades, sean cuales sean. Adem\u00e1s, nuestra entrega r\u00e1pida significa que obtendr\u00e1 sus gotas r\u00e1pidamente, \u00a1sin esperas!<\/p>\n<p style=\"text-align: justify;\">Si por alguna raz\u00f3n no est\u00e1 satisfecho con nuestros productos, ofrecemos una garant\u00eda de satisfacci\u00f3n del 100%. Adem\u00e1s, nuestras opciones de pago seguro le facilitan la compra de Knockout Drops sin preocupaciones. Finalmente, nuestro empaque discreto significa que puedes llevar Knockout Drops a cualquier parte sin que nadie se entere. \u00a1Compre gotas KO sin receta de GBL Express ahora!<\/p>\n\n\t\t<\/div>\n\t<\/div>\n\t\t\t\n\t<!-- Element: OT Button --> \n\t\t\t<a href=\"https:\/\/gblexpress.com\/es\/tienda\/ko-drops-compra-online\/\" target=\"_self\" class=\"btn btn-line-black btn-big\">Comprar ahora<\/a>\n\t    \n<\/div><\/div><\/div><\/div><\/div><\/section><section class=\"wpb_row vc_row-fluid\"><div class=\"container\"><div class=\"row\"><div class=\"wpb_column vc_column_container vc_col-sm-12\"><div class=\"vc_column-inner\"><div class=\"wpb_wrapper\"  >\n\t<div class=\"wpb_text_column wpb_content_element\" >\n\t\t<div class=\"wpb_wrapper\">\n\t\t\t<h2 style=\"text-align: center;\">\u00bfQu\u00e9 hacen las gotas de knockout?<\/h2>\n<p style=\"text-align: center;\">Si est\u00e1 buscando una manera de aumentar su energ\u00eda y concentraci\u00f3n, debe pedir gotas KO. Estas gotas est\u00e1n hechas de ingredientes naturales y han demostrado ser efectivas para aumentar la energ\u00eda y el enfoque. Tambi\u00e9n est\u00e1n disponibles en todo el mundo, lo que los convierte en una excelente opci\u00f3n para cualquiera que busque un impulso de energ\u00eda mientras viaja. Hay una variedad de alternativas al uso de las gotas knock-out, que incluyen beber bebidas con cafe\u00edna o comer alimentos con cafe\u00edna como el chocolate o las barras de caramelo.<\/p>\n\n\t\t<\/div>\n\t<\/div>\n<\/div><\/div><\/div><\/div><\/div><\/section><section class=\"wpb_row vc_row-fluid\"><div class=\"container\"><div class=\"row\"><div class=\"wpb_column vc_column_container vc_col-sm-12\"><div class=\"vc_column-inner\"><div class=\"wpb_wrapper\"  >\n\t<div class=\"wpb_text_column wpb_content_element\" >\n\t\t<div class=\"wpb_wrapper\">\n\t\t\t<h3 style=\"text-align: justify;\">Sustancias comunes en las gotas KO.<\/h3>\n<p style=\"text-align: justify;\">Las gotas KO a la venta pueden contener diversos sedantes, algunos de los m\u00e1s comunes son:<\/p>\n<p style=\"text-align: justify;\">1. GHB (gamma-hidroxibutirato): A menudo denominado \"gotas knockout\", el GHB es un depresor del sistema nervioso central que puede causar somnolencia, p\u00e9rdida del conocimiento y p\u00e9rdida de memoria.<\/p>\n<p style=\"text-align: justify;\">2. Rohypnol (flunitrazepam): Otro f\u00e1rmaco notorio, el Rohypnol, es una benzodiazepina que causa sedaci\u00f3n profunda, relajaci\u00f3n muscular y amnesia.<\/p>\n<p style=\"text-align: justify;\">3. Hidrato de cloral: un sedante e hipn\u00f3tico que alguna vez se us\u00f3 para tratar el insomnio, pero ahora es m\u00e1s conocido por su abuso para anestesiar a las personas.<\/p>\n<p style=\"text-align: justify;\">\u00a1No dudes en contactar con nuestra tienda online para comprar gotas KO online!<\/p>\n<h3 style=\"text-align: justify;\">Efectos y riesgos<\/h3>\n<p style=\"text-align: justify;\">Cuando compras gotas KO en l\u00ednea, los efectos var\u00edan seg\u00fan la sustancia utilizada, la dosis y la fisiolog\u00eda de la persona. Los efectos comunes son:<\/p>\n<p style=\"text-align: justify;\">\u25cf Sedaci\u00f3n y somnolencia: Las gotas KO son sedantes potentes que pueden dejar a las personas extremadamente somnolientas o inconscientes.<\/p>\n<p style=\"text-align: justify;\">\u25cf P\u00e9rdida de memoria: Muchas de estas sustancias pueden causar amnesia parcial o completa, lo que dificulta que las personas recuerden eventos que ocurrieron mientras estaban bajo la influencia de la sustancia.<\/p>\n<p style=\"text-align: justify;\">\u25cf P\u00e9rdida de control motor: Estos medicamentos pueden afectar la coordinaci\u00f3n y las funciones motoras, dificultando que la persona se mueva o resista.<\/p>\n<p style=\"text-align: justify;\">Los riesgos asociados con KO Drops en l\u00ednea son significativos. Una sobredosis de estas sustancias puede provocar una depresi\u00f3n respiratoria grave, coma e incluso la muerte. Adem\u00e1s, su uso en actividades delictivas como agresiones sexuales o robos supone una grave amenaza para la seguridad p\u00fablica.<\/p>\n<h3 style=\"text-align: justify;\">Medidas de prevenci\u00f3n y seguridad<\/h3>\n<p style=\"text-align: justify;\">Para protegerse de los peligros de KO Drops, es importante:<\/p>\n<p style=\"text-align: justify;\">\u25cf Mant\u00e9ngase alerta: est\u00e9 atento a su entorno, especialmente en entornos sociales como bares y discotecas.<\/p>\n<p style=\"text-align: justify;\">\u25cf Cuide su bebida: nunca deje su bebida desatendida y tenga cuidado al aceptar bebidas de extra\u00f1os.<br \/>\n\u25cf Busque ayuda de inmediato: si sospecha que usted o alguien m\u00e1s ha sido drogado, busque atenci\u00f3n m\u00e9dica de inmediato e informe a la polic\u00eda.<\/p>\n\n\t\t<\/div>\n\t<\/div>\n<\/div><\/div><\/div><\/div><\/div><\/section><section class=\"wpb_row vc_row-fluid vc_custom_1675105544557\"><div class=\"container\"><div class=\"row\"><div class=\"wpb_column vc_column_container vc_col-sm-4\"><div class=\"vc_column-inner\"><div class=\"wpb_wrapper\"  >\n\t<div  class=\"wpb_single_image wpb_content_element vc_align_center\">\n\t\t\n\t\t<figure class=\"wpb_wrapper vc_figure\">\n\t\t\t<a href=\"https:\/\/gblexpress.com\/es\/gbl\/\" target=\"_self\" class=\"vc_single_image-wrapper vc_box_rounded  vc_box_border_grey\"><img loading=\"lazy\" decoding=\"async\" width=\"615\" height=\"350\" src=\"https:\/\/gblexpress.com\/wp-content\/uploads\/2023\/01\/gbl-liquid.jpg\" class=\"vc_single_image-img attachment-full\" alt=\"Gamma-butirolactona GBL Comprar en l\u00ednea\" srcset=\"https:\/\/gblexpress.com\/wp-content\/uploads\/2023\/01\/gbl-liquid.jpg 615w, https:\/\/gblexpress.com\/wp-content\/uploads\/2023\/01\/gbl-liquid-300x171.jpg 300w\" sizes=\"auto, (max-width: 615px) 100vw, 615px\" title=\"Gamma-butirolactona GBL Comprar en l\u00ednea\" \/><\/a>\n\t\t<\/figure>\n\t<\/div>\n<h3 style=\"text-align: left\" class=\"vc_custom_heading\" ><a href=\"https:\/\/gblexpress.com\/es\/gbl\/\">Comprar GBL Online<\/a><\/h3>\n\t<div class=\"wpb_text_column wpb_content_element\" >\n\t\t<div class=\"wpb_wrapper\">\n\t\t\t<p style=\"text-align: justify;\">GBL Express se ha ocupado de medicamentos GBL durante d\u00e9cadas y comprende las necesidades de los clientes de todo el mundo. Puede comprar f\u00e1cilmente GBL sin receta aqu\u00ed.<\/p>\n\n\t\t<\/div>\n\t<\/div>\n<\/div><\/div><\/div><div class=\"wpb_column vc_column_container vc_col-sm-4\"><div class=\"vc_column-inner\"><div class=\"wpb_wrapper\"  >\n\t<div  class=\"wpb_single_image wpb_content_element vc_align_center\">\n\t\t\n\t\t<figure class=\"wpb_wrapper vc_figure\">\n\t\t\t<a href=\"https:\/\/gblexpress.com\/es\/ritalin\/\" target=\"_self\" class=\"vc_single_image-wrapper vc_box_rounded  vc_box_border_grey\"><img loading=\"lazy\" decoding=\"async\" width=\"615\" height=\"350\" src=\"https:\/\/gblexpress.com\/wp-content\/uploads\/2023\/01\/ritalin-tablets.jpg\" class=\"vc_single_image-img attachment-full\" alt=\"Comprar comprimidos de Ritalin en l\u00ednea\" srcset=\"https:\/\/gblexpress.com\/wp-content\/uploads\/2023\/01\/ritalin-tablets.jpg 615w, https:\/\/gblexpress.com\/wp-content\/uploads\/2023\/01\/ritalin-tablets-300x171.jpg 300w\" sizes=\"auto, (max-width: 615px) 100vw, 615px\" title=\"Comprar comprimidos de Ritalin en l\u00ednea\" \/><\/a>\n\t\t<\/figure>\n\t<\/div>\n<h3 style=\"text-align: left\" class=\"vc_custom_heading\" ><a href=\"https:\/\/gblexpress.com\/es\/ritalin\/\">Comprar Rital\u00edn en l\u00ednea<\/a><\/h3>\n\t<div class=\"wpb_text_column wpb_content_element\" >\n\t\t<div class=\"wpb_wrapper\">\n\t\t\t<p style=\"text-align: justify;\">Cuando compra Ritalin en l\u00ednea de GBLExpress, puede beneficiarse de una entrega segura y precios competitivos. Como farmacia registrada, garantizamos que todos nuestros productos est\u00e1n aprobados para pacientes con TDAH.<\/p>\n\n\t\t<\/div>\n\t<\/div>\n<\/div><\/div><\/div><div class=\"wpb_column vc_column_container vc_col-sm-4\"><div class=\"vc_column-inner\"><div class=\"wpb_wrapper\"  >\n\t<div  class=\"wpb_single_image wpb_content_element vc_align_center\">\n\t\t\n\t\t<figure class=\"wpb_wrapper vc_figure\">\n\t\t\t<a href=\"https:\/\/gblexpress.com\/es\/ghb\/\" target=\"_self\" class=\"vc_single_image-wrapper vc_box_rounded  vc_box_border_grey\"><img loading=\"lazy\" decoding=\"async\" width=\"615\" height=\"350\" src=\"https:\/\/gblexpress.com\/wp-content\/uploads\/2023\/01\/ghb-liquid.jpg\" class=\"vc_single_image-img attachment-full\" alt=\"Gamma Hidroxibutirato (GHB) Comprar online\" srcset=\"https:\/\/gblexpress.com\/wp-content\/uploads\/2023\/01\/ghb-liquid.jpg 615w, https:\/\/gblexpress.com\/wp-content\/uploads\/2023\/01\/ghb-liquid-300x171.jpg 300w\" sizes=\"auto, (max-width: 615px) 100vw, 615px\" title=\"Gamma Hidroxibutirato (GHB) Comprar online\" \/><\/a>\n\t\t<\/figure>\n\t<\/div>\n<h3 style=\"text-align: left\" class=\"vc_custom_heading\" ><a href=\"https:\/\/gblexpress.com\/es\/ghb\/\">GHB Comprar en l\u00ednea<\/a><\/h3>\n\t<div class=\"wpb_text_column wpb_content_element\" >\n\t\t<div class=\"wpb_wrapper\">\n\t\t\t<p style=\"text-align: justify;\">Con la disponibilidad de nuestra tienda, no tienes que preocuparte por d\u00f3nde comprar GHB. En nuestra tienda en l\u00ednea puede comprar f\u00e1cilmente GHB sin receta.<\/p>\n\n\t\t<\/div>\n\t<\/div>\n<\/div><\/div><\/div><\/div><\/div><\/section><section class=\"wpb_row vc_row-fluid call-to-action text-light bg-color vc_custom_1675107688125\"><div class=\"container\"><div class=\"row\"><div class=\"wpb_column vc_column_container vc_col-sm-8\"><div class=\"vc_column-inner\"><div class=\"wpb_wrapper\"  ><h3 style=\"text-align: left\" class=\"vc_custom_heading mt20\" >\u00a1Solicite un presupuesto gratuito para nuestros productos!<\/h3><\/div><\/div><\/div><div class=\"wpb_column vc_column_container vc_col-sm-4\"><div class=\"vc_column-inner\"><div class=\"wpb_wrapper\"  >\t\t\t\n\t<!-- Element: OT Button 2 --> \n\t<a href=\"http:\/\/gblexpress.com\/es\/contacta-con-nosotras\/\" title=\"Solicitar ahora\" target=\" _blank\" class=\"btn btn-line btn-big mt10\">Solicitar ahora<\/a>\t\n<\/div><\/div><\/div><\/div><\/div><\/section>","protected":false},"excerpt":{"rendered":"BUY KO DROPS ONLINE Compre 100 % gotas KO puras online en GBLExpress Las gotas KO son una forma potente y asequible de mejorar su salud. Se llaman gotas KO porque funcionan disolviendo el calcio que bloquea tus arterias. Usando las gotas KO para dormir, puedes mejorar tu circulaci\u00f3n y la [...]","protected":false},"author":1,"featured_media":0,"parent":0,"menu_order":0,"comment_status":"closed","ping_status":"closed","template":"page-templates\/template-fullwidth.php","meta":{"_joinchat":[],"footnotes":""},"class_list":["post-422","page","type-page","status-publish","hentry"],"yoast_head":"<!-- This site is optimized with the Yoast SEO plugin v25.4 - https:\/\/yoast.com\/wordpress\/plugins\/seo\/ -->\n<title>KO Tropfen Online Kaufen - Knockout Tropfen Bestellen - KO Tropfen<\/title>\n<meta name=\"description\" content=\"Auf der Suche nach den besten Knockout-Tropfen zum Schlafen? Hier kannst du KO Tropfen kaufen, KO Tropfen kaufen, KO Tropfen online bestellen, KO Tropfen zum Verkauf.\" \/>\n<meta name=\"robots\" content=\"index, follow, max-snippet:-1, max-image-preview:large, max-video-preview:-1\" \/>\n<link rel=\"canonical\" href=\"https:\/\/gblexpress.com\/es\/ko-gotas\/\" \/>\n<meta property=\"og:locale\" content=\"es_ES\" \/>\n<meta property=\"og:type\" content=\"article\" \/>\n<meta property=\"og:title\" content=\"KO Tropfen Online Kaufen - Knockout Tropfen Bestellen - KO Tropfen\" \/>\n<meta property=\"og:description\" content=\"Auf der Suche nach den besten Knockout-Tropfen zum Schlafen? Hier kannst du KO Tropfen kaufen, KO Tropfen kaufen, KO Tropfen online bestellen, KO Tropfen zum Verkauf.\" \/>\n<meta property=\"og:url\" content=\"https:\/\/gblexpress.com\/es\/ko-gotas\/\" \/>\n<meta property=\"og:site_name\" content=\"GBL Express\" \/>\n<meta property=\"article:modified_time\" content=\"2024-06-07T10:20:31+00:00\" \/>\n<meta name=\"twitter:card\" content=\"summary_large_image\" \/>\n<meta name=\"twitter:label1\" content=\"Tiempo de lectura\" \/>\n\t<meta name=\"twitter:data1\" content=\"5 minutos\" \/>\n<!-- \/ Yoast SEO plugin. -->","yoast_head_json":{"title":"Comprar KO Drops Online - Pedido de KO Drops - KO Drops","description":"\u00bfBusca las mejores gotas KO para dormir? Aqu\u00ed puedes comprar KO gotas, comprar KO gotas, orden KO gotas en l\u00ednea, KO gotas para la venta.","robots":{"index":"index","follow":"follow","max-snippet":"max-snippet:-1","max-image-preview":"max-image-preview:large","max-video-preview":"max-video-preview:-1"},"canonical":"https:\/\/gblexpress.com\/es\/ko-gotas\/","og_locale":"es_ES","og_type":"article","og_title":"KO Tropfen Online Kaufen - Knockout Tropfen Bestellen - KO Tropfen","og_description":"Auf der Suche nach den besten Knockout-Tropfen zum Schlafen? Hier kannst du KO Tropfen kaufen, KO Tropfen kaufen, KO Tropfen online bestellen, KO Tropfen zum Verkauf.","og_url":"https:\/\/gblexpress.com\/es\/ko-gotas\/","og_site_name":"GBL Express","article_modified_time":"2024-06-07T10:20:31+00:00","twitter_card":"summary_large_image","twitter_misc":{"Tiempo de lectura":"5 minutos"},"schema":{"@context":"https:\/\/schema.org","@graph":[{"@type":"WebPage","@id":"https:\/\/gblexpress.com\/ko-tropfen\/","url":"https:\/\/gblexpress.com\/ko-tropfen\/","name":"Comprar KO Drops Online - Pedido de KO Drops - KO Drops","isPartOf":{"@id":"https:\/\/gblexpress.com\/#website"},"datePublished":"2023-01-31T08:56:25+00:00","dateModified":"2024-06-07T10:20:31+00:00","description":"\u00bfBusca las mejores gotas KO para dormir? Aqu\u00ed puedes comprar KO gotas, comprar KO gotas, orden KO gotas en l\u00ednea, KO gotas para la venta.","breadcrumb":{"@id":"https:\/\/gblexpress.com\/ko-tropfen\/#breadcrumb"},"inLanguage":"es","potentialAction":[{"@type":"ReadAction","target":["https:\/\/gblexpress.com\/ko-tropfen\/"]}]},{"@type":"BreadcrumbList","@id":"https:\/\/gblexpress.com\/ko-tropfen\/#breadcrumb","itemListElement":[{"@type":"ListItem","position":1,"name":"Home","item":"https:\/\/gblexpress.com\/"},{"@type":"ListItem","position":2,"name":"KO Tropfen Kaufen Online"}]},{"@type":"WebSite","@id":"https:\/\/gblexpress.com\/#website","url":"https:\/\/gblexpress.com\/","name":"GBL Express","description":"","publisher":{"@id":"https:\/\/gblexpress.com\/#organization"},"potentialAction":[{"@type":"SearchAction","target":{"@type":"EntryPoint","urlTemplate":"https:\/\/gblexpress.com\/?s={search_term_string}"},"query-input":{"@type":"PropertyValueSpecification","valueRequired":true,"valueName":"search_term_string"}}],"inLanguage":"es"},{"@type":"Organization","@id":"https:\/\/gblexpress.com\/#organization","name":"GBL Express","url":"https:\/\/gblexpress.com\/","logo":{"@type":"ImageObject","inLanguage":"es","@id":"https:\/\/gblexpress.com\/#\/schema\/logo\/image\/","url":"https:\/\/gblexpress.com\/wp-content\/uploads\/2023\/01\/logo.png","contentUrl":"https:\/\/gblexpress.com\/wp-content\/uploads\/2023\/01\/logo.png","width":250,"height":52,"caption":"GBL Express"},"image":{"@id":"https:\/\/gblexpress.com\/#\/schema\/logo\/image\/"}}]}},"jetpack-related-posts":[],"jetpack_sharing_enabled":true,"_links":{"self":[{"href":"https:\/\/gblexpress.com\/es\/wp-json\/wp\/v2\/pages\/422","targetHints":{"allow":["GET"]}}],"collection":[{"href":"https:\/\/gblexpress.com\/es\/wp-json\/wp\/v2\/pages"}],"about":[{"href":"https:\/\/gblexpress.com\/es\/wp-json\/wp\/v2\/types\/page"}],"author":[{"embeddable":true,"href":"https:\/\/gblexpress.com\/es\/wp-json\/wp\/v2\/users\/1"}],"replies":[{"embeddable":true,"href":"https:\/\/gblexpress.com\/es\/wp-json\/wp\/v2\/comments?post=422"}],"version-history":[{"count":6,"href":"https:\/\/gblexpress.com\/es\/wp-json\/wp\/v2\/pages\/422\/revisions"}],"predecessor-version":[{"id":1056,"href":"https:\/\/gblexpress.com\/es\/wp-json\/wp\/v2\/pages\/422\/revisions\/1056"}],"wp:attachment":[{"href":"https:\/\/gblexpress.com\/es\/wp-json\/wp\/v2\/media?parent=422"}],"curies":[{"name":"wp","href":"https:\/\/api.w.org\/{rel}","templated":true}]}}