{"id":424,"date":"2023-01-31T09:04:08","date_gmt":"2023-01-31T09:04:08","guid":{"rendered":"https:\/\/chemswell.com\/gbl\/?page_id=424"},"modified":"2024-06-07T10:17:46","modified_gmt":"2024-06-07T10:17:46","slug":"ritalin","status":"publish","type":"page","link":"https:\/\/gblexpress.com\/es\/ritalin\/","title":{"rendered":"Comprar Rital\u00edn en l\u00ednea"},"content":{"rendered":"<section class=\"wpb_row vc_row-fluid vc_custom_1675150671160\"><div class=\"container\"><div class=\"row\"><div class=\"wpb_column vc_column_container vc_col-sm-12\"><div class=\"vc_column-inner\"><div class=\"wpb_wrapper\"  >\n\t<div class=\"wpb_text_column wpb_content_element\" >\n\t\t<div class=\"wpb_wrapper\">\n\t\t\t<h2 style=\"text-align: center; font-size: 30px;\">COMPRAR RITALIN EN L\u00cdNEA<\/h2>\n<h3 style=\"text-align: center;\">Compre GHB 100% puro en l\u00ednea en GBLExpress<\/h3>\n<p style=\"text-align: center; font-size: 19px;\">Quieres <a href=\"https:\/\/gblexpress.com\/es\/ritalin\/\"><strong>V\u00e1s\u00e1roljon Ritalint online<\/strong><\/a> de una manera segura y protegida? GBL Express es la soluci\u00f3n perfecta para usted. Ritalin es un medicamento eficaz y esencial para muchos pacientes con TDAH, pero puede ser dif\u00edcil de obtener y costoso. Cuando compras Ritalin<br \/>\nEn GBLExpress puede beneficiarse de una entrega segura y precios competitivos. Como farmacia registrada, garantizamos que todos nuestros productos est\u00e1n aprobados para pacientes con TDAH. Entonces, si se pregunta d\u00f3nde comprar Ritalin en l\u00ednea, \u00a1no busque m\u00e1s all\u00e1 de GBLExpress a precios competitivos! Utilice nuestro servicio hoy y solicite su Ritalin de forma segura con nosotros.<\/p>\n\n\t\t<\/div>\n\t<\/div>\n<div class=\"vc_btn3-container vc_btn3-center\" ><a class=\"vc_general vc_btn3 vc_btn3-size-md vc_btn3-shape-square vc_btn3-style-modern vc_btn3-color-black\" href=\"https:\/\/gblexpress.com\/es\/tienda\/comprar-ritalin\/\" title=\"\">Comprar ahora<\/a><\/div><\/div><\/div><\/div><\/div><\/div><\/section><section class=\"wpb_row vc_row-fluid vc_custom_1675104750211\"><div class=\"container\"><div class=\"row\"><div class=\"wpb_column vc_column_container vc_col-sm-6\"><div class=\"vc_column-inner\"><div class=\"wpb_wrapper\"  >\n\t<div class=\"wpb_text_column wpb_content_element\" >\n\t\t<div class=\"wpb_wrapper\">\n\t\t\t<h2 style=\"text-align: justify;\">\u00bfQu\u00e9 es Ritalin y c\u00f3mo comprar Ritalin?<\/h2>\n<p style=\"text-align: justify;\">Si usted es como la mayor\u00eda de las personas, conoce al menos a una persona que tiene Trastorno por D\u00e9ficit de Atenci\u00f3n con Hiperactividad (TDAH). El TDAH es un trastorno mental que afecta la forma en que una persona regula su atenci\u00f3n y comportamiento. Las personas con TDAH a menudo tienen problemas para enfocarse, concentrarse y controlar sus impulsos. Aunque no existe una cura \u00fanica para el TDAH, el tratamiento generalmente involucra medicamentos como Ritalin. Puede <a href=\"https:\/\/en.wikipedia.org\/wiki\/Methylphenidate\" target=\"_blank\" rel=\"noopener\">Ritalin<\/a> Simplemente haga su pedido en l\u00ednea en GBLExpress y espere la entrega en breve.<\/p>\n<h2 style=\"text-align: justify;\">Uso y eficacia de Ritalin<\/h2>\n<p style=\"text-align: justify;\">Una droga conocida como anfetaminas, que incluye Ritalin, se denomina estimulante de la clase de las anfetaminas. Su uso aumenta los niveles de dopamina en el cerebro, lo que mejora la concentraci\u00f3n y la capacidad de prestar atenci\u00f3n durante m\u00e1s tiempo. Las personas que padecen TDAH suelen recurrir a este medicamento para un mejor control de sus s\u00edntomas.<\/p>\n\n\t\t<\/div>\n\t<\/div>\n\t\t\t\n\t<!-- Element: OT Button --> \n\t\t\t<a href=\"https:\/\/gblexpress.com\/es\/tienda\/comprar-ritalin\/\" target=\"_self\" class=\"btn btn-line-black btn-big\">Comprar ahora<\/a>\n\t    \n<\/div><\/div><\/div><div class=\"wpb_column vc_column_container vc_col-sm-6\"><div class=\"vc_column-inner\"><div class=\"wpb_wrapper\"  >\n\t<div  class=\"wpb_single_image wpb_content_element vc_align_left\">\n\t\t\n\t\t<figure class=\"wpb_wrapper vc_figure\">\n\t\t\t<div class=\"vc_single_image-wrapper vc_box_rounded  vc_box_border_grey\"><img loading=\"lazy\" decoding=\"async\" width=\"615\" height=\"615\" src=\"https:\/\/gblexpress.com\/wp-content\/uploads\/2023\/01\/buy-ritalin-online.jpg\" class=\"vc_single_image-img attachment-full\" alt=\"Comprar Rital\u00edn en l\u00ednea\" srcset=\"https:\/\/gblexpress.com\/wp-content\/uploads\/2023\/01\/buy-ritalin-online.jpg 615w, https:\/\/gblexpress.com\/wp-content\/uploads\/2023\/01\/buy-ritalin-online-300x300.jpg 300w, https:\/\/gblexpress.com\/wp-content\/uploads\/2023\/01\/buy-ritalin-online-150x150.jpg 150w\" sizes=\"auto, (max-width: 615px) 100vw, 615px\" title=\"Comprar Rital\u00edn en l\u00ednea\" \/><\/div>\n\t\t<\/figure>\n\t<\/div>\n<\/div><\/div><\/div><\/div><\/div><\/section><section class=\"wpb_row vc_row-fluid\"><div class=\"container\"><div class=\"row\"><div class=\"wpb_column vc_column_container vc_col-sm-6\"><div class=\"vc_column-inner\"><div class=\"wpb_wrapper\"  >\n\t<div  class=\"wpb_single_image wpb_content_element vc_align_left\">\n\t\t\n\t\t<figure class=\"wpb_wrapper vc_figure\">\n\t\t\t<div class=\"vc_single_image-wrapper vc_box_rounded  vc_box_border_grey\"><img loading=\"lazy\" decoding=\"async\" width=\"615\" height=\"350\" src=\"https:\/\/gblexpress.com\/wp-content\/uploads\/2023\/01\/ritalin-tablets.jpg\" class=\"vc_single_image-img attachment-full\" alt=\"Comprar comprimidos de Ritalin en l\u00ednea\" srcset=\"https:\/\/gblexpress.com\/wp-content\/uploads\/2023\/01\/ritalin-tablets.jpg 615w, https:\/\/gblexpress.com\/wp-content\/uploads\/2023\/01\/ritalin-tablets-300x171.jpg 300w\" sizes=\"auto, (max-width: 615px) 100vw, 615px\" title=\"Comprar comprimidos de Ritalin en l\u00ednea\" \/><\/div>\n\t\t<\/figure>\n\t<\/div>\n<\/div><\/div><\/div><div class=\"wpb_column vc_column_container vc_col-sm-6\"><div class=\"vc_column-inner vc_custom_1675105084996\"><div class=\"wpb_wrapper\"  >\n\t<div class=\"wpb_text_column wpb_content_element\" >\n\t\t<div class=\"wpb_wrapper\">\n\t\t\t<h2>\u00bfPor qu\u00e9 comprar Ritalin en l\u00ednea de nosotras?<\/h2>\n<p style=\"text-align: justify;\">En GBLExpress entendemos la importancia de comprar Ritalin 10mg, 20mg de forma segura. Por eso ofrecemos precios m\u00e1s bajos que las farmacias tradicionales y nuestro sistema de pago es seguro y r\u00e1pido. Nuestro personal de servicio al cliente tiene experiencia y est\u00e1 listo para responder cualquier pregunta sobre este medicamento o cualquier otro producto que vendemos.<\/p>\n<p style=\"text-align: justify;\">Ya sea que est\u00e9 buscando Ritalin de marca o gen\u00e9rico, lo tenemos cubierto, seguro y protegido. \u00a1Compre Ritalin ahora sin receta en GBLExpress!<\/p>\n\n\t\t<\/div>\n\t<\/div>\n\t\t\t\n\t<!-- Element: OT Button --> \n\t\t\t<a href=\"https:\/\/gblexpress.com\/es\/tienda\/comprar-ritalin\/\" target=\"_self\" class=\"btn btn-line-black btn-big\">Comprar ahora<\/a>\n\t    \n<\/div><\/div><\/div><\/div><\/div><\/section><section class=\"wpb_row vc_row-fluid\"><div class=\"container\"><div class=\"row\"><div class=\"wpb_column vc_column_container vc_col-sm-12\"><div class=\"vc_column-inner\"><div class=\"wpb_wrapper\"  >\n\t<div class=\"wpb_text_column wpb_content_element\" >\n\t\t<div class=\"wpb_wrapper\">\n\t\t\t<h2 style=\"text-align: center;\">\u00bfQu\u00e9 hace Rital\u00edn?<\/h2>\n<p style=\"text-align: center;\">Ritalin, en particular, aumenta la cantidad de dopamina en el cerebro de dos maneras diferentes: primero, inhibe la recaptaci\u00f3n de dopamina y, segundo, estimula la liberaci\u00f3n de dopamina de las c\u00e9lulas. Esto significa que hay m\u00e1s dopamina disponible para interactuar con los receptores del cerebro, lo que ayuda a aumentar la capacidad de concentrarse y mantener la atenci\u00f3n durante per\u00edodos de tiempo m\u00e1s prolongados.<\/p>\n\n\t\t<\/div>\n\t<\/div>\n<\/div><\/div><\/div><\/div><\/div><\/section><section class=\"wpb_row vc_row-fluid\"><div class=\"container\"><div class=\"row\"><div class=\"wpb_column vc_column_container vc_col-sm-12\"><div class=\"vc_column-inner\"><div class=\"wpb_wrapper\"  >\n\t<div class=\"wpb_text_column wpb_content_element\" >\n\t\t<div class=\"wpb_wrapper\">\n\t\t\t<h3 style=\"text-align: justify;\">As\u00ed funciona Ritalin<\/h3>\n<p style=\"text-align: justify;\">Ritalin act\u00faa afectando los niveles de ciertas sustancias qu\u00edmicas en el cerebro, particularmente la dopamina y la norepinefrina. Estos neurotransmisores desempe\u00f1an un papel clave en la regulaci\u00f3n de la atenci\u00f3n, el comportamiento y el sue\u00f1o. Ritalin a la venta aumenta la concentraci\u00f3n de estas sustancias qu\u00edmicas en la hendidura sin\u00e1ptica al inhibir su recaptaci\u00f3n en las neuronas y aumentar su liberaci\u00f3n, mejorando as\u00ed la comunicaci\u00f3n entre las neuronas. Este aumento de la actividad de los neurotransmisores ayuda a mejorar la concentraci\u00f3n, la capacidad de atenci\u00f3n y el control de los impulsos en personas con TDAH y apoya el estado de alerta en personas con narcolepsia. En GBL Express te ayudamos a comprar Ritalin online a precios econ\u00f3micos.<\/p>\n<h3 style=\"text-align: justify;\">Dosificaci\u00f3n y administraci\u00f3n<\/h3>\n<p style=\"text-align: justify;\">Ritalin est\u00e1 disponible en nuestra tienda Ritan en varias formas, incluidas tabletas de liberaci\u00f3n inmediata y prolongada, y la dosis se adapta a las necesidades individuales de cada paciente. La forma de liberaci\u00f3n inmediata generalmente se toma dos o tres veces al d\u00eda, de 30 a 45 minutos antes de las comidas. La forma de liberaci\u00f3n prolongada, por otro lado, generalmente se toma una vez al d\u00eda por la ma\u00f1ana. Es importante seguir las instrucciones del m\u00e9dico en cuanto a dosis y administraci\u00f3n para maximizar la eficacia del medicamento y minimizar los posibles efectos secundarios.<\/p>\n<h3 style=\"text-align: justify;\">Efectos secundarios y precauciones.<\/h3>\n<p style=\"text-align: justify;\">Los efectos secundarios comunes del Ritalin incluyen nerviosismo, dificultad para dormir, p\u00e9rdida de apetito, p\u00e9rdida de peso, mareos, n\u00e1useas, v\u00f3mitos y dolores de cabeza. Los efectos secundarios m\u00e1s graves, aunque poco frecuentes, pueden incluir palpitaciones del coraz\u00f3n, aumento de la presi\u00f3n arterial y cambios mentales\/an\u00edmicos como agitaci\u00f3n, agresi\u00f3n o depresi\u00f3n. Es importante que los pacientes hablen de su historial m\u00e9dico con su m\u00e9dico antes de comenzar con Ritalin, especialmente si tienen antecedentes de problemas card\u00edacos, enfermedades mentales o abuso de sustancias.<\/p>\n<h3 style=\"text-align: justify;\">Interacciones entre Ritalin y otros medicamentos<\/h3>\n<p style=\"text-align: justify;\">Ritalin puede interactuar con otros medicamentos, haci\u00e9ndolo menos efectivo o aumentando el riesgo de efectos secundarios graves. Los pacientes deben informar a su m\u00e9dico sobre todos los medicamentos recetados y de venta libre que est\u00e9n tomando, incluidas las vitaminas y los suplementos a base de hierbas. Las interacciones notables incluyen ciertos antidepresivos, medicamentos para la presi\u00f3n arterial y anticoagulantes. Se deben evitar el alcohol y otros estimulantes del SNC mientras se toma Ritalin para evitar que empeoren los efectos secundarios.<\/p>\n<p style=\"text-align: justify;\"><em><strong>\u00a1Ordene Ritalin en l\u00ednea en GBL Express y espere la entrega de los productos que desea en poco tiempo!<\/strong><\/em><\/p>\n\n\t\t<\/div>\n\t<\/div>\n<\/div><\/div><\/div><\/div><\/div><\/section><section class=\"wpb_row vc_row-fluid vc_custom_1675105544557\"><div class=\"container\"><div class=\"row\"><div class=\"wpb_column vc_column_container vc_col-sm-4\"><div class=\"vc_column-inner\"><div class=\"wpb_wrapper\"  >\n\t<div  class=\"wpb_single_image wpb_content_element vc_align_center\">\n\t\t\n\t\t<figure class=\"wpb_wrapper vc_figure\">\n\t\t\t<a href=\"https:\/\/gblexpress.com\/es\/gbl\/\" target=\"_self\" class=\"vc_single_image-wrapper vc_box_rounded  vc_box_border_grey\"><img loading=\"lazy\" decoding=\"async\" width=\"615\" height=\"350\" src=\"https:\/\/gblexpress.com\/wp-content\/uploads\/2023\/01\/gbl-liquid.jpg\" class=\"vc_single_image-img attachment-full\" alt=\"Gamma-butirolactona GBL Comprar en l\u00ednea\" srcset=\"https:\/\/gblexpress.com\/wp-content\/uploads\/2023\/01\/gbl-liquid.jpg 615w, https:\/\/gblexpress.com\/wp-content\/uploads\/2023\/01\/gbl-liquid-300x171.jpg 300w\" sizes=\"auto, (max-width: 615px) 100vw, 615px\" title=\"Gamma-butirolactona GBL Comprar en l\u00ednea\" \/><\/a>\n\t\t<\/figure>\n\t<\/div>\n<h3 style=\"text-align: left\" class=\"vc_custom_heading\" ><a href=\"https:\/\/gblexpress.com\/es\/gbl\/\">Comprar GBL Online<\/a><\/h3>\n\t<div class=\"wpb_text_column wpb_content_element\" >\n\t\t<div class=\"wpb_wrapper\">\n\t\t\t<p style=\"text-align: justify;\">GBL Express se ha ocupado de medicamentos GBL durante d\u00e9cadas y comprende las necesidades de los clientes de todo el mundo. Puede comprar f\u00e1cilmente GBL sin receta aqu\u00ed.<\/p>\n\n\t\t<\/div>\n\t<\/div>\n<\/div><\/div><\/div><div class=\"wpb_column vc_column_container vc_col-sm-4\"><div class=\"vc_column-inner\"><div class=\"wpb_wrapper\"  >\n\t<div  class=\"wpb_single_image wpb_content_element vc_align_center\">\n\t\t\n\t\t<figure class=\"wpb_wrapper vc_figure\">\n\t\t\t<a href=\"https:\/\/gblexpress.com\/es\/ghb\/\" target=\"_self\" class=\"vc_single_image-wrapper vc_box_rounded  vc_box_border_grey\"><img loading=\"lazy\" decoding=\"async\" width=\"615\" height=\"350\" src=\"https:\/\/gblexpress.com\/wp-content\/uploads\/2023\/01\/ghb-liquid.jpg\" class=\"vc_single_image-img attachment-full\" alt=\"Gamma Hidroxibutirato (GHB) Comprar online\" srcset=\"https:\/\/gblexpress.com\/wp-content\/uploads\/2023\/01\/ghb-liquid.jpg 615w, https:\/\/gblexpress.com\/wp-content\/uploads\/2023\/01\/ghb-liquid-300x171.jpg 300w\" sizes=\"auto, (max-width: 615px) 100vw, 615px\" title=\"Gamma Hidroxibutirato (GHB) Comprar online\" \/><\/a>\n\t\t<\/figure>\n\t<\/div>\n<h3 style=\"text-align: left\" class=\"vc_custom_heading\" ><a href=\"https:\/\/gblexpress.com\/es\/ghb\/\">Comprar GBL en l\u00ednea<\/a><\/h3>\n\t<div class=\"wpb_text_column wpb_content_element\" >\n\t\t<div class=\"wpb_wrapper\">\n\t\t\t<p style=\"text-align: justify;\">Con la disponibilidad de nuestra tienda, no tienes que preocuparte por d\u00f3nde comprar GHB. En nuestra tienda en l\u00ednea puede comprar f\u00e1cilmente GHB sin receta.<\/p>\n\n\t\t<\/div>\n\t<\/div>\n<\/div><\/div><\/div><div class=\"wpb_column vc_column_container vc_col-sm-4\"><div class=\"vc_column-inner\"><div class=\"wpb_wrapper\"  >\n\t<div  class=\"wpb_single_image wpb_content_element vc_align_center\">\n\t\t\n\t\t<figure class=\"wpb_wrapper vc_figure\">\n\t\t\t<a href=\"https:\/\/gblexpress.com\/es\/ko-gotas\/\" target=\"_self\" class=\"vc_single_image-wrapper vc_box_rounded  vc_box_border_grey\"><img loading=\"lazy\" decoding=\"async\" width=\"615\" height=\"350\" src=\"https:\/\/gblexpress.com\/wp-content\/uploads\/2023\/01\/ko-drops.jpg\" class=\"vc_single_image-img attachment-full\" alt=\"Comprar Gotas KO Online\" srcset=\"https:\/\/gblexpress.com\/wp-content\/uploads\/2023\/01\/ko-drops.jpg 615w, https:\/\/gblexpress.com\/wp-content\/uploads\/2023\/01\/ko-drops-300x171.jpg 300w\" sizes=\"auto, (max-width: 615px) 100vw, 615px\" title=\"Comprar Gotas KO Online\" \/><\/a>\n\t\t<\/figure>\n\t<\/div>\n<h3 style=\"text-align: left\" class=\"vc_custom_heading\" ><a href=\"https:\/\/gblexpress.com\/es\/ko-gotas\/\">Comprar gotas KO en l\u00ednea<\/a><\/h3>\n\t<div class=\"wpb_text_column wpb_content_element\" >\n\t\t<div class=\"wpb_wrapper\">\n\t\t\t<p style=\"text-align: justify;\">Nuestra tienda en l\u00ednea lo ayudar\u00e1 a ordenar gotas knockout en l\u00ednea a los mejores precios. Con el apoyo de nuestra tienda, no tienes que preocuparte por d\u00f3nde comprar gotas eliminatorias.<\/p>\n\n\t\t<\/div>\n\t<\/div>\n<\/div><\/div><\/div><\/div><\/div><\/section><section class=\"wpb_row vc_row-fluid call-to-action text-light bg-color vc_custom_1675107688125\"><div class=\"container\"><div class=\"row\"><div class=\"wpb_column vc_column_container vc_col-sm-8\"><div class=\"vc_column-inner\"><div class=\"wpb_wrapper\"  ><h3 style=\"text-align: left\" class=\"vc_custom_heading mt20\" >\u00a1Solicite un presupuesto gratuito para nuestros productos!<\/h3><\/div><\/div><\/div><div class=\"wpb_column vc_column_container vc_col-sm-4\"><div class=\"vc_column-inner\"><div class=\"wpb_wrapper\"  >\t\t\t\n\t<!-- Element: OT Button 2 --> \n\t<a href=\"http:\/\/gblexpress.com\/es\/contacta-con-nosotras\/\" title=\"Solicitar ahora\" target=\" _blank\" class=\"btn btn-line btn-big mt10\">Solicitar ahora<\/a>\t\n<\/div><\/div><\/div><\/div><\/div><\/section>","protected":false},"excerpt":{"rendered":"COMPRAR RITALIN ONLINE Comprar 100 % puro Ritalin online en GBLExpress \u00bfQuiere comprar Ritalin online de forma segura? GBL Express es la soluci\u00f3n perfecta para usted. Ritalin es un medicamento eficaz y esencial para muchos pacientes con TDAH, pero puede ser dif\u00edcil de obtener y caro. Al comprar Ritalin en GBLExpress [...]","protected":false},"author":1,"featured_media":0,"parent":0,"menu_order":0,"comment_status":"closed","ping_status":"closed","template":"page-templates\/template-fullwidth.php","meta":{"_joinchat":[],"footnotes":""},"class_list":["post-424","page","type-page","status-publish","hentry"],"yoast_head":"<!-- This site is optimized with the Yoast SEO plugin v25.4 - https:\/\/yoast.com\/wordpress\/plugins\/seo\/ -->\n<title>Ritalin Online Kaufen - Ritalin online bestellen - Ritalin tabletten<\/title>\n<meta name=\"description\" content=\"Auf der Suche nach Ritalin-Tabletten in bester Qualit\u00e4t online 10 mg, 20 mg, 30 mg? Wir sind der beste Lieferant von Ritalin. Sie k\u00f6nnen Ritalin online kaufen, Ritalin legal bestellen.\" \/>\n<meta name=\"robots\" content=\"index, follow, max-snippet:-1, max-image-preview:large, max-video-preview:-1\" \/>\n<link rel=\"canonical\" href=\"https:\/\/gblexpress.com\/es\/ritalin\/\" \/>\n<meta property=\"og:locale\" content=\"es_ES\" \/>\n<meta property=\"og:type\" content=\"article\" \/>\n<meta property=\"og:title\" content=\"Ritalin Online Kaufen - Ritalin online bestellen - Ritalin tabletten\" \/>\n<meta property=\"og:description\" content=\"Auf der Suche nach Ritalin-Tabletten in bester Qualit\u00e4t online 10 mg, 20 mg, 30 mg? Wir sind der beste Lieferant von Ritalin. Sie k\u00f6nnen Ritalin online kaufen, Ritalin legal bestellen.\" \/>\n<meta property=\"og:url\" content=\"https:\/\/gblexpress.com\/es\/ritalin\/\" \/>\n<meta property=\"og:site_name\" content=\"GBL Express\" \/>\n<meta property=\"article:modified_time\" content=\"2024-06-07T10:17:46+00:00\" \/>\n<meta name=\"twitter:card\" content=\"summary_large_image\" \/>\n<meta name=\"twitter:label1\" content=\"Tiempo de lectura\" \/>\n\t<meta name=\"twitter:data1\" content=\"5 minutos\" \/>\n<!-- \/ Yoast SEO plugin. -->","yoast_head_json":{"title":"Comprar Ritalin Online - Pedir Ritalin Online - Pastillas de Ritalin","description":"\u00bfBusca la mejor calidad de comprimidos de Ritalin online 10 mg, 20 mg, 30 mg? Somos el mejor proveedor de Ritalin. Usted puede comprar Ritalin en l\u00ednea, orden Ritalin legalmente.","robots":{"index":"index","follow":"follow","max-snippet":"max-snippet:-1","max-image-preview":"max-image-preview:large","max-video-preview":"max-video-preview:-1"},"canonical":"https:\/\/gblexpress.com\/es\/ritalin\/","og_locale":"es_ES","og_type":"article","og_title":"Ritalin Online Kaufen - Ritalin online bestellen - Ritalin tabletten","og_description":"Auf der Suche nach Ritalin-Tabletten in bester Qualit\u00e4t online 10 mg, 20 mg, 30 mg? Wir sind der beste Lieferant von Ritalin. Sie k\u00f6nnen Ritalin online kaufen, Ritalin legal bestellen.","og_url":"https:\/\/gblexpress.com\/es\/ritalin\/","og_site_name":"GBL Express","article_modified_time":"2024-06-07T10:17:46+00:00","twitter_card":"summary_large_image","twitter_misc":{"Tiempo de lectura":"5 minutos"},"schema":{"@context":"https:\/\/schema.org","@graph":[{"@type":"WebPage","@id":"https:\/\/gblexpress.com\/ritalin\/","url":"https:\/\/gblexpress.com\/ritalin\/","name":"Comprar Ritalin Online - Pedir Ritalin Online - Pastillas de Ritalin","isPartOf":{"@id":"https:\/\/gblexpress.com\/#website"},"datePublished":"2023-01-31T09:04:08+00:00","dateModified":"2024-06-07T10:17:46+00:00","description":"\u00bfBusca la mejor calidad de comprimidos de Ritalin online 10 mg, 20 mg, 30 mg? Somos el mejor proveedor de Ritalin. Usted puede comprar Ritalin en l\u00ednea, orden Ritalin legalmente.","breadcrumb":{"@id":"https:\/\/gblexpress.com\/ritalin\/#breadcrumb"},"inLanguage":"es","potentialAction":[{"@type":"ReadAction","target":["https:\/\/gblexpress.com\/ritalin\/"]}]},{"@type":"BreadcrumbList","@id":"https:\/\/gblexpress.com\/ritalin\/#breadcrumb","itemListElement":[{"@type":"ListItem","position":1,"name":"Home","item":"https:\/\/gblexpress.com\/"},{"@type":"ListItem","position":2,"name":"Ritalin Online Kaufen"}]},{"@type":"WebSite","@id":"https:\/\/gblexpress.com\/#website","url":"https:\/\/gblexpress.com\/","name":"GBL Express","description":"","publisher":{"@id":"https:\/\/gblexpress.com\/#organization"},"potentialAction":[{"@type":"SearchAction","target":{"@type":"EntryPoint","urlTemplate":"https:\/\/gblexpress.com\/?s={search_term_string}"},"query-input":{"@type":"PropertyValueSpecification","valueRequired":true,"valueName":"search_term_string"}}],"inLanguage":"es"},{"@type":"Organization","@id":"https:\/\/gblexpress.com\/#organization","name":"GBL Express","url":"https:\/\/gblexpress.com\/","logo":{"@type":"ImageObject","inLanguage":"es","@id":"https:\/\/gblexpress.com\/#\/schema\/logo\/image\/","url":"https:\/\/gblexpress.com\/wp-content\/uploads\/2023\/01\/logo.png","contentUrl":"https:\/\/gblexpress.com\/wp-content\/uploads\/2023\/01\/logo.png","width":250,"height":52,"caption":"GBL Express"},"image":{"@id":"https:\/\/gblexpress.com\/#\/schema\/logo\/image\/"}}]}},"jetpack-related-posts":[],"jetpack_sharing_enabled":true,"_links":{"self":[{"href":"https:\/\/gblexpress.com\/es\/wp-json\/wp\/v2\/pages\/424","targetHints":{"allow":["GET"]}}],"collection":[{"href":"https:\/\/gblexpress.com\/es\/wp-json\/wp\/v2\/pages"}],"about":[{"href":"https:\/\/gblexpress.com\/es\/wp-json\/wp\/v2\/types\/page"}],"author":[{"embeddable":true,"href":"https:\/\/gblexpress.com\/es\/wp-json\/wp\/v2\/users\/1"}],"replies":[{"embeddable":true,"href":"https:\/\/gblexpress.com\/es\/wp-json\/wp\/v2\/comments?post=424"}],"version-history":[{"count":9,"href":"https:\/\/gblexpress.com\/es\/wp-json\/wp\/v2\/pages\/424\/revisions"}],"predecessor-version":[{"id":1055,"href":"https:\/\/gblexpress.com\/es\/wp-json\/wp\/v2\/pages\/424\/revisions\/1055"}],"wp:attachment":[{"href":"https:\/\/gblexpress.com\/es\/wp-json\/wp\/v2\/media?parent=424"}],"curies":[{"name":"wp","href":"https:\/\/api.w.org\/{rel}","templated":true}]}}