{"id":1239,"date":"2024-11-26T05:39:52","date_gmt":"2024-11-26T05:39:52","guid":{"rendered":"https:\/\/gblexpress.com\/?post_type=product&#038;p=1239"},"modified":"2026-02-28T09:26:03","modified_gmt":"2026-02-28T09:26:03","slug":"metamfetamina","status":"publish","type":"product","link":"https:\/\/gblexpress.com\/es\/producto-2\/metamfetamina\/","title":{"rendered":"Metamfetamina"},"content":{"rendered":"<h2><strong>Metamfetamin Online kaufen: Alles \u00fcber Wirkung, Dosierung und sicheren\u00a0<\/strong><\/h2>\n<p><a href=\"https:\/\/gblexpress.com\/es\/producto-2\/metamfetamina\/\"><strong>Metanfetamina<\/strong><\/a>tambi\u00e9n conocida como metanfetamina de cristal, es un potente estimulante conocido por sus intensos efectos energizantes y euforizantes. Muchas personas buscan espec\u00edficamente <a href=\"https:\/\/en.wikipedia.org\/wiki\/Esketamine\"><strong>Cristales de metanfetamina<\/strong><\/a> o <strong>Metanfetamina en polvo<\/strong>para experimentar una energ\u00eda duradera y un mayor estado de alerta. Si usted <strong>Comprar Metanfetamina<\/strong>es crucial conocer el efecto, la dosis y las medidas de seguridad<a href=\"https:\/\/gblexprimer.com\/product\/lsd-kwas\/\">.<\/a><\/p>\n<h3><strong>\u00bfQu\u00e9 es la metanfetamina?<\/strong><\/h3>\n<p>La metanfetamina es un compuesto qu\u00edmico que act\u00faa sobre el sistema nervioso central. A menudo se ofrece en las siguientes formas:<\/p>\n<ul>\n<li><strong>Cristales de metanfetamina:<\/strong> Forma de gran pureza conocida por su efecto potente y duradero<a href=\"https:\/\/gblexpress.com\/es\/tienda\/gbl-comprar-online-butirolactona-comprar\/\">.<\/a><\/li>\n<li><strong>Metanfetamina en polvo:<\/strong> Dosificaci\u00f3n flexible y f\u00e1cil de usar.<\/li>\n<\/ul>\n<p>Esta sustancia suele valorarse por sus propiedades estimulantes, pero tambi\u00e9n por su capacidad para aumentar el estado de alerta y el rendimiento f\u00edsico.<\/p>\n<h3><strong>Efecto de la metanfetamina<\/strong><\/h3>\n<p>En <strong>Efecto de la metanfetamina<\/strong> suele producirse a los pocos minutos de la ingesti\u00f3n (m\u00e1s r\u00e1pido si se inhala o se inyecta) y puede durar hasta 12 horas. Los efectos m\u00e1s comunes incluyen:<\/p>\n<ul>\n<li><strong>Energ\u00eda extrema:<\/strong> Sensaci\u00f3n de mayor rendimiento f\u00edsico y mental.<\/li>\n<li><strong>Euforia:<\/strong> Un subid\u00f3n intenso que dura mucho tiempo.<\/li>\n<li><strong>Concentraci\u00f3n y vigilancia:<\/strong> Mejora de la concentraci\u00f3n y la atenci\u00f3n.<\/li>\n<li><strong>Supresi\u00f3n de la fatiga:<\/strong> Ideal para largos periodos de vigilia o actividades.<\/li>\n<\/ul>\n<h3><strong>Dosis de Metanfetamina<\/strong><\/h3>\n<p>El derecho <strong>Dosis de metanfetamina<\/strong> var\u00eda en funci\u00f3n de la experiencia y el m\u00e9todo de aplicaci\u00f3n:<\/p>\n<ul>\n<li><strong>Principiantes:<\/strong> 5-10 mg<\/li>\n<li><strong>Usuarios experimentados:<\/strong> 10-25 mg<\/li>\n<li><strong>Dosis alta:<\/strong> A partir de 25 mg (s\u00f3lo para consumidores muy experimentados, ya que aumenta el riesgo de efectos secundarios).<\/li>\n<\/ul>\n<p>Es importante tomarlo de forma controlada y no excederse en la dosis para evitar efectos secundarios no deseados.<\/p>\n<h3><strong>Riesgos y seguridad<\/strong><\/h3>\n<p>La metanfetamina es una sustancia potente y debe utilizarse con precauci\u00f3n. Los posibles efectos secundarios son:<\/p>\n<ul>\n<li><strong>Efectos secundarios a corto plazo:<\/strong> Palpitaciones, aumento de la tensi\u00f3n arterial, p\u00e9rdida de apetito.<\/li>\n<li><strong>Riesgos a largo plazo:<\/strong> Adicci\u00f3n, trastornos del sue\u00f1o, nerviosismo o estr\u00e9s psicol\u00f3gico.<\/li>\n<\/ul>\n<p>Un lugar de consumo seguro y una ingesta suficiente de l\u00edquidos son cruciales para minimizar los efectos negativos.<\/p>\n<h3><strong>Comprar metanfetamina online de forma segura<\/strong><\/h3>\n<p>En el <strong>Comprar metanfetamina online<\/strong> debe buscar una fuente de confianza que le garantice calidad y discreci\u00f3n. Nuestra plataforma ofrece:<\/p>\n<ul>\n<li><strong>Entrega discreta:<\/strong> Embalado de forma an\u00f3nima y segura.<\/li>\n<li><strong>Pureza probada:<\/strong> Productos de la m\u00e1xima calidad con informaci\u00f3n clara sobre dosificaci\u00f3n.<\/li>\n<li><strong>Pedidos sencillos:<\/strong> Comprar Metanfetamina cristales o polvo r\u00e1pida y f\u00e1cilmente.<\/li>\n<\/ul>\n<h3><strong>Comprar Metanfetamina ahora<\/strong><\/h3>\n<p>Experimente los intensos efectos de <strong>Metanfetamina<\/strong>. Tanto si prefiere los cristales como el polvo, puede hacer su pedido en l\u00ednea de forma segura y discreta con nosotros. Descubre un producto conocido por su extrema energ\u00eda, euforia y estado de alerta. <strong>Pida Metanfetamina en l\u00ednea hoy mismo y disfrute de una experiencia \u00fanica.<\/strong><\/p>","protected":false},"excerpt":{"rendered":"<p><strong>Metanfetamina<\/strong>tambi\u00e9n conocido como <strong>Metanfetamina<\/strong>es un potente estimulante del sistema nervioso central (SNC) de la clase de las fenetilaminas. Conocido por su capacidad para aumentar la energ\u00eda y la concentraci\u00f3n, es <strong>Metanfetamina<\/strong> es un importante tema de investigaci\u00f3n en neurociencia y farmacolog\u00eda, sobre todo para la investigaci\u00f3n de los neurotransmisores dopamina y noradrenalina.<\/p>\n<p><strong>\u00bfC\u00f3mo act\u00faa la metanfetamina?<\/strong><br \/>\n<strong>Metanfetamina<\/strong> aumenta la liberaci\u00f3n de <strong>Dopamina<\/strong>, <strong>Noradrenalina<\/strong> y <strong>Serotonina<\/strong> en el cerebro, inhibiendo al mismo tiempo su recaptaci\u00f3n. Esto provoca una intensa actividad neuronal, un mayor estado de alerta y euforia.<\/p>\n<ul>\n<li><strong>Efectos:<\/strong> Aumento de la energ\u00eda, de la concentraci\u00f3n, de la euforia y del estado de alerta.<\/li>\n<li><strong>Inicio del efecto:<\/strong> 10-30 minutos despu\u00e9s de la ingesti\u00f3n.<\/li>\n<li><strong>Duraci\u00f3n del efecto:<\/strong> 6-12 horas, dependiendo de la dosis y de factores individuales.<\/li>\n<\/ul>\n<p><strong>F\u00f3rmula y propiedades<\/strong><\/p>\n<ul>\n<li><strong>Nombre qu\u00edmico:<\/strong> N-metil-1-fenilpropan-2-amina<\/li>\n<li><strong>F\u00f3rmula molecular:<\/strong> C10H15N<\/li>\n<li><strong>Peso molecular:<\/strong> 149,24 g\/mol<\/li>\n<\/ul>","protected":false},"featured_media":1625,"comment_status":"open","ping_status":"closed","template":"","meta":{"_joinchat":[]},"product_brand":[],"product_cat":[246],"product_tag":[621,619,631,623,633,646,628,630,641,629,645,636,625,626,624,637,635,634,638,639,640,632,620,642,622,627,643,644],"class_list":{"0":"post-1239","1":"product","2":"type-product","3":"status-publish","4":"has-post-thumbnail","6":"product_cat-sex-meth","7":"product_tag-metamfetamina","8":"product_tag-metamphetamin","9":"product_tag-metamphetamin-anwendung","10":"product_tag-metamphetamin-bestellen","11":"product_tag-metamphetamin-dosierung","12":"product_tag-metamphetamin-fuer-apotheken","13":"product_tag-metamphetamin-fuer-forschung","14":"product_tag-metamphetamin-fuer-labore","15":"product_tag-metamphetamin-fuer-wissenschaftliche-studien","16":"product_tag-metamphetamin-grosshandel","17":"product_tag-metamphetamin-in-deutschland-kaufen","18":"product_tag-metamphetamin-lagerung","19":"product_tag-metamphetamin-lieferant","20":"product_tag-metamphetamin-online-kaufen","21":"product_tag-metamphetamin-preis","22":"product_tag-metamphetamin-reinheit","23":"product_tag-metamphetamin-risiken","24":"product_tag-metamphetamin-sicherheitsrichtlinien","25":"product_tag-metamphetamin-testsubstanzen","26":"product_tag-metamphetamin-vertrieb","27":"product_tag-metamphetamin-weltweit-bestellen","28":"product_tag-metamphetamin-wirkung","29":"product_tag-methamphetamin","30":"product_tag-methamphetamin-chemikalien","31":"product_tag-methamphetamin-kaufen","32":"product_tag-methamphetamin-legal-kaufen","33":"product_tag-methamphetamin-pulver-kaufen","34":"product_tag-wo-metamphetamin-kaufen","36":"first","37":"instock","38":"shipping-taxable","39":"purchasable","40":"product-type-variable"},"yoast_head":"<!-- This site is optimized with the Yoast SEO plugin v25.4 - https:\/\/yoast.com\/wordpress\/plugins\/seo\/ -->\n<title>Methamphetamin online kaufen \u2013 Methamphetamin zu verkaufen<\/title>\n<meta name=\"description\" content=\"Wenn Sie sich f\u00fcr Metamfetamin begeistern, ist unser Shop der beste Ort, um Metamfetamin online zu kaufen. Hier erhalten Sie Metamfetamin zum besten Preis. Bestellen Sie jetzt und erhalten Sie es in K\u00fcrze!\" \/>\n<meta name=\"robots\" content=\"index, follow, max-snippet:-1, max-image-preview:large, max-video-preview:-1\" \/>\n<link rel=\"canonical\" href=\"https:\/\/gblexpress.com\/es\/producto-2\/metamfetamina\/\" \/>\n<meta property=\"og:locale\" content=\"es_ES\" \/>\n<meta property=\"og:type\" content=\"article\" \/>\n<meta property=\"og:title\" content=\"Methamphetamin online kaufen \u2013 Methamphetamin zu verkaufen\" \/>\n<meta property=\"og:description\" content=\"Wenn Sie sich f\u00fcr Metamfetamin begeistern, ist unser Shop der beste Ort, um Metamfetamin online zu kaufen. Hier erhalten Sie Metamfetamin zum besten Preis. Bestellen Sie jetzt und erhalten Sie es in K\u00fcrze!\" \/>\n<meta property=\"og:url\" content=\"https:\/\/gblexpress.com\/es\/producto-2\/metamfetamina\/\" \/>\n<meta property=\"og:site_name\" content=\"GBL Express\" \/>\n<meta property=\"article:modified_time\" content=\"2026-02-28T09:26:03+00:00\" \/>\n<meta property=\"og:image\" content=\"https:\/\/gblexpress.com\/wp-content\/uploads\/2024\/11\/Metamfetamina.jpg\" \/>\n\t<meta property=\"og:image:width\" content=\"600\" \/>\n\t<meta property=\"og:image:height\" content=\"600\" \/>\n\t<meta property=\"og:image:type\" content=\"image\/jpeg\" \/>\n<meta name=\"twitter:card\" content=\"summary_large_image\" \/>\n<meta name=\"twitter:label1\" content=\"Tiempo de lectura\" \/>\n\t<meta name=\"twitter:data1\" content=\"2 minutos\" \/>\n<!-- \/ Yoast SEO plugin. -->","yoast_head_json":{"title":"Comprar metanfetamina en l\u00ednea \u2013 Metanfetamina a la venta","description":"Si te apasiona la metanfetamina, nuestra tienda es el mejor lugar para comprar metanfetamina online. Aqu\u00ed puedes conseguir metanfetamina al mejor precio. \u00a1P\u00eddelo ahora y rec\u00edbelo pronto!","robots":{"index":"index","follow":"follow","max-snippet":"max-snippet:-1","max-image-preview":"max-image-preview:large","max-video-preview":"max-video-preview:-1"},"canonical":"https:\/\/gblexpress.com\/es\/producto-2\/metamfetamina\/","og_locale":"es_ES","og_type":"article","og_title":"Methamphetamin online kaufen \u2013 Methamphetamin zu verkaufen","og_description":"Wenn Sie sich f\u00fcr Metamfetamin begeistern, ist unser Shop der beste Ort, um Metamfetamin online zu kaufen. Hier erhalten Sie Metamfetamin zum besten Preis. Bestellen Sie jetzt und erhalten Sie es in K\u00fcrze!","og_url":"https:\/\/gblexpress.com\/es\/producto-2\/metamfetamina\/","og_site_name":"GBL Express","article_modified_time":"2026-02-28T09:26:03+00:00","og_image":[{"width":600,"height":600,"url":"https:\/\/gblexpress.com\/wp-content\/uploads\/2024\/11\/Metamfetamina.jpg","type":"image\/jpeg"}],"twitter_card":"summary_large_image","twitter_misc":{"Tiempo de lectura":"2 minutos"},"schema":{"@context":"https:\/\/schema.org","@graph":[{"@type":"WebPage","@id":"https:\/\/gblexpress.com\/product\/metamfetamina\/","url":"https:\/\/gblexpress.com\/product\/metamfetamina\/","name":"Comprar metanfetamina en l\u00ednea \u2013 Metanfetamina a la venta","isPartOf":{"@id":"https:\/\/gblexpress.com\/#website"},"primaryImageOfPage":{"@id":"https:\/\/gblexpress.com\/product\/metamfetamina\/#primaryimage"},"image":{"@id":"https:\/\/gblexpress.com\/product\/metamfetamina\/#primaryimage"},"thumbnailUrl":"https:\/\/gblexpress.com\/wp-content\/uploads\/2024\/11\/Metamfetamina.jpg","datePublished":"2024-11-26T05:39:52+00:00","dateModified":"2026-02-28T09:26:03+00:00","description":"Si te apasiona la metanfetamina, nuestra tienda es el mejor lugar para comprar metanfetamina online. Aqu\u00ed puedes conseguir metanfetamina al mejor precio. \u00a1P\u00eddelo ahora y rec\u00edbelo pronto!","breadcrumb":{"@id":"https:\/\/gblexpress.com\/product\/metamfetamina\/#breadcrumb"},"inLanguage":"es","potentialAction":[{"@type":"ReadAction","target":["https:\/\/gblexpress.com\/product\/metamfetamina\/"]}]},{"@type":"ImageObject","inLanguage":"es","@id":"https:\/\/gblexpress.com\/product\/metamfetamina\/#primaryimage","url":"https:\/\/gblexpress.com\/wp-content\/uploads\/2024\/11\/Metamfetamina.jpg","contentUrl":"https:\/\/gblexpress.com\/wp-content\/uploads\/2024\/11\/Metamfetamina.jpg","width":600,"height":600,"caption":"Metamfetamina online kaufen"},{"@type":"BreadcrumbList","@id":"https:\/\/gblexpress.com\/product\/metamfetamina\/#breadcrumb","itemListElement":[{"@type":"ListItem","position":1,"name":"Home","item":"https:\/\/gblexpress.com\/"},{"@type":"ListItem","position":2,"name":"Shop","item":"https:\/\/gblexpress.com\/shop\/"},{"@type":"ListItem","position":3,"name":"Metamfetamina"}]},{"@type":"WebSite","@id":"https:\/\/gblexpress.com\/#website","url":"https:\/\/gblexpress.com\/","name":"GBL Express","description":"","publisher":{"@id":"https:\/\/gblexpress.com\/#organization"},"potentialAction":[{"@type":"SearchAction","target":{"@type":"EntryPoint","urlTemplate":"https:\/\/gblexpress.com\/?s={search_term_string}"},"query-input":{"@type":"PropertyValueSpecification","valueRequired":true,"valueName":"search_term_string"}}],"inLanguage":"es"},{"@type":"Organization","@id":"https:\/\/gblexpress.com\/#organization","name":"GBL Express","url":"https:\/\/gblexpress.com\/","logo":{"@type":"ImageObject","inLanguage":"es","@id":"https:\/\/gblexpress.com\/#\/schema\/logo\/image\/","url":"https:\/\/gblexpress.com\/wp-content\/uploads\/2023\/01\/logo.png","contentUrl":"https:\/\/gblexpress.com\/wp-content\/uploads\/2023\/01\/logo.png","width":250,"height":52,"caption":"GBL Express"},"image":{"@id":"https:\/\/gblexpress.com\/#\/schema\/logo\/image\/"}}]}},"jetpack-related-posts":[],"jetpack_sharing_enabled":true,"_links":{"self":[{"href":"https:\/\/gblexpress.com\/es\/wp-json\/wp\/v2\/product\/1239","targetHints":{"allow":["GET"]}}],"collection":[{"href":"https:\/\/gblexpress.com\/es\/wp-json\/wp\/v2\/product"}],"about":[{"href":"https:\/\/gblexpress.com\/es\/wp-json\/wp\/v2\/types\/product"}],"replies":[{"embeddable":true,"href":"https:\/\/gblexpress.com\/es\/wp-json\/wp\/v2\/comments?post=1239"}],"wp:featuredmedia":[{"embeddable":true,"href":"https:\/\/gblexpress.com\/es\/wp-json\/wp\/v2\/media\/1625"}],"wp:attachment":[{"href":"https:\/\/gblexpress.com\/es\/wp-json\/wp\/v2\/media?parent=1239"}],"wp:term":[{"taxonomy":"product_brand","embeddable":true,"href":"https:\/\/gblexpress.com\/es\/wp-json\/wp\/v2\/product_brand?post=1239"},{"taxonomy":"product_cat","embeddable":true,"href":"https:\/\/gblexpress.com\/es\/wp-json\/wp\/v2\/product_cat?post=1239"},{"taxonomy":"product_tag","embeddable":true,"href":"https:\/\/gblexpress.com\/es\/wp-json\/wp\/v2\/product_tag?post=1239"}],"curies":[{"name":"wp","href":"https:\/\/api.w.org\/{rel}","templated":true}]}}