{"id":1255,"date":"2024-11-26T07:54:59","date_gmt":"2024-11-26T07:54:59","guid":{"rendered":"https:\/\/gblexpress.com\/?post_type=product&#038;p=1255"},"modified":"2026-02-27T10:32:03","modified_gmt":"2026-02-27T10:32:03","slug":"cocaina","status":"publish","type":"product","link":"https:\/\/gblexpress.com\/es\/producto-2\/cocaina\/","title":{"rendered":"Cocainea"},"content":{"rendered":"<h2><strong>Comprar coca\u00edna: Informaci\u00f3n sobre efectos, tipos y compra segura<\/strong><\/h2>\n<p><a href=\"https:\/\/gblexpress.com\/es\/producto-2\/cocaina\/\"><strong>Coca\u00edna<\/strong><\/a> es una de las sustancias m\u00e1s conocidas con propiedades estimulantes, utilizada a menudo para aumentar la energ\u00eda, la concentraci\u00f3n y la euforia. Est\u00e1 disponible en varias formas y calidades que difieren en su efecto y aplicaci\u00f3n. Si usted <a href=\"https:\/\/en.wikipedia.org\/wiki\/Cocaine\"><strong>Comprar coca\u00edna<\/strong><\/a>es importante comprender las opciones disponibles y c\u00f3mo utilizarlas con seguridad<a href=\"https:\/\/cokebricks.com\/product\/etizolam\/\">.<\/a><\/p>\n<h3><strong>Tipos de coca\u00edna<\/strong><\/h3>\n<p><strong>1. clorhidrato de coca\u00edna (polvo)<\/strong><br \/>\nLa forma m\u00e1s utilizada, conocida como polvo blanco. A menudo se esnifa o, en algunos casos, se utiliza por v\u00eda intravenosa. Esta forma es conocida por su efecto r\u00e1pido e intenso<a href=\"https:\/\/gblexpress.com\/es\/tienda\/seco-cocido-ghb-500-gramos\/\">.<\/a><\/p>\n<p><strong>2. coca\u00edna crack<\/strong><br \/>\nEsta forma es una versi\u00f3n cristalina de la coca\u00edna que se suele fumar. Ofrece un efecto m\u00e1s r\u00e1pido pero m\u00e1s corto que la forma en polvo.<\/p>\n<p><strong>3. coca\u00edna freebase<\/strong><br \/>\nOtra forma fumable de coca\u00edna que var\u00eda en pureza y efecto. Esta versi\u00f3n suele ser la preferida de los consumidores experimentados.<\/p>\n<h3><strong>\u00bfPor qu\u00e9 elegir la coca\u00edna?<\/strong><\/h3>\n<p><strong>1. efecto r\u00e1pido y energ\u00eda<\/strong><br \/>\nLa coca\u00edna es conocida por su capacidad para aumentar la energ\u00eda y la concentraci\u00f3n en muy poco tiempo. A menudo la consumen personas que buscan un aumento instant\u00e1neo de su rendimiento.<\/p>\n<p><strong>2. efectos euforizantes<\/strong><br \/>\nAdem\u00e1s de aumentar la energ\u00eda y la concentraci\u00f3n, la coca\u00edna suele producir una sensaci\u00f3n de euforia y aumenta la confianza en uno mismo.<\/p>\n<p><strong>3. diferentes tipos para necesidades individuales<\/strong><br \/>\nYa sea en forma de polvo o de crack, la coca\u00edna ofrece diversas opciones de aplicaci\u00f3n y puede personalizarse seg\u00fan las preferencias personales.<\/p>\n<h3><strong>Comprar coca\u00edna con seguridad<\/strong><\/h3>\n<p>Muchas personas buscan una opci\u00f3n fiable, <strong>Comprar coca\u00edna por Internet<\/strong>. Nuestra plataforma le ofrece:<\/p>\n<ul>\n<li><strong>Entrega discreta:<\/strong> Los pedidos se empaquetan de forma an\u00f3nima y se entregan r\u00e1pidamente.<\/li>\n<li><strong>Calidad probada:<\/strong> Garantizamos que todos los productos son de la m\u00e1xima calidad.<\/li>\n<li><strong>Pedidos sencillos:<\/strong> Puede encargar coca\u00edna de forma segura y sencilla con s\u00f3lo unos clics.<\/li>\n<\/ul>\n<h3><strong>Instrucciones importantes de uso<\/strong><\/h3>\n<p><strong>1. posolog\u00eda y seguridad<\/strong><br \/>\nUna dosificaci\u00f3n adecuada es crucial para evitar efectos secundarios no deseados. Respete las cantidades recomendadas y evite las sobredosis.<\/p>\n<p><strong>2. averiguar el efecto<\/strong><br \/>\nLa coca\u00edna puede tener efectos psicol\u00f3gicos y f\u00edsicos intensos. Inf\u00f3rmate sobre los posibles efectos antes de consumirla, sobre todo si es la primera vez.<\/p>\n<p><strong>3. precauci\u00f3n con las combinaciones<\/strong><br \/>\nEl consumo simult\u00e1neo de coca\u00edna con otras sustancias puede provocar efectos secundarios indeseables o peligrosos.<\/p>\n<h3><strong>Consultas frecuentes y palabras clave<\/strong><\/h3>\n<ul>\n<li>Comprar coca\u00edna por Internet<\/li>\n<li>Comparar el precio de la coca\u00edna<\/li>\n<li>Comprar coca\u00edna con seguridad<\/li>\n<li>Comprar coca\u00edna blanca<\/li>\n<li>Pedir crack<\/li>\n<li>Efecto y dosis de la coca\u00edna<\/li>\n<li>Comprar coca\u00edna discreta<\/li>\n<li>Comprar coca\u00edna sin receta<\/li>\n<\/ul>\n<h3><strong>Comprar coca\u00edna ahora<\/strong><\/h3>\n<p>Encuentre el molde adecuado a sus necesidades y haga su pedido <strong>Coca\u00edna<\/strong> de forma segura y discreta en l\u00ednea. Tanto si prefieres polvo, crack o base libre, tenemos una selecci\u00f3n de productos de alta calidad conocidos por su pureza y eficacia. Haz tu pedido hoy y experimenta los beneficios de la coca\u00edna de la m\u00e1s alta calidad.<\/p>","protected":false},"excerpt":{"rendered":"<p><strong>Coca\u00edna<\/strong>tambi\u00e9n conocido como <strong>Cocainum<\/strong>es un potente estimulante del sistema nervioso central que se extrae de las hojas de la planta de coca. Se utiliza desde hace siglos con fines medicinales, cient\u00edficos y tradicionales. En la actualidad <strong>Coca\u00edna<\/strong> un importante tema de investigaci\u00f3n para estudiar los mecanismos de los neurotransmisores, el estado de alerta y la energ\u00eda.<\/p>\n<p><strong>\u00bfC\u00f3mo act\u00faa la coca\u00edna?<\/strong><br \/>\n<strong>Coca\u00edna<\/strong> act\u00faa inhibiendo la recaptaci\u00f3n de dopamina, noradrenalina y serotonina en el cerebro. Esto conduce a un aumento de los niveles de estos neurotransmisores en la hendidura sin\u00e1ptica, provocando estado de alerta, euforia y aumento de la energ\u00eda.<\/p>\n<ul>\n<li><strong>Efectos:<\/strong> Aumenta la energ\u00eda, mejora la concentraci\u00f3n y la euforia.<\/li>\n<li><strong>Inicio del efecto:<\/strong> 5-10 minutos para inhalaci\u00f3n, inmediatamente para uso intravenoso.<\/li>\n<li><strong>Duraci\u00f3n del efecto:<\/strong> De 30 minutos a 1 hora.<\/li>\n<\/ul>\n<p><strong>F\u00f3rmula y propiedades<\/strong><\/p>\n<ul>\n<li><strong>Nombre qu\u00edmico:<\/strong> Benzoilmetilecgonina<\/li>\n<li><strong>F\u00f3rmula molecular:<\/strong> C17H21NO4<\/li>\n<li><strong>Peso molecular:<\/strong> 303,35 g\/mol<\/li>\n<\/ul>","protected":false},"featured_media":1281,"comment_status":"open","ping_status":"closed","template":"","meta":{"_joinchat":[]},"product_brand":[],"product_cat":[246],"product_tag":[472,494,474,491,481,475,490,495,476,477,489,480,493,497,482,486,478,496,479,485,484,483,487,498,488,473,492],"class_list":{"0":"post-1255","1":"product","2":"type-product","3":"status-publish","4":"has-post-thumbnail","6":"product_cat-sex-meth","7":"product_tag-kokain","8":"product_tag-kokain-anwendung","9":"product_tag-kokain-bestellen","10":"product_tag-kokain-chemikalien","11":"product_tag-kokain-dosierung","12":"product_tag-kokain-forschung","13":"product_tag-kokain-fuer-apotheken","14":"product_tag-kokain-fuer-klinische-studien","15":"product_tag-kokain-fuer-laboranwendung","16":"product_tag-kokain-fuer-medizinische-zwecke","17":"product_tag-kokain-fuer-wissenschaft","18":"product_tag-kokain-grosshandel","19":"product_tag-kokain-in-deutschland-kaufen","20":"product_tag-kokain-laborbedarf","21":"product_tag-kokain-lagerung","22":"product_tag-kokain-legal-kaufen","23":"product_tag-kokain-lieferant","24":"product_tag-kokain-medizinische-nutzung","25":"product_tag-kokain-preis","26":"product_tag-kokain-reinheit","27":"product_tag-kokain-risiken","28":"product_tag-kokain-sicherheitsrichtlinien","29":"product_tag-kokain-testsubstanzen","30":"product_tag-kokain-vertrieb","31":"product_tag-kokain-weltweit-bestellen","32":"product_tag-kokaina-kaufen","33":"product_tag-wo-kokain-kaufen","35":"first","36":"instock","37":"shipping-taxable","38":"purchasable","39":"product-type-variable","40":"has-default-attributes"},"yoast_head":"<!-- This site is optimized with the Yoast SEO plugin v25.4 - https:\/\/yoast.com\/wordpress\/plugins\/seo\/ -->\n<title>Kokaina online kaufen - Kokaina zu verkaufen<\/title>\n<meta name=\"description\" content=\"Bei Gblexpress erhalten Sie Kokaina g\u00fcnstig. Hier k\u00f6nnen Sie hochwertige Kokaina jetzt online in unserem Shop mit schnellem und sicherem Versand kaufen. Jetzt bestellen!\" \/>\n<meta name=\"robots\" content=\"index, follow, max-snippet:-1, max-image-preview:large, max-video-preview:-1\" \/>\n<link rel=\"canonical\" href=\"https:\/\/gblexpress.com\/es\/producto-2\/cocaina\/\" \/>\n<meta property=\"og:locale\" content=\"es_ES\" \/>\n<meta property=\"og:type\" content=\"article\" \/>\n<meta property=\"og:title\" content=\"Kokaina online kaufen - Kokaina zu verkaufen\" \/>\n<meta property=\"og:description\" content=\"Bei Gblexpress erhalten Sie Kokaina g\u00fcnstig. Hier k\u00f6nnen Sie hochwertige Kokaina jetzt online in unserem Shop mit schnellem und sicherem Versand kaufen. Jetzt bestellen!\" \/>\n<meta property=\"og:url\" content=\"https:\/\/gblexpress.com\/es\/producto-2\/cocaina\/\" \/>\n<meta property=\"og:site_name\" content=\"GBL Express\" \/>\n<meta property=\"article:modified_time\" content=\"2026-02-27T10:32:03+00:00\" \/>\n<meta property=\"og:image\" content=\"https:\/\/gblexpress.com\/wp-content\/uploads\/2024\/11\/kokain.gif\" \/>\n\t<meta property=\"og:image:width\" content=\"600\" \/>\n\t<meta property=\"og:image:height\" content=\"600\" \/>\n\t<meta property=\"og:image:type\" content=\"image\/gif\" \/>\n<meta name=\"twitter:card\" content=\"summary_large_image\" \/>\n<meta name=\"twitter:label1\" content=\"Tiempo de lectura\" \/>\n\t<meta name=\"twitter:data1\" content=\"3 minutos\" \/>\n<!-- \/ Yoast SEO plugin. -->","yoast_head_json":{"title":"Comprar coca\u00edna en l\u00ednea - Coca\u00edna a la venta","description":"En Gblexpress puedes conseguir coca\u00edna a bajo precio. Aqu\u00ed ahora puedes comprar coca\u00edna de alta calidad online en nuestra tienda con env\u00edo r\u00e1pido y seguro. \u00a1Ordene ahora!","robots":{"index":"index","follow":"follow","max-snippet":"max-snippet:-1","max-image-preview":"max-image-preview:large","max-video-preview":"max-video-preview:-1"},"canonical":"https:\/\/gblexpress.com\/es\/producto-2\/cocaina\/","og_locale":"es_ES","og_type":"article","og_title":"Kokaina online kaufen - Kokaina zu verkaufen","og_description":"Bei Gblexpress erhalten Sie Kokaina g\u00fcnstig. Hier k\u00f6nnen Sie hochwertige Kokaina jetzt online in unserem Shop mit schnellem und sicherem Versand kaufen. Jetzt bestellen!","og_url":"https:\/\/gblexpress.com\/es\/producto-2\/cocaina\/","og_site_name":"GBL Express","article_modified_time":"2026-02-27T10:32:03+00:00","og_image":[{"width":600,"height":600,"url":"https:\/\/gblexpress.com\/wp-content\/uploads\/2024\/11\/kokain.gif","type":"image\/gif"}],"twitter_card":"summary_large_image","twitter_misc":{"Tiempo de lectura":"3 minutos"},"schema":{"@context":"https:\/\/schema.org","@graph":[{"@type":"WebPage","@id":"https:\/\/gblexpress.com\/product\/kokaina\/","url":"https:\/\/gblexpress.com\/product\/kokaina\/","name":"Comprar coca\u00edna en l\u00ednea - Coca\u00edna a la venta","isPartOf":{"@id":"https:\/\/gblexpress.com\/#website"},"primaryImageOfPage":{"@id":"https:\/\/gblexpress.com\/product\/kokaina\/#primaryimage"},"image":{"@id":"https:\/\/gblexpress.com\/product\/kokaina\/#primaryimage"},"thumbnailUrl":"https:\/\/gblexpress.com\/wp-content\/uploads\/2024\/11\/kokain.gif","datePublished":"2024-11-26T07:54:59+00:00","dateModified":"2026-02-27T10:32:03+00:00","description":"En Gblexpress puedes conseguir coca\u00edna a bajo precio. Aqu\u00ed ahora puedes comprar coca\u00edna de alta calidad online en nuestra tienda con env\u00edo r\u00e1pido y seguro. \u00a1Ordene ahora!","breadcrumb":{"@id":"https:\/\/gblexpress.com\/product\/kokaina\/#breadcrumb"},"inLanguage":"es","potentialAction":[{"@type":"ReadAction","target":["https:\/\/gblexpress.com\/product\/kokaina\/"]}]},{"@type":"ImageObject","inLanguage":"es","@id":"https:\/\/gblexpress.com\/product\/kokaina\/#primaryimage","url":"https:\/\/gblexpress.com\/wp-content\/uploads\/2024\/11\/kokain.gif","contentUrl":"https:\/\/gblexpress.com\/wp-content\/uploads\/2024\/11\/kokain.gif","width":600,"height":600,"caption":"Kokain online kaufen"},{"@type":"BreadcrumbList","@id":"https:\/\/gblexpress.com\/product\/kokaina\/#breadcrumb","itemListElement":[{"@type":"ListItem","position":1,"name":"Home","item":"https:\/\/gblexpress.com\/"},{"@type":"ListItem","position":2,"name":"Shop","item":"https:\/\/gblexpress.com\/shop\/"},{"@type":"ListItem","position":3,"name":"Kokaina"}]},{"@type":"WebSite","@id":"https:\/\/gblexpress.com\/#website","url":"https:\/\/gblexpress.com\/","name":"GBL Express","description":"","publisher":{"@id":"https:\/\/gblexpress.com\/#organization"},"potentialAction":[{"@type":"SearchAction","target":{"@type":"EntryPoint","urlTemplate":"https:\/\/gblexpress.com\/?s={search_term_string}"},"query-input":{"@type":"PropertyValueSpecification","valueRequired":true,"valueName":"search_term_string"}}],"inLanguage":"es"},{"@type":"Organization","@id":"https:\/\/gblexpress.com\/#organization","name":"GBL Express","url":"https:\/\/gblexpress.com\/","logo":{"@type":"ImageObject","inLanguage":"es","@id":"https:\/\/gblexpress.com\/#\/schema\/logo\/image\/","url":"https:\/\/gblexpress.com\/wp-content\/uploads\/2023\/01\/logo.png","contentUrl":"https:\/\/gblexpress.com\/wp-content\/uploads\/2023\/01\/logo.png","width":250,"height":52,"caption":"GBL Express"},"image":{"@id":"https:\/\/gblexpress.com\/#\/schema\/logo\/image\/"}}]}},"jetpack-related-posts":[],"jetpack_sharing_enabled":true,"_links":{"self":[{"href":"https:\/\/gblexpress.com\/es\/wp-json\/wp\/v2\/product\/1255","targetHints":{"allow":["GET"]}}],"collection":[{"href":"https:\/\/gblexpress.com\/es\/wp-json\/wp\/v2\/product"}],"about":[{"href":"https:\/\/gblexpress.com\/es\/wp-json\/wp\/v2\/types\/product"}],"replies":[{"embeddable":true,"href":"https:\/\/gblexpress.com\/es\/wp-json\/wp\/v2\/comments?post=1255"}],"wp:featuredmedia":[{"embeddable":true,"href":"https:\/\/gblexpress.com\/es\/wp-json\/wp\/v2\/media\/1281"}],"wp:attachment":[{"href":"https:\/\/gblexpress.com\/es\/wp-json\/wp\/v2\/media?parent=1255"}],"wp:term":[{"taxonomy":"product_brand","embeddable":true,"href":"https:\/\/gblexpress.com\/es\/wp-json\/wp\/v2\/product_brand?post=1255"},{"taxonomy":"product_cat","embeddable":true,"href":"https:\/\/gblexpress.com\/es\/wp-json\/wp\/v2\/product_cat?post=1255"},{"taxonomy":"product_tag","embeddable":true,"href":"https:\/\/gblexpress.com\/es\/wp-json\/wp\/v2\/product_tag?post=1255"}],"curies":[{"name":"wp","href":"https:\/\/api.w.org\/{rel}","templated":true}]}}