{"id":1258,"date":"2024-11-26T07:54:46","date_gmt":"2024-11-26T07:54:46","guid":{"rendered":"https:\/\/gblexpress.com\/?post_type=product&#038;p=1258"},"modified":"2026-02-27T10:28:07","modified_gmt":"2026-02-27T10:28:07","slug":"ketamina","status":"publish","type":"product","link":"https:\/\/gblexpress.com\/es\/producto-2\/ketamina\/","title":{"rendered":"Ketamina liquide Online Kaufen"},"content":{"rendered":"<h2><strong>Ketamin fl\u00fcssig Online kaufen: Informationen zur fl\u00fcssigen Form f\u00fcr vielseitige Anwendungen<\/strong><\/h2>\n<p><a href=\"https:\/\/gblexpress.com\/es\/producto-2\/ketamina\/\"><strong>Ketamina l\u00edquida<\/strong><\/a> es una sustancia vers\u00e1til que se utiliza en diversos \u00e1mbitos. Desde la anestesia hasta el tratamiento de enfermedades mentales como la depresi\u00f3n o la ansiedad, la ketamina en forma l\u00edquida es valorada por su r\u00e1pido efecto y flexibilidad. Si usted <a href=\"https:\/\/en.wikipedia.org\/wiki\/Ketamine\"><strong>Comprar ketamina l\u00edquida<\/strong><\/a>puede confiar en un producto f\u00e1cil de dosificar y personalizable<a href=\"https:\/\/gblexpress.com\/es\/tienda\/xyrem-180-ml-zu-500-mg-%ce%b3-hydroxybuttersaeure-ghb\/\">.<\/a><\/p>\n<h3><strong>\u00bfQu\u00e9 es la ketamina l\u00edquida?<\/strong><\/h3>\n<p>La ketamina l\u00edquida es un compuesto qu\u00edmico conocido como un potente tranquilizante y analg\u00e9sico. Se utiliza en medicina y cada vez m\u00e1s en terapia para aliviar s\u00edntomas como el dolor o el estr\u00e9s psicol\u00f3gico.<a href=\"https:\/\/cokebricks.com\/product-category\/research-chemicals\/\">.<\/a><\/p>\n<h3><strong>Ventajas de la ketamina l\u00edquida<\/strong><\/h3>\n<p><strong>1. efecto r\u00e1pido y eficaz<\/strong><br \/>\nLa forma l\u00edquida de la ketamina permite una r\u00e1pida absorci\u00f3n en el organismo. Muestra sus efectos calmantes y analg\u00e9sicos en pocos minutos, lo que la hace ideal para aplicaciones agudas.<\/p>\n<p><strong>2. dosificaci\u00f3n precisa<\/strong><br \/>\nCon la Ketamina l\u00edquida, las dosis pueden ajustarse con precisi\u00f3n, lo que la hace especialmente indispensable en el uso m\u00e9dico y terap\u00e9utico.<\/p>\n<p><strong>3. posibilidades de aplicaci\u00f3n vers\u00e1tiles<\/strong><br \/>\nLa forma l\u00edquida de la ketamina puede administrarse por v\u00eda intravenosa, intramuscular o subcut\u00e1nea. Esta flexibilidad permite adaptar el producto a las necesidades espec\u00edficas del usuario.<\/p>\n<h3><strong>\u00bfC\u00f3mo se utiliza la ketamina l\u00edquida?<\/strong><\/h3>\n<ul>\n<li><strong>Dosificaci\u00f3n:<\/strong> La dosis correcta es crucial para un uso seguro y eficaz. Siga siempre las instrucciones de un experto.<\/li>\n<li><strong>Aplicaci\u00f3n:<\/strong> La ketamina l\u00edquida suele administrarse mediante inyecci\u00f3n o infusi\u00f3n. Tambi\u00e9n puede utilizarse en entornos especializados.<\/li>\n<li><strong>Efectos:<\/strong> Inf\u00f3rmese sobre los posibles efectos, que pueden ir desde calmantes hasta ligeramente alucin\u00f3genos.<\/li>\n<\/ul>\n<h3><strong>Comprar ketamina l\u00edquida online<\/strong><\/h3>\n<p>Muchos usuarios buscan una forma segura de comprar ketamina l\u00edquida en l\u00ednea. Nuestra plataforma ofrece:<\/p>\n<ul>\n<li><strong>Entrega discreta:<\/strong> Su pedido se entregar\u00e1 r\u00e1pidamente y empaquetado de forma an\u00f3nima.<\/li>\n<li><strong>Calidad probada:<\/strong> Garantizamos la pureza y seguridad de nuestros productos.<\/li>\n<li><strong>Pedidos sencillos:<\/strong> Puede comprar ketamina l\u00edquida con s\u00f3lo unos clics.<\/li>\n<\/ul>\n<h3><strong>Pedir Ketamina l\u00edquida ahora<\/strong><\/h3>\n<p>Erleben Sie die Vorteile von Ketamin fl\u00fcssig \u2013 eine L\u00f6sung f\u00fcr schnelle Wirkung und pr\u00e4zise Dosierung. Ob f\u00fcr medizinische Anwendungen, Schmerztherapie oder andere spezialisierte Zwecke: Bestellen Sie noch heute sicher und diskret online. Vertrauen Sie auf ein Produkt, das f\u00fcr seine Effektivit\u00e4t und Vielseitigkeit bekannt ist.<\/p>","protected":false},"excerpt":{"rendered":"<p><strong>Ketamina l\u00edquida<\/strong>tambi\u00e9n conocido como <strong>Clorhidrato de ketamina<\/strong>es un anest\u00e9sico disociativo ampliamente utilizado en medicina e investigaci\u00f3n. Se valora por sus potentes propiedades analg\u00e9sicas, anest\u00e9sicas y neuroprotectoras y es un agente indispensable en procedimientos quir\u00fargicos, tratamientos del dolor y estudios neurol\u00f3gicos.<\/p>\n<p><strong>\u00bfC\u00f3mo funciona la ketamina l\u00edquida?<\/strong><br \/>\n<strong>Ketamina<\/strong> bloquea los receptores NMDA (N-metil-D-aspartato) en el cerebro, lo que reduce la transmisi\u00f3n de se\u00f1ales de dolor. Al mismo tiempo, crea un estado disociativo que tiene efectos analg\u00e9sicos y sedantes.<\/p>\n<ul>\n<li><strong>Efectos:<\/strong> Alivio r\u00e1pido del dolor, anestesia y, en ciertos casos, efectos neuroprotectores.<\/li>\n<li><strong>Inicio del efecto:<\/strong> Inmediatamente despu\u00e9s de la administraci\u00f3n intravenosa o intramuscular.<\/li>\n<li><strong>Duraci\u00f3n del efecto:<\/strong> 10-25 minutos para la anestesia, hasta 1 hora para el alivio del dolor.<\/li>\n<\/ul>\n<p><strong>F\u00f3rmula y propiedades<\/strong><\/p>\n<ul>\n<li><strong>Nombre qu\u00edmico:<\/strong> Clorhidrato de ketamina<\/li>\n<li><strong>F\u00f3rmula molecular:<\/strong> C13H16ClNO<\/li>\n<li><strong>Peso molecular:<\/strong> 237,7 g\/mol<\/li>\n<li><strong>Concentraciones t\u00edpicas:<\/strong> 50 mg\/ml o 100 mg\/ml (seg\u00fan el preparado).<\/li>\n<\/ul>\n<p><strong>Aplicaciones de la ketamina l\u00edquida<\/strong><\/p>\n<ul>\n<li><strong>Anestesia m\u00e9dica:<\/strong> Para intervenciones quir\u00fargicas que requieren una anestesia r\u00e1pida y eficaz.<\/li>\n<li><strong>Tratamiento del dolor:<\/strong> Adecuado para el tratamiento del dolor agudo y cr\u00f3nico en contextos cl\u00ednicos.<\/li>\n<li><strong>Investigaci\u00f3n neurocient\u00edfica:<\/strong> Estudios sobre el bloqueo de los receptores NMDA y sus efectos neuroprotectores.<\/li>\n<\/ul>","protected":false},"featured_media":1621,"comment_status":"open","ping_status":"closed","template":"","meta":{"_joinchat":[]},"product_brand":[],"product_cat":[246],"product_tag":[464,457,470,445,459,465,471,456,458,469,467,466,463,447,451,450,454,455,446,460,453,449,452,448,462,461,468],"class_list":{"0":"post-1258","1":"product","2":"type-product","3":"status-publish","4":"has-post-thumbnail","6":"product_cat-sex-meth","7":"product_tag-ketamin-100-mg-ml-kaufen","8":"product_tag-ketamin-anwendung","9":"product_tag-ketamin-chemikalien","10":"product_tag-ketamin-fluessig","11":"product_tag-ketamin-fluessig-dosierung","12":"product_tag-ketamin-fluessig-fuer-anaesthesie","13":"product_tag-ketamin-fluessig-fuer-apotheken","14":"product_tag-ketamin-fluessig-fuer-labore","15":"product_tag-ketamin-fluessig-fuer-veterinaermedizin","16":"product_tag-ketamin-fluessig-reinheit","17":"product_tag-ketamin-fluessig-vertrieb","18":"product_tag-ketamin-fluessig-weltweit-bestellen","19":"product_tag-ketamin-fluessig-wirkung","20":"product_tag-ketamin-fluessigkeit-bestellen","21":"product_tag-ketamin-fuer-forschung","22":"product_tag-ketamin-fuer-medizinische-zwecke","23":"product_tag-ketamin-grosshandel","24":"product_tag-ketamin-in-deutschland-kaufen","25":"product_tag-ketamin-kaufen","26":"product_tag-ketamin-lagerung","27":"product_tag-ketamin-legal-kaufen","28":"product_tag-ketamin-lieferant","29":"product_tag-ketamin-online-kaufen","30":"product_tag-ketamin-preis","31":"product_tag-ketamin-risiken","32":"product_tag-ketamin-sicherheitsrichtlinien","33":"product_tag-wo-ketamin-fluessig-kaufen","35":"first","36":"instock","37":"shipping-taxable","38":"purchasable","39":"product-type-variable"},"yoast_head":"<!-- This site is optimized with the Yoast SEO plugin v25.4 - https:\/\/yoast.com\/wordpress\/plugins\/seo\/ -->\n<title>Kaufen Sie Ketamina Liquid online \u2013 Ketamina Liquid zum Verkauf<\/title>\n<meta name=\"description\" content=\"Wenn Sie Ketamin-Liquid aus unserem Shop noch nicht probiert haben, verpassen Sie viel. Wir helfen Ihnen, Ketamin-Liquid online g\u00fcnstig zu kaufen. Sichern Sie sich noch heute Ketamin-Liquid!\" \/>\n<meta name=\"robots\" content=\"index, follow, max-snippet:-1, max-image-preview:large, max-video-preview:-1\" \/>\n<link rel=\"canonical\" href=\"https:\/\/gblexpress.com\/es\/producto-2\/ketamina\/\" \/>\n<meta property=\"og:locale\" content=\"es_ES\" \/>\n<meta property=\"og:type\" content=\"article\" \/>\n<meta property=\"og:title\" content=\"Kaufen Sie Ketamina Liquid online \u2013 Ketamina Liquid zum Verkauf\" \/>\n<meta property=\"og:description\" content=\"Wenn Sie Ketamin-Liquid aus unserem Shop noch nicht probiert haben, verpassen Sie viel. Wir helfen Ihnen, Ketamin-Liquid online g\u00fcnstig zu kaufen. Sichern Sie sich noch heute Ketamin-Liquid!\" \/>\n<meta property=\"og:url\" content=\"https:\/\/gblexpress.com\/es\/producto-2\/ketamina\/\" \/>\n<meta property=\"og:site_name\" content=\"GBL Express\" \/>\n<meta property=\"article:modified_time\" content=\"2026-02-27T10:28:07+00:00\" \/>\n<meta property=\"og:image\" content=\"https:\/\/gblexpress.com\/wp-content\/uploads\/2024\/11\/Ketamina-liquide.jpg\" \/>\n\t<meta property=\"og:image:width\" content=\"600\" \/>\n\t<meta property=\"og:image:height\" content=\"600\" \/>\n\t<meta property=\"og:image:type\" content=\"image\/jpeg\" \/>\n<meta name=\"twitter:card\" content=\"summary_large_image\" \/>\n<meta name=\"twitter:label1\" content=\"Tiempo de lectura\" \/>\n\t<meta name=\"twitter:data1\" content=\"2 minutos\" \/>\n<!-- \/ Yoast SEO plugin. -->","yoast_head_json":{"title":"Comprar ketamina l\u00edquida en l\u00ednea \u2013 Ketamina l\u00edquida a la venta","description":"Si a\u00fan no has probado el l\u00edquido de ketamina de nuestra tienda, te est\u00e1s perdiendo algo. Le ayudamos a comprar ketamina l\u00edquida en l\u00ednea a un precio razonable. \u00a1Obtenga su ketamina l\u00edquida hoy!","robots":{"index":"index","follow":"follow","max-snippet":"max-snippet:-1","max-image-preview":"max-image-preview:large","max-video-preview":"max-video-preview:-1"},"canonical":"https:\/\/gblexpress.com\/es\/producto-2\/ketamina\/","og_locale":"es_ES","og_type":"article","og_title":"Kaufen Sie Ketamina Liquid online \u2013 Ketamina Liquid zum Verkauf","og_description":"Wenn Sie Ketamin-Liquid aus unserem Shop noch nicht probiert haben, verpassen Sie viel. Wir helfen Ihnen, Ketamin-Liquid online g\u00fcnstig zu kaufen. Sichern Sie sich noch heute Ketamin-Liquid!","og_url":"https:\/\/gblexpress.com\/es\/producto-2\/ketamina\/","og_site_name":"GBL Express","article_modified_time":"2026-02-27T10:28:07+00:00","og_image":[{"width":600,"height":600,"url":"https:\/\/gblexpress.com\/wp-content\/uploads\/2024\/11\/Ketamina-liquide.jpg","type":"image\/jpeg"}],"twitter_card":"summary_large_image","twitter_misc":{"Tiempo de lectura":"2 minutos"},"schema":{"@context":"https:\/\/schema.org","@graph":[{"@type":"WebPage","@id":"https:\/\/gblexpress.com\/product\/ketamina\/","url":"https:\/\/gblexpress.com\/product\/ketamina\/","name":"Comprar ketamina l\u00edquida en l\u00ednea \u2013 Ketamina l\u00edquida a la venta","isPartOf":{"@id":"https:\/\/gblexpress.com\/#website"},"primaryImageOfPage":{"@id":"https:\/\/gblexpress.com\/product\/ketamina\/#primaryimage"},"image":{"@id":"https:\/\/gblexpress.com\/product\/ketamina\/#primaryimage"},"thumbnailUrl":"https:\/\/gblexpress.com\/wp-content\/uploads\/2024\/11\/Ketamina-liquide.jpg","datePublished":"2024-11-26T07:54:46+00:00","dateModified":"2026-02-27T10:28:07+00:00","description":"Si a\u00fan no has probado el l\u00edquido de ketamina de nuestra tienda, te est\u00e1s perdiendo algo. Le ayudamos a comprar ketamina l\u00edquida en l\u00ednea a un precio razonable. \u00a1Obtenga su ketamina l\u00edquida hoy!","breadcrumb":{"@id":"https:\/\/gblexpress.com\/product\/ketamina\/#breadcrumb"},"inLanguage":"es","potentialAction":[{"@type":"ReadAction","target":["https:\/\/gblexpress.com\/product\/ketamina\/"]}]},{"@type":"ImageObject","inLanguage":"es","@id":"https:\/\/gblexpress.com\/product\/ketamina\/#primaryimage","url":"https:\/\/gblexpress.com\/wp-content\/uploads\/2024\/11\/Ketamina-liquide.jpg","contentUrl":"https:\/\/gblexpress.com\/wp-content\/uploads\/2024\/11\/Ketamina-liquide.jpg","width":600,"height":600,"caption":"Ketamina-liquide online kaufen"},{"@type":"BreadcrumbList","@id":"https:\/\/gblexpress.com\/product\/ketamina\/#breadcrumb","itemListElement":[{"@type":"ListItem","position":1,"name":"Home","item":"https:\/\/gblexpress.com\/"},{"@type":"ListItem","position":2,"name":"Shop","item":"https:\/\/gblexpress.com\/shop\/"},{"@type":"ListItem","position":3,"name":"Ketamina liquide Online Kaufen"}]},{"@type":"WebSite","@id":"https:\/\/gblexpress.com\/#website","url":"https:\/\/gblexpress.com\/","name":"GBL Express","description":"","publisher":{"@id":"https:\/\/gblexpress.com\/#organization"},"potentialAction":[{"@type":"SearchAction","target":{"@type":"EntryPoint","urlTemplate":"https:\/\/gblexpress.com\/?s={search_term_string}"},"query-input":{"@type":"PropertyValueSpecification","valueRequired":true,"valueName":"search_term_string"}}],"inLanguage":"es"},{"@type":"Organization","@id":"https:\/\/gblexpress.com\/#organization","name":"GBL Express","url":"https:\/\/gblexpress.com\/","logo":{"@type":"ImageObject","inLanguage":"es","@id":"https:\/\/gblexpress.com\/#\/schema\/logo\/image\/","url":"https:\/\/gblexpress.com\/wp-content\/uploads\/2023\/01\/logo.png","contentUrl":"https:\/\/gblexpress.com\/wp-content\/uploads\/2023\/01\/logo.png","width":250,"height":52,"caption":"GBL Express"},"image":{"@id":"https:\/\/gblexpress.com\/#\/schema\/logo\/image\/"}}]}},"jetpack-related-posts":[],"jetpack_sharing_enabled":true,"_links":{"self":[{"href":"https:\/\/gblexpress.com\/es\/wp-json\/wp\/v2\/product\/1258","targetHints":{"allow":["GET"]}}],"collection":[{"href":"https:\/\/gblexpress.com\/es\/wp-json\/wp\/v2\/product"}],"about":[{"href":"https:\/\/gblexpress.com\/es\/wp-json\/wp\/v2\/types\/product"}],"replies":[{"embeddable":true,"href":"https:\/\/gblexpress.com\/es\/wp-json\/wp\/v2\/comments?post=1258"}],"wp:featuredmedia":[{"embeddable":true,"href":"https:\/\/gblexpress.com\/es\/wp-json\/wp\/v2\/media\/1621"}],"wp:attachment":[{"href":"https:\/\/gblexpress.com\/es\/wp-json\/wp\/v2\/media?parent=1258"}],"wp:term":[{"taxonomy":"product_brand","embeddable":true,"href":"https:\/\/gblexpress.com\/es\/wp-json\/wp\/v2\/product_brand?post=1258"},{"taxonomy":"product_cat","embeddable":true,"href":"https:\/\/gblexpress.com\/es\/wp-json\/wp\/v2\/product_cat?post=1258"},{"taxonomy":"product_tag","embeddable":true,"href":"https:\/\/gblexpress.com\/es\/wp-json\/wp\/v2\/product_tag?post=1258"}],"curies":[{"name":"wp","href":"https:\/\/api.w.org\/{rel}","templated":true}]}}