{"id":1259,"date":"2024-11-26T07:54:51","date_gmt":"2024-11-26T07:54:51","guid":{"rendered":"https:\/\/gblexpress.com\/?post_type=product&#038;p=1259"},"modified":"2026-02-27T10:32:15","modified_gmt":"2026-02-27T10:32:15","slug":"leki-uspokajajace","status":"publish","type":"product","link":"https:\/\/gblexpress.com\/es\/producto-2\/leki-uspokajajace\/","title":{"rendered":"Leki Uspokajajace"},"content":{"rendered":"<h2><strong>Comprar tranquilizantes: Leki Uspokajaj\u0105ce para relajarse y aliviar el estr\u00e9s.<\/strong><\/h2>\n<p><a href=\"https:\/\/de.wikipedia.org\/wiki\/Lorazepam\"><strong>Leki Uspokajaj\u0105ce<\/strong><\/a>una categor\u00eda de tranquilizantes, es cada vez m\u00e1s solicitada por las personas que buscan una soluci\u00f3n para controlar el estr\u00e9s, aliviar la ansiedad o dormir mejor. Si usted <a href=\"https:\/\/gblexpress.com\/es\/producto-2\/leki-uspokajajace\/\"><strong>Comprar tranquilizantes<\/strong><\/a>como Leki Uspokajaj\u0105ce, es importante conocer los efectos, el uso seguro y los beneficios de estos productos.<a href=\"https:\/\/gblexpress.com\/es\/tienda\/ketamina\/\">.<\/a><\/p>\n<h3><strong>Qu\u00e9 son los Leki Uspokajaj\u0105ce?<\/strong><\/h3>\n<p>Leki Uspokajaj\u0105ce son tranquilizantes especialmente desarrollados para aliviar el estr\u00e9s, la ansiedad y los problemas de sue\u00f1o. Act\u00faan sobre el sistema nervioso central para conseguir un efecto calmante y relajar la mente<a href=\"https:\/\/gblexprimer.com\/product\/ketamine-inresa-20-x-2-ml-100-mg-ml-ketamine\/\">.<\/a><\/p>\n<h3><strong>Ventajas de Leki Uspokajaj\u0105ce<\/strong><\/h3>\n<p><strong>1. reducci\u00f3n del estr\u00e9s y relajaci\u00f3n<\/strong><br \/>\nLeki Uspokajaj\u0105ce ayudan a reducir r\u00e1pidamente los s\u00edntomas del estr\u00e9s. El efecto calmante relaja el cuerpo y promueve una sensaci\u00f3n general de bienestar.<\/p>\n<p><strong>2. ayuda con los problemas de sue\u00f1o<\/strong><br \/>\nMuchas personas utilizan estos tranquilizantes para favorecer un sue\u00f1o reparador en casos de insomnio u otros trastornos del sue\u00f1o.<\/p>\n<p><strong>3. gesti\u00f3n de la ansiedad<\/strong><br \/>\nLeki Uspokajaj\u0105ce son ideales para aliviar la ansiedad aguda y restablecer el equilibrio emocional.<\/p>\n<p><strong>4. aplicaci\u00f3n flexible<\/strong><br \/>\nEl medicamento est\u00e1 disponible en varias formas, como comprimidos, gotas o c\u00e1psulas, para que pueda personalizarse.<\/p>\n<h3><strong>Aplicaci\u00f3n de Leki Uspokajaj\u0105ce<\/strong><\/h3>\n<ul>\n<li><strong>Dosificaci\u00f3n:<\/strong> La dosis correcta depende de la gravedad de los s\u00edntomas y de la tolerancia individual. Lea atentamente las instrucciones o consulte a un experto.<\/li>\n<li><strong>Ingesta regular:<\/strong> Su consumo regular puede ser \u00fatil en caso de estr\u00e9s cr\u00f3nico o trastornos del sue\u00f1o.<\/li>\n<li><strong>Efecto:<\/strong> El efecto calmante suele producirse en poco tiempo y durar varias horas.<\/li>\n<\/ul>\n<h3><strong>Comprar Leki Uspokajaj\u0105ce online con seguridad<\/strong><\/h3>\n<p>Si usted <strong>Comprar tranquilizantes en l\u00ednea<\/strong>debe prestar atenci\u00f3n a una plataforma de confianza. Nosotros te ofrecemos:<\/p>\n<ul>\n<li><strong>Entrega discreta:<\/strong> Su pedido se entregar\u00e1 de forma an\u00f3nima y empaquetado de forma segura.<\/li>\n<li><strong>Calidad probada:<\/strong> Nuestros productos cumplen las normas de calidad m\u00e1s exigentes.<\/li>\n<li><strong>Pedidos sencillos:<\/strong> Con unos pocos clics podr\u00e1 comprar Leki Uspokajaj\u0105ce en l\u00ednea de forma f\u00e1cil y segura.<\/li>\n<\/ul>\n<h3><strong>Consultas frecuentes y palabras clave<\/strong><\/h3>\n<ul>\n<li>Comprar Leki Uspokajaj\u0105ce online<\/li>\n<li>Efecto sedante y aplicaci\u00f3n<\/li>\n<li>Leki Uspokajaj\u0105ce para problemas de sue\u00f1o<\/li>\n<li>Sedante contra el estr\u00e9s<\/li>\n<li>Entrega discreta de <a href=\"https:\/\/www.bing.com\/search?q=Heroinonlinekaufen&amp;qs=n&amp;form=QBRE&amp;sp=-1&amp;lq=0&amp;pq=heroinonlinekaufen&amp;sc=0-20&amp;sk=&amp;cvid=F6823772BC774DBC94E09229BF2C64B2&amp;ghsh=0&amp;ghacc=0&amp;ghpl=\">Leki Uspokajaj\u0105ce<\/a><\/li>\n<li>Encargar tranquilizantes con seguridad<\/li>\n<li>Leki Uspokajaj\u0105ce Comparar precio<\/li>\n<\/ul>\n<h3><strong>Encargar Leki Uspokajaj\u0105ce ahora<\/strong><\/h3>\n<p>Encuentre la paz y la relajaci\u00f3n con <strong>Leki Uspokajaj\u0105ce<\/strong>. Haga su pedido en l\u00ednea hoy mismo y benef\u00edciese de un producto conocido por su efecto calmante y su alta calidad. Si desea reducir el estr\u00e9s, mejorar el sue\u00f1o o aliviar la ansiedad, estos tranquilizantes le ofrecen una soluci\u00f3n fiable. Empieza ahora y experimenta un nuevo equilibrio en tu vida diaria.<\/p>","protected":false},"excerpt":{"rendered":"<p><strong>Tranquilizantes<\/strong>tambi\u00e9n como <strong>Sedantes<\/strong> o <strong>Ansiol\u00edticos<\/strong> son f\u00e1rmacos que se utilizan para aliviar el estr\u00e9s, la ansiedad y los trastornos del sue\u00f1o. Act\u00faan directamente sobre el sistema nervioso central (SNC) para reducir la actividad neuronal, promover la calma y permitir una relajaci\u00f3n reparadora. Estos agentes se utilizan tanto en medicina como en investigaci\u00f3n para comprender mejor los mecanismos de los neurotransmisores.<\/p>\n<p><strong>\u00bfC\u00f3mo act\u00faan los tranquilizantes?<\/strong><br \/>\nLos tranquilizantes aumentan el efecto del \u00e1cido gamma-aminobut\u00edrico (<strong>GABA<\/strong>), un neurotransmisor inhibidor del cerebro. Esto provoca una reducci\u00f3n de la actividad neuronal y favorece un estado de relajaci\u00f3n.<\/p>\n<ul>\n<li><strong>Efectos:<\/strong> Reducci\u00f3n de la ansiedad, relajaci\u00f3n muscular, fomento del sue\u00f1o.<\/li>\n<li><strong>Inicio del efecto:<\/strong> De 20 minutos a 1 hora despu\u00e9s de la ingesti\u00f3n.<\/li>\n<li><strong>Duraci\u00f3n del efecto:<\/strong> Seg\u00fan el preparado y la dosis, varias horas.<\/li>\n<\/ul>\n<p><strong>F\u00f3rmula y ejemplos<\/strong><\/p>\n<ul>\n<li><strong>Benzodiacepinas:<\/strong> Diazepam (C16H13ClN2O), Lorazepam (C15H10Cl2N2O2) - tranquilizaci\u00f3n r\u00e1pida y eficaz.<\/li>\n<li><strong>Barbit\u00faricos:<\/strong> Fenobarbital: se utiliza con frecuencia en neurolog\u00eda y en investigaci\u00f3n.<\/li>\n<\/ul>","protected":false},"featured_media":1620,"comment_status":"open","ping_status":"closed","template":"","meta":{"_joinchat":[]},"product_brand":[],"product_cat":[246],"product_tag":[512,509,499,519,506,520,517,523,524,518,521,522,532,526,515,508,516,507,531,525,529,528,530,505,503,513,514,510,500,511,504,501,502,527],"class_list":{"0":"post-1259","1":"product","2":"type-product","3":"status-publish","4":"has-post-thumbnail","6":"product_cat-sex-meth","7":"product_tag-alprazolam","8":"product_tag-benzodiazepine-kaufen","9":"product_tag-beruhigungsmittel","10":"product_tag-beruhigungsmittel-anwendung","11":"product_tag-beruhigungsmittel-bestellen","12":"product_tag-beruhigungsmittel-dosierung","13":"product_tag-beruhigungsmittel-fuer-angst","14":"product_tag-beruhigungsmittel-fuer-apotheken","15":"product_tag-beruhigungsmittel-fuer-labore","16":"product_tag-beruhigungsmittel-fuer-schlaflosigkeit","17":"product_tag-beruhigungsmittel-fuer-stressabbau","18":"product_tag-beruhigungsmittel-grosshandel","19":"product_tag-beruhigungsmittel-in-deutschland-kaufen","20":"product_tag-beruhigungsmittel-lagerung","21":"product_tag-beruhigungsmittel-legal-kaufen","22":"product_tag-beruhigungsmittel-lieferant","23":"product_tag-beruhigungsmittel-ohne-rezept","24":"product_tag-beruhigungsmittel-preis","25":"product_tag-beruhigungsmittel-risiken","26":"product_tag-beruhigungsmittel-sicherheit","27":"product_tag-beruhigungsmittel-vertrieb","28":"product_tag-beruhigungsmittel-weltweit-bestellen","29":"product_tag-beruhigungsmittel-wirkung","30":"product_tag-beruhigungsprodukte-kaufen","31":"product_tag-beruhigungstabletten","32":"product_tag-bromazepam","33":"product_tag-clonazepam","34":"product_tag-diazepam","35":"product_tag-leki-uspokajajace","36":"product_tag-lorazepam","37":"product_tag-schlafmittel","38":"product_tag-sedativa","39":"product_tag-tranquilizer","40":"product_tag-wo-beruhigungsmittel-kaufen","42":"first","43":"instock","44":"shipping-taxable","45":"product-type-simple"},"yoast_head":"<!-- This site is optimized with the Yoast SEO plugin v25.4 - https:\/\/yoast.com\/wordpress\/plugins\/seo\/ -->\n<title>Beruhigungsmittel online kaufen \u2013 Beruhigungsmittel zu verkaufen<\/title>\n<meta name=\"description\" content=\"Bei Gblexpress erhalten Sie Leki Uspokajajace g\u00fcnstig. Hier k\u00f6nnen Sie hochwertige Leki Uspokajajace jetzt online in unserem Shop mit schnellem und sicherem Versand kaufen. Jetzt bestellen!\" \/>\n<meta name=\"robots\" content=\"index, follow, max-snippet:-1, max-image-preview:large, max-video-preview:-1\" \/>\n<link rel=\"canonical\" href=\"https:\/\/gblexpress.com\/es\/producto-2\/leki-uspokajajace\/\" \/>\n<meta property=\"og:locale\" content=\"es_ES\" \/>\n<meta property=\"og:type\" content=\"article\" \/>\n<meta property=\"og:title\" content=\"Beruhigungsmittel online kaufen \u2013 Beruhigungsmittel zu verkaufen\" \/>\n<meta property=\"og:description\" content=\"Bei Gblexpress erhalten Sie Leki Uspokajajace g\u00fcnstig. Hier k\u00f6nnen Sie hochwertige Leki Uspokajajace jetzt online in unserem Shop mit schnellem und sicherem Versand kaufen. Jetzt bestellen!\" \/>\n<meta property=\"og:url\" content=\"https:\/\/gblexpress.com\/es\/producto-2\/leki-uspokajajace\/\" \/>\n<meta property=\"og:site_name\" content=\"GBL Express\" \/>\n<meta property=\"article:modified_time\" content=\"2026-02-27T10:32:15+00:00\" \/>\n<meta property=\"og:image\" content=\"https:\/\/gblexpress.com\/wp-content\/uploads\/2024\/11\/Leki-Uspokajajace.jpg\" \/>\n\t<meta property=\"og:image:width\" content=\"600\" \/>\n\t<meta property=\"og:image:height\" content=\"600\" \/>\n\t<meta property=\"og:image:type\" content=\"image\/jpeg\" \/>\n<meta name=\"twitter:card\" content=\"summary_large_image\" \/>\n<meta name=\"twitter:label1\" content=\"Tiempo de lectura\" \/>\n\t<meta name=\"twitter:data1\" content=\"2 minutos\" \/>\n<!-- \/ Yoast SEO plugin. -->","yoast_head_json":{"title":"Comprar tranquilizantes online \u2013 tranquilizantes a la venta","description":"En Gblexpress puedes conseguir Leki Uspokajajace a un precio bajo. Aqu\u00ed ahora puedes comprar Leki Uspokajajace de alta calidad en l\u00ednea en nuestra tienda con env\u00edo r\u00e1pido y seguro. \u00a1Ordene ahora!","robots":{"index":"index","follow":"follow","max-snippet":"max-snippet:-1","max-image-preview":"max-image-preview:large","max-video-preview":"max-video-preview:-1"},"canonical":"https:\/\/gblexpress.com\/es\/producto-2\/leki-uspokajajace\/","og_locale":"es_ES","og_type":"article","og_title":"Beruhigungsmittel online kaufen \u2013 Beruhigungsmittel zu verkaufen","og_description":"Bei Gblexpress erhalten Sie Leki Uspokajajace g\u00fcnstig. Hier k\u00f6nnen Sie hochwertige Leki Uspokajajace jetzt online in unserem Shop mit schnellem und sicherem Versand kaufen. Jetzt bestellen!","og_url":"https:\/\/gblexpress.com\/es\/producto-2\/leki-uspokajajace\/","og_site_name":"GBL Express","article_modified_time":"2026-02-27T10:32:15+00:00","og_image":[{"width":600,"height":600,"url":"https:\/\/gblexpress.com\/wp-content\/uploads\/2024\/11\/Leki-Uspokajajace.jpg","type":"image\/jpeg"}],"twitter_card":"summary_large_image","twitter_misc":{"Tiempo de lectura":"2 minutos"},"schema":{"@context":"https:\/\/schema.org","@graph":[{"@type":"WebPage","@id":"https:\/\/gblexpress.com\/product\/leki-uspokajajace\/","url":"https:\/\/gblexpress.com\/product\/leki-uspokajajace\/","name":"Comprar tranquilizantes online \u2013 tranquilizantes a la venta","isPartOf":{"@id":"https:\/\/gblexpress.com\/#website"},"primaryImageOfPage":{"@id":"https:\/\/gblexpress.com\/product\/leki-uspokajajace\/#primaryimage"},"image":{"@id":"https:\/\/gblexpress.com\/product\/leki-uspokajajace\/#primaryimage"},"thumbnailUrl":"https:\/\/gblexpress.com\/wp-content\/uploads\/2024\/11\/Leki-Uspokajajace.jpg","datePublished":"2024-11-26T07:54:51+00:00","dateModified":"2026-02-27T10:32:15+00:00","description":"En Gblexpress puedes conseguir Leki Uspokajajace a un precio bajo. Aqu\u00ed ahora puedes comprar Leki Uspokajajace de alta calidad en l\u00ednea en nuestra tienda con env\u00edo r\u00e1pido y seguro. \u00a1Ordene ahora!","breadcrumb":{"@id":"https:\/\/gblexpress.com\/product\/leki-uspokajajace\/#breadcrumb"},"inLanguage":"es","potentialAction":[{"@type":"ReadAction","target":["https:\/\/gblexpress.com\/product\/leki-uspokajajace\/"]}]},{"@type":"ImageObject","inLanguage":"es","@id":"https:\/\/gblexpress.com\/product\/leki-uspokajajace\/#primaryimage","url":"https:\/\/gblexpress.com\/wp-content\/uploads\/2024\/11\/Leki-Uspokajajace.jpg","contentUrl":"https:\/\/gblexpress.com\/wp-content\/uploads\/2024\/11\/Leki-Uspokajajace.jpg","width":600,"height":600,"caption":"Leki-Uspokajajace online kaufen"},{"@type":"BreadcrumbList","@id":"https:\/\/gblexpress.com\/product\/leki-uspokajajace\/#breadcrumb","itemListElement":[{"@type":"ListItem","position":1,"name":"Home","item":"https:\/\/gblexpress.com\/"},{"@type":"ListItem","position":2,"name":"Shop","item":"https:\/\/gblexpress.com\/shop\/"},{"@type":"ListItem","position":3,"name":"Leki Uspokajajace"}]},{"@type":"WebSite","@id":"https:\/\/gblexpress.com\/#website","url":"https:\/\/gblexpress.com\/","name":"GBL Express","description":"","publisher":{"@id":"https:\/\/gblexpress.com\/#organization"},"potentialAction":[{"@type":"SearchAction","target":{"@type":"EntryPoint","urlTemplate":"https:\/\/gblexpress.com\/?s={search_term_string}"},"query-input":{"@type":"PropertyValueSpecification","valueRequired":true,"valueName":"search_term_string"}}],"inLanguage":"es"},{"@type":"Organization","@id":"https:\/\/gblexpress.com\/#organization","name":"GBL Express","url":"https:\/\/gblexpress.com\/","logo":{"@type":"ImageObject","inLanguage":"es","@id":"https:\/\/gblexpress.com\/#\/schema\/logo\/image\/","url":"https:\/\/gblexpress.com\/wp-content\/uploads\/2023\/01\/logo.png","contentUrl":"https:\/\/gblexpress.com\/wp-content\/uploads\/2023\/01\/logo.png","width":250,"height":52,"caption":"GBL Express"},"image":{"@id":"https:\/\/gblexpress.com\/#\/schema\/logo\/image\/"}}]}},"jetpack-related-posts":[],"jetpack_sharing_enabled":true,"_links":{"self":[{"href":"https:\/\/gblexpress.com\/es\/wp-json\/wp\/v2\/product\/1259","targetHints":{"allow":["GET"]}}],"collection":[{"href":"https:\/\/gblexpress.com\/es\/wp-json\/wp\/v2\/product"}],"about":[{"href":"https:\/\/gblexpress.com\/es\/wp-json\/wp\/v2\/types\/product"}],"replies":[{"embeddable":true,"href":"https:\/\/gblexpress.com\/es\/wp-json\/wp\/v2\/comments?post=1259"}],"wp:featuredmedia":[{"embeddable":true,"href":"https:\/\/gblexpress.com\/es\/wp-json\/wp\/v2\/media\/1620"}],"wp:attachment":[{"href":"https:\/\/gblexpress.com\/es\/wp-json\/wp\/v2\/media?parent=1259"}],"wp:term":[{"taxonomy":"product_brand","embeddable":true,"href":"https:\/\/gblexpress.com\/es\/wp-json\/wp\/v2\/product_brand?post=1259"},{"taxonomy":"product_cat","embeddable":true,"href":"https:\/\/gblexpress.com\/es\/wp-json\/wp\/v2\/product_cat?post=1259"},{"taxonomy":"product_tag","embeddable":true,"href":"https:\/\/gblexpress.com\/es\/wp-json\/wp\/v2\/product_tag?post=1259"}],"curies":[{"name":"wp","href":"https:\/\/api.w.org\/{rel}","templated":true}]}}