{"id":1264,"date":"2024-11-26T08:00:45","date_gmt":"2024-11-26T08:00:45","guid":{"rendered":"https:\/\/gblexpress.com\/?post_type=product&#038;p=1264"},"modified":"2026-02-26T07:24:54","modified_gmt":"2026-02-26T07:24:54","slug":"heroina","status":"publish","type":"product","link":"https:\/\/gblexpress.com\/es\/producto-2\/heroina\/","title":{"rendered":"Hero\u00edna"},"content":{"rendered":"<h2><strong>Heroina Online kaufen: Wichtige Informationen zu Typen und Verwendung<\/strong><\/h2>\n<p><a href=\"https:\/\/en.wikipedia.org\/wiki\/Heroin\"><strong>Hero\u00edna<\/strong><\/a> es una sustancia que est\u00e1 disponible en varias formas y tipos. Debido a sus propiedades, a menudo es buscada por usuarios que buscan efectos y aplicaciones espec\u00edficos. Si usted <a href=\"https:\/\/gblexpress.com\/es\/producto-2\/heroina\/\"><strong>Comprar Hero\u00edna<\/strong><\/a> es importante conocer los distintos tipos, sus efectos y usos seguros<a href=\"https:\/\/gblexprimer.com\/product\/ketamine-s-isomere-99-rene-500g\/\">.<\/a><\/p>\n<h3><strong>Tipos de hero\u00edna<\/strong><\/h3>\n<p><strong>1. Hero\u00edna blanca en polvo<\/strong><br \/>\nLa Hero\u00edna Blanca est\u00e1 altamente purificada y se suele utilizar por inhalaci\u00f3n o inyecci\u00f3n. Es conocida por sus efectos r\u00e1pidos y potentes y es la preferida de los consumidores que desean obtener los m\u00e1ximos resultados.<a href=\"https:\/\/gblexpress.com\/es\/tienda\/seco-cocido-ghb-500-gramos\/\">.<\/a><\/p>\n<p><strong>2. Hero\u00edna marr\u00f3n (base)<\/strong><br \/>\nLa hero\u00edna marr\u00f3n tiene una estructura qu\u00edmica ligeramente diferente y suele fumarse o consumirse por otros m\u00e9todos alternativos. Est\u00e1 menos purificada que la hero\u00edna blanca y suele venderse en mercados callejeros.<\/p>\n<p><strong>3. alquitr\u00e1n negro Hero\u00edna<\/strong><br \/>\nEsta forma es pegajosa y de color m\u00e1s oscuro, conocida por su menor pureza. Suele ser la preferida en determinadas regiones y requiere un m\u00e9todo de preparaci\u00f3n diferente.<\/p>\n<h3><strong>\u00bfPor qu\u00e9 elegir Heroina?<\/strong><\/h3>\n<p><strong>1. efecto fuerte y r\u00e1pido<\/strong><br \/>\nLa hero\u00edna es conocida por su capacidad para producir un fuerte efecto r\u00e1pidamente, lo que la convierte en una sustancia muy demandada.<\/p>\n<p><strong>2. diferentes opciones para diferentes necesidades<\/strong><br \/>\nTanto si prefieres el polvo blanco para un efecto m\u00e1s r\u00e1pido como la Hero\u00edna marr\u00f3n para un efecto m\u00e1s suave, los tipos ofrecen una elecci\u00f3n en funci\u00f3n de las preferencias del usuario.<\/p>\n<p><strong>3. aplicaci\u00f3n discreta y sencilla<\/strong><br \/>\nLa sustancia puede consumirse de diferentes maneras, lo que permite a los usuarios elegir el m\u00e9todo adecuado en funci\u00f3n de su nivel de comodidad y su objetivo.<\/p>\n<h3><strong>T\u00e9rminos de b\u00fasqueda y palabras clave populares<\/strong><\/h3>\n<ul>\n<li><strong>Comprar Heroina en l\u00ednea<\/strong><\/li>\n<li><strong>Hero\u00edna Comparar precios<\/strong><\/li>\n<li><strong>Hero\u00edna polvo blanco<\/strong><\/li>\n<li><strong>Marr\u00f3n Efecto Hero\u00edna<\/strong><\/li>\n<li><strong>Comprar hero\u00edna de alquitr\u00e1n negro<\/strong><\/li>\n<li><strong>Dosis de hero\u00edna<\/strong><\/li>\n<li><strong>Efectos secundarios de la hero\u00edna<\/strong><\/li>\n<li><strong>Comprar Heroina con seguridad<\/strong><\/li>\n<\/ul>\n<h3>Compra segura de Hero\u00edna<\/h3>\n<p>Ofrecemos una plataforma en la que puede <strong>Comprar Heroina en l\u00ednea<\/strong> con un embalaje discreto y una entrega r\u00e1pida. Nuestro objetivo es proporcionarle un acceso f\u00e1cil y seguro a los productos que necesita.<\/p>\n<h3>Instrucciones de uso<\/h3>\n<p>El uso de <a href=\"https:\/\/duckduckgo.com\/?q=Heroin+online+kaufen&amp;t=h_&amp;ia=web\">Hero\u00edna<\/a> Heroina debe utilizarse siempre con precauci\u00f3n. Consulte a un especialista si tiene alguna duda sobre la dosis y la aplicaci\u00f3n. Es importante conocer los posibles efectos secundarios y riesgos antes de utilizar la sustancia.<\/p>\n<h3><strong>Comprar Heroina ahora<\/strong><\/h3>\n<p>Encuentre el tipo adecuado a sus necesidades y haga su pedido <a href=\"https:\/\/www.google.de\/search?q=Anavar+50+mg+online+kaufen&amp;sca_esv=7d1b82273738a5db&amp;hl=en&amp;ei=foLiZ_nZK6qMm9cPv4Xd6AQ&amp;ved=0ahUKEwj5kMidgKWMAxUqxuYEHb9CF00Q4dUDCBA&amp;uact=5&amp;oq=Anavar+50+mg+online+kaufen&amp;gs_lp=Egxnd3Mtd2l6LXNlcnAiGkFuYXZhciA1MCBtZyBvbmxpbmUga2F1ZmVuSJsGUABYAHAAeACQAQCYAQCgAQCqAQC4AQPIAQD4AQL4AQGYAgCgAgCYAwCSBwCgBwCyBwC4BwA&amp;sclient=gws-wiz-serp\"><strong>Hero\u00edna<\/strong><\/a> En l\u00ednea hoy. Elige entre hero\u00edna blanca, hero\u00edna marr\u00f3n o alquitr\u00e1n negro.<a href=\"https:\/\/www.google.de\/search?q=Anavar+50+mg+online+kaufen&amp;sca_esv=7d1b82273738a5db&amp;hl=en&amp;ei=foLiZ_nZK6qMm9cPv4Xd6AQ&amp;ved=0ahUKEwj5kMidgKWMAxUqxuYEHb9CF00Q4dUDCBA&amp;uact=5&amp;oq=Anavar+50+mg+online+kaufen&amp;gs_lp=Egxnd3Mtd2l6LXNlcnAiGkFuYXZhciA1MCBtZyBvbmxpbmUga2F1ZmVuSJsGUABYAHAAeACQAQCYAQCgAQCqAQC4AQPIAQD4AQL4AQGYAgCgAgCYAwCSBwCgBwCyBwC4BwA&amp;sclient=gws-wiz-serp\">Hero\u00edna \u2013 segura<\/a>en l\u00ednea hoy mismo. Elige entre Heroina blanca, Heroina marr\u00f3n o Heroina negra de alquitr\u00e1n: segura, discreta y sin complicaciones. Empieza ahora e inf\u00f3rmate sobre las mejores opciones para tus preferencias.<\/p>","protected":false},"excerpt":{"rendered":"<p><strong>Hero\u00edna<\/strong>qu\u00edmicamente conocido como <strong>Diacetilmorfina<\/strong>es un opioide semisint\u00e9tico derivado de la morfina. Es conocido por sus potentes propiedades analg\u00e9sicas y sedantes y se est\u00e1 estudiando en investigaci\u00f3n m\u00e9dica y para aplicaciones especializadas. <strong>Hero\u00edna<\/strong> desempe\u00f1a un papel clave en la investigaci\u00f3n de los receptores opioides, los mecanismos de adicci\u00f3n y el alivio del dolor.<\/p>\n<p><strong>\u00bfC\u00f3mo funciona la hero\u00edna?<\/strong><br \/>\n<strong>Hero\u00edna<\/strong> tiene el efecto de <strong>Receptores \u00b5-opioides<\/strong> en el sistema nervioso central. Esta uni\u00f3n bloquea las se\u00f1ales de dolor, al tiempo que desencadena una fuerte liberaci\u00f3n de dopamina, que provoca euforia y relajaci\u00f3n.<\/p>\n<ul>\n<li><strong>Efectos:<\/strong> Alivio r\u00e1pido del dolor, relajaci\u00f3n intensiva y sedaci\u00f3n.<\/li>\n<li><strong>Inicio del efecto:<\/strong> 2-10 minutos despu\u00e9s de la administraci\u00f3n (dependiendo del m\u00e9todo).<\/li>\n<li><strong>Duraci\u00f3n del efecto:<\/strong> De 3 a 6 horas.<\/li>\n<\/ul>\n<p><strong>F\u00f3rmula y propiedades<\/strong><\/p>\n<ul>\n<li><strong>Nombre qu\u00edmico:<\/strong> Diacetilmorfina<\/li>\n<li><strong>F\u00f3rmula molecular:<\/strong> C21H23NO5<\/li>\n<li><strong>Peso molecular:<\/strong> 369,41 g\/mol<\/li>\n<\/ul>","protected":false},"featured_media":1612,"comment_status":"open","ping_status":"closed","template":"","meta":{"_joinchat":[]},"product_brand":[],"product_cat":[246],"product_tag":[419,429,418,426,421,436,431,422,443,435,423,430,427,444,420,428,432,441,424,425,437,434,433,439,440,438,442],"class_list":{"0":"post-1264","1":"product","2":"type-product","3":"status-publish","4":"has-post-thumbnail","6":"product_cat-sex-meth","7":"product_tag-diacetylmorphin","8":"product_tag-diacetylmorphin-kaufen","9":"product_tag-heroin","10":"product_tag-heroin-anwendung","11":"product_tag-heroin-bestellen","12":"product_tag-heroin-chemie","13":"product_tag-heroin-dosierung","14":"product_tag-heroin-forschung","15":"product_tag-heroin-fuer-apotheken","16":"product_tag-heroin-fuer-forschung","17":"product_tag-heroin-fuer-medizinische-zwecke","18":"product_tag-heroin-fuer-wissenschaft","19":"product_tag-heroin-grosshandel","20":"product_tag-heroin-in-deutschland-kaufen","21":"product_tag-heroin-kaufen","22":"product_tag-heroin-laborbedarf","23":"product_tag-heroin-lagerung","24":"product_tag-heroin-legal-kaufen","25":"product_tag-heroin-lieferant","26":"product_tag-heroin-preis","27":"product_tag-heroin-reinheit","28":"product_tag-heroin-risiken","29":"product_tag-heroin-sicherheitsrichtlinien","30":"product_tag-heroin-testsubstanzen","31":"product_tag-heroin-weltweit-bestellen","32":"product_tag-heroin-wirkung","33":"product_tag-wo-heroin-kaufen","35":"first","36":"instock","37":"shipping-taxable","38":"purchasable","39":"product-type-variable"},"yoast_head":"<!-- This site is optimized with the Yoast SEO plugin v25.4 - https:\/\/yoast.com\/wordpress\/plugins\/seo\/ -->\n<title>Heroin online kaufen \u2013 Heroin zu verkaufen<\/title>\n<meta name=\"description\" content=\"Kaufen Sie Heroina online zu den besten Preisen in unserem Online-Shop. Wir bieten g\u00fcnstiges und hochwertiges Heroina an und liefern weltweit. Sie k\u00f6nnen jederzeit und \u00fcberall bestellen.\" \/>\n<meta name=\"robots\" content=\"index, follow, max-snippet:-1, max-image-preview:large, max-video-preview:-1\" \/>\n<link rel=\"canonical\" href=\"https:\/\/gblexpress.com\/es\/producto-2\/heroina\/\" \/>\n<meta property=\"og:locale\" content=\"es_ES\" \/>\n<meta property=\"og:type\" content=\"article\" \/>\n<meta property=\"og:title\" content=\"Heroin online kaufen \u2013 Heroin zu verkaufen\" \/>\n<meta property=\"og:description\" content=\"Kaufen Sie Heroina online zu den besten Preisen in unserem Online-Shop. Wir bieten g\u00fcnstiges und hochwertiges Heroina an und liefern weltweit. Sie k\u00f6nnen jederzeit und \u00fcberall bestellen.\" \/>\n<meta property=\"og:url\" content=\"https:\/\/gblexpress.com\/es\/producto-2\/heroina\/\" \/>\n<meta property=\"og:site_name\" content=\"GBL Express\" \/>\n<meta property=\"article:modified_time\" content=\"2026-02-26T07:24:54+00:00\" \/>\n<meta property=\"og:image\" content=\"https:\/\/gblexpress.com\/wp-content\/uploads\/2024\/11\/heroin.jpg\" \/>\n\t<meta property=\"og:image:width\" content=\"600\" \/>\n\t<meta property=\"og:image:height\" content=\"600\" \/>\n\t<meta property=\"og:image:type\" content=\"image\/jpeg\" \/>\n<meta name=\"twitter:card\" content=\"summary_large_image\" \/>\n<meta name=\"twitter:label1\" content=\"Tiempo de lectura\" \/>\n\t<meta name=\"twitter:data1\" content=\"2 minutos\" \/>\n<!-- \/ Yoast SEO plugin. -->","yoast_head_json":{"title":"Comprar hero\u00edna en l\u00ednea \u2013 vender hero\u00edna","description":"Compra Hero\u00edna online a los mejores precios en nuestra tienda online. Ofrecemos hero\u00edna asequible y de alta calidad y realizamos env\u00edos a todo el mundo. Puedes realizar tu pedido en cualquier momento y en cualquier lugar.","robots":{"index":"index","follow":"follow","max-snippet":"max-snippet:-1","max-image-preview":"max-image-preview:large","max-video-preview":"max-video-preview:-1"},"canonical":"https:\/\/gblexpress.com\/es\/producto-2\/heroina\/","og_locale":"es_ES","og_type":"article","og_title":"Heroin online kaufen \u2013 Heroin zu verkaufen","og_description":"Kaufen Sie Heroina online zu den besten Preisen in unserem Online-Shop. Wir bieten g\u00fcnstiges und hochwertiges Heroina an und liefern weltweit. Sie k\u00f6nnen jederzeit und \u00fcberall bestellen.","og_url":"https:\/\/gblexpress.com\/es\/producto-2\/heroina\/","og_site_name":"GBL Express","article_modified_time":"2026-02-26T07:24:54+00:00","og_image":[{"width":600,"height":600,"url":"https:\/\/gblexpress.com\/wp-content\/uploads\/2024\/11\/heroin.jpg","type":"image\/jpeg"}],"twitter_card":"summary_large_image","twitter_misc":{"Tiempo de lectura":"2 minutos"},"schema":{"@context":"https:\/\/schema.org","@graph":[{"@type":"WebPage","@id":"https:\/\/gblexpress.com\/product\/heroina\/","url":"https:\/\/gblexpress.com\/product\/heroina\/","name":"Comprar hero\u00edna en l\u00ednea \u2013 vender hero\u00edna","isPartOf":{"@id":"https:\/\/gblexpress.com\/#website"},"primaryImageOfPage":{"@id":"https:\/\/gblexpress.com\/product\/heroina\/#primaryimage"},"image":{"@id":"https:\/\/gblexpress.com\/product\/heroina\/#primaryimage"},"thumbnailUrl":"https:\/\/gblexpress.com\/wp-content\/uploads\/2024\/11\/heroin.jpg","datePublished":"2024-11-26T08:00:45+00:00","dateModified":"2026-02-26T07:24:54+00:00","description":"Compra Hero\u00edna online a los mejores precios en nuestra tienda online. Ofrecemos hero\u00edna asequible y de alta calidad y realizamos env\u00edos a todo el mundo. Puedes realizar tu pedido en cualquier momento y en cualquier lugar.","breadcrumb":{"@id":"https:\/\/gblexpress.com\/product\/heroina\/#breadcrumb"},"inLanguage":"es","potentialAction":[{"@type":"ReadAction","target":["https:\/\/gblexpress.com\/product\/heroina\/"]}]},{"@type":"ImageObject","inLanguage":"es","@id":"https:\/\/gblexpress.com\/product\/heroina\/#primaryimage","url":"https:\/\/gblexpress.com\/wp-content\/uploads\/2024\/11\/heroin.jpg","contentUrl":"https:\/\/gblexpress.com\/wp-content\/uploads\/2024\/11\/heroin.jpg","width":600,"height":600,"caption":"heroin online kaufen"},{"@type":"BreadcrumbList","@id":"https:\/\/gblexpress.com\/product\/heroina\/#breadcrumb","itemListElement":[{"@type":"ListItem","position":1,"name":"Home","item":"https:\/\/gblexpress.com\/"},{"@type":"ListItem","position":2,"name":"Shop","item":"https:\/\/gblexpress.com\/shop\/"},{"@type":"ListItem","position":3,"name":"Heroina"}]},{"@type":"WebSite","@id":"https:\/\/gblexpress.com\/#website","url":"https:\/\/gblexpress.com\/","name":"GBL Express","description":"","publisher":{"@id":"https:\/\/gblexpress.com\/#organization"},"potentialAction":[{"@type":"SearchAction","target":{"@type":"EntryPoint","urlTemplate":"https:\/\/gblexpress.com\/?s={search_term_string}"},"query-input":{"@type":"PropertyValueSpecification","valueRequired":true,"valueName":"search_term_string"}}],"inLanguage":"es"},{"@type":"Organization","@id":"https:\/\/gblexpress.com\/#organization","name":"GBL Express","url":"https:\/\/gblexpress.com\/","logo":{"@type":"ImageObject","inLanguage":"es","@id":"https:\/\/gblexpress.com\/#\/schema\/logo\/image\/","url":"https:\/\/gblexpress.com\/wp-content\/uploads\/2023\/01\/logo.png","contentUrl":"https:\/\/gblexpress.com\/wp-content\/uploads\/2023\/01\/logo.png","width":250,"height":52,"caption":"GBL Express"},"image":{"@id":"https:\/\/gblexpress.com\/#\/schema\/logo\/image\/"}}]}},"jetpack-related-posts":[],"jetpack_sharing_enabled":true,"_links":{"self":[{"href":"https:\/\/gblexpress.com\/es\/wp-json\/wp\/v2\/product\/1264","targetHints":{"allow":["GET"]}}],"collection":[{"href":"https:\/\/gblexpress.com\/es\/wp-json\/wp\/v2\/product"}],"about":[{"href":"https:\/\/gblexpress.com\/es\/wp-json\/wp\/v2\/types\/product"}],"replies":[{"embeddable":true,"href":"https:\/\/gblexpress.com\/es\/wp-json\/wp\/v2\/comments?post=1264"}],"wp:featuredmedia":[{"embeddable":true,"href":"https:\/\/gblexpress.com\/es\/wp-json\/wp\/v2\/media\/1612"}],"wp:attachment":[{"href":"https:\/\/gblexpress.com\/es\/wp-json\/wp\/v2\/media?parent=1264"}],"wp:term":[{"taxonomy":"product_brand","embeddable":true,"href":"https:\/\/gblexpress.com\/es\/wp-json\/wp\/v2\/product_brand?post=1264"},{"taxonomy":"product_cat","embeddable":true,"href":"https:\/\/gblexpress.com\/es\/wp-json\/wp\/v2\/product_cat?post=1264"},{"taxonomy":"product_tag","embeddable":true,"href":"https:\/\/gblexpress.com\/es\/wp-json\/wp\/v2\/product_tag?post=1264"}],"curies":[{"name":"wp","href":"https:\/\/api.w.org\/{rel}","templated":true}]}}