{"id":1802,"date":"2025-06-24T06:15:37","date_gmt":"2025-06-24T06:15:37","guid":{"rendered":"https:\/\/gblexpress.com\/?post_type=product&#038;p=1802"},"modified":"2026-02-25T05:20:14","modified_gmt":"2026-02-25T05:20:14","slug":"buy-ghb-tablets-online","status":"publish","type":"product","link":"https:\/\/gblexpress.com\/es\/producto-2\/buy-ghb-tablets-online\/","title":{"rendered":"Comprar comprimidos de GHB en l\u00ednea"},"content":{"rendered":"<h2><strong>Comprar comprimidos de gamma-hidroxibutirato en l\u00ednea - Aseg\u00farese el suministro de fuentes fiables<\/strong><\/h2>\n<p><a href=\"https:\/\/gblexpress.com\/es\/producto-2\/buy-ghb-tablets-online\/\">Los comprimidos de gamma-hidroxibutirato (GHB) pueden adquirirse por Internet.<\/a> puede obtenerse. El GHB, un depresor central con efecto relajante, se utiliza en diversos \u00e1mbitos, incluidos los sectores del fitness y la salud. Comprar GHB a un proveedor fiable es crucial para el control de calidad. P\u00eddenos ahora GHB online y benef\u00edciate de un env\u00edo r\u00e1pido y discreto.<\/p>\n<h3><strong>\u00bfC\u00f3mo funciona y qu\u00e9 es la pastilla de GHB?<\/strong><\/h3>\n<p>El cerebro produce espont\u00e1neamente <a href=\"https:\/\/en.wikipedia.org\/wiki\/%CE%93-Hydroxybutyric_acid\">Gamma-hidroxibutirato<\/a> (C4H8O3) como metabolito del importante neurotransmisor inhibidor \u00e1cido gamma-aminobut\u00edrico (GABA). Aunque se produce de forma natural, las concentraciones en el cerebro son significativamente inferiores a las que suelen observarse en el consumo de drogas. Debido a sus efectos sedantes y relajantes, la venta comercial de GHB ha llevado a muchas personas a comprarlo por Internet. Se suele abusar de \u00e9l en discotecas, fiestas y raves, aunque se utiliza en medicina para tratar afecciones como la narcolepsia. El GHB suele anunciarse como droga recreativa cuando se vende en forma l\u00edquida o en polvo.<\/p>\n<h3><strong>\u00bfPor qu\u00e9 se compran pastillas de GHB por Internet?<\/strong><\/h3>\n<p>Hay varias razones por las que la gente compra pastillas de GHB en l\u00ednea. Aunque se utiliza con fines m\u00e9dicos, por ejemplo como f\u00e1rmaco para la narcolepsia bajo la marca Xyrem, tambi\u00e9n se suele abusar de \u00e9l como \"droga de discoteca\" o en fiestas. Es importante recordar que existe una delgada l\u00ednea entre las dosis seguras y las perjudiciales, y que los efectos pueden ser impredecibles. Coma, n\u00e1useas, p\u00e9rdida de memoria e inconsciencia son posibles efectos secundarios. A pesar de estas preocupaciones, muchas personas siguen comprando pastillas de GHB por Internet con fines recreativos, a menudo sin darse cuenta de las graves consecuencias.<\/p>\n<h3><strong>\u00bfEs seguro comprar comprimidos de GHB por Internet?<\/strong><\/h3>\n<p>Al comprar GHB en l\u00ednea, es importante ser consciente de los peligros del uso inadecuado y de los productos de calidad inferior. Algunos sitios web ofrecen GHB contaminado que se ha mezclado con otras drogas, lo que empeora a\u00fan m\u00e1s los efectos. Dependiendo del pa\u00eds de origen, la calidad de los productos de GHB puede variar enormemente. Para reducir el riesgo de impurezas peligrosas, debes asegurarte siempre de que tu GHB procede de un proveedor fiable.<\/p>\n<h3><strong>GHB en venta: Diversas formas de comprimidos de GHB<\/strong><\/h3>\n<p>El GHB est\u00e1 disponible en varias formas, como comprimidos, polvo y l\u00edquido. La forma m\u00e1s popular de GHB es l\u00edquida y suele venderse en peque\u00f1os viales o envases. Mientras que el GHB en polvo suele ofrecerse en peque\u00f1os paquetes, las versiones callejeras a veces se diluyen con agua. Para asegurarse de que est\u00e1 adquiriendo una sustancia de alta calidad que es segura de consumir cuando se toma correctamente, pida GHB en l\u00ednea en sitios web de confianza. Es importante tener en cuenta que el GHB tiene una ventana terap\u00e9utica limitada, lo que significa que hay poca diferencia entre una dosis recreativa y una sobredosis.<\/p>\n<h3><strong>Peligros de tomar comprimidos de GHB: entender la toxicidad<\/strong><\/h3>\n<p>Uno de los mayores peligros de tomar GHB es una sobredosis accidental. Pida GHB por Internet s\u00f3lo si es consciente de los riesgos potenciales para la salud. La ingesta excesiva de GHB puede provocar efectos secundarios potencialmente mortales, como depresi\u00f3n respiratoria, p\u00e9rdida del conocimiento y convulsiones. Dado que la diferencia entre una dosis eficaz y una perjudicial es peque\u00f1a, se recomienda extremar la precauci\u00f3n.<\/p>\n<h3><strong>Marco jur\u00eddico de los comprimidos de GHB<\/strong><\/h3>\n<p>El GHB est\u00e1 prohibido para uso recreativo en muchos pa\u00edses. All\u00ed donde est\u00e1 permitido, suele estar sujeto a estrictas normas. En muchos pa\u00edses, comprar GHB en l\u00ednea sin receta es ilegal. No obstante, algunos minoristas y farmacias en l\u00ednea lo venden con fines m\u00e9dicos, por ejemplo para tratar la narcolepsia. Aseg\u00farate de cumplir las leyes y normativas locales si quieres comprar GHB online.<\/p>\n<h3><strong>Asegure ahora su compra de GHB en l\u00ednea: calidad fiable y env\u00edo r\u00e1pido<\/strong><\/h3>\n<p>\u00bfDesea encargar GHB por Internet? Puro, de alta calidad GHB est\u00e1 disponible en nuestro mercado, incluyendo el env\u00edo r\u00e1pido y embalaje seguro. Puede contar con nosotros para la entrega de art\u00edculos fiables y seguros, tanto si compra con fines m\u00e9dicos, de investigaci\u00f3n u otros fines controlados. Nos aseguramos de que todos nuestros productos sean de la m\u00e1s alta calidad y se entreguen discretamente.<\/p>","protected":false},"excerpt":{"rendered":"<p><b>\u00c1cido gamma hidroxibut\u00edrico<\/b>, corto\u00a0<b>GHB<\/b>es una con\u00a0<a class=\"mw-redirect\" href=\"https:\/\/flexikon.doccheck.com\/de\/GABA\" data-dc-preview-article-id=\"64774\" data-dc-popover-trigger=\"popover-64774\" data-dc-popover-trigger-mode=\"hover\" data-dc-popover-trigger-placement=\"top,left,bottom,right\" data-dc-popover-trigger-delay=\"300\">GABA<\/a>\u00a0sustancia relacionada y presente de forma natural en el cuerpo humano del grupo de las\u00a0<a class=\"new\" title=\"Oxybat (Crear art\u00edculo ahora...)\" href=\"https:\/\/flexikon.doccheck.com\/de\/index.php?title=Oxybat&amp;action=edit&amp;redlink=1\">Oxibato<\/a>. Es un potente\u00a0<a href=\"https:\/\/flexikon.doccheck.com\/de\/Narkotikum\" data-dc-preview-article-id=\"18899\" data-dc-popover-trigger=\"popover-18899\" data-dc-popover-trigger-mode=\"hover\" data-dc-popover-trigger-placement=\"top,left,bottom,right\" data-dc-popover-trigger-delay=\"300\">Narc\u00f3ticos<\/a>\u00a0y se utiliza principalmente como\u00a0<a href=\"https:\/\/flexikon.doccheck.com\/de\/Psychopharmakon\" data-dc-preview-article-id=\"8619\" data-dc-popover-trigger=\"popover-8619\" data-dc-popover-trigger-mode=\"hover\" data-dc-popover-trigger-placement=\"top,left,bottom,right\" data-dc-popover-trigger-delay=\"300\">Medicamento psicotr\u00f3pico<\/a>\u00a0para el tratamiento de\u00a0<a href=\"https:\/\/flexikon.doccheck.com\/de\/Narkolepsie\" data-dc-preview-article-id=\"76449\" data-dc-popover-trigger=\"popover-76449\" data-dc-popover-trigger-mode=\"hover\" data-dc-popover-trigger-placement=\"top,left,bottom,right\" data-dc-popover-trigger-delay=\"300\">Narcolepsia<\/a> Aplicaci\u00f3n; pastillas de GHB.<\/p>","protected":false},"featured_media":1804,"comment_status":"open","ping_status":"closed","template":"","meta":{"_joinchat":[]},"product_brand":[],"product_cat":[34],"product_tag":[],"class_list":{"0":"post-1802","1":"product","2":"type-product","3":"status-publish","4":"has-post-thumbnail","6":"product_cat-ghb","8":"first","9":"instock","10":"shipping-taxable","11":"purchasable","12":"product-type-variable"},"yoast_head":"<!-- This site is optimized with the Yoast SEO plugin v25.4 - https:\/\/yoast.com\/wordpress\/plugins\/seo\/ -->\n<title>GHB Tabletten online kaufen - GHB Tabletten verkaufen<\/title>\n<meta name=\"description\" content=\"Verpassen nicht die gelegenheit, GHB tabletten online in unserem Shop zu kaufen. Wir bieten ausschlie\u00dflich Feilen und GHB tabletten zu g\u00fcnstigen Preisen an. Bestellen Sie jetzt!\" \/>\n<meta name=\"robots\" content=\"index, follow, max-snippet:-1, max-image-preview:large, max-video-preview:-1\" \/>\n<link rel=\"canonical\" href=\"https:\/\/gblexpress.com\/es\/producto-2\/buy-ghb-tablets-online\/\" \/>\n<meta property=\"og:locale\" content=\"es_ES\" \/>\n<meta property=\"og:type\" content=\"article\" \/>\n<meta property=\"og:title\" content=\"GHB Tabletten online kaufen - GHB Tabletten verkaufen\" \/>\n<meta property=\"og:description\" content=\"Verpassen nicht die gelegenheit, GHB tabletten online in unserem Shop zu kaufen. Wir bieten ausschlie\u00dflich Feilen und GHB tabletten zu g\u00fcnstigen Preisen an. Bestellen Sie jetzt!\" \/>\n<meta property=\"og:url\" content=\"https:\/\/gblexpress.com\/es\/producto-2\/buy-ghb-tablets-online\/\" \/>\n<meta property=\"og:site_name\" content=\"GBL Express\" \/>\n<meta property=\"article:modified_time\" content=\"2026-02-25T05:20:14+00:00\" \/>\n<meta property=\"og:image\" content=\"https:\/\/gblexpress.com\/wp-content\/uploads\/2025\/06\/GHB-Tabletten-online-Kaufen.jpg\" \/>\n\t<meta property=\"og:image:width\" content=\"600\" \/>\n\t<meta property=\"og:image:height\" content=\"600\" \/>\n\t<meta property=\"og:image:type\" content=\"image\/jpeg\" \/>\n<meta name=\"twitter:card\" content=\"summary_large_image\" \/>\n<meta name=\"twitter:label1\" content=\"Tiempo de lectura\" \/>\n\t<meta name=\"twitter:data1\" content=\"3 minutos\" \/>\n<!-- \/ Yoast SEO plugin. -->","yoast_head_json":{"title":"Comprar pastillas de GHB online - Venta de pastillas de GHB","description":"No pierda la oportunidad de comprar pastillas de GHB online en nuestra tienda. S\u00f3lo ofrecemos limas y pastillas de GHB a precios favorables. \u00a1Haga su pedido ahora!","robots":{"index":"index","follow":"follow","max-snippet":"max-snippet:-1","max-image-preview":"max-image-preview:large","max-video-preview":"max-video-preview:-1"},"canonical":"https:\/\/gblexpress.com\/es\/producto-2\/buy-ghb-tablets-online\/","og_locale":"es_ES","og_type":"article","og_title":"GHB Tabletten online kaufen - GHB Tabletten verkaufen","og_description":"Verpassen nicht die gelegenheit, GHB tabletten online in unserem Shop zu kaufen. Wir bieten ausschlie\u00dflich Feilen und GHB tabletten zu g\u00fcnstigen Preisen an. Bestellen Sie jetzt!","og_url":"https:\/\/gblexpress.com\/es\/producto-2\/buy-ghb-tablets-online\/","og_site_name":"GBL Express","article_modified_time":"2026-02-25T05:20:14+00:00","og_image":[{"width":600,"height":600,"url":"https:\/\/gblexpress.com\/wp-content\/uploads\/2025\/06\/GHB-Tabletten-online-Kaufen.jpg","type":"image\/jpeg"}],"twitter_card":"summary_large_image","twitter_misc":{"Tiempo de lectura":"3 minutos"},"schema":{"@context":"https:\/\/schema.org","@graph":[{"@type":"WebPage","@id":"https:\/\/gblexpress.com\/product\/ghb-tabletten-online-kaufen\/","url":"https:\/\/gblexpress.com\/product\/ghb-tabletten-online-kaufen\/","name":"Comprar pastillas de GHB online - Venta de pastillas de GHB","isPartOf":{"@id":"https:\/\/gblexpress.com\/#website"},"primaryImageOfPage":{"@id":"https:\/\/gblexpress.com\/product\/ghb-tabletten-online-kaufen\/#primaryimage"},"image":{"@id":"https:\/\/gblexpress.com\/product\/ghb-tabletten-online-kaufen\/#primaryimage"},"thumbnailUrl":"https:\/\/gblexpress.com\/wp-content\/uploads\/2025\/06\/GHB-Tabletten-online-Kaufen.jpg","datePublished":"2025-06-24T06:15:37+00:00","dateModified":"2026-02-25T05:20:14+00:00","description":"No pierda la oportunidad de comprar pastillas de GHB online en nuestra tienda. S\u00f3lo ofrecemos limas y pastillas de GHB a precios favorables. \u00a1Haga su pedido ahora!","breadcrumb":{"@id":"https:\/\/gblexpress.com\/product\/ghb-tabletten-online-kaufen\/#breadcrumb"},"inLanguage":"es","potentialAction":[{"@type":"ReadAction","target":["https:\/\/gblexpress.com\/product\/ghb-tabletten-online-kaufen\/"]}]},{"@type":"ImageObject","inLanguage":"es","@id":"https:\/\/gblexpress.com\/product\/ghb-tabletten-online-kaufen\/#primaryimage","url":"https:\/\/gblexpress.com\/wp-content\/uploads\/2025\/06\/GHB-Tabletten-online-Kaufen.jpg","contentUrl":"https:\/\/gblexpress.com\/wp-content\/uploads\/2025\/06\/GHB-Tabletten-online-Kaufen.jpg","width":600,"height":600,"caption":"GHB-Tabletten-online-Kaufen"},{"@type":"BreadcrumbList","@id":"https:\/\/gblexpress.com\/product\/ghb-tabletten-online-kaufen\/#breadcrumb","itemListElement":[{"@type":"ListItem","position":1,"name":"Home","item":"https:\/\/gblexpress.com\/"},{"@type":"ListItem","position":2,"name":"Shop","item":"https:\/\/gblexpress.com\/shop\/"},{"@type":"ListItem","position":3,"name":"GHB-Tabletten online Kaufen"}]},{"@type":"WebSite","@id":"https:\/\/gblexpress.com\/#website","url":"https:\/\/gblexpress.com\/","name":"GBL Express","description":"","publisher":{"@id":"https:\/\/gblexpress.com\/#organization"},"potentialAction":[{"@type":"SearchAction","target":{"@type":"EntryPoint","urlTemplate":"https:\/\/gblexpress.com\/?s={search_term_string}"},"query-input":{"@type":"PropertyValueSpecification","valueRequired":true,"valueName":"search_term_string"}}],"inLanguage":"es"},{"@type":"Organization","@id":"https:\/\/gblexpress.com\/#organization","name":"GBL Express","url":"https:\/\/gblexpress.com\/","logo":{"@type":"ImageObject","inLanguage":"es","@id":"https:\/\/gblexpress.com\/#\/schema\/logo\/image\/","url":"https:\/\/gblexpress.com\/wp-content\/uploads\/2023\/01\/logo.png","contentUrl":"https:\/\/gblexpress.com\/wp-content\/uploads\/2023\/01\/logo.png","width":250,"height":52,"caption":"GBL Express"},"image":{"@id":"https:\/\/gblexpress.com\/#\/schema\/logo\/image\/"}}]}},"jetpack-related-posts":[],"jetpack_sharing_enabled":true,"_links":{"self":[{"href":"https:\/\/gblexpress.com\/es\/wp-json\/wp\/v2\/product\/1802","targetHints":{"allow":["GET"]}}],"collection":[{"href":"https:\/\/gblexpress.com\/es\/wp-json\/wp\/v2\/product"}],"about":[{"href":"https:\/\/gblexpress.com\/es\/wp-json\/wp\/v2\/types\/product"}],"replies":[{"embeddable":true,"href":"https:\/\/gblexpress.com\/es\/wp-json\/wp\/v2\/comments?post=1802"}],"wp:featuredmedia":[{"embeddable":true,"href":"https:\/\/gblexpress.com\/es\/wp-json\/wp\/v2\/media\/1804"}],"wp:attachment":[{"href":"https:\/\/gblexpress.com\/es\/wp-json\/wp\/v2\/media?parent=1802"}],"wp:term":[{"taxonomy":"product_brand","embeddable":true,"href":"https:\/\/gblexpress.com\/es\/wp-json\/wp\/v2\/product_brand?post=1802"},{"taxonomy":"product_cat","embeddable":true,"href":"https:\/\/gblexpress.com\/es\/wp-json\/wp\/v2\/product_cat?post=1802"},{"taxonomy":"product_tag","embeddable":true,"href":"https:\/\/gblexpress.com\/es\/wp-json\/wp\/v2\/product_tag?post=1802"}],"curies":[{"name":"wp","href":"https:\/\/api.w.org\/{rel}","templated":true}]}}