{"id":474,"date":"2023-05-17T10:39:29","date_gmt":"2023-05-17T10:39:29","guid":{"rendered":"https:\/\/gblexpress.com\/?post_type=product&#038;p=474"},"modified":"2026-02-25T05:19:56","modified_gmt":"2026-02-25T05:19:56","slug":"gamma-hidroxibutirato-comprar","status":"publish","type":"product","link":"https:\/\/gblexpress.com\/es\/producto-2\/gamma-hidroxibutirato-comprar\/","title":{"rendered":"Comprar GBL en l\u00ednea"},"content":{"rendered":"<h2><strong>Gamma-Hydroxybutyrat kaufen | Gamma-Hydroxybutyrat-Pulver und -Fl\u00fcssigkeit zu verkaufen | Gamma-Hydroxybutyrat zu verkaufen<\/strong><\/h2>\n<p>Thor Pharmaceuticals bietet verschiedene pharmazeutische Produkte, darunter <strong><a href=\"https:\/\/gblexpress.com\/es\/producto-2\/gamma-hidroxibutirato-comprar\/\">GHB en polvo<\/a><\/strong> und -Fl\u00fcssigkeit, zum Verkauf an. Sie k\u00f6nnen GHB hier bei Thor Pharmaceuticals online zu g\u00fcnstigen Preisen kaufen. Verpackung und Versand erfolgen absolut diskret.<\/p>\n<p>G\u00e4ngige Bezeichnungen: Liquid X, Liquid Ecstasy, Georgia Home Boy, GHB, Gamma-oh, Grievous bodily harm, Mils, G, Liquid G, Fantasy, <strong><a href=\"https:\/\/en.wikipedia.org\/wiki\/%CE%93-Hydroxybutyric_acid\">Comprar GHB online<\/a><\/strong><\/p>\n<p>Suchen Sie nach einer vertrauensw\u00fcrdigen, zuverl\u00e4ssigen und diskreten Bezugsquelle f\u00fcr GHB? Dann sind Sie bei Thor Pharmaceuticals genau richtig. Wir bieten GHB-Pulver und -Fl\u00fcssigkeit zu sehr g\u00fcnstigen Preisen an.<\/p>\n<h3><strong>\u00bfQU\u00c9 ES EL GAMMA-HIDROXIBUTIRATO (C4H8O3)?<\/strong><\/h3>\n<p>GHB, oder Gamma-Hydroxybutyrat (C4H8O3), ist ein zentralnerv\u00f6ses D\u00e4mpfungsmittel. Es wird h\u00e4ufig als \u201ePartydroge\u201c oder \u201eDate-Rape-Droge\u201c bezeichnet. Jugendliche und junge Erwachsene missbrauchen GHB in Bars, auf Partys, in Clubs und auf Raves (durchtanzten N\u00e4chten). Diese Gruppe kauft GHB oft online und mischt es in alkoholische Getr\u00e4nke. Zu den m\u00f6glichen Nebenwirkungen geh\u00f6ren Schwitzen, Bewusstlosigkeit (von 69 Prozent der Konsumenten berichtet), \u00dcbelkeit, Halluzinationen, Amnesie und Koma. Kaufen Sie GHB online bei Thor Pharmaceuticals.<\/p>\n<p>Xylem (Natriumoxid), ein Markenmedikament, wurde 2002 von der US-amerikanischen Arzneimittelbeh\u00f6rde FDA zur Behandlung von Narkolepsie zugelassen, einer Schlafst\u00f6rung, die \u00fcberm\u00e4\u00dfige Schl\u00e4frigkeit und wiederkehrende Tagesschl\u00e4frigkeit verursacht. Es handelt sich um das Natriumsalz von Gamma-Hydroxybutyrat. GHB ist online erh\u00e4ltlich. Wir bieten GHB-Pulver und -Fl\u00fcssigkeit in unserem Produktkatalog an.<\/p>\n<p>GHB ist ein nat\u00fcrlich vorkommendes Stoffwechselprodukt des hemmenden Neurotransmitters Gamma-Aminobutters\u00e4ure (GABA), der im Gehirn vorkommt. Die Konzentration des nat\u00fcrlich vorkommenden GHB-Stoffwechselprodukts im Gehirn ist deutlich geringer als die in Drogenmissbrauchsmitteln. Durch Fermentation k\u00f6nnen zudem geringe, aber unbedeutende Mengen an nat\u00fcrlichem GHB in einigen Bieren und Weinen entstehen.<\/p>\n<h3><strong>\u00bfQu\u00e9 es el GHB?<\/strong><\/h3>\n<p>GHB ist eine synthetische Droge, die urspr\u00fcnglich als An\u00e4sthetikum verwendet wurde. Aufgrund ihrer Verbindung mit sexuellen \u00dcbergriffen ist sie auch als \u201eDate-Rape-Droge\u201c bekannt. GHB ruft in der Regel Gef\u00fchle der Euphorie und Entspannung hervor, was sie f\u00fcr manche Menschen sehr attraktiv machen kann. Wie jede psychoaktive Substanz birgt sie jedoch erhebliche Risiken.<\/p>\n<h3><strong>Die Gefahren des GHB-Kaufs<\/strong><\/h3>\n<p>Der Kauf von GHB ist mit einem hohen Risiko verbunden, da es illegal und nicht reguliert ist. Die meisten auf dem Schwarzmarkt erh\u00e4ltlichen Chemikalien sind ungetestet, daher wei\u00df man nicht genau, was man kauft. Zudem ist die Dosierung \u00e4u\u00dferst schwierig, da es nahezu unm\u00f6glich ist, die richtige Dosis zu bestimmen. Dadurch besteht die Gefahr einer \u00dcberdosierung, die sehr gef\u00e4hrlich und sogar t\u00f6dlich sein kann.<\/p>\n<div class=\"elementor-element elementor-element-5ac7237 elementor-widget elementor-widget-text-editor\" data-id=\"5ac7237\" data-element_type=\"widget\" data-widget_type=\"text-editor.default\">\n<div class=\"elementor-widget-container\">\n<p>Zus\u00e4tzlich wird GHB h\u00e4ufig mit anderen Substanzen gemischt, was das Risiko einer \u00dcberdosierung erh\u00f6ht. Manche Menschen mischen GHB auch mit Alkohol, was zu noch schwerwiegenderen Nebenwirkungen f\u00fchren kann. Schlie\u00dflich kann der Konsum von GHB zu k\u00f6rperlicher und psychischer Abh\u00e4ngigkeit f\u00fchren, die verheerende Folgen f\u00fcr den Konsumenten haben kann.<\/p>\n<h3><strong>Wie kommt man an GHB?<\/strong><\/h3>\n<p>Viele Menschen kaufen GHB online, obwohl dies in der Regel nicht empfehlenswert ist. Viele der Webseiten, die dieses Produkt anbieten, sind betr\u00fcgerisch, und es ist sehr schwierig festzustellen, ob die angebotene Substanz echt ist. Au\u00dferdem gibt es eine Vielzahl von Webseiten, die solche Produkte verkaufen, sodass es schwierig sein kann, die vertrauensw\u00fcrdigsten zu finden.<\/p>\n<p>Dar\u00fcber hinaus ist der Verkauf und Kauf von GHB in den meisten L\u00e4ndern verboten, und der Erwerb und Besitz von GHB kann schwere strafrechtliche Konsequenzen haben. Wenn Sie sich also f\u00fcr den Kauf von GHB entscheiden, sollten Sie vorsichtig sein und sicherstellen, dass Sie ein echtes und sicheres Produkt erwerben.<\/p>\n<\/div>\n<\/div>","protected":false},"excerpt":{"rendered":"<p><span style=\"vertical-align: inherit;\"><span style=\"vertical-align: inherit;\">Dosificaci\u00f3n: <\/span><\/span><br \/>\n<span style=\"vertical-align: inherit;\"><span style=\"vertical-align: inherit;\">Principiantes: Primero 3,5 ml, despu\u00e9s 3 ml cada 2 horas <\/span><\/span><br \/>\n<span style=\"vertical-align: inherit;\"><span style=\"vertical-align: inherit;\">Avanzado: 4,5 ml, luego 4 ml cada 2 horas<\/span><\/span><\/p>\n<p><span style=\"vertical-align: inherit;\"><span style=\"vertical-align: inherit;\">La foto no es la misma que la enviada. No mostramos la botella original, ya que no es de buena calidad.<\/span><\/span><\/p>\n<p><span style=\"vertical-align: inherit;\"><span style=\"vertical-align: inherit;\">Nuestro equipo lleva m\u00e1s de 6 a\u00f1os produciendo GHB. Si existe una forma de refinar esta sustancia, \u00a1nuestros t\u00e9cnicos de laboratorio la han probado y comprobado! Nuestro GHB tiene la mayor potencia posible sin solidificarse. Es lo m\u00e1s potente que se puede conseguir, pero se mantiene l\u00edquido. \u00a1Simplemente un sabor premium, salado y jabonoso!<\/span><\/span><\/p>\n<p><span style=\"vertical-align: inherit;\"><span style=\"vertical-align: inherit;\">Si eres un consumidor experimentado de GHB, conoces la sensaci\u00f3n. Este producto no te decepcionar\u00e1. Si buscas probar algo nuevo, la siguiente informaci\u00f3n podr\u00eda serte \u00fatil:<\/span><\/span><\/p>\n<p><span style=\"vertical-align: inherit;\"><span style=\"vertical-align: inherit;\">El GHB tambi\u00e9n se conoce como Fanta, Fanta, Da\u00f1o Corporal Grave, GHB, G, G-riffic, Cherry Meth, Goop, Great Hormones at Bedtime, Liquid E, \u00c9xtasis L\u00edquido, Liquid X, Scoop, Soap y Vita-G. Psychonautwiki describe los efectos del GHB de la siguiente manera:<\/span><\/span><\/p>\n<p><span style=\"vertical-align: inherit;\"><span style=\"vertical-align: inherit;\">Euforia cognitiva: El GHB produce estados de euforia intensos comparables a los producidos por la coca\u00edna, el MDMA y los opi\u00e1ceos. Por esta raz\u00f3n, a veces se le llama \"\u00e9xtasis l\u00edquido\". Se describe com\u00fanmente como una versi\u00f3n m\u00e1s euf\u00f3rica y desinhibida del alcohol.<\/span><\/span><\/p>\n<p><span style=\"vertical-align: inherit;\"><span style=\"vertical-align: inherit;\">Tambi\u00e9n se ha dicho que el GHB aumenta la libido, la apreciaci\u00f3n de la m\u00fasica -<\/span><\/span><\/p>\n<p><span style=\"vertical-align: inherit;\"><span style=\"vertical-align: inherit;\">\u201cEmpat\u00eda, afecto y mayor sociabilidad: el GHB tiene fuertes efectos entact\u00f3genos que, si bien son m\u00e1s d\u00e9biles que los del MDMA, siguen siendo pronunciados y bien definidos\u201d (Psychonautwiki).<\/span><\/span><\/p>\n<p><span style=\"vertical-align: inherit;\"><span style=\"vertical-align: inherit;\">Otro aspecto atractivo del GHB es su suave retorno a la normalidad. No hay bajada desagradable. No te desestabilizar\u00e1.<\/span><\/span><\/p>\n<p><span style=\"vertical-align: inherit;\"><span style=\"vertical-align: inherit;\">Cada persona tolera el GHB de forma diferente, por lo que la dosis debe usarse con precauci\u00f3n. Usuarios experimentados de nuestro producto indican que la dosis \u00f3ptima es de 3,5 a 4,5 ml. Una dosis moderada es de 2 a 3 ml. Las benzodiazepinas, el alcohol, los sedantes y otras sustancias pueden potenciar los efectos del GHB de forma impredecible, lo que puede tener consecuencias desastrosas y no se recomienda.<\/span><\/span><\/p>\n<p><span style=\"vertical-align: inherit;\"><span style=\"vertical-align: inherit;\">Aunque tenemos una amplia experiencia en la venta de nuestros productos en GBL EXPRESS, somos nuevos aqu\u00ed en Empire, por lo que sus comentarios positivos son muy bienvenidos.<\/span><\/span><\/p>","protected":false},"featured_media":1638,"comment_status":"open","ping_status":"closed","template":"","meta":{"_joinchat":[]},"product_brand":[],"product_cat":[34],"product_tag":[72,78,73,79,80,92,82,74,87,93,75,88,81,76,83,85,84,86,77,91,94,97,90,89,95,96],"class_list":{"0":"post-474","1":"product","2":"type-product","3":"status-publish","4":"has-post-thumbnail","6":"product_cat-ghb","7":"product_tag-bester-ghb-pulver-onlineshop","8":"product_tag-ghb","9":"product_tag-ghb-online-kaufen","10":"product_tag-ghb-online-zum-verkauf","11":"product_tag-ghb-pulver","12":"product_tag-ghb-pulver-bestellen","13":"product_tag-ghb-pulver-dubai","14":"product_tag-ghb-pulver-eu-kaufen","15":"product_tag-ghb-pulver-online","16":"product_tag-ghb-pulver-online-bestellen","17":"product_tag-ghb-pulver-online-kaufen","18":"product_tag-ghb-pulver-online-shoppen","19":"product_tag-ghb-pulver-und-fluessigkeit","20":"product_tag-ghb-pulver-usa-kaufen","21":"product_tag-ghb-pulver-zum-verkauf","22":"product_tag-ghb-pulver-zum-verkauf-in-den-usa","23":"product_tag-ghb-pulver-zum-verkauf-in-grossbritannien","24":"product_tag-ghb-pulver-zum-verkauf-online","25":"product_tag-guenstiges-ghb-pulver-online-kaufen","26":"product_tag-legitimer-ghb-pulverlieferant","27":"product_tag-us-anbieter-von-ghb-pulver-online","28":"product_tag-weltweiter-lieferant-von-ghb-pulver-online","29":"product_tag-wie-bestelle-ich-ghb-pulver","30":"product_tag-wie-kann-ich-ghb-pulver-online-kaufen","31":"product_tag-wo-ghb-pulver-online-zu-kaufen-ist","32":"product_tag-wo-man-ghb-pulver-im-grosshandel-kaufen-kann","34":"first","35":"instock","36":"shipping-taxable","37":"purchasable","38":"product-type-variable"},"yoast_head":"<!-- This site is optimized with the Yoast SEO plugin v25.4 - https:\/\/yoast.com\/wordpress\/plugins\/seo\/ -->\n<title>GAMMA HYDROXYBUTYRAT KAUFEN<\/title>\n<meta name=\"description\" content=\"Verpassen Sie nicht die Gelegenheit, GHB online in unserem Shop zu kaufen. Wir bieten ausschlie\u00dflich Feilen und GHB zu g\u00fcnstigen Preisen an. Wir helfen Ihnen gerne weiter. Bestellen Sie jetzt!\" \/>\n<meta name=\"robots\" content=\"index, follow, max-snippet:-1, max-image-preview:large, max-video-preview:-1\" \/>\n<link rel=\"canonical\" href=\"https:\/\/gblexpress.com\/es\/producto-2\/gamma-hidroxibutirato-comprar\/\" \/>\n<meta property=\"og:locale\" content=\"es_ES\" \/>\n<meta property=\"og:type\" content=\"article\" \/>\n<meta property=\"og:title\" content=\"GAMMA HYDROXYBUTYRAT KAUFEN\" \/>\n<meta property=\"og:description\" content=\"Verpassen Sie nicht die Gelegenheit, GHB online in unserem Shop zu kaufen. Wir bieten ausschlie\u00dflich Feilen und GHB zu g\u00fcnstigen Preisen an. Wir helfen Ihnen gerne weiter. Bestellen Sie jetzt!\" \/>\n<meta property=\"og:url\" content=\"https:\/\/gblexpress.com\/es\/producto-2\/gamma-hidroxibutirato-comprar\/\" \/>\n<meta property=\"og:site_name\" content=\"GBL Express\" \/>\n<meta property=\"article:modified_time\" content=\"2026-02-25T05:19:56+00:00\" \/>\n<meta property=\"og:image\" content=\"https:\/\/gblexpress.com\/wp-content\/uploads\/2023\/05\/GHB-1.jpg\" \/>\n\t<meta property=\"og:image:width\" content=\"600\" \/>\n\t<meta property=\"og:image:height\" content=\"600\" \/>\n\t<meta property=\"og:image:type\" content=\"image\/jpeg\" \/>\n<meta name=\"twitter:card\" content=\"summary_large_image\" \/>\n<meta name=\"twitter:label1\" content=\"Tiempo de lectura\" \/>\n\t<meta name=\"twitter:data1\" content=\"3 minutos\" \/>\n<!-- \/ Yoast SEO plugin. -->","yoast_head_json":{"title":"COMPRAR GAMMA HIDROXIBUTIRATO","description":"No pierdas la oportunidad de comprar GHB online en nuestra tienda. S\u00f3lo ofrecemos archivos y GHB a precios razonables. Estaremos encantados de ayudarle. \u00a1Ordene ahora!","robots":{"index":"index","follow":"follow","max-snippet":"max-snippet:-1","max-image-preview":"max-image-preview:large","max-video-preview":"max-video-preview:-1"},"canonical":"https:\/\/gblexpress.com\/es\/producto-2\/gamma-hidroxibutirato-comprar\/","og_locale":"es_ES","og_type":"article","og_title":"GAMMA HYDROXYBUTYRAT KAUFEN","og_description":"Verpassen Sie nicht die Gelegenheit, GHB online in unserem Shop zu kaufen. Wir bieten ausschlie\u00dflich Feilen und GHB zu g\u00fcnstigen Preisen an. Wir helfen Ihnen gerne weiter. Bestellen Sie jetzt!","og_url":"https:\/\/gblexpress.com\/es\/producto-2\/gamma-hidroxibutirato-comprar\/","og_site_name":"GBL Express","article_modified_time":"2026-02-25T05:19:56+00:00","og_image":[{"width":600,"height":600,"url":"https:\/\/gblexpress.com\/wp-content\/uploads\/2023\/05\/GHB-1.jpg","type":"image\/jpeg"}],"twitter_card":"summary_large_image","twitter_misc":{"Tiempo de lectura":"3 minutos"},"schema":{"@context":"https:\/\/schema.org","@graph":[{"@type":"WebPage","@id":"https:\/\/gblexpress.com\/product\/gamma-hydroxybutyrat-kaufen\/","url":"https:\/\/gblexpress.com\/product\/gamma-hydroxybutyrat-kaufen\/","name":"COMPRAR GAMMA HIDROXIBUTIRATO","isPartOf":{"@id":"https:\/\/gblexpress.com\/#website"},"primaryImageOfPage":{"@id":"https:\/\/gblexpress.com\/product\/gamma-hydroxybutyrat-kaufen\/#primaryimage"},"image":{"@id":"https:\/\/gblexpress.com\/product\/gamma-hydroxybutyrat-kaufen\/#primaryimage"},"thumbnailUrl":"https:\/\/gblexpress.com\/wp-content\/uploads\/2023\/05\/GHB-1.jpg","datePublished":"2023-05-17T10:39:29+00:00","dateModified":"2026-02-25T05:19:56+00:00","description":"No pierdas la oportunidad de comprar GHB online en nuestra tienda. S\u00f3lo ofrecemos archivos y GHB a precios razonables. Estaremos encantados de ayudarle. \u00a1Ordene ahora!","breadcrumb":{"@id":"https:\/\/gblexpress.com\/product\/gamma-hydroxybutyrat-kaufen\/#breadcrumb"},"inLanguage":"es","potentialAction":[{"@type":"ReadAction","target":["https:\/\/gblexpress.com\/product\/gamma-hydroxybutyrat-kaufen\/"]}]},{"@type":"ImageObject","inLanguage":"es","@id":"https:\/\/gblexpress.com\/product\/gamma-hydroxybutyrat-kaufen\/#primaryimage","url":"https:\/\/gblexpress.com\/wp-content\/uploads\/2023\/05\/GHB-1.jpg","contentUrl":"https:\/\/gblexpress.com\/wp-content\/uploads\/2023\/05\/GHB-1.jpg","width":600,"height":600,"caption":"GHB online kaufen"},{"@type":"BreadcrumbList","@id":"https:\/\/gblexpress.com\/product\/gamma-hydroxybutyrat-kaufen\/#breadcrumb","itemListElement":[{"@type":"ListItem","position":1,"name":"Home","item":"https:\/\/gblexpress.com\/"},{"@type":"ListItem","position":2,"name":"Shop","item":"https:\/\/gblexpress.com\/shop\/"},{"@type":"ListItem","position":3,"name":"GHB Online Kaufen"}]},{"@type":"WebSite","@id":"https:\/\/gblexpress.com\/#website","url":"https:\/\/gblexpress.com\/","name":"GBL Express","description":"","publisher":{"@id":"https:\/\/gblexpress.com\/#organization"},"potentialAction":[{"@type":"SearchAction","target":{"@type":"EntryPoint","urlTemplate":"https:\/\/gblexpress.com\/?s={search_term_string}"},"query-input":{"@type":"PropertyValueSpecification","valueRequired":true,"valueName":"search_term_string"}}],"inLanguage":"es"},{"@type":"Organization","@id":"https:\/\/gblexpress.com\/#organization","name":"GBL Express","url":"https:\/\/gblexpress.com\/","logo":{"@type":"ImageObject","inLanguage":"es","@id":"https:\/\/gblexpress.com\/#\/schema\/logo\/image\/","url":"https:\/\/gblexpress.com\/wp-content\/uploads\/2023\/01\/logo.png","contentUrl":"https:\/\/gblexpress.com\/wp-content\/uploads\/2023\/01\/logo.png","width":250,"height":52,"caption":"GBL Express"},"image":{"@id":"https:\/\/gblexpress.com\/#\/schema\/logo\/image\/"}}]}},"jetpack-related-posts":[],"jetpack_sharing_enabled":true,"_links":{"self":[{"href":"https:\/\/gblexpress.com\/es\/wp-json\/wp\/v2\/product\/474","targetHints":{"allow":["GET"]}}],"collection":[{"href":"https:\/\/gblexpress.com\/es\/wp-json\/wp\/v2\/product"}],"about":[{"href":"https:\/\/gblexpress.com\/es\/wp-json\/wp\/v2\/types\/product"}],"replies":[{"embeddable":true,"href":"https:\/\/gblexpress.com\/es\/wp-json\/wp\/v2\/comments?post=474"}],"wp:featuredmedia":[{"embeddable":true,"href":"https:\/\/gblexpress.com\/es\/wp-json\/wp\/v2\/media\/1638"}],"wp:attachment":[{"href":"https:\/\/gblexpress.com\/es\/wp-json\/wp\/v2\/media?parent=474"}],"wp:term":[{"taxonomy":"product_brand","embeddable":true,"href":"https:\/\/gblexpress.com\/es\/wp-json\/wp\/v2\/product_brand?post=474"},{"taxonomy":"product_cat","embeddable":true,"href":"https:\/\/gblexpress.com\/es\/wp-json\/wp\/v2\/product_cat?post=474"},{"taxonomy":"product_tag","embeddable":true,"href":"https:\/\/gblexpress.com\/es\/wp-json\/wp\/v2\/product_tag?post=474"}],"curies":[{"name":"wp","href":"https:\/\/api.w.org\/{rel}","templated":true}]}}