{"id":475,"date":"2023-05-17T10:52:46","date_gmt":"2023-05-17T10:52:46","guid":{"rendered":"https:\/\/gblexpress.com\/?post_type=product&#038;p=475"},"modified":"2026-03-06T09:03:05","modified_gmt":"2026-03-06T09:03:05","slug":"comprar-ritalin","status":"publish","type":"product","link":"https:\/\/gblexpress.com\/es\/producto-2\/comprar-ritalin\/","title":{"rendered":"Comprar Rital\u00edn en l\u00ednea"},"content":{"rendered":"<h2>Comprar Rital\u00edn en l\u00ednea<\/h2>\n<p><a href=\"https:\/\/gblexpress.com\/es\/\">Metilfenidato<\/a> comprar medicamento camuflado como tableta de Ritalin para uso p\u00fablico. Este medicamento es muy eficaz para curar los s\u00edntomas del TDAH. Los m\u00e9dicos pueden <a href=\"https:\/\/gblexpress.com\/es\/producto-2\/comprar-ritalin\/\">Comprimidos de Ritalin 20 mg (metilfenidato)<\/a> pero tambi\u00e9n se prescriben como una opci\u00f3n de tratamiento fuera de etiqueta para la depresi\u00f3n y la enfermedad de Parkinson.<\/p>\n<p>El metilfenidato tambi\u00e9n se conoce como un estimulante nervioso central que ayuda a aumentar el nivel de dopamina en el cerebro. Esta dopamina es un neurotransmisor que promueve sentimientos de motivaci\u00f3n y entusiasmo. Esto significa que una mayor cantidad de dopamina puede ayudar a una persona a concentrarse mejor, centrarse mejor en la vida diaria y reducir otros s\u00edntomas del TDAH.<\/p>\n<h3><strong>Disponibilidad<\/strong><\/h3>\n<p>El metilfenidato se presenta en forma de comprimidos orales, comprimidos y c\u00e1psulas de liberaci\u00f3n prolongada, comprimidos masticables, comprimidos masticables de liberaci\u00f3n prolongada y comprimidos orales desintegrables de liberaci\u00f3n prolongada. Adem\u00e1s de Ritalin, tambi\u00e9n se vende con otros nombres comerciales, como: <a href=\"https:\/\/en.wikipedia.org\/wiki\/Methylphenidate\">comprar metilfenidato<\/a><\/p>\n<h3><strong>\u00bfPor qu\u00e9 comprar Ritalin online?<\/strong><\/h3>\n<h3>Hay muchos beneficios al comprar Ritalin en l\u00ednea, pero algunos de los m\u00e1s importantes y comunes son:<\/h3>\n<p>Usted puede comprar medicamentos aprobados por la FDA en l\u00ednea sin la prescripci\u00f3n de los m\u00e9dicos. Aunque Ritalin ha sido una droga legal, pero no es f\u00e1cilmente disponible en las farmacias. Para comprar este medicamento, primero debe obtener la recomendaci\u00f3n de un m\u00e9dico, pero debido a su apretada agenda que no ser\u00e1 capaz de obtener en tales casos la compra de Ritalin en l\u00ednea es la mejor opci\u00f3n para usted. La compra en l\u00ednea no s\u00f3lo ahorra su dinero, sino tambi\u00e9n su valioso tiempo. Comprar Ritalin online sin receta.<\/p>\n<p>Otra ventaja de comprar Ritalin online es que es mucho m\u00e1s barato que las pastillas de Ritalin que est\u00e1n disponibles en las farmacias locales. Las p\u00edldoras que usted consigue en l\u00ednea no son baratas porque son de baja calidad de hecho son baratas porque las droguer\u00edas en l\u00ednea no tienen que pagar cargas adicionales debido a lo cual pueden vender estas p\u00edldoras a un precio m\u00e1s bajo.<\/p>\n<h3><strong>\u00bfSe puede comprar Ritalin online sin receta?<\/strong><\/h3>\n<p>Ja! Bei uns k\u00f6nnen Sie Ritalin online kaufen, ohne ein Rezept zu haben. Sie m\u00fcssen nur Ihre Bestellung auf unserer Website aufgeben und die Zahlungsdetails ausf\u00fcllen. Ihre Ritalin-Pillen werden innerhalb von 24 bis 48 Stunden geliefert. Die Qualit\u00e4t und Wirksamkeit dieser Medikamente sind die gleichen wie die Pillen, die Sie von lokalen Apotheken kaufen.<\/p>\n<p>Ritalin online ohne Rezept kaufen.<\/p>\n<p>Metilina<\/p>\n<p>Concierto<\/p>\n<p>Metadatos ER<\/p>\n<p>Urgencias de Quillichew<\/p>\n<p>Quillivant<\/p>\n<p>Aptensio<\/p>\n<p>Cotempla XR-OTD<\/p>\n<p>Adhansia<\/p>\n<p>Todos estos medicamentos est\u00e1n aprobados por los expertos para su uso p\u00fablico.<\/p>","protected":false},"excerpt":{"rendered":"<p>Acerca de Ritalin (gen\u00e9rico)<\/p>\n<p>Este medicamento se utiliza para tratar el trastorno por d\u00e9ficit de atenci\u00f3n con hiperactividad (TDAH). Act\u00faa alterando la cantidad de ciertas sustancias naturales en el cerebro. El metilfenidato pertenece a una clase de medicamentos conocidos como estimulantes. El metilfenidato puede ayudarle a aumentar su atenci\u00f3n, concentrarse en una actividad y controlar los problemas de comportamiento. Tambi\u00e9n puede ayudarle a organizar sus tareas y mejorar su capacidad de escucha.<\/p>\n<ol>\n<li><strong>\u00bfC\u00f3mo funciona el Ritalin?<\/strong><br \/>\nRitalin act\u00faa inhibiendo la recaptaci\u00f3n de dopamina y noradrenalina en el cerebro. Esto aumenta la disponibilidad de estos neurotransmisores en la hendidura sin\u00e1ptica y, por tanto, mejora la atenci\u00f3n, el control de los impulsos y el estado de alerta.<\/p>\n<ul>\n<li><strong>Efectos:<\/strong> Mejora la concentraci\u00f3n, aumenta el estado de alerta y reduce la hiperactividad.<\/li>\n<li><strong>Inicio del efecto:<\/strong> 20-60 minutos despu\u00e9s de la ingesti\u00f3n.<\/li>\n<li><strong>Duraci\u00f3n del efecto:<\/strong> 3-6 horas para los comprimidos est\u00e1ndar, hasta 12 horas para las c\u00e1psulas de liberaci\u00f3n prolongada.<\/li>\n<\/ul>\n<p><strong>F\u00f3rmula y propiedades<\/strong><\/p>\n<ul>\n<li><strong>Nombre qu\u00edmico:<\/strong> Metilfenil(piperidin-2-il)acetato<\/li>\n<li><strong>F\u00f3rmula molecular:<\/strong> C14H19NO2<\/li>\n<li><strong>Peso molecular:<\/strong> 233,31 g\/mol<\/li>\n<\/ul>\n<\/li>\n<\/ol>","protected":false},"featured_media":1639,"comment_status":"open","ping_status":"closed","template":"","meta":{"_joinchat":[]},"product_brand":[],"product_cat":[33,34,36,35,246],"product_tag":[98,134,108,99,118,106,105,104,107,110,329,114,115,100,101,113,112,111,117,116,119,120,310,311,121,317,318,312,124,328,313,314,325,315,322,327,306,319,316,308,321,103,129,307,102,130,320,326,309,122,323,324,125,126,127,123,128,131,133,132,109,135,330],"class_list":{"0":"post-475","1":"product","2":"type-product","3":"status-publish","4":"has-post-thumbnail","6":"product_cat-gbl-gamma-butyrolactone-25l","7":"product_cat-ghb","8":"product_cat-ko-drops","9":"product_cat-ritalin","10":"product_cat-sex-meth","11":"product_tag-adhd-methylphenidat","12":"product_tag-einnahme-von-ritalin","13":"product_tag-goodrx-methylphenidat","14":"product_tag-guenstiges-ritalin-online-kaufen","15":"product_tag-kein-rx-ritalin","16":"product_tag-koennen-sie-bekommen-rezeptfreie-adhs-medikamente","17":"product_tag-koennen-sie-ritalin-ohne-rezept-kaufen","18":"product_tag-koennen-sie-ritalin-rezeptfrei-in-grossbritannien-kaufen","19":"product_tag-koennen-sie-sich-ritalin-online-verschreiben-lassen","20":"product_tag-methylphenidat","21":"product_tag-methylphenidat-kaufen","22":"product_tag-methylphenidat-mg","23":"product_tag-methylphenidat-online","24":"product_tag-methylphenidat-online-kaufen","25":"product_tag-methylphenidat-online-ohne-rezept-kaufen","26":"product_tag-methylphenidat-zum-online-verkauf","27":"product_tag-methylphenidat-zum-verkauf","28":"product_tag-methylphenidat-kosten","29":"product_tag-methylphenidat-preis","30":"product_tag-methylphenidat-rezept","31":"product_tag-ritalin","32":"product_tag-ritalin-10-mg","33":"product_tag-ritalin-10mg","34":"product_tag-ritalin-20mg","35":"product_tag-ritalin-adh","36":"product_tag-ritalin-anwendung","37":"product_tag-ritalin-dosierung","38":"product_tag-ritalin-fuer-adhs","39":"product_tag-ritalin-fuer-erwachsene","40":"product_tag-ritalin-fuer-forschung","41":"product_tag-ritalin-fuer-kinder","42":"product_tag-ritalin-fuer-konzentration","43":"product_tag-ritalin-fuer-labore","44":"product_tag-ritalin-fuer-studienzwecke","45":"product_tag-ritalin-grosshandel","46":"product_tag-ritalin-in-deutschland-kaufen","47":"product_tag-ritalin-kaufen","48":"product_tag-ritalin-lagerung","49":"product_tag-ritalin-legal-kaufen","50":"product_tag-ritalin-lieferant","51":"product_tag-ritalin-nebenwirkungen","52":"product_tag-ritalin-ohne-rezept-kaufen","53":"product_tag-ritalin-online","54":"product_tag-ritalin-online-bestellen","55":"product_tag-ritalin-online-mit-nachtlieferung-kaufen","56":"product_tag-ritalin-online-ohne-rezept","57":"product_tag-ritalin-risiken","58":"product_tag-ritalin-sicherheit","59":"product_tag-ritalin-tabletten","60":"product_tag-ritalin-und-adh","61":"product_tag-ritalin-vertrieb","62":"product_tag-ritalin-weltweit-bestellen","63":"product_tag-ritalin-zum-verkauf","64":"product_tag-ritalin-zum-verkauf-in-den-usa","65":"product_tag-ritalin-zum-verkauf-online","66":"product_tag-ritalin-kosten","67":"product_tag-ritalin-medikamente","68":"product_tag-ritalin-pille","69":"product_tag-ritalin-preis","70":"product_tag-ritalin-rezept","71":"product_tag-so-bestellen-sie-ritalin-online","72":"product_tag-welche-rezeptfreien-medikamente-helfen-bei-adhs","73":"product_tag-wo-ritalin-kaufen","75":"first","76":"instock","77":"shipping-taxable","78":"purchasable","79":"product-type-variable","80":"has-default-attributes"},"yoast_head":"<!-- This site is optimized with the Yoast SEO plugin v25.4 - https:\/\/yoast.com\/wordpress\/plugins\/seo\/ -->\n<title>Ritalin online kaufen \u2013 Ritalin zu verkaufen | Gblexpress<\/title>\n<meta name=\"description\" content=\"M\u00f6chten Sie Ihre Forschung vorantreiben? Kaufen Sie Ritalin bequem und sicher online \u2013 mit einem unkomplizierten Bestellvorgang. Entdecken Sie die M\u00f6glichkeiten und kaufen Sie Ritalin noch heute online f\u00fcr Ihre Forschungsvorhaben.\" \/>\n<meta name=\"robots\" content=\"index, follow, max-snippet:-1, max-image-preview:large, max-video-preview:-1\" \/>\n<link rel=\"canonical\" href=\"https:\/\/gblexpress.com\/es\/producto-2\/comprar-ritalin\/\" \/>\n<meta property=\"og:locale\" content=\"es_ES\" \/>\n<meta property=\"og:type\" content=\"article\" \/>\n<meta property=\"og:title\" content=\"Ritalin online kaufen \u2013 Ritalin zu verkaufen | Gblexpress\" \/>\n<meta property=\"og:description\" content=\"M\u00f6chten Sie Ihre Forschung vorantreiben? Kaufen Sie Ritalin bequem und sicher online \u2013 mit einem unkomplizierten Bestellvorgang. Entdecken Sie die M\u00f6glichkeiten und kaufen Sie Ritalin noch heute online f\u00fcr Ihre Forschungsvorhaben.\" \/>\n<meta property=\"og:url\" content=\"https:\/\/gblexpress.com\/es\/producto-2\/comprar-ritalin\/\" \/>\n<meta property=\"og:site_name\" content=\"GBL Express\" \/>\n<meta property=\"article:modified_time\" content=\"2026-03-06T09:03:05+00:00\" \/>\n<meta property=\"og:image\" content=\"https:\/\/gblexpress.com\/wp-content\/uploads\/2023\/05\/Ritalin-1.jpg\" \/>\n\t<meta property=\"og:image:width\" content=\"600\" \/>\n\t<meta property=\"og:image:height\" content=\"600\" \/>\n\t<meta property=\"og:image:type\" content=\"image\/jpeg\" \/>\n<meta name=\"twitter:card\" content=\"summary_large_image\" \/>\n<meta name=\"twitter:label1\" content=\"Tiempo de lectura\" \/>\n\t<meta name=\"twitter:data1\" content=\"2 minutos\" \/>\n<!-- \/ Yoast SEO plugin. -->","yoast_head_json":{"title":"Comprar Ritalin en l\u00ednea \u2013 Ritalin en venta | Gblexpress","description":"\u00bfQuieres avanzar en tu investigaci\u00f3n? Compre Ritalin de forma c\u00f3moda y segura en l\u00ednea: con un proceso de pedido sencillo. Descubra las posibilidades y compre Ritalin en l\u00ednea hoy para sus proyectos de investigaci\u00f3n.","robots":{"index":"index","follow":"follow","max-snippet":"max-snippet:-1","max-image-preview":"max-image-preview:large","max-video-preview":"max-video-preview:-1"},"canonical":"https:\/\/gblexpress.com\/es\/producto-2\/comprar-ritalin\/","og_locale":"es_ES","og_type":"article","og_title":"Ritalin online kaufen \u2013 Ritalin zu verkaufen | Gblexpress","og_description":"M\u00f6chten Sie Ihre Forschung vorantreiben? Kaufen Sie Ritalin bequem und sicher online \u2013 mit einem unkomplizierten Bestellvorgang. Entdecken Sie die M\u00f6glichkeiten und kaufen Sie Ritalin noch heute online f\u00fcr Ihre Forschungsvorhaben.","og_url":"https:\/\/gblexpress.com\/es\/producto-2\/comprar-ritalin\/","og_site_name":"GBL Express","article_modified_time":"2026-03-06T09:03:05+00:00","og_image":[{"width":600,"height":600,"url":"https:\/\/gblexpress.com\/wp-content\/uploads\/2023\/05\/Ritalin-1.jpg","type":"image\/jpeg"}],"twitter_card":"summary_large_image","twitter_misc":{"Tiempo de lectura":"2 minutos"},"schema":{"@context":"https:\/\/schema.org","@graph":[{"@type":"WebPage","@id":"https:\/\/gblexpress.com\/product\/ritalin-kaufen\/","url":"https:\/\/gblexpress.com\/product\/ritalin-kaufen\/","name":"Comprar Ritalin en l\u00ednea \u2013 Ritalin en venta | Gblexpress","isPartOf":{"@id":"https:\/\/gblexpress.com\/#website"},"primaryImageOfPage":{"@id":"https:\/\/gblexpress.com\/product\/ritalin-kaufen\/#primaryimage"},"image":{"@id":"https:\/\/gblexpress.com\/product\/ritalin-kaufen\/#primaryimage"},"thumbnailUrl":"https:\/\/gblexpress.com\/wp-content\/uploads\/2023\/05\/Ritalin-1.jpg","datePublished":"2023-05-17T10:52:46+00:00","dateModified":"2026-03-06T09:03:05+00:00","description":"\u00bfQuieres avanzar en tu investigaci\u00f3n? Compre Ritalin de forma c\u00f3moda y segura en l\u00ednea: con un proceso de pedido sencillo. Descubra las posibilidades y compre Ritalin en l\u00ednea hoy para sus proyectos de investigaci\u00f3n.","breadcrumb":{"@id":"https:\/\/gblexpress.com\/product\/ritalin-kaufen\/#breadcrumb"},"inLanguage":"es","potentialAction":[{"@type":"ReadAction","target":["https:\/\/gblexpress.com\/product\/ritalin-kaufen\/"]}]},{"@type":"ImageObject","inLanguage":"es","@id":"https:\/\/gblexpress.com\/product\/ritalin-kaufen\/#primaryimage","url":"https:\/\/gblexpress.com\/wp-content\/uploads\/2023\/05\/Ritalin-1.jpg","contentUrl":"https:\/\/gblexpress.com\/wp-content\/uploads\/2023\/05\/Ritalin-1.jpg","width":600,"height":600,"caption":"Ritalin online kaufen"},{"@type":"BreadcrumbList","@id":"https:\/\/gblexpress.com\/product\/ritalin-kaufen\/#breadcrumb","itemListElement":[{"@type":"ListItem","position":1,"name":"Home","item":"https:\/\/gblexpress.com\/"},{"@type":"ListItem","position":2,"name":"Shop","item":"https:\/\/gblexpress.com\/shop\/"},{"@type":"ListItem","position":3,"name":"Ritalin Online Kaufen"}]},{"@type":"WebSite","@id":"https:\/\/gblexpress.com\/#website","url":"https:\/\/gblexpress.com\/","name":"GBL Express","description":"","publisher":{"@id":"https:\/\/gblexpress.com\/#organization"},"potentialAction":[{"@type":"SearchAction","target":{"@type":"EntryPoint","urlTemplate":"https:\/\/gblexpress.com\/?s={search_term_string}"},"query-input":{"@type":"PropertyValueSpecification","valueRequired":true,"valueName":"search_term_string"}}],"inLanguage":"es"},{"@type":"Organization","@id":"https:\/\/gblexpress.com\/#organization","name":"GBL Express","url":"https:\/\/gblexpress.com\/","logo":{"@type":"ImageObject","inLanguage":"es","@id":"https:\/\/gblexpress.com\/#\/schema\/logo\/image\/","url":"https:\/\/gblexpress.com\/wp-content\/uploads\/2023\/01\/logo.png","contentUrl":"https:\/\/gblexpress.com\/wp-content\/uploads\/2023\/01\/logo.png","width":250,"height":52,"caption":"GBL Express"},"image":{"@id":"https:\/\/gblexpress.com\/#\/schema\/logo\/image\/"}}]}},"jetpack-related-posts":[],"jetpack_sharing_enabled":true,"_links":{"self":[{"href":"https:\/\/gblexpress.com\/es\/wp-json\/wp\/v2\/product\/475","targetHints":{"allow":["GET"]}}],"collection":[{"href":"https:\/\/gblexpress.com\/es\/wp-json\/wp\/v2\/product"}],"about":[{"href":"https:\/\/gblexpress.com\/es\/wp-json\/wp\/v2\/types\/product"}],"replies":[{"embeddable":true,"href":"https:\/\/gblexpress.com\/es\/wp-json\/wp\/v2\/comments?post=475"}],"wp:featuredmedia":[{"embeddable":true,"href":"https:\/\/gblexpress.com\/es\/wp-json\/wp\/v2\/media\/1639"}],"wp:attachment":[{"href":"https:\/\/gblexpress.com\/es\/wp-json\/wp\/v2\/media?parent=475"}],"wp:term":[{"taxonomy":"product_brand","embeddable":true,"href":"https:\/\/gblexpress.com\/es\/wp-json\/wp\/v2\/product_brand?post=475"},{"taxonomy":"product_cat","embeddable":true,"href":"https:\/\/gblexpress.com\/es\/wp-json\/wp\/v2\/product_cat?post=475"},{"taxonomy":"product_tag","embeddable":true,"href":"https:\/\/gblexpress.com\/es\/wp-json\/wp\/v2\/product_tag?post=475"}],"curies":[{"name":"wp","href":"https:\/\/api.w.org\/{rel}","templated":true}]}}