{"id":476,"date":"2023-05-17T11:11:25","date_gmt":"2023-05-17T11:11:25","guid":{"rendered":"https:\/\/gblexpress.com\/?post_type=product&#038;p=476"},"modified":"2026-02-27T10:34:07","modified_gmt":"2026-02-27T10:34:07","slug":"ko-drops-compra-online","status":"publish","type":"product","link":"https:\/\/gblexpress.com\/es\/producto-2\/ko-drops-compra-online\/","title":{"rendered":"Comprar gotas KO en l\u00ednea"},"content":{"rendered":"<div class=\"elementor-element elementor-element-4b6f3d0 elementor-widget elementor-widget-heading\" data-id=\"4b6f3d0\" data-element_type=\"widget\" data-widget_type=\"heading.default\">\n<div class=\"elementor-widget-container\">\n<h2 class=\"elementor-heading-title elementor-size-default\">Comprar gotas Ko<\/h2>\n<\/div>\n<\/div>\n<div class=\"elementor-element elementor-element-3cddf85 elementor-widget elementor-widget-heading\" data-id=\"3cddf85\" data-element_type=\"widget\" data-widget_type=\"heading.default\">\n<div class=\"elementor-widget-container\"><span class=\"elementor-heading-title elementor-size-default\">Somos la mejor tienda online para comprar ko drops<\/span><\/div>\n<\/div>\n<div class=\"elementor-element elementor-element-ac2151b elementor-widget elementor-widget-text-editor\" data-id=\"ac2151b\" data-element_type=\"widget\" data-widget_type=\"text-editor.default\">\n<div class=\"elementor-widget-container\">\n<p>Si buscas d\u00f3nde comprar las llamadas gotas knockout, ya no tendr\u00e1s que depender de vendedores ambulantes dudosos. Comprar <a href=\"https:\/\/gblexpress.com\/es\/producto-2\/ko-drops-compra-online\/\">gotas de nocaut<\/a> einfach in unserem Shop. Richtig eingesetzt, k\u00f6nnen sie anregend oder beruhigend wirken und haben kaum sch\u00e4dliche Nebenwirkungen. Allerdings sollten sie nicht zu hoch dosiert werden, denn dann machen sie schwach und verursachen Amnesie<a href=\"https:\/\/gblexpress.com\/es\/ko-gotas\/\">.<\/a><\/p>\n<div class=\"elementor-column elementor-col-50 elementor-inner-column elementor-element elementor-element-b6eca79 elementor-hidden-tablet elementor-hidden-mobile\" data-id=\"b6eca79\" data-element_type=\"column\">\n<h3 class=\"elementor-widget-wrap\"><strong><span style=\"font-family: Dosis, Arial, Helvetica, sans-serif; font-size: 1.125rem;\">Comprar KO Drops online sin receta<\/span><\/strong><\/h3>\n<\/div>\n<div class=\"elementor-column elementor-col-50 elementor-inner-column elementor-element elementor-element-c3a8155\" data-id=\"c3a8155\" data-element_type=\"column\">\n<div class=\"elementor-widget-wrap elementor-element-populated\">\n<div class=\"elementor-element elementor-element-011f42c elementor-widget elementor-widget-text-editor\" data-id=\"011f42c\" data-element_type=\"widget\" data-widget_type=\"text-editor.default\">\n<div class=\"elementor-widget-container\">\n<p><a href=\"https:\/\/de.wikipedia.org\/wiki\/K.-o.-Tropfen\">Comprar gotas de KO<\/a>: \u00dcberzeugen Sie sich von unserem Angebot an KO \u2013 Tropfen und kaufen Sie in unseren Online-Shop ihr Wunschprodukt ohne Rezept. Wir haben eine gro\u00dfe Auswahl an Produkten, die von den Medien mitunter als KO \u2013 Tropfen bezeichnet werden, die wir schnell und unkompliziert liefern.<\/p>\n<p>Comprar K2 Drops Gotas K2 originales directamente del fabricante - El precio m\u00e1s barato para Alemania, Austria y Suiza Obtenga hasta un 50% de descuento al pedir varios paquetes Env\u00edo expr\u00e9s en EE.UU., Europa, Austria y Suiza A la tienda oficial de K2 Drops (obtenga descuento) \u00bfQu\u00e9 son las gotas bloqueadoras de carbohidratos K2?<a href=\"https:\/\/en.wikipedia.org\/wiki\/Ko-Tropfen\">?<\/a><\/p>\n<div class=\"elementor-element elementor-element-775a1ae elementor-widget elementor-widget-heading\" data-id=\"775a1ae\" data-element_type=\"widget\" data-widget_type=\"heading.default\">\n<div class=\"elementor-widget-container\">\n<h3 class=\"elementor-heading-title elementor-size-default\"><strong>Comprar KO Drops online sin receta<\/strong><\/h3>\n<\/div>\n<\/div>\n<div class=\"elementor-element elementor-element-011f42c elementor-widget elementor-widget-text-editor\" data-id=\"011f42c\" data-element_type=\"widget\" data-widget_type=\"text-editor.default\">\n<div class=\"elementor-widget-container\">\n<p>Comprar Gotas KO: Conv\u00e9nzase de nuestra gama de gotas KO y compre su producto deseado sin receta en nuestra tienda online. Disponemos de una gran selecci\u00f3n de productos que a veces los medios de comunicaci\u00f3n denominan gotas KO, que entregamos r\u00e1pidamente y sin complicaciones.<\/p>\n<h3><strong>Comprar gotas KO online sin receta<\/strong><\/h3>\n<p class=\"elementor-image-box-description\">KO-Tropfen sind ein immer beliebteres Produkt, das f\u00fcr eine Vielzahl von Zwecken verwendet werden kann. Diese wirksamen Tropfen k\u00f6nnen Ihnen helfen, sich zu entspannen, besser zu schlafen und sogar Stress und \u00c4ngste abzubauen. Aber wo kann man KO-Tropfen ohne Rezept online kaufen? Die Antwort lautet KO-TROPFEN. Bei KO-TROPFEN k\u00f6nnen Sie KO-Tropfen schnell und sicher online kaufen.<br \/>\nEl descanso es importante para el bienestar general y a veces puede ser dif\u00edcil de conseguir. Afortunadamente, existen varias alternativas que pueden ayudarle a conseguir el descanso deseado. Las gotas Knockout son una de esas alternativas: favorecen el descanso bloqueando ciertas hormonas conocidas por causar trastornos del sue\u00f1o. Las gotas Knockout pueden comprarse en l\u00ednea de varias maneras. Puede comprar gotas Knockout en l\u00ednea como gotas individuales o en paquetes de seis o m\u00e1s gotas. Tambi\u00e9n puede encontrar Knockout Drops en muchas tiendas y farmacias.<\/p>\n<\/div>\n<\/div>\n<\/div>\n<\/div>\n<\/div>\n<\/div>\n<\/div>\n<\/div>","protected":false},"excerpt":{"rendered":"<div class=\"elementor-element elementor-element-4b6f3d0 elementor-widget elementor-widget-heading\" data-id=\"4b6f3d0\" data-element_type=\"widget\" data-widget_type=\"heading.default\">\n<div class=\"elementor-widget-container\">\n<h2 class=\"elementor-heading-title elementor-size-default\">Comprar gotas Ko<\/h2>\n<\/div>\n<\/div>\n<div class=\"elementor-element elementor-element-3cddf85 elementor-widget elementor-widget-heading\" data-id=\"3cddf85\" data-element_type=\"widget\" data-widget_type=\"heading.default\">\n<div class=\"elementor-widget-container\"><span class=\"elementor-heading-title elementor-size-default\">Somos la mejor tienda online para comprar ko drops<\/span><\/div>\n<\/div>\n<div class=\"elementor-element elementor-element-ac2151b elementor-widget elementor-widget-text-editor\" data-id=\"ac2151b\" data-element_type=\"widget\" data-widget_type=\"text-editor.default\">\n<div class=\"elementor-widget-container\">\n<p>Si buscas d\u00f3nde comprar las llamadas gotas KO, a partir de ahora ya no tendr\u00e1s que confiar en dudosos vendedores ambulantes. Simplemente compre gotas KO en nuestra tienda. Utilizadas correctamente, pueden tener un efecto estimulante o calmante y apenas tienen efectos secundarios nocivos. Sin embargo, no deben dosificarse demasiado, porque entonces te debilitan y provocan amnesia.<\/p>\n<\/div>\n<p><strong>\u00bfC\u00f3mo funcionan las gotas KO?<\/strong><br \/>\n<strong>KO cae<\/strong> act\u00faan activando dos receptores espec\u00edficos en el cerebro:<\/p>\n<ul>\n<li><strong>Receptores de GHB:<\/strong> Regular la actividad neuronal y los procesos metab\u00f3licos.<\/li>\n<li><strong>Receptores GABA-B:<\/strong> Causan efectos relajantes, calmantes y a veces sedantes.<\/li>\n<\/ul>\n<p>El efecto provoca una reducci\u00f3n de la actividad neuronal, favorece la relajaci\u00f3n muscular y puede inducir un sue\u00f1o profundo.<\/p>\n<ul>\n<li><strong>Inicio del efecto:<\/strong> 10-20 minutos despu\u00e9s de la ingesti\u00f3n.<\/li>\n<li><strong>Duraci\u00f3n del efecto:<\/strong> De 1,5 a 4 horas, dependiendo de la dosis y del metabolismo individual.<\/li>\n<\/ul>\n<p><strong>F\u00f3rmula y propiedades<\/strong><\/p>\n<ul>\n<li><strong>Nombre qu\u00edmico:<\/strong> \u00c1cido gamma-hidroxibut\u00edrico<\/li>\n<li><strong>F\u00f3rmula molecular:<\/strong> C4H8O3<\/li>\n<li><strong>Peso molecular:<\/strong> 104,10 g\/mol<\/li>\n<\/ul>\n<\/div>","protected":false},"featured_media":1640,"comment_status":"open","ping_status":"closed","template":"","meta":{"_joinchat":[]},"product_brand":[],"product_cat":[33,34,36,35,246],"product_tag":[281,333,349,332,344,331,340,335,352,355,342,343,350,341,345,351,334,347,338,337,354,339,336,353,348,357,346,356],"class_list":{"0":"post-476","1":"product","2":"type-product","3":"status-publish","4":"has-post-thumbnail","6":"product_cat-gbl-gamma-butyrolactone-25l","7":"product_cat-ghb","8":"product_cat-ko-drops","9":"product_cat-ritalin","10":"product_cat-sex-meth","11":"product_tag-gamma-hydroxybutyrat","12":"product_tag-gbl-tropfen","13":"product_tag-ghb-fluessig-kaufen","14":"product_tag-ghb-tropfen","15":"product_tag-ghb-tropfen-sicher-kaufen","16":"product_tag-ko-tropfen","17":"product_tag-ko-tropfen-anwendung","18":"product_tag-ko-tropfen-bestellen","19":"product_tag-ko-tropfen-chemie","20":"product_tag-ko-tropfen-fuer-apotheken","21":"product_tag-ko-tropfen-fuer-forschung","22":"product_tag-ko-tropfen-fuer-industrielle-anwendungen","23":"product_tag-ko-tropfen-fuer-labore","24":"product_tag-ko-tropfen-fuer-medizinische-zwecke","25":"product_tag-ko-tropfen-grosshandel","26":"product_tag-ko-tropfen-in-deutschland-kaufen","27":"product_tag-ko-tropfen-kaufen","28":"product_tag-ko-tropfen-lagerung","29":"product_tag-ko-tropfen-legal-kaufen","30":"product_tag-ko-tropfen-lieferant","31":"product_tag-ko-tropfen-ohne-rezept","32":"product_tag-ko-tropfen-online-bestellen","33":"product_tag-ko-tropfen-preis","34":"product_tag-ko-tropfen-risiken","35":"product_tag-ko-tropfen-sicherheitsrichtlinien","36":"product_tag-ko-tropfen-vertrieb","37":"product_tag-ko-tropfen-weltweit-bestellen","38":"product_tag-wo-ko-tropfen-kaufen","40":"first","41":"instock","42":"shipping-taxable","43":"purchasable","44":"product-type-variable","45":"has-default-attributes"},"yoast_head":"<!-- This site is optimized with the Yoast SEO plugin v25.4 - https:\/\/yoast.com\/wordpress\/plugins\/seo\/ -->\n<title>KO Tropfen Online Kaufen - KO Tropfen zu verkaufen<\/title>\n<meta name=\"description\" content=\"Wenn Sie Ko Tropfen online kaufen m\u00f6chten und einen zuverl\u00e4ssigen Online-Shop suchen, sind Sie hier genau richtig. Wir bieten ausschlie\u00dflich hochwertige Ko Tropfen zu einem erschwinglichen Preis an. Bestellen Sie jetzt Ko Tropfen!\" \/>\n<meta name=\"robots\" content=\"index, follow, max-snippet:-1, max-image-preview:large, max-video-preview:-1\" \/>\n<link rel=\"canonical\" href=\"https:\/\/gblexpress.com\/es\/producto-2\/ko-drops-compra-online\/\" \/>\n<meta property=\"og:locale\" content=\"es_ES\" \/>\n<meta property=\"og:type\" content=\"article\" \/>\n<meta property=\"og:title\" content=\"KO Tropfen Online Kaufen - KO Tropfen zu verkaufen\" \/>\n<meta property=\"og:description\" content=\"Wenn Sie Ko Tropfen online kaufen m\u00f6chten und einen zuverl\u00e4ssigen Online-Shop suchen, sind Sie hier genau richtig. Wir bieten ausschlie\u00dflich hochwertige Ko Tropfen zu einem erschwinglichen Preis an. Bestellen Sie jetzt Ko Tropfen!\" \/>\n<meta property=\"og:url\" content=\"https:\/\/gblexpress.com\/es\/producto-2\/ko-drops-compra-online\/\" \/>\n<meta property=\"og:site_name\" content=\"GBL Express\" \/>\n<meta property=\"article:modified_time\" content=\"2026-02-27T10:34:07+00:00\" \/>\n<meta property=\"og:image\" content=\"https:\/\/gblexpress.com\/wp-content\/uploads\/2023\/05\/KO-Tropfen.jpg\" \/>\n\t<meta property=\"og:image:width\" content=\"600\" \/>\n\t<meta property=\"og:image:height\" content=\"600\" \/>\n\t<meta property=\"og:image:type\" content=\"image\/jpeg\" \/>\n<meta name=\"twitter:card\" content=\"summary_large_image\" \/>\n<meta name=\"twitter:label1\" content=\"Tiempo de lectura\" \/>\n\t<meta name=\"twitter:data1\" content=\"2 minutos\" \/>\n<!-- \/ Yoast SEO plugin. -->","yoast_head_json":{"title":"Comprar KO Drops en l\u00ednea - KO Drops a la venta","description":"Si quieres comprar Ko drops online y buscas una tienda online fiable, has llegado al lugar indicado. Solo ofrecemos gotas knockout de alta calidad a un precio asequible. \u00a1Ordene Ko Drops ahora!","robots":{"index":"index","follow":"follow","max-snippet":"max-snippet:-1","max-image-preview":"max-image-preview:large","max-video-preview":"max-video-preview:-1"},"canonical":"https:\/\/gblexpress.com\/es\/producto-2\/ko-drops-compra-online\/","og_locale":"es_ES","og_type":"article","og_title":"KO Tropfen Online Kaufen - KO Tropfen zu verkaufen","og_description":"Wenn Sie Ko Tropfen online kaufen m\u00f6chten und einen zuverl\u00e4ssigen Online-Shop suchen, sind Sie hier genau richtig. Wir bieten ausschlie\u00dflich hochwertige Ko Tropfen zu einem erschwinglichen Preis an. Bestellen Sie jetzt Ko Tropfen!","og_url":"https:\/\/gblexpress.com\/es\/producto-2\/ko-drops-compra-online\/","og_site_name":"GBL Express","article_modified_time":"2026-02-27T10:34:07+00:00","og_image":[{"width":600,"height":600,"url":"https:\/\/gblexpress.com\/wp-content\/uploads\/2023\/05\/KO-Tropfen.jpg","type":"image\/jpeg"}],"twitter_card":"summary_large_image","twitter_misc":{"Tiempo de lectura":"2 minutos"},"schema":{"@context":"https:\/\/schema.org","@graph":[{"@type":"WebPage","@id":"https:\/\/gblexpress.com\/product\/ko-tropfen-kaufen-online\/","url":"https:\/\/gblexpress.com\/product\/ko-tropfen-kaufen-online\/","name":"Comprar KO Drops en l\u00ednea - KO Drops a la venta","isPartOf":{"@id":"https:\/\/gblexpress.com\/#website"},"primaryImageOfPage":{"@id":"https:\/\/gblexpress.com\/product\/ko-tropfen-kaufen-online\/#primaryimage"},"image":{"@id":"https:\/\/gblexpress.com\/product\/ko-tropfen-kaufen-online\/#primaryimage"},"thumbnailUrl":"https:\/\/gblexpress.com\/wp-content\/uploads\/2023\/05\/KO-Tropfen.jpg","datePublished":"2023-05-17T11:11:25+00:00","dateModified":"2026-02-27T10:34:07+00:00","description":"Si quieres comprar Ko drops online y buscas una tienda online fiable, has llegado al lugar indicado. Solo ofrecemos gotas knockout de alta calidad a un precio asequible. \u00a1Ordene Ko Drops ahora!","breadcrumb":{"@id":"https:\/\/gblexpress.com\/product\/ko-tropfen-kaufen-online\/#breadcrumb"},"inLanguage":"es","potentialAction":[{"@type":"ReadAction","target":["https:\/\/gblexpress.com\/product\/ko-tropfen-kaufen-online\/"]}]},{"@type":"ImageObject","inLanguage":"es","@id":"https:\/\/gblexpress.com\/product\/ko-tropfen-kaufen-online\/#primaryimage","url":"https:\/\/gblexpress.com\/wp-content\/uploads\/2023\/05\/KO-Tropfen.jpg","contentUrl":"https:\/\/gblexpress.com\/wp-content\/uploads\/2023\/05\/KO-Tropfen.jpg","width":600,"height":600,"caption":"KO-Tropfen online kaufen"},{"@type":"BreadcrumbList","@id":"https:\/\/gblexpress.com\/product\/ko-tropfen-kaufen-online\/#breadcrumb","itemListElement":[{"@type":"ListItem","position":1,"name":"Home","item":"https:\/\/gblexpress.com\/"},{"@type":"ListItem","position":2,"name":"Shop","item":"https:\/\/gblexpress.com\/shop\/"},{"@type":"ListItem","position":3,"name":"KO Tropfen Kaufen Online"}]},{"@type":"WebSite","@id":"https:\/\/gblexpress.com\/#website","url":"https:\/\/gblexpress.com\/","name":"GBL Express","description":"","publisher":{"@id":"https:\/\/gblexpress.com\/#organization"},"potentialAction":[{"@type":"SearchAction","target":{"@type":"EntryPoint","urlTemplate":"https:\/\/gblexpress.com\/?s={search_term_string}"},"query-input":{"@type":"PropertyValueSpecification","valueRequired":true,"valueName":"search_term_string"}}],"inLanguage":"es"},{"@type":"Organization","@id":"https:\/\/gblexpress.com\/#organization","name":"GBL Express","url":"https:\/\/gblexpress.com\/","logo":{"@type":"ImageObject","inLanguage":"es","@id":"https:\/\/gblexpress.com\/#\/schema\/logo\/image\/","url":"https:\/\/gblexpress.com\/wp-content\/uploads\/2023\/01\/logo.png","contentUrl":"https:\/\/gblexpress.com\/wp-content\/uploads\/2023\/01\/logo.png","width":250,"height":52,"caption":"GBL Express"},"image":{"@id":"https:\/\/gblexpress.com\/#\/schema\/logo\/image\/"}}]}},"jetpack-related-posts":[],"jetpack_sharing_enabled":true,"_links":{"self":[{"href":"https:\/\/gblexpress.com\/es\/wp-json\/wp\/v2\/product\/476","targetHints":{"allow":["GET"]}}],"collection":[{"href":"https:\/\/gblexpress.com\/es\/wp-json\/wp\/v2\/product"}],"about":[{"href":"https:\/\/gblexpress.com\/es\/wp-json\/wp\/v2\/types\/product"}],"replies":[{"embeddable":true,"href":"https:\/\/gblexpress.com\/es\/wp-json\/wp\/v2\/comments?post=476"}],"wp:featuredmedia":[{"embeddable":true,"href":"https:\/\/gblexpress.com\/es\/wp-json\/wp\/v2\/media\/1640"}],"wp:attachment":[{"href":"https:\/\/gblexpress.com\/es\/wp-json\/wp\/v2\/media?parent=476"}],"wp:term":[{"taxonomy":"product_brand","embeddable":true,"href":"https:\/\/gblexpress.com\/es\/wp-json\/wp\/v2\/product_brand?post=476"},{"taxonomy":"product_cat","embeddable":true,"href":"https:\/\/gblexpress.com\/es\/wp-json\/wp\/v2\/product_cat?post=476"},{"taxonomy":"product_tag","embeddable":true,"href":"https:\/\/gblexpress.com\/es\/wp-json\/wp\/v2\/product_tag?post=476"}],"curies":[{"name":"wp","href":"https:\/\/api.w.org\/{rel}","templated":true}]}}