{"id":538,"date":"2023-05-24T05:35:19","date_gmt":"2023-05-24T05:35:19","guid":{"rendered":"https:\/\/gblexpress.com\/?post_type=product&#038;p=538"},"modified":"2026-02-25T05:17:21","modified_gmt":"2026-02-25T05:17:21","slug":"diazepam-ratiopharm-5-mg-diazepam","status":"publish","type":"product","link":"https:\/\/gblexpress.com\/es\/producto-2\/diazepam-ratiopharm-5-mg-diazepam\/","title":{"rendered":"Diazepam Ratiopharm 5 mg Diazepam"},"content":{"rendered":"<h2><strong>Angaben zur Haltbarkeit: Diazepam Ratiopharm 5 mg Online Kaufen<\/strong><\/h2>\n<p><a href=\"https:\/\/en.wikipedia.org\/wiki\/Diazepam\">Diazepam en venta<\/a>Las unidades del producto denominado <a href=\"https:\/\/gblexpress.com\/es\/producto-2\/diazepam-ratiopharm-5-mg-diazepam\/\">Diazepam Ratiopharm 5 mg<\/a> son, sin excepci\u00f3n, art\u00edculos de calidad farmac\u00e9utica en perfecto estado. Si accidentalmente recibe un env\u00edo que no cumple esta especificaci\u00f3n, se le devolver\u00e1 el dinero o se le enviar\u00e1 un nuevo env\u00edo. Una vez transcurrido el plazo de caducidad, el medicamento debe eliminarse siguiendo las instrucciones del fabricante (v\u00e9ase el prospecto).<\/p>\n<h3><strong>Detalles de disponibilidad:<\/strong><\/h3>\n<p>El producto denominado Diazepam Ratiopharm 5 mg est\u00e1 disponible inmediatamente.<\/p>\n<h3><strong>Restricciones espec\u00edficas de cada pa\u00eds en materia de entregabilidad:<\/strong><\/h3>\n<p>Actualmente no existen restricciones de suministro espec\u00edficas por pa\u00eds para el producto denominado Diazepam Ratiopharm 5 mg.<\/p>\n<h3><strong>Almacenamiento:<\/strong><\/h3>\n<p>Por favor, mantenga el producto Diazepam Ratiopharm 5 mg en su envase original fuera del alcance de los ni\u00f1os. Por favor, consulte el prospecto para cualquier informaci\u00f3n adicional sobre la correcta conservaci\u00f3n y eliminaci\u00f3n.<a href=\"https:\/\/gblexpress.com\/pl\/ko-krople\/\">.<\/a><\/p>","protected":false},"excerpt":{"rendered":"<p>Angaben zur Haltbarkeit: Diazepam Ratiopharm 5 mg Online Kaufen Diazepam zu verkaufen, Die von uns zur Verf\u00fcgung gestellten Einheiten des Produkts mit der Bezeichnung Diazepam Ratiopharm 5 mg sind ausnahmslos neuwertige Artikel in Apothekenqualit\u00e4t. Sollten Sie aus Versehen eine Lieferung erhalten, die dieser Spezifikation nicht entspricht, erhalten Sie Ihr Geld zur\u00fcck oder eine neue Lieferung. [&hellip;]<\/p>","protected":false},"featured_media":1642,"comment_status":"open","ping_status":"closed","template":"","meta":{"_joinchat":[]},"product_brand":[],"product_cat":[36],"product_tag":[],"class_list":{"0":"post-538","1":"product","2":"type-product","3":"status-publish","4":"has-post-thumbnail","6":"product_cat-ko-drops","8":"first","9":"instock","10":"shipping-taxable","11":"purchasable","12":"product-type-variable","13":"has-default-attributes"},"yoast_head":"<!-- This site is optimized with the Yoast SEO plugin v25.4 - https:\/\/yoast.com\/wordpress\/plugins\/seo\/ -->\n<title>Diazepam zu verkaufen, Diazepam Ratiopharm 5 mg Diazepam<\/title>\n<meta name=\"description\" content=\"Wenn Sie Diazepam ratiopharm 5 mg aus unserem Shop noch nicht probiert haben, verpassen Sie viel. Wir helfen Ihnen, Diazepam ratiopharm 5 mg g\u00fcnstig online zu kaufen. Sichern Sie sich Diazepam ratiopharm 5 mg noch heute!\" \/>\n<meta name=\"robots\" content=\"index, follow, max-snippet:-1, max-image-preview:large, max-video-preview:-1\" \/>\n<link rel=\"canonical\" href=\"https:\/\/gblexpress.com\/es\/producto-2\/diazepam-ratiopharm-5-mg-diazepam\/\" \/>\n<meta property=\"og:locale\" content=\"es_ES\" \/>\n<meta property=\"og:type\" content=\"article\" \/>\n<meta property=\"og:title\" content=\"Diazepam zu verkaufen, Diazepam Ratiopharm 5 mg Diazepam\" \/>\n<meta property=\"og:description\" content=\"Wenn Sie Diazepam ratiopharm 5 mg aus unserem Shop noch nicht probiert haben, verpassen Sie viel. Wir helfen Ihnen, Diazepam ratiopharm 5 mg g\u00fcnstig online zu kaufen. Sichern Sie sich Diazepam ratiopharm 5 mg noch heute!\" \/>\n<meta property=\"og:url\" content=\"https:\/\/gblexpress.com\/es\/producto-2\/diazepam-ratiopharm-5-mg-diazepam\/\" \/>\n<meta property=\"og:site_name\" content=\"GBL Express\" \/>\n<meta property=\"article:modified_time\" content=\"2026-02-25T05:17:21+00:00\" \/>\n<meta property=\"og:image\" content=\"https:\/\/gblexpress.com\/wp-content\/uploads\/2023\/05\/Diazepam-Ratiopharm.jpg\" \/>\n\t<meta property=\"og:image:width\" content=\"600\" \/>\n\t<meta property=\"og:image:height\" content=\"600\" \/>\n\t<meta property=\"og:image:type\" content=\"image\/jpeg\" \/>\n<meta name=\"twitter:card\" content=\"summary_large_image\" \/>\n<meta name=\"twitter:label1\" content=\"Tiempo de lectura\" \/>\n\t<meta name=\"twitter:data1\" content=\"1 minuto\" \/>\n<!-- \/ Yoast SEO plugin. -->","yoast_head_json":{"title":"Diazepam en venta, Diazepam Ratiopharm 5 mg Diazepam","description":"Si a\u00fan no ha probado Diazepam ratiopharm 5 mg en nuestra tienda, se est\u00e1 perdiendo mucho. Te ayudamos a comprar Diazepam ratiopharm 5 mg barato online. \u00a1Compre Diazepam ratiopharm 5 mg hoy!","robots":{"index":"index","follow":"follow","max-snippet":"max-snippet:-1","max-image-preview":"max-image-preview:large","max-video-preview":"max-video-preview:-1"},"canonical":"https:\/\/gblexpress.com\/es\/producto-2\/diazepam-ratiopharm-5-mg-diazepam\/","og_locale":"es_ES","og_type":"article","og_title":"Diazepam zu verkaufen, Diazepam Ratiopharm 5 mg Diazepam","og_description":"Wenn Sie Diazepam ratiopharm 5 mg aus unserem Shop noch nicht probiert haben, verpassen Sie viel. Wir helfen Ihnen, Diazepam ratiopharm 5 mg g\u00fcnstig online zu kaufen. Sichern Sie sich Diazepam ratiopharm 5 mg noch heute!","og_url":"https:\/\/gblexpress.com\/es\/producto-2\/diazepam-ratiopharm-5-mg-diazepam\/","og_site_name":"GBL Express","article_modified_time":"2026-02-25T05:17:21+00:00","og_image":[{"width":600,"height":600,"url":"https:\/\/gblexpress.com\/wp-content\/uploads\/2023\/05\/Diazepam-Ratiopharm.jpg","type":"image\/jpeg"}],"twitter_card":"summary_large_image","twitter_misc":{"Tiempo de lectura":"1 minuto"},"schema":{"@context":"https:\/\/schema.org","@graph":[{"@type":"WebPage","@id":"https:\/\/gblexpress.com\/product\/diazepam-ratiopharm-5-mg-diazepam\/","url":"https:\/\/gblexpress.com\/product\/diazepam-ratiopharm-5-mg-diazepam\/","name":"Diazepam en venta, Diazepam Ratiopharm 5 mg Diazepam","isPartOf":{"@id":"https:\/\/gblexpress.com\/#website"},"primaryImageOfPage":{"@id":"https:\/\/gblexpress.com\/product\/diazepam-ratiopharm-5-mg-diazepam\/#primaryimage"},"image":{"@id":"https:\/\/gblexpress.com\/product\/diazepam-ratiopharm-5-mg-diazepam\/#primaryimage"},"thumbnailUrl":"https:\/\/gblexpress.com\/wp-content\/uploads\/2023\/05\/Diazepam-Ratiopharm.jpg","datePublished":"2023-05-24T05:35:19+00:00","dateModified":"2026-02-25T05:17:21+00:00","description":"Si a\u00fan no ha probado Diazepam ratiopharm 5 mg en nuestra tienda, se est\u00e1 perdiendo mucho. Te ayudamos a comprar Diazepam ratiopharm 5 mg barato online. \u00a1Compre Diazepam ratiopharm 5 mg hoy!","breadcrumb":{"@id":"https:\/\/gblexpress.com\/product\/diazepam-ratiopharm-5-mg-diazepam\/#breadcrumb"},"inLanguage":"es","potentialAction":[{"@type":"ReadAction","target":["https:\/\/gblexpress.com\/product\/diazepam-ratiopharm-5-mg-diazepam\/"]}]},{"@type":"ImageObject","inLanguage":"es","@id":"https:\/\/gblexpress.com\/product\/diazepam-ratiopharm-5-mg-diazepam\/#primaryimage","url":"https:\/\/gblexpress.com\/wp-content\/uploads\/2023\/05\/Diazepam-Ratiopharm.jpg","contentUrl":"https:\/\/gblexpress.com\/wp-content\/uploads\/2023\/05\/Diazepam-Ratiopharm.jpg","width":600,"height":600,"caption":"Diazepam-Ratiopharm online kaufen"},{"@type":"BreadcrumbList","@id":"https:\/\/gblexpress.com\/product\/diazepam-ratiopharm-5-mg-diazepam\/#breadcrumb","itemListElement":[{"@type":"ListItem","position":1,"name":"Home","item":"https:\/\/gblexpress.com\/"},{"@type":"ListItem","position":2,"name":"Shop","item":"https:\/\/gblexpress.com\/shop\/"},{"@type":"ListItem","position":3,"name":"Diazepam Ratiopharm 5 mg Diazepam"}]},{"@type":"WebSite","@id":"https:\/\/gblexpress.com\/#website","url":"https:\/\/gblexpress.com\/","name":"GBL Express","description":"","publisher":{"@id":"https:\/\/gblexpress.com\/#organization"},"potentialAction":[{"@type":"SearchAction","target":{"@type":"EntryPoint","urlTemplate":"https:\/\/gblexpress.com\/?s={search_term_string}"},"query-input":{"@type":"PropertyValueSpecification","valueRequired":true,"valueName":"search_term_string"}}],"inLanguage":"es"},{"@type":"Organization","@id":"https:\/\/gblexpress.com\/#organization","name":"GBL Express","url":"https:\/\/gblexpress.com\/","logo":{"@type":"ImageObject","inLanguage":"es","@id":"https:\/\/gblexpress.com\/#\/schema\/logo\/image\/","url":"https:\/\/gblexpress.com\/wp-content\/uploads\/2023\/01\/logo.png","contentUrl":"https:\/\/gblexpress.com\/wp-content\/uploads\/2023\/01\/logo.png","width":250,"height":52,"caption":"GBL Express"},"image":{"@id":"https:\/\/gblexpress.com\/#\/schema\/logo\/image\/"}}]}},"jetpack-related-posts":[],"jetpack_sharing_enabled":true,"_links":{"self":[{"href":"https:\/\/gblexpress.com\/es\/wp-json\/wp\/v2\/product\/538","targetHints":{"allow":["GET"]}}],"collection":[{"href":"https:\/\/gblexpress.com\/es\/wp-json\/wp\/v2\/product"}],"about":[{"href":"https:\/\/gblexpress.com\/es\/wp-json\/wp\/v2\/types\/product"}],"replies":[{"embeddable":true,"href":"https:\/\/gblexpress.com\/es\/wp-json\/wp\/v2\/comments?post=538"}],"wp:featuredmedia":[{"embeddable":true,"href":"https:\/\/gblexpress.com\/es\/wp-json\/wp\/v2\/media\/1642"}],"wp:attachment":[{"href":"https:\/\/gblexpress.com\/es\/wp-json\/wp\/v2\/media?parent=538"}],"wp:term":[{"taxonomy":"product_brand","embeddable":true,"href":"https:\/\/gblexpress.com\/es\/wp-json\/wp\/v2\/product_brand?post=538"},{"taxonomy":"product_cat","embeddable":true,"href":"https:\/\/gblexpress.com\/es\/wp-json\/wp\/v2\/product_cat?post=538"},{"taxonomy":"product_tag","embeddable":true,"href":"https:\/\/gblexpress.com\/es\/wp-json\/wp\/v2\/product_tag?post=538"}],"curies":[{"name":"wp","href":"https:\/\/api.w.org\/{rel}","templated":true}]}}