{"id":547,"date":"2023-05-24T06:04:39","date_gmt":"2023-05-24T06:04:39","guid":{"rendered":"https:\/\/gblexpress.com\/?post_type=product&#038;p=547"},"modified":"2026-02-26T07:24:53","modified_gmt":"2026-02-26T07:24:53","slug":"heaven-pure-ecstasy-500-mg-%ce%b3-acido-hidroxibutirico-ghb","status":"publish","type":"product","link":"https:\/\/gblexpress.com\/es\/producto-2\/heaven-pure-ecstasy-500-mg-%ce%b3-acido-hidroxibutirico-ghb\/","title":{"rendered":"Heaven Pure Ecstasy 500 mg \u00e1cido \u03b3-hidroxibut\u00edrico (GHB)"},"content":{"rendered":"<h2><strong>Angaben zur Haltbarkeit: Heaven Pure Ecstasy 500 mg \u03b3-Hydroxybutters\u00e4ure (GHB) Online kaufen<\/strong><\/h2>\n<p><a href=\"https:\/\/en.wikipedia.org\/wiki\/%CE%93-Hydroxybutyric_acid\">Comprar Heaven Pure Ecstasy<\/a>Las unidades del producto denominado <a href=\"https:\/\/gblexpress.com\/es\/producto-2\/heaven-pure-ecstasy-500-mg-%ce%b3-acido-hidroxibutirico-ghb\/\">GHB<\/a> son, sin excepci\u00f3n, art\u00edculos de calidad farmac\u00e9utica en perfecto estado. Si accidentalmente recibe un env\u00edo que no cumple esta especificaci\u00f3n, se le devolver\u00e1 el dinero o se le enviar\u00e1 un nuevo env\u00edo. Una vez transcurrido el plazo de caducidad, el medicamento debe eliminarse siguiendo las instrucciones del fabricante (v\u00e9ase el prospecto).<\/p>\n<h3><strong>Detalles de disponibilidad:<\/strong><\/h3>\n<p>El producto con la denominaci\u00f3n GHB est\u00e1 disponible inmediatamente.<\/p>\n<h3><strong>Restricciones espec\u00edficas de cada pa\u00eds en materia de entregabilidad:<\/strong><\/h3>\n<p>Actualmente no existen restricciones de suministro espec\u00edficas de cada pa\u00eds para el producto con la denominaci\u00f3n GHB<a href=\"https:\/\/gblexpress.com\/pl\/shop\/gbl-kup-online-butyrolakton-kup\/\">.<\/a><\/p>\n<h3><strong>Almacenamiento:<\/strong><\/h3>\n<p>Mantenga el producto etiquetado GHB en su envase original fuera del alcance de los ni\u00f1os. Consulte el prospecto para obtener informaci\u00f3n adicional sobre el almacenamiento y la eliminaci\u00f3n adecuados.<br \/>\ny eliminaci\u00f3n, consulte el prospecto.<\/p>","protected":false},"excerpt":{"rendered":"<p><strong>Cielo Puro \u00c9xtasis<\/strong> es una forma muy pura de <strong>\u00c1cido \u03b3-hidroxibut\u00edrico (GHB)<\/strong>conocido por su composici\u00f3n qu\u00edmica precisa y su excepcional pureza. Es ideal para aplicaciones cient\u00edficas y farmac\u00e9uticas y proporciona resultados fiables para el an\u00e1lisis y la investigaci\u00f3n.<\/p>\n<h3><strong>F\u00f3rmula qu\u00edmica y propiedades<\/strong><\/h3>\n<ul>\n<li><strong>F\u00f3rmula qu\u00edmica<\/strong>C4H8O3<\/li>\n<li><strong>Peso molecular<\/strong>104,10 g\/mol<\/li>\n<li><strong>Pureza<\/strong>99% - garantiza la m\u00e1xima calidad y resultados fiables.<\/li>\n<li><strong>Apariencia<\/strong>L\u00edquido claro e incoloro o polvo blanco cristalino, seg\u00fan la preparaci\u00f3n.<\/li>\n<li><strong>Estabilidad<\/strong>Gran estabilidad en condiciones de almacenamiento controladas.<\/li>\n<\/ul>\n<h3><strong>\u00bfC\u00f3mo act\u00faa el GHB?<\/strong><\/h3>\n<p>El GHB es un compuesto qu\u00edmico que se produce de forma natural en el organismo y act\u00faa como neurotransmisor y neuromodulador. Interact\u00faa principalmente con los receptores GABA y GHB del sistema nervioso central, lo que provoca diversos efectos:<\/p>\n<ul>\n<li><strong>Efecto calmante<\/strong>Favorece la relajaci\u00f3n y el sue\u00f1o.<\/li>\n<li><strong>Propiedades neuroprotectoras<\/strong>Favorece los procesos de reparaci\u00f3n celular en el cerebro.<\/li>\n<li><strong>Aplicaciones terap\u00e9uticas<\/strong>\u00datil en la investigaci\u00f3n de trastornos del sue\u00f1o y enfermedades neurol\u00f3gicas y mentales.<\/li>\n<\/ul>","protected":false},"featured_media":1637,"comment_status":"open","ping_status":"closed","template":"","meta":{"_joinchat":[]},"product_brand":[],"product_cat":[34],"product_tag":[830,843,833,832,849,836,847,838,848,288,844,837,845,828,842,835,826,831,834,829,846,841,839,827,840],"class_list":{"0":"post-547","1":"product","2":"type-product","3":"status-publish","4":"has-post-thumbnail","6":"product_cat-ghb","7":"product_tag-500-mg-ghb-kaufen","8":"product_tag-beste-qualitaet-ghb","9":"product_tag-chemisches-reagenz-ghb","10":"product_tag-diskreter-versand-ghb","11":"product_tag-ghb-anbieter-deutschland","12":"product_tag-ghb-bestellen-deutschland","13":"product_tag-ghb-chemische-reinheit","14":"product_tag-ghb-diskret-kaufen","15":"product_tag-ghb-europa-versand","16":"product_tag-ghb-fuer-forschung","17":"product_tag-ghb-fuer-forschungszwecke","18":"product_tag-ghb-grosshandel","19":"product_tag-ghb-laborqualitaet","20":"product_tag-ghb-online-bestellen","21":"product_tag-ghb-online-guenstig-kaufen","22":"product_tag-ghb-reinheit-99","23":"product_tag-heaven-pure-ecstasy-kaufen","24":"product_tag-hochreines-ghb","25":"product_tag-hochwertiges-ghb-pulver","26":"product_tag-pure-ecstasy-ghb","27":"product_tag-pure-ghb-ecstasy-bestellen","28":"product_tag-reines-ghb-fuer-labore","29":"product_tag-schnelle-lieferung-ghb","30":"product_tag--hydroxybuttersaeure","31":"product_tag--hydroxybuttersaeure-kaufen","33":"first","34":"instock","35":"shipping-taxable","36":"purchasable","37":"product-type-variable","38":"has-default-attributes"},"yoast_head":"<!-- This site is optimized with the Yoast SEO plugin v25.4 - https:\/\/yoast.com\/wordpress\/plugins\/seo\/ -->\n<title>Heaven Pure Ecstasy 500 mg \u03b3-Hydroxybutters\u00e4ure (GHB)<\/title>\n<meta name=\"description\" content=\"Sie erhalten Heaven Pure Ecstasy 500 mg \u03b3-Hydroxybutters\u00e4ure (GHB) zu den besten Preisen in unserem Online-Shop. Wir helfen Ihnen gerne beim Online-Kauf von Heaven Pure Ecstasy 500 mg \u03b3-Hydroxybutters\u00e4ure (GHB). Besuchen Sie noch heute den besten Shop der Stadt!\" \/>\n<meta name=\"robots\" content=\"index, follow, max-snippet:-1, max-image-preview:large, max-video-preview:-1\" \/>\n<link rel=\"canonical\" href=\"https:\/\/gblexpress.com\/es\/producto-2\/heaven-pure-ecstasy-500-mg-\u03b3-acido-hidroxibutirico-ghb\/\" \/>\n<meta property=\"og:locale\" content=\"es_ES\" \/>\n<meta property=\"og:type\" content=\"article\" \/>\n<meta property=\"og:title\" content=\"Heaven Pure Ecstasy 500 mg \u03b3-Hydroxybutters\u00e4ure (GHB)\" \/>\n<meta property=\"og:description\" content=\"Sie erhalten Heaven Pure Ecstasy 500 mg \u03b3-Hydroxybutters\u00e4ure (GHB) zu den besten Preisen in unserem Online-Shop. Wir helfen Ihnen gerne beim Online-Kauf von Heaven Pure Ecstasy 500 mg \u03b3-Hydroxybutters\u00e4ure (GHB). Besuchen Sie noch heute den besten Shop der Stadt!\" \/>\n<meta property=\"og:url\" content=\"https:\/\/gblexpress.com\/es\/producto-2\/heaven-pure-ecstasy-500-mg-\u03b3-acido-hidroxibutirico-ghb\/\" \/>\n<meta property=\"og:site_name\" content=\"GBL Express\" \/>\n<meta property=\"article:modified_time\" content=\"2026-02-26T07:24:53+00:00\" \/>\n<meta property=\"og:image\" content=\"https:\/\/gblexpress.com\/wp-content\/uploads\/2023\/05\/Heaven-Pure-Ecstasy.jpg\" \/>\n\t<meta property=\"og:image:width\" content=\"600\" \/>\n\t<meta property=\"og:image:height\" content=\"600\" \/>\n\t<meta property=\"og:image:type\" content=\"image\/jpeg\" \/>\n<meta name=\"twitter:card\" content=\"summary_large_image\" \/>\n<meta name=\"twitter:label1\" content=\"Tiempo de lectura\" \/>\n\t<meta name=\"twitter:data1\" content=\"1 minuto\" \/>\n<!-- \/ Yoast SEO plugin. -->","yoast_head_json":{"title":"Heaven Pure Ecstasy 500 mg \u00e1cido \u03b3-hidroxibut\u00edrico (GHB)","description":"Puedes conseguir Heaven Pure Ecstasy 500 mg \u00c1cido \u03b3-Hidroxibut\u00edrico (GHB) a los mejores precios en nuestra tienda online. Estaremos encantados de ayudarle a comprar Heaven Pure Ecstasy 500 mg \u00c1cido \u03b3-hidroxibut\u00edrico (GHB) en l\u00ednea. \u00a1Visita hoy la mejor tienda de la ciudad!","robots":{"index":"index","follow":"follow","max-snippet":"max-snippet:-1","max-image-preview":"max-image-preview:large","max-video-preview":"max-video-preview:-1"},"canonical":"https:\/\/gblexpress.com\/es\/producto-2\/heaven-pure-ecstasy-500-mg-\u03b3-acido-hidroxibutirico-ghb\/","og_locale":"es_ES","og_type":"article","og_title":"Heaven Pure Ecstasy 500 mg \u03b3-Hydroxybutters\u00e4ure (GHB)","og_description":"Sie erhalten Heaven Pure Ecstasy 500 mg \u03b3-Hydroxybutters\u00e4ure (GHB) zu den besten Preisen in unserem Online-Shop. Wir helfen Ihnen gerne beim Online-Kauf von Heaven Pure Ecstasy 500 mg \u03b3-Hydroxybutters\u00e4ure (GHB). Besuchen Sie noch heute den besten Shop der Stadt!","og_url":"https:\/\/gblexpress.com\/es\/producto-2\/heaven-pure-ecstasy-500-mg-\u03b3-acido-hidroxibutirico-ghb\/","og_site_name":"GBL Express","article_modified_time":"2026-02-26T07:24:53+00:00","og_image":[{"width":600,"height":600,"url":"https:\/\/gblexpress.com\/wp-content\/uploads\/2023\/05\/Heaven-Pure-Ecstasy.jpg","type":"image\/jpeg"}],"twitter_card":"summary_large_image","twitter_misc":{"Tiempo de lectura":"1 minuto"},"schema":{"@context":"https:\/\/schema.org","@graph":[{"@type":"WebPage","@id":"https:\/\/gblexpress.com\/product\/heaven-pure-ecstasy-500-mg-%ce%b3-hydroxybuttersaeure-ghb\/","url":"https:\/\/gblexpress.com\/product\/heaven-pure-ecstasy-500-mg-%ce%b3-hydroxybuttersaeure-ghb\/","name":"Heaven Pure Ecstasy 500 mg \u00e1cido \u03b3-hidroxibut\u00edrico (GHB)","isPartOf":{"@id":"https:\/\/gblexpress.com\/#website"},"primaryImageOfPage":{"@id":"https:\/\/gblexpress.com\/product\/heaven-pure-ecstasy-500-mg-%ce%b3-hydroxybuttersaeure-ghb\/#primaryimage"},"image":{"@id":"https:\/\/gblexpress.com\/product\/heaven-pure-ecstasy-500-mg-%ce%b3-hydroxybuttersaeure-ghb\/#primaryimage"},"thumbnailUrl":"https:\/\/gblexpress.com\/wp-content\/uploads\/2023\/05\/Heaven-Pure-Ecstasy.jpg","datePublished":"2023-05-24T06:04:39+00:00","dateModified":"2026-02-26T07:24:53+00:00","description":"Puedes conseguir Heaven Pure Ecstasy 500 mg \u00c1cido \u03b3-Hidroxibut\u00edrico (GHB) a los mejores precios en nuestra tienda online. Estaremos encantados de ayudarle a comprar Heaven Pure Ecstasy 500 mg \u00c1cido \u03b3-hidroxibut\u00edrico (GHB) en l\u00ednea. \u00a1Visita hoy la mejor tienda de la ciudad!","breadcrumb":{"@id":"https:\/\/gblexpress.com\/product\/heaven-pure-ecstasy-500-mg-%ce%b3-hydroxybuttersaeure-ghb\/#breadcrumb"},"inLanguage":"es","potentialAction":[{"@type":"ReadAction","target":["https:\/\/gblexpress.com\/product\/heaven-pure-ecstasy-500-mg-%ce%b3-hydroxybuttersaeure-ghb\/"]}]},{"@type":"ImageObject","inLanguage":"es","@id":"https:\/\/gblexpress.com\/product\/heaven-pure-ecstasy-500-mg-%ce%b3-hydroxybuttersaeure-ghb\/#primaryimage","url":"https:\/\/gblexpress.com\/wp-content\/uploads\/2023\/05\/Heaven-Pure-Ecstasy.jpg","contentUrl":"https:\/\/gblexpress.com\/wp-content\/uploads\/2023\/05\/Heaven-Pure-Ecstasy.jpg","width":600,"height":600,"caption":"Heaven-Pure-Ecstasy online kaufen"},{"@type":"BreadcrumbList","@id":"https:\/\/gblexpress.com\/product\/heaven-pure-ecstasy-500-mg-%ce%b3-hydroxybuttersaeure-ghb\/#breadcrumb","itemListElement":[{"@type":"ListItem","position":1,"name":"Home","item":"https:\/\/gblexpress.com\/"},{"@type":"ListItem","position":2,"name":"Shop","item":"https:\/\/gblexpress.com\/shop\/"},{"@type":"ListItem","position":3,"name":"Heaven Pure Ecstasy 500 mg \u03b3-Hydroxybutters\u00e4ure (GHB)"}]},{"@type":"WebSite","@id":"https:\/\/gblexpress.com\/#website","url":"https:\/\/gblexpress.com\/","name":"GBL Express","description":"","publisher":{"@id":"https:\/\/gblexpress.com\/#organization"},"potentialAction":[{"@type":"SearchAction","target":{"@type":"EntryPoint","urlTemplate":"https:\/\/gblexpress.com\/?s={search_term_string}"},"query-input":{"@type":"PropertyValueSpecification","valueRequired":true,"valueName":"search_term_string"}}],"inLanguage":"es"},{"@type":"Organization","@id":"https:\/\/gblexpress.com\/#organization","name":"GBL Express","url":"https:\/\/gblexpress.com\/","logo":{"@type":"ImageObject","inLanguage":"es","@id":"https:\/\/gblexpress.com\/#\/schema\/logo\/image\/","url":"https:\/\/gblexpress.com\/wp-content\/uploads\/2023\/01\/logo.png","contentUrl":"https:\/\/gblexpress.com\/wp-content\/uploads\/2023\/01\/logo.png","width":250,"height":52,"caption":"GBL Express"},"image":{"@id":"https:\/\/gblexpress.com\/#\/schema\/logo\/image\/"}}]}},"jetpack-related-posts":[],"jetpack_sharing_enabled":true,"_links":{"self":[{"href":"https:\/\/gblexpress.com\/es\/wp-json\/wp\/v2\/product\/547","targetHints":{"allow":["GET"]}}],"collection":[{"href":"https:\/\/gblexpress.com\/es\/wp-json\/wp\/v2\/product"}],"about":[{"href":"https:\/\/gblexpress.com\/es\/wp-json\/wp\/v2\/types\/product"}],"replies":[{"embeddable":true,"href":"https:\/\/gblexpress.com\/es\/wp-json\/wp\/v2\/comments?post=547"}],"wp:featuredmedia":[{"embeddable":true,"href":"https:\/\/gblexpress.com\/es\/wp-json\/wp\/v2\/media\/1637"}],"wp:attachment":[{"href":"https:\/\/gblexpress.com\/es\/wp-json\/wp\/v2\/media?parent=547"}],"wp:term":[{"taxonomy":"product_brand","embeddable":true,"href":"https:\/\/gblexpress.com\/es\/wp-json\/wp\/v2\/product_brand?post=547"},{"taxonomy":"product_cat","embeddable":true,"href":"https:\/\/gblexpress.com\/es\/wp-json\/wp\/v2\/product_cat?post=547"},{"taxonomy":"product_tag","embeddable":true,"href":"https:\/\/gblexpress.com\/es\/wp-json\/wp\/v2\/product_tag?post=547"}],"curies":[{"name":"wp","href":"https:\/\/api.w.org\/{rel}","templated":true}]}}