{"id":559,"date":"2023-05-24T06:32:08","date_gmt":"2023-05-24T06:32:08","guid":{"rendered":"https:\/\/gblexpress.com\/?post_type=product&#038;p=559"},"modified":"2026-02-28T09:33:34","modified_gmt":"2026-02-28T09:33:34","slug":"tilidin-ratiopharm-plus-50-4-mg-tilidin-naloxon","status":"publish","type":"product","link":"https:\/\/gblexpress.com\/es\/producto-2\/tilidin-ratiopharm-plus-50-4-mg-tilidin-naloxon\/","title":{"rendered":"Tilidina-ratiopharm m\u00e1s 50\/4 mg de tilidina\/naloxona"},"content":{"rendered":"<div class=\"woocommerce-tabs wc-tabs-wrapper\">\n<div id=\"tab-description\" class=\"woocommerce-Tabs-panel woocommerce-Tabs-panel--description panel entry-content wc-tab\" role=\"tabpanel\" aria-labelledby=\"tab-title-description\">\n<h2><strong>Comprar Tilidin-ratiopharm plus 50\/4 mg: Todo sobre efecto, aplicaci\u00f3n y compra segura online<\/strong><\/h2>\n<p><a href=\"https:\/\/en.wikipedia.org\/wiki\/Tilidine\">Comprar gotas de tilidina online<\/a>, Die von uns zur Verf\u00fcgung gestellten Einheiten des Produkts mit der Bezeichnung Tilidin Tropfen sind ausnahmslos neuwertige Artikel in Apothekenqualit\u00e4t. Sollten Sie aus Versehen eine Lieferung erhalten, die dieser Spezifikation nicht entspricht, erhalten Sie Ihr Geld zur\u00fcck oder eine neue Lieferung. Nach Ablauf der Haltbarkeit ist das Medikament lt. Herstellerangaben zu entsorgen (siehe Packungsbeilage Tilidin Tropfen online kaufen)<a href=\"https:\/\/gblexprimer.com\/product\/kokaina\/\">.<\/a><\/p>\n<h3><strong>\u00bfQu\u00e9 es Tilidin-ratiopharm plus 50\/4 mg?<\/strong><\/h3>\n<p>La tilidina es un potente analg\u00e9sico del grupo de los opi\u00e1ceos que se utiliza para el dolor cr\u00f3nico o agudo. En combinaci\u00f3n con la naloxona, que bloquea el efecto de la tilidina cuando se consume indebidamente (por ejemplo, inyectada), proporciona <a href=\"https:\/\/gblexpress.com\/es\/producto-2\/tilidin-ratiopharm-plus-50-4-mg-tilidin-naloxon\/\"><strong>Tilidina-ratiopharm plus 50\/4 mg<\/strong><\/a> una soluci\u00f3n segura y eficaz para el tratamiento del dolor<a href=\"https:\/\/gblexpress.com\/es\/tienda\/amfetamina\/\">.<\/a><\/p>\n<h3><strong>Efecto de Tilidin-ratiopharm plus 50\/4 mg<\/strong><\/h3>\n<p>En <strong>Efecto de Tilidin-ratiopharm plus<\/strong> se instala r\u00e1pidamente y dura varias horas. Alivia eficazmente el dolor sin interferir en la vida cotidiana. Ventajas de la combinaci\u00f3n:<\/p>\n<ul>\n<li><strong>Alivio del dolor:<\/strong> Reducci\u00f3n del dolor intenso.<\/li>\n<li><strong>Protecci\u00f3n contra los abusos:<\/strong> La naloxona minimiza el riesgo de dependencia.<\/li>\n<li><strong>Mejora de la calidad de vida:<\/strong> Ideal para pacientes con dolor cr\u00f3nico.<\/li>\n<\/ul>\n<h3><strong>Posolog\u00eda y aplicaci\u00f3n<\/strong><\/h3>\n<p>El derecho <strong>Posolog\u00eda de Tilidin-ratiopharm plus 50\/4 mg<\/strong> depende de la gravedad del dolor y de las necesidades individuales del paciente. Las pautas habituales son<\/p>\n<ul>\n<li><strong>Adultos:<\/strong> 1 comprimido de 2 a 4 veces al d\u00eda.<\/li>\n<li><strong>Dosis m\u00e1xima:<\/strong> No tome m\u00e1s de 8 comprimidos al d\u00eda.<\/li>\n<\/ul>\n<p><strong>Nota:<\/strong> Tome el medicamento entero con abundante l\u00edquido y siga las instrucciones del m\u00e9dico.<\/p>\n<h3><strong>Riesgos y efectos secundarios.<\/strong><\/h3>\n<p>Como cualquier medicamento, la tilidina puede provocar efectos secundarios. Los efectos secundarios m\u00e1s frecuentes son<\/p>\n<ul>\n<li><strong>N\u00e1useas y v\u00f3mitos<\/strong><\/li>\n<li><strong>Cansancio o mareos<\/strong><\/li>\n<li><strong>Estre\u00f1imiento<\/strong><\/li>\n<\/ul>\n<p>Con un uso prolongado, la ingesta debe ser controlada regularmente por un m\u00e9dico para evitar la dependencia.<\/p>\n<h3><strong>Comprar Tilidin-ratiopharm plus 50\/4 mg online con seguridad<\/strong><\/h3>\n<p>En el <strong>Comprar Tilidine online<\/strong> debe prestar atenci\u00f3n a la calidad y la discreci\u00f3n. Nuestra plataforma ofrece:<\/p>\n<ul>\n<li><strong>Calidad probada:<\/strong> Productos originales directamente del fabricante.<\/li>\n<li><strong>Entrega discreta:<\/strong> Embalado de forma an\u00f3nima y segura.<\/li>\n<li><strong>Pedidos sencillos:<\/strong> Comprar Tilidin-ratiopharm plus 50\/4 mg c\u00f3modamente online.<\/li>\n<\/ul>\n<h3><strong>Comprar Tilidin-ratiopharm plus 50\/4 mg ahora<\/strong><\/h3>\n<p>Alivie su dolor eficazmente con <strong>Tilidin-<\/strong><strong>ratiopharm <\/strong><strong>plus 50\/4 mg<\/strong>. Tanto si se trata de dolencias cr\u00f3nicas como de dolores agudos, con nosotros puede encargar el medicamento en l\u00ednea de forma segura y discreta. Benef\u00edciese de una calidad probada y una entrega fiable. <strong>P\u00eddalo hoy mismo y disfrute de una mejor calidad de vida.<\/strong><\/p>\n<\/div>\n<\/div>","protected":false},"excerpt":{"rendered":"<p><strong>Tilidina-ratiopharm Plus 50\/4 mg<\/strong> es un analg\u00e9sico moderno especialmente desarrollado para el tratamiento del dolor intenso a muy intenso. La combinaci\u00f3n de <strong>Tilidina<\/strong> y <strong>Naloxona<\/strong> ofrece un alivio eficaz del dolor con protecci\u00f3n simult\u00e1nea contra el abuso.<\/p>\n<p><strong>\u00bfC\u00f3mo act\u00faa Tilidin-ratiopharm Plus?<\/strong><br \/>\nTilidina-ratiopharm Plus combina dos principios activos que juntos garantizan un tratamiento seguro y eficaz del dolor:<\/p>\n<ul>\n<li><strong>Tilidina:<\/strong> Como analg\u00e9sico opioide, la tilidina se une a los receptores opioides del sistema nervioso central, bloquea la percepci\u00f3n del dolor y lo alivia eficazmente.<\/li>\n<li><strong>Naloxona:<\/strong> Un antagonista opi\u00e1ceo que permanece inactivo cuando se toma regularmente. Cuando se consume indebidamente (por ejemplo, por inyecci\u00f3n), la naloxona bloquea el efecto de la tilidina y, por tanto, evita los efectos euforizantes.<\/li>\n<\/ul>\n<p>Los comprimidos de liberaci\u00f3n prolongada garantizan una liberaci\u00f3n uniforme del principio activo y proporcionan un alivio duradero del dolor durante varias horas.<\/p>\n<ul>\n<li><strong>Inicio del efecto:<\/strong> 30-60 minutos despu\u00e9s de la ingesti\u00f3n.<\/li>\n<li><strong>Duraci\u00f3n del efecto:<\/strong> 8-12 horas mediante liberaci\u00f3n sostenida.<\/li>\n<\/ul>\n<p><strong>F\u00f3rmula y propiedades del producto<\/strong><\/p>\n<ul>\n<li><strong>Clorhidrato de tilidina:<\/strong> 50 mg por comprimido: el principio activo analg\u00e9sico.<\/li>\n<li><strong>Clorhidrato de naloxona:<\/strong> 4 mg por comprimido - protecci\u00f3n contra el abuso.<\/li>\n<li><strong>Excipientes:<\/strong> Incluye lactosa monohidratada y celulosa para garantizar la retardaci\u00f3n.<\/li>\n<\/ul>","protected":false},"featured_media":1635,"comment_status":"open","ping_status":"closed","template":"","meta":{"_joinchat":[]},"product_brand":[],"product_cat":[36],"product_tag":[53,54,728,717,716,733,721,722,713,730,708,723,732,731,725,715,712,724,720,714,48,49,50,51,52,55,718,707,709,727,726,719,706,711,710,734,729],"class_list":{"0":"post-559","1":"product","2":"type-product","3":"status-publish","4":"has-post-thumbnail","6":"product_cat-ko-drops","7":"product_tag-bestellen-tilidin-tropfen-online","8":"product_tag-kaufen-tilidin-tropfen-rezeptfre","9":"product_tag-tilidin-50-mg-kaufen","10":"product_tag-tilidin-anwendung","11":"product_tag-tilidin-dosierung","12":"product_tag-tilidin-fuer-forschung","13":"product_tag-tilidin-fuer-mittelstarke-schmerzen","14":"product_tag-tilidin-fuer-starke-schmerzen","15":"product_tag-tilidin-gegen-schmerzen","16":"product_tag-tilidin-in-deutschland-kaufen","17":"product_tag-tilidin-kaufen","18":"product_tag-tilidin-lagerung","19":"product_tag-tilidin-legal-kaufen","20":"product_tag-tilidin-mit-naloxon","21":"product_tag-tilidin-nebenwirkungen","22":"product_tag-tilidin-retardtabletten","23":"product_tag-tilidin-rezeptpflichtig","24":"product_tag-tilidin-risiken","25":"product_tag-tilidin-sicher-kaufen","26":"product_tag-tilidin-tabletten-50-4-mg","27":"product_tag-tilidin-tropfen","28":"product_tag-tilidin-tropfen-bestellen","29":"product_tag-tilidin-tropfen-kaufen","30":"product_tag-tilidin-tropfen-ohne-rezept","31":"product_tag-tilidin-tropfen-online","32":"product_tag-tilidin-tropfen-shop","33":"product_tag-tilidin-wirkung","34":"product_tag-tilidin-naloxon","35":"product_tag-tilidin-ratiopharm-bestellen","36":"product_tag-tilidin-ratiopharm-fuer-apotheken","37":"product_tag-tilidin-ratiopharm-grosshandel","38":"product_tag-tilidin-ratiopharm-packung","39":"product_tag-tilidin-ratiopharm-plus-50-4-mg","40":"product_tag-tilidin-ratiopharm-plus-online-kaufen","41":"product_tag-tilidin-ratiopharm-preis","42":"product_tag-tilidin-ratiopharm-weltweit-bestellen","43":"product_tag-wo-tilidin-kaufen","45":"first","46":"instock","47":"shipping-taxable","48":"purchasable","49":"product-type-variable","50":"has-default-attributes"},"yoast_head":"<!-- This site is optimized with the Yoast SEO plugin v25.4 - https:\/\/yoast.com\/wordpress\/plugins\/seo\/ -->\n<title>Tilidin-ratiopharm plus 50\/4 mg Tilidin\/Naloxon online kaufen<\/title>\n<meta name=\"description\" content=\"Wo kaufen Sie Tilidin-ratiopharm plus 50\/4 mg Tilidin\/Naloxon online zum besten Preis? Finden Sie hochwertiges Tilidin-ratiopharm plus 50\/4 mg Tilidin\/Naloxon in unserem sicheren Online-Shop \u2013 genau das Richtige f\u00fcr Ihre Forschungsbed\u00fcrfnisse. Jetzt bestellen!\" \/>\n<meta name=\"robots\" content=\"index, follow, max-snippet:-1, max-image-preview:large, max-video-preview:-1\" \/>\n<link rel=\"canonical\" href=\"https:\/\/gblexpress.com\/es\/producto-2\/tilidin-ratiopharm-plus-50-4-mg-tilidin-naloxon\/\" \/>\n<meta property=\"og:locale\" content=\"es_ES\" \/>\n<meta property=\"og:type\" content=\"article\" \/>\n<meta property=\"og:title\" content=\"Tilidin-ratiopharm plus 50\/4 mg Tilidin\/Naloxon online kaufen\" \/>\n<meta property=\"og:description\" content=\"Wo kaufen Sie Tilidin-ratiopharm plus 50\/4 mg Tilidin\/Naloxon online zum besten Preis? Finden Sie hochwertiges Tilidin-ratiopharm plus 50\/4 mg Tilidin\/Naloxon in unserem sicheren Online-Shop \u2013 genau das Richtige f\u00fcr Ihre Forschungsbed\u00fcrfnisse. Jetzt bestellen!\" \/>\n<meta property=\"og:url\" content=\"https:\/\/gblexpress.com\/es\/producto-2\/tilidin-ratiopharm-plus-50-4-mg-tilidin-naloxon\/\" \/>\n<meta property=\"og:site_name\" content=\"GBL Express\" \/>\n<meta property=\"article:modified_time\" content=\"2026-02-28T09:33:34+00:00\" \/>\n<meta property=\"og:image\" content=\"https:\/\/gblexpress.com\/wp-content\/uploads\/2023\/05\/Tramadol-Ratiopharm-1.jpg\" \/>\n\t<meta property=\"og:image:width\" content=\"600\" \/>\n\t<meta property=\"og:image:height\" content=\"600\" \/>\n\t<meta property=\"og:image:type\" content=\"image\/jpeg\" \/>\n<meta name=\"twitter:card\" content=\"summary_large_image\" \/>\n<meta name=\"twitter:label1\" content=\"Tiempo de lectura\" \/>\n\t<meta name=\"twitter:data1\" content=\"2 minutos\" \/>\n<!-- \/ Yoast SEO plugin. -->","yoast_head_json":{"title":"Comprar Tilidin-ratiopharm plus 50\/4 mg de tilidina\/naloxona en l\u00ednea","description":"\u00bfD\u00f3nde puedo comprar Tilidin-ratiopharm plus 50\/4 mg Tilidina\/Naloxona online al mejor precio? Encuentre Tilidin-ratiopharm plus 50\/4 mg de tilidina\/naloxona de alta calidad en nuestra tienda en l\u00ednea segura: exactamente lo adecuado para sus necesidades de investigaci\u00f3n. \u00a1Ordene ahora!","robots":{"index":"index","follow":"follow","max-snippet":"max-snippet:-1","max-image-preview":"max-image-preview:large","max-video-preview":"max-video-preview:-1"},"canonical":"https:\/\/gblexpress.com\/es\/producto-2\/tilidin-ratiopharm-plus-50-4-mg-tilidin-naloxon\/","og_locale":"es_ES","og_type":"article","og_title":"Tilidin-ratiopharm plus 50\/4 mg Tilidin\/Naloxon online kaufen","og_description":"Wo kaufen Sie Tilidin-ratiopharm plus 50\/4 mg Tilidin\/Naloxon online zum besten Preis? Finden Sie hochwertiges Tilidin-ratiopharm plus 50\/4 mg Tilidin\/Naloxon in unserem sicheren Online-Shop \u2013 genau das Richtige f\u00fcr Ihre Forschungsbed\u00fcrfnisse. Jetzt bestellen!","og_url":"https:\/\/gblexpress.com\/es\/producto-2\/tilidin-ratiopharm-plus-50-4-mg-tilidin-naloxon\/","og_site_name":"GBL Express","article_modified_time":"2026-02-28T09:33:34+00:00","og_image":[{"width":600,"height":600,"url":"https:\/\/gblexpress.com\/wp-content\/uploads\/2023\/05\/Tramadol-Ratiopharm-1.jpg","type":"image\/jpeg"}],"twitter_card":"summary_large_image","twitter_misc":{"Tiempo de lectura":"2 minutos"},"schema":{"@context":"https:\/\/schema.org","@graph":[{"@type":"WebPage","@id":"https:\/\/gblexpress.com\/product\/tilidin-ratiopharm-plus-50-4-mg-tilidin-naloxon\/","url":"https:\/\/gblexpress.com\/product\/tilidin-ratiopharm-plus-50-4-mg-tilidin-naloxon\/","name":"Comprar Tilidin-ratiopharm plus 50\/4 mg de tilidina\/naloxona en l\u00ednea","isPartOf":{"@id":"https:\/\/gblexpress.com\/#website"},"primaryImageOfPage":{"@id":"https:\/\/gblexpress.com\/product\/tilidin-ratiopharm-plus-50-4-mg-tilidin-naloxon\/#primaryimage"},"image":{"@id":"https:\/\/gblexpress.com\/product\/tilidin-ratiopharm-plus-50-4-mg-tilidin-naloxon\/#primaryimage"},"thumbnailUrl":"https:\/\/gblexpress.com\/wp-content\/uploads\/2023\/05\/Tramadol-Ratiopharm-1.jpg","datePublished":"2023-05-24T06:32:08+00:00","dateModified":"2026-02-28T09:33:34+00:00","description":"\u00bfD\u00f3nde puedo comprar Tilidin-ratiopharm plus 50\/4 mg Tilidina\/Naloxona online al mejor precio? Encuentre Tilidin-ratiopharm plus 50\/4 mg de tilidina\/naloxona de alta calidad en nuestra tienda en l\u00ednea segura: exactamente lo adecuado para sus necesidades de investigaci\u00f3n. \u00a1Ordene ahora!","breadcrumb":{"@id":"https:\/\/gblexpress.com\/product\/tilidin-ratiopharm-plus-50-4-mg-tilidin-naloxon\/#breadcrumb"},"inLanguage":"es","potentialAction":[{"@type":"ReadAction","target":["https:\/\/gblexpress.com\/product\/tilidin-ratiopharm-plus-50-4-mg-tilidin-naloxon\/"]}]},{"@type":"ImageObject","inLanguage":"es","@id":"https:\/\/gblexpress.com\/product\/tilidin-ratiopharm-plus-50-4-mg-tilidin-naloxon\/#primaryimage","url":"https:\/\/gblexpress.com\/wp-content\/uploads\/2023\/05\/Tramadol-Ratiopharm-1.jpg","contentUrl":"https:\/\/gblexpress.com\/wp-content\/uploads\/2023\/05\/Tramadol-Ratiopharm-1.jpg","width":600,"height":600,"caption":"Tramadol-Ratiopharm online kaufen"},{"@type":"BreadcrumbList","@id":"https:\/\/gblexpress.com\/product\/tilidin-ratiopharm-plus-50-4-mg-tilidin-naloxon\/#breadcrumb","itemListElement":[{"@type":"ListItem","position":1,"name":"Home","item":"https:\/\/gblexpress.com\/"},{"@type":"ListItem","position":2,"name":"Shop","item":"https:\/\/gblexpress.com\/shop\/"},{"@type":"ListItem","position":3,"name":"Tilidin-ratiopharm plus 50\/4 mg Tilidin\/Naloxon"}]},{"@type":"WebSite","@id":"https:\/\/gblexpress.com\/#website","url":"https:\/\/gblexpress.com\/","name":"GBL Express","description":"","publisher":{"@id":"https:\/\/gblexpress.com\/#organization"},"potentialAction":[{"@type":"SearchAction","target":{"@type":"EntryPoint","urlTemplate":"https:\/\/gblexpress.com\/?s={search_term_string}"},"query-input":{"@type":"PropertyValueSpecification","valueRequired":true,"valueName":"search_term_string"}}],"inLanguage":"es"},{"@type":"Organization","@id":"https:\/\/gblexpress.com\/#organization","name":"GBL Express","url":"https:\/\/gblexpress.com\/","logo":{"@type":"ImageObject","inLanguage":"es","@id":"https:\/\/gblexpress.com\/#\/schema\/logo\/image\/","url":"https:\/\/gblexpress.com\/wp-content\/uploads\/2023\/01\/logo.png","contentUrl":"https:\/\/gblexpress.com\/wp-content\/uploads\/2023\/01\/logo.png","width":250,"height":52,"caption":"GBL Express"},"image":{"@id":"https:\/\/gblexpress.com\/#\/schema\/logo\/image\/"}}]}},"jetpack-related-posts":[],"jetpack_sharing_enabled":true,"_links":{"self":[{"href":"https:\/\/gblexpress.com\/es\/wp-json\/wp\/v2\/product\/559","targetHints":{"allow":["GET"]}}],"collection":[{"href":"https:\/\/gblexpress.com\/es\/wp-json\/wp\/v2\/product"}],"about":[{"href":"https:\/\/gblexpress.com\/es\/wp-json\/wp\/v2\/types\/product"}],"replies":[{"embeddable":true,"href":"https:\/\/gblexpress.com\/es\/wp-json\/wp\/v2\/comments?post=559"}],"wp:featuredmedia":[{"embeddable":true,"href":"https:\/\/gblexpress.com\/es\/wp-json\/wp\/v2\/media\/1635"}],"wp:attachment":[{"href":"https:\/\/gblexpress.com\/es\/wp-json\/wp\/v2\/media?parent=559"}],"wp:term":[{"taxonomy":"product_brand","embeddable":true,"href":"https:\/\/gblexpress.com\/es\/wp-json\/wp\/v2\/product_brand?post=559"},{"taxonomy":"product_cat","embeddable":true,"href":"https:\/\/gblexpress.com\/es\/wp-json\/wp\/v2\/product_cat?post=559"},{"taxonomy":"product_tag","embeddable":true,"href":"https:\/\/gblexpress.com\/es\/wp-json\/wp\/v2\/product_tag?post=559"}],"curies":[{"name":"wp","href":"https:\/\/api.w.org\/{rel}","templated":true}]}}