{"id":561,"date":"2023-05-24T06:40:33","date_gmt":"2023-05-24T06:40:33","guid":{"rendered":"https:\/\/gblexpress.com\/?post_type=product&#038;p=561"},"modified":"2025-05-06T06:17:48","modified_gmt":"2025-05-06T06:17:48","slug":"tramadol-ratiopharm-100-mg-ml-tramadol","status":"publish","type":"product","link":"https:\/\/gblexpress.com\/es\/producto-2\/tramadol-ratiopharm-100-mg-ml-tramadol\/","title":{"rendered":"Tramadol Ratiopharm 100 mg\/ml Tramadol"},"content":{"rendered":"<h2><strong>Informaci\u00f3n sobre la caducidad:<\/strong><\/h2>\n<p>Las unidades del producto denominado <a href=\"https:\/\/en.wikipedia.org\/wiki\/Tramadol\">Gotas de tramadol Ratiopharm<\/a> son, sin excepci\u00f3n, art\u00edculos de calidad farmac\u00e9utica en perfecto estado. Si accidentalmente recibe un env\u00edo que no cumple esta especificaci\u00f3n, se le devolver\u00e1 el dinero o se le enviar\u00e1 un nuevo env\u00edo. Una vez transcurrido el plazo de caducidad, el medicamento debe eliminarse siguiendo las instrucciones del fabricante (v\u00e9ase el prospecto).<\/p>\n<h3><strong>Detalles de disponibilidad:<\/strong><\/h3>\n<p>\u540d\u79f0\u4e3a <a href=\"https:\/\/gblexpress.com\/es\/producto-2\/tramadol-ratiopharm-100-mg-ml-tramadol\/\">Gotas de tramadol Ratiopharm<\/a> est\u00e1 disponible para entrega inmediata.<\/p>\n<h3><strong>Restricciones espec\u00edficas de cada pa\u00eds en materia de entregabilidad:<\/strong><\/h3>\n<p>Para el producto con la denominaci\u00f3n <a href=\"https:\/\/gblexpress.com\/es\/\">Gotas de tramadol Ratiopharm<\/a> Actualmente no existen restricciones de entrega espec\u00edficas de cada pa\u00eds para el producto denominado Xyrem.<\/p>\n<h3><strong>Almacenamiento:<\/strong><\/h3>\n<p>Por favor, mantenga el producto etiquetado. <a href=\"https:\/\/www.google.de\/search?q=Tramadol+Ratiopharm+100+mg%2Fml+Tramadol+online+kaufen&amp;sca_esv=7d1b82273738a5db&amp;hl=en&amp;ei=F6jiZ_3RM7_z0PEP-9uluAw&amp;ved=0ahUKEwi9uZeLpKWMAxW_OTQIHfttCccQ4dUDCBA&amp;uact=5&amp;oq=Tramadol+Ratiopharm+100+mg%2Fml+Tramadol+online+kaufen&amp;gs_lp=Egxnd3Mtd2l6LXNlcnAiNFRyYW1hZG9sIFJhdGlvcGhhcm0gMTAwIG1nL21sIFRyYW1hZG9sIG9ubGluZSBrYXVmZW4yCBAhGKABGMMESKgdUABY9RdwAXgAkAEAmAHmAqABwgWqAQMzLTK4AQPIAQD4AQH4AQKYAgKgAtMFwgIGEAAYBxgemAMAiAYBkgcDMy0yoAfTB7IHAzMtMrgH0wU&amp;sclient=gws-wiz-serp\">Gotas de tramadol Ratiopharm<\/a> Conservar en el embalaje original, fuera del alcance de los ni\u00f1os. Puede encontrar informaci\u00f3n adicional sobre el almacenamiento y la eliminaci\u00f3n correctos en el prospecto.<br \/>\ny eliminaci\u00f3n, consulte el prospecto<a href=\"https:\/\/gblexpress.com\/es\/\">.<\/a><\/p>","protected":false},"excerpt":{"rendered":"<p>Angaben zur Haltbarkeit: Die von uns zur Verf\u00fcgung gestellten Einheiten des Produkts mit der Bezeichnung Tramadol Tropfen Ratiopharm sind ausnahmslos neuwertige Artikel in Apothekenqualit\u00e4t. Sollten Sie aus Versehen eine Lieferung erhalten, die dieser Spezifikation nicht entspricht, erhalten Sie Ihr Geld zur\u00fcck oder eine neue Lieferung. Nach Ablauf der Haltbarkeit ist das Medikament lt. Herstellerangaben zu [&hellip;]<\/p>","protected":false},"featured_media":1634,"comment_status":"open","ping_status":"closed","template":"","meta":{"_joinchat":[]},"product_brand":[],"product_cat":[36],"product_tag":[61,56,57,58,59,60,62,63],"class_list":{"0":"post-561","1":"product","2":"type-product","3":"status-publish","4":"has-post-thumbnail","6":"product_cat-ko-drops","7":"product_tag-bestellen-tramadol-tropfen-online-kaufen","8":"product_tag-tramadol-tropfen","9":"product_tag-tramadol-tropfen-bestellen","10":"product_tag-tramadol-tropfen-kaufen","11":"product_tag-tramadol-tropfen-ohne-rezept","12":"product_tag-tramadol-tropfen-online","13":"product_tag-tramadol-tropfen-rezeptfrei","14":"product_tag-tramadol-tropfen-shop","16":"first","17":"instock","18":"shipping-taxable","19":"purchasable","20":"product-type-variable","21":"has-default-attributes"},"yoast_head":"<!-- This site is optimized with the Yoast SEO plugin v25.4 - https:\/\/yoast.com\/wordpress\/plugins\/seo\/ -->\n<title>Tramadol Ratiopharm 100 mg\/ml Tramadol online kaufen<\/title>\n<meta name=\"description\" content=\"Sie k\u00f6nnen Tramadol ratiopharm 100 mg\/ml online zu den besten Preisen in unserem Online-Shop kaufen. Wir bieten g\u00fcnstiges und hochwertiges Tramadol ratiopharm 100 mg\/ml zum Verkauf an und liefern weltweit. Sie k\u00f6nnen jederzeit und \u00fcberall bestellen.\" \/>\n<meta name=\"robots\" content=\"index, follow, max-snippet:-1, max-image-preview:large, max-video-preview:-1\" \/>\n<link rel=\"canonical\" href=\"https:\/\/gblexpress.com\/es\/producto-2\/tramadol-ratiopharm-100-mg-ml-tramadol\/\" \/>\n<meta property=\"og:locale\" content=\"es_ES\" \/>\n<meta property=\"og:type\" content=\"article\" \/>\n<meta property=\"og:title\" content=\"Tramadol Ratiopharm 100 mg\/ml Tramadol online kaufen\" \/>\n<meta property=\"og:description\" content=\"Sie k\u00f6nnen Tramadol ratiopharm 100 mg\/ml online zu den besten Preisen in unserem Online-Shop kaufen. Wir bieten g\u00fcnstiges und hochwertiges Tramadol ratiopharm 100 mg\/ml zum Verkauf an und liefern weltweit. Sie k\u00f6nnen jederzeit und \u00fcberall bestellen.\" \/>\n<meta property=\"og:url\" content=\"https:\/\/gblexpress.com\/es\/producto-2\/tramadol-ratiopharm-100-mg-ml-tramadol\/\" \/>\n<meta property=\"og:site_name\" content=\"GBL Express\" \/>\n<meta property=\"article:modified_time\" content=\"2025-05-06T06:17:48+00:00\" \/>\n<meta property=\"og:image\" content=\"https:\/\/gblexpress.com\/wp-content\/uploads\/2023\/05\/Tramadol-Ratiopharm.jpg\" \/>\n\t<meta property=\"og:image:width\" content=\"600\" \/>\n\t<meta property=\"og:image:height\" content=\"600\" \/>\n\t<meta property=\"og:image:type\" content=\"image\/jpeg\" \/>\n<meta name=\"twitter:card\" content=\"summary_large_image\" \/>\n<meta name=\"twitter:label1\" content=\"Tiempo de lectura\" \/>\n\t<meta name=\"twitter:data1\" content=\"1 minuto\" \/>\n<!-- \/ Yoast SEO plugin. -->","yoast_head_json":{"title":"Comprar Tramadol Ratiopharm 100 mg\/ml Tramadol en l\u00ednea","description":"Puedes comprar Tramadol ratiopharm 100 mg\/ml online a los mejores precios en nuestra tienda online. Ofrecemos Tramadol ratiopharm 100 mg\/ml barato y de alta calidad para la venta y entrega en todo el mundo. Puedes realizar tu pedido en cualquier momento y en cualquier lugar.","robots":{"index":"index","follow":"follow","max-snippet":"max-snippet:-1","max-image-preview":"max-image-preview:large","max-video-preview":"max-video-preview:-1"},"canonical":"https:\/\/gblexpress.com\/es\/producto-2\/tramadol-ratiopharm-100-mg-ml-tramadol\/","og_locale":"es_ES","og_type":"article","og_title":"Tramadol Ratiopharm 100 mg\/ml Tramadol online kaufen","og_description":"Sie k\u00f6nnen Tramadol ratiopharm 100 mg\/ml online zu den besten Preisen in unserem Online-Shop kaufen. Wir bieten g\u00fcnstiges und hochwertiges Tramadol ratiopharm 100 mg\/ml zum Verkauf an und liefern weltweit. Sie k\u00f6nnen jederzeit und \u00fcberall bestellen.","og_url":"https:\/\/gblexpress.com\/es\/producto-2\/tramadol-ratiopharm-100-mg-ml-tramadol\/","og_site_name":"GBL Express","article_modified_time":"2025-05-06T06:17:48+00:00","og_image":[{"width":600,"height":600,"url":"https:\/\/gblexpress.com\/wp-content\/uploads\/2023\/05\/Tramadol-Ratiopharm.jpg","type":"image\/jpeg"}],"twitter_card":"summary_large_image","twitter_misc":{"Tiempo de lectura":"1 minuto"},"schema":{"@context":"https:\/\/schema.org","@graph":[{"@type":"WebPage","@id":"https:\/\/gblexpress.com\/product\/tramadol-ratiopharm-100-mg-ml-tramadol\/","url":"https:\/\/gblexpress.com\/product\/tramadol-ratiopharm-100-mg-ml-tramadol\/","name":"Comprar Tramadol Ratiopharm 100 mg\/ml Tramadol en l\u00ednea","isPartOf":{"@id":"https:\/\/gblexpress.com\/#website"},"primaryImageOfPage":{"@id":"https:\/\/gblexpress.com\/product\/tramadol-ratiopharm-100-mg-ml-tramadol\/#primaryimage"},"image":{"@id":"https:\/\/gblexpress.com\/product\/tramadol-ratiopharm-100-mg-ml-tramadol\/#primaryimage"},"thumbnailUrl":"https:\/\/gblexpress.com\/wp-content\/uploads\/2023\/05\/Tramadol-Ratiopharm.jpg","datePublished":"2023-05-24T06:40:33+00:00","dateModified":"2025-05-06T06:17:48+00:00","description":"Puedes comprar Tramadol ratiopharm 100 mg\/ml online a los mejores precios en nuestra tienda online. Ofrecemos Tramadol ratiopharm 100 mg\/ml barato y de alta calidad para la venta y entrega en todo el mundo. Puedes realizar tu pedido en cualquier momento y en cualquier lugar.","breadcrumb":{"@id":"https:\/\/gblexpress.com\/product\/tramadol-ratiopharm-100-mg-ml-tramadol\/#breadcrumb"},"inLanguage":"es","potentialAction":[{"@type":"ReadAction","target":["https:\/\/gblexpress.com\/product\/tramadol-ratiopharm-100-mg-ml-tramadol\/"]}]},{"@type":"ImageObject","inLanguage":"es","@id":"https:\/\/gblexpress.com\/product\/tramadol-ratiopharm-100-mg-ml-tramadol\/#primaryimage","url":"https:\/\/gblexpress.com\/wp-content\/uploads\/2023\/05\/Tramadol-Ratiopharm.jpg","contentUrl":"https:\/\/gblexpress.com\/wp-content\/uploads\/2023\/05\/Tramadol-Ratiopharm.jpg","width":600,"height":600,"caption":"Tramadol-Ratiopharm online kaufen"},{"@type":"BreadcrumbList","@id":"https:\/\/gblexpress.com\/product\/tramadol-ratiopharm-100-mg-ml-tramadol\/#breadcrumb","itemListElement":[{"@type":"ListItem","position":1,"name":"Home","item":"https:\/\/gblexpress.com\/"},{"@type":"ListItem","position":2,"name":"Shop","item":"https:\/\/gblexpress.com\/shop\/"},{"@type":"ListItem","position":3,"name":"Tramadol Ratiopharm 100 mg\/ml Tramadol"}]},{"@type":"WebSite","@id":"https:\/\/gblexpress.com\/#website","url":"https:\/\/gblexpress.com\/","name":"GBL Express","description":"","publisher":{"@id":"https:\/\/gblexpress.com\/#organization"},"potentialAction":[{"@type":"SearchAction","target":{"@type":"EntryPoint","urlTemplate":"https:\/\/gblexpress.com\/?s={search_term_string}"},"query-input":{"@type":"PropertyValueSpecification","valueRequired":true,"valueName":"search_term_string"}}],"inLanguage":"es"},{"@type":"Organization","@id":"https:\/\/gblexpress.com\/#organization","name":"GBL Express","url":"https:\/\/gblexpress.com\/","logo":{"@type":"ImageObject","inLanguage":"es","@id":"https:\/\/gblexpress.com\/#\/schema\/logo\/image\/","url":"https:\/\/gblexpress.com\/wp-content\/uploads\/2023\/01\/logo.png","contentUrl":"https:\/\/gblexpress.com\/wp-content\/uploads\/2023\/01\/logo.png","width":250,"height":52,"caption":"GBL Express"},"image":{"@id":"https:\/\/gblexpress.com\/#\/schema\/logo\/image\/"}}]}},"jetpack-related-posts":[],"jetpack_sharing_enabled":true,"_links":{"self":[{"href":"https:\/\/gblexpress.com\/es\/wp-json\/wp\/v2\/product\/561","targetHints":{"allow":["GET"]}}],"collection":[{"href":"https:\/\/gblexpress.com\/es\/wp-json\/wp\/v2\/product"}],"about":[{"href":"https:\/\/gblexpress.com\/es\/wp-json\/wp\/v2\/types\/product"}],"replies":[{"embeddable":true,"href":"https:\/\/gblexpress.com\/es\/wp-json\/wp\/v2\/comments?post=561"}],"wp:featuredmedia":[{"embeddable":true,"href":"https:\/\/gblexpress.com\/es\/wp-json\/wp\/v2\/media\/1634"}],"wp:attachment":[{"href":"https:\/\/gblexpress.com\/es\/wp-json\/wp\/v2\/media?parent=561"}],"wp:term":[{"taxonomy":"product_brand","embeddable":true,"href":"https:\/\/gblexpress.com\/es\/wp-json\/wp\/v2\/product_brand?post=561"},{"taxonomy":"product_cat","embeddable":true,"href":"https:\/\/gblexpress.com\/es\/wp-json\/wp\/v2\/product_cat?post=561"},{"taxonomy":"product_tag","embeddable":true,"href":"https:\/\/gblexpress.com\/es\/wp-json\/wp\/v2\/product_tag?post=561"}],"curies":[{"name":"wp","href":"https:\/\/api.w.org\/{rel}","templated":true}]}}