{"id":613,"date":"2023-05-29T11:28:22","date_gmt":"2023-05-29T11:28:22","guid":{"rendered":"https:\/\/gblexpress.com\/?post_type=product&#038;p=613"},"modified":"2026-02-27T10:31:39","modified_gmt":"2026-02-27T10:31:39","slug":"ketamin-s-isomer-99-rein-50-g","status":"publish","type":"product","link":"https:\/\/gblexpress.com\/es\/producto-2\/ketamin-s-isomer-99-rein-50-g\/","title":{"rendered":"Ketamina S+ Is\u00f3mero 99% puro | 500g"},"content":{"rendered":"<h2><strong>50 g Ketamin S+ Isomer, 99% rein online kaufen<\/strong><\/h2>\n<p><a href=\"https:\/\/gblexpress.com\/es\/producto-2\/ketamin-s-isomer-99-rein-50-g\/\">Compre ketamina isom\u00e9rica S en l\u00ednea<\/a>, mehr als 25 Mal, Ketamin S+ Isomer. S(+)-Ketamin online kaufen, ein reines rechtsdrehendes Enantiomer von Ketamin, ist eine weitere Option. f\u00fcr den therapeutischen Einsatz in der An\u00e4sthesie und Analgesie zug\u00e4nglich ist. Dar\u00fcber hinaus vermittelt die nicht-kompetitive Hemmung des N-Methyl-D-Aspartat-Rezeptors (NMDA) die wichtigsten Verbindungen. interagiert jedoch mit Adenosin-, Monoamin-, Opioid- und anderen purinergen Rezeptoren.<\/p>\n<h3><strong>Comprar Ketamina S is\u00f3mero para ayudar con la depresi\u00f3n<\/strong><\/h3>\n<p>Art\u00edculos dirigidos al canal de calcio de tipo L. Receptores de glutamato metabotr\u00f3pico (mGluR). Tambi\u00e9n se describen los receptores del \u00e1cido amino-3-hidroxi-5-metil-4-isoxazolepropi\u00f3nico (AMPA). Se estimula el sistema simp\u00e1tico Whim-Whams. La S(+)-ketamina es un f\u00e1rmaco excelente para la analgesia o la inducci\u00f3n de la anestesia cuando el estado del paciente es inestable. Los productos neuroprotectores, broncodilatadores, antihiperalg\u00e9sicos o antiepil\u00e9pticos tambi\u00e9n ofrecen alternativas terap\u00e9uticas interesantes. En este art\u00edculo, se presentan los numerosos usos posibles de la S(+)-ketamina desde un punto de vista farmacol\u00f3gico y terap\u00e9utico, centr\u00e1ndose en las prescripciones t\u00edpicas para medicaci\u00f3n de urgencia y cuidados intensivos Comprar ketamina is\u00f3mero S online .<\/p>\n<h3><strong>Comprar Ketamina HCl Cristal online | Ketamina HCl Cristal en venta<\/strong><\/h3>\n<p>Tambi\u00e9n suministramos eficazmente productos de calidad a fabricantes y minoristas. Nuestros env\u00edos y entregas tambi\u00e9n son 100% seguros y relajantes. Estamos encantados de vender nuestros productos en peque\u00f1as y grandes cantidades en todo el mundo. Comprar S-Isomer Ketamina Online,<\/p>\n<p>Adem\u00e1s, hemos estado enviando y distribuyendo medicamentos en todo el mundo durante m\u00e1s de 5 a\u00f1os para garantizar siempre que seguimos siendo 100% seguros y especiales deliveries.We tambi\u00e9n ofrecen un 10-15 por ciento de descuento en pedidos grandes y puede variar con su pedido. Comprar Cristales de Ketamina Online<\/p>\n<p>Adem\u00e1s, todos nuestros precios son muy bajos y moderados, los precios son buenos, se hace mediante la reducci\u00f3n de los costes. Los servicios de nuestros clientes son una garant\u00eda para que todos los pedidos sean entregados dentro del tipo de env\u00edo que usted elija. No obstante, despu\u00e9s de confirmar su factura, solemos enviar todos los pedidos.<\/p>\n<p>Por \u00faltimo, garantizamos una distribuci\u00f3n r\u00e1pida y segura en todo el mundo de forma discreta<a href=\"https:\/\/en.wikipedia.org\/wiki\/Ketamine\">.<\/a><\/p>\n<h3><\/h3>","protected":false},"excerpt":{"rendered":"<p>En <strong>Ketamina is\u00f3mero S<\/strong> es un compuesto de gran pureza caracterizado por su excelente composici\u00f3n qu\u00edmica. Es el <strong>Is\u00f3mero S+ de la ketamina<\/strong>que se distingue de la forma rac\u00e9mica por su mayor potencia y efecto espec\u00edfico.<\/p>\n<h3><strong>F\u00f3rmula qu\u00edmica y propiedades<\/strong><\/h3>\n<ul>\n<li><strong>F\u00f3rmula qu\u00edmica<\/strong>C13H16ClNO<\/li>\n<li><strong>Peso molecular<\/strong>: 237,73 g\/mol<\/li>\n<li><strong>Pureza<\/strong>99% - garantiza la m\u00e1xima calidad para aplicaciones precisas.<\/li>\n<li><strong>Composici\u00f3n isom\u00e9rica<\/strong>Estereoselectivo, con uni\u00f3n preferente a los receptores NMDA para un efecto m\u00e1s potente.<\/li>\n<li><strong>Apariencia<\/strong>Polvo blanco cristalino de gran estabilidad.<\/li>\n<\/ul>\n<h3><strong>Detalles funcionales<\/strong><\/h3>\n<p>El is\u00f3mero S+ de la ketamina se caracteriza por:<\/p>\n<ul>\n<li><strong>Mayor eficacia analg\u00e9sica<\/strong>Hasta dos veces m\u00e1s fuerte que la forma rac\u00e9mica.<\/li>\n<li><strong>Inicio de acci\u00f3n m\u00e1s r\u00e1pido<\/strong>Ideal para aplicaciones terap\u00e9uticas o experimentales en las que el tiempo es un factor cr\u00edtico.<\/li>\n<li><strong>Menos efectos secundarios<\/strong>Reducci\u00f3n de alucinaciones y efectos adversos en comparaci\u00f3n con la mezcla rac\u00e9mica.<\/li>\n<\/ul>","protected":false},"featured_media":1630,"comment_status":"open","ping_status":"closed","template":"","meta":{"_joinchat":[]},"product_brand":[],"product_cat":[32,35],"product_tag":[787,769,790,778,775,773,788,782,776,780,795,771,789,792,791,770,446,452,783,772,785,784,774,794,781,768,777,779,793,786],"class_list":{"0":"post-613","1":"product","2":"type-product","3":"status-publish","4":"has-post-thumbnail","6":"product_cat-uncategorized","7":"product_cat-ritalin","8":"product_tag-99-reines-ketamin-fuer-laborzwecke","9":"product_tag-99-reinheit","10":"product_tag-beste-ketamin-anbieter-deutschland","11":"product_tag-beste-qualitaet-ketamin","12":"product_tag-chemisches-reagenz","13":"product_tag-diskreter-versand-ketamin","14":"product_tag-diskreter-versand-von-chemischen-produkten","15":"product_tag-forschung-isomer-kaufen","16":"product_tag-forschungsketamin","17":"product_tag-gblexpress-ketamin","18":"product_tag-gblexpress-ketamin-schweiz","19":"product_tag-hochreines-ketamin","20":"product_tag-hochreines-ketamin-online-bestellen","21":"product_tag-ketamin-bestellen-deutschland","22":"product_tag-ketamin-fuer-forschungszwecke-kaufen","23":"product_tag-ketamin-isomer-bestellen","24":"product_tag-ketamin-kaufen","25":"product_tag-ketamin-online-kaufen","26":"product_tag-ketamin-reinheit-99","27":"product_tag-ketamin-versand","28":"product_tag-laborketamin-bestellen","29":"product_tag-premium-ketamin","30":"product_tag-qualitatives-ketamin","31":"product_tag-reines-ketamin-kaufen-oesterreich","32":"product_tag-reines-s-isomer","33":"product_tag-s-isomer","34":"product_tag-s-isomer-hochrein","35":"product_tag-schneller-ketamin-versand","36":"product_tag-schneller-ketamin-versand-europa","37":"product_tag-wo-kann-ich-ketamin-s-isomer-kaufen","39":"first","40":"instock","41":"shipping-taxable","42":"purchasable","43":"product-type-variable"},"yoast_head":"<!-- This site is optimized with the Yoast SEO plugin v25.4 - https:\/\/yoast.com\/wordpress\/plugins\/seo\/ -->\n<title>Ketamin S+ Isomer 99% rein 500g online kaufen | Gbi Express<\/title>\n<meta name=\"description\" content=\"Entdecken Sie unseren Online-Shop f\u00fcr Ketamin S+ Isomer 99% rein | 500 g. Wir bieten hochwertiges Ketamin S+ Isomer 99% rein | 500 g an. Kaufen Sie Ketamin S+ Isomer 99% rein | 500 g online. Jetzt bestellen\" \/>\n<meta name=\"robots\" content=\"index, follow, max-snippet:-1, max-image-preview:large, max-video-preview:-1\" \/>\n<link rel=\"canonical\" href=\"https:\/\/gblexpress.com\/es\/producto-2\/ketamin-s-isomer-99-rein-50-g\/\" \/>\n<meta property=\"og:locale\" content=\"es_ES\" \/>\n<meta property=\"og:type\" content=\"article\" \/>\n<meta property=\"og:title\" content=\"Ketamin S+ Isomer 99% rein 500g online kaufen | Gbi Express\" \/>\n<meta property=\"og:description\" content=\"Entdecken Sie unseren Online-Shop f\u00fcr Ketamin S+ Isomer 99% rein | 500 g. Wir bieten hochwertiges Ketamin S+ Isomer 99% rein | 500 g an. Kaufen Sie Ketamin S+ Isomer 99% rein | 500 g online. Jetzt bestellen\" \/>\n<meta property=\"og:url\" content=\"https:\/\/gblexpress.com\/es\/producto-2\/ketamin-s-isomer-99-rein-50-g\/\" \/>\n<meta property=\"og:site_name\" content=\"GBL Express\" \/>\n<meta property=\"article:modified_time\" content=\"2026-02-27T10:31:39+00:00\" \/>\n<meta property=\"og:image\" content=\"https:\/\/gblexpress.com\/wp-content\/uploads\/2023\/05\/Ketamin-s.jpg\" \/>\n\t<meta property=\"og:image:width\" content=\"600\" \/>\n\t<meta property=\"og:image:height\" content=\"600\" \/>\n\t<meta property=\"og:image:type\" content=\"image\/jpeg\" \/>\n<meta name=\"twitter:card\" content=\"summary_large_image\" \/>\n<meta name=\"twitter:label1\" content=\"Tiempo de lectura\" \/>\n\t<meta name=\"twitter:data1\" content=\"2 minutos\" \/>\n<!-- \/ Yoast SEO plugin. -->","yoast_head_json":{"title":"Comprar Ketamina S+ Is\u00f3mero 99% puro 500g en l\u00ednea | Gbi Express","description":"Descubra nuestra tienda online de Ketamina S+ Is\u00f3mero 99% puro | 500g Ofrecemos is\u00f3mero S+ de ketamina de alta calidad 99% puro | 500 gramos. Comprar Ketamina S+ Is\u00f3mero 99% Puro | 500g en l\u00ednea. Ordene ahora","robots":{"index":"index","follow":"follow","max-snippet":"max-snippet:-1","max-image-preview":"max-image-preview:large","max-video-preview":"max-video-preview:-1"},"canonical":"https:\/\/gblexpress.com\/es\/producto-2\/ketamin-s-isomer-99-rein-50-g\/","og_locale":"es_ES","og_type":"article","og_title":"Ketamin S+ Isomer 99% rein 500g online kaufen | Gbi Express","og_description":"Entdecken Sie unseren Online-Shop f\u00fcr Ketamin S+ Isomer 99% rein | 500 g. Wir bieten hochwertiges Ketamin S+ Isomer 99% rein | 500 g an. Kaufen Sie Ketamin S+ Isomer 99% rein | 500 g online. Jetzt bestellen","og_url":"https:\/\/gblexpress.com\/es\/producto-2\/ketamin-s-isomer-99-rein-50-g\/","og_site_name":"GBL Express","article_modified_time":"2026-02-27T10:31:39+00:00","og_image":[{"width":600,"height":600,"url":"https:\/\/gblexpress.com\/wp-content\/uploads\/2023\/05\/Ketamin-s.jpg","type":"image\/jpeg"}],"twitter_card":"summary_large_image","twitter_misc":{"Tiempo de lectura":"2 minutos"},"schema":{"@context":"https:\/\/schema.org","@graph":[{"@type":"WebPage","@id":"https:\/\/gblexpress.com\/product\/ketamin-s-isomer-99-rein-50-g\/","url":"https:\/\/gblexpress.com\/product\/ketamin-s-isomer-99-rein-50-g\/","name":"Comprar Ketamina S+ Is\u00f3mero 99% puro 500g en l\u00ednea | Gbi Express","isPartOf":{"@id":"https:\/\/gblexpress.com\/#website"},"primaryImageOfPage":{"@id":"https:\/\/gblexpress.com\/product\/ketamin-s-isomer-99-rein-50-g\/#primaryimage"},"image":{"@id":"https:\/\/gblexpress.com\/product\/ketamin-s-isomer-99-rein-50-g\/#primaryimage"},"thumbnailUrl":"https:\/\/gblexpress.com\/wp-content\/uploads\/2023\/05\/Ketamin-s.jpg","datePublished":"2023-05-29T11:28:22+00:00","dateModified":"2026-02-27T10:31:39+00:00","description":"Descubra nuestra tienda online de Ketamina S+ Is\u00f3mero 99% puro | 500g Ofrecemos is\u00f3mero S+ de ketamina de alta calidad 99% puro | 500 gramos. Comprar Ketamina S+ Is\u00f3mero 99% Puro | 500g en l\u00ednea. Ordene ahora","breadcrumb":{"@id":"https:\/\/gblexpress.com\/product\/ketamin-s-isomer-99-rein-50-g\/#breadcrumb"},"inLanguage":"es","potentialAction":[{"@type":"ReadAction","target":["https:\/\/gblexpress.com\/product\/ketamin-s-isomer-99-rein-50-g\/"]}]},{"@type":"ImageObject","inLanguage":"es","@id":"https:\/\/gblexpress.com\/product\/ketamin-s-isomer-99-rein-50-g\/#primaryimage","url":"https:\/\/gblexpress.com\/wp-content\/uploads\/2023\/05\/Ketamin-s.jpg","contentUrl":"https:\/\/gblexpress.com\/wp-content\/uploads\/2023\/05\/Ketamin-s.jpg","width":600,"height":600,"caption":"Ketamin-s online kaufen"},{"@type":"BreadcrumbList","@id":"https:\/\/gblexpress.com\/product\/ketamin-s-isomer-99-rein-50-g\/#breadcrumb","itemListElement":[{"@type":"ListItem","position":1,"name":"Home","item":"https:\/\/gblexpress.com\/"},{"@type":"ListItem","position":2,"name":"Shop","item":"https:\/\/gblexpress.com\/shop\/"},{"@type":"ListItem","position":3,"name":"Ketamin S+ Isomer 99% rein | 500g"}]},{"@type":"WebSite","@id":"https:\/\/gblexpress.com\/#website","url":"https:\/\/gblexpress.com\/","name":"GBL Express","description":"","publisher":{"@id":"https:\/\/gblexpress.com\/#organization"},"potentialAction":[{"@type":"SearchAction","target":{"@type":"EntryPoint","urlTemplate":"https:\/\/gblexpress.com\/?s={search_term_string}"},"query-input":{"@type":"PropertyValueSpecification","valueRequired":true,"valueName":"search_term_string"}}],"inLanguage":"es"},{"@type":"Organization","@id":"https:\/\/gblexpress.com\/#organization","name":"GBL Express","url":"https:\/\/gblexpress.com\/","logo":{"@type":"ImageObject","inLanguage":"es","@id":"https:\/\/gblexpress.com\/#\/schema\/logo\/image\/","url":"https:\/\/gblexpress.com\/wp-content\/uploads\/2023\/01\/logo.png","contentUrl":"https:\/\/gblexpress.com\/wp-content\/uploads\/2023\/01\/logo.png","width":250,"height":52,"caption":"GBL Express"},"image":{"@id":"https:\/\/gblexpress.com\/#\/schema\/logo\/image\/"}}]}},"jetpack-related-posts":[],"jetpack_sharing_enabled":true,"_links":{"self":[{"href":"https:\/\/gblexpress.com\/es\/wp-json\/wp\/v2\/product\/613","targetHints":{"allow":["GET"]}}],"collection":[{"href":"https:\/\/gblexpress.com\/es\/wp-json\/wp\/v2\/product"}],"about":[{"href":"https:\/\/gblexpress.com\/es\/wp-json\/wp\/v2\/types\/product"}],"replies":[{"embeddable":true,"href":"https:\/\/gblexpress.com\/es\/wp-json\/wp\/v2\/comments?post=613"}],"wp:featuredmedia":[{"embeddable":true,"href":"https:\/\/gblexpress.com\/es\/wp-json\/wp\/v2\/media\/1630"}],"wp:attachment":[{"href":"https:\/\/gblexpress.com\/es\/wp-json\/wp\/v2\/media?parent=613"}],"wp:term":[{"taxonomy":"product_brand","embeddable":true,"href":"https:\/\/gblexpress.com\/es\/wp-json\/wp\/v2\/product_brand?post=613"},{"taxonomy":"product_cat","embeddable":true,"href":"https:\/\/gblexpress.com\/es\/wp-json\/wp\/v2\/product_cat?post=613"},{"taxonomy":"product_tag","embeddable":true,"href":"https:\/\/gblexpress.com\/es\/wp-json\/wp\/v2\/product_tag?post=613"}],"curies":[{"name":"wp","href":"https:\/\/api.w.org\/{rel}","templated":true}]}}