{"id":619,"date":"2023-05-29T19:25:08","date_gmt":"2023-05-29T19:25:08","guid":{"rendered":"https:\/\/gblexpress.com\/?post_type=product&#038;p=619"},"modified":"2026-02-26T07:25:35","modified_gmt":"2026-02-26T07:25:35","slug":"comprar-alprazolam-polvo-100g-online","status":"publish","type":"product","link":"https:\/\/gblexpress.com\/es\/producto-2\/comprar-alprazolam-polvo-100g-online\/","title":{"rendered":"COMPRAR ALPRAZOLAM EN POLVO 100G ONLINE"},"content":{"rendered":"<h2><strong>ALPRAZOLAM PULVER 100G ONLINE KAUFEN<\/strong><\/h2>\n<p><a href=\"https:\/\/en.wikipedia.org\/wiki\/Alprazolam\">Comprar alprazolam en polvo online<\/a>, Alprazolam ist ein Benzodiazepin (ben-zoe-dye-AZE-eh-peen). Alprazolam wirkt auf Chemikalien im Gehirn, die bei Menschen mit Angstzust\u00e4nden unausgewogen sein k\u00f6nnen. Alprazolam wird zur Behandlung von Angstst\u00f6rungen, Panikst\u00f6rungen und Angstzust\u00e4nden aufgrund von Depressionen eingesetzt. <a href=\"https:\/\/gblexpress.com\/es\/producto-2\/comprar-alprazolam-polvo-100g-online\/\">El polvo de alprazolam trata la ansiedad<\/a>, zaburzenia paniki, bezsenno\u015b\u0107 (zaburzenia snu) i l\u0119k wywo\u0142any depresj\u0105<a href=\"https:\/\/gblexpress.com\/es\/\">.<\/a><\/p>\n<p>CAS-Nr.: 28981-97-7<br \/>\nMF: C17H13ClN4<br \/>\nSin\u00f3nimos: 8-cloro-1-metil-6-fenil-4h-1,2,4-triazolo(3,4-a)(1,4)benzodiazepina<br \/>\nAspecto: Polvo blanco<br \/>\nContenido: 99%<br \/>\nMW: 308,76<\/p>\n<h3><strong>Comprar alprazolam en polvo online<\/strong><\/h3>\n<p>D\u00f3nde comprar alprazolam en polvo online en Europa. La gente siempre est\u00e1 buscando d\u00f3nde comprar xanax online. Por otra parte, hacer pedidos de xanax en polvo ocurre todos los d\u00edas. Entonces, \u00bfd\u00f3nde est\u00e1 el problema? En una fuente fiable. El f\u00e1rmaco alprazolam xanax no es tan com\u00fan, por lo que no debe limitarse a ver un n\u00famero en alg\u00fan blog y llamar. Los medicamentos se suministran con cuidado y precauci\u00f3n. Esto para evitar la DEA y la FDA con sus leyes de drogas.<\/p>\n<p>Xanax tambi\u00e9n pertenece a la clase de las benzodiacepinas. Es un ansiol\u00edtico de acci\u00f3n corta que se utiliza para tratar la ansiedad y los trastornos de p\u00e1nico. Es eficaz si se toma una dosis correcta. Su uso indebido tambi\u00e9n puede provocar la muerte. Aunque no nos importa si tiene receta, le aconsejamos que acuda a un m\u00e9dico. Es un ansiol\u00edtico, pero pedirlo sin conocimientos m\u00e9dicos es arriesgado. Alprazolam en venta y pol\u00edtica de env\u00edo<\/p>","protected":false},"excerpt":{"rendered":"<p>\u00bfBusca un producto de alta calidad? <strong>Alprazolam en polvo<\/strong>? Con nosotros obtendr\u00e1 <strong>alprazolam de gran pureza<\/strong> en calidad de laboratorio, ideal para <strong>Investigaci\u00f3n<\/strong>. Nuestro producto convence con una pureza de 99% y se fabrica con <strong>Env\u00edo discreto<\/strong> en toda Europa. Ahora <strong>Orden Alprazolam en l\u00ednea<\/strong> y benef\u00edciese de una entrega r\u00e1pida y fiable. Conf\u00ede en la mejor calidad y seguridad<\/p>","protected":false},"featured_media":620,"comment_status":"open","ping_status":"closed","template":"","meta":{"_joinchat":[]},"product_brand":[],"product_cat":[32,36,246],"product_tag":[804,822,812,800,808,810,821,797,820,799,807,818,796,813,825,823,811,819,801,809,817,798,816,806,802,805,803,814,824,815],"class_list":{"0":"post-619","1":"product","2":"type-product","3":"status-publish","4":"has-post-thumbnail","6":"product_cat-uncategorized","7":"product_cat-ko-drops","8":"product_cat-sex-meth","9":"product_tag-alprazolam-bestellen","10":"product_tag-alprazolam-bestellen-schweiz","11":"product_tag-alprazolam-forschungschemikalien","12":"product_tag-alprazolam-fuer-forschung","13":"product_tag-alprazolam-fuer-labore","14":"product_tag-alprazolam-grosshandel","15":"product_tag-alprazolam-kaufen-deutschland","16":"product_tag-alprazolam-online-bestellen","17":"product_tag-alprazolam-online-guenstig-kaufen","18":"product_tag-alprazolam-pulver","19":"product_tag-alprazolam-pulver-99","20":"product_tag-alprazolam-pulver-fuer-forschungszwecke","21":"product_tag-alprazolam-pulver-kaufen","22":"product_tag-alprazolam-pulver-laborqualitaet","23":"product_tag-alprazolam-pulver-online-europa","24":"product_tag-alprazolam-pulver-oesterreich","25":"product_tag-beste-alprazolam-qualitaet","26":"product_tag-beste-anbieter-fuer-alprazolam-pulver","27":"product_tag-chemisches-reagenz-alprazolam","28":"product_tag-diskreter-versand-alprazolam","29":"product_tag-diskreter-versand-alprazolam-pulver","30":"product_tag-hochreines-alprazolam","31":"product_tag-hochreines-alprazolam-pulver-online-bestellen","32":"product_tag-hochwertiges-alprazolam-pulver","33":"product_tag-pharmazeutisches-alprazolam","34":"product_tag-qualitatives-alprazolam","35":"product_tag-reines-alprazolam-pulver","36":"product_tag-schneller-versand-alprazolam","37":"product_tag-schneller-versand-alprazolam-europa","38":"product_tag-wo-kann-ich-alprazolam-pulver-kaufen","40":"first","41":"instock","42":"shipping-taxable","43":"purchasable","44":"product-type-variable"},"yoast_head":"<!-- This site is optimized with the Yoast SEO plugin v25.4 - https:\/\/yoast.com\/wordpress\/plugins\/seo\/ -->\n<title>Alprazolam Pulver 100G online-Alprazolam Pulver 100G zu verkauf<\/title>\n<meta name=\"description\" content=\"M\u00f6chten Sie Ihre Forschung vorantreiben? Kaufen Sie Alprazolam-Pulver 100 g bequem und sicher online \u2013 mit einem unkomplizierten Bestellvorgang. Entdecken Sie die M\u00f6glichkeiten und kaufen Sie Alprazolam-Pulver 100 g noch heute online f\u00fcr Ihre Forschungsvorhaben.\" \/>\n<meta name=\"robots\" content=\"index, follow, max-snippet:-1, max-image-preview:large, max-video-preview:-1\" \/>\n<link rel=\"canonical\" href=\"https:\/\/gblexpress.com\/es\/producto-2\/comprar-alprazolam-polvo-100g-online\/\" \/>\n<meta property=\"og:locale\" content=\"es_ES\" \/>\n<meta property=\"og:type\" content=\"article\" \/>\n<meta property=\"og:title\" content=\"Alprazolam Pulver 100G online-Alprazolam Pulver 100G zu verkauf\" \/>\n<meta property=\"og:description\" content=\"M\u00f6chten Sie Ihre Forschung vorantreiben? Kaufen Sie Alprazolam-Pulver 100 g bequem und sicher online \u2013 mit einem unkomplizierten Bestellvorgang. Entdecken Sie die M\u00f6glichkeiten und kaufen Sie Alprazolam-Pulver 100 g noch heute online f\u00fcr Ihre Forschungsvorhaben.\" \/>\n<meta property=\"og:url\" content=\"https:\/\/gblexpress.com\/es\/producto-2\/comprar-alprazolam-polvo-100g-online\/\" \/>\n<meta property=\"og:site_name\" content=\"GBL Express\" \/>\n<meta property=\"article:modified_time\" content=\"2026-02-26T07:25:35+00:00\" \/>\n<meta property=\"og:image\" content=\"https:\/\/gblexpress.com\/wp-content\/uploads\/2023\/05\/Buy-Alprazolam-Powder-Online.jpg\" \/>\n\t<meta property=\"og:image:width\" content=\"220\" \/>\n\t<meta property=\"og:image:height\" content=\"267\" \/>\n\t<meta property=\"og:image:type\" content=\"image\/jpeg\" \/>\n<meta name=\"twitter:card\" content=\"summary_large_image\" \/>\n<meta name=\"twitter:label1\" content=\"Tiempo de lectura\" \/>\n\t<meta name=\"twitter:data1\" content=\"2 minutos\" \/>\n<!-- \/ Yoast SEO plugin. -->","yoast_head_json":{"title":"Alprazolam en polvo 100 g en l\u00ednea - Alprazolam en polvo 100 g a la venta","description":"\u00bfQuieres avanzar en tu investigaci\u00f3n? Compre Alprazolam en polvo 100 g de forma c\u00f3moda y segura en l\u00ednea: con un proceso de pedido sencillo. Descubra las posibilidades y compre Alprazolam polvo 100 g en l\u00ednea hoy para sus proyectos de investigaci\u00f3n.","robots":{"index":"index","follow":"follow","max-snippet":"max-snippet:-1","max-image-preview":"max-image-preview:large","max-video-preview":"max-video-preview:-1"},"canonical":"https:\/\/gblexpress.com\/es\/producto-2\/comprar-alprazolam-polvo-100g-online\/","og_locale":"es_ES","og_type":"article","og_title":"Alprazolam Pulver 100G online-Alprazolam Pulver 100G zu verkauf","og_description":"M\u00f6chten Sie Ihre Forschung vorantreiben? Kaufen Sie Alprazolam-Pulver 100 g bequem und sicher online \u2013 mit einem unkomplizierten Bestellvorgang. Entdecken Sie die M\u00f6glichkeiten und kaufen Sie Alprazolam-Pulver 100 g noch heute online f\u00fcr Ihre Forschungsvorhaben.","og_url":"https:\/\/gblexpress.com\/es\/producto-2\/comprar-alprazolam-polvo-100g-online\/","og_site_name":"GBL Express","article_modified_time":"2026-02-26T07:25:35+00:00","og_image":[{"width":220,"height":267,"url":"https:\/\/gblexpress.com\/wp-content\/uploads\/2023\/05\/Buy-Alprazolam-Powder-Online.jpg","type":"image\/jpeg"}],"twitter_card":"summary_large_image","twitter_misc":{"Tiempo de lectura":"2 minutos"},"schema":{"@context":"https:\/\/schema.org","@graph":[{"@type":"WebPage","@id":"https:\/\/gblexpress.com\/product\/kaufen-alprazolam-pulver-100g-online\/","url":"https:\/\/gblexpress.com\/product\/kaufen-alprazolam-pulver-100g-online\/","name":"Alprazolam en polvo 100 g en l\u00ednea - Alprazolam en polvo 100 g a la venta","isPartOf":{"@id":"https:\/\/gblexpress.com\/#website"},"primaryImageOfPage":{"@id":"https:\/\/gblexpress.com\/product\/kaufen-alprazolam-pulver-100g-online\/#primaryimage"},"image":{"@id":"https:\/\/gblexpress.com\/product\/kaufen-alprazolam-pulver-100g-online\/#primaryimage"},"thumbnailUrl":"https:\/\/gblexpress.com\/wp-content\/uploads\/2023\/05\/Buy-Alprazolam-Powder-Online.jpg","datePublished":"2023-05-29T19:25:08+00:00","dateModified":"2026-02-26T07:25:35+00:00","description":"\u00bfQuieres avanzar en tu investigaci\u00f3n? Compre Alprazolam en polvo 100 g de forma c\u00f3moda y segura en l\u00ednea: con un proceso de pedido sencillo. Descubra las posibilidades y compre Alprazolam polvo 100 g en l\u00ednea hoy para sus proyectos de investigaci\u00f3n.","breadcrumb":{"@id":"https:\/\/gblexpress.com\/product\/kaufen-alprazolam-pulver-100g-online\/#breadcrumb"},"inLanguage":"es","potentialAction":[{"@type":"ReadAction","target":["https:\/\/gblexpress.com\/product\/kaufen-alprazolam-pulver-100g-online\/"]}]},{"@type":"ImageObject","inLanguage":"es","@id":"https:\/\/gblexpress.com\/product\/kaufen-alprazolam-pulver-100g-online\/#primaryimage","url":"https:\/\/gblexpress.com\/wp-content\/uploads\/2023\/05\/Buy-Alprazolam-Powder-Online.jpg","contentUrl":"https:\/\/gblexpress.com\/wp-content\/uploads\/2023\/05\/Buy-Alprazolam-Powder-Online.jpg","width":220,"height":267,"caption":"Alprazolam-Pulver online kaufen"},{"@type":"BreadcrumbList","@id":"https:\/\/gblexpress.com\/product\/kaufen-alprazolam-pulver-100g-online\/#breadcrumb","itemListElement":[{"@type":"ListItem","position":1,"name":"Home","item":"https:\/\/gblexpress.com\/"},{"@type":"ListItem","position":2,"name":"Shop","item":"https:\/\/gblexpress.com\/shop\/"},{"@type":"ListItem","position":3,"name":"KAUFEN ALPRAZOLAM PULVER 100G ONLINE"}]},{"@type":"WebSite","@id":"https:\/\/gblexpress.com\/#website","url":"https:\/\/gblexpress.com\/","name":"GBL Express","description":"","publisher":{"@id":"https:\/\/gblexpress.com\/#organization"},"potentialAction":[{"@type":"SearchAction","target":{"@type":"EntryPoint","urlTemplate":"https:\/\/gblexpress.com\/?s={search_term_string}"},"query-input":{"@type":"PropertyValueSpecification","valueRequired":true,"valueName":"search_term_string"}}],"inLanguage":"es"},{"@type":"Organization","@id":"https:\/\/gblexpress.com\/#organization","name":"GBL Express","url":"https:\/\/gblexpress.com\/","logo":{"@type":"ImageObject","inLanguage":"es","@id":"https:\/\/gblexpress.com\/#\/schema\/logo\/image\/","url":"https:\/\/gblexpress.com\/wp-content\/uploads\/2023\/01\/logo.png","contentUrl":"https:\/\/gblexpress.com\/wp-content\/uploads\/2023\/01\/logo.png","width":250,"height":52,"caption":"GBL Express"},"image":{"@id":"https:\/\/gblexpress.com\/#\/schema\/logo\/image\/"}}]}},"jetpack-related-posts":[],"jetpack_sharing_enabled":true,"_links":{"self":[{"href":"https:\/\/gblexpress.com\/es\/wp-json\/wp\/v2\/product\/619","targetHints":{"allow":["GET"]}}],"collection":[{"href":"https:\/\/gblexpress.com\/es\/wp-json\/wp\/v2\/product"}],"about":[{"href":"https:\/\/gblexpress.com\/es\/wp-json\/wp\/v2\/types\/product"}],"replies":[{"embeddable":true,"href":"https:\/\/gblexpress.com\/es\/wp-json\/wp\/v2\/comments?post=619"}],"wp:featuredmedia":[{"embeddable":true,"href":"https:\/\/gblexpress.com\/es\/wp-json\/wp\/v2\/media\/620"}],"wp:attachment":[{"href":"https:\/\/gblexpress.com\/es\/wp-json\/wp\/v2\/media?parent=619"}],"wp:term":[{"taxonomy":"product_brand","embeddable":true,"href":"https:\/\/gblexpress.com\/es\/wp-json\/wp\/v2\/product_brand?post=619"},{"taxonomy":"product_cat","embeddable":true,"href":"https:\/\/gblexpress.com\/es\/wp-json\/wp\/v2\/product_cat?post=619"},{"taxonomy":"product_tag","embeddable":true,"href":"https:\/\/gblexpress.com\/es\/wp-json\/wp\/v2\/product_tag?post=619"}],"curies":[{"name":"wp","href":"https:\/\/api.w.org\/{rel}","templated":true}]}}