{"id":624,"date":"2023-05-31T13:26:05","date_gmt":"2023-05-31T13:26:05","guid":{"rendered":"https:\/\/gblexpress.com\/?post_type=product&#038;p=624"},"modified":"2026-02-28T09:35:19","modified_gmt":"2026-02-28T09:35:19","slug":"seco-cocido-ghb-500-gramos","status":"publish","type":"product","link":"https:\/\/gblexpress.com\/es\/producto-2\/seco-cocido-ghb-500-gramos\/","title":{"rendered":"Trocken gekochtes GHB 500 Gram Online Kaufen"},"content":{"rendered":"<h2><strong>Trocken GHB kaufen &#8211; Trocken ghb online <\/strong><strong>kaufen <\/strong><\/h2>\n<p><a href=\"https:\/\/gblexpress.com\/es\/producto-2\/seco-cocido-ghb-500-gramos\/\">Comprar GHB seco<\/a>,Wir verwenden GBL aus den USA, um das GHB herzustellen. Das GHB wird von Profis mit viel Erfahrung hergestellt, genau wie das DMT, das wir verkaufen.<br \/>\nEl GHB que vendemos tiene un pH neutro y se env\u00eda en forma de cristal. Para convertir esta sustancia en el l\u00edquido que esperan los clientes, hay que preparar una proporci\u00f3n de 2:1 con agua destilada, remover y esperar.<\/p>\n<p>Tambi\u00e9n puede utilizar agua del grifo, pero no es recomendable, ya que la sustancia podr\u00eda estropearse. Lo mejor es conservarla en un lugar fresco, por ejemplo en el frigor\u00edfico.<a href=\"https:\/\/en.wikipedia.org\/wiki\/Special:Search?go=Go&amp;search=Lorazepam+2.5mg+Im+Blister&amp;ns0=1\">.<\/a><\/p>\n<h3><strong>Los pedidos GHB enviados dentro de 48 horas despu\u00e9s de la compra.<\/strong><\/h3>\n<p>Los pedidos dentro de la UE llegan en una semana por t\u00e9rmino medio, pero pueden tardar hasta dos semanas si Correos los retrasa por cualquier motivo.<br \/>\nPara pedidos al por mayor o fuera de la UE, puede tardar un poco m\u00e1s, ya que realmente tenemos que hacer un gran esfuerzo para camuflar nuestros paquetes.<\/p>\n<p>Cuando realizamos un env\u00edo, realmente nos esforzamos al m\u00e1ximo con nuestros m\u00e9todos sigilosos originales de eficacia probada, nuestras valoraciones as\u00ed lo reflejan.<br \/>\nTambi\u00e9n hemos comprobado que los pedidos con seguimiento y localizaci\u00f3n reciben m\u00e1s prioridad por parte de Correos y suelen llegar antes.<a href=\"https:\/\/gblexpress.com\/en\/shop\/lorazepam-2-5mg-im-blister\/\">.<\/a><\/p>\n<div class=\"elementor-element elementor-element-24d8a39 elementor-widget elementor-widget-heading\" data-id=\"24d8a39\" data-element_type=\"widget\" data-widget_type=\"heading.default\">\n<div class=\"elementor-widget-container\">\n<h3 class=\"elementor-heading-title elementor-size-default\"><strong>\u00bfQu\u00e9 es el GHB?<\/strong><\/h3>\n<\/div>\n<\/div>\n<div class=\"elementor-element elementor-element-f3668f0 elementor-widget elementor-widget-text-editor\" data-id=\"f3668f0\" data-element_type=\"widget\" data-widget_type=\"text-editor.default\">\n<div class=\"elementor-widget-container\">\n<p>GHB ist eine synthetische Droge, die urspr\u00fcnglich als Narkosemittel verwendet wurde. Es ist auch als &#8220;Date-Rape-Droge&#8221; bekannt, weil es mit sexuellen \u00dcbergriffen in Verbindung gebracht wird. GHB neigt dazu, Euphorie und Entspannung hervorzurufen, was es f\u00fcr manche Menschen sehr attraktiv machen kann. Doch wie jede psychoaktive Substanz birgt auch sie bei der Einnahme eine Reihe erheblicher Risiken.<\/p>\n<\/div>\n<\/div>\n<div class=\"elementor-element elementor-element-9976b38 elementor-widget elementor-widget-heading\" data-id=\"9976b38\" data-element_type=\"widget\" data-widget_type=\"heading.default\">\n<div class=\"elementor-widget-container\">\n<h3 class=\"elementor-heading-title elementor-size-default\"><strong>Los peligros de comprar GHB<\/strong><\/h3>\n<\/div>\n<\/div>\n<div class=\"elementor-element elementor-element-5ac7237 elementor-widget elementor-widget-text-editor\" data-id=\"5ac7237\" data-element_type=\"widget\" data-widget_type=\"text-editor.default\">\n<div class=\"elementor-widget-container\">\n<p>Cuando compras GHB, corres un gran riesgo porque es ilegal y no est\u00e1 regulado. La mayor\u00eda de los productos qu\u00edmicos disponibles en el mercado negro no se someten a pruebas, por lo que no sabes exactamente lo que est\u00e1s comprando. Adem\u00e1s, la dosificaci\u00f3n es muy dif\u00edcil, ya que es casi imposible saber si la dosis que est\u00e1s tomando es lo suficientemente baja o demasiado alta, y entonces existe el riesgo de sobredosis, que puede ser muy peligrosa e incluso mortal.<\/p>\n<p>Adem\u00e1s, el GHB suele mezclarse con otras sustancias, lo que aumenta el riesgo de sobredosis. Algunas personas tambi\u00e9n mezclan GHB con alcohol, lo que puede provocar efectos secundarios a\u00fan m\u00e1s graves. Por \u00faltimo, el consumo de GHB puede provocar dependencia f\u00edsica y mental, lo que puede tener consecuencias devastadoras para el consumidor.<\/p>\n<\/div>\n<\/div>\n<div class=\"elementor-element elementor-element-6ad5c93 elementor-widget elementor-widget-heading\" data-id=\"6ad5c93\" data-element_type=\"widget\" data-widget_type=\"heading.default\">\n<div class=\"elementor-widget-container\">\n<h3 class=\"elementor-heading-title elementor-size-default\"><strong>\u00bfQu\u00e9 opinas del GHB?<\/strong><\/h3>\n<\/div>\n<\/div>\n<div class=\"elementor-element elementor-element-93bf8bb elementor-widget elementor-widget-text-editor\" data-id=\"93bf8bb\" data-element_type=\"widget\" data-widget_type=\"text-editor.default\">\n<div class=\"elementor-widget-container\">\n<p>Muchas personas optan por comprar GHB en Internet, aunque esto no suele ser recomendable. Esto se debe a que muchos de los sitios web que venden este producto pueden ser fraudulentos, y es muy dif\u00edcil saber si la sustancia que se vende es aut\u00e9ntica. Adem\u00e1s, hay un gran n\u00famero de sitios web que venden este tipo de productos, por lo que puede resultar dif\u00edcil encontrar los m\u00e1s fiables.<\/p>\n<p>Adem\u00e1s, la mayor\u00eda de los pa\u00edses han prohibido la venta y compra de GHB, y la compra y posesi\u00f3n de GHB puede castigarse con graves sanciones penales. Por lo tanto, si decides comprar GHB, debes tener cuidado y asegurarte de que est\u00e1s comprando un producto genuino y seguro.<\/p>\n<\/div>\n<\/div>","protected":false},"excerpt":{"rendered":"<p><strong>GHB cocido en seco<\/strong> (\u00e1cido gamma-hidroxibut\u00edrico) es un compuesto qu\u00edmico que tiene aplicaciones m\u00e9dicas, industriales y cient\u00edficas. A menudo se valora por sus propiedades calmantes y relajantes musculares y es un tema de investigaci\u00f3n clave en los estudios neurocient\u00edficos y farmacol\u00f3gicos.<\/p>\n<p><strong>\u00bfC\u00f3mo act\u00faa el GHB?<\/strong><br \/>\n<strong>GHB<\/strong> act\u00faa activando dos receptores en el cerebro:<\/p>\n<ul>\n<li><strong>Receptores de GHB:<\/strong> Influyen en la actividad neuronal y los procesos metab\u00f3licos.<\/li>\n<li><strong>Receptores GABA-B:<\/strong> Responsable de los efectos relajantes y calmantes.<\/li>\n<\/ul>\n<p>Estas interacciones provocan una reducci\u00f3n de la actividad neuronal, favorecen el sue\u00f1o profundo y tienen un efecto ansiol\u00edtico. A dosis m\u00e1s elevadas, el GHB act\u00faa como un potente sedante.<\/p>\n<p><strong>Duraci\u00f3n y efectos:<\/strong><\/p>\n<ul>\n<li><strong>Inicio del efecto:<\/strong> 10-20 minutos despu\u00e9s de la ingesti\u00f3n.<\/li>\n<li><strong>Duraci\u00f3n del efecto:<\/strong> De 1,5 a 4 horas, dependiendo de la dosis.<\/li>\n<li><strong>Efecto industrial:<\/strong> Uso inmediato como agente de limpieza o disolvente qu\u00edmico.<\/li>\n<\/ul>\n<p><strong>F\u00f3rmula y propiedades<\/strong><\/p>\n<ul>\n<li><strong>Nombre qu\u00edmico:<\/strong> \u00c1cido gamma-hidroxibut\u00edrico<\/li>\n<li><strong>F\u00f3rmula molecular:<\/strong> C4H8O3<\/li>\n<li><strong>Peso molecular:<\/strong> 104,10 g\/mol<\/li>\n<\/ul>","protected":false},"featured_media":1627,"comment_status":"open","ping_status":"closed","template":"","meta":{"_joinchat":[]},"product_brand":[],"product_cat":[32,34,36,246],"product_tag":[281,294,297,300,288,289,299,295,293,286,285,301,284,298,290,291,303,296,282,305,292,304,287,80,75,280,283,302],"class_list":{"0":"post-624","1":"product","2":"type-product","3":"status-publish","4":"has-post-thumbnail","6":"product_cat-uncategorized","7":"product_cat-ghb","8":"product_cat-ko-drops","9":"product_cat-sex-meth","10":"product_tag-gamma-hydroxybutyrat","11":"product_tag-ghb-anwendungen","12":"product_tag-ghb-chemikalie","13":"product_tag-ghb-fuer-apotheken","14":"product_tag-ghb-fuer-forschung","15":"product_tag-ghb-fuer-industrielle-anwendungen","16":"product_tag-ghb-fuer-labore","17":"product_tag-ghb-fuer-medizinische-zwecke","18":"product_tag-ghb-lagerung","19":"product_tag-ghb-legal-kaufen","20":"product_tag-ghb-lieferant","21":"product_tag-ghb-lieferant-weltweit","22":"product_tag-ghb-preis","23":"product_tag-ghb-pulver-dosierung","24":"product_tag-ghb-pulver-eu","25":"product_tag-ghb-pulver-grosshandel","26":"product_tag-ghb-pulver-guenstig-kaufen","27":"product_tag-ghb-pulver-in-deutschland-kaufen","28":"product_tag-ghb-pulver-kaufen","29":"product_tag-ghb-pulver-reinheit","30":"product_tag-ghb-sicherheitsrichtlinien","31":"product_tag-ghb-vertrieb","32":"product_tag-ghb-zum-verkauf","33":"product_tag-ghb-pulver","34":"product_tag-ghb-pulver-online-kaufen","35":"product_tag-trocken-gekochtes-ghb","36":"product_tag-trockenes-ghb-bestellen","37":"product_tag-wo-ghb-pulver-kaufen","39":"first","40":"instock","41":"shipping-taxable","42":"purchasable","43":"product-type-variable"},"yoast_head":"<!-- This site is optimized with the Yoast SEO plugin v25.4 - https:\/\/yoast.com\/wordpress\/plugins\/seo\/ -->\n<title>Trocken Gekochtes GHB 500 Gram online -Trocken Gekochtes ghb<\/title>\n<meta name=\"description\" content=\"Wenn Sie trocken gekochtes GHB (500 Gramm) online kaufen m\u00f6chten und einen zuverl\u00e4ssigen Online-Shop suchen, sind Sie hier genau richtig. Wir bieten ausschlie\u00dflich hochwertiges trocken gekochtes GHB (500 Gramm) zu einem g\u00fcnstigen Preis an. Bestellen Sie GHB jetzt!\" \/>\n<meta name=\"robots\" content=\"index, follow, max-snippet:-1, max-image-preview:large, max-video-preview:-1\" \/>\n<link rel=\"canonical\" href=\"https:\/\/gblexpress.com\/es\/producto-2\/seco-cocido-ghb-500-gramos\/\" \/>\n<meta property=\"og:locale\" content=\"es_ES\" \/>\n<meta property=\"og:type\" content=\"article\" \/>\n<meta property=\"og:title\" content=\"Trocken Gekochtes GHB 500 Gram online -Trocken Gekochtes ghb\" \/>\n<meta property=\"og:description\" content=\"Wenn Sie trocken gekochtes GHB (500 Gramm) online kaufen m\u00f6chten und einen zuverl\u00e4ssigen Online-Shop suchen, sind Sie hier genau richtig. Wir bieten ausschlie\u00dflich hochwertiges trocken gekochtes GHB (500 Gramm) zu einem g\u00fcnstigen Preis an. Bestellen Sie GHB jetzt!\" \/>\n<meta property=\"og:url\" content=\"https:\/\/gblexpress.com\/es\/producto-2\/seco-cocido-ghb-500-gramos\/\" \/>\n<meta property=\"og:site_name\" content=\"GBL Express\" \/>\n<meta property=\"article:modified_time\" content=\"2026-02-28T09:35:19+00:00\" \/>\n<meta property=\"og:image\" content=\"https:\/\/gblexpress.com\/wp-content\/uploads\/2023\/05\/Trocken-gekochtes-GHB.jpg\" \/>\n\t<meta property=\"og:image:width\" content=\"600\" \/>\n\t<meta property=\"og:image:height\" content=\"600\" \/>\n\t<meta property=\"og:image:type\" content=\"image\/jpeg\" \/>\n<meta name=\"twitter:card\" content=\"summary_large_image\" \/>\n<meta name=\"twitter:label1\" content=\"Tiempo de lectura\" \/>\n\t<meta name=\"twitter:data1\" content=\"3 minutos\" \/>\n<!-- \/ Yoast SEO plugin. -->","yoast_head_json":{"title":"GHB seco cocido 500 gramos en l\u00ednea - GHB seco cocido","description":"Si quieres comprar GHB hervido seco (500 gramos) online y est\u00e1s buscando una tienda online confiable, has llegado al lugar correcto. Solo ofrecemos GHB cocido en seco de alta calidad (500 gramos) a un precio asequible. \u00a1Pide GHB ahora!","robots":{"index":"index","follow":"follow","max-snippet":"max-snippet:-1","max-image-preview":"max-image-preview:large","max-video-preview":"max-video-preview:-1"},"canonical":"https:\/\/gblexpress.com\/es\/producto-2\/seco-cocido-ghb-500-gramos\/","og_locale":"es_ES","og_type":"article","og_title":"Trocken Gekochtes GHB 500 Gram online -Trocken Gekochtes ghb","og_description":"Wenn Sie trocken gekochtes GHB (500 Gramm) online kaufen m\u00f6chten und einen zuverl\u00e4ssigen Online-Shop suchen, sind Sie hier genau richtig. Wir bieten ausschlie\u00dflich hochwertiges trocken gekochtes GHB (500 Gramm) zu einem g\u00fcnstigen Preis an. Bestellen Sie GHB jetzt!","og_url":"https:\/\/gblexpress.com\/es\/producto-2\/seco-cocido-ghb-500-gramos\/","og_site_name":"GBL Express","article_modified_time":"2026-02-28T09:35:19+00:00","og_image":[{"width":600,"height":600,"url":"https:\/\/gblexpress.com\/wp-content\/uploads\/2023\/05\/Trocken-gekochtes-GHB.jpg","type":"image\/jpeg"}],"twitter_card":"summary_large_image","twitter_misc":{"Tiempo de lectura":"3 minutos"},"schema":{"@context":"https:\/\/schema.org","@graph":[{"@type":"WebPage","@id":"https:\/\/gblexpress.com\/product\/trocken-gekochtes-ghb-500-gram\/","url":"https:\/\/gblexpress.com\/product\/trocken-gekochtes-ghb-500-gram\/","name":"GHB seco cocido 500 gramos en l\u00ednea - GHB seco cocido","isPartOf":{"@id":"https:\/\/gblexpress.com\/#website"},"primaryImageOfPage":{"@id":"https:\/\/gblexpress.com\/product\/trocken-gekochtes-ghb-500-gram\/#primaryimage"},"image":{"@id":"https:\/\/gblexpress.com\/product\/trocken-gekochtes-ghb-500-gram\/#primaryimage"},"thumbnailUrl":"https:\/\/gblexpress.com\/wp-content\/uploads\/2023\/05\/Trocken-gekochtes-GHB.jpg","datePublished":"2023-05-31T13:26:05+00:00","dateModified":"2026-02-28T09:35:19+00:00","description":"Si quieres comprar GHB hervido seco (500 gramos) online y est\u00e1s buscando una tienda online confiable, has llegado al lugar correcto. Solo ofrecemos GHB cocido en seco de alta calidad (500 gramos) a un precio asequible. \u00a1Pide GHB ahora!","breadcrumb":{"@id":"https:\/\/gblexpress.com\/product\/trocken-gekochtes-ghb-500-gram\/#breadcrumb"},"inLanguage":"es","potentialAction":[{"@type":"ReadAction","target":["https:\/\/gblexpress.com\/product\/trocken-gekochtes-ghb-500-gram\/"]}]},{"@type":"ImageObject","inLanguage":"es","@id":"https:\/\/gblexpress.com\/product\/trocken-gekochtes-ghb-500-gram\/#primaryimage","url":"https:\/\/gblexpress.com\/wp-content\/uploads\/2023\/05\/Trocken-gekochtes-GHB.jpg","contentUrl":"https:\/\/gblexpress.com\/wp-content\/uploads\/2023\/05\/Trocken-gekochtes-GHB.jpg","width":600,"height":600,"caption":"Trocken-gekochtes-GHB online kaufen"},{"@type":"BreadcrumbList","@id":"https:\/\/gblexpress.com\/product\/trocken-gekochtes-ghb-500-gram\/#breadcrumb","itemListElement":[{"@type":"ListItem","position":1,"name":"Home","item":"https:\/\/gblexpress.com\/"},{"@type":"ListItem","position":2,"name":"Shop","item":"https:\/\/gblexpress.com\/shop\/"},{"@type":"ListItem","position":3,"name":"Trocken gekochtes GHB 500 Gram Online Kaufen"}]},{"@type":"WebSite","@id":"https:\/\/gblexpress.com\/#website","url":"https:\/\/gblexpress.com\/","name":"GBL Express","description":"","publisher":{"@id":"https:\/\/gblexpress.com\/#organization"},"potentialAction":[{"@type":"SearchAction","target":{"@type":"EntryPoint","urlTemplate":"https:\/\/gblexpress.com\/?s={search_term_string}"},"query-input":{"@type":"PropertyValueSpecification","valueRequired":true,"valueName":"search_term_string"}}],"inLanguage":"es"},{"@type":"Organization","@id":"https:\/\/gblexpress.com\/#organization","name":"GBL Express","url":"https:\/\/gblexpress.com\/","logo":{"@type":"ImageObject","inLanguage":"es","@id":"https:\/\/gblexpress.com\/#\/schema\/logo\/image\/","url":"https:\/\/gblexpress.com\/wp-content\/uploads\/2023\/01\/logo.png","contentUrl":"https:\/\/gblexpress.com\/wp-content\/uploads\/2023\/01\/logo.png","width":250,"height":52,"caption":"GBL Express"},"image":{"@id":"https:\/\/gblexpress.com\/#\/schema\/logo\/image\/"}}]}},"jetpack-related-posts":[],"jetpack_sharing_enabled":true,"_links":{"self":[{"href":"https:\/\/gblexpress.com\/es\/wp-json\/wp\/v2\/product\/624","targetHints":{"allow":["GET"]}}],"collection":[{"href":"https:\/\/gblexpress.com\/es\/wp-json\/wp\/v2\/product"}],"about":[{"href":"https:\/\/gblexpress.com\/es\/wp-json\/wp\/v2\/types\/product"}],"replies":[{"embeddable":true,"href":"https:\/\/gblexpress.com\/es\/wp-json\/wp\/v2\/comments?post=624"}],"wp:featuredmedia":[{"embeddable":true,"href":"https:\/\/gblexpress.com\/es\/wp-json\/wp\/v2\/media\/1627"}],"wp:attachment":[{"href":"https:\/\/gblexpress.com\/es\/wp-json\/wp\/v2\/media?parent=624"}],"wp:term":[{"taxonomy":"product_brand","embeddable":true,"href":"https:\/\/gblexpress.com\/es\/wp-json\/wp\/v2\/product_brand?post=624"},{"taxonomy":"product_cat","embeddable":true,"href":"https:\/\/gblexpress.com\/es\/wp-json\/wp\/v2\/product_cat?post=624"},{"taxonomy":"product_tag","embeddable":true,"href":"https:\/\/gblexpress.com\/es\/wp-json\/wp\/v2\/product_tag?post=624"}],"curies":[{"name":"wp","href":"https:\/\/api.w.org\/{rel}","templated":true}]}}