{"id":422,"date":"2023-01-31T08:56:25","date_gmt":"2023-01-31T08:56:25","guid":{"rendered":"https:\/\/chemswell.com\/gbl\/?page_id=422"},"modified":"2024-06-07T10:20:31","modified_gmt":"2024-06-07T10:20:31","slug":"ko-gouttes","status":"publish","type":"page","link":"https:\/\/gblexpress.com\/fr\/ko-gouttes\/","title":{"rendered":"Acheter des gouttes KO en ligne"},"content":{"rendered":"<section class=\"wpb_row vc_row-fluid vc_custom_1675150671160\"><div class=\"container\"><div class=\"row\"><div class=\"wpb_column vc_column_container vc_col-sm-12\"><div class=\"vc_column-inner\"><div class=\"wpb_wrapper\"  >\n\t<div class=\"wpb_text_column wpb_content_element\" >\n\t\t<div class=\"wpb_wrapper\">\n\t\t\t<h2 style=\"text-align: center; font-size: 30px;\">ACHETER DES POTS KO EN LIGNE<\/h2>\n<h3 style=\"text-align: center;\">Achetez des gouttes KO 100% pures en ligne sur GBLExpress<\/h3>\n<p style=\"text-align: center; font-size: 19px;\">KO Drops est un moyen puissant et abordable d'am\u00e9liorer votre sant\u00e9. On les appelle des gouttes KO parce qu'elles agissent en dissolvant le calcium qui bloque vos art\u00e8res. En utilisant des gouttes assourdissantes pour dormir, vous pouvez am\u00e9liorer votre circulation et votre sant\u00e9 globale. L'utilisation de KO Drops pr\u00e9sente de nombreux avantages, il est donc important de les acheter aupr\u00e8s d'une source fiable comme GBL Express. Notre boutique en ligne vous aidera \u00e0 commander en ligne des gouttes KO aux meilleurs prix. Avec le soutien de notre magasin, vous n'avez pas \u00e0 vous soucier de l'endroit o\u00f9 vous \u00eates <a href=\"https:\/\/gblexpress.com\/fr\/ko-gouttes\/\"><strong>Acheter des knock-out drops<\/strong><\/a> peut.<\/p>\n\n\t\t<\/div>\n\t<\/div>\n<div class=\"vc_btn3-container vc_btn3-center\" ><a class=\"vc_general vc_btn3 vc_btn3-size-md vc_btn3-shape-square vc_btn3-style-modern vc_btn3-color-black\" href=\"https:\/\/gblexpress.com\/fr\/boutique\/ko-gouttes-achat-en-ligne\/\" title=\"\">Acheter maintenant<\/a><\/div><\/div><\/div><\/div><\/div><\/div><\/section><section class=\"wpb_row vc_row-fluid vc_custom_1675104750211\"><div class=\"container\"><div class=\"row\"><div class=\"wpb_column vc_column_container vc_col-sm-6\"><div class=\"vc_column-inner\"><div class=\"wpb_wrapper\"  >\n\t<div class=\"wpb_text_column wpb_content_element\" >\n\t\t<div class=\"wpb_wrapper\">\n\t\t\t<h2 style=\"text-align: justify;\">Acheter des gouttes KO en ligne sans ordonnance<\/h2>\n<p style=\"text-align: justify;\">Les Knockout Drops sont un produit de plus en plus populaire qui peut \u00eatre utilis\u00e9 \u00e0 diverses fins. Ces gouttes puissantes peuvent vous aider \u00e0 vous d\u00e9tendre, \u00e0 mieux dormir et m\u00eame \u00e0 r\u00e9duire le stress et l'anxi\u00e9t\u00e9. Mais o\u00f9 acheter des gouttes KO en ligne sans ordonnance ? La r\u00e9ponse est GBL Express. Chez GBL Express, vous pouvez acheter des Knockout Drops en ligne rapidement et en toute s\u00e9curit\u00e9.<\/p>\n<h2 style=\"text-align: justify;\">Utilisation et efficacit\u00e9 des gouttes knock-out<\/h2>\n<p style=\"text-align: justify;\">Le sommeil est crucial pour le bien-\u00eatre g\u00e9n\u00e9ral et peut parfois \u00eatre difficile \u00e0 trouver. Heureusement, il existe une vari\u00e9t\u00e9 d'options pour vous aider \u00e0 obtenir le sommeil dont vous avez besoin. Les Knockout Drops sont une de ces options - elles favorisent le sommeil en bloquant certaines hormones connues pour causer l'insomnie. Les Knockout Drops peuvent \u00eatre achet\u00e9s en ligne de plusieurs fa\u00e7ons. Vous pouvez acheter des gouttes KO en ligne sous forme de gouttes simples ou en packs de six gouttes ou plus. De plus, vous pouvez trouver des Knockout Drops dans de nombreux d\u00e9panneurs et pharmacies.<\/p>\n\n\t\t<\/div>\n\t<\/div>\n\t\t\t\n\t<!-- Element: OT Button --> \n\t\t\t<a href=\"https:\/\/gblexpress.com\/fr\/boutique\/ko-gouttes-achat-en-ligne\/\" target=\"_self\" class=\"btn btn-line-black btn-big\">Acheter maintenant<\/a>\n\t    \n<\/div><\/div><\/div><div class=\"wpb_column vc_column_container vc_col-sm-6\"><div class=\"vc_column-inner\"><div class=\"wpb_wrapper\"  >\n\t<div  class=\"wpb_single_image wpb_content_element vc_align_left\">\n\t\t\n\t\t<figure class=\"wpb_wrapper vc_figure\">\n\t\t\t<div class=\"vc_single_image-wrapper vc_box_rounded  vc_box_border_grey\"><img loading=\"lazy\" decoding=\"async\" width=\"615\" height=\"615\" src=\"https:\/\/gblexpress.com\/wp-content\/uploads\/2023\/01\/buy-knockout-drops-online.jpg\" class=\"vc_single_image-img attachment-full\" alt=\"Acheter Knockout Gouttes en ligne\" srcset=\"https:\/\/gblexpress.com\/wp-content\/uploads\/2023\/01\/buy-knockout-drops-online.jpg 615w, https:\/\/gblexpress.com\/wp-content\/uploads\/2023\/01\/buy-knockout-drops-online-300x300.jpg 300w, https:\/\/gblexpress.com\/wp-content\/uploads\/2023\/01\/buy-knockout-drops-online-150x150.jpg 150w\" sizes=\"auto, (max-width: 615px) 100vw, 615px\" title=\"Acheter Knockout Gouttes en ligne\" \/><\/div>\n\t\t<\/figure>\n\t<\/div>\n<\/div><\/div><\/div><\/div><\/div><\/section><section class=\"wpb_row vc_row-fluid\"><div class=\"container\"><div class=\"row\"><div class=\"wpb_column vc_column_container vc_col-sm-6\"><div class=\"vc_column-inner\"><div class=\"wpb_wrapper\"  >\n\t<div  class=\"wpb_single_image wpb_content_element vc_align_left\">\n\t\t\n\t\t<figure class=\"wpb_wrapper vc_figure\">\n\t\t\t<div class=\"vc_single_image-wrapper vc_box_rounded  vc_box_border_grey\"><img loading=\"lazy\" decoding=\"async\" width=\"615\" height=\"350\" src=\"https:\/\/gblexpress.com\/wp-content\/uploads\/2023\/01\/ko-drops.jpg\" class=\"vc_single_image-img attachment-full\" alt=\"Acheter KO Drops en ligne\" srcset=\"https:\/\/gblexpress.com\/wp-content\/uploads\/2023\/01\/ko-drops.jpg 615w, https:\/\/gblexpress.com\/wp-content\/uploads\/2023\/01\/ko-drops-300x171.jpg 300w\" sizes=\"auto, (max-width: 615px) 100vw, 615px\" title=\"Acheter KO Drops en ligne\" \/><\/div>\n\t\t<\/figure>\n\t<\/div>\n<\/div><\/div><\/div><div class=\"wpb_column vc_column_container vc_col-sm-6\"><div class=\"vc_column-inner vc_custom_1675105084996\"><div class=\"wpb_wrapper\"  >\n\t<div class=\"wpb_text_column wpb_content_element\" >\n\t\t<div class=\"wpb_wrapper\">\n\t\t\t<h2>Pourquoi acheter des gouttes KO en ligne chez nous ?<\/h2>\n<p style=\"text-align: justify;\">En mati\u00e8re de soins de sant\u00e9, vous devez faire confiance au meilleur. C'est pourquoi nous proposons des ingr\u00e9dients de qualit\u00e9 garantie dans chaque lot de Knockout Drops. Nous disposons \u00e9galement d'une gamme compl\u00e8te de produits parfaitement adapt\u00e9s \u00e0 vos besoins, quels qu'ils soient. De plus, notre livraison rapide signifie que vous recevrez vos gouttes rapidement - sans attente\u00a0!<\/p>\n<p style=\"text-align: justify;\">Si pour une raison quelconque vous n'\u00eates pas satisfait de nos produits, nous offrons une garantie de satisfaction \u00e0 100 %. De plus, nos options de paiement s\u00e9curis\u00e9es vous permettent d'acheter facilement des Knockout Drops sans souci. Enfin, notre emballage discret vous permet d'emporter Knockout Drops n'importe o\u00f9 sans que personne ne s'en aper\u00e7oive. Achetez des gouttes KO sans ordonnance chez GBL Express maintenant\u00a0!<\/p>\n\n\t\t<\/div>\n\t<\/div>\n\t\t\t\n\t<!-- Element: OT Button --> \n\t\t\t<a href=\"https:\/\/gblexpress.com\/fr\/boutique\/ko-gouttes-achat-en-ligne\/\" target=\"_self\" class=\"btn btn-line-black btn-big\">Acheter maintenant<\/a>\n\t    \n<\/div><\/div><\/div><\/div><\/div><\/section><section class=\"wpb_row vc_row-fluid\"><div class=\"container\"><div class=\"row\"><div class=\"wpb_column vc_column_container vc_col-sm-12\"><div class=\"vc_column-inner\"><div class=\"wpb_wrapper\"  >\n\t<div class=\"wpb_text_column wpb_content_element\" >\n\t\t<div class=\"wpb_wrapper\">\n\t\t\t<h2 style=\"text-align: center;\">Que font les gouttes KO ?<\/h2>\n<p style=\"text-align: center;\">Si vous cherchez un moyen d'augmenter votre \u00e9nergie et votre concentration, vous devez commander des gouttes KO. Ces gouttes sont fabriqu\u00e9es \u00e0 partir d'ingr\u00e9dients naturels et se sont r\u00e9v\u00e9l\u00e9es efficaces pour stimuler l'\u00e9nergie et la concentration. Ils sont \u00e9galement disponibles dans le monde entier, ce qui en fait un excellent choix pour tous ceux qui recherchent un regain d'\u00e9nergie en d\u00e9placement. Il existe une vari\u00e9t\u00e9 d'alternatives \u00e0 l'utilisation de gouttes KO, y compris la consommation de boissons contenant de la caf\u00e9ine ou la consommation d'aliments contenant de la caf\u00e9ine comme le chocolat ou les barres chocolat\u00e9es.<\/p>\n\n\t\t<\/div>\n\t<\/div>\n<\/div><\/div><\/div><\/div><\/div><\/section><section class=\"wpb_row vc_row-fluid\"><div class=\"container\"><div class=\"row\"><div class=\"wpb_column vc_column_container vc_col-sm-12\"><div class=\"vc_column-inner\"><div class=\"wpb_wrapper\"  >\n\t<div class=\"wpb_text_column wpb_content_element\" >\n\t\t<div class=\"wpb_wrapper\">\n\t\t\t<h3 style=\"text-align: justify;\">Substances courantes dans les gouttes KO<\/h3>\n<p style=\"text-align: justify;\">Les gouttes KO en vente peuvent contenir divers s\u00e9datifs, parmi les plus courants :<\/p>\n<p style=\"text-align: justify;\">1. GHB (gamma-hydroxybutyrate) : Souvent appel\u00e9 \u00ab gouttes knock-out \u00bb, le GHB est un d\u00e9presseur du syst\u00e8me nerveux central qui peut provoquer somnolence, perte de conscience et perte de m\u00e9moire.<\/p>\n<p style=\"text-align: justify;\">2. Rohypnol (flunitraz\u00e9pam) : Autre m\u00e9dicament incontr\u00f4lable notoire, le Rohypnol est une benzodiaz\u00e9pine qui provoque une s\u00e9dation profonde, une relaxation musculaire et une amn\u00e9sie.<\/p>\n<p style=\"text-align: justify;\">3. Hydrate de chloral : Un s\u00e9datif et hypnotique autrefois utilis\u00e9 pour traiter l'insomnie, mais il est maintenant plus connu pour son abus pour anesth\u00e9sier les individus.<\/p>\n<p style=\"text-align: justify;\">N'h\u00e9sitez pas \u00e0 contacter notre boutique en ligne pour acheter des KO drops en ligne !<\/p>\n<h3 style=\"text-align: justify;\">Effets et risques<\/h3>\n<p style=\"text-align: justify;\">Lorsque vous achetez des gouttes KO en ligne, les effets varient en fonction de la substance utilis\u00e9e, de la dose et de la physiologie de la personne. Les effets courants sont\u00a0:<\/p>\n<p style=\"text-align: justify;\">\u25cf S\u00e9dation et somnolence : les KO Drops sont de puissants s\u00e9datifs qui peuvent rendre les personnes extr\u00eamement somnolentes ou inconscientes.<\/p>\n<p style=\"text-align: justify;\">\u25cf Perte de m\u00e9moire\u00a0: bon nombre de ces substances peuvent provoquer une amn\u00e9sie partielle ou compl\u00e8te, ce qui rend difficile la m\u00e9morisation des \u00e9v\u00e9nements survenus sous l'influence de la substance.<\/p>\n<p style=\"text-align: justify;\">\u25cf Perte de contr\u00f4le moteur : Ces m\u00e9dicaments peuvent affecter la coordination et les fonctions motrices, rendant difficile pour la personne de bouger ou de r\u00e9sister.<\/p>\n<p style=\"text-align: justify;\">Les risques associ\u00e9s aux KO Drops en ligne sont importants. Une surdose de ces substances peut entra\u00eener une d\u00e9pression respiratoire grave, le coma, voire la mort. De plus, leur utilisation dans des activit\u00e9s criminelles telles que des agressions sexuelles ou des vols qualifi\u00e9s constitue une menace s\u00e9rieuse pour la s\u00e9curit\u00e9 publique.<\/p>\n<h3 style=\"text-align: justify;\">Mesures de pr\u00e9vention et de s\u00e9curit\u00e9<\/h3>\n<p style=\"text-align: justify;\">Pour vous prot\u00e9ger des dangers des KO Drops, il est important de :<\/p>\n<p style=\"text-align: justify;\">\u25cf Restez vigilant\u00a0: soyez conscient de votre environnement, en particulier dans les environnements sociaux comme les bars et les clubs.<\/p>\n<p style=\"text-align: justify;\">\u25cf Surveillez votre boisson\u00a0: ne laissez jamais votre boisson sans surveillance et soyez prudent lorsque vous acceptez des boissons de la part d'\u00e9trangers.<br \/>\n\u25cf Demandez de l'aide imm\u00e9diatement : si vous soup\u00e7onnez que vous ou quelqu'un d'autre avez \u00e9t\u00e9 drogu\u00e9, consultez imm\u00e9diatement un m\u00e9decin et informez-en la police.<\/p>\n\n\t\t<\/div>\n\t<\/div>\n<\/div><\/div><\/div><\/div><\/div><\/section><section class=\"wpb_row vc_row-fluid vc_custom_1675105544557\"><div class=\"container\"><div class=\"row\"><div class=\"wpb_column vc_column_container vc_col-sm-4\"><div class=\"vc_column-inner\"><div class=\"wpb_wrapper\"  >\n\t<div  class=\"wpb_single_image wpb_content_element vc_align_center\">\n\t\t\n\t\t<figure class=\"wpb_wrapper vc_figure\">\n\t\t\t<a href=\"https:\/\/gblexpress.com\/fr\/gbl\/\" target=\"_self\" class=\"vc_single_image-wrapper vc_box_rounded  vc_box_border_grey\"><img loading=\"lazy\" decoding=\"async\" width=\"615\" height=\"350\" src=\"https:\/\/gblexpress.com\/wp-content\/uploads\/2023\/01\/gbl-liquid.jpg\" class=\"vc_single_image-img attachment-full\" alt=\"Gamma-Butyrolactone GBL Acheter Online\" srcset=\"https:\/\/gblexpress.com\/wp-content\/uploads\/2023\/01\/gbl-liquid.jpg 615w, https:\/\/gblexpress.com\/wp-content\/uploads\/2023\/01\/gbl-liquid-300x171.jpg 300w\" sizes=\"auto, (max-width: 615px) 100vw, 615px\" title=\"Gamma-Butyrolactone GBL Acheter Online\" \/><\/a>\n\t\t<\/figure>\n\t<\/div>\n<h3 style=\"text-align: left\" class=\"vc_custom_heading\" ><a href=\"https:\/\/gblexpress.com\/fr\/gbl\/\">Acheter GBL Online<\/a><\/h3>\n\t<div class=\"wpb_text_column wpb_content_element\" >\n\t\t<div class=\"wpb_wrapper\">\n\t\t\t<p style=\"text-align: justify;\">GBL Express s'occupe des m\u00e9dicaments GBL depuis des d\u00e9cennies et comprend les besoins des clients du monde entier. Vous pouvez facilement acheter du GBL sans ordonnance ici.<\/p>\n\n\t\t<\/div>\n\t<\/div>\n<\/div><\/div><\/div><div class=\"wpb_column vc_column_container vc_col-sm-4\"><div class=\"vc_column-inner\"><div class=\"wpb_wrapper\"  >\n\t<div  class=\"wpb_single_image wpb_content_element vc_align_center\">\n\t\t\n\t\t<figure class=\"wpb_wrapper vc_figure\">\n\t\t\t<a href=\"https:\/\/gblexpress.com\/fr\/ritalin\/\" target=\"_self\" class=\"vc_single_image-wrapper vc_box_rounded  vc_box_border_grey\"><img loading=\"lazy\" decoding=\"async\" width=\"615\" height=\"350\" src=\"https:\/\/gblexpress.com\/wp-content\/uploads\/2023\/01\/ritalin-tablets.jpg\" class=\"vc_single_image-img attachment-full\" alt=\"Acheter Ritalin en ligne\" srcset=\"https:\/\/gblexpress.com\/wp-content\/uploads\/2023\/01\/ritalin-tablets.jpg 615w, https:\/\/gblexpress.com\/wp-content\/uploads\/2023\/01\/ritalin-tablets-300x171.jpg 300w\" sizes=\"auto, (max-width: 615px) 100vw, 615px\" title=\"Acheter Ritalin en ligne\" \/><\/a>\n\t\t<\/figure>\n\t<\/div>\n<h3 style=\"text-align: left\" class=\"vc_custom_heading\" ><a href=\"https:\/\/gblexpress.com\/fr\/ritalin\/\">Acheter du Ritalin en ligne<\/a><\/h3>\n\t<div class=\"wpb_text_column wpb_content_element\" >\n\t\t<div class=\"wpb_wrapper\">\n\t\t\t<p style=\"text-align: justify;\">Lorsque vous achetez du Ritalin en ligne sur GBLExpress, vous pouvez b\u00e9n\u00e9ficier d'une livraison s\u00e9curis\u00e9e et de prix comp\u00e9titifs. En tant que pharmacie enregistr\u00e9e, nous garantissons que tous nos produits sont approuv\u00e9s pour les patients atteints de TDAH.<\/p>\n\n\t\t<\/div>\n\t<\/div>\n<\/div><\/div><\/div><div class=\"wpb_column vc_column_container vc_col-sm-4\"><div class=\"vc_column-inner\"><div class=\"wpb_wrapper\"  >\n\t<div  class=\"wpb_single_image wpb_content_element vc_align_center\">\n\t\t\n\t\t<figure class=\"wpb_wrapper vc_figure\">\n\t\t\t<a href=\"https:\/\/gblexpress.com\/fr\/ghb\/\" target=\"_self\" class=\"vc_single_image-wrapper vc_box_rounded  vc_box_border_grey\"><img loading=\"lazy\" decoding=\"async\" width=\"615\" height=\"350\" src=\"https:\/\/gblexpress.com\/wp-content\/uploads\/2023\/01\/ghb-liquid.jpg\" class=\"vc_single_image-img attachment-full\" alt=\"Acheter Gamma-Hydroxybutyrate (GHB) online\" srcset=\"https:\/\/gblexpress.com\/wp-content\/uploads\/2023\/01\/ghb-liquid.jpg 615w, https:\/\/gblexpress.com\/wp-content\/uploads\/2023\/01\/ghb-liquid-300x171.jpg 300w\" sizes=\"auto, (max-width: 615px) 100vw, 615px\" title=\"Acheter Gamma-Hydroxybutyrate (GHB) online\" \/><\/a>\n\t\t<\/figure>\n\t<\/div>\n<h3 style=\"text-align: left\" class=\"vc_custom_heading\" ><a href=\"https:\/\/gblexpress.com\/fr\/ghb\/\">GHB Acheter en ligne<\/a><\/h3>\n\t<div class=\"wpb_text_column wpb_content_element\" >\n\t\t<div class=\"wpb_wrapper\">\n\t\t\t<p style=\"text-align: justify;\">Avec la disponibilit\u00e9 de notre magasin, vous n'avez pas \u00e0 vous soucier de l'endroit o\u00f9 acheter du GHB. Dans notre boutique en ligne, vous pouvez facilement acheter du GHB sans ordonnance.<\/p>\n\n\t\t<\/div>\n\t<\/div>\n<\/div><\/div><\/div><\/div><\/div><\/section><section class=\"wpb_row vc_row-fluid call-to-action text-light bg-color vc_custom_1675107688125\"><div class=\"container\"><div class=\"row\"><div class=\"wpb_column vc_column_container vc_col-sm-8\"><div class=\"vc_column-inner\"><div class=\"wpb_wrapper\"  ><h3 style=\"text-align: left\" class=\"vc_custom_heading mt20\" >Demandez un devis gratuit pour nos produits !<\/h3><\/div><\/div><\/div><div class=\"wpb_column vc_column_container vc_col-sm-4\"><div class=\"vc_column-inner\"><div class=\"wpb_wrapper\"  >\t\t\t\n\t<!-- Element: OT Button 2 --> \n\t<a href=\"http:\/\/gblexpress.com\/fr\/contactez-nous\/\" title=\"Demander maintenant\" target=\" _blank\" class=\"btn btn-line btn-big mt10\">Demander maintenant<\/a>\t\n<\/div><\/div><\/div><\/div><\/div><\/section>","protected":false},"excerpt":{"rendered":"KO TOPFEN ONLINE KAUFEN Kaufen Sie 100 % reines KO Tropfen online bei GBLExpress KO Drops ist eine leistungsstarke und erschwingliche M\u00f6glichkeit, Ihre Gesundheit zu verbessern. Sie werden KO-Tropfen genannt, weil sie wirken, indem sie das Kalzium aufl\u00f6sen, das Ihre Arterien blockiert. Durch die Verwendung von Knockout-Tropfen zum Schlafen k\u00f6nnen Sie Ihre Durchblutung und die [...]","protected":false},"author":1,"featured_media":0,"parent":0,"menu_order":0,"comment_status":"closed","ping_status":"closed","template":"page-templates\/template-fullwidth.php","meta":{"_joinchat":[],"footnotes":""},"class_list":["post-422","page","type-page","status-publish","hentry"],"yoast_head":"<!-- This site is optimized with the Yoast SEO plugin v25.4 - https:\/\/yoast.com\/wordpress\/plugins\/seo\/ -->\n<title>KO Tropfen Online Kaufen - Knockout Tropfen Bestellen - KO Tropfen<\/title>\n<meta name=\"description\" content=\"Auf der Suche nach den besten Knockout-Tropfen zum Schlafen? Hier kannst du KO Tropfen kaufen, KO Tropfen kaufen, KO Tropfen online bestellen, KO Tropfen zum Verkauf.\" \/>\n<meta name=\"robots\" content=\"index, follow, max-snippet:-1, max-image-preview:large, max-video-preview:-1\" \/>\n<link rel=\"canonical\" href=\"https:\/\/gblexpress.com\/fr\/ko-gouttes\/\" \/>\n<meta property=\"og:locale\" content=\"fr_FR\" \/>\n<meta property=\"og:type\" content=\"article\" \/>\n<meta property=\"og:title\" content=\"KO Tropfen Online Kaufen - Knockout Tropfen Bestellen - KO Tropfen\" \/>\n<meta property=\"og:description\" content=\"Auf der Suche nach den besten Knockout-Tropfen zum Schlafen? Hier kannst du KO Tropfen kaufen, KO Tropfen kaufen, KO Tropfen online bestellen, KO Tropfen zum Verkauf.\" \/>\n<meta property=\"og:url\" content=\"https:\/\/gblexpress.com\/fr\/ko-gouttes\/\" \/>\n<meta property=\"og:site_name\" content=\"GBL Express\" \/>\n<meta property=\"article:modified_time\" content=\"2024-06-07T10:20:31+00:00\" \/>\n<meta name=\"twitter:card\" content=\"summary_large_image\" \/>\n<meta name=\"twitter:label1\" content=\"Dur\u00e9e de lecture estim\u00e9e\" \/>\n\t<meta name=\"twitter:data1\" content=\"5 minutes\" \/>\n<!-- \/ Yoast SEO plugin. -->","yoast_head_json":{"title":"Acheter KO Drops en ligne - Commande de Knockout Drops - KO Drops","description":"Vous cherchez les meilleurs knockout drops pour dormir ? Ici vous pouvez acheter des gouttes KO, acheter des gouttes KO, commander des gouttes KO en ligne, gouttes KO \u00e0 vendre.","robots":{"index":"index","follow":"follow","max-snippet":"max-snippet:-1","max-image-preview":"max-image-preview:large","max-video-preview":"max-video-preview:-1"},"canonical":"https:\/\/gblexpress.com\/fr\/ko-gouttes\/","og_locale":"fr_FR","og_type":"article","og_title":"KO Tropfen Online Kaufen - Knockout Tropfen Bestellen - KO Tropfen","og_description":"Auf der Suche nach den besten Knockout-Tropfen zum Schlafen? Hier kannst du KO Tropfen kaufen, KO Tropfen kaufen, KO Tropfen online bestellen, KO Tropfen zum Verkauf.","og_url":"https:\/\/gblexpress.com\/fr\/ko-gouttes\/","og_site_name":"GBL Express","article_modified_time":"2024-06-07T10:20:31+00:00","twitter_card":"summary_large_image","twitter_misc":{"Dur\u00e9e de lecture estim\u00e9e":"5 minutes"},"schema":{"@context":"https:\/\/schema.org","@graph":[{"@type":"WebPage","@id":"https:\/\/gblexpress.com\/ko-tropfen\/","url":"https:\/\/gblexpress.com\/ko-tropfen\/","name":"Acheter KO Drops en ligne - Commande de Knockout Drops - KO Drops","isPartOf":{"@id":"https:\/\/gblexpress.com\/#website"},"datePublished":"2023-01-31T08:56:25+00:00","dateModified":"2024-06-07T10:20:31+00:00","description":"Vous cherchez les meilleurs knockout drops pour dormir ? Ici vous pouvez acheter des gouttes KO, acheter des gouttes KO, commander des gouttes KO en ligne, gouttes KO \u00e0 vendre.","breadcrumb":{"@id":"https:\/\/gblexpress.com\/ko-tropfen\/#breadcrumb"},"inLanguage":"fr-FR","potentialAction":[{"@type":"ReadAction","target":["https:\/\/gblexpress.com\/ko-tropfen\/"]}]},{"@type":"BreadcrumbList","@id":"https:\/\/gblexpress.com\/ko-tropfen\/#breadcrumb","itemListElement":[{"@type":"ListItem","position":1,"name":"Home","item":"https:\/\/gblexpress.com\/"},{"@type":"ListItem","position":2,"name":"KO Tropfen Kaufen Online"}]},{"@type":"WebSite","@id":"https:\/\/gblexpress.com\/#website","url":"https:\/\/gblexpress.com\/","name":"GBL Express","description":"","publisher":{"@id":"https:\/\/gblexpress.com\/#organization"},"potentialAction":[{"@type":"SearchAction","target":{"@type":"EntryPoint","urlTemplate":"https:\/\/gblexpress.com\/?s={search_term_string}"},"query-input":{"@type":"PropertyValueSpecification","valueRequired":true,"valueName":"search_term_string"}}],"inLanguage":"fr-FR"},{"@type":"Organization","@id":"https:\/\/gblexpress.com\/#organization","name":"GBL Express","url":"https:\/\/gblexpress.com\/","logo":{"@type":"ImageObject","inLanguage":"fr-FR","@id":"https:\/\/gblexpress.com\/#\/schema\/logo\/image\/","url":"https:\/\/gblexpress.com\/wp-content\/uploads\/2023\/01\/logo.png","contentUrl":"https:\/\/gblexpress.com\/wp-content\/uploads\/2023\/01\/logo.png","width":250,"height":52,"caption":"GBL Express"},"image":{"@id":"https:\/\/gblexpress.com\/#\/schema\/logo\/image\/"}}]}},"jetpack-related-posts":[],"jetpack_sharing_enabled":true,"_links":{"self":[{"href":"https:\/\/gblexpress.com\/fr\/wp-json\/wp\/v2\/pages\/422","targetHints":{"allow":["GET"]}}],"collection":[{"href":"https:\/\/gblexpress.com\/fr\/wp-json\/wp\/v2\/pages"}],"about":[{"href":"https:\/\/gblexpress.com\/fr\/wp-json\/wp\/v2\/types\/page"}],"author":[{"embeddable":true,"href":"https:\/\/gblexpress.com\/fr\/wp-json\/wp\/v2\/users\/1"}],"replies":[{"embeddable":true,"href":"https:\/\/gblexpress.com\/fr\/wp-json\/wp\/v2\/comments?post=422"}],"version-history":[{"count":6,"href":"https:\/\/gblexpress.com\/fr\/wp-json\/wp\/v2\/pages\/422\/revisions"}],"predecessor-version":[{"id":1056,"href":"https:\/\/gblexpress.com\/fr\/wp-json\/wp\/v2\/pages\/422\/revisions\/1056"}],"wp:attachment":[{"href":"https:\/\/gblexpress.com\/fr\/wp-json\/wp\/v2\/media?parent=422"}],"curies":[{"name":"wp","href":"https:\/\/api.w.org\/{rel}","templated":true}]}}