{"id":424,"date":"2023-01-31T09:04:08","date_gmt":"2023-01-31T09:04:08","guid":{"rendered":"https:\/\/chemswell.com\/gbl\/?page_id=424"},"modified":"2024-06-07T10:17:46","modified_gmt":"2024-06-07T10:17:46","slug":"ritalin","status":"publish","type":"page","link":"https:\/\/gblexpress.com\/fr\/ritalin\/","title":{"rendered":"Acheter du Ritalin en ligne"},"content":{"rendered":"<section class=\"wpb_row vc_row-fluid vc_custom_1675150671160\"><div class=\"container\"><div class=\"row\"><div class=\"wpb_column vc_column_container vc_col-sm-12\"><div class=\"vc_column-inner\"><div class=\"wpb_wrapper\"  >\n\t<div class=\"wpb_text_column wpb_content_element\" >\n\t\t<div class=\"wpb_wrapper\">\n\t\t\t<h2 style=\"text-align: center; font-size: 30px;\">ACHETER RITALINE EN LIGNE<\/h2>\n<h3 style=\"text-align: center;\">Achetez du GHB 100% pur en ligne sur GBLExpress<\/h3>\n<p style=\"text-align: center; font-size: 19px;\">Voulez-vous <a href=\"https:\/\/gblexpress.com\/fr\/ritalin\/\"><strong>Acheter du Ritalin en ligne<\/strong><\/a> de mani\u00e8re s\u00fbre et s\u00e9curis\u00e9e ? GBL Express est la solution id\u00e9ale pour vous. Le Ritalin est un m\u00e9dicament efficace et essentiel pour de nombreuses personnes souffrant de TDAH, mais il peut \u00eatre difficile \u00e0 trouver et co\u00fbteux. Lorsque vous achetez du Ritalin<br \/>\nChez GBLExpress, vous pouvez b\u00e9n\u00e9ficier d'une livraison s\u00e9curis\u00e9e et de prix comp\u00e9titifs. En tant que pharmacie enregistr\u00e9e, nous garantissons que tous nos produits sont approuv\u00e9s pour les patients atteints de TDAH. Donc, si vous vous demandez o\u00f9 acheter du Ritalin en ligne, ne cherchez pas plus loin que GBLExpress \u00e0 des prix comp\u00e9titifs ! Utilisez notre service aujourd'hui et commandez votre Ritalin en toute s\u00e9curit\u00e9 chez nous.<\/p>\n\n\t\t<\/div>\n\t<\/div>\n<div class=\"vc_btn3-container vc_btn3-center\" ><a class=\"vc_general vc_btn3 vc_btn3-size-md vc_btn3-shape-square vc_btn3-style-modern vc_btn3-color-black\" href=\"https:\/\/gblexpress.com\/fr\/boutique\/ritalin-acheter\/\" title=\"\">Acheter maintenant<\/a><\/div><\/div><\/div><\/div><\/div><\/div><\/section><section class=\"wpb_row vc_row-fluid vc_custom_1675104750211\"><div class=\"container\"><div class=\"row\"><div class=\"wpb_column vc_column_container vc_col-sm-6\"><div class=\"vc_column-inner\"><div class=\"wpb_wrapper\"  >\n\t<div class=\"wpb_text_column wpb_content_element\" >\n\t\t<div class=\"wpb_wrapper\">\n\t\t\t<h2 style=\"text-align: justify;\">Qu'est-ce que le Ritalin et comment acheter du Ritalin ?<\/h2>\n<p style=\"text-align: justify;\">Si vous \u00eates comme la plupart des gens, vous connaissez au moins une personne atteinte du trouble d\u00e9ficitaire de l'attention avec hyperactivit\u00e9 (TDAH). Le TDAH est un trouble mental qui affecte la fa\u00e7on dont une personne r\u00e9gule son attention et son comportement. Les personnes atteintes de TDAH ont souvent du mal \u00e0 se concentrer, \u00e0 se concentrer et \u00e0 contr\u00f4ler leurs impulsions. Bien qu'il n'y ait pas de rem\u00e8de unique pour le TDAH, le traitement implique g\u00e9n\u00e9ralement des m\u00e9dicaments comme le Ritalin. Tu peux <a href=\"https:\/\/en.wikipedia.org\/wiki\/Methylphenidate\" target=\"_blank\" rel=\"noopener\">Ritaline<\/a> il suffit de commander en ligne sur GBLExpress et de compter sur une livraison dans les plus brefs d\u00e9lais !<\/p>\n<h2 style=\"text-align: justify;\">Utilisation et efficacit\u00e9 du Ritalin<\/h2>\n<p style=\"text-align: justify;\">Une drogue connue sous le nom d'amph\u00e9tamines, qui comprend le Ritalin, est appel\u00e9e un stimulant de la classe des amph\u00e9tamines. Son utilisation augmente les niveaux de dopamine dans le cerveau, ce qui am\u00e9liore la concentration et la capacit\u00e9 \u00e0 rester attentif plus longtemps. Les personnes souffrant de TDAH se tournent souvent vers ce m\u00e9dicament pour un meilleur contr\u00f4le de leurs sympt\u00f4mes.<\/p>\n\n\t\t<\/div>\n\t<\/div>\n\t\t\t\n\t<!-- Element: OT Button --> \n\t\t\t<a href=\"https:\/\/gblexpress.com\/fr\/boutique\/ritalin-acheter\/\" target=\"_self\" class=\"btn btn-line-black btn-big\">Acheter maintenant<\/a>\n\t    \n<\/div><\/div><\/div><div class=\"wpb_column vc_column_container vc_col-sm-6\"><div class=\"vc_column-inner\"><div class=\"wpb_wrapper\"  >\n\t<div  class=\"wpb_single_image wpb_content_element vc_align_left\">\n\t\t\n\t\t<figure class=\"wpb_wrapper vc_figure\">\n\t\t\t<div class=\"vc_single_image-wrapper vc_box_rounded  vc_box_border_grey\"><img loading=\"lazy\" decoding=\"async\" width=\"615\" height=\"615\" src=\"https:\/\/gblexpress.com\/wp-content\/uploads\/2023\/01\/buy-ritalin-online.jpg\" class=\"vc_single_image-img attachment-full\" alt=\"Acheter du Ritalin en ligne\" srcset=\"https:\/\/gblexpress.com\/wp-content\/uploads\/2023\/01\/buy-ritalin-online.jpg 615w, https:\/\/gblexpress.com\/wp-content\/uploads\/2023\/01\/buy-ritalin-online-300x300.jpg 300w, https:\/\/gblexpress.com\/wp-content\/uploads\/2023\/01\/buy-ritalin-online-150x150.jpg 150w\" sizes=\"auto, (max-width: 615px) 100vw, 615px\" title=\"Acheter du Ritalin en ligne\" \/><\/div>\n\t\t<\/figure>\n\t<\/div>\n<\/div><\/div><\/div><\/div><\/div><\/section><section class=\"wpb_row vc_row-fluid\"><div class=\"container\"><div class=\"row\"><div class=\"wpb_column vc_column_container vc_col-sm-6\"><div class=\"vc_column-inner\"><div class=\"wpb_wrapper\"  >\n\t<div  class=\"wpb_single_image wpb_content_element vc_align_left\">\n\t\t\n\t\t<figure class=\"wpb_wrapper vc_figure\">\n\t\t\t<div class=\"vc_single_image-wrapper vc_box_rounded  vc_box_border_grey\"><img loading=\"lazy\" decoding=\"async\" width=\"615\" height=\"350\" src=\"https:\/\/gblexpress.com\/wp-content\/uploads\/2023\/01\/ritalin-tablets.jpg\" class=\"vc_single_image-img attachment-full\" alt=\"Acheter Ritalin en ligne\" srcset=\"https:\/\/gblexpress.com\/wp-content\/uploads\/2023\/01\/ritalin-tablets.jpg 615w, https:\/\/gblexpress.com\/wp-content\/uploads\/2023\/01\/ritalin-tablets-300x171.jpg 300w\" sizes=\"auto, (max-width: 615px) 100vw, 615px\" title=\"Acheter Ritalin en ligne\" \/><\/div>\n\t\t<\/figure>\n\t<\/div>\n<\/div><\/div><\/div><div class=\"wpb_column vc_column_container vc_col-sm-6\"><div class=\"vc_column-inner vc_custom_1675105084996\"><div class=\"wpb_wrapper\"  >\n\t<div class=\"wpb_text_column wpb_content_element\" >\n\t\t<div class=\"wpb_wrapper\">\n\t\t\t<h2>Dlaczego warto kupowa\u0107 u nas Ritalin online?<\/h2>\n<p style=\"text-align: justify;\">Chez GBLExpress, nous comprenons l'importance d'acheter du Ritalin 10mg, 20mg en toute s\u00e9curit\u00e9. C'est pourquoi nous proposons des prix inf\u00e9rieurs \u00e0 ceux des pharmacies traditionnelles et notre syst\u00e8me de paiement est s\u00fbr et rapide. Notre personnel de service \u00e0 la client\u00e8le est exp\u00e9riment\u00e9 et pr\u00eat \u00e0 r\u00e9pondre \u00e0 toutes vos questions sur ce m\u00e9dicament ou tout autre produit que nous vendons.<\/p>\n<p style=\"text-align: justify;\">Que vous recherchiez du Ritalin de marque ou g\u00e9n\u00e9rique, nous avons ce qu'il vous faut - en toute s\u00e9curit\u00e9. Achetez du Ritalin maintenant sans ordonnance chez GBLExpress\u00a0!<\/p>\n\n\t\t<\/div>\n\t<\/div>\n\t\t\t\n\t<!-- Element: OT Button --> \n\t\t\t<a href=\"https:\/\/gblexpress.com\/fr\/boutique\/ritalin-acheter\/\" target=\"_self\" class=\"btn btn-line-black btn-big\">Acheter maintenant<\/a>\n\t    \n<\/div><\/div><\/div><\/div><\/div><\/section><section class=\"wpb_row vc_row-fluid\"><div class=\"container\"><div class=\"row\"><div class=\"wpb_column vc_column_container vc_col-sm-12\"><div class=\"vc_column-inner\"><div class=\"wpb_wrapper\"  >\n\t<div class=\"wpb_text_column wpb_content_element\" >\n\t\t<div class=\"wpb_wrapper\">\n\t\t\t<h2 style=\"text-align: center;\">Que fait le Ritalin ?<\/h2>\n<p style=\"text-align: center;\">Le Ritalin en particulier augmente la quantit\u00e9 de dopamine dans le cerveau de deux mani\u00e8res diff\u00e9rentes : premi\u00e8rement, il inhibe la recapture de la dopamine, et deuxi\u00e8mement, il stimule la lib\u00e9ration de dopamine par les cellules. Cela signifie que plus de dopamine est disponible pour interagir avec les r\u00e9cepteurs du cerveau, ce qui aide \u00e0 augmenter la capacit\u00e9 de concentration et de maintien de l'attention pendant de plus longues p\u00e9riodes.<\/p>\n\n\t\t<\/div>\n\t<\/div>\n<\/div><\/div><\/div><\/div><\/div><\/section><section class=\"wpb_row vc_row-fluid\"><div class=\"container\"><div class=\"row\"><div class=\"wpb_column vc_column_container vc_col-sm-12\"><div class=\"vc_column-inner\"><div class=\"wpb_wrapper\"  >\n\t<div class=\"wpb_text_column wpb_content_element\" >\n\t\t<div class=\"wpb_wrapper\">\n\t\t\t<h3 style=\"text-align: justify;\">Voici comment agit le Ritalin<\/h3>\n<p style=\"text-align: justify;\">Le Ritalin agit en affectant les niveaux de certains produits chimiques dans le cerveau, en particulier la dopamine et la noradr\u00e9naline. Ces neurotransmetteurs jouent un r\u00f4le cl\u00e9 dans la r\u00e9gulation de l'attention, du comportement et du sommeil. Le Ritalin en vente augmente la concentration de ces produits chimiques dans la fente synaptique en inhibant leur recapture dans les neurones et en augmentant leur lib\u00e9ration, am\u00e9liorant ainsi la communication entre les neurones. Cette activit\u00e9 accrue des neurotransmetteurs contribue \u00e0 am\u00e9liorer la concentration, la capacit\u00e9 d\u2019attention et le contr\u00f4le des impulsions chez les personnes atteintes de TDAH et favorise la vigilance chez les personnes atteintes de narcolepsie. Chez GBL Express, nous vous aidons \u00e0 acheter du Ritalin en ligne \u00e0 des prix abordables.<\/p>\n<h3 style=\"text-align: justify;\">Dosage et administration<\/h3>\n<p style=\"text-align: justify;\">Le Ritalin est disponible dans notre boutique Ritan sous diverses formes, notamment des comprim\u00e9s \u00e0 lib\u00e9ration imm\u00e9diate et prolong\u00e9e, et le dosage est adapt\u00e9 aux besoins individuels du patient. La forme \u00e0 lib\u00e9ration imm\u00e9diate est g\u00e9n\u00e9ralement prise deux \u00e0 trois fois par jour, 30 \u00e0 45 minutes avant les repas. La forme \u00e0 lib\u00e9ration prolong\u00e9e, en revanche, est g\u00e9n\u00e9ralement prise une fois par jour le matin. Il est important de suivre les instructions du prescripteur concernant la posologie et l'administration afin de maximiser l'efficacit\u00e9 du m\u00e9dicament et de minimiser les effets secondaires possibles.<\/p>\n<h3 style=\"text-align: justify;\">Effets secondaires et pr\u00e9cautions<\/h3>\n<p style=\"text-align: justify;\">Les effets secondaires courants du Ritalin comprennent la nervosit\u00e9, les troubles du sommeil, la perte d'app\u00e9tit, la perte de poids, les \u00e9tourdissements, les naus\u00e9es, les vomissements et les maux de t\u00eate. Les effets secondaires plus graves, bien que rares, peuvent inclure des palpitations cardiaques, une augmentation de la tension art\u00e9rielle et des changements mentaux\/d'humeur tels que l'agitation, l'agressivit\u00e9 ou la d\u00e9pression. Il est important que les patients discutent de leurs ant\u00e9c\u00e9dents m\u00e9dicaux avec leur m\u00e9decin avant de commencer \u00e0 prendre du Ritalin, surtout s'ils ont des ant\u00e9c\u00e9dents de probl\u00e8mes cardiaques, de maladie mentale ou de toxicomanie.<\/p>\n<h3 style=\"text-align: justify;\">Interactions entre le Ritalin et d'autres m\u00e9dicaments<\/h3>\n<p style=\"text-align: justify;\">Le Ritalin peut interagir avec d\u2019autres m\u00e9dicaments, le rendant moins efficace ou augmentant le risque d\u2019effets secondaires graves. Les patients doivent informer leur m\u00e9decin de tous les m\u00e9dicaments sur ordonnance et en vente libre qu'ils prennent, y compris les vitamines et les suppl\u00e9ments \u00e0 base de plantes. Les interactions notables incluent certains antid\u00e9presseurs, m\u00e9dicaments contre l'hypertension et anticoagulants. L'alcool et les autres stimulants du SNC doivent \u00eatre \u00e9vit\u00e9s pendant la prise de Ritalin pour \u00e9viter une aggravation des effets secondaires.<\/p>\n<p style=\"text-align: justify;\"><em><strong>Commandez du Ritalin en ligne chez GBL Express et attendez-vous \u00e0 recevoir les produits souhait\u00e9s dans un court d\u00e9lai !<\/strong><\/em><\/p>\n\n\t\t<\/div>\n\t<\/div>\n<\/div><\/div><\/div><\/div><\/div><\/section><section class=\"wpb_row vc_row-fluid vc_custom_1675105544557\"><div class=\"container\"><div class=\"row\"><div class=\"wpb_column vc_column_container vc_col-sm-4\"><div class=\"vc_column-inner\"><div class=\"wpb_wrapper\"  >\n\t<div  class=\"wpb_single_image wpb_content_element vc_align_center\">\n\t\t\n\t\t<figure class=\"wpb_wrapper vc_figure\">\n\t\t\t<a href=\"https:\/\/gblexpress.com\/fr\/gbl\/\" target=\"_self\" class=\"vc_single_image-wrapper vc_box_rounded  vc_box_border_grey\"><img loading=\"lazy\" decoding=\"async\" width=\"615\" height=\"350\" src=\"https:\/\/gblexpress.com\/wp-content\/uploads\/2023\/01\/gbl-liquid.jpg\" class=\"vc_single_image-img attachment-full\" alt=\"Gamma-Butyrolactone GBL Acheter Online\" srcset=\"https:\/\/gblexpress.com\/wp-content\/uploads\/2023\/01\/gbl-liquid.jpg 615w, https:\/\/gblexpress.com\/wp-content\/uploads\/2023\/01\/gbl-liquid-300x171.jpg 300w\" sizes=\"auto, (max-width: 615px) 100vw, 615px\" title=\"Gamma-Butyrolactone GBL Acheter Online\" \/><\/a>\n\t\t<\/figure>\n\t<\/div>\n<h3 style=\"text-align: left\" class=\"vc_custom_heading\" ><a href=\"https:\/\/gblexpress.com\/fr\/gbl\/\">Acheter GBL Online<\/a><\/h3>\n\t<div class=\"wpb_text_column wpb_content_element\" >\n\t\t<div class=\"wpb_wrapper\">\n\t\t\t<p style=\"text-align: justify;\">GBL Express s'occupe des m\u00e9dicaments GBL depuis des d\u00e9cennies et comprend les besoins des clients du monde entier. Vous pouvez facilement acheter du GBL sans ordonnance ici.<\/p>\n\n\t\t<\/div>\n\t<\/div>\n<\/div><\/div><\/div><div class=\"wpb_column vc_column_container vc_col-sm-4\"><div class=\"vc_column-inner\"><div class=\"wpb_wrapper\"  >\n\t<div  class=\"wpb_single_image wpb_content_element vc_align_center\">\n\t\t\n\t\t<figure class=\"wpb_wrapper vc_figure\">\n\t\t\t<a href=\"https:\/\/gblexpress.com\/fr\/ghb\/\" target=\"_self\" class=\"vc_single_image-wrapper vc_box_rounded  vc_box_border_grey\"><img loading=\"lazy\" decoding=\"async\" width=\"615\" height=\"350\" src=\"https:\/\/gblexpress.com\/wp-content\/uploads\/2023\/01\/ghb-liquid.jpg\" class=\"vc_single_image-img attachment-full\" alt=\"Acheter Gamma-Hydroxybutyrate (GHB) online\" srcset=\"https:\/\/gblexpress.com\/wp-content\/uploads\/2023\/01\/ghb-liquid.jpg 615w, https:\/\/gblexpress.com\/wp-content\/uploads\/2023\/01\/ghb-liquid-300x171.jpg 300w\" sizes=\"auto, (max-width: 615px) 100vw, 615px\" title=\"Acheter Gamma-Hydroxybutyrate (GHB) online\" \/><\/a>\n\t\t<\/figure>\n\t<\/div>\n<h3 style=\"text-align: left\" class=\"vc_custom_heading\" ><a href=\"https:\/\/gblexpress.com\/fr\/ghb\/\">Acheter GBL en ligne<\/a><\/h3>\n\t<div class=\"wpb_text_column wpb_content_element\" >\n\t\t<div class=\"wpb_wrapper\">\n\t\t\t<p style=\"text-align: justify;\">Avec la disponibilit\u00e9 de notre magasin, vous n'avez pas \u00e0 vous soucier de l'endroit o\u00f9 acheter du GHB. Dans notre boutique en ligne, vous pouvez facilement acheter du GHB sans ordonnance.<\/p>\n\n\t\t<\/div>\n\t<\/div>\n<\/div><\/div><\/div><div class=\"wpb_column vc_column_container vc_col-sm-4\"><div class=\"vc_column-inner\"><div class=\"wpb_wrapper\"  >\n\t<div  class=\"wpb_single_image wpb_content_element vc_align_center\">\n\t\t\n\t\t<figure class=\"wpb_wrapper vc_figure\">\n\t\t\t<a href=\"https:\/\/gblexpress.com\/fr\/ko-gouttes\/\" target=\"_self\" class=\"vc_single_image-wrapper vc_box_rounded  vc_box_border_grey\"><img loading=\"lazy\" decoding=\"async\" width=\"615\" height=\"350\" src=\"https:\/\/gblexpress.com\/wp-content\/uploads\/2023\/01\/ko-drops.jpg\" class=\"vc_single_image-img attachment-full\" alt=\"Acheter KO Drops en ligne\" srcset=\"https:\/\/gblexpress.com\/wp-content\/uploads\/2023\/01\/ko-drops.jpg 615w, https:\/\/gblexpress.com\/wp-content\/uploads\/2023\/01\/ko-drops-300x171.jpg 300w\" sizes=\"auto, (max-width: 615px) 100vw, 615px\" title=\"Acheter KO Drops en ligne\" \/><\/a>\n\t\t<\/figure>\n\t<\/div>\n<h3 style=\"text-align: left\" class=\"vc_custom_heading\" ><a href=\"https:\/\/gblexpress.com\/fr\/ko-gouttes\/\">Acheter des gouttes KO en ligne<\/a><\/h3>\n\t<div class=\"wpb_text_column wpb_content_element\" >\n\t\t<div class=\"wpb_wrapper\">\n\t\t\t<p style=\"text-align: justify;\">Notre boutique en ligne vous aidera \u00e0 commander en ligne des gouttes KO aux meilleurs prix. Avec le soutien de notre magasin, vous n'avez pas \u00e0 vous soucier de l'endroit o\u00f9 acheter des gouttes KO.<\/p>\n\n\t\t<\/div>\n\t<\/div>\n<\/div><\/div><\/div><\/div><\/div><\/section><section class=\"wpb_row vc_row-fluid call-to-action text-light bg-color vc_custom_1675107688125\"><div class=\"container\"><div class=\"row\"><div class=\"wpb_column vc_column_container vc_col-sm-8\"><div class=\"vc_column-inner\"><div class=\"wpb_wrapper\"  ><h3 style=\"text-align: left\" class=\"vc_custom_heading mt20\" >Demandez un devis gratuit pour nos produits !<\/h3><\/div><\/div><\/div><div class=\"wpb_column vc_column_container vc_col-sm-4\"><div class=\"vc_column-inner\"><div class=\"wpb_wrapper\"  >\t\t\t\n\t<!-- Element: OT Button 2 --> \n\t<a href=\"http:\/\/gblexpress.com\/fr\/contactez-nous\/\" title=\"Demander maintenant\" target=\" _blank\" class=\"btn btn-line btn-big mt10\">Demander maintenant<\/a>\t\n<\/div><\/div><\/div><\/div><\/div><\/section>","protected":false},"excerpt":{"rendered":"ACHETER RITALINE EN LIGNE Achetez 100 % de Ritaline pure en ligne sur GBLExpress Vous souhaitez acheter de la Ritaline en ligne de mani\u00e8re s\u00fbre et s\u00e9curis\u00e9e ? GBL Express est la solution parfaite pour vous. La Ritaline est un m\u00e9dicament efficace et indispensable pour de nombreux patients souffrant de TDAH, mais elle peut \u00eatre difficile \u00e0 obtenir et co\u00fbteuse. Si tu veux acheter du Ritalin Chez GBLExpress [...]","protected":false},"author":1,"featured_media":0,"parent":0,"menu_order":0,"comment_status":"closed","ping_status":"closed","template":"page-templates\/template-fullwidth.php","meta":{"_joinchat":[],"footnotes":""},"class_list":["post-424","page","type-page","status-publish","hentry"],"yoast_head":"<!-- This site is optimized with the Yoast SEO plugin v25.4 - https:\/\/yoast.com\/wordpress\/plugins\/seo\/ -->\n<title>Ritalin Online Kaufen - Ritalin online bestellen - Ritalin tabletten<\/title>\n<meta name=\"description\" content=\"Auf der Suche nach Ritalin-Tabletten in bester Qualit\u00e4t online 10 mg, 20 mg, 30 mg? Wir sind der beste Lieferant von Ritalin. Sie k\u00f6nnen Ritalin online kaufen, Ritalin legal bestellen.\" \/>\n<meta name=\"robots\" content=\"index, follow, max-snippet:-1, max-image-preview:large, max-video-preview:-1\" \/>\n<link rel=\"canonical\" href=\"https:\/\/gblexpress.com\/fr\/ritalin\/\" \/>\n<meta property=\"og:locale\" content=\"fr_FR\" \/>\n<meta property=\"og:type\" content=\"article\" \/>\n<meta property=\"og:title\" content=\"Ritalin Online Kaufen - Ritalin online bestellen - Ritalin tabletten\" \/>\n<meta property=\"og:description\" content=\"Auf der Suche nach Ritalin-Tabletten in bester Qualit\u00e4t online 10 mg, 20 mg, 30 mg? Wir sind der beste Lieferant von Ritalin. Sie k\u00f6nnen Ritalin online kaufen, Ritalin legal bestellen.\" \/>\n<meta property=\"og:url\" content=\"https:\/\/gblexpress.com\/fr\/ritalin\/\" \/>\n<meta property=\"og:site_name\" content=\"GBL Express\" \/>\n<meta property=\"article:modified_time\" content=\"2024-06-07T10:17:46+00:00\" \/>\n<meta name=\"twitter:card\" content=\"summary_large_image\" \/>\n<meta name=\"twitter:label1\" content=\"Dur\u00e9e de lecture estim\u00e9e\" \/>\n\t<meta name=\"twitter:data1\" content=\"5 minutes\" \/>\n<!-- \/ Yoast SEO plugin. -->","yoast_head_json":{"title":"Acheter Ritalin en ligne - Commander Ritalin en ligne - Ritalin comprim\u00e9s","description":"Vous recherchez la meilleure qualit\u00e9 de comprim\u00e9s de Ritaline en ligne 10 mg, 20 mg, 30 mg ? Nous sommes le meilleur fournisseur de Ritalin. Vous pouvez acheter du Ritalin en ligne, commander du Ritalin l\u00e9galement.","robots":{"index":"index","follow":"follow","max-snippet":"max-snippet:-1","max-image-preview":"max-image-preview:large","max-video-preview":"max-video-preview:-1"},"canonical":"https:\/\/gblexpress.com\/fr\/ritalin\/","og_locale":"fr_FR","og_type":"article","og_title":"Ritalin Online Kaufen - Ritalin online bestellen - Ritalin tabletten","og_description":"Auf der Suche nach Ritalin-Tabletten in bester Qualit\u00e4t online 10 mg, 20 mg, 30 mg? Wir sind der beste Lieferant von Ritalin. Sie k\u00f6nnen Ritalin online kaufen, Ritalin legal bestellen.","og_url":"https:\/\/gblexpress.com\/fr\/ritalin\/","og_site_name":"GBL Express","article_modified_time":"2024-06-07T10:17:46+00:00","twitter_card":"summary_large_image","twitter_misc":{"Dur\u00e9e de lecture estim\u00e9e":"5 minutes"},"schema":{"@context":"https:\/\/schema.org","@graph":[{"@type":"WebPage","@id":"https:\/\/gblexpress.com\/ritalin\/","url":"https:\/\/gblexpress.com\/ritalin\/","name":"Acheter Ritalin en ligne - Commander Ritalin en ligne - Ritalin comprim\u00e9s","isPartOf":{"@id":"https:\/\/gblexpress.com\/#website"},"datePublished":"2023-01-31T09:04:08+00:00","dateModified":"2024-06-07T10:17:46+00:00","description":"Vous recherchez la meilleure qualit\u00e9 de comprim\u00e9s de Ritaline en ligne 10 mg, 20 mg, 30 mg ? Nous sommes le meilleur fournisseur de Ritalin. Vous pouvez acheter du Ritalin en ligne, commander du Ritalin l\u00e9galement.","breadcrumb":{"@id":"https:\/\/gblexpress.com\/ritalin\/#breadcrumb"},"inLanguage":"fr-FR","potentialAction":[{"@type":"ReadAction","target":["https:\/\/gblexpress.com\/ritalin\/"]}]},{"@type":"BreadcrumbList","@id":"https:\/\/gblexpress.com\/ritalin\/#breadcrumb","itemListElement":[{"@type":"ListItem","position":1,"name":"Home","item":"https:\/\/gblexpress.com\/"},{"@type":"ListItem","position":2,"name":"Ritalin Online Kaufen"}]},{"@type":"WebSite","@id":"https:\/\/gblexpress.com\/#website","url":"https:\/\/gblexpress.com\/","name":"GBL Express","description":"","publisher":{"@id":"https:\/\/gblexpress.com\/#organization"},"potentialAction":[{"@type":"SearchAction","target":{"@type":"EntryPoint","urlTemplate":"https:\/\/gblexpress.com\/?s={search_term_string}"},"query-input":{"@type":"PropertyValueSpecification","valueRequired":true,"valueName":"search_term_string"}}],"inLanguage":"fr-FR"},{"@type":"Organization","@id":"https:\/\/gblexpress.com\/#organization","name":"GBL Express","url":"https:\/\/gblexpress.com\/","logo":{"@type":"ImageObject","inLanguage":"fr-FR","@id":"https:\/\/gblexpress.com\/#\/schema\/logo\/image\/","url":"https:\/\/gblexpress.com\/wp-content\/uploads\/2023\/01\/logo.png","contentUrl":"https:\/\/gblexpress.com\/wp-content\/uploads\/2023\/01\/logo.png","width":250,"height":52,"caption":"GBL Express"},"image":{"@id":"https:\/\/gblexpress.com\/#\/schema\/logo\/image\/"}}]}},"jetpack-related-posts":[],"jetpack_sharing_enabled":true,"_links":{"self":[{"href":"https:\/\/gblexpress.com\/fr\/wp-json\/wp\/v2\/pages\/424","targetHints":{"allow":["GET"]}}],"collection":[{"href":"https:\/\/gblexpress.com\/fr\/wp-json\/wp\/v2\/pages"}],"about":[{"href":"https:\/\/gblexpress.com\/fr\/wp-json\/wp\/v2\/types\/page"}],"author":[{"embeddable":true,"href":"https:\/\/gblexpress.com\/fr\/wp-json\/wp\/v2\/users\/1"}],"replies":[{"embeddable":true,"href":"https:\/\/gblexpress.com\/fr\/wp-json\/wp\/v2\/comments?post=424"}],"version-history":[{"count":9,"href":"https:\/\/gblexpress.com\/fr\/wp-json\/wp\/v2\/pages\/424\/revisions"}],"predecessor-version":[{"id":1055,"href":"https:\/\/gblexpress.com\/fr\/wp-json\/wp\/v2\/pages\/424\/revisions\/1055"}],"wp:attachment":[{"href":"https:\/\/gblexpress.com\/fr\/wp-json\/wp\/v2\/media?parent=424"}],"curies":[{"name":"wp","href":"https:\/\/api.w.org\/{rel}","templated":true}]}}