{"id":1239,"date":"2024-11-26T05:39:52","date_gmt":"2024-11-26T05:39:52","guid":{"rendered":"https:\/\/gblexpress.com\/?post_type=product&#038;p=1239"},"modified":"2026-02-28T09:26:03","modified_gmt":"2026-02-28T09:26:03","slug":"metamfetamina","status":"publish","type":"product","link":"https:\/\/gblexpress.com\/fr\/produit-2\/metamfetamina\/","title":{"rendered":"Metamfetamina"},"content":{"rendered":"<h2><strong>Metamfetamin Online kaufen: Alles \u00fcber Wirkung, Dosierung und sicheren\u00a0<\/strong><\/h2>\n<p><a href=\"https:\/\/gblexpress.com\/fr\/produit-2\/metamfetamina\/\"><strong>M\u00e9tamf\u00e9tamine<\/strong><\/a>La m\u00e9thamph\u00e9tamine, \u00e9galement connue sous le nom de crystal meth, est une substance stimulante puissante, connue pour ses effets \u00e9nerg\u00e9tiques et euphorisants intenses. De nombreuses personnes recherchent sp\u00e9cifiquement <a href=\"https:\/\/fr.wikipedia.org\/wiki\/Ktamine\"><strong>Cristaux de m\u00e9tamf\u00e9tamine<\/strong><\/a> ou <strong>Poudre de m\u00e9tamf\u00e9tamine<\/strong>pour faire l'exp\u00e9rience d'une \u00e9nergie durable et d'une vigilance accrue. Si vous <strong>Acheter de la m\u00e9tamph\u00e9tamine<\/strong>Il est essentiel de conna\u00eetre les effets, le dosage et les mesures de s\u00e9curit\u00e9.<a href=\"https:\/\/gblexprimer.com\/product\/lsd-kwas\/\">.<\/a><\/p>\n<h3><strong>Qu'est-ce que la m\u00e9tamf\u00e9tamine ?<\/strong><\/h3>\n<p>La m\u00e9tamf\u00e9tamine est un compos\u00e9 chimique qui agit sur le syst\u00e8me nerveux central. Elle est souvent propos\u00e9e sous les formes suivantes :<\/p>\n<ul>\n<li><strong>Cristaux de m\u00e9tamf\u00e9tamine :<\/strong> Forme tr\u00e8s pure, connue pour son effet puissant et durable<a href=\"https:\/\/gblexpress.com\/fr\/boutique\/gbl-acheter-en-ligne-butyrolactone-acheter\/\">.<\/a><\/li>\n<li><strong>Poudre de m\u00e9tamf\u00e9tamine :<\/strong> Dosage flexible et utilisation simple.<\/li>\n<\/ul>\n<p>Cette substance est souvent appr\u00e9ci\u00e9e pour ses propri\u00e9t\u00e9s stimulantes, mais aussi pour sa capacit\u00e9 \u00e0 augmenter la vigilance et les performances physiques.<\/p>\n<h3><strong>Effets de la m\u00e9tamf\u00e9tamine<\/strong><\/h3>\n<p>Le site <strong>Effet de la m\u00e9tamf\u00e9tamine<\/strong> survient typiquement dans les minutes qui suivent l'ingestion (plus rapidement en cas d'inhalation ou d'injection) et peut durer jusqu'\u00e0 12 heures. Les effets les plus fr\u00e9quents sont les suivants<\/p>\n<ul>\n<li><strong>Une \u00e9nergie extr\u00eame :<\/strong> Sensation de performances physiques et mentales accrues.<\/li>\n<li><strong>Euphorie :<\/strong> Une sensation d'euphorie intense qui dure longtemps.<\/li>\n<li><strong>Focalisation et vigilance :<\/strong> Am\u00e9lioration de la concentration et de l'attention.<\/li>\n<li><strong>Suppression de la fatigue :<\/strong> Id\u00e9al pour les p\u00e9riodes d'\u00e9veil ou d'activit\u00e9 prolong\u00e9es.<\/li>\n<\/ul>\n<h3><strong>Dosage de la m\u00e9tamf\u00e9tamine<\/strong><\/h3>\n<p>La bonne <strong>Dosage de la m\u00e9tamf\u00e9tamine<\/strong> varie en fonction de l'exp\u00e9rience et de la m\u00e9thode d'application :<\/p>\n<ul>\n<li><strong>D\u00e9butant :<\/strong> 5-10 mg<\/li>\n<li><strong>Utilisateurs exp\u00e9riment\u00e9s :<\/strong> 10-25 mg<\/li>\n<li><strong>Dosage \u00e9lev\u00e9 :<\/strong> A partir de 25 mg (uniquement pour les utilisateurs tr\u00e8s exp\u00e9riment\u00e9s, car le risque d'effets secondaires augmente).<\/li>\n<\/ul>\n<p>Il est important d'effectuer la prise de mani\u00e8re contr\u00f4l\u00e9e et de ne pas surdoser afin d'\u00e9viter les effets secondaires ind\u00e9sirables.<\/p>\n<h3><strong>Risques et s\u00e9curit\u00e9<\/strong><\/h3>\n<p>La m\u00e9tamf\u00e9tamine est une substance puissante qui doit \u00eatre consomm\u00e9e avec pr\u00e9caution. Les effets secondaires possibles sont<\/p>\n<ul>\n<li><strong>Effets secondaires \u00e0 court terme :<\/strong> Tachycardie, augmentation de la pression art\u00e9rielle, perte d'app\u00e9tit.<\/li>\n<li><strong>Risques \u00e0 long terme :<\/strong> D\u00e9pendance, troubles du sommeil, nervosit\u00e9 ou stress psychologique.<\/li>\n<\/ul>\n<p>Un lieu de consommation s\u00fbr et une hydratation suffisante sont essentiels pour minimiser les effets n\u00e9gatifs.<\/p>\n<h3><strong>Acheter de la m\u00e9tamph\u00e9tamine en ligne en toute s\u00e9curit\u00e9<\/strong><\/h3>\n<p>Sur le site <strong>Acheter de la m\u00e9tamph\u00e9tamine en ligne<\/strong> vous devez veiller \u00e0 ce que la source soit s\u00e9rieuse et garantisse qualit\u00e9 et discr\u00e9tion. Notre plateforme offre :<\/p>\n<ul>\n<li><strong>Livraison discr\u00e8te :<\/strong> Anonyme et emball\u00e9 en toute s\u00e9curit\u00e9.<\/li>\n<li><strong>Puret\u00e9 contr\u00f4l\u00e9e :<\/strong> Des produits de la plus haute qualit\u00e9 avec des indications de dosage claires.<\/li>\n<li><strong>Commande facile :<\/strong> Acheter rapidement et facilement des cristaux ou de la poudre de m\u00e9tamf\u00e9tamine.<\/li>\n<\/ul>\n<h3><strong>Acheter de la m\u00e9tamph\u00e9tamine maintenant<\/strong><\/h3>\n<p>D\u00e9couvrez les effets intenses de <strong>M\u00e9tamf\u00e9tamine<\/strong>. Que vous pr\u00e9f\u00e9riez les cristaux ou la poudre, vous pouvez commander en ligne chez nous en toute s\u00e9curit\u00e9 et en toute discr\u00e9tion. D\u00e9couvrez un produit connu pour son \u00e9nergie extr\u00eame, son euphorie et sa vigilance. <strong>Commandez la m\u00e9tamph\u00e9tamine en ligne d\u00e8s aujourd'hui et vivez une exp\u00e9rience unique.<\/strong><\/p>","protected":false},"excerpt":{"rendered":"<p><strong>M\u00e9tamf\u00e9tamine<\/strong>\u00e9galement connu sous le nom de <strong>M\u00e9thamph\u00e9tamine<\/strong>est un puissant stimulant du syst\u00e8me nerveux central (SNC) de la classe des ph\u00e9n\u00e9thylamines. Connu pour sa capacit\u00e9 \u00e0 augmenter l'\u00e9nergie et la concentration, il est <strong>M\u00e9tamf\u00e9tamine<\/strong> un sujet de recherche important en neurosciences et en pharmacologie, notamment pour l'\u00e9tude des neurotransmetteurs dopamine et noradr\u00e9naline.<\/p>\n<p><strong>Comment fonctionne la m\u00e9tamf\u00e9tamine ?<\/strong><br \/>\n<strong>M\u00e9tamf\u00e9tamine<\/strong> augmente la lib\u00e9ration de <strong>Dopamine<\/strong>, <strong>Noradr\u00e9naline<\/strong> et <strong>S\u00e9rotonine<\/strong> dans le cerveau, tout en inhibant leur recapture. Il en r\u00e9sulte une activit\u00e9 neuronale intense, une vigilance accrue et une euphorie.<\/p>\n<ul>\n<li><strong>effets :<\/strong> Augmentation de l'\u00e9nergie, de la concentration, de l'euphorie et de la vigilance.<\/li>\n<li><strong>D\u00e9but de l'effet :<\/strong> 10 \u00e0 30 minutes apr\u00e8s l'ingestion.<\/li>\n<li><strong>Dur\u00e9e de l'effet :<\/strong> 6-12 heures, en fonction du dosage et des facteurs individuels.<\/li>\n<\/ul>\n<p><strong>Formule et propri\u00e9t\u00e9s<\/strong><\/p>\n<ul>\n<li><strong>Nom chimique :<\/strong> N-m\u00e9thyl-1-ph\u00e9nylpropane-2-amine<\/li>\n<li><strong>Formule mol\u00e9culaire :<\/strong> C10H15N<\/li>\n<li><strong>Poids mol\u00e9culaire :<\/strong> 149,24 g\/mol<\/li>\n<\/ul>","protected":false},"featured_media":1625,"comment_status":"open","ping_status":"closed","template":"","meta":{"_joinchat":[]},"product_brand":[],"product_cat":[246],"product_tag":[621,619,631,623,633,646,628,630,641,629,645,636,625,626,624,637,635,634,638,639,640,632,620,642,622,627,643,644],"class_list":{"0":"post-1239","1":"product","2":"type-product","3":"status-publish","4":"has-post-thumbnail","6":"product_cat-sex-meth","7":"product_tag-metamfetamina","8":"product_tag-metamphetamin","9":"product_tag-metamphetamin-anwendung","10":"product_tag-metamphetamin-bestellen","11":"product_tag-metamphetamin-dosierung","12":"product_tag-metamphetamin-fuer-apotheken","13":"product_tag-metamphetamin-fuer-forschung","14":"product_tag-metamphetamin-fuer-labore","15":"product_tag-metamphetamin-fuer-wissenschaftliche-studien","16":"product_tag-metamphetamin-grosshandel","17":"product_tag-metamphetamin-in-deutschland-kaufen","18":"product_tag-metamphetamin-lagerung","19":"product_tag-metamphetamin-lieferant","20":"product_tag-metamphetamin-online-kaufen","21":"product_tag-metamphetamin-preis","22":"product_tag-metamphetamin-reinheit","23":"product_tag-metamphetamin-risiken","24":"product_tag-metamphetamin-sicherheitsrichtlinien","25":"product_tag-metamphetamin-testsubstanzen","26":"product_tag-metamphetamin-vertrieb","27":"product_tag-metamphetamin-weltweit-bestellen","28":"product_tag-metamphetamin-wirkung","29":"product_tag-methamphetamin","30":"product_tag-methamphetamin-chemikalien","31":"product_tag-methamphetamin-kaufen","32":"product_tag-methamphetamin-legal-kaufen","33":"product_tag-methamphetamin-pulver-kaufen","34":"product_tag-wo-metamphetamin-kaufen","36":"first","37":"instock","38":"shipping-taxable","39":"purchasable","40":"product-type-variable"},"yoast_head":"<!-- This site is optimized with the Yoast SEO plugin v25.4 - https:\/\/yoast.com\/wordpress\/plugins\/seo\/ -->\n<title>Methamphetamin online kaufen \u2013 Methamphetamin zu verkaufen<\/title>\n<meta name=\"description\" content=\"Wenn Sie sich f\u00fcr Metamfetamin begeistern, ist unser Shop der beste Ort, um Metamfetamin online zu kaufen. Hier erhalten Sie Metamfetamin zum besten Preis. Bestellen Sie jetzt und erhalten Sie es in K\u00fcrze!\" \/>\n<meta name=\"robots\" content=\"index, follow, max-snippet:-1, max-image-preview:large, max-video-preview:-1\" \/>\n<link rel=\"canonical\" href=\"https:\/\/gblexpress.com\/fr\/produit-2\/metamfetamina\/\" \/>\n<meta property=\"og:locale\" content=\"fr_FR\" \/>\n<meta property=\"og:type\" content=\"article\" \/>\n<meta property=\"og:title\" content=\"Methamphetamin online kaufen \u2013 Methamphetamin zu verkaufen\" \/>\n<meta property=\"og:description\" content=\"Wenn Sie sich f\u00fcr Metamfetamin begeistern, ist unser Shop der beste Ort, um Metamfetamin online zu kaufen. Hier erhalten Sie Metamfetamin zum besten Preis. Bestellen Sie jetzt und erhalten Sie es in K\u00fcrze!\" \/>\n<meta property=\"og:url\" content=\"https:\/\/gblexpress.com\/fr\/produit-2\/metamfetamina\/\" \/>\n<meta property=\"og:site_name\" content=\"GBL Express\" \/>\n<meta property=\"article:modified_time\" content=\"2026-02-28T09:26:03+00:00\" \/>\n<meta property=\"og:image\" content=\"https:\/\/gblexpress.com\/wp-content\/uploads\/2024\/11\/Metamfetamina.jpg\" \/>\n\t<meta property=\"og:image:width\" content=\"600\" \/>\n\t<meta property=\"og:image:height\" content=\"600\" \/>\n\t<meta property=\"og:image:type\" content=\"image\/jpeg\" \/>\n<meta name=\"twitter:card\" content=\"summary_large_image\" \/>\n<meta name=\"twitter:label1\" content=\"Dur\u00e9e de lecture estim\u00e9e\" \/>\n\t<meta name=\"twitter:data1\" content=\"2 minutes\" \/>\n<!-- \/ Yoast SEO plugin. -->","yoast_head_json":{"title":"Acheter de la m\u00e9thamph\u00e9tamine en ligne \u2013 Vente de m\u00e9thamph\u00e9tamine","description":"Si vous \u00eates passionn\u00e9 par la m\u00e9tamf\u00e9tamine, notre boutique est le meilleur endroit pour acheter de la m\u00e9tamf\u00e9tamine en ligne. Ici, vous pouvez obtenir de la m\u00e9tamph\u00e9tamine au meilleur prix. Commandez maintenant et recevez-le bient\u00f4t !","robots":{"index":"index","follow":"follow","max-snippet":"max-snippet:-1","max-image-preview":"max-image-preview:large","max-video-preview":"max-video-preview:-1"},"canonical":"https:\/\/gblexpress.com\/fr\/produit-2\/metamfetamina\/","og_locale":"fr_FR","og_type":"article","og_title":"Methamphetamin online kaufen \u2013 Methamphetamin zu verkaufen","og_description":"Wenn Sie sich f\u00fcr Metamfetamin begeistern, ist unser Shop der beste Ort, um Metamfetamin online zu kaufen. Hier erhalten Sie Metamfetamin zum besten Preis. Bestellen Sie jetzt und erhalten Sie es in K\u00fcrze!","og_url":"https:\/\/gblexpress.com\/fr\/produit-2\/metamfetamina\/","og_site_name":"GBL Express","article_modified_time":"2026-02-28T09:26:03+00:00","og_image":[{"width":600,"height":600,"url":"https:\/\/gblexpress.com\/wp-content\/uploads\/2024\/11\/Metamfetamina.jpg","type":"image\/jpeg"}],"twitter_card":"summary_large_image","twitter_misc":{"Dur\u00e9e de lecture estim\u00e9e":"2 minutes"},"schema":{"@context":"https:\/\/schema.org","@graph":[{"@type":"WebPage","@id":"https:\/\/gblexpress.com\/product\/metamfetamina\/","url":"https:\/\/gblexpress.com\/product\/metamfetamina\/","name":"Acheter de la m\u00e9thamph\u00e9tamine en ligne \u2013 Vente de m\u00e9thamph\u00e9tamine","isPartOf":{"@id":"https:\/\/gblexpress.com\/#website"},"primaryImageOfPage":{"@id":"https:\/\/gblexpress.com\/product\/metamfetamina\/#primaryimage"},"image":{"@id":"https:\/\/gblexpress.com\/product\/metamfetamina\/#primaryimage"},"thumbnailUrl":"https:\/\/gblexpress.com\/wp-content\/uploads\/2024\/11\/Metamfetamina.jpg","datePublished":"2024-11-26T05:39:52+00:00","dateModified":"2026-02-28T09:26:03+00:00","description":"Si vous \u00eates passionn\u00e9 par la m\u00e9tamf\u00e9tamine, notre boutique est le meilleur endroit pour acheter de la m\u00e9tamf\u00e9tamine en ligne. Ici, vous pouvez obtenir de la m\u00e9tamph\u00e9tamine au meilleur prix. Commandez maintenant et recevez-le bient\u00f4t !","breadcrumb":{"@id":"https:\/\/gblexpress.com\/product\/metamfetamina\/#breadcrumb"},"inLanguage":"fr-FR","potentialAction":[{"@type":"ReadAction","target":["https:\/\/gblexpress.com\/product\/metamfetamina\/"]}]},{"@type":"ImageObject","inLanguage":"fr-FR","@id":"https:\/\/gblexpress.com\/product\/metamfetamina\/#primaryimage","url":"https:\/\/gblexpress.com\/wp-content\/uploads\/2024\/11\/Metamfetamina.jpg","contentUrl":"https:\/\/gblexpress.com\/wp-content\/uploads\/2024\/11\/Metamfetamina.jpg","width":600,"height":600,"caption":"Metamfetamina online kaufen"},{"@type":"BreadcrumbList","@id":"https:\/\/gblexpress.com\/product\/metamfetamina\/#breadcrumb","itemListElement":[{"@type":"ListItem","position":1,"name":"Home","item":"https:\/\/gblexpress.com\/"},{"@type":"ListItem","position":2,"name":"Shop","item":"https:\/\/gblexpress.com\/shop\/"},{"@type":"ListItem","position":3,"name":"Metamfetamina"}]},{"@type":"WebSite","@id":"https:\/\/gblexpress.com\/#website","url":"https:\/\/gblexpress.com\/","name":"GBL Express","description":"","publisher":{"@id":"https:\/\/gblexpress.com\/#organization"},"potentialAction":[{"@type":"SearchAction","target":{"@type":"EntryPoint","urlTemplate":"https:\/\/gblexpress.com\/?s={search_term_string}"},"query-input":{"@type":"PropertyValueSpecification","valueRequired":true,"valueName":"search_term_string"}}],"inLanguage":"fr-FR"},{"@type":"Organization","@id":"https:\/\/gblexpress.com\/#organization","name":"GBL Express","url":"https:\/\/gblexpress.com\/","logo":{"@type":"ImageObject","inLanguage":"fr-FR","@id":"https:\/\/gblexpress.com\/#\/schema\/logo\/image\/","url":"https:\/\/gblexpress.com\/wp-content\/uploads\/2023\/01\/logo.png","contentUrl":"https:\/\/gblexpress.com\/wp-content\/uploads\/2023\/01\/logo.png","width":250,"height":52,"caption":"GBL Express"},"image":{"@id":"https:\/\/gblexpress.com\/#\/schema\/logo\/image\/"}}]}},"jetpack-related-posts":[],"jetpack_sharing_enabled":true,"_links":{"self":[{"href":"https:\/\/gblexpress.com\/fr\/wp-json\/wp\/v2\/product\/1239","targetHints":{"allow":["GET"]}}],"collection":[{"href":"https:\/\/gblexpress.com\/fr\/wp-json\/wp\/v2\/product"}],"about":[{"href":"https:\/\/gblexpress.com\/fr\/wp-json\/wp\/v2\/types\/product"}],"replies":[{"embeddable":true,"href":"https:\/\/gblexpress.com\/fr\/wp-json\/wp\/v2\/comments?post=1239"}],"wp:featuredmedia":[{"embeddable":true,"href":"https:\/\/gblexpress.com\/fr\/wp-json\/wp\/v2\/media\/1625"}],"wp:attachment":[{"href":"https:\/\/gblexpress.com\/fr\/wp-json\/wp\/v2\/media?parent=1239"}],"wp:term":[{"taxonomy":"product_brand","embeddable":true,"href":"https:\/\/gblexpress.com\/fr\/wp-json\/wp\/v2\/product_brand?post=1239"},{"taxonomy":"product_cat","embeddable":true,"href":"https:\/\/gblexpress.com\/fr\/wp-json\/wp\/v2\/product_cat?post=1239"},{"taxonomy":"product_tag","embeddable":true,"href":"https:\/\/gblexpress.com\/fr\/wp-json\/wp\/v2\/product_tag?post=1239"}],"curies":[{"name":"wp","href":"https:\/\/api.w.org\/{rel}","templated":true}]}}