{"id":1242,"date":"2024-11-26T05:40:05","date_gmt":"2024-11-26T05:40:05","guid":{"rendered":"https:\/\/gblexpress.com\/?post_type=product&#038;p=1242"},"modified":"2025-03-27T07:14:37","modified_gmt":"2025-03-27T07:14:37","slug":"alcool","status":"publish","type":"product","link":"https:\/\/gblexpress.com\/fr\/produit-2\/alcool\/","title":{"rendered":"Alcool"},"content":{"rendered":"","protected":false},"excerpt":{"rendered":"","protected":false},"featured_media":1291,"comment_status":"open","ping_status":"closed","template":"","meta":{"_joinchat":[]},"product_brand":[],"product_cat":[246],"product_tag":[],"class_list":{"0":"post-1242","1":"product","2":"type-product","3":"status-publish","4":"has-post-thumbnail","6":"product_cat-sex-meth","8":"first","9":"instock","10":"shipping-taxable","11":"product-type-simple"},"yoast_head":"<!-- This site is optimized with the Yoast SEO plugin v25.4 - https:\/\/yoast.com\/wordpress\/plugins\/seo\/ -->\n<title>Alkohol online kaufen - Alkohol zum Verkauf<\/title>\n<meta name=\"description\" content=\"Wenn Sie Alkohol kaufen m\u00f6chten, sind Sie bei uns genau richtig. Unsere Mitarbeiter helfen Ihnen gerne, Alkohol g\u00fcnstig online zu kaufen. Bestellen Sie bei uns!\" \/>\n<meta name=\"robots\" content=\"index, follow, max-snippet:-1, max-image-preview:large, max-video-preview:-1\" \/>\n<link rel=\"canonical\" href=\"https:\/\/gblexpress.com\/fr\/produit-2\/alcool\/\" \/>\n<meta property=\"og:locale\" content=\"fr_FR\" \/>\n<meta property=\"og:type\" content=\"article\" \/>\n<meta property=\"og:title\" content=\"Alkohol online kaufen - Alkohol zum Verkauf\" \/>\n<meta property=\"og:description\" content=\"Wenn Sie Alkohol kaufen m\u00f6chten, sind Sie bei uns genau richtig. Unsere Mitarbeiter helfen Ihnen gerne, Alkohol g\u00fcnstig online zu kaufen. Bestellen Sie bei uns!\" \/>\n<meta property=\"og:url\" content=\"https:\/\/gblexpress.com\/fr\/produit-2\/alcool\/\" \/>\n<meta property=\"og:site_name\" content=\"GBL Express\" \/>\n<meta property=\"article:modified_time\" content=\"2025-03-27T07:14:37+00:00\" \/>\n<meta property=\"og:image\" content=\"https:\/\/gblexpress.com\/wp-content\/uploads\/2024\/11\/alkohol-2.gif\" \/>\n\t<meta property=\"og:image:width\" content=\"600\" \/>\n\t<meta property=\"og:image:height\" content=\"600\" \/>\n\t<meta property=\"og:image:type\" content=\"image\/gif\" \/>\n<meta name=\"twitter:card\" content=\"summary_large_image\" \/>\n<meta name=\"twitter:label1\" content=\"Dur\u00e9e de lecture estim\u00e9e\" \/>\n\t<meta name=\"twitter:data1\" content=\"1 minute\" \/>\n<!-- \/ Yoast SEO plugin. -->","yoast_head_json":{"title":"Acheter de l'alcool en ligne - Alcool \u00e0 vendre","description":"Si vous souhaitez acheter de l'alcool, vous \u00eates au bon endroit. Notre personnel se fera un plaisir de vous aider \u00e0 acheter de l'alcool en ligne \u00e0 un prix raisonnable. Commandez chez nous !","robots":{"index":"index","follow":"follow","max-snippet":"max-snippet:-1","max-image-preview":"max-image-preview:large","max-video-preview":"max-video-preview:-1"},"canonical":"https:\/\/gblexpress.com\/fr\/produit-2\/alcool\/","og_locale":"fr_FR","og_type":"article","og_title":"Alkohol online kaufen - Alkohol zum Verkauf","og_description":"Wenn Sie Alkohol kaufen m\u00f6chten, sind Sie bei uns genau richtig. Unsere Mitarbeiter helfen Ihnen gerne, Alkohol g\u00fcnstig online zu kaufen. Bestellen Sie bei uns!","og_url":"https:\/\/gblexpress.com\/fr\/produit-2\/alcool\/","og_site_name":"GBL Express","article_modified_time":"2025-03-27T07:14:37+00:00","og_image":[{"width":600,"height":600,"url":"https:\/\/gblexpress.com\/wp-content\/uploads\/2024\/11\/alkohol-2.gif","type":"image\/gif"}],"twitter_card":"summary_large_image","twitter_misc":{"Dur\u00e9e de lecture estim\u00e9e":"1 minute"},"schema":{"@context":"https:\/\/schema.org","@graph":[{"@type":"WebPage","@id":"https:\/\/gblexpress.com\/product\/alkohol\/","url":"https:\/\/gblexpress.com\/product\/alkohol\/","name":"Acheter de l'alcool en ligne - Alcool \u00e0 vendre","isPartOf":{"@id":"https:\/\/gblexpress.com\/#website"},"primaryImageOfPage":{"@id":"https:\/\/gblexpress.com\/product\/alkohol\/#primaryimage"},"image":{"@id":"https:\/\/gblexpress.com\/product\/alkohol\/#primaryimage"},"thumbnailUrl":"https:\/\/gblexpress.com\/wp-content\/uploads\/2024\/11\/alkohol-2.gif","datePublished":"2024-11-26T05:40:05+00:00","dateModified":"2025-03-27T07:14:37+00:00","description":"Si vous souhaitez acheter de l'alcool, vous \u00eates au bon endroit. Notre personnel se fera un plaisir de vous aider \u00e0 acheter de l'alcool en ligne \u00e0 un prix raisonnable. Commandez chez nous !","breadcrumb":{"@id":"https:\/\/gblexpress.com\/product\/alkohol\/#breadcrumb"},"inLanguage":"fr-FR","potentialAction":[{"@type":"ReadAction","target":["https:\/\/gblexpress.com\/product\/alkohol\/"]}]},{"@type":"ImageObject","inLanguage":"fr-FR","@id":"https:\/\/gblexpress.com\/product\/alkohol\/#primaryimage","url":"https:\/\/gblexpress.com\/wp-content\/uploads\/2024\/11\/alkohol-2.gif","contentUrl":"https:\/\/gblexpress.com\/wp-content\/uploads\/2024\/11\/alkohol-2.gif","width":600,"height":600,"caption":"alkohol online kaufen"},{"@type":"BreadcrumbList","@id":"https:\/\/gblexpress.com\/product\/alkohol\/#breadcrumb","itemListElement":[{"@type":"ListItem","position":1,"name":"Home","item":"https:\/\/gblexpress.com\/"},{"@type":"ListItem","position":2,"name":"Shop","item":"https:\/\/gblexpress.com\/shop\/"},{"@type":"ListItem","position":3,"name":"Alkohol"}]},{"@type":"WebSite","@id":"https:\/\/gblexpress.com\/#website","url":"https:\/\/gblexpress.com\/","name":"GBL Express","description":"","publisher":{"@id":"https:\/\/gblexpress.com\/#organization"},"potentialAction":[{"@type":"SearchAction","target":{"@type":"EntryPoint","urlTemplate":"https:\/\/gblexpress.com\/?s={search_term_string}"},"query-input":{"@type":"PropertyValueSpecification","valueRequired":true,"valueName":"search_term_string"}}],"inLanguage":"fr-FR"},{"@type":"Organization","@id":"https:\/\/gblexpress.com\/#organization","name":"GBL Express","url":"https:\/\/gblexpress.com\/","logo":{"@type":"ImageObject","inLanguage":"fr-FR","@id":"https:\/\/gblexpress.com\/#\/schema\/logo\/image\/","url":"https:\/\/gblexpress.com\/wp-content\/uploads\/2023\/01\/logo.png","contentUrl":"https:\/\/gblexpress.com\/wp-content\/uploads\/2023\/01\/logo.png","width":250,"height":52,"caption":"GBL Express"},"image":{"@id":"https:\/\/gblexpress.com\/#\/schema\/logo\/image\/"}}]}},"jetpack-related-posts":[],"jetpack_sharing_enabled":true,"_links":{"self":[{"href":"https:\/\/gblexpress.com\/fr\/wp-json\/wp\/v2\/product\/1242","targetHints":{"allow":["GET"]}}],"collection":[{"href":"https:\/\/gblexpress.com\/fr\/wp-json\/wp\/v2\/product"}],"about":[{"href":"https:\/\/gblexpress.com\/fr\/wp-json\/wp\/v2\/types\/product"}],"replies":[{"embeddable":true,"href":"https:\/\/gblexpress.com\/fr\/wp-json\/wp\/v2\/comments?post=1242"}],"wp:featuredmedia":[{"embeddable":true,"href":"https:\/\/gblexpress.com\/fr\/wp-json\/wp\/v2\/media\/1291"}],"wp:attachment":[{"href":"https:\/\/gblexpress.com\/fr\/wp-json\/wp\/v2\/media?parent=1242"}],"wp:term":[{"taxonomy":"product_brand","embeddable":true,"href":"https:\/\/gblexpress.com\/fr\/wp-json\/wp\/v2\/product_brand?post=1242"},{"taxonomy":"product_cat","embeddable":true,"href":"https:\/\/gblexpress.com\/fr\/wp-json\/wp\/v2\/product_cat?post=1242"},{"taxonomy":"product_tag","embeddable":true,"href":"https:\/\/gblexpress.com\/fr\/wp-json\/wp\/v2\/product_tag?post=1242"}],"curies":[{"name":"wp","href":"https:\/\/api.w.org\/{rel}","templated":true}]}}