{"id":1257,"date":"2024-11-26T07:54:53","date_gmt":"2024-11-26T07:54:53","guid":{"rendered":"https:\/\/gblexpress.com\/?post_type=product&#038;p=1257"},"modified":"2026-02-27T10:30:24","modified_gmt":"2026-02-27T10:30:24","slug":"mdma-ekstaza","status":"publish","type":"product","link":"https:\/\/gblexpress.com\/fr\/produit-2\/mdma-ekstaza\/","title":{"rendered":"MDMA (Ekstaza)"},"content":{"rendered":"<h2><strong>Acheter du LSD (kvas) : Informations sur les effets, l'utilisation et l'achat en toute s\u00e9curit\u00e9<\/strong><\/h2>\n<p><a href=\"https:\/\/gblexprimer.com\/product\/mdma-ekstaza\/\"><strong>LSD (kvas)<\/strong><\/a>L'acide lysergique, \u00e9galement connu sous le nom de di\u00e9thylamide, est une substance psych\u00e9d\u00e9lique connue pour ses effets intenses de modification de l'\u00e9tat de conscience. Si vous <a href=\"https:\/\/en.wikipedia.org\/wiki\/MDMA\"><strong>Acheter du LSD (kvas)<\/strong><\/a>Il est important de conna\u00eetre l'utilisation correcte, les effets et les mesures de s\u00e9curit\u00e9 afin d'exploiter pleinement le potentiel de cette substance unique.<a href=\"https:\/\/gblexpress.com\/fr\/boutique\/heroina\/\">.<\/a><\/p>\n<h3><strong>Qu'est-ce que le LSD (kvas) ?<\/strong><\/h3>\n<p>Le LSD est une substance semi-synth\u00e9tique obtenue \u00e0 partir de l'acide lysergique. Il est souvent consomm\u00e9 en petites quantit\u00e9s et est connu pour sa capacit\u00e9 \u00e0 modifier les perceptions, les \u00e9motions et les sch\u00e9mas de pens\u00e9e. Le LSD se pr\u00e9sente sous diff\u00e9rentes formes, notamment<\/p>\n<ul>\n<li><strong>Gouttes de LSD :<\/strong> Forme liquide qui peut \u00eatre dos\u00e9e avec pr\u00e9cision.<\/li>\n<li><strong>Des mannequins sous LSD :<\/strong> Bandes de papier impr\u00e9gn\u00e9es avec dosage standardis\u00e9.<\/li>\n<li><strong>Capsules ou comprim\u00e9s de LSD :<\/strong> Forme confortable pour des applications discr\u00e8tes.<\/li>\n<\/ul>\n<h3><strong>Avantages du LSD (kvas)<\/strong><\/h3>\n<p><strong>1. l'\u00e9largissement de la conscience et la cr\u00e9ativit\u00e9<\/strong><br \/>\nLe LSD est connu pour sa capacit\u00e9 \u00e0 modifier la perception et \u00e0 permettre une compr\u00e9hension plus profonde des pens\u00e9es et des sentiments. Il est souvent utilis\u00e9 par les artistes et les cr\u00e9ateurs pour explorer de nouvelles id\u00e9es.<\/p>\n<p><strong>2. possibilit\u00e9s th\u00e9rapeutiques<\/strong><br \/>\nLe LSD est \u00e9tudi\u00e9 dans le cadre de la recherche pour son utilisation potentielle dans le traitement de la d\u00e9pression, de l'anxi\u00e9t\u00e9 et du stress post-traumatique (PTSD). De nombreux utilisateurs font \u00e9tat d'une am\u00e9lioration de la gestion des \u00e9motions apr\u00e8s une utilisation contr\u00f4l\u00e9e.<\/p>\n<p><strong>3. d\u00e9veloppement personnel<\/strong><br \/>\nBeaucoup de gens utilisent <a href=\"https:\/\/www.bing.com\/search?q=Heroinonlinekaufen&amp;qs=n&amp;form=QBRE&amp;sp=-1&amp;lq=0&amp;pq=heroinonlinekaufen&amp;sc=0-20&amp;sk=&amp;cvid=F6823772BC774DBC94E09229BF2C64B2&amp;ghsh=0&amp;ghacc=0&amp;ghpl=\">LSD (kvas)<\/a>Les personnes qui ont \u00e9t\u00e9 victimes d'abus sexuels dans le cadre de leur travail ont \u00e9t\u00e9 invit\u00e9es \u00e0 se joindre \u00e0 nous pour \u00e9largir leurs perspectives, acqu\u00e9rir une vision personnelle et une compr\u00e9hension plus profonde de leur existence.<\/p>\n<h3><strong>Utilisation du LSD (kwas)<\/strong><\/h3>\n<ul>\n<li><strong>Dosage :<\/strong> Le dosage appropri\u00e9 d\u00e9pend de l'exp\u00e9rience individuelle et des objectifs de l'utilisateur. De faibles dosages sont recommand\u00e9s pour les d\u00e9butants.<\/li>\n<li><strong>Forme de consommation :<\/strong> Le LSD peut \u00eatre pris sous forme de gouttes, de cartons ou de capsules.<\/li>\n<li><strong>effets :<\/strong> Les effets se manifestent g\u00e9n\u00e9ralement dans les 20 \u00e0 60 minutes et peuvent durer jusqu'\u00e0 12 heures. Les effets les plus courants sont des distorsions visuelles, des \u00e9motions plus intenses et une modification de la perception du temps.<\/li>\n<\/ul>\n<h3><strong>Acheter du LSD (kvas) en toute s\u00e9curit\u00e9<\/strong><\/h3>\n<p>Si tu <strong>Acheter du LSD (kvas) en ligne<\/strong>Si vous avez besoin d'aide, vous devez vous adresser \u00e0 une plateforme fiable qui garantit la qualit\u00e9 et la s\u00e9curit\u00e9. Notre plateforme vous offre :<\/p>\n<ul>\n<li><strong>Livraison discr\u00e8te :<\/strong> Votre commande est emball\u00e9e de mani\u00e8re anonyme et s\u00fbre.<\/li>\n<li><strong>Qualit\u00e9 contr\u00f4l\u00e9e :<\/strong> Nous garantissons que tous les produits r\u00e9pondent aux normes les plus \u00e9lev\u00e9es.<\/li>\n<li><strong>Commande facile :<\/strong> En quelques clics, vous pouvez commander du LSD (kwas) en ligne en toute s\u00e9curit\u00e9.<\/li>\n<\/ul>\n<h3><strong>Conseils pour une utilisation s\u00fbre<\/strong><\/h3>\n<ul>\n<li><strong>connaissance des effets :<\/strong> Informez-vous sur les effets du LSD, surtout si vous l'utilisez pour la premi\u00e8re fois.<\/li>\n<li><strong>Lieu de consommation s\u00fbr :<\/strong> Prenez du LSD dans un environnement s\u00fbr et familier, id\u00e9alement avec un accompagnateur.<\/li>\n<li><strong>Attention aux combinaisons :<\/strong> \u00c9vitez de consommer d'autres substances en m\u00eame temps, car cela peut entra\u00eener des effets secondaires ind\u00e9sirables ou dangereux.<\/li>\n<\/ul>\n<h3><strong>Commander maintenant du LSD (kvas)<\/strong><\/h3>\n<p>D\u00e9couvrez les effets uniques de <strong>LSD (kvas)<\/strong> - une substance connue pour ses propri\u00e9t\u00e9s de modification de l'\u00e9tat de conscience. Que vous souhaitiez l'utiliser \u00e0 des fins cr\u00e9atives, th\u00e9rapeutiques ou personnelles, vous pouvez acheter du LSD en ligne chez nous, en toute s\u00e9curit\u00e9 et en toute discr\u00e9tion. Commandez d\u00e8s aujourd'hui et d\u00e9couvrez les possibilit\u00e9s offertes par le LSD.<\/p>","protected":false},"excerpt":{"rendered":"<p><strong>S\u00e9datifs<\/strong>, \u00e9galement appel\u00e9 <strong>S\u00e9datifs<\/strong> ou <strong>Anxiolytiques<\/strong> sont des m\u00e9dicaments utilis\u00e9s pour soulager le stress, l'anxi\u00e9t\u00e9 et les troubles du sommeil. Ils agissent directement sur le syst\u00e8me nerveux central (SNC) afin de r\u00e9duire l'activit\u00e9 neuronale, de favoriser le calme et de permettre une relaxation r\u00e9paratrice. Ces agents sont utilis\u00e9s aussi bien en m\u00e9decine que dans la recherche afin de mieux comprendre les m\u00e9canismes des neurotransmetteurs.<\/p>\n<p><strong>Comment fonctionnent les tranquillisants ?<\/strong><br \/>\nLes tranquillisants renforcent l'effet de l'acide gamma-aminobutyrique (<strong>GABA<\/strong>), un neurotransmetteur inhibiteur dans le cerveau. Cela entra\u00eene une r\u00e9duction de l'activit\u00e9 neuronale et favorise un \u00e9tat de relaxation.<\/p>\n<ul>\n<li><strong>effets :<\/strong> R\u00e9duction de l'anxi\u00e9t\u00e9, relaxation musculaire, promotion du sommeil.<\/li>\n<li><strong>D\u00e9but de l'effet :<\/strong> 20 minutes \u00e0 1 heure apr\u00e8s l'ingestion.<\/li>\n<li><strong>Dur\u00e9e de l'effet :<\/strong> Selon la pr\u00e9paration et le dosage, plusieurs heures.<\/li>\n<\/ul>\n<p><strong>Formule et exemples<\/strong><\/p>\n<ul>\n<li><strong>les benzodiaz\u00e9pines :<\/strong> Diaz\u00e9pam (C16H13ClN2O), loraz\u00e9pam (C15H10Cl2N2O2) - s\u00e9dation rapide et efficace.<\/li>\n<li><strong>les barbituriques :<\/strong> Ph\u00e9nobarbital - couramment utilis\u00e9 en neurologie et pour la recherche.<\/li>\n<\/ul>","protected":false},"featured_media":1619,"comment_status":"open","ping_status":"closed","template":"","meta":{"_joinchat":[]},"product_brand":[],"product_cat":[246],"product_tag":[564,565,563,588,586,587,562,573,567,575,571,579,589,572,583,566,578,580,569,570,568,582,577,576,581,584,585,574],"class_list":{"0":"post-1257","1":"product","2":"type-product","3":"status-publish","4":"has-post-thumbnail","6":"product_cat-sex-meth","7":"product_tag-564","8":"product_tag-4-methylendioxy-n-methylamphetamin","9":"product_tag-ekstase","10":"product_tag-ekstase-kaufen","11":"product_tag-ekstase-pillen","12":"product_tag-ekstase-pulver","13":"product_tag-mdma","14":"product_tag-mdma-anwendung","15":"product_tag-mdma-bestellen","16":"product_tag-mdma-dosierung","17":"product_tag-mdma-fuer-forschung","18":"product_tag-mdma-fuer-medizinische-studien","19":"product_tag-mdma-fuer-therapeutische-anwendungen","20":"product_tag-mdma-grosshandel","21":"product_tag-mdma-in-deutschland-kaufen","22":"product_tag-mdma-kaufen","23":"product_tag-mdma-lagerung","24":"product_tag-mdma-legal-kaufen","25":"product_tag-mdma-lieferant","26":"product_tag-mdma-online-kaufen","27":"product_tag-mdma-preis","28":"product_tag-mdma-reinheit","29":"product_tag-mdma-risiken","30":"product_tag-mdma-sicherheitsrichtlinien","31":"product_tag-mdma-testsubstanzen","32":"product_tag-mdma-vertrieb","33":"product_tag-mdma-weltweit-bestellen","34":"product_tag-mdma-wirkung","36":"first","37":"instock","38":"shipping-taxable","39":"purchasable","40":"product-type-variable"},"yoast_head":"<!-- This site is optimized with the Yoast SEO plugin v25.4 - https:\/\/yoast.com\/wordpress\/plugins\/seo\/ -->\n<title>MDMA (Ecstasy) online kaufen - MDMA (Ecstasy) zu verkaufen<\/title>\n<meta name=\"description\" content=\"At our Gblexpress, you can get mdma (ekstaza) for sale at cheap rates. Here you can buy mdma (ekstaza) online with high-quality from our store now with fast &amp; secure shipping service. Order Now!\" \/>\n<meta name=\"robots\" content=\"index, follow, max-snippet:-1, max-image-preview:large, max-video-preview:-1\" \/>\n<link rel=\"canonical\" href=\"https:\/\/gblexpress.com\/fr\/produit-2\/mdma-ekstaza\/\" \/>\n<meta property=\"og:locale\" content=\"fr_FR\" \/>\n<meta property=\"og:type\" content=\"article\" \/>\n<meta property=\"og:title\" content=\"MDMA (Ecstasy) online kaufen - MDMA (Ecstasy) zu verkaufen\" \/>\n<meta property=\"og:description\" content=\"At our Gblexpress, you can get mdma (ekstaza) for sale at cheap rates. Here you can buy mdma (ekstaza) online with high-quality from our store now with fast &amp; secure shipping service. Order Now!\" \/>\n<meta property=\"og:url\" content=\"https:\/\/gblexpress.com\/fr\/produit-2\/mdma-ekstaza\/\" \/>\n<meta property=\"og:site_name\" content=\"GBL Express\" \/>\n<meta property=\"article:modified_time\" content=\"2026-02-27T10:30:24+00:00\" \/>\n<meta property=\"og:image\" content=\"https:\/\/gblexpress.com\/wp-content\/uploads\/2024\/11\/mdma.jpg\" \/>\n\t<meta property=\"og:image:width\" content=\"600\" \/>\n\t<meta property=\"og:image:height\" content=\"600\" \/>\n\t<meta property=\"og:image:type\" content=\"image\/jpeg\" \/>\n<meta name=\"twitter:card\" content=\"summary_large_image\" \/>\n<meta name=\"twitter:label1\" content=\"Dur\u00e9e de lecture estim\u00e9e\" \/>\n\t<meta name=\"twitter:data1\" content=\"3 minutes\" \/>\n<!-- \/ Yoast SEO plugin. -->","yoast_head_json":{"title":"Achetez de la MDMA (ecstasy) en ligne\u00a0\u2013 Vente de MDMA (ecstasy)","description":"Chez Gblexpress, vous pouvez acheter de la MDMA (Ekstaza) \u00e0 bas prix. Vous pouvez d\u00e8s maintenant acheter de la MDMA (Ekstaza) en ligne, de haute qualit\u00e9, dans notre boutique, avec une livraison rapide et s\u00e9curis\u00e9e. Commandez d\u00e8s maintenant\u00a0!","robots":{"index":"index","follow":"follow","max-snippet":"max-snippet:-1","max-image-preview":"max-image-preview:large","max-video-preview":"max-video-preview:-1"},"canonical":"https:\/\/gblexpress.com\/fr\/produit-2\/mdma-ekstaza\/","og_locale":"fr_FR","og_type":"article","og_title":"MDMA (Ecstasy) online kaufen - MDMA (Ecstasy) zu verkaufen","og_description":"At our Gblexpress, you can get mdma (ekstaza) for sale at cheap rates. Here you can buy mdma (ekstaza) online with high-quality from our store now with fast & secure shipping service. Order Now!","og_url":"https:\/\/gblexpress.com\/fr\/produit-2\/mdma-ekstaza\/","og_site_name":"GBL Express","article_modified_time":"2026-02-27T10:30:24+00:00","og_image":[{"width":600,"height":600,"url":"https:\/\/gblexpress.com\/wp-content\/uploads\/2024\/11\/mdma.jpg","type":"image\/jpeg"}],"twitter_card":"summary_large_image","twitter_misc":{"Dur\u00e9e de lecture estim\u00e9e":"3 minutes"},"schema":{"@context":"https:\/\/schema.org","@graph":[{"@type":"WebPage","@id":"https:\/\/gblexpress.com\/product\/mdma-ekstaza\/","url":"https:\/\/gblexpress.com\/product\/mdma-ekstaza\/","name":"Achetez de la MDMA (ecstasy) en ligne\u00a0\u2013 Vente de MDMA (ecstasy)","isPartOf":{"@id":"https:\/\/gblexpress.com\/#website"},"primaryImageOfPage":{"@id":"https:\/\/gblexpress.com\/product\/mdma-ekstaza\/#primaryimage"},"image":{"@id":"https:\/\/gblexpress.com\/product\/mdma-ekstaza\/#primaryimage"},"thumbnailUrl":"https:\/\/gblexpress.com\/wp-content\/uploads\/2024\/11\/mdma.jpg","datePublished":"2024-11-26T07:54:53+00:00","dateModified":"2026-02-27T10:30:24+00:00","description":"Chez Gblexpress, vous pouvez acheter de la MDMA (Ekstaza) \u00e0 bas prix. Vous pouvez d\u00e8s maintenant acheter de la MDMA (Ekstaza) en ligne, de haute qualit\u00e9, dans notre boutique, avec une livraison rapide et s\u00e9curis\u00e9e. Commandez d\u00e8s maintenant\u00a0!","breadcrumb":{"@id":"https:\/\/gblexpress.com\/product\/mdma-ekstaza\/#breadcrumb"},"inLanguage":"fr-FR","potentialAction":[{"@type":"ReadAction","target":["https:\/\/gblexpress.com\/product\/mdma-ekstaza\/"]}]},{"@type":"ImageObject","inLanguage":"fr-FR","@id":"https:\/\/gblexpress.com\/product\/mdma-ekstaza\/#primaryimage","url":"https:\/\/gblexpress.com\/wp-content\/uploads\/2024\/11\/mdma.jpg","contentUrl":"https:\/\/gblexpress.com\/wp-content\/uploads\/2024\/11\/mdma.jpg","width":600,"height":600,"caption":"mdma online kaufen"},{"@type":"BreadcrumbList","@id":"https:\/\/gblexpress.com\/product\/mdma-ekstaza\/#breadcrumb","itemListElement":[{"@type":"ListItem","position":1,"name":"Home","item":"https:\/\/gblexpress.com\/"},{"@type":"ListItem","position":2,"name":"Shop","item":"https:\/\/gblexpress.com\/shop\/"},{"@type":"ListItem","position":3,"name":"MDMA (Ekstaza)"}]},{"@type":"WebSite","@id":"https:\/\/gblexpress.com\/#website","url":"https:\/\/gblexpress.com\/","name":"GBL Express","description":"","publisher":{"@id":"https:\/\/gblexpress.com\/#organization"},"potentialAction":[{"@type":"SearchAction","target":{"@type":"EntryPoint","urlTemplate":"https:\/\/gblexpress.com\/?s={search_term_string}"},"query-input":{"@type":"PropertyValueSpecification","valueRequired":true,"valueName":"search_term_string"}}],"inLanguage":"fr-FR"},{"@type":"Organization","@id":"https:\/\/gblexpress.com\/#organization","name":"GBL Express","url":"https:\/\/gblexpress.com\/","logo":{"@type":"ImageObject","inLanguage":"fr-FR","@id":"https:\/\/gblexpress.com\/#\/schema\/logo\/image\/","url":"https:\/\/gblexpress.com\/wp-content\/uploads\/2023\/01\/logo.png","contentUrl":"https:\/\/gblexpress.com\/wp-content\/uploads\/2023\/01\/logo.png","width":250,"height":52,"caption":"GBL Express"},"image":{"@id":"https:\/\/gblexpress.com\/#\/schema\/logo\/image\/"}}]}},"jetpack-related-posts":[],"jetpack_sharing_enabled":true,"_links":{"self":[{"href":"https:\/\/gblexpress.com\/fr\/wp-json\/wp\/v2\/product\/1257","targetHints":{"allow":["GET"]}}],"collection":[{"href":"https:\/\/gblexpress.com\/fr\/wp-json\/wp\/v2\/product"}],"about":[{"href":"https:\/\/gblexpress.com\/fr\/wp-json\/wp\/v2\/types\/product"}],"replies":[{"embeddable":true,"href":"https:\/\/gblexpress.com\/fr\/wp-json\/wp\/v2\/comments?post=1257"}],"wp:featuredmedia":[{"embeddable":true,"href":"https:\/\/gblexpress.com\/fr\/wp-json\/wp\/v2\/media\/1619"}],"wp:attachment":[{"href":"https:\/\/gblexpress.com\/fr\/wp-json\/wp\/v2\/media?parent=1257"}],"wp:term":[{"taxonomy":"product_brand","embeddable":true,"href":"https:\/\/gblexpress.com\/fr\/wp-json\/wp\/v2\/product_brand?post=1257"},{"taxonomy":"product_cat","embeddable":true,"href":"https:\/\/gblexpress.com\/fr\/wp-json\/wp\/v2\/product_cat?post=1257"},{"taxonomy":"product_tag","embeddable":true,"href":"https:\/\/gblexpress.com\/fr\/wp-json\/wp\/v2\/product_tag?post=1257"}],"curies":[{"name":"wp","href":"https:\/\/api.w.org\/{rel}","templated":true}]}}