{"id":1259,"date":"2024-11-26T07:54:51","date_gmt":"2024-11-26T07:54:51","guid":{"rendered":"https:\/\/gblexpress.com\/?post_type=product&#038;p=1259"},"modified":"2026-02-27T10:32:15","modified_gmt":"2026-02-27T10:32:15","slug":"leki-uspokajajace","status":"publish","type":"product","link":"https:\/\/gblexpress.com\/fr\/produit-2\/leki-uspokajajace\/","title":{"rendered":"Leki Uspokajajace"},"content":{"rendered":"<h2><strong>Acheter des calmants : Leki Uspokajaj\u0105ce pour la d\u00e9tente et la r\u00e9duction du stress<\/strong><\/h2>\n<p><a href=\"https:\/\/de.wikipedia.org\/wiki\/Lorazepam\"><strong>Leki Uspokajaj\u0105ce<\/strong><\/a>Le cannabis, une cat\u00e9gorie de tranquillisants, est de plus en plus recherch\u00e9 par les personnes qui cherchent une solution pour g\u00e9rer le stress, r\u00e9duire l'anxi\u00e9t\u00e9 ou mieux dormir. Si vous <a href=\"https:\/\/gblexpress.com\/fr\/produit-2\/leki-uspokajajace\/\"><strong>Acheter des tranquillisants<\/strong><\/a>, comme Leki Uspokajaj\u0105ce, il est important de conna\u00eetre l'action, l'utilisation s\u00fbre et les avantages de ces produits<a href=\"https:\/\/gblexpress.com\/fr\/boutique\/ketamina\/\">.<\/a><\/p>\n<h3><strong>Que sont les Leki Uspokajaj\u0105ce ?<\/strong><\/h3>\n<p>Les Leki Uspokajaj\u0105ce sont des s\u00e9datifs sp\u00e9cialement con\u00e7us pour soulager le stress, l'anxi\u00e9t\u00e9 et les probl\u00e8mes de sommeil. Ils agissent sur le syst\u00e8me nerveux central pour produire un effet calmant et d\u00e9tendre l'esprit.<a href=\"https:\/\/gblexprimer.com\/product\/ketamine-inresa-20-x-2-ml-100-mg-ml-ketamine\/\">.<\/a><\/p>\n<h3><strong>Avantages de Leki Uspokajaj\u0105ce<\/strong><\/h3>\n<p><strong>1. r\u00e9duction du stress et relaxation<\/strong><br \/>\nLeki Uspokajaj\u0105ce aident \u00e0 r\u00e9duire rapidement les sympt\u00f4mes de stress. Son effet apaisant d\u00e9tend le corps et favorise un sentiment g\u00e9n\u00e9ral de bien-\u00eatre.<\/p>\n<p><strong>2. aide en cas de probl\u00e8mes de sommeil<\/strong><br \/>\nDe nombreuses personnes utilisent ces s\u00e9datifs pour favoriser un sommeil r\u00e9parateur en cas d'insomnie ou d'autres troubles du sommeil.<\/p>\n<p><strong>3. gestion de l'anxi\u00e9t\u00e9<\/strong><br \/>\nLes Leki Uspokajaj\u0105ce sont id\u00e9ales pour soulager l'anxi\u00e9t\u00e9 aigu\u00eb et r\u00e9tablir l'\u00e9quilibre \u00e9motionnel.<\/p>\n<p><strong>4. application flexible<\/strong><br \/>\nLes m\u00e9dicaments sont disponibles sous diff\u00e9rentes formes, dont des comprim\u00e9s, des gouttes ou des g\u00e9lules, ce qui permet de les personnaliser.<\/p>\n<h3><strong>Application de Leki Uspokajaj\u0105ce<\/strong><\/h3>\n<ul>\n<li><strong>Dosage :<\/strong> Le dosage correct d\u00e9pend de l'intensit\u00e9 des sympt\u00f4mes et de la tol\u00e9rance individuelle. Lisez attentivement les instructions ou consultez un expert.<\/li>\n<li><strong>Prise r\u00e9guli\u00e8re :<\/strong> En cas de stress chronique ou de troubles du sommeil, une prise r\u00e9guli\u00e8re peut \u00eatre utile.<\/li>\n<li><strong>effet :<\/strong> L'effet apaisant se manifeste souvent en peu de temps et dure plusieurs heures.<\/li>\n<\/ul>\n<h3><strong>Leki Uspokajaj\u0105ce acheter en ligne en toute s\u00e9curit\u00e9<\/strong><\/h3>\n<p>Si tu <strong>Acheter des tranquillisants en ligne<\/strong>Si vous avez besoin d'aide, vous devez choisir une plateforme fiable. Nous vous proposons :<\/p>\n<ul>\n<li><strong>Livraison discr\u00e8te :<\/strong> Votre commande est livr\u00e9e anonymement et dans un emballage s\u00fbr.<\/li>\n<li><strong>Qualit\u00e9 contr\u00f4l\u00e9e :<\/strong> Nos produits r\u00e9pondent aux normes de qualit\u00e9 les plus \u00e9lev\u00e9es.<\/li>\n<li><strong>Commande facile :<\/strong> En quelques clics, vous pouvez acheter en ligne Leki Uspokajaj\u0105ce de mani\u00e8re s\u00fbre et simple.<\/li>\n<\/ul>\n<h3><strong>Recherches et mots-cl\u00e9s les plus fr\u00e9quents<\/strong><\/h3>\n<ul>\n<li>Acheter Leki Uspokajaj\u0105ce en ligne<\/li>\n<li>Calmants Effet et utilisation<\/li>\n<li>Leki Uspokajaj\u0105ce pour les probl\u00e8mes de sommeil<\/li>\n<li>Les calmants contre le stress<\/li>\n<li>Livraison discr\u00e8te de <a href=\"https:\/\/www.bing.com\/search?q=Heroinonlinekaufen&amp;qs=n&amp;form=QBRE&amp;sp=-1&amp;lq=0&amp;pq=heroinonlinekaufen&amp;sc=0-20&amp;sk=&amp;cvid=F6823772BC774DBC94E09229BF2C64B2&amp;ghsh=0&amp;ghacc=0&amp;ghpl=\">Leki Uspokajaj\u0105ce<\/a><\/li>\n<li>Commander des tranquillisants en toute s\u00e9curit\u00e9<\/li>\n<li>Comparez les prix de Leki Uspokajaj\u0105ce<\/li>\n<\/ul>\n<h3><strong>Commander maintenant Leki Uspokajaj\u0105ce<\/strong><\/h3>\n<p>Trouvez le calme et la d\u00e9tente avec <strong>Leki Uspokajaj\u0105ce<\/strong>. Commandez en ligne d\u00e8s aujourd'hui et profitez d'un produit r\u00e9put\u00e9 pour ses effets apaisants et sa grande qualit\u00e9. Que vous souhaitiez r\u00e9duire le stress, am\u00e9liorer le sommeil ou soulager l'anxi\u00e9t\u00e9, ces tranquillisants offrent une solution fiable. Commencez d\u00e8s maintenant et d\u00e9couvrez un nouvel \u00e9quilibre dans votre quotidien.<\/p>","protected":false},"excerpt":{"rendered":"<p><strong>S\u00e9datifs<\/strong>, \u00e9galement appel\u00e9 <strong>S\u00e9datifs<\/strong> ou <strong>Anxiolytiques<\/strong> sont des m\u00e9dicaments utilis\u00e9s pour soulager le stress, l'anxi\u00e9t\u00e9 et les troubles du sommeil. Ils agissent directement sur le syst\u00e8me nerveux central (SNC) afin de r\u00e9duire l'activit\u00e9 neuronale, de favoriser le calme et de permettre une relaxation r\u00e9paratrice. Ces agents sont utilis\u00e9s aussi bien en m\u00e9decine que dans la recherche afin de mieux comprendre les m\u00e9canismes des neurotransmetteurs.<\/p>\n<p><strong>Comment fonctionnent les tranquillisants ?<\/strong><br \/>\nLes tranquillisants renforcent l'effet de l'acide gamma-aminobutyrique (<strong>GABA<\/strong>), un neurotransmetteur inhibiteur dans le cerveau. Cela entra\u00eene une r\u00e9duction de l'activit\u00e9 neuronale et favorise un \u00e9tat de relaxation.<\/p>\n<ul>\n<li><strong>effets :<\/strong> R\u00e9duction de l'anxi\u00e9t\u00e9, relaxation musculaire, promotion du sommeil.<\/li>\n<li><strong>D\u00e9but de l'effet :<\/strong> 20 minutes \u00e0 1 heure apr\u00e8s l'ingestion.<\/li>\n<li><strong>Dur\u00e9e de l'effet :<\/strong> Selon la pr\u00e9paration et le dosage, plusieurs heures.<\/li>\n<\/ul>\n<p><strong>Formule et exemples<\/strong><\/p>\n<ul>\n<li><strong>les benzodiaz\u00e9pines :<\/strong> Diaz\u00e9pam (C16H13ClN2O), loraz\u00e9pam (C15H10Cl2N2O2) - s\u00e9dation rapide et efficace.<\/li>\n<li><strong>les barbituriques :<\/strong> Ph\u00e9nobarbital - couramment utilis\u00e9 en neurologie et pour la recherche.<\/li>\n<\/ul>","protected":false},"featured_media":1620,"comment_status":"open","ping_status":"closed","template":"","meta":{"_joinchat":[]},"product_brand":[],"product_cat":[246],"product_tag":[512,509,499,519,506,520,517,523,524,518,521,522,532,526,515,508,516,507,531,525,529,528,530,505,503,513,514,510,500,511,504,501,502,527],"class_list":{"0":"post-1259","1":"product","2":"type-product","3":"status-publish","4":"has-post-thumbnail","6":"product_cat-sex-meth","7":"product_tag-alprazolam","8":"product_tag-benzodiazepine-kaufen","9":"product_tag-beruhigungsmittel","10":"product_tag-beruhigungsmittel-anwendung","11":"product_tag-beruhigungsmittel-bestellen","12":"product_tag-beruhigungsmittel-dosierung","13":"product_tag-beruhigungsmittel-fuer-angst","14":"product_tag-beruhigungsmittel-fuer-apotheken","15":"product_tag-beruhigungsmittel-fuer-labore","16":"product_tag-beruhigungsmittel-fuer-schlaflosigkeit","17":"product_tag-beruhigungsmittel-fuer-stressabbau","18":"product_tag-beruhigungsmittel-grosshandel","19":"product_tag-beruhigungsmittel-in-deutschland-kaufen","20":"product_tag-beruhigungsmittel-lagerung","21":"product_tag-beruhigungsmittel-legal-kaufen","22":"product_tag-beruhigungsmittel-lieferant","23":"product_tag-beruhigungsmittel-ohne-rezept","24":"product_tag-beruhigungsmittel-preis","25":"product_tag-beruhigungsmittel-risiken","26":"product_tag-beruhigungsmittel-sicherheit","27":"product_tag-beruhigungsmittel-vertrieb","28":"product_tag-beruhigungsmittel-weltweit-bestellen","29":"product_tag-beruhigungsmittel-wirkung","30":"product_tag-beruhigungsprodukte-kaufen","31":"product_tag-beruhigungstabletten","32":"product_tag-bromazepam","33":"product_tag-clonazepam","34":"product_tag-diazepam","35":"product_tag-leki-uspokajajace","36":"product_tag-lorazepam","37":"product_tag-schlafmittel","38":"product_tag-sedativa","39":"product_tag-tranquilizer","40":"product_tag-wo-beruhigungsmittel-kaufen","42":"first","43":"instock","44":"shipping-taxable","45":"product-type-simple"},"yoast_head":"<!-- This site is optimized with the Yoast SEO plugin v25.4 - https:\/\/yoast.com\/wordpress\/plugins\/seo\/ -->\n<title>Beruhigungsmittel online kaufen \u2013 Beruhigungsmittel zu verkaufen<\/title>\n<meta name=\"description\" content=\"Bei Gblexpress erhalten Sie Leki Uspokajajace g\u00fcnstig. Hier k\u00f6nnen Sie hochwertige Leki Uspokajajace jetzt online in unserem Shop mit schnellem und sicherem Versand kaufen. Jetzt bestellen!\" \/>\n<meta name=\"robots\" content=\"index, follow, max-snippet:-1, max-image-preview:large, max-video-preview:-1\" \/>\n<link rel=\"canonical\" href=\"https:\/\/gblexpress.com\/fr\/produit-2\/leki-uspokajajace\/\" \/>\n<meta property=\"og:locale\" content=\"fr_FR\" \/>\n<meta property=\"og:type\" content=\"article\" \/>\n<meta property=\"og:title\" content=\"Beruhigungsmittel online kaufen \u2013 Beruhigungsmittel zu verkaufen\" \/>\n<meta property=\"og:description\" content=\"Bei Gblexpress erhalten Sie Leki Uspokajajace g\u00fcnstig. Hier k\u00f6nnen Sie hochwertige Leki Uspokajajace jetzt online in unserem Shop mit schnellem und sicherem Versand kaufen. Jetzt bestellen!\" \/>\n<meta property=\"og:url\" content=\"https:\/\/gblexpress.com\/fr\/produit-2\/leki-uspokajajace\/\" \/>\n<meta property=\"og:site_name\" content=\"GBL Express\" \/>\n<meta property=\"article:modified_time\" content=\"2026-02-27T10:32:15+00:00\" \/>\n<meta property=\"og:image\" content=\"https:\/\/gblexpress.com\/wp-content\/uploads\/2024\/11\/Leki-Uspokajajace.jpg\" \/>\n\t<meta property=\"og:image:width\" content=\"600\" \/>\n\t<meta property=\"og:image:height\" content=\"600\" \/>\n\t<meta property=\"og:image:type\" content=\"image\/jpeg\" \/>\n<meta name=\"twitter:card\" content=\"summary_large_image\" \/>\n<meta name=\"twitter:label1\" content=\"Dur\u00e9e de lecture estim\u00e9e\" \/>\n\t<meta name=\"twitter:data1\" content=\"2 minutes\" \/>\n<!-- \/ Yoast SEO plugin. -->","yoast_head_json":{"title":"Acheter des tranquillisants en ligne \u2013 tranquillisants \u00e0 vendre","description":"Chez Gblexpress, vous pouvez obtenir Leki Uspokajajace \u00e0 bas prix. Ici, vous pouvez d\u00e9sormais acheter des Leki Uspokajajace de haute qualit\u00e9 en ligne dans notre boutique avec une exp\u00e9dition rapide et s\u00e9curis\u00e9e. Commandez maintenant !","robots":{"index":"index","follow":"follow","max-snippet":"max-snippet:-1","max-image-preview":"max-image-preview:large","max-video-preview":"max-video-preview:-1"},"canonical":"https:\/\/gblexpress.com\/fr\/produit-2\/leki-uspokajajace\/","og_locale":"fr_FR","og_type":"article","og_title":"Beruhigungsmittel online kaufen \u2013 Beruhigungsmittel zu verkaufen","og_description":"Bei Gblexpress erhalten Sie Leki Uspokajajace g\u00fcnstig. Hier k\u00f6nnen Sie hochwertige Leki Uspokajajace jetzt online in unserem Shop mit schnellem und sicherem Versand kaufen. Jetzt bestellen!","og_url":"https:\/\/gblexpress.com\/fr\/produit-2\/leki-uspokajajace\/","og_site_name":"GBL Express","article_modified_time":"2026-02-27T10:32:15+00:00","og_image":[{"width":600,"height":600,"url":"https:\/\/gblexpress.com\/wp-content\/uploads\/2024\/11\/Leki-Uspokajajace.jpg","type":"image\/jpeg"}],"twitter_card":"summary_large_image","twitter_misc":{"Dur\u00e9e de lecture estim\u00e9e":"2 minutes"},"schema":{"@context":"https:\/\/schema.org","@graph":[{"@type":"WebPage","@id":"https:\/\/gblexpress.com\/product\/leki-uspokajajace\/","url":"https:\/\/gblexpress.com\/product\/leki-uspokajajace\/","name":"Acheter des tranquillisants en ligne \u2013 tranquillisants \u00e0 vendre","isPartOf":{"@id":"https:\/\/gblexpress.com\/#website"},"primaryImageOfPage":{"@id":"https:\/\/gblexpress.com\/product\/leki-uspokajajace\/#primaryimage"},"image":{"@id":"https:\/\/gblexpress.com\/product\/leki-uspokajajace\/#primaryimage"},"thumbnailUrl":"https:\/\/gblexpress.com\/wp-content\/uploads\/2024\/11\/Leki-Uspokajajace.jpg","datePublished":"2024-11-26T07:54:51+00:00","dateModified":"2026-02-27T10:32:15+00:00","description":"Chez Gblexpress, vous pouvez obtenir Leki Uspokajajace \u00e0 bas prix. Ici, vous pouvez d\u00e9sormais acheter des Leki Uspokajajace de haute qualit\u00e9 en ligne dans notre boutique avec une exp\u00e9dition rapide et s\u00e9curis\u00e9e. Commandez maintenant !","breadcrumb":{"@id":"https:\/\/gblexpress.com\/product\/leki-uspokajajace\/#breadcrumb"},"inLanguage":"fr-FR","potentialAction":[{"@type":"ReadAction","target":["https:\/\/gblexpress.com\/product\/leki-uspokajajace\/"]}]},{"@type":"ImageObject","inLanguage":"fr-FR","@id":"https:\/\/gblexpress.com\/product\/leki-uspokajajace\/#primaryimage","url":"https:\/\/gblexpress.com\/wp-content\/uploads\/2024\/11\/Leki-Uspokajajace.jpg","contentUrl":"https:\/\/gblexpress.com\/wp-content\/uploads\/2024\/11\/Leki-Uspokajajace.jpg","width":600,"height":600,"caption":"Leki-Uspokajajace online kaufen"},{"@type":"BreadcrumbList","@id":"https:\/\/gblexpress.com\/product\/leki-uspokajajace\/#breadcrumb","itemListElement":[{"@type":"ListItem","position":1,"name":"Home","item":"https:\/\/gblexpress.com\/"},{"@type":"ListItem","position":2,"name":"Shop","item":"https:\/\/gblexpress.com\/shop\/"},{"@type":"ListItem","position":3,"name":"Leki Uspokajajace"}]},{"@type":"WebSite","@id":"https:\/\/gblexpress.com\/#website","url":"https:\/\/gblexpress.com\/","name":"GBL Express","description":"","publisher":{"@id":"https:\/\/gblexpress.com\/#organization"},"potentialAction":[{"@type":"SearchAction","target":{"@type":"EntryPoint","urlTemplate":"https:\/\/gblexpress.com\/?s={search_term_string}"},"query-input":{"@type":"PropertyValueSpecification","valueRequired":true,"valueName":"search_term_string"}}],"inLanguage":"fr-FR"},{"@type":"Organization","@id":"https:\/\/gblexpress.com\/#organization","name":"GBL Express","url":"https:\/\/gblexpress.com\/","logo":{"@type":"ImageObject","inLanguage":"fr-FR","@id":"https:\/\/gblexpress.com\/#\/schema\/logo\/image\/","url":"https:\/\/gblexpress.com\/wp-content\/uploads\/2023\/01\/logo.png","contentUrl":"https:\/\/gblexpress.com\/wp-content\/uploads\/2023\/01\/logo.png","width":250,"height":52,"caption":"GBL Express"},"image":{"@id":"https:\/\/gblexpress.com\/#\/schema\/logo\/image\/"}}]}},"jetpack-related-posts":[],"jetpack_sharing_enabled":true,"_links":{"self":[{"href":"https:\/\/gblexpress.com\/fr\/wp-json\/wp\/v2\/product\/1259","targetHints":{"allow":["GET"]}}],"collection":[{"href":"https:\/\/gblexpress.com\/fr\/wp-json\/wp\/v2\/product"}],"about":[{"href":"https:\/\/gblexpress.com\/fr\/wp-json\/wp\/v2\/types\/product"}],"replies":[{"embeddable":true,"href":"https:\/\/gblexpress.com\/fr\/wp-json\/wp\/v2\/comments?post=1259"}],"wp:featuredmedia":[{"embeddable":true,"href":"https:\/\/gblexpress.com\/fr\/wp-json\/wp\/v2\/media\/1620"}],"wp:attachment":[{"href":"https:\/\/gblexpress.com\/fr\/wp-json\/wp\/v2\/media?parent=1259"}],"wp:term":[{"taxonomy":"product_brand","embeddable":true,"href":"https:\/\/gblexpress.com\/fr\/wp-json\/wp\/v2\/product_brand?post=1259"},{"taxonomy":"product_cat","embeddable":true,"href":"https:\/\/gblexpress.com\/fr\/wp-json\/wp\/v2\/product_cat?post=1259"},{"taxonomy":"product_tag","embeddable":true,"href":"https:\/\/gblexpress.com\/fr\/wp-json\/wp\/v2\/product_tag?post=1259"}],"curies":[{"name":"wp","href":"https:\/\/api.w.org\/{rel}","templated":true}]}}