{"id":1262,"date":"2024-11-26T08:00:50","date_gmt":"2024-11-26T08:00:50","guid":{"rendered":"https:\/\/gblexpress.com\/?post_type=product&#038;p=1262"},"modified":"2026-02-24T11:30:35","modified_gmt":"2026-02-24T11:30:35","slug":"amfetamina","status":"publish","type":"product","link":"https:\/\/gblexpress.com\/fr\/produit-2\/amfetamina\/","title":{"rendered":"Amfetamina"},"content":{"rendered":"<h2><strong>Amfetamina online Kaufen: Maximieren Sie Ihre Konzentration und Produktivit\u00e4t<\/strong><\/h2>\n<p>Amfetamina ist ein bekanntes Mittel, das h\u00e4ufig verwendet wird, um die Konzentration zu steigern, den Fokus zu verbessern und die Symptome von ADHS zu behandeln. Wenn Sie auf der Suche nach einer effektiven L\u00f6sung sind, um Ihre kognitiven F\u00e4higkeiten zu verbessern oder Ihre Produktivit\u00e4t zu steigern, ist Amfetamina die ideale Wahl <a href=\"https:\/\/gblexpress.com\/fr\/produit-2\/amfetamina\/\">Acheter Amfetamina en ligne<\/a><a href=\"https:\/\/gblexpress.com\/fr\/boutique\/gbl-acheter-en-ligne-butyrolactone-acheter\/\">.<\/a><\/p>\n<h3><strong>Pourquoi choisir Amfetamina ?<\/strong><\/h3>\n<p><strong>1. amfetamina pour le focus et la concentration<\/strong><br \/>\nL'amfetamina agit directement sur le syst\u00e8me nerveux central et permet d'augmenter la concentration et la focalisation mentale. C'est un excellent soutien, en particulier pour les \u00e9tudiants ou les professionnels qui souhaitent maximiser leur efficacit\u00e9.<a href=\"https:\/\/cokebricks.com\/product\/fishscale-cocaine\/\">.<\/a><\/p>\n<p><strong>2. l'amfetamina pour le traitement du TDAH<\/strong><br \/>\nL'amfetamina est souvent utilis\u00e9 dans le traitement du TDAH, car il aide \u00e0 r\u00e9duire les sympt\u00f4mes tels que l'inattention, l'impulsivit\u00e9 et l'hyperactivit\u00e9. Les personnes concern\u00e9es peuvent ainsi mieux se concentrer sur les t\u00e2ches et atteindre leurs objectifs.<\/p>\n<p><strong>3. dosage efficace et effet rapide<\/strong><br \/>\nAvec un dosage correct d'Amfetamina, vous pouvez obtenir des r\u00e9sultats rapides. Il est disponible sous forme de comprim\u00e9s, ce qui rend son utilisation simple et discr\u00e8te. Renseignez-vous sur le bon dosage pour obtenir les meilleurs r\u00e9sultats.<\/p>\n<p><strong>4. amfetamina pour les \u00e9tudes et la productivit\u00e9<\/strong><br \/>\nL'amfetamina est souvent recherch\u00e9 par les personnes qui souhaitent am\u00e9liorer leurs performances mentales, en particulier pendant les p\u00e9riodes de stress comme les examens ou les p\u00e9riodes de travail intensif. Il vous aide \u00e0 rester concentr\u00e9 plus longtemps et \u00e0 travailler plus efficacement.<\/p>\n<p><strong>O\u00f9 acheter Amfetamina ?<\/strong><\/p>\n<p>De nombreux utilisateurs recherchent des moyens s\u00fbrs et fiables, <a href=\"https:\/\/en.wikipedia.org\/wiki\/Amphetamine\"><strong>Acheter Amfetamina en ligne<\/strong><\/a>. Dans notre pharmacie en ligne, vous pouvez commander Amfetamina sans ordonnance et b\u00e9n\u00e9ficier d'une livraison rapide. Notre service vous offre des possibilit\u00e9s de commande simples ainsi qu'un emballage discret afin de prot\u00e9ger votre vie priv\u00e9e.<\/p>\n<p><strong>Recherches fr\u00e9quentes de nos utilisateurs<\/strong><\/p>\n<ol>\n<li><strong>Acheter Amfetamina en ligne<\/strong><\/li>\n<li><strong>Comparer les prix de l'Amfetamina<\/strong><\/li>\n<li><strong>Amfetamina dosage pour le TDAH<\/strong><\/li>\n<li><strong>Amfetamina pour la concentration<\/strong><\/li>\n<li><strong>Commander Amfetamina \u00e0 bas prix<\/strong><\/li>\n<li><strong>Acheter Amfetamina sans ordonnance<\/strong><\/li>\n<li><strong>Amfetamina pour les \u00e9tudes et la productivit\u00e9<\/strong><\/li>\n<\/ol>\n<h3><strong>Quel est le degr\u00e9 de s\u00e9curit\u00e9 de l'Amfetamina ?<\/strong><\/h3>\n<p>L'utilisation correcte de l'amf\u00e9tamine est essentielle pour obtenir un maximum de b\u00e9n\u00e9fices et minimiser les effets secondaires. Informez-vous sur les possibles <strong>Effets secondaires de l'amf\u00e9tamine<\/strong> et respectez le dosage recommand\u00e9. Une utilisation responsable vous permettra d'atteindre vos objectifs en toute s\u00e9curit\u00e9.<\/p>\n<h3><strong>Commander Amfetamina maintenant<\/strong><\/h3>\n<p>Faites le premier pas vers plus de concentration et de productivit\u00e9. <strong>Commandez Amfetamina en ligne<\/strong> et b\u00e9n\u00e9ficiez d'une livraison rapide et fiable. D\u00e9couvrez \u00e0 quel point il est facile d'am\u00e9liorer vos performances mentales et de relever vos d\u00e9fis quotidiens avec plus d'\u00e9nergie et de clart\u00e9.<\/p>","protected":false},"excerpt":{"rendered":"<p><strong>Amfetamina<\/strong>, un puissant stimulant de la <strong>Classe de ph\u00e9n\u00e9thylamine<\/strong>, est souvent utilis\u00e9 pour traiter les troubles du d\u00e9ficit de l'attention\/hyperactivit\u00e9 (TDAH) et la narcolepsie. C'est \u00e9galement un sujet de recherche important en neurosciences et en pharmacologie pour comprendre l'effet des stimulants sur les fonctions cognitives, la motivation et les m\u00e9canismes neurologiques.<\/p>\n<p><strong>Comment fonctionne Amfetamina ?<\/strong><br \/>\nL'amf\u00e9tamine augmente la lib\u00e9ration de <strong>Dopamine<\/strong> et <strong>Noradr\u00e9naline<\/strong> dans le cerveau tout en inhibant leur r\u00e9absorption. Il en r\u00e9sulte une concentration accrue, une augmentation de l'\u00e9nergie et une am\u00e9lioration des capacit\u00e9s cognitives.<\/p>\n<ul>\n<li><strong>effets :<\/strong> Am\u00e9lioration de la vigilance, augmentation de la motivation et de l'attention.<\/li>\n<li><strong>D\u00e9but de l'effet :<\/strong> 20-60 minutes apr\u00e8s l'ingestion.<\/li>\n<li><strong>Dur\u00e9e de l'effet :<\/strong> 4 \u00e0 8 heures, en fonction de la dose et de la r\u00e9action individuelle.<\/li>\n<\/ul>\n<p><strong>Formule et propri\u00e9t\u00e9s<\/strong><\/p>\n<ul>\n<li><strong>Nom chimique :<\/strong> Alpha-m\u00e9thylph\u00e9nyl\u00e9thylamine<\/li>\n<li><strong>Formule mol\u00e9culaire :<\/strong> C9H13N<\/li>\n<li><strong>Poids mol\u00e9culaire :<\/strong> 135,21 g\/mol<\/li>\n<\/ul>","protected":false},"featured_media":1610,"comment_status":"open","ping_status":"closed","template":"","meta":{"_joinchat":[]},"product_brand":[],"product_cat":[33,34,36,35,246],"product_tag":[358,366,361,385,367,383,369,379,378,370,371,368,384,360,372,365,363,364,362,377,386,374,373,376,381,380,359,375,382],"class_list":{"0":"post-1262","1":"product","2":"type-product","3":"status-publish","4":"has-post-thumbnail","6":"product_cat-gbl-gamma-butyrolactone-25l","7":"product_cat-ghb","8":"product_cat-ko-drops","9":"product_cat-ritalin","10":"product_cat-sex-meth","11":"product_tag-amfetamina","12":"product_tag-amfetamina-anwendung","13":"product_tag-amfetamina-bestellen","14":"product_tag-amfetamina-chemikalien","15":"product_tag-amfetamina-dosierung","16":"product_tag-amfetamina-fuer-apotheken","17":"product_tag-amfetamina-fuer-forschung","18":"product_tag-amfetamina-fuer-industrielle-zwecke","19":"product_tag-amfetamina-fuer-konzentration","20":"product_tag-amfetamina-fuer-labore","21":"product_tag-amfetamina-fuer-medizinische-zwecke","22":"product_tag-amfetamina-grosshandel","23":"product_tag-amfetamina-in-deutschland-kaufen","24":"product_tag-amfetamina-kaufen","25":"product_tag-amfetamina-lagerung","26":"product_tag-amfetamina-legal-kaufen","27":"product_tag-amfetamina-lieferant","28":"product_tag-amfetamina-online-kaufen","29":"product_tag-amfetamina-preis","30":"product_tag-amfetamina-pulver","31":"product_tag-amfetamina-reinheit","32":"product_tag-amfetamina-risiken","33":"product_tag-amfetamina-sicherheitsrichtlinien","34":"product_tag-amfetamina-tabletten","35":"product_tag-amfetamina-vertrieb","36":"product_tag-amfetamina-weltweit-bestellen","37":"product_tag-amphetamin","38":"product_tag-amphetamin-kaufen","39":"product_tag-wo-amfetamina-kaufen","41":"first","42":"instock","43":"shipping-taxable","44":"purchasable","45":"product-type-variable"},"yoast_head":"<!-- This site is optimized with the Yoast SEO plugin v25.4 - https:\/\/yoast.com\/wordpress\/plugins\/seo\/ -->\n<title>Amfetamina online kaufen \u2013 Amfetamina zum Verkauf<\/title>\n<meta name=\"description\" content=\"M\u00f6chten Sie Amfetamin online kaufen? Entdecken Sie die nahtlose Plattform unseres Online-Shops, auf der Sie Amfetamin in h\u00f6chster Qualit\u00e4t f\u00fcr Ihre Forschungsanforderungen erwerben k\u00f6nnen.\" \/>\n<meta name=\"robots\" content=\"index, follow, max-snippet:-1, max-image-preview:large, max-video-preview:-1\" \/>\n<link rel=\"canonical\" href=\"https:\/\/gblexpress.com\/fr\/produit-2\/amfetamina\/\" \/>\n<meta property=\"og:locale\" content=\"fr_FR\" \/>\n<meta property=\"og:type\" content=\"article\" \/>\n<meta property=\"og:title\" content=\"Amfetamina online kaufen \u2013 Amfetamina zum Verkauf\" \/>\n<meta property=\"og:description\" content=\"M\u00f6chten Sie Amfetamin online kaufen? Entdecken Sie die nahtlose Plattform unseres Online-Shops, auf der Sie Amfetamin in h\u00f6chster Qualit\u00e4t f\u00fcr Ihre Forschungsanforderungen erwerben k\u00f6nnen.\" \/>\n<meta property=\"og:url\" content=\"https:\/\/gblexpress.com\/fr\/produit-2\/amfetamina\/\" \/>\n<meta property=\"og:site_name\" content=\"GBL Express\" \/>\n<meta property=\"article:modified_time\" content=\"2026-02-24T11:30:35+00:00\" \/>\n<meta property=\"og:image\" content=\"https:\/\/gblexpress.com\/wp-content\/uploads\/2024\/11\/Amfetamina.jpg\" \/>\n\t<meta property=\"og:image:width\" content=\"600\" \/>\n\t<meta property=\"og:image:height\" content=\"600\" \/>\n\t<meta property=\"og:image:type\" content=\"image\/jpeg\" \/>\n<meta name=\"twitter:card\" content=\"summary_large_image\" \/>\n<meta name=\"twitter:label1\" content=\"Dur\u00e9e de lecture estim\u00e9e\" \/>\n\t<meta name=\"twitter:data1\" content=\"2 minutes\" \/>\n<!-- \/ Yoast SEO plugin. -->","yoast_head_json":{"title":"Acheter de l'amf\u00e9tamine en ligne \u2013 Amf\u00e9tamine \u00e0 vendre","description":"Voulez-vous acheter de l'amph\u00e9tamine en ligne ? D\u00e9couvrez notre plateforme de boutique en ligne transparente o\u00f9 vous pouvez acheter de l'amph\u00e9tamine de la plus haute qualit\u00e9 pour vos besoins de recherche.","robots":{"index":"index","follow":"follow","max-snippet":"max-snippet:-1","max-image-preview":"max-image-preview:large","max-video-preview":"max-video-preview:-1"},"canonical":"https:\/\/gblexpress.com\/fr\/produit-2\/amfetamina\/","og_locale":"fr_FR","og_type":"article","og_title":"Amfetamina online kaufen \u2013 Amfetamina zum Verkauf","og_description":"M\u00f6chten Sie Amfetamin online kaufen? Entdecken Sie die nahtlose Plattform unseres Online-Shops, auf der Sie Amfetamin in h\u00f6chster Qualit\u00e4t f\u00fcr Ihre Forschungsanforderungen erwerben k\u00f6nnen.","og_url":"https:\/\/gblexpress.com\/fr\/produit-2\/amfetamina\/","og_site_name":"GBL Express","article_modified_time":"2026-02-24T11:30:35+00:00","og_image":[{"width":600,"height":600,"url":"https:\/\/gblexpress.com\/wp-content\/uploads\/2024\/11\/Amfetamina.jpg","type":"image\/jpeg"}],"twitter_card":"summary_large_image","twitter_misc":{"Dur\u00e9e de lecture estim\u00e9e":"2 minutes"},"schema":{"@context":"https:\/\/schema.org","@graph":[{"@type":"WebPage","@id":"https:\/\/gblexpress.com\/product\/amfetamina\/","url":"https:\/\/gblexpress.com\/product\/amfetamina\/","name":"Acheter de l'amf\u00e9tamine en ligne \u2013 Amf\u00e9tamine \u00e0 vendre","isPartOf":{"@id":"https:\/\/gblexpress.com\/#website"},"primaryImageOfPage":{"@id":"https:\/\/gblexpress.com\/product\/amfetamina\/#primaryimage"},"image":{"@id":"https:\/\/gblexpress.com\/product\/amfetamina\/#primaryimage"},"thumbnailUrl":"https:\/\/gblexpress.com\/wp-content\/uploads\/2024\/11\/Amfetamina.jpg","datePublished":"2024-11-26T08:00:50+00:00","dateModified":"2026-02-24T11:30:35+00:00","description":"Voulez-vous acheter de l'amph\u00e9tamine en ligne ? D\u00e9couvrez notre plateforme de boutique en ligne transparente o\u00f9 vous pouvez acheter de l'amph\u00e9tamine de la plus haute qualit\u00e9 pour vos besoins de recherche.","breadcrumb":{"@id":"https:\/\/gblexpress.com\/product\/amfetamina\/#breadcrumb"},"inLanguage":"fr-FR","potentialAction":[{"@type":"ReadAction","target":["https:\/\/gblexpress.com\/product\/amfetamina\/"]}]},{"@type":"ImageObject","inLanguage":"fr-FR","@id":"https:\/\/gblexpress.com\/product\/amfetamina\/#primaryimage","url":"https:\/\/gblexpress.com\/wp-content\/uploads\/2024\/11\/Amfetamina.jpg","contentUrl":"https:\/\/gblexpress.com\/wp-content\/uploads\/2024\/11\/Amfetamina.jpg","width":600,"height":600,"caption":"Amfetamina online kaufen"},{"@type":"BreadcrumbList","@id":"https:\/\/gblexpress.com\/product\/amfetamina\/#breadcrumb","itemListElement":[{"@type":"ListItem","position":1,"name":"Home","item":"https:\/\/gblexpress.com\/"},{"@type":"ListItem","position":2,"name":"Shop","item":"https:\/\/gblexpress.com\/shop\/"},{"@type":"ListItem","position":3,"name":"Amfetamina"}]},{"@type":"WebSite","@id":"https:\/\/gblexpress.com\/#website","url":"https:\/\/gblexpress.com\/","name":"GBL Express","description":"","publisher":{"@id":"https:\/\/gblexpress.com\/#organization"},"potentialAction":[{"@type":"SearchAction","target":{"@type":"EntryPoint","urlTemplate":"https:\/\/gblexpress.com\/?s={search_term_string}"},"query-input":{"@type":"PropertyValueSpecification","valueRequired":true,"valueName":"search_term_string"}}],"inLanguage":"fr-FR"},{"@type":"Organization","@id":"https:\/\/gblexpress.com\/#organization","name":"GBL Express","url":"https:\/\/gblexpress.com\/","logo":{"@type":"ImageObject","inLanguage":"fr-FR","@id":"https:\/\/gblexpress.com\/#\/schema\/logo\/image\/","url":"https:\/\/gblexpress.com\/wp-content\/uploads\/2023\/01\/logo.png","contentUrl":"https:\/\/gblexpress.com\/wp-content\/uploads\/2023\/01\/logo.png","width":250,"height":52,"caption":"GBL Express"},"image":{"@id":"https:\/\/gblexpress.com\/#\/schema\/logo\/image\/"}}]}},"jetpack-related-posts":[],"jetpack_sharing_enabled":true,"_links":{"self":[{"href":"https:\/\/gblexpress.com\/fr\/wp-json\/wp\/v2\/product\/1262","targetHints":{"allow":["GET"]}}],"collection":[{"href":"https:\/\/gblexpress.com\/fr\/wp-json\/wp\/v2\/product"}],"about":[{"href":"https:\/\/gblexpress.com\/fr\/wp-json\/wp\/v2\/types\/product"}],"replies":[{"embeddable":true,"href":"https:\/\/gblexpress.com\/fr\/wp-json\/wp\/v2\/comments?post=1262"}],"wp:featuredmedia":[{"embeddable":true,"href":"https:\/\/gblexpress.com\/fr\/wp-json\/wp\/v2\/media\/1610"}],"wp:attachment":[{"href":"https:\/\/gblexpress.com\/fr\/wp-json\/wp\/v2\/media?parent=1262"}],"wp:term":[{"taxonomy":"product_brand","embeddable":true,"href":"https:\/\/gblexpress.com\/fr\/wp-json\/wp\/v2\/product_brand?post=1262"},{"taxonomy":"product_cat","embeddable":true,"href":"https:\/\/gblexpress.com\/fr\/wp-json\/wp\/v2\/product_cat?post=1262"},{"taxonomy":"product_tag","embeddable":true,"href":"https:\/\/gblexpress.com\/fr\/wp-json\/wp\/v2\/product_tag?post=1262"}],"curies":[{"name":"wp","href":"https:\/\/api.w.org\/{rel}","templated":true}]}}