{"id":1264,"date":"2024-11-26T08:00:45","date_gmt":"2024-11-26T08:00:45","guid":{"rendered":"https:\/\/gblexpress.com\/?post_type=product&#038;p=1264"},"modified":"2026-02-26T07:24:54","modified_gmt":"2026-02-26T07:24:54","slug":"heroina","status":"publish","type":"product","link":"https:\/\/gblexpress.com\/fr\/produit-2\/heroina\/","title":{"rendered":"Heroina"},"content":{"rendered":"<h2><strong>Heroina Online kaufen: Wichtige Informationen zu Typen und Verwendung<\/strong><\/h2>\n<p><a href=\"https:\/\/en.wikipedia.org\/wiki\/Heroin\"><strong>Heroina<\/strong><\/a> est une substance disponible sous diff\u00e9rentes formes et diff\u00e9rents types. En raison de ses propri\u00e9t\u00e9s, elle est souvent recherch\u00e9e par les utilisateurs qui cherchent des effets et des applications sp\u00e9cifiques. Si vous <a href=\"https:\/\/gblexpress.com\/fr\/produit-2\/heroina\/\"><strong>Acheter Heroina<\/strong><\/a> il est important de comprendre les diff\u00e9rents types, leurs effets et leurs utilisations s\u00fbres.<a href=\"https:\/\/gblexprimer.com\/product\/ketamine-s-isomere-99-rene-500g\/\">.<\/a><\/p>\n<h3><strong>Types de Heroina<\/strong><\/h3>\n<p><strong>1. poudre d'h\u00e9ro\u00efne blanche<\/strong><br \/>\nL'h\u00e9ro\u00efne blanche est hautement purifi\u00e9e et s'utilise g\u00e9n\u00e9ralement par inhalation ou par injection. Elle est connue pour ses effets rapides et puissants et est surtout pr\u00e9f\u00e9r\u00e9e par les utilisateurs qui souhaitent obtenir un maximum de r\u00e9sultats.<a href=\"https:\/\/gblexpress.com\/fr\/boutique\/sec-cuit-ghb-500-gram\/\">.<\/a><\/p>\n<p><strong>2. h\u00e9ro\u00efne brune (base)<\/strong><br \/>\nL'h\u00e9ro\u00efne brune a une structure chimique l\u00e9g\u00e8rement diff\u00e9rente et est souvent fum\u00e9e ou consomm\u00e9e par d'autres m\u00e9thodes alternatives. Elle est moins purifi\u00e9e que l'h\u00e9ro\u00efne blanche et est souvent vendue sur les march\u00e9s de rue.<\/p>\n<p><strong>3. h\u00e9ro\u00efne de goudron noir<\/strong><br \/>\nCette forme est collante et de couleur plus fonc\u00e9e, connue pour sa puret\u00e9 inf\u00e9rieure. Elle est g\u00e9n\u00e9ralement pr\u00e9f\u00e9r\u00e9e dans des r\u00e9gions sp\u00e9cifiques et n\u00e9cessite une m\u00e9thode de pr\u00e9paration diff\u00e9rente.<\/p>\n<h3><strong>Pourquoi choisir Heroina ?<\/strong><\/h3>\n<p><strong>1. effet puissant et rapide<\/strong><br \/>\nL'h\u00e9ro\u00efne est connue pour sa capacit\u00e9 \u00e0 produire rapidement un effet puissant, ce qui en fait une substance fr\u00e9quemment demand\u00e9e.<\/p>\n<p><strong>2. diff\u00e9rentes options pour diff\u00e9rents besoins<\/strong><br \/>\nQue vous pr\u00e9f\u00e9riez la poudre blanche pour un effet plus rapide ou l'h\u00e9ro\u00efne brune pour un effet plus doux, les types offrent un choix selon la pr\u00e9f\u00e9rence de l'utilisateur.<\/p>\n<p><strong>3. discret et facile \u00e0 utiliser<\/strong><br \/>\nLa substance peut \u00eatre consomm\u00e9e de diff\u00e9rentes mani\u00e8res, ce qui permet aux utilisateurs de choisir la m\u00e9thode la plus appropri\u00e9e en fonction de leur confort et de leur objectif.<\/p>\n<h3><strong>Mots-cl\u00e9s et expressions de recherche populaires<\/strong><\/h3>\n<ul>\n<li><strong>Acheter Heroina en ligne<\/strong><\/li>\n<li><strong>Comparer le prix de Heroina<\/strong><\/li>\n<li><strong>Heroina poudre blanche<\/strong><\/li>\n<li><strong>H\u00e9ro\u00efne brune Effet<\/strong><\/li>\n<li><strong>Acheter H\u00e9ro\u00efne de goudron noir<\/strong><\/li>\n<li><strong>Dosage de l'h\u00e9ro\u00efne<\/strong><\/li>\n<li><strong>Effets secondaires d'Heroina<\/strong><\/li>\n<li><strong>Acheter Heroina en toute s\u00e9curit\u00e9<\/strong><\/li>\n<\/ul>\n<h3>Achat s\u00e9curis\u00e9 de Heroina<\/h3>\n<p>Nous offrons une plate-forme sur laquelle vous pouvez <strong>Acheter Heroina en ligne<\/strong> avec un emballage discret et une livraison rapide. Notre objectif est de vous permettre d'acc\u00e9der facilement et en toute s\u00e9curit\u00e9 aux produits dont vous avez besoin.<\/p>\n<h3>Conseils d'utilisation<\/h3>\n<p>L'utilisation de <a href=\"https:\/\/duckduckgo.com\/?q=Heroin+online+kaufen&amp;t=h_&amp;ia=web\">Heroina<\/a> doit toujours \u00eatre fait avec prudence. Si vous avez des questions sur le dosage et l\u2019utilisation, consultez un sp\u00e9cialiste. Il est important d\u2019\u00eatre conscient des effets secondaires et des risques possibles avant d\u2019utiliser la substance.<\/p>\n<h3><strong>Acheter Heroina maintenant<\/strong><\/h3>\n<p>Trouvez le type qui correspond \u00e0 vos besoins et commandez <a href=\"https:\/\/www.google.de\/search?q=Anavar+50+mg+online+kaufen&amp;sca_esv=7d1b82273738a5db&amp;hl=en&amp;ei=foLiZ_nZK6qMm9cPv4Xd6AQ&amp;ved=0ahUKEwj5kMidgKWMAxUqxuYEHb9CF00Q4dUDCBA&amp;uact=5&amp;oq=Anavar+50+mg+online+kaufen&amp;gs_lp=Egxnd3Mtd2l6LXNlcnAiGkFuYXZhciA1MCBtZyBvbmxpbmUga2F1ZmVuSJsGUABYAHAAeACQAQCYAQCgAQCqAQC4AQPIAQD4AQL4AQGYAgCgAgCYAwCSBwCgBwCyBwC4BwA&amp;sclient=gws-wiz-serp\"><strong>Heroina<\/strong><\/a> online ju\u017c dzi\u015b. Wybierz spo\u015br\u00f3d bia\u0142ej heroiny, br\u0105zowej heroiny lub czarnego smo\u0142y<a href=\"https:\/\/www.google.de\/search?q=Anavar+50+mg+online+kaufen&amp;sca_esv=7d1b82273738a5db&amp;hl=en&amp;ei=foLiZ_nZK6qMm9cPv4Xd6AQ&amp;ved=0ahUKEwj5kMidgKWMAxUqxuYEHb9CF00Q4dUDCBA&amp;uact=5&amp;oq=Anavar+50+mg+online+kaufen&amp;gs_lp=Egxnd3Mtd2l6LXNlcnAiGkFuYXZhciA1MCBtZyBvbmxpbmUga2F1ZmVuSJsGUABYAHAAeACQAQCYAQCgAQCqAQC4AQPIAQD4AQL4AQGYAgCgAgCYAwCSBwCgBwCyBwC4BwA&amp;sclient=gws-wiz-serp\">H\u00e9ro\u00efne \u2013 s\u00fbre<\/a>en ligne d\u00e8s aujourd'hui. Choisissez parmi l'h\u00e9ro\u00efne blanche, l'h\u00e9ro\u00efne brune ou l'h\u00e9ro\u00efne noire goudronn\u00e9e - en toute s\u00e9curit\u00e9, en toute discr\u00e9tion et en toute simplicit\u00e9. Commencez d\u00e8s maintenant et d\u00e9couvrez les meilleures options en fonction de vos pr\u00e9f\u00e9rences.<\/p>","protected":false},"excerpt":{"rendered":"<p><strong>H\u00e9ro\u00efne<\/strong>connu chimiquement sous le nom de <strong>Diac\u00e9tylmorphine<\/strong>La morphine est un opio\u00efde semi-synth\u00e9tique d\u00e9riv\u00e9 de la morphine. Il est connu pour ses puissantes propri\u00e9t\u00e9s analg\u00e9siques et s\u00e9datives et est \u00e9tudi\u00e9 dans la recherche m\u00e9dicale et pour des applications sp\u00e9cialis\u00e9es. <strong>H\u00e9ro\u00efne<\/strong> joue un r\u00f4le cl\u00e9 dans la recherche sur les r\u00e9cepteurs opio\u00efdes, les m\u00e9canismes de d\u00e9pendance et le soulagement de la douleur.<\/p>\n<p><strong>Comment fonctionne l'h\u00e9ro\u00efne ?<\/strong><br \/>\n<strong>H\u00e9ro\u00efne<\/strong> agit en s'adressant aux <strong>R\u00e9cepteurs opio\u00efdes \u00b5<\/strong> dans le syst\u00e8me nerveux central. Cette liaison bloque les signaux de douleur tout en d\u00e9clenchant une forte lib\u00e9ration de dopamine, ce qui entra\u00eene euphorie et relaxation.<\/p>\n<ul>\n<li><strong>effets :<\/strong> Soulagement rapide de la douleur, relaxation intense et s\u00e9dation.<\/li>\n<li><strong>D\u00e9but de l'effet :<\/strong> 2-10 minutes apr\u00e8s l'administration (selon la m\u00e9thode).<\/li>\n<li><strong>Dur\u00e9e de l'effet :<\/strong> 3 \u00e0 6 heures.<\/li>\n<\/ul>\n<p><strong>Formule et propri\u00e9t\u00e9s<\/strong><\/p>\n<ul>\n<li><strong>Nom chimique :<\/strong> Diac\u00e9tylmorphine<\/li>\n<li><strong>Formule mol\u00e9culaire :<\/strong> C21H23NO5<\/li>\n<li><strong>Poids mol\u00e9culaire :<\/strong> 369,41 g\/mol<\/li>\n<\/ul>","protected":false},"featured_media":1612,"comment_status":"open","ping_status":"closed","template":"","meta":{"_joinchat":[]},"product_brand":[],"product_cat":[246],"product_tag":[419,429,418,426,421,436,431,422,443,435,423,430,427,444,420,428,432,441,424,425,437,434,433,439,440,438,442],"class_list":{"0":"post-1264","1":"product","2":"type-product","3":"status-publish","4":"has-post-thumbnail","6":"product_cat-sex-meth","7":"product_tag-diacetylmorphin","8":"product_tag-diacetylmorphin-kaufen","9":"product_tag-heroin","10":"product_tag-heroin-anwendung","11":"product_tag-heroin-bestellen","12":"product_tag-heroin-chemie","13":"product_tag-heroin-dosierung","14":"product_tag-heroin-forschung","15":"product_tag-heroin-fuer-apotheken","16":"product_tag-heroin-fuer-forschung","17":"product_tag-heroin-fuer-medizinische-zwecke","18":"product_tag-heroin-fuer-wissenschaft","19":"product_tag-heroin-grosshandel","20":"product_tag-heroin-in-deutschland-kaufen","21":"product_tag-heroin-kaufen","22":"product_tag-heroin-laborbedarf","23":"product_tag-heroin-lagerung","24":"product_tag-heroin-legal-kaufen","25":"product_tag-heroin-lieferant","26":"product_tag-heroin-preis","27":"product_tag-heroin-reinheit","28":"product_tag-heroin-risiken","29":"product_tag-heroin-sicherheitsrichtlinien","30":"product_tag-heroin-testsubstanzen","31":"product_tag-heroin-weltweit-bestellen","32":"product_tag-heroin-wirkung","33":"product_tag-wo-heroin-kaufen","35":"first","36":"instock","37":"shipping-taxable","38":"purchasable","39":"product-type-variable"},"yoast_head":"<!-- This site is optimized with the Yoast SEO plugin v25.4 - https:\/\/yoast.com\/wordpress\/plugins\/seo\/ -->\n<title>Heroin online kaufen \u2013 Heroin zu verkaufen<\/title>\n<meta name=\"description\" content=\"Kaufen Sie Heroina online zu den besten Preisen in unserem Online-Shop. Wir bieten g\u00fcnstiges und hochwertiges Heroina an und liefern weltweit. Sie k\u00f6nnen jederzeit und \u00fcberall bestellen.\" \/>\n<meta name=\"robots\" content=\"index, follow, max-snippet:-1, max-image-preview:large, max-video-preview:-1\" \/>\n<link rel=\"canonical\" href=\"https:\/\/gblexpress.com\/fr\/produit-2\/heroina\/\" \/>\n<meta property=\"og:locale\" content=\"fr_FR\" \/>\n<meta property=\"og:type\" content=\"article\" \/>\n<meta property=\"og:title\" content=\"Heroin online kaufen \u2013 Heroin zu verkaufen\" \/>\n<meta property=\"og:description\" content=\"Kaufen Sie Heroina online zu den besten Preisen in unserem Online-Shop. Wir bieten g\u00fcnstiges und hochwertiges Heroina an und liefern weltweit. Sie k\u00f6nnen jederzeit und \u00fcberall bestellen.\" \/>\n<meta property=\"og:url\" content=\"https:\/\/gblexpress.com\/fr\/produit-2\/heroina\/\" \/>\n<meta property=\"og:site_name\" content=\"GBL Express\" \/>\n<meta property=\"article:modified_time\" content=\"2026-02-26T07:24:54+00:00\" \/>\n<meta property=\"og:image\" content=\"https:\/\/gblexpress.com\/wp-content\/uploads\/2024\/11\/heroin.jpg\" \/>\n\t<meta property=\"og:image:width\" content=\"600\" \/>\n\t<meta property=\"og:image:height\" content=\"600\" \/>\n\t<meta property=\"og:image:type\" content=\"image\/jpeg\" \/>\n<meta name=\"twitter:card\" content=\"summary_large_image\" \/>\n<meta name=\"twitter:label1\" content=\"Dur\u00e9e de lecture estim\u00e9e\" \/>\n\t<meta name=\"twitter:data1\" content=\"2 minutes\" \/>\n<!-- \/ Yoast SEO plugin. -->","yoast_head_json":{"title":"Acheter de l'h\u00e9ro\u00efne en ligne \u2013 vendre de l'h\u00e9ro\u00efne","description":"Achetez Heroina en ligne aux meilleurs prix dans notre boutique en ligne. Nous proposons de l'h\u00e9ro\u00efne abordable et de haute qualit\u00e9 et exp\u00e9dions dans le monde entier. Vous pouvez commander \u00e0 tout moment et n'importe o\u00f9.","robots":{"index":"index","follow":"follow","max-snippet":"max-snippet:-1","max-image-preview":"max-image-preview:large","max-video-preview":"max-video-preview:-1"},"canonical":"https:\/\/gblexpress.com\/fr\/produit-2\/heroina\/","og_locale":"fr_FR","og_type":"article","og_title":"Heroin online kaufen \u2013 Heroin zu verkaufen","og_description":"Kaufen Sie Heroina online zu den besten Preisen in unserem Online-Shop. Wir bieten g\u00fcnstiges und hochwertiges Heroina an und liefern weltweit. Sie k\u00f6nnen jederzeit und \u00fcberall bestellen.","og_url":"https:\/\/gblexpress.com\/fr\/produit-2\/heroina\/","og_site_name":"GBL Express","article_modified_time":"2026-02-26T07:24:54+00:00","og_image":[{"width":600,"height":600,"url":"https:\/\/gblexpress.com\/wp-content\/uploads\/2024\/11\/heroin.jpg","type":"image\/jpeg"}],"twitter_card":"summary_large_image","twitter_misc":{"Dur\u00e9e de lecture estim\u00e9e":"2 minutes"},"schema":{"@context":"https:\/\/schema.org","@graph":[{"@type":"WebPage","@id":"https:\/\/gblexpress.com\/product\/heroina\/","url":"https:\/\/gblexpress.com\/product\/heroina\/","name":"Acheter de l'h\u00e9ro\u00efne en ligne \u2013 vendre de l'h\u00e9ro\u00efne","isPartOf":{"@id":"https:\/\/gblexpress.com\/#website"},"primaryImageOfPage":{"@id":"https:\/\/gblexpress.com\/product\/heroina\/#primaryimage"},"image":{"@id":"https:\/\/gblexpress.com\/product\/heroina\/#primaryimage"},"thumbnailUrl":"https:\/\/gblexpress.com\/wp-content\/uploads\/2024\/11\/heroin.jpg","datePublished":"2024-11-26T08:00:45+00:00","dateModified":"2026-02-26T07:24:54+00:00","description":"Achetez Heroina en ligne aux meilleurs prix dans notre boutique en ligne. Nous proposons de l'h\u00e9ro\u00efne abordable et de haute qualit\u00e9 et exp\u00e9dions dans le monde entier. Vous pouvez commander \u00e0 tout moment et n'importe o\u00f9.","breadcrumb":{"@id":"https:\/\/gblexpress.com\/product\/heroina\/#breadcrumb"},"inLanguage":"fr-FR","potentialAction":[{"@type":"ReadAction","target":["https:\/\/gblexpress.com\/product\/heroina\/"]}]},{"@type":"ImageObject","inLanguage":"fr-FR","@id":"https:\/\/gblexpress.com\/product\/heroina\/#primaryimage","url":"https:\/\/gblexpress.com\/wp-content\/uploads\/2024\/11\/heroin.jpg","contentUrl":"https:\/\/gblexpress.com\/wp-content\/uploads\/2024\/11\/heroin.jpg","width":600,"height":600,"caption":"heroin online kaufen"},{"@type":"BreadcrumbList","@id":"https:\/\/gblexpress.com\/product\/heroina\/#breadcrumb","itemListElement":[{"@type":"ListItem","position":1,"name":"Home","item":"https:\/\/gblexpress.com\/"},{"@type":"ListItem","position":2,"name":"Shop","item":"https:\/\/gblexpress.com\/shop\/"},{"@type":"ListItem","position":3,"name":"Heroina"}]},{"@type":"WebSite","@id":"https:\/\/gblexpress.com\/#website","url":"https:\/\/gblexpress.com\/","name":"GBL Express","description":"","publisher":{"@id":"https:\/\/gblexpress.com\/#organization"},"potentialAction":[{"@type":"SearchAction","target":{"@type":"EntryPoint","urlTemplate":"https:\/\/gblexpress.com\/?s={search_term_string}"},"query-input":{"@type":"PropertyValueSpecification","valueRequired":true,"valueName":"search_term_string"}}],"inLanguage":"fr-FR"},{"@type":"Organization","@id":"https:\/\/gblexpress.com\/#organization","name":"GBL Express","url":"https:\/\/gblexpress.com\/","logo":{"@type":"ImageObject","inLanguage":"fr-FR","@id":"https:\/\/gblexpress.com\/#\/schema\/logo\/image\/","url":"https:\/\/gblexpress.com\/wp-content\/uploads\/2023\/01\/logo.png","contentUrl":"https:\/\/gblexpress.com\/wp-content\/uploads\/2023\/01\/logo.png","width":250,"height":52,"caption":"GBL Express"},"image":{"@id":"https:\/\/gblexpress.com\/#\/schema\/logo\/image\/"}}]}},"jetpack-related-posts":[],"jetpack_sharing_enabled":true,"_links":{"self":[{"href":"https:\/\/gblexpress.com\/fr\/wp-json\/wp\/v2\/product\/1264","targetHints":{"allow":["GET"]}}],"collection":[{"href":"https:\/\/gblexpress.com\/fr\/wp-json\/wp\/v2\/product"}],"about":[{"href":"https:\/\/gblexpress.com\/fr\/wp-json\/wp\/v2\/types\/product"}],"replies":[{"embeddable":true,"href":"https:\/\/gblexpress.com\/fr\/wp-json\/wp\/v2\/comments?post=1264"}],"wp:featuredmedia":[{"embeddable":true,"href":"https:\/\/gblexpress.com\/fr\/wp-json\/wp\/v2\/media\/1612"}],"wp:attachment":[{"href":"https:\/\/gblexpress.com\/fr\/wp-json\/wp\/v2\/media?parent=1264"}],"wp:term":[{"taxonomy":"product_brand","embeddable":true,"href":"https:\/\/gblexpress.com\/fr\/wp-json\/wp\/v2\/product_brand?post=1264"},{"taxonomy":"product_cat","embeddable":true,"href":"https:\/\/gblexpress.com\/fr\/wp-json\/wp\/v2\/product_cat?post=1264"},{"taxonomy":"product_tag","embeddable":true,"href":"https:\/\/gblexpress.com\/fr\/wp-json\/wp\/v2\/product_tag?post=1264"}],"curies":[{"name":"wp","href":"https:\/\/api.w.org\/{rel}","templated":true}]}}