{"id":1337,"date":"2024-11-27T09:59:17","date_gmt":"2024-11-27T09:59:17","guid":{"rendered":"https:\/\/gblexpress.com\/?post_type=product&#038;p=1337"},"modified":"2026-02-25T05:17:03","modified_gmt":"2026-02-25T05:17:03","slug":"dianabol-10mg","status":"publish","type":"product","link":"https:\/\/gblexpress.com\/fr\/produit-2\/dianabol-10mg\/","title":{"rendered":"Dianabol 10mg"},"content":{"rendered":"<h2><strong>Dianabol 10mg online kaufen \u2013 Maximale Ergebnisse f\u00fcr Bodybuilding<\/strong><\/h2>\n<p>Dianabol 10mg, \u00e9galement connu sous le nom de <a href=\"https:\/\/en.wikipedia.org\/wiki\/Metandienone\"><strong>M\u00e9thandi\u00e9none<\/strong><\/a>est l'un des st\u00e9ro\u00efdes les plus populaires chez les bodybuilders. Il favorise un d\u00e9veloppement musculaire rapide, augmente la force et soutient les phases d'entra\u00eenement intenses. Parfait pour le cycle de construction, Dianabol offre des r\u00e9sultats efficaces avec une formule fiable Acheter Dianabol 10mg<a href=\"https:\/\/gblexprimer.com\/product\/achats-en-ligne-gbl\/\">.<\/a><\/p>\n<h3><strong>Avantages de Dianabol 10mg :<\/strong><\/h3>\n<ul>\n<li><strong>D\u00e9veloppement musculaire rapide :<\/strong> Augmentations <a href=\"https:\/\/gblexpress.com\/fr\/produit-2\/dianabol-10mg\/\">Masse musculaire<\/a> dans peu de temps.<\/li>\n<li><strong>Augmentation de la force :<\/strong> Id\u00e9al pour les athl\u00e8tes en phase d'entra\u00eenement intensif.<\/li>\n<li><strong>Une qualit\u00e9 \u00e9prouv\u00e9e :<\/strong> Des r\u00e9sultats fiables \u00e0 chaque dose<a href=\"https:\/\/gblexpress.com\/fr\/boutique\/sec-cuit-ghb-500-gram\/\">.<\/a><\/li>\n<\/ul>\n<p><strong>Acheter Dianabol maintenant<\/strong> et profiter d'une exp\u00e9dition s\u00fbre et discr\u00e8te !<\/p>","protected":false},"excerpt":{"rendered":"<p>Dianabol 10mg, \u00e9galement connu sous le nom de <strong>M\u00e9thandi\u00e9none<\/strong>est l'un des st\u00e9ro\u00efdes anabolisants les plus demand\u00e9s en bodybuilding. Il a \u00e9t\u00e9 sp\u00e9cialement con\u00e7u pour favoriser un d\u00e9veloppement musculaire rapide, une force am\u00e9lior\u00e9e et des performances d'entra\u00eenement accrues. Gr\u00e2ce \u00e0 sa formule \u00e9prouv\u00e9e, il est id\u00e9al pour les athl\u00e8tes qui souhaitent obtenir un maximum de r\u00e9sultats en un minimum de temps.<\/p>\n<h3><strong>Avantages de Dianabol 10mg<\/strong><\/h3>\n<ul>\n<li><strong>D\u00e9veloppement musculaire rapide<\/strong>: Augmente efficacement la masse musculaire.<\/li>\n<li><strong>Augmentation de la force<\/strong>: Parfait pour un entra\u00eenement intensif et une performance maximale.<\/li>\n<li><strong>Dosage facile<\/strong>Chaque comprim\u00e9 contient 10 mg pour une prise pr\u00e9cise.<\/li>\n<\/ul>\n<h3><strong>Pourquoi acheter Dianabol 10mg ?<\/strong><\/h3>\n<ul>\n<li><strong>Une qualit\u00e9 \u00e9prouv\u00e9e<\/strong>R\u00e9sultats s\u00fbrs et fiables.<\/li>\n<li><strong>Utilisation flexible<\/strong>Convient \u00e0 la prise de masse et \u00e0 l'am\u00e9lioration des performances.<\/li>\n<li><strong>Envoi discret<\/strong>: Livr\u00e9 en toute s\u00e9curit\u00e9 et de mani\u00e8re anonyme<\/li>\n<\/ul>","protected":false},"featured_media":1615,"comment_status":"open","ping_status":"closed","template":"","meta":{"_joinchat":[]},"product_brand":[],"product_cat":[247],"product_tag":[755,753,756,754,757],"class_list":{"0":"post-1337","1":"product","2":"type-product","3":"status-publish","4":"has-post-thumbnail","6":"product_cat-steroid","7":"product_tag-anabolika-muskelaufbau","8":"product_tag-dianabol-10mg-kaufen","9":"product_tag-dianabol-fuer-bodybuilder","10":"product_tag-methandienon-bestellen","11":"product_tag-steroide-fuer-kraftsteigerung","13":"first","14":"instock","15":"shipping-taxable","16":"purchasable","17":"product-type-variable"},"yoast_head":"<!-- This site is optimized with the Yoast SEO plugin v25.4 - https:\/\/yoast.com\/wordpress\/plugins\/seo\/ -->\n<title>Dianabol 10 mg online kaufen \u2013 Dianabol 10 mg zu verkaufen<\/title>\n<meta name=\"description\" content=\"M\u00f6chten Sie Ihre Forschung vorantreiben? Kaufen Sie Dianabol 10 mg bequem und sicher online \u2013 mit einem unkomplizierten Bestellvorgang. Entdecken Sie die M\u00f6glichkeiten und kaufen Sie Dianabol 10 mg noch heute online f\u00fcr Ihre Forschungsvorhaben.\" \/>\n<meta name=\"robots\" content=\"index, follow, max-snippet:-1, max-image-preview:large, max-video-preview:-1\" \/>\n<link rel=\"canonical\" href=\"https:\/\/gblexpress.com\/fr\/produit-2\/dianabol-10mg\/\" \/>\n<meta property=\"og:locale\" content=\"fr_FR\" \/>\n<meta property=\"og:type\" content=\"article\" \/>\n<meta property=\"og:title\" content=\"Dianabol 10 mg online kaufen \u2013 Dianabol 10 mg zu verkaufen\" \/>\n<meta property=\"og:description\" content=\"M\u00f6chten Sie Ihre Forschung vorantreiben? Kaufen Sie Dianabol 10 mg bequem und sicher online \u2013 mit einem unkomplizierten Bestellvorgang. Entdecken Sie die M\u00f6glichkeiten und kaufen Sie Dianabol 10 mg noch heute online f\u00fcr Ihre Forschungsvorhaben.\" \/>\n<meta property=\"og:url\" content=\"https:\/\/gblexpress.com\/fr\/produit-2\/dianabol-10mg\/\" \/>\n<meta property=\"og:site_name\" content=\"GBL Express\" \/>\n<meta property=\"article:modified_time\" content=\"2026-02-25T05:17:03+00:00\" \/>\n<meta property=\"og:image\" content=\"https:\/\/gblexpress.com\/wp-content\/uploads\/2024\/11\/Dianabol-10mg.jpg\" \/>\n\t<meta property=\"og:image:width\" content=\"600\" \/>\n\t<meta property=\"og:image:height\" content=\"600\" \/>\n\t<meta property=\"og:image:type\" content=\"image\/jpeg\" \/>\n<meta name=\"twitter:card\" content=\"summary_large_image\" \/>\n<meta name=\"twitter:label1\" content=\"Dur\u00e9e de lecture estim\u00e9e\" \/>\n\t<meta name=\"twitter:data1\" content=\"1 minute\" \/>\n<!-- \/ Yoast SEO plugin. -->","yoast_head_json":{"title":"Acheter du Dianabol 10 mg en ligne \u2013 Dianabol 10 mg \u00e0 vendre","description":"Souhaitez-vous faire avancer vos recherches ? Achetez Dianabol 10 mg facilement et en toute s\u00e9curit\u00e9 en ligne \u2013 avec un processus de commande simple. D\u00e9couvrez les possibilit\u00e9s et achetez Dianabol 10 mg en ligne d\u00e8s aujourd'hui pour vos projets de recherche.","robots":{"index":"index","follow":"follow","max-snippet":"max-snippet:-1","max-image-preview":"max-image-preview:large","max-video-preview":"max-video-preview:-1"},"canonical":"https:\/\/gblexpress.com\/fr\/produit-2\/dianabol-10mg\/","og_locale":"fr_FR","og_type":"article","og_title":"Dianabol 10 mg online kaufen \u2013 Dianabol 10 mg zu verkaufen","og_description":"M\u00f6chten Sie Ihre Forschung vorantreiben? Kaufen Sie Dianabol 10 mg bequem und sicher online \u2013 mit einem unkomplizierten Bestellvorgang. Entdecken Sie die M\u00f6glichkeiten und kaufen Sie Dianabol 10 mg noch heute online f\u00fcr Ihre Forschungsvorhaben.","og_url":"https:\/\/gblexpress.com\/fr\/produit-2\/dianabol-10mg\/","og_site_name":"GBL Express","article_modified_time":"2026-02-25T05:17:03+00:00","og_image":[{"width":600,"height":600,"url":"https:\/\/gblexpress.com\/wp-content\/uploads\/2024\/11\/Dianabol-10mg.jpg","type":"image\/jpeg"}],"twitter_card":"summary_large_image","twitter_misc":{"Dur\u00e9e de lecture estim\u00e9e":"1 minute"},"schema":{"@context":"https:\/\/schema.org","@graph":[{"@type":"WebPage","@id":"https:\/\/gblexpress.com\/product\/dianabol-10mg\/","url":"https:\/\/gblexpress.com\/product\/dianabol-10mg\/","name":"Acheter du Dianabol 10 mg en ligne \u2013 Dianabol 10 mg \u00e0 vendre","isPartOf":{"@id":"https:\/\/gblexpress.com\/#website"},"primaryImageOfPage":{"@id":"https:\/\/gblexpress.com\/product\/dianabol-10mg\/#primaryimage"},"image":{"@id":"https:\/\/gblexpress.com\/product\/dianabol-10mg\/#primaryimage"},"thumbnailUrl":"https:\/\/gblexpress.com\/wp-content\/uploads\/2024\/11\/Dianabol-10mg.jpg","datePublished":"2024-11-27T09:59:17+00:00","dateModified":"2026-02-25T05:17:03+00:00","description":"Souhaitez-vous faire avancer vos recherches ? Achetez Dianabol 10 mg facilement et en toute s\u00e9curit\u00e9 en ligne \u2013 avec un processus de commande simple. D\u00e9couvrez les possibilit\u00e9s et achetez Dianabol 10 mg en ligne d\u00e8s aujourd'hui pour vos projets de recherche.","breadcrumb":{"@id":"https:\/\/gblexpress.com\/product\/dianabol-10mg\/#breadcrumb"},"inLanguage":"fr-FR","potentialAction":[{"@type":"ReadAction","target":["https:\/\/gblexpress.com\/product\/dianabol-10mg\/"]}]},{"@type":"ImageObject","inLanguage":"fr-FR","@id":"https:\/\/gblexpress.com\/product\/dianabol-10mg\/#primaryimage","url":"https:\/\/gblexpress.com\/wp-content\/uploads\/2024\/11\/Dianabol-10mg.jpg","contentUrl":"https:\/\/gblexpress.com\/wp-content\/uploads\/2024\/11\/Dianabol-10mg.jpg","width":600,"height":600,"caption":"Dianabol-10mg online kaufen"},{"@type":"BreadcrumbList","@id":"https:\/\/gblexpress.com\/product\/dianabol-10mg\/#breadcrumb","itemListElement":[{"@type":"ListItem","position":1,"name":"Home","item":"https:\/\/gblexpress.com\/"},{"@type":"ListItem","position":2,"name":"Shop","item":"https:\/\/gblexpress.com\/shop\/"},{"@type":"ListItem","position":3,"name":"Dianabol 10mg"}]},{"@type":"WebSite","@id":"https:\/\/gblexpress.com\/#website","url":"https:\/\/gblexpress.com\/","name":"GBL Express","description":"","publisher":{"@id":"https:\/\/gblexpress.com\/#organization"},"potentialAction":[{"@type":"SearchAction","target":{"@type":"EntryPoint","urlTemplate":"https:\/\/gblexpress.com\/?s={search_term_string}"},"query-input":{"@type":"PropertyValueSpecification","valueRequired":true,"valueName":"search_term_string"}}],"inLanguage":"fr-FR"},{"@type":"Organization","@id":"https:\/\/gblexpress.com\/#organization","name":"GBL Express","url":"https:\/\/gblexpress.com\/","logo":{"@type":"ImageObject","inLanguage":"fr-FR","@id":"https:\/\/gblexpress.com\/#\/schema\/logo\/image\/","url":"https:\/\/gblexpress.com\/wp-content\/uploads\/2023\/01\/logo.png","contentUrl":"https:\/\/gblexpress.com\/wp-content\/uploads\/2023\/01\/logo.png","width":250,"height":52,"caption":"GBL Express"},"image":{"@id":"https:\/\/gblexpress.com\/#\/schema\/logo\/image\/"}}]}},"jetpack-related-posts":[],"jetpack_sharing_enabled":true,"_links":{"self":[{"href":"https:\/\/gblexpress.com\/fr\/wp-json\/wp\/v2\/product\/1337","targetHints":{"allow":["GET"]}}],"collection":[{"href":"https:\/\/gblexpress.com\/fr\/wp-json\/wp\/v2\/product"}],"about":[{"href":"https:\/\/gblexpress.com\/fr\/wp-json\/wp\/v2\/types\/product"}],"replies":[{"embeddable":true,"href":"https:\/\/gblexpress.com\/fr\/wp-json\/wp\/v2\/comments?post=1337"}],"wp:featuredmedia":[{"embeddable":true,"href":"https:\/\/gblexpress.com\/fr\/wp-json\/wp\/v2\/media\/1615"}],"wp:attachment":[{"href":"https:\/\/gblexpress.com\/fr\/wp-json\/wp\/v2\/media?parent=1337"}],"wp:term":[{"taxonomy":"product_brand","embeddable":true,"href":"https:\/\/gblexpress.com\/fr\/wp-json\/wp\/v2\/product_brand?post=1337"},{"taxonomy":"product_cat","embeddable":true,"href":"https:\/\/gblexpress.com\/fr\/wp-json\/wp\/v2\/product_cat?post=1337"},{"taxonomy":"product_tag","embeddable":true,"href":"https:\/\/gblexpress.com\/fr\/wp-json\/wp\/v2\/product_tag?post=1337"}],"curies":[{"name":"wp","href":"https:\/\/api.w.org\/{rel}","templated":true}]}}