{"id":475,"date":"2023-05-17T10:52:46","date_gmt":"2023-05-17T10:52:46","guid":{"rendered":"https:\/\/gblexpress.com\/?post_type=product&#038;p=475"},"modified":"2026-03-06T09:03:05","modified_gmt":"2026-03-06T09:03:05","slug":"ritalin-acheter","status":"publish","type":"product","link":"https:\/\/gblexpress.com\/fr\/produit-2\/ritalin-acheter\/","title":{"rendered":"Acheter du Ritalin en ligne"},"content":{"rendered":"<h2>Acheter du Ritalin en ligne<\/h2>\n<p><a href=\"https:\/\/gblexpress.com\/fr\/\">M\u00e9thylph\u00e9nidate<\/a> Le m\u00e9dicament achet\u00e9 est d\u00e9guis\u00e9 en comprim\u00e9 de Ritalin destin\u00e9 \u00e0 un usage public. Ce m\u00e9dicament est tr\u00e8s efficace pour gu\u00e9rir les sympt\u00f4mes du TDAH. Les m\u00e9decins peuvent <a href=\"https:\/\/gblexpress.com\/fr\/produit-2\/ritalin-acheter\/\">Comprim\u00e9s de Ritaline 20 mg (m\u00e9thylph\u00e9nidate)<\/a> mais \u00e9galement prescrit comme option de traitement hors AMM pour la d\u00e9pression et la maladie de Parkinson.<\/p>\n<p>Le m\u00e9dicament m\u00e9thylph\u00e9nidate est \u00e9galement connu comme un stimulant du syst\u00e8me nerveux central qui aide \u00e0 augmenter le taux de dopamine dans le cerveau d'une personne. Cette dopamine est un neurotransmetteur qui favorise les sentiments de motivation et d'enthousiasme. Cela signifie qu'une plus grande quantit\u00e9 de dopamine peut aider une personne \u00e0 mieux se concentrer, \u00e0 mieux se concentrer sur la vie quotidienne et \u00e0 r\u00e9duire d'autres sympt\u00f4mes du TDAH.<\/p>\n<h3><strong>Disponibilit\u00e9<\/strong><\/h3>\n<p>Le m\u00e9dicament \u00e0 base de m\u00e9thylph\u00e9nidate est fourni sous forme de comprim\u00e9s oraux, de comprim\u00e9s et de g\u00e9lules \u00e0 lib\u00e9ration prolong\u00e9e, de comprim\u00e9s \u00e0 croquer, de comprim\u00e9s \u00e0 croquer \u00e0 lib\u00e9ration prolong\u00e9e et de comprim\u00e9s \u00e0 d\u00e9sint\u00e9gration orale \u00e0 lib\u00e9ration prolong\u00e9e. Outre la Ritaline, elle est \u00e9galement propos\u00e9e sous d'autres noms commerciaux, comme par exemple <a href=\"https:\/\/en.wikipedia.org\/wiki\/Methylphenidate\">acheter m\u00e9thylph\u00e9nidate<\/a><\/p>\n<h3><strong>Pourquoi acheter Ritalin en ligne ?<\/strong><\/h3>\n<h3>Il y a beaucoup d'avantages \u00e0 acheter de la Ritaline en ligne, mais certains des avantages les plus importants et les plus communs sont<\/h3>\n<p>Vous pouvez acheter des m\u00e9dicaments approuv\u00e9s par la FDA en ligne, sans la prescription d'un m\u00e9decin. Bien que la Ritaline soit devenue une drogue l\u00e9gale, elle n'est pas facilement accessible dans les pharmacies. Pour acheter ce m\u00e9dicament, vous devez d'abord obtenir une recommandation du m\u00e9decin, mais en raison de votre emploi du temps charg\u00e9, vous ne serez pas en mesure de l'acheter dans de tels cas Ritalin en ligne est la meilleure option pour vous. L'acheter en ligne permet d'\u00e9conomiser non seulement votre argent, mais aussi votre temps pr\u00e9cieux. Acheter du Ritalin en ligne sans ordonnance.<\/p>\n<p>Un autre avantage de l'achat de Ritaline en ligne est qu'il est beaucoup moins cher que les pilules de Ritaline disponibles dans les pharmacies locales. Les pilules que vous obtenez en ligne ne sont pas bon march\u00e9 parce qu'elles sont de faible qualit\u00e9 en fait, elles sont bon march\u00e9 parce que les drogueries en ligne n'ont pas \u00e0 payer de frais suppl\u00e9mentaires en raison desquels elles peuvent vendre ces pilules \u00e0 un prix inf\u00e9rieur.<\/p>\n<h3><strong>Peut-on acheter du Ritalin en ligne sans ordonnance ?<\/strong><\/h3>\n<p>Ja! Bei uns k\u00f6nnen Sie Ritalin online kaufen, ohne ein Rezept zu haben. Sie m\u00fcssen nur Ihre Bestellung auf unserer Website aufgeben und die Zahlungsdetails ausf\u00fcllen. Ihre Ritalin-Pillen werden innerhalb von 24 bis 48 Stunden geliefert. Die Qualit\u00e4t und Wirksamkeit dieser Medikamente sind die gleichen wie die Pillen, die Sie von lokalen Apotheken kaufen.<\/p>\n<p>Ritalin online ohne Rezept kaufen.<\/p>\n<p>M\u00e9thyline<\/p>\n<p>Concert<\/p>\n<p>M\u00e9tadonn\u00e9e ER<\/p>\n<p>Urgences de Quillichew<\/p>\n<p>Quillivant<\/p>\n<p>Apt\u00e9nie<\/p>\n<p>Cotempla XR-OTD<\/p>\n<p>Adhansia<\/p>\n<p>Tous ces m\u00e9dicaments sont approuv\u00e9s par les experts pour un usage public.<\/p>","protected":false},"excerpt":{"rendered":"<p>\u00c0 propos de Ritalin (m\u00e9dicament g\u00e9n\u00e9rique)<\/p>\n<p>Ce m\u00e9dicament est utilis\u00e9 pour traiter le trouble d'hyperactivit\u00e9 avec d\u00e9ficit de l'attention (TDAH). Il agit en modifiant la quantit\u00e9 de certaines substances naturelles dans le cerveau. Le m\u00e9thylph\u00e9nidate fait partie d'une classe de m\u00e9dicaments connus sous le nom de stimulants. Le m\u00e9thylph\u00e9nidate peut contribuer \u00e0 augmenter votre attention, \u00e0 vous concentrer sur une activit\u00e9 et \u00e0 contr\u00f4ler les probl\u00e8mes de comportement. Il peut \u00e9galement vous aider \u00e0 organiser vos t\u00e2ches et \u00e0 am\u00e9liorer votre audition.<\/p>\n<ol>\n<li><strong>Comment fonctionne le Ritalin ?<\/strong><br \/>\nLa Ritaline agit en inhibant la recapture de la dopamine et de la noradr\u00e9naline dans le cerveau. Cela augmente la disponibilit\u00e9 de ces neurotransmetteurs dans la fente synaptique et am\u00e9liore ainsi l'attention, le contr\u00f4le des impulsions et la vigilance.<\/p>\n<ul>\n<li><strong>effets :<\/strong> Am\u00e9lioration de la concentration, augmentation de la vigilance et r\u00e9duction de l'hyperactivit\u00e9.<\/li>\n<li><strong>D\u00e9but de l'effet :<\/strong> 20-60 minutes apr\u00e8s l'ingestion.<\/li>\n<li><strong>Dur\u00e9e de l'effet :<\/strong> 3 \u00e0 6 heures pour les comprim\u00e9s standard, jusqu'\u00e0 12 heures pour les capsules \u00e0 lib\u00e9ration prolong\u00e9e.<\/li>\n<\/ul>\n<p><strong>Formule et propri\u00e9t\u00e9s<\/strong><\/p>\n<ul>\n<li><strong>Nom chimique :<\/strong> Ac\u00e9tate de m\u00e9thylph\u00e9nyle (pip\u00e9ridine-2-yle)<\/li>\n<li><strong>Formule mol\u00e9culaire :<\/strong> C14H19NO2<\/li>\n<li><strong>Poids mol\u00e9culaire :<\/strong> 233,31 g\/mol<\/li>\n<\/ul>\n<\/li>\n<\/ol>","protected":false},"featured_media":1639,"comment_status":"open","ping_status":"closed","template":"","meta":{"_joinchat":[]},"product_brand":[],"product_cat":[33,34,36,35,246],"product_tag":[98,134,108,99,118,106,105,104,107,110,329,114,115,100,101,113,112,111,117,116,119,120,310,311,121,317,318,312,124,328,313,314,325,315,322,327,306,319,316,308,321,103,129,307,102,130,320,326,309,122,323,324,125,126,127,123,128,131,133,132,109,135,330],"class_list":{"0":"post-475","1":"product","2":"type-product","3":"status-publish","4":"has-post-thumbnail","6":"product_cat-gbl-gamma-butyrolactone-25l","7":"product_cat-ghb","8":"product_cat-ko-drops","9":"product_cat-ritalin","10":"product_cat-sex-meth","11":"product_tag-adhd-methylphenidat","12":"product_tag-einnahme-von-ritalin","13":"product_tag-goodrx-methylphenidat","14":"product_tag-guenstiges-ritalin-online-kaufen","15":"product_tag-kein-rx-ritalin","16":"product_tag-koennen-sie-bekommen-rezeptfreie-adhs-medikamente","17":"product_tag-koennen-sie-ritalin-ohne-rezept-kaufen","18":"product_tag-koennen-sie-ritalin-rezeptfrei-in-grossbritannien-kaufen","19":"product_tag-koennen-sie-sich-ritalin-online-verschreiben-lassen","20":"product_tag-methylphenidat","21":"product_tag-methylphenidat-kaufen","22":"product_tag-methylphenidat-mg","23":"product_tag-methylphenidat-online","24":"product_tag-methylphenidat-online-kaufen","25":"product_tag-methylphenidat-online-ohne-rezept-kaufen","26":"product_tag-methylphenidat-zum-online-verkauf","27":"product_tag-methylphenidat-zum-verkauf","28":"product_tag-methylphenidat-kosten","29":"product_tag-methylphenidat-preis","30":"product_tag-methylphenidat-rezept","31":"product_tag-ritalin","32":"product_tag-ritalin-10-mg","33":"product_tag-ritalin-10mg","34":"product_tag-ritalin-20mg","35":"product_tag-ritalin-adh","36":"product_tag-ritalin-anwendung","37":"product_tag-ritalin-dosierung","38":"product_tag-ritalin-fuer-adhs","39":"product_tag-ritalin-fuer-erwachsene","40":"product_tag-ritalin-fuer-forschung","41":"product_tag-ritalin-fuer-kinder","42":"product_tag-ritalin-fuer-konzentration","43":"product_tag-ritalin-fuer-labore","44":"product_tag-ritalin-fuer-studienzwecke","45":"product_tag-ritalin-grosshandel","46":"product_tag-ritalin-in-deutschland-kaufen","47":"product_tag-ritalin-kaufen","48":"product_tag-ritalin-lagerung","49":"product_tag-ritalin-legal-kaufen","50":"product_tag-ritalin-lieferant","51":"product_tag-ritalin-nebenwirkungen","52":"product_tag-ritalin-ohne-rezept-kaufen","53":"product_tag-ritalin-online","54":"product_tag-ritalin-online-bestellen","55":"product_tag-ritalin-online-mit-nachtlieferung-kaufen","56":"product_tag-ritalin-online-ohne-rezept","57":"product_tag-ritalin-risiken","58":"product_tag-ritalin-sicherheit","59":"product_tag-ritalin-tabletten","60":"product_tag-ritalin-und-adh","61":"product_tag-ritalin-vertrieb","62":"product_tag-ritalin-weltweit-bestellen","63":"product_tag-ritalin-zum-verkauf","64":"product_tag-ritalin-zum-verkauf-in-den-usa","65":"product_tag-ritalin-zum-verkauf-online","66":"product_tag-ritalin-kosten","67":"product_tag-ritalin-medikamente","68":"product_tag-ritalin-pille","69":"product_tag-ritalin-preis","70":"product_tag-ritalin-rezept","71":"product_tag-so-bestellen-sie-ritalin-online","72":"product_tag-welche-rezeptfreien-medikamente-helfen-bei-adhs","73":"product_tag-wo-ritalin-kaufen","75":"first","76":"instock","77":"shipping-taxable","78":"purchasable","79":"product-type-variable","80":"has-default-attributes"},"yoast_head":"<!-- This site is optimized with the Yoast SEO plugin v25.4 - https:\/\/yoast.com\/wordpress\/plugins\/seo\/ -->\n<title>Ritalin online kaufen \u2013 Ritalin zu verkaufen | Gblexpress<\/title>\n<meta name=\"description\" content=\"M\u00f6chten Sie Ihre Forschung vorantreiben? Kaufen Sie Ritalin bequem und sicher online \u2013 mit einem unkomplizierten Bestellvorgang. Entdecken Sie die M\u00f6glichkeiten und kaufen Sie Ritalin noch heute online f\u00fcr Ihre Forschungsvorhaben.\" \/>\n<meta name=\"robots\" content=\"index, follow, max-snippet:-1, max-image-preview:large, max-video-preview:-1\" \/>\n<link rel=\"canonical\" href=\"https:\/\/gblexpress.com\/fr\/produit-2\/ritalin-acheter\/\" \/>\n<meta property=\"og:locale\" content=\"fr_FR\" \/>\n<meta property=\"og:type\" content=\"article\" \/>\n<meta property=\"og:title\" content=\"Ritalin online kaufen \u2013 Ritalin zu verkaufen | Gblexpress\" \/>\n<meta property=\"og:description\" content=\"M\u00f6chten Sie Ihre Forschung vorantreiben? Kaufen Sie Ritalin bequem und sicher online \u2013 mit einem unkomplizierten Bestellvorgang. Entdecken Sie die M\u00f6glichkeiten und kaufen Sie Ritalin noch heute online f\u00fcr Ihre Forschungsvorhaben.\" \/>\n<meta property=\"og:url\" content=\"https:\/\/gblexpress.com\/fr\/produit-2\/ritalin-acheter\/\" \/>\n<meta property=\"og:site_name\" content=\"GBL Express\" \/>\n<meta property=\"article:modified_time\" content=\"2026-03-06T09:03:05+00:00\" \/>\n<meta property=\"og:image\" content=\"https:\/\/gblexpress.com\/wp-content\/uploads\/2023\/05\/Ritalin-1.jpg\" \/>\n\t<meta property=\"og:image:width\" content=\"600\" \/>\n\t<meta property=\"og:image:height\" content=\"600\" \/>\n\t<meta property=\"og:image:type\" content=\"image\/jpeg\" \/>\n<meta name=\"twitter:card\" content=\"summary_large_image\" \/>\n<meta name=\"twitter:label1\" content=\"Dur\u00e9e de lecture estim\u00e9e\" \/>\n\t<meta name=\"twitter:data1\" content=\"2 minutes\" \/>\n<!-- \/ Yoast SEO plugin. -->","yoast_head_json":{"title":"Acheter du Ritalin en ligne \u2013 Ritalin \u00e0 vendre | Gblexpress","description":"Souhaitez-vous faire avancer vos recherches ? Achetez du Ritalin facilement et en toute s\u00e9curit\u00e9 en ligne \u2013 avec un processus de commande simple. D\u00e9couvrez les possibilit\u00e9s et achetez du Ritalin en ligne d\u00e8s aujourd'hui pour vos projets de recherche.","robots":{"index":"index","follow":"follow","max-snippet":"max-snippet:-1","max-image-preview":"max-image-preview:large","max-video-preview":"max-video-preview:-1"},"canonical":"https:\/\/gblexpress.com\/fr\/produit-2\/ritalin-acheter\/","og_locale":"fr_FR","og_type":"article","og_title":"Ritalin online kaufen \u2013 Ritalin zu verkaufen | Gblexpress","og_description":"M\u00f6chten Sie Ihre Forschung vorantreiben? Kaufen Sie Ritalin bequem und sicher online \u2013 mit einem unkomplizierten Bestellvorgang. Entdecken Sie die M\u00f6glichkeiten und kaufen Sie Ritalin noch heute online f\u00fcr Ihre Forschungsvorhaben.","og_url":"https:\/\/gblexpress.com\/fr\/produit-2\/ritalin-acheter\/","og_site_name":"GBL Express","article_modified_time":"2026-03-06T09:03:05+00:00","og_image":[{"width":600,"height":600,"url":"https:\/\/gblexpress.com\/wp-content\/uploads\/2023\/05\/Ritalin-1.jpg","type":"image\/jpeg"}],"twitter_card":"summary_large_image","twitter_misc":{"Dur\u00e9e de lecture estim\u00e9e":"2 minutes"},"schema":{"@context":"https:\/\/schema.org","@graph":[{"@type":"WebPage","@id":"https:\/\/gblexpress.com\/product\/ritalin-kaufen\/","url":"https:\/\/gblexpress.com\/product\/ritalin-kaufen\/","name":"Acheter du Ritalin en ligne \u2013 Ritalin \u00e0 vendre | Gblexpress","isPartOf":{"@id":"https:\/\/gblexpress.com\/#website"},"primaryImageOfPage":{"@id":"https:\/\/gblexpress.com\/product\/ritalin-kaufen\/#primaryimage"},"image":{"@id":"https:\/\/gblexpress.com\/product\/ritalin-kaufen\/#primaryimage"},"thumbnailUrl":"https:\/\/gblexpress.com\/wp-content\/uploads\/2023\/05\/Ritalin-1.jpg","datePublished":"2023-05-17T10:52:46+00:00","dateModified":"2026-03-06T09:03:05+00:00","description":"Souhaitez-vous faire avancer vos recherches ? Achetez du Ritalin facilement et en toute s\u00e9curit\u00e9 en ligne \u2013 avec un processus de commande simple. D\u00e9couvrez les possibilit\u00e9s et achetez du Ritalin en ligne d\u00e8s aujourd'hui pour vos projets de recherche.","breadcrumb":{"@id":"https:\/\/gblexpress.com\/product\/ritalin-kaufen\/#breadcrumb"},"inLanguage":"fr-FR","potentialAction":[{"@type":"ReadAction","target":["https:\/\/gblexpress.com\/product\/ritalin-kaufen\/"]}]},{"@type":"ImageObject","inLanguage":"fr-FR","@id":"https:\/\/gblexpress.com\/product\/ritalin-kaufen\/#primaryimage","url":"https:\/\/gblexpress.com\/wp-content\/uploads\/2023\/05\/Ritalin-1.jpg","contentUrl":"https:\/\/gblexpress.com\/wp-content\/uploads\/2023\/05\/Ritalin-1.jpg","width":600,"height":600,"caption":"Ritalin online kaufen"},{"@type":"BreadcrumbList","@id":"https:\/\/gblexpress.com\/product\/ritalin-kaufen\/#breadcrumb","itemListElement":[{"@type":"ListItem","position":1,"name":"Home","item":"https:\/\/gblexpress.com\/"},{"@type":"ListItem","position":2,"name":"Shop","item":"https:\/\/gblexpress.com\/shop\/"},{"@type":"ListItem","position":3,"name":"Ritalin Online Kaufen"}]},{"@type":"WebSite","@id":"https:\/\/gblexpress.com\/#website","url":"https:\/\/gblexpress.com\/","name":"GBL Express","description":"","publisher":{"@id":"https:\/\/gblexpress.com\/#organization"},"potentialAction":[{"@type":"SearchAction","target":{"@type":"EntryPoint","urlTemplate":"https:\/\/gblexpress.com\/?s={search_term_string}"},"query-input":{"@type":"PropertyValueSpecification","valueRequired":true,"valueName":"search_term_string"}}],"inLanguage":"fr-FR"},{"@type":"Organization","@id":"https:\/\/gblexpress.com\/#organization","name":"GBL Express","url":"https:\/\/gblexpress.com\/","logo":{"@type":"ImageObject","inLanguage":"fr-FR","@id":"https:\/\/gblexpress.com\/#\/schema\/logo\/image\/","url":"https:\/\/gblexpress.com\/wp-content\/uploads\/2023\/01\/logo.png","contentUrl":"https:\/\/gblexpress.com\/wp-content\/uploads\/2023\/01\/logo.png","width":250,"height":52,"caption":"GBL Express"},"image":{"@id":"https:\/\/gblexpress.com\/#\/schema\/logo\/image\/"}}]}},"jetpack-related-posts":[],"jetpack_sharing_enabled":true,"_links":{"self":[{"href":"https:\/\/gblexpress.com\/fr\/wp-json\/wp\/v2\/product\/475","targetHints":{"allow":["GET"]}}],"collection":[{"href":"https:\/\/gblexpress.com\/fr\/wp-json\/wp\/v2\/product"}],"about":[{"href":"https:\/\/gblexpress.com\/fr\/wp-json\/wp\/v2\/types\/product"}],"replies":[{"embeddable":true,"href":"https:\/\/gblexpress.com\/fr\/wp-json\/wp\/v2\/comments?post=475"}],"wp:featuredmedia":[{"embeddable":true,"href":"https:\/\/gblexpress.com\/fr\/wp-json\/wp\/v2\/media\/1639"}],"wp:attachment":[{"href":"https:\/\/gblexpress.com\/fr\/wp-json\/wp\/v2\/media?parent=475"}],"wp:term":[{"taxonomy":"product_brand","embeddable":true,"href":"https:\/\/gblexpress.com\/fr\/wp-json\/wp\/v2\/product_brand?post=475"},{"taxonomy":"product_cat","embeddable":true,"href":"https:\/\/gblexpress.com\/fr\/wp-json\/wp\/v2\/product_cat?post=475"},{"taxonomy":"product_tag","embeddable":true,"href":"https:\/\/gblexpress.com\/fr\/wp-json\/wp\/v2\/product_tag?post=475"}],"curies":[{"name":"wp","href":"https:\/\/api.w.org\/{rel}","templated":true}]}}