{"id":547,"date":"2023-05-24T06:04:39","date_gmt":"2023-05-24T06:04:39","guid":{"rendered":"https:\/\/gblexpress.com\/?post_type=product&#038;p=547"},"modified":"2026-02-26T07:24:53","modified_gmt":"2026-02-26T07:24:53","slug":"heaven-pure-ecstasy-500-mg-%ce%b3-hydroxybuttersaeure-ghb","status":"publish","type":"product","link":"https:\/\/gblexpress.com\/fr\/produit-2\/heaven-pure-ecstasy-500-mg-%ce%b3-hydroxybuttersaeure-ghb\/","title":{"rendered":"Heaven Pure Ecstasy 500 mg d'acide \u03b3-hydroxybutyrique (GHB)"},"content":{"rendered":"<h2><strong>Angaben zur Haltbarkeit: Heaven Pure Ecstasy 500 mg \u03b3-Hydroxybutters\u00e4ure (GHB) Online kaufen<\/strong><\/h2>\n<p><a href=\"https:\/\/en.wikipedia.org\/wiki\/%CE%93-Hydroxybutyric_acid\">Acheter Heaven Pure Ecstasy<\/a>Les unit\u00e9s du produit nomm\u00e9 <a href=\"https:\/\/gblexpress.com\/fr\/produit-2\/heaven-pure-ecstasy-500-mg-%ce%b3-hydroxybuttersaeure-ghb\/\">GHB<\/a> sont tous, sans exception, des articles neufs de qualit\u00e9 pharmaceutique. Si vous recevez par erreur une livraison qui ne correspond pas \u00e0 cette sp\u00e9cification, vous serez rembours\u00e9 ou recevrez une nouvelle livraison. Apr\u00e8s expiration de la dur\u00e9e de conservation, le m\u00e9dicament doit \u00eatre \u00e9limin\u00e9 conform\u00e9ment aux indications du fabricant (voir la notice d'emballage).<\/p>\n<h3><strong>Informations sur la disponibilit\u00e9 :<\/strong><\/h3>\n<p>Le produit portant la d\u00e9signation GHB est imm\u00e9diatement disponible.<\/p>\n<h3><strong>Restrictions de livraison sp\u00e9cifiques \u00e0 certains pays :<\/strong><\/h3>\n<p>Il n'existe actuellement aucune restriction de livraison sp\u00e9cifique \u00e0 un pays pour le produit d\u00e9nomm\u00e9 GHB.<a href=\"https:\/\/gblexpress.com\/pl\/shop\/gbl-kup-online-butyrolakton-kup\/\">.<\/a><\/p>\n<h3><strong>Stockage :<\/strong><\/h3>\n<p>Veuillez conserver le produit portant la mention GHB dans son emballage d'origine, hors de port\u00e9e des enfants. Veuillez consulter la notice d'emballage pour d'\u00e9ventuelles informations compl\u00e9mentaires sur le stockage et l'\u00e9limination corrects.<br \/>\net l'\u00e9limination, veuillez vous r\u00e9f\u00e9rer \u00e0 la notice d'emballage.<\/p>","protected":false},"excerpt":{"rendered":"<p><strong>Heaven Pure Ecstasy<\/strong> est une forme tr\u00e8s pure de <strong>Acide \u03b3-hydroxybutyrique (GHB)<\/strong>Le produit est connu pour sa composition chimique pr\u00e9cise et sa puret\u00e9 exceptionnelle. Elle est id\u00e9ale pour les applications scientifiques et pharmaceutiques et offre des r\u00e9sultats fiables pour l'analyse et la recherche.<\/p>\n<h3><strong>Formule chimique et propri\u00e9t\u00e9s<\/strong><\/h3>\n<ul>\n<li><strong>Formule chimique<\/strong>C4H8O3 : C4H8O3<\/li>\n<li><strong>Poids mol\u00e9culaire<\/strong>104.10 g\/mol<\/li>\n<li><strong>Puret\u00e9<\/strong>: 99% - garantit une qualit\u00e9 sup\u00e9rieure et des r\u00e9sultats fiables.<\/li>\n<li><strong>Apparence<\/strong>Liquide clair et incolore ou poudre cristalline blanche, selon la pr\u00e9paration.<\/li>\n<li><strong>Stabilit\u00e9<\/strong>: grande stabilit\u00e9 dans des conditions de stockage contr\u00f4l\u00e9es<\/li>\n<\/ul>\n<h3><strong>Comment fonctionne le GHB ?<\/strong><\/h3>\n<p>Le GHB est un compos\u00e9 chimique naturellement pr\u00e9sent dans l'organisme qui agit comme neurotransmetteur et neuromodulateur. Il interagit principalement avec les r\u00e9cepteurs GABA et GHB du syst\u00e8me nerveux central, ce qui entra\u00eene de nombreux effets :<\/p>\n<ul>\n<li><strong>Effet apaisant<\/strong>Favorise la d\u00e9tente et le sommeil.<\/li>\n<li><strong>Propri\u00e9t\u00e9s neuroprotectrices<\/strong>: soutient les processus de r\u00e9paration cellulaire dans le cerveau.<\/li>\n<li><strong>Applications th\u00e9rapeutiques<\/strong>: utile pour la recherche sur les troubles du sommeil, les maladies neurologiques et psychiques.<\/li>\n<\/ul>","protected":false},"featured_media":1637,"comment_status":"open","ping_status":"closed","template":"","meta":{"_joinchat":[]},"product_brand":[],"product_cat":[34],"product_tag":[830,843,833,832,849,836,847,838,848,288,844,837,845,828,842,835,826,831,834,829,846,841,839,827,840],"class_list":{"0":"post-547","1":"product","2":"type-product","3":"status-publish","4":"has-post-thumbnail","6":"product_cat-ghb","7":"product_tag-500-mg-ghb-kaufen","8":"product_tag-beste-qualitaet-ghb","9":"product_tag-chemisches-reagenz-ghb","10":"product_tag-diskreter-versand-ghb","11":"product_tag-ghb-anbieter-deutschland","12":"product_tag-ghb-bestellen-deutschland","13":"product_tag-ghb-chemische-reinheit","14":"product_tag-ghb-diskret-kaufen","15":"product_tag-ghb-europa-versand","16":"product_tag-ghb-fuer-forschung","17":"product_tag-ghb-fuer-forschungszwecke","18":"product_tag-ghb-grosshandel","19":"product_tag-ghb-laborqualitaet","20":"product_tag-ghb-online-bestellen","21":"product_tag-ghb-online-guenstig-kaufen","22":"product_tag-ghb-reinheit-99","23":"product_tag-heaven-pure-ecstasy-kaufen","24":"product_tag-hochreines-ghb","25":"product_tag-hochwertiges-ghb-pulver","26":"product_tag-pure-ecstasy-ghb","27":"product_tag-pure-ghb-ecstasy-bestellen","28":"product_tag-reines-ghb-fuer-labore","29":"product_tag-schnelle-lieferung-ghb","30":"product_tag--hydroxybuttersaeure","31":"product_tag--hydroxybuttersaeure-kaufen","33":"first","34":"instock","35":"shipping-taxable","36":"purchasable","37":"product-type-variable","38":"has-default-attributes"},"yoast_head":"<!-- This site is optimized with the Yoast SEO plugin v25.4 - https:\/\/yoast.com\/wordpress\/plugins\/seo\/ -->\n<title>Heaven Pure Ecstasy 500 mg \u03b3-Hydroxybutters\u00e4ure (GHB)<\/title>\n<meta name=\"description\" content=\"Sie erhalten Heaven Pure Ecstasy 500 mg \u03b3-Hydroxybutters\u00e4ure (GHB) zu den besten Preisen in unserem Online-Shop. Wir helfen Ihnen gerne beim Online-Kauf von Heaven Pure Ecstasy 500 mg \u03b3-Hydroxybutters\u00e4ure (GHB). Besuchen Sie noch heute den besten Shop der Stadt!\" \/>\n<meta name=\"robots\" content=\"index, follow, max-snippet:-1, max-image-preview:large, max-video-preview:-1\" \/>\n<link rel=\"canonical\" href=\"https:\/\/gblexpress.com\/fr\/produit-2\/heaven-pure-ecstasy-500-mg-\u03b3-hydroxybuttersaeure-ghb\/\" \/>\n<meta property=\"og:locale\" content=\"fr_FR\" \/>\n<meta property=\"og:type\" content=\"article\" \/>\n<meta property=\"og:title\" content=\"Heaven Pure Ecstasy 500 mg \u03b3-Hydroxybutters\u00e4ure (GHB)\" \/>\n<meta property=\"og:description\" content=\"Sie erhalten Heaven Pure Ecstasy 500 mg \u03b3-Hydroxybutters\u00e4ure (GHB) zu den besten Preisen in unserem Online-Shop. Wir helfen Ihnen gerne beim Online-Kauf von Heaven Pure Ecstasy 500 mg \u03b3-Hydroxybutters\u00e4ure (GHB). Besuchen Sie noch heute den besten Shop der Stadt!\" \/>\n<meta property=\"og:url\" content=\"https:\/\/gblexpress.com\/fr\/produit-2\/heaven-pure-ecstasy-500-mg-\u03b3-hydroxybuttersaeure-ghb\/\" \/>\n<meta property=\"og:site_name\" content=\"GBL Express\" \/>\n<meta property=\"article:modified_time\" content=\"2026-02-26T07:24:53+00:00\" \/>\n<meta property=\"og:image\" content=\"https:\/\/gblexpress.com\/wp-content\/uploads\/2023\/05\/Heaven-Pure-Ecstasy.jpg\" \/>\n\t<meta property=\"og:image:width\" content=\"600\" \/>\n\t<meta property=\"og:image:height\" content=\"600\" \/>\n\t<meta property=\"og:image:type\" content=\"image\/jpeg\" \/>\n<meta name=\"twitter:card\" content=\"summary_large_image\" \/>\n<meta name=\"twitter:label1\" content=\"Dur\u00e9e de lecture estim\u00e9e\" \/>\n\t<meta name=\"twitter:data1\" content=\"1 minute\" \/>\n<!-- \/ Yoast SEO plugin. -->","yoast_head_json":{"title":"Heaven Pure Ecstasy 500 mg d'acide \u03b3-hydroxybutyrique (GHB)","description":"Vous pouvez obtenir Heaven Pure Ecstasy 500 mg \u03b3-Hydroxybutyric Acid (GHB) aux meilleurs prix dans notre boutique en ligne. Nous sommes heureux de vous aider \u00e0 acheter Heaven Pure Ecstasy 500 mg \u03b3-Hydroxybutyric Acid (GHB) en ligne. Visitez la meilleure boutique de la ville aujourd'hui\u00a0!","robots":{"index":"index","follow":"follow","max-snippet":"max-snippet:-1","max-image-preview":"max-image-preview:large","max-video-preview":"max-video-preview:-1"},"canonical":"https:\/\/gblexpress.com\/fr\/produit-2\/heaven-pure-ecstasy-500-mg-\u03b3-hydroxybuttersaeure-ghb\/","og_locale":"fr_FR","og_type":"article","og_title":"Heaven Pure Ecstasy 500 mg \u03b3-Hydroxybutters\u00e4ure (GHB)","og_description":"Sie erhalten Heaven Pure Ecstasy 500 mg \u03b3-Hydroxybutters\u00e4ure (GHB) zu den besten Preisen in unserem Online-Shop. Wir helfen Ihnen gerne beim Online-Kauf von Heaven Pure Ecstasy 500 mg \u03b3-Hydroxybutters\u00e4ure (GHB). Besuchen Sie noch heute den besten Shop der Stadt!","og_url":"https:\/\/gblexpress.com\/fr\/produit-2\/heaven-pure-ecstasy-500-mg-\u03b3-hydroxybuttersaeure-ghb\/","og_site_name":"GBL Express","article_modified_time":"2026-02-26T07:24:53+00:00","og_image":[{"width":600,"height":600,"url":"https:\/\/gblexpress.com\/wp-content\/uploads\/2023\/05\/Heaven-Pure-Ecstasy.jpg","type":"image\/jpeg"}],"twitter_card":"summary_large_image","twitter_misc":{"Dur\u00e9e de lecture estim\u00e9e":"1 minute"},"schema":{"@context":"https:\/\/schema.org","@graph":[{"@type":"WebPage","@id":"https:\/\/gblexpress.com\/product\/heaven-pure-ecstasy-500-mg-%ce%b3-hydroxybuttersaeure-ghb\/","url":"https:\/\/gblexpress.com\/product\/heaven-pure-ecstasy-500-mg-%ce%b3-hydroxybuttersaeure-ghb\/","name":"Heaven Pure Ecstasy 500 mg d'acide \u03b3-hydroxybutyrique (GHB)","isPartOf":{"@id":"https:\/\/gblexpress.com\/#website"},"primaryImageOfPage":{"@id":"https:\/\/gblexpress.com\/product\/heaven-pure-ecstasy-500-mg-%ce%b3-hydroxybuttersaeure-ghb\/#primaryimage"},"image":{"@id":"https:\/\/gblexpress.com\/product\/heaven-pure-ecstasy-500-mg-%ce%b3-hydroxybuttersaeure-ghb\/#primaryimage"},"thumbnailUrl":"https:\/\/gblexpress.com\/wp-content\/uploads\/2023\/05\/Heaven-Pure-Ecstasy.jpg","datePublished":"2023-05-24T06:04:39+00:00","dateModified":"2026-02-26T07:24:53+00:00","description":"Vous pouvez obtenir Heaven Pure Ecstasy 500 mg \u03b3-Hydroxybutyric Acid (GHB) aux meilleurs prix dans notre boutique en ligne. Nous sommes heureux de vous aider \u00e0 acheter Heaven Pure Ecstasy 500 mg \u03b3-Hydroxybutyric Acid (GHB) en ligne. Visitez la meilleure boutique de la ville aujourd'hui\u00a0!","breadcrumb":{"@id":"https:\/\/gblexpress.com\/product\/heaven-pure-ecstasy-500-mg-%ce%b3-hydroxybuttersaeure-ghb\/#breadcrumb"},"inLanguage":"fr-FR","potentialAction":[{"@type":"ReadAction","target":["https:\/\/gblexpress.com\/product\/heaven-pure-ecstasy-500-mg-%ce%b3-hydroxybuttersaeure-ghb\/"]}]},{"@type":"ImageObject","inLanguage":"fr-FR","@id":"https:\/\/gblexpress.com\/product\/heaven-pure-ecstasy-500-mg-%ce%b3-hydroxybuttersaeure-ghb\/#primaryimage","url":"https:\/\/gblexpress.com\/wp-content\/uploads\/2023\/05\/Heaven-Pure-Ecstasy.jpg","contentUrl":"https:\/\/gblexpress.com\/wp-content\/uploads\/2023\/05\/Heaven-Pure-Ecstasy.jpg","width":600,"height":600,"caption":"Heaven-Pure-Ecstasy online kaufen"},{"@type":"BreadcrumbList","@id":"https:\/\/gblexpress.com\/product\/heaven-pure-ecstasy-500-mg-%ce%b3-hydroxybuttersaeure-ghb\/#breadcrumb","itemListElement":[{"@type":"ListItem","position":1,"name":"Home","item":"https:\/\/gblexpress.com\/"},{"@type":"ListItem","position":2,"name":"Shop","item":"https:\/\/gblexpress.com\/shop\/"},{"@type":"ListItem","position":3,"name":"Heaven Pure Ecstasy 500 mg \u03b3-Hydroxybutters\u00e4ure (GHB)"}]},{"@type":"WebSite","@id":"https:\/\/gblexpress.com\/#website","url":"https:\/\/gblexpress.com\/","name":"GBL Express","description":"","publisher":{"@id":"https:\/\/gblexpress.com\/#organization"},"potentialAction":[{"@type":"SearchAction","target":{"@type":"EntryPoint","urlTemplate":"https:\/\/gblexpress.com\/?s={search_term_string}"},"query-input":{"@type":"PropertyValueSpecification","valueRequired":true,"valueName":"search_term_string"}}],"inLanguage":"fr-FR"},{"@type":"Organization","@id":"https:\/\/gblexpress.com\/#organization","name":"GBL Express","url":"https:\/\/gblexpress.com\/","logo":{"@type":"ImageObject","inLanguage":"fr-FR","@id":"https:\/\/gblexpress.com\/#\/schema\/logo\/image\/","url":"https:\/\/gblexpress.com\/wp-content\/uploads\/2023\/01\/logo.png","contentUrl":"https:\/\/gblexpress.com\/wp-content\/uploads\/2023\/01\/logo.png","width":250,"height":52,"caption":"GBL Express"},"image":{"@id":"https:\/\/gblexpress.com\/#\/schema\/logo\/image\/"}}]}},"jetpack-related-posts":[],"jetpack_sharing_enabled":true,"_links":{"self":[{"href":"https:\/\/gblexpress.com\/fr\/wp-json\/wp\/v2\/product\/547","targetHints":{"allow":["GET"]}}],"collection":[{"href":"https:\/\/gblexpress.com\/fr\/wp-json\/wp\/v2\/product"}],"about":[{"href":"https:\/\/gblexpress.com\/fr\/wp-json\/wp\/v2\/types\/product"}],"replies":[{"embeddable":true,"href":"https:\/\/gblexpress.com\/fr\/wp-json\/wp\/v2\/comments?post=547"}],"wp:featuredmedia":[{"embeddable":true,"href":"https:\/\/gblexpress.com\/fr\/wp-json\/wp\/v2\/media\/1637"}],"wp:attachment":[{"href":"https:\/\/gblexpress.com\/fr\/wp-json\/wp\/v2\/media?parent=547"}],"wp:term":[{"taxonomy":"product_brand","embeddable":true,"href":"https:\/\/gblexpress.com\/fr\/wp-json\/wp\/v2\/product_brand?post=547"},{"taxonomy":"product_cat","embeddable":true,"href":"https:\/\/gblexpress.com\/fr\/wp-json\/wp\/v2\/product_cat?post=547"},{"taxonomy":"product_tag","embeddable":true,"href":"https:\/\/gblexpress.com\/fr\/wp-json\/wp\/v2\/product_tag?post=547"}],"curies":[{"name":"wp","href":"https:\/\/api.w.org\/{rel}","templated":true}]}}