{"id":559,"date":"2023-05-24T06:32:08","date_gmt":"2023-05-24T06:32:08","guid":{"rendered":"https:\/\/gblexpress.com\/?post_type=product&#038;p=559"},"modified":"2026-02-28T09:33:34","modified_gmt":"2026-02-28T09:33:34","slug":"tilidin-ratiopharm-plus-50-4-mg-tilidin-naloxon","status":"publish","type":"product","link":"https:\/\/gblexpress.com\/fr\/produit-2\/tilidin-ratiopharm-plus-50-4-mg-tilidin-naloxon\/","title":{"rendered":"Tilidin-ratiopharm plus 50\/4 mg Tilidine\/Naloxone"},"content":{"rendered":"<div class=\"woocommerce-tabs wc-tabs-wrapper\">\n<div id=\"tab-description\" class=\"woocommerce-Tabs-panel woocommerce-Tabs-panel--description panel entry-content wc-tab\" role=\"tabpanel\" aria-labelledby=\"tab-title-description\">\n<h2><strong>Acheter Tilidin-ratiopharm plus 50\/4 mg : Tout sur l'action, l'utilisation et l'achat en ligne s\u00e9curis\u00e9<\/strong><\/h2>\n<p><a href=\"https:\/\/en.wikipedia.org\/wiki\/Tilidine\">Acheter Tilidin gouttes en ligne<\/a>, Die von uns zur Verf\u00fcgung gestellten Einheiten des Produkts mit der Bezeichnung Tilidin Tropfen sind ausnahmslos neuwertige Artikel in Apothekenqualit\u00e4t. Sollten Sie aus Versehen eine Lieferung erhalten, die dieser Spezifikation nicht entspricht, erhalten Sie Ihr Geld zur\u00fcck oder eine neue Lieferung. Nach Ablauf der Haltbarkeit ist das Medikament lt. Herstellerangaben zu entsorgen (siehe Packungsbeilage Tilidin Tropfen online kaufen)<a href=\"https:\/\/gblexprimer.com\/product\/kokaina\/\">.<\/a><\/p>\n<h3><strong>Qu'est-ce que Tilidin-ratiopharm plus 50\/4 mg ?<\/strong><\/h3>\n<p>La tilidine est un puissant analg\u00e9sique de la famille des opio\u00efdes, utilis\u00e9 pour traiter les douleurs chroniques ou aigu\u00ebs. En combinaison avec la naloxone, qui bloque l'action de la tilidine en cas d'abus (par ex. injection), il offre <a href=\"https:\/\/gblexpress.com\/fr\/produit-2\/tilidin-ratiopharm-plus-50-4-mg-tilidin-naloxon\/\"><strong>Tilidin-ratiopharm plus 50\/4 mg<\/strong><\/a> une solution s\u00fbre et efficace pour le traitement de la douleur<a href=\"https:\/\/gblexpress.com\/fr\/boutique\/amfetamina\/\">.<\/a><\/p>\n<h3><strong>Effet de Tilidin-ratiopharm plus 50\/4 mg<\/strong><\/h3>\n<p>Le site <strong>Effet de Tilidin-ratiopharm plus<\/strong> s'installe rapidement et persiste pendant plusieurs heures. Il soulage efficacement la douleur sans perturber la vie quotidienne. Avantages de la combinaison :<\/p>\n<ul>\n<li><strong>Soulagement de la douleur :<\/strong> R\u00e9duction des douleurs s\u00e9v\u00e8res.<\/li>\n<li><strong>Protection contre les abus :<\/strong> La naloxone minimise le risque de d\u00e9pendance.<\/li>\n<li><strong>Am\u00e9lioration de la qualit\u00e9 de vie :<\/strong> Id\u00e9al pour les patients souffrant de douleurs chroniques.<\/li>\n<\/ul>\n<h3><strong>Dosage et utilisation<\/strong><\/h3>\n<p>La bonne <strong>Dosage de Tilidin-ratiopharm plus 50\/4 mg<\/strong> d\u00e9pend de la gravit\u00e9 de la douleur et des besoins individuels du patient. Les directives typiques sont<\/p>\n<ul>\n<li><strong>Adultes :<\/strong> 1 comprim\u00e9 2 \u00e0 4 fois par jour.<\/li>\n<li><strong>Dose maximale :<\/strong> Ne pas prendre plus de 8 comprim\u00e9s par jour.<\/li>\n<\/ul>\n<p><strong>Remarque :<\/strong> Prenez le m\u00e9dicament sans le croquer avec suffisamment de liquide et suivez les instructions de votre m\u00e9decin.<\/p>\n<h3><strong>Risques et effets secondaires<\/strong><\/h3>\n<p>Comme tout m\u00e9dicament, la tilidine peut provoquer des effets secondaires. Les effets secondaires les plus fr\u00e9quents sont<\/p>\n<ul>\n<li><strong>Naus\u00e9es et vomissements<\/strong><\/li>\n<li><strong>Fatigue ou vertiges<\/strong><\/li>\n<li><strong>Constipation<\/strong><\/li>\n<\/ul>\n<p>En cas d'utilisation prolong\u00e9e, la prise doit faire l'objet d'un suivi m\u00e9dical r\u00e9gulier afin d'\u00e9viter toute d\u00e9pendance.<\/p>\n<h3><strong>Acheter Tilidin-ratiopharm plus 50\/4 mg en ligne en toute s\u00e9curit\u00e9<\/strong><\/h3>\n<p>Sur le site <strong>Acheter Tilidin en ligne<\/strong> vous devez veiller \u00e0 la qualit\u00e9 et \u00e0 la discr\u00e9tion. Notre plateforme offre :<\/p>\n<ul>\n<li><strong>Qualit\u00e9 contr\u00f4l\u00e9e :<\/strong> Produits originaux en provenance directe du fabricant.<\/li>\n<li><strong>Livraison discr\u00e8te :<\/strong> Anonyme et emball\u00e9 en toute s\u00e9curit\u00e9.<\/li>\n<li><strong>Commande facile :<\/strong> Acheter Tilidin-ratiopharm plus 50\/4 mg facilement en ligne.<\/li>\n<\/ul>\n<h3><strong>Acheter Tilidin-ratiopharm plus 50\/4 mg maintenant<\/strong><\/h3>\n<p>Soulagez efficacement vos douleurs avec <strong>Tilidin-<\/strong><strong>ratiopharm <\/strong><strong>plus 50\/4 mg<\/strong>. Que ce soit pour des douleurs chroniques ou des douleurs aigu\u00ebs, vous pouvez commander chez nous le m\u00e9dicament en ligne en toute s\u00e9curit\u00e9 et discr\u00e9tion. Profitez d'une qualit\u00e9 contr\u00f4l\u00e9e et d'une livraison fiable. <strong>Commandez d\u00e8s aujourd'hui et profitez d'une meilleure qualit\u00e9 de vie.<\/strong><\/p>\n<\/div>\n<\/div>","protected":false},"excerpt":{"rendered":"<p><strong>Tilidine-ratiopharm Plus 50\/4 mg<\/strong> est un analg\u00e9sique moderne sp\u00e9cialement con\u00e7u pour le traitement des douleurs fortes \u00e0 tr\u00e8s fortes. Gr\u00e2ce \u00e0 la combinaison de <strong>Tilidine<\/strong> et <strong>Naloxone<\/strong> il offre un soulagement efficace de la douleur tout en prot\u00e9geant contre les abus.<\/p>\n<p><strong>Comment fonctionne Tilidin-ratiopharm Plus ?<\/strong><br \/>\nTilidin-ratiopharm Plus combine deux substances actives qui, ensemble, assurent un traitement s\u00fbr et efficace de la douleur :<\/p>\n<ul>\n<li><strong>Tilidine :<\/strong> En tant qu'analg\u00e9sique opio\u00efde, la tilidine se lie aux r\u00e9cepteurs opio\u00efdes du syst\u00e8me nerveux central, bloque la perception de la douleur et soulage efficacement la douleur.<\/li>\n<li><strong>Naloxone :<\/strong> Un antagoniste opio\u00efde qui reste inactif lorsqu'il est pris r\u00e9guli\u00e8rement. En cas d'utilisation abusive (par exemple par injection), la naloxone bloque l'action de la tilidine et emp\u00eache ainsi les effets euphorisants.<\/li>\n<\/ul>\n<p>Les comprim\u00e9s \u00e0 lib\u00e9ration prolong\u00e9e assurent une lib\u00e9ration r\u00e9guli\u00e8re du principe actif et offrent un soulagement durable de la douleur pendant plusieurs heures.<\/p>\n<ul>\n<li><strong>D\u00e9but de l'effet :<\/strong> 30 \u00e0 60 minutes apr\u00e8s l'ingestion.<\/li>\n<li><strong>Dur\u00e9e de l'effet :<\/strong> 8-12 heures par lib\u00e9ration prolong\u00e9e.<\/li>\n<\/ul>\n<p><strong>Formule du produit et propri\u00e9t\u00e9s<\/strong><\/p>\n<ul>\n<li><strong>Chlorhydrate de tilidine :<\/strong> 50 mg par comprim\u00e9 - la substance active qui soulage la douleur.<\/li>\n<li><strong>Chlorhydrate de naloxone :<\/strong> 4 mg par comprim\u00e9 - protection contre les abus.<\/li>\n<li><strong>Excipients :<\/strong> Inclut du lactose monohydrat\u00e9 et de la cellulose pour assurer le retard.<\/li>\n<\/ul>","protected":false},"featured_media":1635,"comment_status":"open","ping_status":"closed","template":"","meta":{"_joinchat":[]},"product_brand":[],"product_cat":[36],"product_tag":[53,54,728,717,716,733,721,722,713,730,708,723,732,731,725,715,712,724,720,714,48,49,50,51,52,55,718,707,709,727,726,719,706,711,710,734,729],"class_list":{"0":"post-559","1":"product","2":"type-product","3":"status-publish","4":"has-post-thumbnail","6":"product_cat-ko-drops","7":"product_tag-bestellen-tilidin-tropfen-online","8":"product_tag-kaufen-tilidin-tropfen-rezeptfre","9":"product_tag-tilidin-50-mg-kaufen","10":"product_tag-tilidin-anwendung","11":"product_tag-tilidin-dosierung","12":"product_tag-tilidin-fuer-forschung","13":"product_tag-tilidin-fuer-mittelstarke-schmerzen","14":"product_tag-tilidin-fuer-starke-schmerzen","15":"product_tag-tilidin-gegen-schmerzen","16":"product_tag-tilidin-in-deutschland-kaufen","17":"product_tag-tilidin-kaufen","18":"product_tag-tilidin-lagerung","19":"product_tag-tilidin-legal-kaufen","20":"product_tag-tilidin-mit-naloxon","21":"product_tag-tilidin-nebenwirkungen","22":"product_tag-tilidin-retardtabletten","23":"product_tag-tilidin-rezeptpflichtig","24":"product_tag-tilidin-risiken","25":"product_tag-tilidin-sicher-kaufen","26":"product_tag-tilidin-tabletten-50-4-mg","27":"product_tag-tilidin-tropfen","28":"product_tag-tilidin-tropfen-bestellen","29":"product_tag-tilidin-tropfen-kaufen","30":"product_tag-tilidin-tropfen-ohne-rezept","31":"product_tag-tilidin-tropfen-online","32":"product_tag-tilidin-tropfen-shop","33":"product_tag-tilidin-wirkung","34":"product_tag-tilidin-naloxon","35":"product_tag-tilidin-ratiopharm-bestellen","36":"product_tag-tilidin-ratiopharm-fuer-apotheken","37":"product_tag-tilidin-ratiopharm-grosshandel","38":"product_tag-tilidin-ratiopharm-packung","39":"product_tag-tilidin-ratiopharm-plus-50-4-mg","40":"product_tag-tilidin-ratiopharm-plus-online-kaufen","41":"product_tag-tilidin-ratiopharm-preis","42":"product_tag-tilidin-ratiopharm-weltweit-bestellen","43":"product_tag-wo-tilidin-kaufen","45":"first","46":"instock","47":"shipping-taxable","48":"purchasable","49":"product-type-variable","50":"has-default-attributes"},"yoast_head":"<!-- This site is optimized with the Yoast SEO plugin v25.4 - https:\/\/yoast.com\/wordpress\/plugins\/seo\/ -->\n<title>Tilidin-ratiopharm plus 50\/4 mg Tilidin\/Naloxon online kaufen<\/title>\n<meta name=\"description\" content=\"Wo kaufen Sie Tilidin-ratiopharm plus 50\/4 mg Tilidin\/Naloxon online zum besten Preis? Finden Sie hochwertiges Tilidin-ratiopharm plus 50\/4 mg Tilidin\/Naloxon in unserem sicheren Online-Shop \u2013 genau das Richtige f\u00fcr Ihre Forschungsbed\u00fcrfnisse. Jetzt bestellen!\" \/>\n<meta name=\"robots\" content=\"index, follow, max-snippet:-1, max-image-preview:large, max-video-preview:-1\" \/>\n<link rel=\"canonical\" href=\"https:\/\/gblexpress.com\/fr\/produit-2\/tilidin-ratiopharm-plus-50-4-mg-tilidin-naloxon\/\" \/>\n<meta property=\"og:locale\" content=\"fr_FR\" \/>\n<meta property=\"og:type\" content=\"article\" \/>\n<meta property=\"og:title\" content=\"Tilidin-ratiopharm plus 50\/4 mg Tilidin\/Naloxon online kaufen\" \/>\n<meta property=\"og:description\" content=\"Wo kaufen Sie Tilidin-ratiopharm plus 50\/4 mg Tilidin\/Naloxon online zum besten Preis? Finden Sie hochwertiges Tilidin-ratiopharm plus 50\/4 mg Tilidin\/Naloxon in unserem sicheren Online-Shop \u2013 genau das Richtige f\u00fcr Ihre Forschungsbed\u00fcrfnisse. Jetzt bestellen!\" \/>\n<meta property=\"og:url\" content=\"https:\/\/gblexpress.com\/fr\/produit-2\/tilidin-ratiopharm-plus-50-4-mg-tilidin-naloxon\/\" \/>\n<meta property=\"og:site_name\" content=\"GBL Express\" \/>\n<meta property=\"article:modified_time\" content=\"2026-02-28T09:33:34+00:00\" \/>\n<meta property=\"og:image\" content=\"https:\/\/gblexpress.com\/wp-content\/uploads\/2023\/05\/Tramadol-Ratiopharm-1.jpg\" \/>\n\t<meta property=\"og:image:width\" content=\"600\" \/>\n\t<meta property=\"og:image:height\" content=\"600\" \/>\n\t<meta property=\"og:image:type\" content=\"image\/jpeg\" \/>\n<meta name=\"twitter:card\" content=\"summary_large_image\" \/>\n<meta name=\"twitter:label1\" content=\"Dur\u00e9e de lecture estim\u00e9e\" \/>\n\t<meta name=\"twitter:data1\" content=\"2 minutes\" \/>\n<!-- \/ Yoast SEO plugin. -->","yoast_head_json":{"title":"Achetez Tilidin-ratiopharm plus 50\/4 mg de tilidine\/naloxone en ligne","description":"O\u00f9 pouvez-vous acheter Tilidin-ratiopharm plus 50\/4 mg Tilidine\/Naloxone en ligne au meilleur prix ? Trouvez du Tilidin-ratiopharm plus 50\/4 mg Tilidine\/Naloxone de haute qualit\u00e9 dans notre boutique en ligne s\u00e9curis\u00e9e \u2013 exactement ce qu'il vous faut pour vos besoins de recherche. Commandez maintenant !","robots":{"index":"index","follow":"follow","max-snippet":"max-snippet:-1","max-image-preview":"max-image-preview:large","max-video-preview":"max-video-preview:-1"},"canonical":"https:\/\/gblexpress.com\/fr\/produit-2\/tilidin-ratiopharm-plus-50-4-mg-tilidin-naloxon\/","og_locale":"fr_FR","og_type":"article","og_title":"Tilidin-ratiopharm plus 50\/4 mg Tilidin\/Naloxon online kaufen","og_description":"Wo kaufen Sie Tilidin-ratiopharm plus 50\/4 mg Tilidin\/Naloxon online zum besten Preis? Finden Sie hochwertiges Tilidin-ratiopharm plus 50\/4 mg Tilidin\/Naloxon in unserem sicheren Online-Shop \u2013 genau das Richtige f\u00fcr Ihre Forschungsbed\u00fcrfnisse. Jetzt bestellen!","og_url":"https:\/\/gblexpress.com\/fr\/produit-2\/tilidin-ratiopharm-plus-50-4-mg-tilidin-naloxon\/","og_site_name":"GBL Express","article_modified_time":"2026-02-28T09:33:34+00:00","og_image":[{"width":600,"height":600,"url":"https:\/\/gblexpress.com\/wp-content\/uploads\/2023\/05\/Tramadol-Ratiopharm-1.jpg","type":"image\/jpeg"}],"twitter_card":"summary_large_image","twitter_misc":{"Dur\u00e9e de lecture estim\u00e9e":"2 minutes"},"schema":{"@context":"https:\/\/schema.org","@graph":[{"@type":"WebPage","@id":"https:\/\/gblexpress.com\/product\/tilidin-ratiopharm-plus-50-4-mg-tilidin-naloxon\/","url":"https:\/\/gblexpress.com\/product\/tilidin-ratiopharm-plus-50-4-mg-tilidin-naloxon\/","name":"Achetez Tilidin-ratiopharm plus 50\/4 mg de tilidine\/naloxone en ligne","isPartOf":{"@id":"https:\/\/gblexpress.com\/#website"},"primaryImageOfPage":{"@id":"https:\/\/gblexpress.com\/product\/tilidin-ratiopharm-plus-50-4-mg-tilidin-naloxon\/#primaryimage"},"image":{"@id":"https:\/\/gblexpress.com\/product\/tilidin-ratiopharm-plus-50-4-mg-tilidin-naloxon\/#primaryimage"},"thumbnailUrl":"https:\/\/gblexpress.com\/wp-content\/uploads\/2023\/05\/Tramadol-Ratiopharm-1.jpg","datePublished":"2023-05-24T06:32:08+00:00","dateModified":"2026-02-28T09:33:34+00:00","description":"O\u00f9 pouvez-vous acheter Tilidin-ratiopharm plus 50\/4 mg Tilidine\/Naloxone en ligne au meilleur prix ? Trouvez du Tilidin-ratiopharm plus 50\/4 mg Tilidine\/Naloxone de haute qualit\u00e9 dans notre boutique en ligne s\u00e9curis\u00e9e \u2013 exactement ce qu'il vous faut pour vos besoins de recherche. Commandez maintenant !","breadcrumb":{"@id":"https:\/\/gblexpress.com\/product\/tilidin-ratiopharm-plus-50-4-mg-tilidin-naloxon\/#breadcrumb"},"inLanguage":"fr-FR","potentialAction":[{"@type":"ReadAction","target":["https:\/\/gblexpress.com\/product\/tilidin-ratiopharm-plus-50-4-mg-tilidin-naloxon\/"]}]},{"@type":"ImageObject","inLanguage":"fr-FR","@id":"https:\/\/gblexpress.com\/product\/tilidin-ratiopharm-plus-50-4-mg-tilidin-naloxon\/#primaryimage","url":"https:\/\/gblexpress.com\/wp-content\/uploads\/2023\/05\/Tramadol-Ratiopharm-1.jpg","contentUrl":"https:\/\/gblexpress.com\/wp-content\/uploads\/2023\/05\/Tramadol-Ratiopharm-1.jpg","width":600,"height":600,"caption":"Tramadol-Ratiopharm online kaufen"},{"@type":"BreadcrumbList","@id":"https:\/\/gblexpress.com\/product\/tilidin-ratiopharm-plus-50-4-mg-tilidin-naloxon\/#breadcrumb","itemListElement":[{"@type":"ListItem","position":1,"name":"Home","item":"https:\/\/gblexpress.com\/"},{"@type":"ListItem","position":2,"name":"Shop","item":"https:\/\/gblexpress.com\/shop\/"},{"@type":"ListItem","position":3,"name":"Tilidin-ratiopharm plus 50\/4 mg Tilidin\/Naloxon"}]},{"@type":"WebSite","@id":"https:\/\/gblexpress.com\/#website","url":"https:\/\/gblexpress.com\/","name":"GBL Express","description":"","publisher":{"@id":"https:\/\/gblexpress.com\/#organization"},"potentialAction":[{"@type":"SearchAction","target":{"@type":"EntryPoint","urlTemplate":"https:\/\/gblexpress.com\/?s={search_term_string}"},"query-input":{"@type":"PropertyValueSpecification","valueRequired":true,"valueName":"search_term_string"}}],"inLanguage":"fr-FR"},{"@type":"Organization","@id":"https:\/\/gblexpress.com\/#organization","name":"GBL Express","url":"https:\/\/gblexpress.com\/","logo":{"@type":"ImageObject","inLanguage":"fr-FR","@id":"https:\/\/gblexpress.com\/#\/schema\/logo\/image\/","url":"https:\/\/gblexpress.com\/wp-content\/uploads\/2023\/01\/logo.png","contentUrl":"https:\/\/gblexpress.com\/wp-content\/uploads\/2023\/01\/logo.png","width":250,"height":52,"caption":"GBL Express"},"image":{"@id":"https:\/\/gblexpress.com\/#\/schema\/logo\/image\/"}}]}},"jetpack-related-posts":[],"jetpack_sharing_enabled":true,"_links":{"self":[{"href":"https:\/\/gblexpress.com\/fr\/wp-json\/wp\/v2\/product\/559","targetHints":{"allow":["GET"]}}],"collection":[{"href":"https:\/\/gblexpress.com\/fr\/wp-json\/wp\/v2\/product"}],"about":[{"href":"https:\/\/gblexpress.com\/fr\/wp-json\/wp\/v2\/types\/product"}],"replies":[{"embeddable":true,"href":"https:\/\/gblexpress.com\/fr\/wp-json\/wp\/v2\/comments?post=559"}],"wp:featuredmedia":[{"embeddable":true,"href":"https:\/\/gblexpress.com\/fr\/wp-json\/wp\/v2\/media\/1635"}],"wp:attachment":[{"href":"https:\/\/gblexpress.com\/fr\/wp-json\/wp\/v2\/media?parent=559"}],"wp:term":[{"taxonomy":"product_brand","embeddable":true,"href":"https:\/\/gblexpress.com\/fr\/wp-json\/wp\/v2\/product_brand?post=559"},{"taxonomy":"product_cat","embeddable":true,"href":"https:\/\/gblexpress.com\/fr\/wp-json\/wp\/v2\/product_cat?post=559"},{"taxonomy":"product_tag","embeddable":true,"href":"https:\/\/gblexpress.com\/fr\/wp-json\/wp\/v2\/product_tag?post=559"}],"curies":[{"name":"wp","href":"https:\/\/api.w.org\/{rel}","templated":true}]}}