{"id":624,"date":"2023-05-31T13:26:05","date_gmt":"2023-05-31T13:26:05","guid":{"rendered":"https:\/\/gblexpress.com\/?post_type=product&#038;p=624"},"modified":"2026-02-28T09:35:19","modified_gmt":"2026-02-28T09:35:19","slug":"sec-cuit-ghb-500-gram","status":"publish","type":"product","link":"https:\/\/gblexpress.com\/fr\/produit-2\/sec-cuit-ghb-500-gram\/","title":{"rendered":"Trocken gekochtes GHB 500 Gram Online Kaufen"},"content":{"rendered":"<h2><strong>Trocken GHB kaufen &#8211; Trocken ghb online <\/strong><strong>kaufen <\/strong><\/h2>\n<p><a href=\"https:\/\/gblexpress.com\/fr\/produit-2\/sec-cuit-ghb-500-gram\/\">Acheter du GHB sec<\/a>,Wir verwenden GBL aus den USA, um das GHB herzustellen. Das GHB wird von Profis mit viel Erfahrung hergestellt, genau wie das DMT, das wir verkaufen.<br \/>\nLe GHB que nous vendons a un pH neutre et est exp\u00e9di\u00e9 sous forme de substance cristalline. Pour transformer cette substance en liquide attendu par les clients, il faut pr\u00e9parer un rapport de 2:1 avec de l'eau d\u00e9min\u00e9ralis\u00e9e, remuer et attendre.<\/p>\n<p>Vous pouvez \u00e9galement utiliser de l'eau du robinet, mais ce n'est pas recommand\u00e9, car la substance pourrait se d\u00e9t\u00e9riorer. Il est pr\u00e9f\u00e9rable de la conserver dans une pi\u00e8ce r\u00e9frig\u00e9r\u00e9e, par exemple dans un r\u00e9frig\u00e9rateur.<a href=\"https:\/\/en.wikipedia.org\/wiki\/Special:Search?go=Go&amp;search=Lorazepam+2.5mg+Im+Blister&amp;ns0=1\">.<\/a><\/p>\n<h3><strong>Les commandes de GHB sont exp\u00e9di\u00e9es dans les 48 heures suivant l'achat.<\/strong><\/h3>\n<p>Les commandes au sein de l'UE arrivent en moyenne dans un d\u00e9lai d'une semaine, mais peuvent prendre jusqu'\u00e0 deux semaines si la poste les retarde pour une raison quelconque.<br \/>\nPour les grosses commandes ou les commandes en dehors de l'UE, cela peut prendre un peu plus de temps, car nous devons vraiment faire beaucoup d'efforts pour camoufler nos colis.<\/p>\n<p>Lorsque nous envoyons un envoi, nous faisons vraiment des efforts avec nos m\u00e9thodes de furtivit\u00e9 originales et \u00e9prouv\u00e9es, nos \u00e9valuations le refl\u00e8tent.<br \/>\nNous avons \u00e9galement constat\u00e9 que les commandes Track &amp; Trace b\u00e9n\u00e9ficient d'une plus grande priorit\u00e9 de la part de la poste et arrivent g\u00e9n\u00e9ralement plus t\u00f4t.<a href=\"https:\/\/gblexpress.com\/en\/shop\/lorazepam-2-5mg-im-blister\/\">.<\/a><\/p>\n<div class=\"elementor-element elementor-element-24d8a39 elementor-widget elementor-widget-heading\" data-id=\"24d8a39\" data-element_type=\"widget\" data-widget_type=\"heading.default\">\n<div class=\"elementor-widget-container\">\n<h3 class=\"elementor-heading-title elementor-size-default\"><strong>Qu'est-ce que le GHB ?<\/strong><\/h3>\n<\/div>\n<\/div>\n<div class=\"elementor-element elementor-element-f3668f0 elementor-widget elementor-widget-text-editor\" data-id=\"f3668f0\" data-element_type=\"widget\" data-widget_type=\"text-editor.default\">\n<div class=\"elementor-widget-container\">\n<p>GHB ist eine synthetische Droge, die urspr\u00fcnglich als Narkosemittel verwendet wurde. Es ist auch als &#8220;Date-Rape-Droge&#8221; bekannt, weil es mit sexuellen \u00dcbergriffen in Verbindung gebracht wird. GHB neigt dazu, Euphorie und Entspannung hervorzurufen, was es f\u00fcr manche Menschen sehr attraktiv machen kann. Doch wie jede psychoaktive Substanz birgt auch sie bei der Einnahme eine Reihe erheblicher Risiken.<\/p>\n<\/div>\n<\/div>\n<div class=\"elementor-element elementor-element-9976b38 elementor-widget elementor-widget-heading\" data-id=\"9976b38\" data-element_type=\"widget\" data-widget_type=\"heading.default\">\n<div class=\"elementor-widget-container\">\n<h3 class=\"elementor-heading-title elementor-size-default\"><strong>Les dangers li\u00e9s \u00e0 l'achat de GHB<\/strong><\/h3>\n<\/div>\n<\/div>\n<div class=\"elementor-element elementor-element-5ac7237 elementor-widget elementor-widget-text-editor\" data-id=\"5ac7237\" data-element_type=\"widget\" data-widget_type=\"text-editor.default\">\n<div class=\"elementor-widget-container\">\n<p>Si vous achetez du GHB, vous prenez un grand risque, car il est ill\u00e9gal et non r\u00e9glement\u00e9. La plupart des produits chimiques disponibles sur le march\u00e9 noir ne sont pas test\u00e9s, de sorte que vous ne savez pas exactement ce que vous achetez. De plus, le dosage est tr\u00e8s difficile, car il est presque impossible de savoir si la dose que vous prenez est assez faible ou trop \u00e9lev\u00e9e, et il y a alors un risque de surdosage qui peut \u00eatre tr\u00e8s dangereux et m\u00eame mortel.<\/p>\n<p>En outre, le GHB est souvent m\u00e9lang\u00e9 \u00e0 d'autres substances, ce qui augmente le risque de surdosage. Certaines personnes m\u00e9langent \u00e9galement le GHB avec de l'alcool, ce qui peut entra\u00eener des effets secondaires encore plus graves. Enfin, la consommation de GHB peut entra\u00eener une d\u00e9pendance physique et mentale qui peut avoir des cons\u00e9quences d\u00e9sastreuses pour le consommateur.<\/p>\n<\/div>\n<\/div>\n<div class=\"elementor-element elementor-element-6ad5c93 elementor-widget elementor-widget-heading\" data-id=\"6ad5c93\" data-element_type=\"widget\" data-widget_type=\"heading.default\">\n<div class=\"elementor-widget-container\">\n<h3 class=\"elementor-heading-title elementor-size-default\"><strong>Que pensez-vous du GHB ?<\/strong><\/h3>\n<\/div>\n<\/div>\n<div class=\"elementor-element elementor-element-93bf8bb elementor-widget elementor-widget-text-editor\" data-id=\"93bf8bb\" data-element_type=\"widget\" data-widget_type=\"text-editor.default\">\n<div class=\"elementor-widget-container\">\n<p>De nombreuses personnes choisissent d'acheter du GHB sur Internet, bien que cela ne soit souvent pas recommand\u00e9. Cela est d\u00fb au fait que de nombreux sites qui vendent ce produit peuvent \u00eatre frauduleux et qu'il est tr\u00e8s difficile de savoir si la substance vendue est authentique. De plus, il existe un grand nombre de sites qui vendent ce type de produits, il peut donc \u00eatre difficile de trouver les plus fiables.<\/p>\n<p>En outre, la plupart des pays ont interdit la vente et l'achat de GHB, et l'achat et la possession de GHB peuvent \u00eatre passibles de lourdes sanctions p\u00e9nales. Si vous d\u00e9cidez d'acheter du GHB, vous devez donc \u00eatre prudent et vous assurer que vous achetez un produit authentique et s\u00fbr.<\/p>\n<\/div>\n<\/div>","protected":false},"excerpt":{"rendered":"<p><strong>GHB cuit \u00e0 sec<\/strong> (acide gamma-hydroxybutyrique) est un compos\u00e9 chimique qui a des applications m\u00e9dicales, industrielles et scientifiques. Il est souvent appr\u00e9ci\u00e9 pour ses propri\u00e9t\u00e9s calmantes et myorelaxantes et constitue un objet de recherche central dans les neurosciences ainsi que dans les \u00e9tudes pharmacologiques.<\/p>\n<p><strong>Comment fonctionne le GHB ?<\/strong><br \/>\n<strong>GHB<\/strong> agit en activant deux r\u00e9cepteurs dans le cerveau :<\/p>\n<ul>\n<li><strong>R\u00e9cepteurs du GHB :<\/strong> Influencent l'activit\u00e9 neuronale et les processus m\u00e9taboliques.<\/li>\n<li><strong>R\u00e9cepteurs GABA-B :<\/strong> Responsable des effets relaxants et apaisants.<\/li>\n<\/ul>\n<p>Ces interactions entra\u00eenent une r\u00e9duction de l'activit\u00e9 neuronale, favorisent un sommeil profond et ont un effet anxiolytique. \u00c0 des doses plus \u00e9lev\u00e9es, le GHB agit comme un puissant s\u00e9datif.<\/p>\n<p><strong>Dur\u00e9e et effets :<\/strong><\/p>\n<ul>\n<li><strong>D\u00e9but de l'effet :<\/strong> 10-20 minutes apr\u00e8s l'ingestion.<\/li>\n<li><strong>Dur\u00e9e de l'effet :<\/strong> 1,5 \u00e0 4 heures, selon le dosage.<\/li>\n<li><strong>Effet industriel :<\/strong> Utilisation imm\u00e9diate comme nettoyant ou solvant chimique.<\/li>\n<\/ul>\n<p><strong>Formule et propri\u00e9t\u00e9s<\/strong><\/p>\n<ul>\n<li><strong>Nom chimique :<\/strong> Acide gamma-hydroxybutyrique<\/li>\n<li><strong>Formule mol\u00e9culaire :<\/strong> C4H8O3<\/li>\n<li><strong>Poids mol\u00e9culaire :<\/strong> 104,10 g\/mol<\/li>\n<\/ul>","protected":false},"featured_media":1627,"comment_status":"open","ping_status":"closed","template":"","meta":{"_joinchat":[]},"product_brand":[],"product_cat":[32,34,36,246],"product_tag":[281,294,297,300,288,289,299,295,293,286,285,301,284,298,290,291,303,296,282,305,292,304,287,80,75,280,283,302],"class_list":{"0":"post-624","1":"product","2":"type-product","3":"status-publish","4":"has-post-thumbnail","6":"product_cat-uncategorized","7":"product_cat-ghb","8":"product_cat-ko-drops","9":"product_cat-sex-meth","10":"product_tag-gamma-hydroxybutyrat","11":"product_tag-ghb-anwendungen","12":"product_tag-ghb-chemikalie","13":"product_tag-ghb-fuer-apotheken","14":"product_tag-ghb-fuer-forschung","15":"product_tag-ghb-fuer-industrielle-anwendungen","16":"product_tag-ghb-fuer-labore","17":"product_tag-ghb-fuer-medizinische-zwecke","18":"product_tag-ghb-lagerung","19":"product_tag-ghb-legal-kaufen","20":"product_tag-ghb-lieferant","21":"product_tag-ghb-lieferant-weltweit","22":"product_tag-ghb-preis","23":"product_tag-ghb-pulver-dosierung","24":"product_tag-ghb-pulver-eu","25":"product_tag-ghb-pulver-grosshandel","26":"product_tag-ghb-pulver-guenstig-kaufen","27":"product_tag-ghb-pulver-in-deutschland-kaufen","28":"product_tag-ghb-pulver-kaufen","29":"product_tag-ghb-pulver-reinheit","30":"product_tag-ghb-sicherheitsrichtlinien","31":"product_tag-ghb-vertrieb","32":"product_tag-ghb-zum-verkauf","33":"product_tag-ghb-pulver","34":"product_tag-ghb-pulver-online-kaufen","35":"product_tag-trocken-gekochtes-ghb","36":"product_tag-trockenes-ghb-bestellen","37":"product_tag-wo-ghb-pulver-kaufen","39":"first","40":"instock","41":"shipping-taxable","42":"purchasable","43":"product-type-variable"},"yoast_head":"<!-- This site is optimized with the Yoast SEO plugin v25.4 - https:\/\/yoast.com\/wordpress\/plugins\/seo\/ -->\n<title>Trocken Gekochtes GHB 500 Gram online -Trocken Gekochtes ghb<\/title>\n<meta name=\"description\" content=\"Wenn Sie trocken gekochtes GHB (500 Gramm) online kaufen m\u00f6chten und einen zuverl\u00e4ssigen Online-Shop suchen, sind Sie hier genau richtig. Wir bieten ausschlie\u00dflich hochwertiges trocken gekochtes GHB (500 Gramm) zu einem g\u00fcnstigen Preis an. Bestellen Sie GHB jetzt!\" \/>\n<meta name=\"robots\" content=\"index, follow, max-snippet:-1, max-image-preview:large, max-video-preview:-1\" \/>\n<link rel=\"canonical\" href=\"https:\/\/gblexpress.com\/fr\/produit-2\/sec-cuit-ghb-500-gram\/\" \/>\n<meta property=\"og:locale\" content=\"fr_FR\" \/>\n<meta property=\"og:type\" content=\"article\" \/>\n<meta property=\"og:title\" content=\"Trocken Gekochtes GHB 500 Gram online -Trocken Gekochtes ghb\" \/>\n<meta property=\"og:description\" content=\"Wenn Sie trocken gekochtes GHB (500 Gramm) online kaufen m\u00f6chten und einen zuverl\u00e4ssigen Online-Shop suchen, sind Sie hier genau richtig. Wir bieten ausschlie\u00dflich hochwertiges trocken gekochtes GHB (500 Gramm) zu einem g\u00fcnstigen Preis an. Bestellen Sie GHB jetzt!\" \/>\n<meta property=\"og:url\" content=\"https:\/\/gblexpress.com\/fr\/produit-2\/sec-cuit-ghb-500-gram\/\" \/>\n<meta property=\"og:site_name\" content=\"GBL Express\" \/>\n<meta property=\"article:modified_time\" content=\"2026-02-28T09:35:19+00:00\" \/>\n<meta property=\"og:image\" content=\"https:\/\/gblexpress.com\/wp-content\/uploads\/2023\/05\/Trocken-gekochtes-GHB.jpg\" \/>\n\t<meta property=\"og:image:width\" content=\"600\" \/>\n\t<meta property=\"og:image:height\" content=\"600\" \/>\n\t<meta property=\"og:image:type\" content=\"image\/jpeg\" \/>\n<meta name=\"twitter:card\" content=\"summary_large_image\" \/>\n<meta name=\"twitter:label1\" content=\"Dur\u00e9e de lecture estim\u00e9e\" \/>\n\t<meta name=\"twitter:data1\" content=\"3 minutes\" \/>\n<!-- \/ Yoast SEO plugin. -->","yoast_head_json":{"title":"GHB cuit \u00e0 sec 500 grammes en ligne - GHB cuit \u00e0 sec","description":"Si vous souhaitez acheter du GHB bouilli \u00e0 sec (500 grammes) en ligne et que vous recherchez une boutique en ligne fiable, vous \u00eates au bon endroit. Nous proposons uniquement du GHB cuit \u00e0 sec de haute qualit\u00e9 (500 grammes) \u00e0 un prix abordable. Commandez du GHB maintenant !","robots":{"index":"index","follow":"follow","max-snippet":"max-snippet:-1","max-image-preview":"max-image-preview:large","max-video-preview":"max-video-preview:-1"},"canonical":"https:\/\/gblexpress.com\/fr\/produit-2\/sec-cuit-ghb-500-gram\/","og_locale":"fr_FR","og_type":"article","og_title":"Trocken Gekochtes GHB 500 Gram online -Trocken Gekochtes ghb","og_description":"Wenn Sie trocken gekochtes GHB (500 Gramm) online kaufen m\u00f6chten und einen zuverl\u00e4ssigen Online-Shop suchen, sind Sie hier genau richtig. Wir bieten ausschlie\u00dflich hochwertiges trocken gekochtes GHB (500 Gramm) zu einem g\u00fcnstigen Preis an. Bestellen Sie GHB jetzt!","og_url":"https:\/\/gblexpress.com\/fr\/produit-2\/sec-cuit-ghb-500-gram\/","og_site_name":"GBL Express","article_modified_time":"2026-02-28T09:35:19+00:00","og_image":[{"width":600,"height":600,"url":"https:\/\/gblexpress.com\/wp-content\/uploads\/2023\/05\/Trocken-gekochtes-GHB.jpg","type":"image\/jpeg"}],"twitter_card":"summary_large_image","twitter_misc":{"Dur\u00e9e de lecture estim\u00e9e":"3 minutes"},"schema":{"@context":"https:\/\/schema.org","@graph":[{"@type":"WebPage","@id":"https:\/\/gblexpress.com\/product\/trocken-gekochtes-ghb-500-gram\/","url":"https:\/\/gblexpress.com\/product\/trocken-gekochtes-ghb-500-gram\/","name":"GHB cuit \u00e0 sec 500 grammes en ligne - GHB cuit \u00e0 sec","isPartOf":{"@id":"https:\/\/gblexpress.com\/#website"},"primaryImageOfPage":{"@id":"https:\/\/gblexpress.com\/product\/trocken-gekochtes-ghb-500-gram\/#primaryimage"},"image":{"@id":"https:\/\/gblexpress.com\/product\/trocken-gekochtes-ghb-500-gram\/#primaryimage"},"thumbnailUrl":"https:\/\/gblexpress.com\/wp-content\/uploads\/2023\/05\/Trocken-gekochtes-GHB.jpg","datePublished":"2023-05-31T13:26:05+00:00","dateModified":"2026-02-28T09:35:19+00:00","description":"Si vous souhaitez acheter du GHB bouilli \u00e0 sec (500 grammes) en ligne et que vous recherchez une boutique en ligne fiable, vous \u00eates au bon endroit. Nous proposons uniquement du GHB cuit \u00e0 sec de haute qualit\u00e9 (500 grammes) \u00e0 un prix abordable. Commandez du GHB maintenant !","breadcrumb":{"@id":"https:\/\/gblexpress.com\/product\/trocken-gekochtes-ghb-500-gram\/#breadcrumb"},"inLanguage":"fr-FR","potentialAction":[{"@type":"ReadAction","target":["https:\/\/gblexpress.com\/product\/trocken-gekochtes-ghb-500-gram\/"]}]},{"@type":"ImageObject","inLanguage":"fr-FR","@id":"https:\/\/gblexpress.com\/product\/trocken-gekochtes-ghb-500-gram\/#primaryimage","url":"https:\/\/gblexpress.com\/wp-content\/uploads\/2023\/05\/Trocken-gekochtes-GHB.jpg","contentUrl":"https:\/\/gblexpress.com\/wp-content\/uploads\/2023\/05\/Trocken-gekochtes-GHB.jpg","width":600,"height":600,"caption":"Trocken-gekochtes-GHB online kaufen"},{"@type":"BreadcrumbList","@id":"https:\/\/gblexpress.com\/product\/trocken-gekochtes-ghb-500-gram\/#breadcrumb","itemListElement":[{"@type":"ListItem","position":1,"name":"Home","item":"https:\/\/gblexpress.com\/"},{"@type":"ListItem","position":2,"name":"Shop","item":"https:\/\/gblexpress.com\/shop\/"},{"@type":"ListItem","position":3,"name":"Trocken gekochtes GHB 500 Gram Online Kaufen"}]},{"@type":"WebSite","@id":"https:\/\/gblexpress.com\/#website","url":"https:\/\/gblexpress.com\/","name":"GBL Express","description":"","publisher":{"@id":"https:\/\/gblexpress.com\/#organization"},"potentialAction":[{"@type":"SearchAction","target":{"@type":"EntryPoint","urlTemplate":"https:\/\/gblexpress.com\/?s={search_term_string}"},"query-input":{"@type":"PropertyValueSpecification","valueRequired":true,"valueName":"search_term_string"}}],"inLanguage":"fr-FR"},{"@type":"Organization","@id":"https:\/\/gblexpress.com\/#organization","name":"GBL Express","url":"https:\/\/gblexpress.com\/","logo":{"@type":"ImageObject","inLanguage":"fr-FR","@id":"https:\/\/gblexpress.com\/#\/schema\/logo\/image\/","url":"https:\/\/gblexpress.com\/wp-content\/uploads\/2023\/01\/logo.png","contentUrl":"https:\/\/gblexpress.com\/wp-content\/uploads\/2023\/01\/logo.png","width":250,"height":52,"caption":"GBL Express"},"image":{"@id":"https:\/\/gblexpress.com\/#\/schema\/logo\/image\/"}}]}},"jetpack-related-posts":[],"jetpack_sharing_enabled":true,"_links":{"self":[{"href":"https:\/\/gblexpress.com\/fr\/wp-json\/wp\/v2\/product\/624","targetHints":{"allow":["GET"]}}],"collection":[{"href":"https:\/\/gblexpress.com\/fr\/wp-json\/wp\/v2\/product"}],"about":[{"href":"https:\/\/gblexpress.com\/fr\/wp-json\/wp\/v2\/types\/product"}],"replies":[{"embeddable":true,"href":"https:\/\/gblexpress.com\/fr\/wp-json\/wp\/v2\/comments?post=624"}],"wp:featuredmedia":[{"embeddable":true,"href":"https:\/\/gblexpress.com\/fr\/wp-json\/wp\/v2\/media\/1627"}],"wp:attachment":[{"href":"https:\/\/gblexpress.com\/fr\/wp-json\/wp\/v2\/media?parent=624"}],"wp:term":[{"taxonomy":"product_brand","embeddable":true,"href":"https:\/\/gblexpress.com\/fr\/wp-json\/wp\/v2\/product_brand?post=624"},{"taxonomy":"product_cat","embeddable":true,"href":"https:\/\/gblexpress.com\/fr\/wp-json\/wp\/v2\/product_cat?post=624"},{"taxonomy":"product_tag","embeddable":true,"href":"https:\/\/gblexpress.com\/fr\/wp-json\/wp\/v2\/product_tag?post=624"}],"curies":[{"name":"wp","href":"https:\/\/api.w.org\/{rel}","templated":true}]}}