{"id":422,"date":"2023-01-31T08:56:25","date_gmt":"2023-01-31T08:56:25","guid":{"rendered":"https:\/\/chemswell.com\/gbl\/?page_id=422"},"modified":"2024-06-07T10:20:31","modified_gmt":"2024-06-07T10:20:31","slug":"ko-cseppek","status":"publish","type":"page","link":"https:\/\/gblexpress.com\/hu\/ko-cseppek\/","title":{"rendered":"V\u00e1s\u00e1roljon KO cseppeket online"},"content":{"rendered":"<section class=\"wpb_row vc_row-fluid vc_custom_1675150671160\"><div class=\"container\"><div class=\"row\"><div class=\"wpb_column vc_column_container vc_col-sm-12\"><div class=\"vc_column-inner\"><div class=\"wpb_wrapper\"  >\n\t<div class=\"wpb_text_column wpb_content_element\" >\n\t\t<div class=\"wpb_wrapper\">\n\t\t\t<h2 style=\"text-align: center; font-size: 30px;\">V\u00c1S\u00c1ROLJON KO ED\u00c9NYEKET ONLINE<\/h2>\n<h3 style=\"text-align: center;\">V\u00e1s\u00e1roljon 100%-ban tiszta KO cseppeket online a GBLExpressen<\/h3>\n<p style=\"text-align: center; font-size: 19px;\">A KO Drops hat\u00e9kony \u00e9s megfizethet\u0151 m\u00f3dja az eg\u00e9szs\u00e9gi \u00e1llapot jav\u00edt\u00e1s\u00e1nak. Ezeket KO cseppeknek h\u00edvj\u00e1k, mert \u00fagy fejtik ki hat\u00e1sukat, hogy feloldj\u00e1k az art\u00e9ri\u00e1kat elz\u00e1r\u00f3 kalciumot. A knockout cseppek alv\u00e1s k\u00f6zbeni haszn\u00e1lat\u00e1val jav\u00edthatja kering\u00e9s\u00e9t \u00e9s \u00e1ltal\u00e1nos eg\u00e9szs\u00e9gi \u00e1llapot\u00e1t. A KO Drops haszn\u00e1lat\u00e1nak sz\u00e1mos el\u0151nye van, ez\u00e9rt fontos, hogy olyan megb\u00edzhat\u00f3 forr\u00e1sb\u00f3l v\u00e1s\u00e1rolja meg \u0151ket, mint a GBL Express. Online \u00e1ruh\u00e1zunk seg\u00edt \u00d6nnek a legkedvez\u0151bb \u00e1ron rendelni online ki\u00fct\u00e9ses cseppeket. \u00dczlet\u00fcnk t\u00e1mogat\u00e1s\u00e1val nem kell agg\u00f3dnia, hogy hol van <a href=\"https:\/\/gblexpress.com\/hu\/ko-cseppek\/\"><strong>V\u00e1s\u00e1rl\u00e1s Knockout Drops<\/strong><\/a> tud.<\/p>\n\n\t\t<\/div>\n\t<\/div>\n<div class=\"vc_btn3-container vc_btn3-center\" ><a class=\"vc_general vc_btn3 vc_btn3-size-md vc_btn3-shape-square vc_btn3-style-modern vc_btn3-color-black\" href=\"https:\/\/gblexpress.com\/hu\/shop\/ko-cseppek-vasarlas-online\/\" title=\"\">V\u00e1s\u00e1roljon most<\/a><\/div><\/div><\/div><\/div><\/div><\/div><\/section><section class=\"wpb_row vc_row-fluid vc_custom_1675104750211\"><div class=\"container\"><div class=\"row\"><div class=\"wpb_column vc_column_container vc_col-sm-6\"><div class=\"vc_column-inner\"><div class=\"wpb_wrapper\"  >\n\t<div class=\"wpb_text_column wpb_content_element\" >\n\t\t<div class=\"wpb_wrapper\">\n\t\t\t<h2 style=\"text-align: justify;\">V\u00e1s\u00e1roljon KO cseppeket online v\u00e9ny n\u00e9lk\u00fcl<\/h2>\n<p style=\"text-align: justify;\">A Knockout Drops egyre n\u00e9pszer\u0171bb term\u00e9k, amely t\u00f6bbf\u00e9le c\u00e9lra haszn\u00e1lhat\u00f3. Ezek az er\u0151s cseppek seg\u00edthetnek ellazulni, jobban aludni, s\u0151t cs\u00f6kkentik a stresszt \u00e9s a szorong\u00e1st. De hol lehet KO cseppeket online v\u00e1s\u00e1rolni v\u00e9ny n\u00e9lk\u00fcl? A v\u00e1lasz GBL Express. A GBL Expressn\u00e9l gyorsan \u00e9s biztons\u00e1gosan v\u00e1s\u00e1rolhat Knockout Drops-t online.<\/p>\n<h2 style=\"text-align: justify;\">A knockout dropok haszn\u00e1lata \u00e9s hat\u00e9konys\u00e1ga<\/h2>\n<p style=\"text-align: justify;\">Az alv\u00e1s kulcsfontoss\u00e1g\u00fa az \u00e1ltal\u00e1nos j\u00f3l\u00e9t szempontj\u00e1b\u00f3l, \u00e9s id\u0151nk\u00e9nt neh\u00e9zkes lehet. Szerencs\u00e9re sz\u00e1mos lehet\u0151s\u00e9g \u00e1ll rendelkez\u00e9sre, amelyek seg\u00edtenek a megfelel\u0151 alv\u00e1sban. A Knockout Drops egy ilyen lehet\u0151s\u00e9g \u2013 el\u0151seg\u00edti az alv\u00e1st az\u00e1ltal, hogy blokkol bizonyos, \u00e1lmatlans\u00e1got okoz\u00f3 hormonokat. A Knockout Drops sz\u00e1mos m\u00f3don megv\u00e1s\u00e1rolhat\u00f3 online. A KO cseppeket online v\u00e1s\u00e1rolhatja meg egy cseppk\u00e9nt vagy hat vagy t\u00f6bb cseppet tartalmaz\u00f3 kiszerel\u00e9sben. Ezenk\u00edv\u00fcl sz\u00e1mos kisboltban \u00e9s gy\u00f3gyszert\u00e1rban tal\u00e1lhat Knockout Drops-t.<\/p>\n\n\t\t<\/div>\n\t<\/div>\n\t\t\t\n\t<!-- Element: OT Button --> \n\t\t\t<a href=\"https:\/\/gblexpress.com\/hu\/shop\/ko-cseppek-vasarlas-online\/\" target=\"_self\" class=\"btn btn-line-black btn-big\">V\u00e1s\u00e1roljon most<\/a>\n\t    \n<\/div><\/div><\/div><div class=\"wpb_column vc_column_container vc_col-sm-6\"><div class=\"vc_column-inner\"><div class=\"wpb_wrapper\"  >\n\t<div  class=\"wpb_single_image wpb_content_element vc_align_left\">\n\t\t\n\t\t<figure class=\"wpb_wrapper vc_figure\">\n\t\t\t<div class=\"vc_single_image-wrapper vc_box_rounded  vc_box_border_grey\"><img loading=\"lazy\" decoding=\"async\" width=\"615\" height=\"615\" src=\"https:\/\/gblexpress.com\/wp-content\/uploads\/2023\/01\/buy-knockout-drops-online.jpg\" class=\"vc_single_image-img attachment-full\" alt=\"V\u00e1s\u00e1roljon Knockout Drops online\" srcset=\"https:\/\/gblexpress.com\/wp-content\/uploads\/2023\/01\/buy-knockout-drops-online.jpg 615w, https:\/\/gblexpress.com\/wp-content\/uploads\/2023\/01\/buy-knockout-drops-online-300x300.jpg 300w, https:\/\/gblexpress.com\/wp-content\/uploads\/2023\/01\/buy-knockout-drops-online-150x150.jpg 150w\" sizes=\"auto, (max-width: 615px) 100vw, 615px\" title=\"V\u00e1s\u00e1roljon Knockout Drops online\" \/><\/div>\n\t\t<\/figure>\n\t<\/div>\n<\/div><\/div><\/div><\/div><\/div><\/section><section class=\"wpb_row vc_row-fluid\"><div class=\"container\"><div class=\"row\"><div class=\"wpb_column vc_column_container vc_col-sm-6\"><div class=\"vc_column-inner\"><div class=\"wpb_wrapper\"  >\n\t<div  class=\"wpb_single_image wpb_content_element vc_align_left\">\n\t\t\n\t\t<figure class=\"wpb_wrapper vc_figure\">\n\t\t\t<div class=\"vc_single_image-wrapper vc_box_rounded  vc_box_border_grey\"><img loading=\"lazy\" decoding=\"async\" width=\"615\" height=\"350\" src=\"https:\/\/gblexpress.com\/wp-content\/uploads\/2023\/01\/ko-drops.jpg\" class=\"vc_single_image-img attachment-full\" alt=\"KO Drops online v\u00e1s\u00e1rl\u00e1sa\" srcset=\"https:\/\/gblexpress.com\/wp-content\/uploads\/2023\/01\/ko-drops.jpg 615w, https:\/\/gblexpress.com\/wp-content\/uploads\/2023\/01\/ko-drops-300x171.jpg 300w\" sizes=\"auto, (max-width: 615px) 100vw, 615px\" title=\"KO Drops online v\u00e1s\u00e1rl\u00e1sa\" \/><\/div>\n\t\t<\/figure>\n\t<\/div>\n<\/div><\/div><\/div><div class=\"wpb_column vc_column_container vc_col-sm-6\"><div class=\"vc_column-inner vc_custom_1675105084996\"><div class=\"wpb_wrapper\"  >\n\t<div class=\"wpb_text_column wpb_content_element\" >\n\t\t<div class=\"wpb_wrapper\">\n\t\t\t<h2>Mi\u00e9rt v\u00e1s\u00e1roljon ki\u00fct\u00e9ses cseppeket online t\u0151l\u00fcnk?<\/h2>\n<p style=\"text-align: justify;\">Ha az eg\u00e9szs\u00e9g\u00fcgyr\u0151l van sz\u00f3, a legjobbakban kell b\u00edznia. Ez\u00e9rt garant\u00e1lt min\u0151s\u00e9gi \u00f6sszetev\u0151ket k\u00edn\u00e1lunk a Knockout Drops minden t\u00e9tel\u00e9ben. Emellett \u00e1tfog\u00f3 term\u00e9kk\u00edn\u00e1lattal is rendelkez\u00fcnk, amelyek t\u00f6k\u00e9letesen megfelelnek az \u00d6n ig\u00e9nyeinek, legyenek azok b\u00e1rmilyenek is. R\u00e1ad\u00e1sul gyors kisz\u00e1ll\u00edt\u00e1sunk azt jelenti, hogy gyorsan megkapja a cseppjeit \u2013 nincs v\u00e1rakoz\u00e1s!<\/p>\n<p style=\"text-align: justify;\">Ha b\u00e1rmilyen okb\u00f3l nem el\u00e9gedett term\u00e9keinkkel, 100%-os el\u00e9gedetts\u00e9gi garanci\u00e1t v\u00e1llalunk. R\u00e1ad\u00e1sul biztons\u00e1gos fizet\u00e9si lehet\u0151s\u00e9geink megk\u00f6nny\u00edtik a Knockout Drops gondtalan v\u00e1s\u00e1rl\u00e1s\u00e1t. V\u00e9g\u00fcl a diszkr\u00e9t csomagol\u00e1sunk azt jelenti, hogy a Knockout Drops-ot b\u00e1rhov\u00e1 mag\u00e1val viheti an\u00e9lk\u00fcl, hogy b\u00e1rki megtudn\u00e1. V\u00e1s\u00e1roljon v\u00e9ny n\u00e9lk\u00fcl kaphat\u00f3 KO cseppeket a GBL Express-t\u0151l most!<\/p>\n\n\t\t<\/div>\n\t<\/div>\n\t\t\t\n\t<!-- Element: OT Button --> \n\t\t\t<a href=\"https:\/\/gblexpress.com\/hu\/shop\/ko-cseppek-vasarlas-online\/\" target=\"_self\" class=\"btn btn-line-black btn-big\">V\u00e1s\u00e1roljon most<\/a>\n\t    \n<\/div><\/div><\/div><\/div><\/div><\/section><section class=\"wpb_row vc_row-fluid\"><div class=\"container\"><div class=\"row\"><div class=\"wpb_column vc_column_container vc_col-sm-12\"><div class=\"vc_column-inner\"><div class=\"wpb_wrapper\"  >\n\t<div class=\"wpb_text_column wpb_content_element\" >\n\t\t<div class=\"wpb_wrapper\">\n\t\t\t<h2 style=\"text-align: center;\">Mit csin\u00e1lnak a ki\u00fct\u00e9ses cseppek?<\/h2>\n<p style=\"text-align: center;\">Ha m\u00f3dot keres az energia \u00e9s a f\u00f3kusz n\u00f6vel\u00e9s\u00e9re, akkor KO cseppeket kell rendelnie. Ezek a cseppek term\u00e9szetes \u00f6sszetev\u0151kb\u0151l k\u00e9sz\u00fclnek, \u00e9s hat\u00e9konynak bizonyultak az energia \u00e9s a f\u00f3kusz fokoz\u00e1s\u00e1ban. Vil\u00e1gszerte el\u00e9rhet\u0151ek, \u00edgy nagyszer\u0171 v\u00e1laszt\u00e1s lehet mindazok sz\u00e1m\u00e1ra, akik \u00fatk\u00f6zben energiafelt\u00f6lt\u00e9sre v\u00e1gynak. Sz\u00e1mos alternat\u00edva l\u00e9tezik a knockout cseppek haszn\u00e1lat\u00e1ra, bele\u00e9rtve a koffeintartalm\u00fa italok iv\u00e1s\u00e1t vagy a koffeintartalm\u00fa \u00e9telek, p\u00e9ld\u00e1ul a csokol\u00e1d\u00e9 vagy a szeletek fogyaszt\u00e1s\u00e1t.<\/p>\n\n\t\t<\/div>\n\t<\/div>\n<\/div><\/div><\/div><\/div><\/div><\/section><section class=\"wpb_row vc_row-fluid\"><div class=\"container\"><div class=\"row\"><div class=\"wpb_column vc_column_container vc_col-sm-12\"><div class=\"vc_column-inner\"><div class=\"wpb_wrapper\"  >\n\t<div class=\"wpb_text_column wpb_content_element\" >\n\t\t<div class=\"wpb_wrapper\">\n\t\t\t<h3 style=\"text-align: justify;\">Gyakori anyagok a KO cseppekben<\/h3>\n<p style=\"text-align: justify;\">Az elad\u00f3 KO cseppek k\u00fcl\u00f6nf\u00e9le nyugtat\u00f3kat tartalmazhatnak, amelyek k\u00f6z\u00fcl n\u00e9h\u00e1ny a leggyakoribb:<\/p>\n<p style=\"text-align: justify;\">1. GHB (gamma-hidroxi-butir\u00e1t): Gyakran \u201eki\u00fct\u0151 cseppk\u00e9nt\u201d emlegetett GHB egy k\u00f6zponti idegrendszeri depressz\u00e1ns, amely \u00e1lmoss\u00e1got, eszm\u00e9letveszt\u00e9st \u00e9s mem\u00f3riaveszt\u00e9st okozhat.<\/p>\n<p style=\"text-align: justify;\">2. Rohypnol (flunitrazepam): Egy m\u00e1sik h\u00edrhedt ki\u00fct\u00e9si gy\u00f3gyszer, a Rohypnol egy benzodiazepin, amely m\u00e9ly szed\u00e1ci\u00f3t, izomlazul\u00e1st \u00e9s amn\u00e9zi\u00e1t okoz.<\/p>\n<p style=\"text-align: justify;\">3. Kl\u00f3rhidr\u00e1t: Nyugtat\u00f3 \u00e9s altat\u00f3, amelyet egykor \u00e1lmatlans\u00e1g kezel\u00e9s\u00e9re haszn\u00e1ltak, de ma m\u00e1r ink\u00e1bb az egy\u00e9nek \u00e9rz\u00e9stelen\u00edt\u00e9s\u00e9re val\u00f3 vissza\u00e9l\u00e9s\u00e9r\u0151l ismert.<\/p>\n<p style=\"text-align: justify;\">Ne habozzon kapcsolatba l\u00e9pni web\u00e1ruh\u00e1zunkkal, hogy v\u00e1s\u00e1roljon KO cseppeket online!<\/p>\n<h3 style=\"text-align: justify;\">Hat\u00e1sok \u00e9s kock\u00e1zatok<\/h3>\n<p style=\"text-align: justify;\">Ha online v\u00e1s\u00e1rol KO cseppeket, a hat\u00e1s a felhaszn\u00e1lt anyagt\u00f3l, az adagt\u00f3l \u00e9s a szem\u00e9ly fiziol\u00f3gi\u00e1j\u00e1t\u00f3l f\u00fcgg\u0151en v\u00e1ltozik. A gyakori hat\u00e1sok a k\u00f6vetkez\u0151k:<\/p>\n<p style=\"text-align: justify;\">\u25cf Nyugtat\u00e1s \u00e9s \u00e1lmoss\u00e1g: A KO Drops er\u0151s nyugtat\u00f3k, amelyek rendk\u00edv\u00fcl \u00e1lmoss\u00e1 vagy eszm\u00e9letlenn\u00e9 tehetik az embereket.<\/p>\n<p style=\"text-align: justify;\">\u25cf Mem\u00f3riaveszt\u00e9s: Ezen anyagok k\u00f6z\u00fcl sok r\u00e9szleges vagy teljes amn\u00e9zi\u00e1t okozhat, ami megnehez\u00edti az emberek sz\u00e1m\u00e1ra, hogy eml\u00e9kezzenek azokra az esem\u00e9nyekre, amelyek az anyag hat\u00e1sa alatt t\u00f6rt\u00e9ntek.<\/p>\n<p style=\"text-align: justify;\">\u25cf A motoros kontroll elveszt\u00e9se: Ezek a gy\u00f3gyszerek befoly\u00e1solhatj\u00e1k a koordin\u00e1ci\u00f3t \u00e9s a motoros funkci\u00f3kat, megnehez\u00edtve a szem\u00e9ly mozg\u00e1s\u00e1t vagy ellen\u00e1ll\u00e1s\u00e1t.<\/p>\n<p style=\"text-align: justify;\">A KO Drops online haszn\u00e1lat\u00e1hoz kapcsol\u00f3d\u00f3 kock\u00e1zatok jelent\u0151sek. Ezen anyagok t\u00faladagol\u00e1sa s\u00falyos l\u00e9gz\u00e9sdepresszi\u00f3hoz, k\u00f3m\u00e1hoz \u00e9s ak\u00e1r hal\u00e1lhoz is vezethet. Ezen t\u00falmen\u0151en, b\u0171ncselekm\u00e9nyekben, p\u00e9ld\u00e1ul szexu\u00e1lis zaklat\u00e1sban vagy rabl\u00e1sban val\u00f3 felhaszn\u00e1l\u00e1suk komoly vesz\u00e9lyt jelent a k\u00f6zbiztons\u00e1gra.<\/p>\n<h3 style=\"text-align: justify;\">Megel\u0151z\u0151 \u00e9s biztons\u00e1gi int\u00e9zked\u00e9sek<\/h3>\n<p style=\"text-align: justify;\">Ahhoz, hogy megv\u00e9dje mag\u00e1t a KO Drops vesz\u00e9lyeit\u0151l, fontos, hogy:<\/p>\n<p style=\"text-align: justify;\">\u25cf Maradjon \u00e9ber: Legyen tiszt\u00e1ban a k\u00f6rnyezet\u00e9vel, k\u00fcl\u00f6n\u00f6sen olyan k\u00f6z\u00f6ss\u00e9gi helyeken, mint a b\u00e1rok \u00e9s klubok.<\/p>\n<p style=\"text-align: justify;\">\u25cf Vigy\u00e1zzon az ital\u00e1ra: Soha ne hagyja fel\u00fcgyelet n\u00e9lk\u00fcl az ital\u00e1t, \u00e9s legyen \u00f3vatos, amikor idegenekt\u0151l fogad el italt.<br \/>\n\u25cf Azonnal k\u00e9rjen seg\u00edts\u00e9get: Ha azt gyan\u00edtja, hogy \u00d6n vagy valaki m\u00e1s k\u00e1b\u00edt\u00f3szert kapott, azonnal forduljon orvoshoz, \u00e9s \u00e9rtes\u00edtse a rend\u0151rs\u00e9get.<\/p>\n\n\t\t<\/div>\n\t<\/div>\n<\/div><\/div><\/div><\/div><\/div><\/section><section class=\"wpb_row vc_row-fluid vc_custom_1675105544557\"><div class=\"container\"><div class=\"row\"><div class=\"wpb_column vc_column_container vc_col-sm-4\"><div class=\"vc_column-inner\"><div class=\"wpb_wrapper\"  >\n\t<div  class=\"wpb_single_image wpb_content_element vc_align_center\">\n\t\t\n\t\t<figure class=\"wpb_wrapper vc_figure\">\n\t\t\t<a href=\"https:\/\/gblexpress.com\/hu\/gbl\/\" target=\"_self\" class=\"vc_single_image-wrapper vc_box_rounded  vc_box_border_grey\"><img loading=\"lazy\" decoding=\"async\" width=\"615\" height=\"350\" src=\"https:\/\/gblexpress.com\/wp-content\/uploads\/2023\/01\/gbl-liquid.jpg\" class=\"vc_single_image-img attachment-full\" alt=\"Gamma-butirolakton GBL Online v\u00e1s\u00e1rl\u00e1s\" srcset=\"https:\/\/gblexpress.com\/wp-content\/uploads\/2023\/01\/gbl-liquid.jpg 615w, https:\/\/gblexpress.com\/wp-content\/uploads\/2023\/01\/gbl-liquid-300x171.jpg 300w\" sizes=\"auto, (max-width: 615px) 100vw, 615px\" title=\"Gamma-butirolakton GBL Online v\u00e1s\u00e1rl\u00e1s\" \/><\/a>\n\t\t<\/figure>\n\t<\/div>\n<h3 style=\"text-align: left\" class=\"vc_custom_heading\" ><a href=\"https:\/\/gblexpress.com\/hu\/gbl\/\">V\u00e1s\u00e1roljon GBL-t online<\/a><\/h3>\n\t<div class=\"wpb_text_column wpb_content_element\" >\n\t\t<div class=\"wpb_wrapper\">\n\t\t\t<p style=\"text-align: justify;\">A GBL Express \u00e9vtizedek \u00f3ta foglalkozik GBL gy\u00f3gyszerekkel, \u00e9s meg\u00e9rti a vil\u00e1g minden t\u00e1j\u00e1r\u00f3l \u00e9rkez\u0151 v\u00e1s\u00e1rl\u00f3k ig\u00e9nyeit. Itt k\u00f6nnyen megv\u00e1s\u00e1rolhatja a GBL-t recept n\u00e9lk\u00fcl.<\/p>\n\n\t\t<\/div>\n\t<\/div>\n<\/div><\/div><\/div><div class=\"wpb_column vc_column_container vc_col-sm-4\"><div class=\"vc_column-inner\"><div class=\"wpb_wrapper\"  >\n\t<div  class=\"wpb_single_image wpb_content_element vc_align_center\">\n\t\t\n\t\t<figure class=\"wpb_wrapper vc_figure\">\n\t\t\t<a href=\"https:\/\/gblexpress.com\/hu\/ritalin\/\" target=\"_self\" class=\"vc_single_image-wrapper vc_box_rounded  vc_box_border_grey\"><img loading=\"lazy\" decoding=\"async\" width=\"615\" height=\"350\" src=\"https:\/\/gblexpress.com\/wp-content\/uploads\/2023\/01\/ritalin-tablets.jpg\" class=\"vc_single_image-img attachment-full\" alt=\"V\u00e1s\u00e1rl\u00e1s Ritalin tabletta online\" srcset=\"https:\/\/gblexpress.com\/wp-content\/uploads\/2023\/01\/ritalin-tablets.jpg 615w, https:\/\/gblexpress.com\/wp-content\/uploads\/2023\/01\/ritalin-tablets-300x171.jpg 300w\" sizes=\"auto, (max-width: 615px) 100vw, 615px\" title=\"V\u00e1s\u00e1rl\u00e1s Ritalin tabletta online\" \/><\/a>\n\t\t<\/figure>\n\t<\/div>\n<h3 style=\"text-align: left\" class=\"vc_custom_heading\" ><a href=\"https:\/\/gblexpress.com\/hu\/ritalin\/\">V\u00e1s\u00e1roljon Ritalint online<\/a><\/h3>\n\t<div class=\"wpb_text_column wpb_content_element\" >\n\t\t<div class=\"wpb_wrapper\">\n\t\t\t<p style=\"text-align: justify;\">Ha online Ritalint v\u00e1s\u00e1rol a GBLExpress-t\u0151l, \u00e9lvezheti a biztons\u00e1gos sz\u00e1ll\u00edt\u00e1st \u00e9s a versenyk\u00e9pes \u00e1rakat. Bejegyzett gy\u00f3gyszert\u00e1rk\u00e9nt garant\u00e1ljuk, hogy minden term\u00e9k\u00fcnk enged\u00e9lyezett ADHD-s betegek sz\u00e1m\u00e1ra.<\/p>\n\n\t\t<\/div>\n\t<\/div>\n<\/div><\/div><\/div><div class=\"wpb_column vc_column_container vc_col-sm-4\"><div class=\"vc_column-inner\"><div class=\"wpb_wrapper\"  >\n\t<div  class=\"wpb_single_image wpb_content_element vc_align_center\">\n\t\t\n\t\t<figure class=\"wpb_wrapper vc_figure\">\n\t\t\t<a href=\"https:\/\/gblexpress.com\/hu\/ghb\/\" target=\"_self\" class=\"vc_single_image-wrapper vc_box_rounded  vc_box_border_grey\"><img loading=\"lazy\" decoding=\"async\" width=\"615\" height=\"350\" src=\"https:\/\/gblexpress.com\/wp-content\/uploads\/2023\/01\/ghb-liquid.jpg\" class=\"vc_single_image-img attachment-full\" alt=\"Gamma-hidroxibutir\u00e1t (GHB) Online v\u00e1s\u00e1rl\u00e1s\" srcset=\"https:\/\/gblexpress.com\/wp-content\/uploads\/2023\/01\/ghb-liquid.jpg 615w, https:\/\/gblexpress.com\/wp-content\/uploads\/2023\/01\/ghb-liquid-300x171.jpg 300w\" sizes=\"auto, (max-width: 615px) 100vw, 615px\" title=\"Gamma-hidroxibutir\u00e1t (GHB) Online v\u00e1s\u00e1rl\u00e1s\" \/><\/a>\n\t\t<\/figure>\n\t<\/div>\n<h3 style=\"text-align: left\" class=\"vc_custom_heading\" ><a href=\"https:\/\/gblexpress.com\/hu\/ghb\/\">GHB Online v\u00e1s\u00e1rl\u00e1s<\/a><\/h3>\n\t<div class=\"wpb_text_column wpb_content_element\" >\n\t\t<div class=\"wpb_wrapper\">\n\t\t\t<p style=\"text-align: justify;\">\u00dczlet\u00fcnk el\u00e9rhet\u0151s\u00e9ge miatt nem kell agg\u00f3dnia, hogy hol v\u00e1s\u00e1rolhat GHB-t. Web\u00e1ruh\u00e1zunkban k\u00f6nnyen v\u00e1s\u00e1rolhat GHB-t v\u00e9ny n\u00e9lk\u00fcl.<\/p>\n\n\t\t<\/div>\n\t<\/div>\n<\/div><\/div><\/div><\/div><\/div><\/section><section class=\"wpb_row vc_row-fluid call-to-action text-light bg-color vc_custom_1675107688125\"><div class=\"container\"><div class=\"row\"><div class=\"wpb_column vc_column_container vc_col-sm-8\"><div class=\"vc_column-inner\"><div class=\"wpb_wrapper\"  ><h3 style=\"text-align: left\" class=\"vc_custom_heading mt20\" >K\u00e9rjen ingyenes \u00e1raj\u00e1nlatot term\u00e9keinkre!<\/h3><\/div><\/div><\/div><div class=\"wpb_column vc_column_container vc_col-sm-4\"><div class=\"vc_column-inner\"><div class=\"wpb_wrapper\"  >\t\t\t\n\t<!-- Element: OT Button 2 --> \n\t<a href=\"http:\/\/gblexpress.com\/hu\/lepjen-kapcsolatba-veluenk\/\" title=\"K\u00e9rjen most\" target=\" _blank\" class=\"btn btn-line btn-big mt10\">K\u00e9rjen most<\/a>\t\n<\/div><\/div><\/div><\/div><\/div><\/section>","protected":false},"excerpt":{"rendered":"KO CSEPPEK V\u00c1S\u00c1RL\u00c1SA ONLINE V\u00e1s\u00e1roljon 100 % tiszta KO cseppet online a GBLExpress-en A KO cseppek hat\u00e9kony \u00e9s megfizethet\u0151 m\u00f3dja az eg\u00e9szs\u00e9g\u00e9nek jav\u00edt\u00e1s\u00e1ra. Az\u00e9rt h\u00edvj\u00e1k KO cseppeknek, mert \u00fagy m\u0171k\u00f6dnek, hogy feloldj\u00e1k az art\u00e9ri\u00e1kat elz\u00e1r\u00f3 kalciumot. A KO cseppek haszn\u00e1lat\u00e1val alv\u00e1s k\u00f6zben jav\u00edthatja a kering\u00e9s\u00e9t \u00e9s a [...]","protected":false},"author":1,"featured_media":0,"parent":0,"menu_order":0,"comment_status":"closed","ping_status":"closed","template":"page-templates\/template-fullwidth.php","meta":{"_joinchat":[],"footnotes":""},"class_list":["post-422","page","type-page","status-publish","hentry"],"yoast_head":"<!-- This site is optimized with the Yoast SEO plugin v25.4 - https:\/\/yoast.com\/wordpress\/plugins\/seo\/ -->\n<title>KO Tropfen Online Kaufen - Knockout Tropfen Bestellen - KO Tropfen<\/title>\n<meta name=\"description\" content=\"Auf der Suche nach den besten Knockout-Tropfen zum Schlafen? Hier kannst du KO Tropfen kaufen, KO Tropfen kaufen, KO Tropfen online bestellen, KO Tropfen zum Verkauf.\" \/>\n<meta name=\"robots\" content=\"index, follow, max-snippet:-1, max-image-preview:large, max-video-preview:-1\" \/>\n<link rel=\"canonical\" href=\"https:\/\/gblexpress.com\/hu\/ko-cseppek\/\" \/>\n<meta property=\"og:locale\" content=\"hu_HU\" \/>\n<meta property=\"og:type\" content=\"article\" \/>\n<meta property=\"og:title\" content=\"KO Tropfen Online Kaufen - Knockout Tropfen Bestellen - KO Tropfen\" \/>\n<meta property=\"og:description\" content=\"Auf der Suche nach den besten Knockout-Tropfen zum Schlafen? Hier kannst du KO Tropfen kaufen, KO Tropfen kaufen, KO Tropfen online bestellen, KO Tropfen zum Verkauf.\" \/>\n<meta property=\"og:url\" content=\"https:\/\/gblexpress.com\/hu\/ko-cseppek\/\" \/>\n<meta property=\"og:site_name\" content=\"GBL Express\" \/>\n<meta property=\"article:modified_time\" content=\"2024-06-07T10:20:31+00:00\" \/>\n<meta name=\"twitter:card\" content=\"summary_large_image\" \/>\n<meta name=\"twitter:label1\" content=\"Becs\u00fclt olvas\u00e1si id\u0151\" \/>\n\t<meta name=\"twitter:data1\" content=\"5 perc\" \/>\n<!-- \/ Yoast SEO plugin. -->","yoast_head_json":{"title":"V\u00e1s\u00e1roljon KO Drops online - Knockout Drops rendel\u00e9s - KO Drops","description":"A legjobb ki\u00fct\u00e9ses cseppeket keresi alv\u00e1shoz? Itt v\u00e1s\u00e1rolhat KO cseppeket, v\u00e1s\u00e1roljon KO cseppeket, rendeljen KO cseppeket online, KO cseppek elad\u00f3.","robots":{"index":"index","follow":"follow","max-snippet":"max-snippet:-1","max-image-preview":"max-image-preview:large","max-video-preview":"max-video-preview:-1"},"canonical":"https:\/\/gblexpress.com\/hu\/ko-cseppek\/","og_locale":"hu_HU","og_type":"article","og_title":"KO Tropfen Online Kaufen - Knockout Tropfen Bestellen - KO Tropfen","og_description":"Auf der Suche nach den besten Knockout-Tropfen zum Schlafen? Hier kannst du KO Tropfen kaufen, KO Tropfen kaufen, KO Tropfen online bestellen, KO Tropfen zum Verkauf.","og_url":"https:\/\/gblexpress.com\/hu\/ko-cseppek\/","og_site_name":"GBL Express","article_modified_time":"2024-06-07T10:20:31+00:00","twitter_card":"summary_large_image","twitter_misc":{"Becs\u00fclt olvas\u00e1si id\u0151":"5 perc"},"schema":{"@context":"https:\/\/schema.org","@graph":[{"@type":"WebPage","@id":"https:\/\/gblexpress.com\/ko-tropfen\/","url":"https:\/\/gblexpress.com\/ko-tropfen\/","name":"V\u00e1s\u00e1roljon KO Drops online - Knockout Drops rendel\u00e9s - KO Drops","isPartOf":{"@id":"https:\/\/gblexpress.com\/#website"},"datePublished":"2023-01-31T08:56:25+00:00","dateModified":"2024-06-07T10:20:31+00:00","description":"A legjobb ki\u00fct\u00e9ses cseppeket keresi alv\u00e1shoz? Itt v\u00e1s\u00e1rolhat KO cseppeket, v\u00e1s\u00e1roljon KO cseppeket, rendeljen KO cseppeket online, KO cseppek elad\u00f3.","breadcrumb":{"@id":"https:\/\/gblexpress.com\/ko-tropfen\/#breadcrumb"},"inLanguage":"hu","potentialAction":[{"@type":"ReadAction","target":["https:\/\/gblexpress.com\/ko-tropfen\/"]}]},{"@type":"BreadcrumbList","@id":"https:\/\/gblexpress.com\/ko-tropfen\/#breadcrumb","itemListElement":[{"@type":"ListItem","position":1,"name":"Home","item":"https:\/\/gblexpress.com\/"},{"@type":"ListItem","position":2,"name":"KO Tropfen Kaufen Online"}]},{"@type":"WebSite","@id":"https:\/\/gblexpress.com\/#website","url":"https:\/\/gblexpress.com\/","name":"GBL Express","description":"","publisher":{"@id":"https:\/\/gblexpress.com\/#organization"},"potentialAction":[{"@type":"SearchAction","target":{"@type":"EntryPoint","urlTemplate":"https:\/\/gblexpress.com\/?s={search_term_string}"},"query-input":{"@type":"PropertyValueSpecification","valueRequired":true,"valueName":"search_term_string"}}],"inLanguage":"hu"},{"@type":"Organization","@id":"https:\/\/gblexpress.com\/#organization","name":"GBL Express","url":"https:\/\/gblexpress.com\/","logo":{"@type":"ImageObject","inLanguage":"hu","@id":"https:\/\/gblexpress.com\/#\/schema\/logo\/image\/","url":"https:\/\/gblexpress.com\/wp-content\/uploads\/2023\/01\/logo.png","contentUrl":"https:\/\/gblexpress.com\/wp-content\/uploads\/2023\/01\/logo.png","width":250,"height":52,"caption":"GBL Express"},"image":{"@id":"https:\/\/gblexpress.com\/#\/schema\/logo\/image\/"}}]}},"jetpack-related-posts":[],"jetpack_sharing_enabled":true,"_links":{"self":[{"href":"https:\/\/gblexpress.com\/hu\/wp-json\/wp\/v2\/pages\/422","targetHints":{"allow":["GET"]}}],"collection":[{"href":"https:\/\/gblexpress.com\/hu\/wp-json\/wp\/v2\/pages"}],"about":[{"href":"https:\/\/gblexpress.com\/hu\/wp-json\/wp\/v2\/types\/page"}],"author":[{"embeddable":true,"href":"https:\/\/gblexpress.com\/hu\/wp-json\/wp\/v2\/users\/1"}],"replies":[{"embeddable":true,"href":"https:\/\/gblexpress.com\/hu\/wp-json\/wp\/v2\/comments?post=422"}],"version-history":[{"count":6,"href":"https:\/\/gblexpress.com\/hu\/wp-json\/wp\/v2\/pages\/422\/revisions"}],"predecessor-version":[{"id":1056,"href":"https:\/\/gblexpress.com\/hu\/wp-json\/wp\/v2\/pages\/422\/revisions\/1056"}],"wp:attachment":[{"href":"https:\/\/gblexpress.com\/hu\/wp-json\/wp\/v2\/media?parent=422"}],"curies":[{"name":"wp","href":"https:\/\/api.w.org\/{rel}","templated":true}]}}